{"id":3706,"date":"2024-07-12T08:07:58","date_gmt":"2024-07-12T08:07:58","guid":{"rendered":"https:\/\/ufec-mundial.com\/?page_id=3706"},"modified":"2025-05-23T09:34:51","modified_gmt":"2025-05-23T09:34:51","slug":"escala-espiritual","status":"publish","type":"page","link":"https:\/\/nuevo-renacer.com\/en\/escala-espiritual\/","title":{"rendered":"Spiritual ladder"},"content":{"rendered":"<div class=\"wp-block-uagb-container uagb-block-2037325f alignfull uagb-is-root-container\"><div class=\"uagb-container-inner-blocks-wrap\">\n<p class=\"has-black-color has-text-color has-link-color has-medium-font-size wp-elements-22d75de7b46ff5dfa7a6b9c6184f34bd\"><strong>Spiritual ladder<\/strong><\/p>\n<\/div><\/div>\n\n\n\n<div class=\"wp-block-uagb-container uagb-block-47d81990 alignfull uagb-is-root-container\"><div class=\"uagb-container-inner-blocks-wrap\">\n<figure class=\"wp-block-image size-full\"><img fetchpriority=\"high\" decoding=\"async\" width=\"562\" height=\"480\" src=\"https:\/\/nuevo-renacer.com\/wp-content\/uploads\/2024\/07\/51_1230558gaby-grohovaz_die-treppe-zum-himmel.jpg\" alt=\"\" class=\"wp-image-3708\" srcset=\"https:\/\/nuevo-renacer.com\/wp-content\/uploads\/2024\/07\/51_1230558gaby-grohovaz_die-treppe-zum-himmel.jpg 562w, https:\/\/nuevo-renacer.com\/wp-content\/uploads\/2024\/07\/51_1230558gaby-grohovaz_die-treppe-zum-himmel-300x256.jpg 300w, https:\/\/nuevo-renacer.com\/wp-content\/uploads\/2024\/07\/51_1230558gaby-grohovaz_die-treppe-zum-himmel-14x12.jpg 14w\" sizes=\"(max-width: 562px) 100vw, 562px\" \/><\/figure>\n<\/div><\/div>\n\n\n\n<div class=\"wp-block-uagb-container uagb-block-bc6220d1 alignfull uagb-is-root-container\"><div class=\"uagb-container-inner-blocks-wrap\">\n<p class=\"has-black-color has-text-color has-link-color has-small-font-size wp-elements-9797cdc30802e515b72eb4cd976928a2\">The \"spiritual ladder\" according to Allan Kardec represents personal moral and intellectual development as a spirit.<\/p>\n\n\n\n<p class=\"has-black-color has-text-color has-link-color has-small-font-size wp-elements-4c1b5a1a3aa1b9673d9b8f99fe2765ad\">It is a categorisation that is neither final nor definitive. It is only a guide. We must realise that, as spirits, we are at different stages of our spiritual development. Therefore, the boundaries between classes and levels are fluid. The rules of categorisation are<\/p>\n\n\n\n<p class=\"has-black-color has-text-color has-link-color has-small-font-size wp-elements-7210be99c125327c65d4dce410146c0b\">The categorisation rules are:<\/p>\n<\/div><\/div>\n\n\n\n<div class=\"wp-block-uagb-container uagb-block-69d41778 alignfull uagb-is-root-container\"><div class=\"uagb-container-inner-blocks-wrap\">\n<ul class=\"wp-block-list\">\n<li class=\"has-black-color has-text-color has-link-color has-small-font-size wp-elements-d7b86d97ab8604630c23395eed6b8eca\"><strong>Degree of progress of the spirit<\/strong><\/li>\n\n\n\n<li class=\"has-black-color has-text-color has-link-color has-small-font-size wp-elements-9d89490f042749d038a8a4216004718a\"><strong>The qualities that the spirit has already achieved<\/strong><\/li>\n\n\n\n<li class=\"has-black-color has-text-color has-link-color has-small-font-size wp-elements-040fbba3b36b2da1361bf91d368caf26\"><strong>The imperfections it still has<\/strong><\/li>\n<\/ul>\n<\/div><\/div>\n\n\n\n<div class=\"wp-block-uagb-container uagb-block-600c4a3b alignfull uagb-is-root-container\"><div class=\"uagb-container-inner-blocks-wrap\">\n<p class=\"has-black-color has-text-color has-link-color has-small-font-size wp-elements-f0eba23533a7396e20c17ed6412c8213\">Here is the spiritual ladder.<\/p>\n\n\n\n<p class=\"has-black-color has-text-color has-link-color wp-elements-8d899afb7e555b5e5804cb8e0c5a49a7\"><strong>PURE SPIRITS (THE PURE SPIRIT)<\/strong><\/p>\n\n\n\n<p class=\"has-black-color has-text-color has-link-color has-small-font-size wp-elements-143a0cc830e0ef95b237321d36da5f68\">No longer influenced by matter. Unconditional intellectual and moral superiority. Messengers and servants of God. The highest degree of development and perfection (state of the \"Christ-spirit\") has been attained.<\/p>\n\n\n\n<p class=\"has-black-color has-text-color has-link-color has-small-font-size wp-elements-3c46298434323a9908df77dd56944751\">Humans can still make contact with them!<\/p>\n\n\n\n<p class=\"has-black-color has-text-color has-link-color wp-elements-73ee8d8e4be53fcfa96c24b26d565d53\"><strong>GOOD SPIRITS (THE GOOD SPIRIT)<\/strong><\/p>\n\n\n\n<p class=\"has-black-color has-text-color has-link-color has-small-font-size wp-elements-08a49e916b52c2aaebd212997161aa45\">They are dominated by the good. The spirit is elevated above matter, i.e. it is not materialistic. Some have superior knowledge, others wisdom and goodness. The more developed spirits combine knowledge with moral qualities. However, they still have trials. Above all, they strive for love and charity towards themselves and their fellow men.<\/p>\n\n\n\n<p class=\"has-black-color has-text-color has-link-color wp-elements-1d6e76bb4fb6f0a2f6933b623b48cda5\"><strong>IMPERFECT SPIRITS<\/strong><\/p>\n\n\n\n<p class=\"has-black-color has-text-color has-link-color has-small-font-size wp-elements-04d781a908a8bdeeff4937b9e325e065\">Dominance of the material over the spirit. Tendency to evil. Ignorance, arrogance, selfishness and the resulting bad qualities predominate.<\/p>\n<\/div><\/div>\n\n\n\n<div class=\"wp-block-uagb-container uagb-block-0e3d2133 alignfull uagb-is-root-container\"><div class=\"uagb-container-inner-blocks-wrap\"><\/div><\/div>\n\n\n\n<div class=\"wp-block-uagb-container uagb-block-81e0081c alignfull uagb-is-root-container\"><div class=\"uagb-container-inner-blocks-wrap\"><\/div><\/div>","protected":false},"excerpt":{"rendered":"<p>Escala espiritual La \u00abescala espiritual\u00bb seg\u00fan Allan Kardec representa el desarrollo moral e intelectual personal como esp\u00edritu. Es una categorizaci\u00f3n que no es definitiva ni final. Es s\u00f3lo una gu\u00eda. Debemos darnos cuenta de que, como esp\u00edritus, nos encontramos en diferentes etapas de nuestro desarrollo espiritual. Por lo tanto, los l\u00edmites entre las clases y [&hellip;]<\/p>","protected":false},"author":1,"featured_media":3708,"parent":0,"menu_order":0,"comment_status":"closed","ping_status":"closed","template":"","meta":{"_uag_custom_page_level_css":"","site-sidebar-layout":"default","site-content-layout":"","ast-site-content-layout":"default","site-content-style":"default","site-sidebar-style":"default","ast-global-header-display":"","ast-banner-title-visibility":"","ast-main-header-display":"","ast-hfb-above-header-display":"","ast-hfb-below-header-display":"","ast-hfb-mobile-header-display":"","site-post-title":"disabled","ast-breadcrumbs-content":"","ast-featured-img":"","footer-sml-layout":"","theme-transparent-header-meta":"","adv-header-id-meta":"","stick-header-meta":"","header-above-stick-meta":"","header-main-stick-meta":"","header-below-stick-meta":"","astra-migrate-meta-layouts":"set","ast-page-background-enabled":"default","ast-page-background-meta":{"desktop":{"background-color":"var(--ast-global-color-4)","background-image":"","background-repeat":"repeat","background-position":"center center","background-size":"auto","background-attachment":"scroll","background-type":"","background-media":"","overlay-type":"","overlay-color":"","overlay-opacity":"","overlay-gradient":""},"tablet":{"background-color":"","background-image":"","background-repeat":"repeat","background-position":"center center","background-size":"auto","background-attachment":"scroll","background-type":"","background-media":"","overlay-type":"","overlay-color":"","overlay-opacity":"","overlay-gradient":""},"mobile":{"background-color":"","background-image":"","background-repeat":"repeat","background-position":"center center","background-size":"auto","background-attachment":"scroll","background-type":"","background-media":"","overlay-type":"","overlay-color":"","overlay-opacity":"","overlay-gradient":""}},"ast-content-background-meta":{"desktop":{"background-color":"var(--ast-global-color-5)","background-image":"","background-repeat":"repeat","background-position":"center center","background-size":"auto","background-attachment":"scroll","background-type":"","background-media":"","overlay-type":"","overlay-color":"","overlay-opacity":"","overlay-gradient":""},"tablet":{"background-color":"var(--ast-global-color-5)","background-image":"","background-repeat":"repeat","background-position":"center center","background-size":"auto","background-attachment":"scroll","background-type":"","background-media":"","overlay-type":"","overlay-color":"","overlay-opacity":"","overlay-gradient":""},"mobile":{"background-color":"var(--ast-global-color-5)","background-image":"","background-repeat":"repeat","background-position":"center center","background-size":"auto","background-attachment":"scroll","background-type":"","background-media":"","overlay-type":"","overlay-color":"","overlay-opacity":"","overlay-gradient":""}},"footnotes":""},"class_list":["post-3706","page","type-page","status-publish","has-post-thumbnail","hentry"],"yoast_head":"<!-- This site is optimized with the Yoast SEO Premium plugin v24.2 (Yoast SEO v24.6) - https:\/\/yoast.com\/wordpress\/plugins\/seo\/ -->\n<title>Escala espiritual - Uni\u00f3n Esp\u00edrita<\/title>\n<meta name=\"robots\" content=\"index, follow, max-snippet:-1, max-image-preview:large, max-video-preview:-1\" \/>\n<link rel=\"canonical\" href=\"https:\/\/nuevo-renacer.com\/en\/escala-espiritual\/\" \/>\n<meta property=\"og:locale\" content=\"en_GB\" \/>\n<meta property=\"og:type\" content=\"article\" \/>\n<meta property=\"og:title\" content=\"Escala espiritual\" \/>\n<meta property=\"og:description\" content=\"Escala espiritual La \u00abescala espiritual\u00bb seg\u00fan Allan Kardec representa el desarrollo moral e intelectual personal como esp\u00edritu. Es una categorizaci\u00f3n que no es definitiva ni final. Es s\u00f3lo una gu\u00eda. Debemos darnos cuenta de que, como esp\u00edritus, nos encontramos en diferentes etapas de nuestro desarrollo espiritual. Por lo tanto, los l\u00edmites entre las clases y [&hellip;]\" \/>\n<meta property=\"og:url\" content=\"https:\/\/nuevo-renacer.com\/en\/escala-espiritual\/\" \/>\n<meta property=\"og:site_name\" content=\"Uni\u00f3n Esp\u00edrita\" \/>\n<meta property=\"article:publisher\" content=\"https:\/\/www.facebook.com\/groups\/3431398063740829\" \/>\n<meta property=\"article:modified_time\" content=\"2025-05-23T09:34:51+00:00\" \/>\n<meta property=\"og:image\" content=\"https:\/\/nuevo-renacer.com\/wp-content\/uploads\/2024\/07\/51_1230558gaby-grohovaz_die-treppe-zum-himmel.jpg\" \/>\n\t<meta property=\"og:image:width\" content=\"562\" \/>\n\t<meta property=\"og:image:height\" content=\"480\" \/>\n\t<meta property=\"og:image:type\" content=\"image\/jpeg\" \/>\n<meta name=\"twitter:card\" content=\"summary_large_image\" \/>\n<meta name=\"twitter:label1\" content=\"Estimated reading time\" \/>\n\t<meta name=\"twitter:data1\" content=\"2 minutes\" \/>\n<script type=\"application\/ld+json\" class=\"yoast-schema-graph\">{\"@context\":\"https:\/\/schema.org\",\"@graph\":[{\"@type\":\"WebPage\",\"@id\":\"https:\/\/nuevo-renacer.com\/escala-espiritual\/\",\"url\":\"https:\/\/nuevo-renacer.com\/escala-espiritual\/\",\"name\":\"Escala espiritual - Uni\u00f3n Esp\u00edrita\",\"isPartOf\":{\"@id\":\"https:\/\/nuevo-renacer.com\/#website\"},\"primaryImageOfPage\":{\"@id\":\"https:\/\/nuevo-renacer.com\/escala-espiritual\/#primaryimage\"},\"image\":{\"@id\":\"https:\/\/nuevo-renacer.com\/escala-espiritual\/#primaryimage\"},\"thumbnailUrl\":\"https:\/\/nuevo-renacer.com\/wp-content\/uploads\/2024\/07\/51_1230558gaby-grohovaz_die-treppe-zum-himmel.jpg\",\"datePublished\":\"2024-07-12T08:07:58+00:00\",\"dateModified\":\"2025-05-23T09:34:51+00:00\",\"breadcrumb\":{\"@id\":\"https:\/\/nuevo-renacer.com\/escala-espiritual\/#breadcrumb\"},\"inLanguage\":\"en-GB\",\"potentialAction\":[{\"@type\":\"ReadAction\",\"target\":[\"https:\/\/nuevo-renacer.com\/escala-espiritual\/\"]}]},{\"@type\":\"ImageObject\",\"inLanguage\":\"en-GB\",\"@id\":\"https:\/\/nuevo-renacer.com\/escala-espiritual\/#primaryimage\",\"url\":\"https:\/\/nuevo-renacer.com\/wp-content\/uploads\/2024\/07\/51_1230558gaby-grohovaz_die-treppe-zum-himmel.jpg\",\"contentUrl\":\"https:\/\/nuevo-renacer.com\/wp-content\/uploads\/2024\/07\/51_1230558gaby-grohovaz_die-treppe-zum-himmel.jpg\",\"width\":562,\"height\":480},{\"@type\":\"BreadcrumbList\",\"@id\":\"https:\/\/nuevo-renacer.com\/escala-espiritual\/#breadcrumb\",\"itemListElement\":[{\"@type\":\"ListItem\",\"position\":1,\"name\":\"Startseite\",\"item\":\"https:\/\/nuevo-renacer.com\/\"},{\"@type\":\"ListItem\",\"position\":2,\"name\":\"Escala espiritual\"}]},{\"@type\":\"WebSite\",\"@id\":\"https:\/\/nuevo-renacer.com\/#website\",\"url\":\"https:\/\/nuevo-renacer.com\/\",\"name\":\"Uni\u00f3n Esp\u00edrita\",\"description\":\"Nuevo Renacer\",\"publisher\":{\"@id\":\"https:\/\/nuevo-renacer.com\/#organization\"},\"potentialAction\":[{\"@type\":\"SearchAction\",\"target\":{\"@type\":\"EntryPoint\",\"urlTemplate\":\"https:\/\/nuevo-renacer.com\/?s={search_term_string}\"},\"query-input\":{\"@type\":\"PropertyValueSpecification\",\"valueRequired\":true,\"valueName\":\"search_term_string\"}}],\"inLanguage\":\"en-GB\"},{\"@type\":\"Organization\",\"@id\":\"https:\/\/nuevo-renacer.com\/#organization\",\"name\":\"UFEC\",\"url\":\"https:\/\/nuevo-renacer.com\/\",\"logo\":{\"@type\":\"ImageObject\",\"inLanguage\":\"en-GB\",\"@id\":\"https:\/\/nuevo-renacer.com\/#\/schema\/logo\/image\/\",\"url\":\"https:\/\/nuevo-renacer.com\/wp-content\/uploads\/2024\/05\/cropped-LOGO-TERMINADO1-3-3.png\",\"contentUrl\":\"https:\/\/nuevo-renacer.com\/wp-content\/uploads\/2024\/05\/cropped-LOGO-TERMINADO1-3-3.png\",\"width\":512,\"height\":512,\"caption\":\"UFEC\"},\"image\":{\"@id\":\"https:\/\/nuevo-renacer.com\/#\/schema\/logo\/image\/\"},\"sameAs\":[\"https:\/\/www.facebook.com\/groups\/3431398063740829\"]}]}<\/script>\n<!-- \/ Yoast SEO Premium plugin. -->","yoast_head_json":{"title":"Escala espiritual - Uni\u00f3n Esp\u00edrita","robots":{"index":"index","follow":"follow","max-snippet":"max-snippet:-1","max-image-preview":"max-image-preview:large","max-video-preview":"max-video-preview:-1"},"canonical":"https:\/\/nuevo-renacer.com\/en\/escala-espiritual\/","og_locale":"en_GB","og_type":"article","og_title":"Escala espiritual","og_description":"Escala espiritual La \u00abescala espiritual\u00bb seg\u00fan Allan Kardec representa el desarrollo moral e intelectual personal como esp\u00edritu. Es una categorizaci\u00f3n que no es definitiva ni final. Es s\u00f3lo una gu\u00eda. Debemos darnos cuenta de que, como esp\u00edritus, nos encontramos en diferentes etapas de nuestro desarrollo espiritual. Por lo tanto, los l\u00edmites entre las clases y [&hellip;]","og_url":"https:\/\/nuevo-renacer.com\/en\/escala-espiritual\/","og_site_name":"Uni\u00f3n Esp\u00edrita","article_publisher":"https:\/\/www.facebook.com\/groups\/3431398063740829","article_modified_time":"2025-05-23T09:34:51+00:00","og_image":[{"width":562,"height":480,"url":"https:\/\/nuevo-renacer.com\/wp-content\/uploads\/2024\/07\/51_1230558gaby-grohovaz_die-treppe-zum-himmel.jpg","type":"image\/jpeg"}],"twitter_card":"summary_large_image","twitter_misc":{"Estimated reading time":"2 minutes"},"schema":{"@context":"https:\/\/schema.org","@graph":[{"@type":"WebPage","@id":"https:\/\/nuevo-renacer.com\/escala-espiritual\/","url":"https:\/\/nuevo-renacer.com\/escala-espiritual\/","name":"Escala espiritual - Uni\u00f3n Esp\u00edrita","isPartOf":{"@id":"https:\/\/nuevo-renacer.com\/#website"},"primaryImageOfPage":{"@id":"https:\/\/nuevo-renacer.com\/escala-espiritual\/#primaryimage"},"image":{"@id":"https:\/\/nuevo-renacer.com\/escala-espiritual\/#primaryimage"},"thumbnailUrl":"https:\/\/nuevo-renacer.com\/wp-content\/uploads\/2024\/07\/51_1230558gaby-grohovaz_die-treppe-zum-himmel.jpg","datePublished":"2024-07-12T08:07:58+00:00","dateModified":"2025-05-23T09:34:51+00:00","breadcrumb":{"@id":"https:\/\/nuevo-renacer.com\/escala-espiritual\/#breadcrumb"},"inLanguage":"en-GB","potentialAction":[{"@type":"ReadAction","target":["https:\/\/nuevo-renacer.com\/escala-espiritual\/"]}]},{"@type":"ImageObject","inLanguage":"en-GB","@id":"https:\/\/nuevo-renacer.com\/escala-espiritual\/#primaryimage","url":"https:\/\/nuevo-renacer.com\/wp-content\/uploads\/2024\/07\/51_1230558gaby-grohovaz_die-treppe-zum-himmel.jpg","contentUrl":"https:\/\/nuevo-renacer.com\/wp-content\/uploads\/2024\/07\/51_1230558gaby-grohovaz_die-treppe-zum-himmel.jpg","width":562,"height":480},{"@type":"BreadcrumbList","@id":"https:\/\/nuevo-renacer.com\/escala-espiritual\/#breadcrumb","itemListElement":[{"@type":"ListItem","position":1,"name":"Startseite","item":"https:\/\/nuevo-renacer.com\/"},{"@type":"ListItem","position":2,"name":"Escala espiritual"}]},{"@type":"WebSite","@id":"https:\/\/nuevo-renacer.com\/#website","url":"https:\/\/nuevo-renacer.com\/","name":"Uni\u00f3n Esp\u00edrita","description":"Nuevo Renacer","publisher":{"@id":"https:\/\/nuevo-renacer.com\/#organization"},"potentialAction":[{"@type":"SearchAction","target":{"@type":"EntryPoint","urlTemplate":"https:\/\/nuevo-renacer.com\/?s={search_term_string}"},"query-input":{"@type":"PropertyValueSpecification","valueRequired":true,"valueName":"search_term_string"}}],"inLanguage":"en-GB"},{"@type":"Organization","@id":"https:\/\/nuevo-renacer.com\/#organization","name":"UFEC","url":"https:\/\/nuevo-renacer.com\/","logo":{"@type":"ImageObject","inLanguage":"en-GB","@id":"https:\/\/nuevo-renacer.com\/#\/schema\/logo\/image\/","url":"https:\/\/nuevo-renacer.com\/wp-content\/uploads\/2024\/05\/cropped-LOGO-TERMINADO1-3-3.png","contentUrl":"https:\/\/nuevo-renacer.com\/wp-content\/uploads\/2024\/05\/cropped-LOGO-TERMINADO1-3-3.png","width":512,"height":512,"caption":"UFEC"},"image":{"@id":"https:\/\/nuevo-renacer.com\/#\/schema\/logo\/image\/"},"sameAs":["https:\/\/www.facebook.com\/groups\/3431398063740829"]}]}},"uagb_featured_image_src":{"full":["https:\/\/nuevo-renacer.com\/wp-content\/uploads\/2024\/07\/51_1230558gaby-grohovaz_die-treppe-zum-himmel.jpg",562,480,false],"thumbnail":["https:\/\/nuevo-renacer.com\/wp-content\/uploads\/2024\/07\/51_1230558gaby-grohovaz_die-treppe-zum-himmel-150x150.jpg",150,150,true],"medium":["https:\/\/nuevo-renacer.com\/wp-content\/uploads\/2024\/07\/51_1230558gaby-grohovaz_die-treppe-zum-himmel-300x256.jpg",300,256,true],"medium_large":["https:\/\/nuevo-renacer.com\/wp-content\/uploads\/2024\/07\/51_1230558gaby-grohovaz_die-treppe-zum-himmel.jpg",562,480,false],"large":["https:\/\/nuevo-renacer.com\/wp-content\/uploads\/2024\/07\/51_1230558gaby-grohovaz_die-treppe-zum-himmel.jpg",562,480,false],"1536x1536":["https:\/\/nuevo-renacer.com\/wp-content\/uploads\/2024\/07\/51_1230558gaby-grohovaz_die-treppe-zum-himmel.jpg",562,480,false],"2048x2048":["https:\/\/nuevo-renacer.com\/wp-content\/uploads\/2024\/07\/51_1230558gaby-grohovaz_die-treppe-zum-himmel.jpg",562,480,false],"trp-custom-language-flag":["https:\/\/nuevo-renacer.com\/wp-content\/uploads\/2024\/07\/51_1230558gaby-grohovaz_die-treppe-zum-himmel-14x12.jpg",14,12,true]},"uagb_author_info":{"display_name":"adbv0","author_link":"https:\/\/nuevo-renacer.com\/en\/author\/adbv0\/"},"uagb_comment_info":0,"uagb_excerpt":"Escala espiritual La \u00abescala espiritual\u00bb seg\u00fan Allan Kardec representa el desarrollo moral e intelectual personal como esp\u00edritu. Es una categorizaci\u00f3n que no es definitiva ni final. Es s\u00f3lo una gu\u00eda. Debemos darnos cuenta de que, como esp\u00edritus, nos encontramos en diferentes etapas de nuestro desarrollo espiritual. Por lo tanto, los l\u00edmites entre las clases y&hellip;","jetpack_sharing_enabled":true,"_links":{"self":[{"href":"https:\/\/nuevo-renacer.com\/en\/wp-json\/wp\/v2\/pages\/3706","targetHints":{"allow":["GET"]}}],"collection":[{"href":"https:\/\/nuevo-renacer.com\/en\/wp-json\/wp\/v2\/pages"}],"about":[{"href":"https:\/\/nuevo-renacer.com\/en\/wp-json\/wp\/v2\/types\/page"}],"author":[{"embeddable":true,"href":"https:\/\/nuevo-renacer.com\/en\/wp-json\/wp\/v2\/users\/1"}],"replies":[{"embeddable":true,"href":"https:\/\/nuevo-renacer.com\/en\/wp-json\/wp\/v2\/comments?post=3706"}],"version-history":[{"count":7,"href":"https:\/\/nuevo-renacer.com\/en\/wp-json\/wp\/v2\/pages\/3706\/revisions"}],"predecessor-version":[{"id":8176,"href":"https:\/\/nuevo-renacer.com\/en\/wp-json\/wp\/v2\/pages\/3706\/revisions\/8176"}],"wp:featuredmedia":[{"embeddable":true,"href":"https:\/\/nuevo-renacer.com\/en\/wp-json\/wp\/v2\/media\/3708"}],"wp:attachment":[{"href":"https:\/\/nuevo-renacer.com\/en\/wp-json\/wp\/v2\/media?parent=3706"}],"curies":[{"name":"wp","href":"https:\/\/api.w.org\/{rel}","templated":true}]}}