{"id":3689,"date":"2024-07-12T06:03:48","date_gmt":"2024-07-12T06:03:48","guid":{"rendered":"https:\/\/ufec-mundial.com\/?page_id=3689"},"modified":"2025-05-23T09:44:16","modified_gmt":"2025-05-23T09:44:16","slug":"espiritus-obsesores","status":"publish","type":"page","link":"https:\/\/nuevo-renacer.com\/en\/espiritus-obsesores\/","title":{"rendered":"Obsessive spirits"},"content":{"rendered":"<div class=\"wp-block-uagb-container uagb-block-695bb8af alignfull uagb-is-root-container\"><div class=\"uagb-container-inner-blocks-wrap\">\n<p class=\"has-black-color has-text-color has-link-color has-medium-font-size wp-elements-dc18da99ff3fd4cffac9e72138c6e011\"><strong>Obsessive spirits<\/strong><\/p>\n<\/div><\/div>\n\n\n\n<div class=\"wp-block-uagb-container uagb-block-bca80060 alignfull uagb-is-root-container\"><div class=\"uagb-container-inner-blocks-wrap\">\n<figure class=\"wp-block-image alignleft size-full is-resized\"><img fetchpriority=\"high\" decoding=\"async\" width=\"395\" height=\"263\" src=\"https:\/\/nuevo-renacer.com\/wp-content\/uploads\/2024\/07\/unnamed.jpg\" alt=\"\" class=\"wp-image-3690\" style=\"width:413px;height:auto\" srcset=\"https:\/\/nuevo-renacer.com\/wp-content\/uploads\/2024\/07\/unnamed.jpg 395w, https:\/\/nuevo-renacer.com\/wp-content\/uploads\/2024\/07\/unnamed-300x200.jpg 300w, https:\/\/nuevo-renacer.com\/wp-content\/uploads\/2024\/07\/unnamed-18x12.jpg 18w\" sizes=\"(max-width: 395px) 100vw, 395px\" \/><\/figure>\n<\/div><\/div>\n\n\n\n<div class=\"wp-block-uagb-container uagb-block-80a77c0c alignfull uagb-is-root-container\"><div class=\"uagb-container-inner-blocks-wrap\">\n<p class=\"has-black-color has-text-color has-link-color has-small-font-size wp-elements-c6a6459327986fd1d01b47ec52dbae26\">Spirit obsession refers to a situation in which a discarnate spirit exerts a negative or detrimental influence on a living person on the earthly plane. This influence can manifest itself in different ways and in varying degrees of intensity, as I mention below in the types of spirit obsession: simple obsession, fascination and subjugation, according to the terminology used in the spiritism.<\/p>\n\n\n\n<p class=\"has-black-color has-text-color has-link-color has-small-font-size wp-elements-5f1711fde3a349f8f6a39cebd9fe9db9\">In general terms, spiritual obsession involves interference with the obsessed person's mind, thoughts, emotions or actions by a discarnate spirit. This interference may be conscious or unconscious, depending on the situation. The causes of spiritual obsession can vary and may be related to karmic ties, spiritual affinities or even the person's mental and emotional state on earth.<\/p>\n\n\n\n<p class=\"has-black-color has-text-color has-link-color has-small-font-size wp-elements-283864e0cb4d331f9c5a359ee03a854e\">Spiritual obsession can have detrimental effects on the affected person's life, including changes in behaviour, negative thoughts, destructive impulses, unbalanced emotional states and, in severe cases, loss of free will.<\/p>\n\n\n\n<p class=\"has-black-color has-text-color has-link-color has-small-font-size wp-elements-6bedcc38a0fa695c3c96ae6c0996a162\">It is important to note that, according to spiritist doctrine, spiritual obsession is not a divine punishment or demonic possession, but rather a manifestation of spiritual imbalance that can be treated and overcome through the help of mediums, spiritual therapists and the application of spiritual principles, such as charity and spiritual elevation. Spiritual obsession is seen as an opportunity for learning and spiritual growth for both the person affected and the spirits involved.<\/p>\n\n\n\n<p class=\"has-black-color has-text-color has-link-color wp-elements-c7afdfae22dff4c3966b0025d91ac19c\">The three degrees of obsession:<\/p>\n\n\n\n<div class=\"wp-block-group is-layout-constrained wp-block-group-is-layout-constrained\">\n<p class=\"has-black-color has-text-color has-link-color has-small-font-size wp-elements-17742953c9d5aef5a06d1321647279ac\"><strong>Simple Obsession:<\/strong><\/p>\n\n\n\n<p class=\"has-black-color has-text-color has-link-color has-small-font-size wp-elements-b94f27f4f892c85b1f3bee9e76c33239\">The simple obsession is the influence or interference of discarnate spirits in a person's mind, which can be more or less intense. In this type of obsession, the spirits may influence the individual's thoughts, emotions and actions without the individual being fully aware of it. They may be intrusive thoughts or negative impulses that are not in line with the person's personality or values. Simple obsession usually does not involve complete control over the individual and can vary in intensity.<\/p>\n<\/div>\n\n\n\n<div class=\"wp-block-group is-layout-constrained wp-block-group-is-layout-constrained\">\n<p class=\"has-black-color has-text-color has-link-color has-small-font-size wp-elements-6ab05faa16694dbdc49154a5c15312bd\"><strong>Fascination:<\/strong><\/p>\n\n\n\n<p class=\"has-black-color has-text-color has-link-color has-small-font-size wp-elements-0426eddd6d4d7bdf91b6a681166a2143\">Fascination is a more intense and damaging type of spiritual obsession. In this case, a disembodied spirit exerts a stronger control over the obsessed person's mind and actions. The victim can become completely dominated by the influence of the obsessing spirit, losing his or her free will and ability to make decisions. This can lead the person to act in an impulsive and self-destructive manner, and the support of a medium or a specialist in spiritual disobsession is often necessary to assist in deliverance.<\/p>\n<\/div>\n\n\n\n<div class=\"wp-block-group is-layout-constrained wp-block-group-is-layout-constrained\">\n<p class=\"has-black-color has-text-color has-link-color has-small-font-size wp-elements-92a70b0ae0195bca5ad33d42a2525fef\"><strong>Subjugation:<\/strong><\/p>\n\n\n\n<p class=\"has-black-color has-text-color has-link-color has-small-font-size wp-elements-8b46d29b56703d8757d09cb21ae8861f\">The subjugation is the most serious type of spiritual obsession. In this case, a disembodied spirit exercises total control over the victim, completely suppressing his will and personality. The subjugated person acts as a puppet in the hands of the obsessing spirit and can perform extremely harmful acts to himself and others. Subjugation is a dangerous state and requires specialised spiritual intervention to free the person from the influence of the obsessing spirit.<\/p>\n<\/div>\n\n\n\n<p class=\"has-black-color has-text-color has-link-color has-small-font-size wp-elements-b13d75557a9c03078d5fc67067ca245a\">It is important to note that, according to spiritist doctrine, the process of spiritual obsession is considered reversible, and spiritual and therapeutic help can be sought to free oneself from the influence of obsessing spirits. The practice of charity, prayer and spiritual upliftment are considered effective tools to combat spiritual obsession and restore mental and spiritual balance.<\/p>\n<\/div><\/div>\n\n\n\n<div class=\"wp-block-uagb-container uagb-block-eeedf684 alignfull uagb-is-root-container\"><div class=\"uagb-container-inner-blocks-wrap\"><\/div><\/div>\n\n\n\n<div class=\"wp-block-uagb-container uagb-block-76ce5bae alignfull uagb-is-root-container\"><div class=\"uagb-container-inner-blocks-wrap\"><\/div><\/div>","protected":false},"excerpt":{"rendered":"<p>Esp\u00edritus obsesores La obsesi\u00f3n de un esp\u00edritu se refiere a una situaci\u00f3n en la cual un esp\u00edritu desencarnado ejerce una influencia negativa o perjudicial sobre una persona viva en el plano terrenal. Esta influencia puede manifestarse de diferentes maneras y en distintos grados de intensidad, como te menciono m\u00e1s abajo en los tipos de obsesi\u00f3n [&hellip;]<\/p>","protected":false},"author":1,"featured_media":3690,"parent":0,"menu_order":0,"comment_status":"closed","ping_status":"closed","template":"","meta":{"_uag_custom_page_level_css":"","site-sidebar-layout":"default","site-content-layout":"","ast-site-content-layout":"default","site-content-style":"default","site-sidebar-style":"default","ast-global-header-display":"","ast-banner-title-visibility":"","ast-main-header-display":"","ast-hfb-above-header-display":"","ast-hfb-below-header-display":"","ast-hfb-mobile-header-display":"","site-post-title":"disabled","ast-breadcrumbs-content":"","ast-featured-img":"","footer-sml-layout":"","theme-transparent-header-meta":"","adv-header-id-meta":"","stick-header-meta":"","header-above-stick-meta":"","header-main-stick-meta":"","header-below-stick-meta":"","astra-migrate-meta-layouts":"set","ast-page-background-enabled":"default","ast-page-background-meta":{"desktop":{"background-color":"var(--ast-global-color-4)","background-image":"","background-repeat":"repeat","background-position":"center center","background-size":"auto","background-attachment":"scroll","background-type":"","background-media":"","overlay-type":"","overlay-color":"","overlay-opacity":"","overlay-gradient":""},"tablet":{"background-color":"","background-image":"","background-repeat":"repeat","background-position":"center center","background-size":"auto","background-attachment":"scroll","background-type":"","background-media":"","overlay-type":"","overlay-color":"","overlay-opacity":"","overlay-gradient":""},"mobile":{"background-color":"","background-image":"","background-repeat":"repeat","background-position":"center center","background-size":"auto","background-attachment":"scroll","background-type":"","background-media":"","overlay-type":"","overlay-color":"","overlay-opacity":"","overlay-gradient":""}},"ast-content-background-meta":{"desktop":{"background-color":"var(--ast-global-color-5)","background-image":"","background-repeat":"repeat","background-position":"center center","background-size":"auto","background-attachment":"scroll","background-type":"","background-media":"","overlay-type":"","overlay-color":"","overlay-opacity":"","overlay-gradient":""},"tablet":{"background-color":"var(--ast-global-color-5)","background-image":"","background-repeat":"repeat","background-position":"center center","background-size":"auto","background-attachment":"scroll","background-type":"","background-media":"","overlay-type":"","overlay-color":"","overlay-opacity":"","overlay-gradient":""},"mobile":{"background-color":"var(--ast-global-color-5)","background-image":"","background-repeat":"repeat","background-position":"center center","background-size":"auto","background-attachment":"scroll","background-type":"","background-media":"","overlay-type":"","overlay-color":"","overlay-opacity":"","overlay-gradient":""}},"footnotes":""},"class_list":["post-3689","page","type-page","status-publish","has-post-thumbnail","hentry"],"yoast_head":"<!-- This site is optimized with the Yoast SEO Premium plugin v24.2 (Yoast SEO v24.6) - https:\/\/yoast.com\/wordpress\/plugins\/seo\/ -->\n<title>Esp\u00edritus obsesores - Uni\u00f3n Esp\u00edrita<\/title>\n<meta name=\"robots\" content=\"index, follow, max-snippet:-1, max-image-preview:large, max-video-preview:-1\" \/>\n<link rel=\"canonical\" href=\"https:\/\/nuevo-renacer.com\/en\/espiritus-obsesores\/\" \/>\n<meta property=\"og:locale\" content=\"en_GB\" \/>\n<meta property=\"og:type\" content=\"article\" \/>\n<meta property=\"og:title\" content=\"Esp\u00edritus obsesores\" \/>\n<meta property=\"og:description\" content=\"Esp\u00edritus obsesores La obsesi\u00f3n de un esp\u00edritu se refiere a una situaci\u00f3n en la cual un esp\u00edritu desencarnado ejerce una influencia negativa o perjudicial sobre una persona viva en el plano terrenal. Esta influencia puede manifestarse de diferentes maneras y en distintos grados de intensidad, como te menciono m\u00e1s abajo en los tipos de obsesi\u00f3n [&hellip;]\" \/>\n<meta property=\"og:url\" content=\"https:\/\/nuevo-renacer.com\/en\/espiritus-obsesores\/\" \/>\n<meta property=\"og:site_name\" content=\"Uni\u00f3n Esp\u00edrita\" \/>\n<meta property=\"article:publisher\" content=\"https:\/\/www.facebook.com\/groups\/3431398063740829\" \/>\n<meta property=\"article:modified_time\" content=\"2025-05-23T09:44:16+00:00\" \/>\n<meta property=\"og:image\" content=\"https:\/\/nuevo-renacer.com\/wp-content\/uploads\/2024\/07\/unnamed.jpg\" \/>\n\t<meta property=\"og:image:width\" content=\"395\" \/>\n\t<meta property=\"og:image:height\" content=\"263\" \/>\n\t<meta property=\"og:image:type\" content=\"image\/jpeg\" \/>\n<meta name=\"twitter:card\" content=\"summary_large_image\" \/>\n<meta name=\"twitter:label1\" content=\"Estimated reading time\" \/>\n\t<meta name=\"twitter:data1\" content=\"4 minutes\" \/>\n<script type=\"application\/ld+json\" class=\"yoast-schema-graph\">{\"@context\":\"https:\/\/schema.org\",\"@graph\":[{\"@type\":\"WebPage\",\"@id\":\"https:\/\/nuevo-renacer.com\/espiritus-obsesores\/\",\"url\":\"https:\/\/nuevo-renacer.com\/espiritus-obsesores\/\",\"name\":\"Esp\u00edritus obsesores - Uni\u00f3n Esp\u00edrita\",\"isPartOf\":{\"@id\":\"https:\/\/nuevo-renacer.com\/#website\"},\"primaryImageOfPage\":{\"@id\":\"https:\/\/nuevo-renacer.com\/espiritus-obsesores\/#primaryimage\"},\"image\":{\"@id\":\"https:\/\/nuevo-renacer.com\/espiritus-obsesores\/#primaryimage\"},\"thumbnailUrl\":\"https:\/\/nuevo-renacer.com\/wp-content\/uploads\/2024\/07\/unnamed.jpg\",\"datePublished\":\"2024-07-12T06:03:48+00:00\",\"dateModified\":\"2025-05-23T09:44:16+00:00\",\"breadcrumb\":{\"@id\":\"https:\/\/nuevo-renacer.com\/espiritus-obsesores\/#breadcrumb\"},\"inLanguage\":\"en-GB\",\"potentialAction\":[{\"@type\":\"ReadAction\",\"target\":[\"https:\/\/nuevo-renacer.com\/espiritus-obsesores\/\"]}]},{\"@type\":\"ImageObject\",\"inLanguage\":\"en-GB\",\"@id\":\"https:\/\/nuevo-renacer.com\/espiritus-obsesores\/#primaryimage\",\"url\":\"https:\/\/nuevo-renacer.com\/wp-content\/uploads\/2024\/07\/unnamed.jpg\",\"contentUrl\":\"https:\/\/nuevo-renacer.com\/wp-content\/uploads\/2024\/07\/unnamed.jpg\",\"width\":395,\"height\":263},{\"@type\":\"BreadcrumbList\",\"@id\":\"https:\/\/nuevo-renacer.com\/espiritus-obsesores\/#breadcrumb\",\"itemListElement\":[{\"@type\":\"ListItem\",\"position\":1,\"name\":\"Startseite\",\"item\":\"https:\/\/nuevo-renacer.com\/\"},{\"@type\":\"ListItem\",\"position\":2,\"name\":\"Esp\u00edritus obsesores\"}]},{\"@type\":\"WebSite\",\"@id\":\"https:\/\/nuevo-renacer.com\/#website\",\"url\":\"https:\/\/nuevo-renacer.com\/\",\"name\":\"Uni\u00f3n Esp\u00edrita\",\"description\":\"Nuevo Renacer\",\"publisher\":{\"@id\":\"https:\/\/nuevo-renacer.com\/#organization\"},\"potentialAction\":[{\"@type\":\"SearchAction\",\"target\":{\"@type\":\"EntryPoint\",\"urlTemplate\":\"https:\/\/nuevo-renacer.com\/?s={search_term_string}\"},\"query-input\":{\"@type\":\"PropertyValueSpecification\",\"valueRequired\":true,\"valueName\":\"search_term_string\"}}],\"inLanguage\":\"en-GB\"},{\"@type\":\"Organization\",\"@id\":\"https:\/\/nuevo-renacer.com\/#organization\",\"name\":\"UFEC\",\"url\":\"https:\/\/nuevo-renacer.com\/\",\"logo\":{\"@type\":\"ImageObject\",\"inLanguage\":\"en-GB\",\"@id\":\"https:\/\/nuevo-renacer.com\/#\/schema\/logo\/image\/\",\"url\":\"https:\/\/nuevo-renacer.com\/wp-content\/uploads\/2024\/05\/cropped-LOGO-TERMINADO1-3-3.png\",\"contentUrl\":\"https:\/\/nuevo-renacer.com\/wp-content\/uploads\/2024\/05\/cropped-LOGO-TERMINADO1-3-3.png\",\"width\":512,\"height\":512,\"caption\":\"UFEC\"},\"image\":{\"@id\":\"https:\/\/nuevo-renacer.com\/#\/schema\/logo\/image\/\"},\"sameAs\":[\"https:\/\/www.facebook.com\/groups\/3431398063740829\"]}]}<\/script>\n<!-- \/ Yoast SEO Premium plugin. -->","yoast_head_json":{"title":"Esp\u00edritus obsesores - Uni\u00f3n Esp\u00edrita","robots":{"index":"index","follow":"follow","max-snippet":"max-snippet:-1","max-image-preview":"max-image-preview:large","max-video-preview":"max-video-preview:-1"},"canonical":"https:\/\/nuevo-renacer.com\/en\/espiritus-obsesores\/","og_locale":"en_GB","og_type":"article","og_title":"Esp\u00edritus obsesores","og_description":"Esp\u00edritus obsesores La obsesi\u00f3n de un esp\u00edritu se refiere a una situaci\u00f3n en la cual un esp\u00edritu desencarnado ejerce una influencia negativa o perjudicial sobre una persona viva en el plano terrenal. Esta influencia puede manifestarse de diferentes maneras y en distintos grados de intensidad, como te menciono m\u00e1s abajo en los tipos de obsesi\u00f3n [&hellip;]","og_url":"https:\/\/nuevo-renacer.com\/en\/espiritus-obsesores\/","og_site_name":"Uni\u00f3n Esp\u00edrita","article_publisher":"https:\/\/www.facebook.com\/groups\/3431398063740829","article_modified_time":"2025-05-23T09:44:16+00:00","og_image":[{"width":395,"height":263,"url":"https:\/\/nuevo-renacer.com\/wp-content\/uploads\/2024\/07\/unnamed.jpg","type":"image\/jpeg"}],"twitter_card":"summary_large_image","twitter_misc":{"Estimated reading time":"4 minutes"},"schema":{"@context":"https:\/\/schema.org","@graph":[{"@type":"WebPage","@id":"https:\/\/nuevo-renacer.com\/espiritus-obsesores\/","url":"https:\/\/nuevo-renacer.com\/espiritus-obsesores\/","name":"Esp\u00edritus obsesores - Uni\u00f3n Esp\u00edrita","isPartOf":{"@id":"https:\/\/nuevo-renacer.com\/#website"},"primaryImageOfPage":{"@id":"https:\/\/nuevo-renacer.com\/espiritus-obsesores\/#primaryimage"},"image":{"@id":"https:\/\/nuevo-renacer.com\/espiritus-obsesores\/#primaryimage"},"thumbnailUrl":"https:\/\/nuevo-renacer.com\/wp-content\/uploads\/2024\/07\/unnamed.jpg","datePublished":"2024-07-12T06:03:48+00:00","dateModified":"2025-05-23T09:44:16+00:00","breadcrumb":{"@id":"https:\/\/nuevo-renacer.com\/espiritus-obsesores\/#breadcrumb"},"inLanguage":"en-GB","potentialAction":[{"@type":"ReadAction","target":["https:\/\/nuevo-renacer.com\/espiritus-obsesores\/"]}]},{"@type":"ImageObject","inLanguage":"en-GB","@id":"https:\/\/nuevo-renacer.com\/espiritus-obsesores\/#primaryimage","url":"https:\/\/nuevo-renacer.com\/wp-content\/uploads\/2024\/07\/unnamed.jpg","contentUrl":"https:\/\/nuevo-renacer.com\/wp-content\/uploads\/2024\/07\/unnamed.jpg","width":395,"height":263},{"@type":"BreadcrumbList","@id":"https:\/\/nuevo-renacer.com\/espiritus-obsesores\/#breadcrumb","itemListElement":[{"@type":"ListItem","position":1,"name":"Startseite","item":"https:\/\/nuevo-renacer.com\/"},{"@type":"ListItem","position":2,"name":"Esp\u00edritus obsesores"}]},{"@type":"WebSite","@id":"https:\/\/nuevo-renacer.com\/#website","url":"https:\/\/nuevo-renacer.com\/","name":"Uni\u00f3n Esp\u00edrita","description":"Nuevo Renacer","publisher":{"@id":"https:\/\/nuevo-renacer.com\/#organization"},"potentialAction":[{"@type":"SearchAction","target":{"@type":"EntryPoint","urlTemplate":"https:\/\/nuevo-renacer.com\/?s={search_term_string}"},"query-input":{"@type":"PropertyValueSpecification","valueRequired":true,"valueName":"search_term_string"}}],"inLanguage":"en-GB"},{"@type":"Organization","@id":"https:\/\/nuevo-renacer.com\/#organization","name":"UFEC","url":"https:\/\/nuevo-renacer.com\/","logo":{"@type":"ImageObject","inLanguage":"en-GB","@id":"https:\/\/nuevo-renacer.com\/#\/schema\/logo\/image\/","url":"https:\/\/nuevo-renacer.com\/wp-content\/uploads\/2024\/05\/cropped-LOGO-TERMINADO1-3-3.png","contentUrl":"https:\/\/nuevo-renacer.com\/wp-content\/uploads\/2024\/05\/cropped-LOGO-TERMINADO1-3-3.png","width":512,"height":512,"caption":"UFEC"},"image":{"@id":"https:\/\/nuevo-renacer.com\/#\/schema\/logo\/image\/"},"sameAs":["https:\/\/www.facebook.com\/groups\/3431398063740829"]}]}},"uagb_featured_image_src":{"full":["https:\/\/nuevo-renacer.com\/wp-content\/uploads\/2024\/07\/unnamed.jpg",395,263,false],"thumbnail":["https:\/\/nuevo-renacer.com\/wp-content\/uploads\/2024\/07\/unnamed-150x150.jpg",150,150,true],"medium":["https:\/\/nuevo-renacer.com\/wp-content\/uploads\/2024\/07\/unnamed-300x200.jpg",300,200,true],"medium_large":["https:\/\/nuevo-renacer.com\/wp-content\/uploads\/2024\/07\/unnamed.jpg",395,263,false],"large":["https:\/\/nuevo-renacer.com\/wp-content\/uploads\/2024\/07\/unnamed.jpg",395,263,false],"1536x1536":["https:\/\/nuevo-renacer.com\/wp-content\/uploads\/2024\/07\/unnamed.jpg",395,263,false],"2048x2048":["https:\/\/nuevo-renacer.com\/wp-content\/uploads\/2024\/07\/unnamed.jpg",395,263,false],"trp-custom-language-flag":["https:\/\/nuevo-renacer.com\/wp-content\/uploads\/2024\/07\/unnamed-18x12.jpg",18,12,true]},"uagb_author_info":{"display_name":"adbv0","author_link":"https:\/\/nuevo-renacer.com\/en\/author\/adbv0\/"},"uagb_comment_info":0,"uagb_excerpt":"Esp\u00edritus obsesores La obsesi\u00f3n de un esp\u00edritu se refiere a una situaci\u00f3n en la cual un esp\u00edritu desencarnado ejerce una influencia negativa o perjudicial sobre una persona viva en el plano terrenal. Esta influencia puede manifestarse de diferentes maneras y en distintos grados de intensidad, como te menciono m\u00e1s abajo en los tipos de obsesi\u00f3n&hellip;","jetpack_sharing_enabled":true,"_links":{"self":[{"href":"https:\/\/nuevo-renacer.com\/en\/wp-json\/wp\/v2\/pages\/3689","targetHints":{"allow":["GET"]}}],"collection":[{"href":"https:\/\/nuevo-renacer.com\/en\/wp-json\/wp\/v2\/pages"}],"about":[{"href":"https:\/\/nuevo-renacer.com\/en\/wp-json\/wp\/v2\/types\/page"}],"author":[{"embeddable":true,"href":"https:\/\/nuevo-renacer.com\/en\/wp-json\/wp\/v2\/users\/1"}],"replies":[{"embeddable":true,"href":"https:\/\/nuevo-renacer.com\/en\/wp-json\/wp\/v2\/comments?post=3689"}],"version-history":[{"count":3,"href":"https:\/\/nuevo-renacer.com\/en\/wp-json\/wp\/v2\/pages\/3689\/revisions"}],"predecessor-version":[{"id":8182,"href":"https:\/\/nuevo-renacer.com\/en\/wp-json\/wp\/v2\/pages\/3689\/revisions\/8182"}],"wp:featuredmedia":[{"embeddable":true,"href":"https:\/\/nuevo-renacer.com\/en\/wp-json\/wp\/v2\/media\/3690"}],"wp:attachment":[{"href":"https:\/\/nuevo-renacer.com\/en\/wp-json\/wp\/v2\/media?parent=3689"}],"curies":[{"name":"wp","href":"https:\/\/api.w.org\/{rel}","templated":true}]}}