{"id":3674,"date":"2024-07-11T11:39:51","date_gmt":"2024-07-11T11:39:51","guid":{"rendered":"https:\/\/ufec-mundial.com\/?page_id=3674"},"modified":"2025-05-23T09:32:16","modified_gmt":"2025-05-23T09:32:16","slug":"la-oracion-es-una-fuerza-en-nuestra-vida","status":"publish","type":"page","link":"https:\/\/nuevo-renacer.com\/en\/la-oracion-es-una-fuerza-en-nuestra-vida\/","title":{"rendered":"The prayer is a force in our life"},"content":{"rendered":"<div class=\"wp-block-uagb-container uagb-block-d7a4c204 alignfull uagb-is-root-container\"><div class=\"uagb-container-inner-blocks-wrap\">\n<p class=\"has-black-color has-text-color has-link-color has-medium-font-size wp-elements-a1f26fc2d8d641e87613da21427666ea\"><strong>The prayer is a force in our life<\/strong><\/p>\n<\/div><\/div>\n\n\n\n<div class=\"wp-block-uagb-container uagb-block-4cf15dbc alignfull uagb-is-root-container\"><div class=\"uagb-container-inner-blocks-wrap\">\n<div class=\"wp-block-uagb-image alignleft uagb-block-34fa41aa wp-block-uagb-image--layout-default wp-block-uagb-image--effect-static wp-block-uagb-image--align-left\"><figure class=\"wp-block-uagb-image__figure\"><img loading=\"lazy\" decoding=\"async\" srcset=\"https:\/\/nuevo-renacer.com\/wp-content\/uploads\/2024\/07\/silhouette-of-christian-praying-hands-spiritual-and-religious-people-praying-to-god-christianity-concepts-photo.jpg ,https:\/\/ufec-mundial.com\/wp-content\/uploads\/2024\/07\/silhouette-of-christian-praying-hands-spiritual-and-religious-people-praying-to-god-christianity-concepts-photo.jpg 780w, https:\/\/nuevo-renacer.com\/wp-content\/uploads\/2024\/07\/silhouette-of-christian-praying-hands-spiritual-and-religious-people-praying-to-god-christianity-concepts-photo.jpg 360w\" sizes=\"auto, (max-width: 480px) 150px\" src=\"https:\/\/nuevo-renacer.com\/wp-content\/uploads\/2024\/07\/silhouette-of-christian-praying-hands-spiritual-and-religious-people-praying-to-god-christianity-concepts-photo.jpg\" alt=\"\" class=\"uag-image-3675\" width=\"600\" height=\"400\" title=\"silhouette-of-christian-praying-hands-spiritual-and-religious-people-praying-to-god-christianity-concepts-photo\" role=\"img\"\/><\/figure><\/div>\n<\/div><\/div>\n\n\n\n<div class=\"wp-block-uagb-container uagb-block-9fcc56fd alignfull uagb-is-root-container\"><div class=\"uagb-container-inner-blocks-wrap\">\n<p class=\"has-black-color has-text-color has-link-color has-small-font-size wp-elements-0eaace887211622fee041bf79fbec914\">The main work of spiritist doctrine \u2013 The Spirits' Book by Allan Kardec \u2013 devotes an entire chapter to prayer, defining it as a legitimate act of adoration of the Creator of life, whose importance to us is very great and far greater than we generally imagine.<\/p>\n\n\n\n<p class=\"has-black-color has-text-color has-link-color has-small-font-size wp-elements-23380fc1f7e3d2bc44feac2161c42385\">\"To pray to God\"\u2019 teaches Spiritism, \"is to think of Him; it is to draw near to Him; it is to put oneself in communication with Him\". (The Spirits' Book, item 659.)<\/p>\n\n\n\n<p class=\"has-black-color has-text-color has-link-color has-small-font-size wp-elements-5111fbd2ca178d79484cc3145cd8a876\">Taught by the Christ and by His spiritual teachers, prayer is, in truth, a manifestation of the soul in search of the Divine Presence, a kind of talk with the Creator or with His representatives, and must therefore be stripped of all and any formalism.<\/p>\n\n\n\n<p class=\"has-black-color has-text-color has-link-color has-small-font-size wp-elements-a1fe21d1eec53b5ba33a8a147691b9dc\">Prayer should be the first act in our return to our daily activities and, accordingly, cultivated daily. The Spirit of Monod recommends it in a constant message in chapter 27, item 22, of The Gospel according to Spiritism.<\/p>\n\n\n\n<p class=\"has-black-color has-text-color has-link-color has-small-font-size wp-elements-6bede0debf9e0fc97bfad47b789a5588\"><strong>Let us recall here some recommendations on prayer found in the spiritism doctrine:<\/strong><\/p>\n\n\n\n<div class=\"wp-block-group is-layout-constrained wp-block-group-is-layout-constrained\">\n<p class=\"has-small-font-size\">\u2022 The Prayer, when done from the heart, is always pleasing to God.<\/p>\n\n\n\n<p class=\"has-small-font-size\">\u2022 The prayer should be secret, need not be long and should be preceded by the act of forgiveness.<\/p>\n\n\n\n<p class=\"has-small-font-size\">\u2022 The Prayer cannot be paid for, because \"it is an act of charity, an act of the heart\".<\/p>\n\n\n\n<p class=\"has-small-font-size\">\u2022 The essential is not to pray a lot, but to pray well.<\/p>\n\n\n\n<p class=\"has-small-font-size\">\u2022 The Prayer should be spontaneous, objective, full of high feelings, which need to be cultivated always.<\/p>\n\n\n\n<p class=\"has-small-font-size\">\u2022  The form of the sentence is irrelevant, but the content is.<\/p>\n\n\n\n<p class=\"has-small-font-size\">\u2022 The attitude of the one who prays is intimate, eminently spiritual. Conventional attitudes, outward posture and rituals are dispensable garments for the act of prayer.<\/p>\n\n\n\n<p class=\"has-small-font-size\">\u2022 The prayer should translate what we are really feeling, thinking and wanting at that moment, in a precise way, without being a repetition of terms that, most of the time, are unintelligible to the speaker.<\/p>\n\n\n\n<p class=\"has-small-font-size\">\u2022 The Prayer turns the man better, because he who prays with fervour and trust becomes stronger against the temptations of evil, and God sends him good spirits to assist him.<\/p>\n\n\n\n<p class=\"has-small-font-size\">\u2022 We can ask God to forgive us for our faults, but we will only obtain forgiveness by changing the way we act, for good deeds are the best prayer and actions speak louder than words.<\/p>\n<\/div>\n<\/div><\/div>\n\n\n\n<div class=\"wp-block-uagb-container uagb-block-3137b92e alignfull uagb-is-root-container\"><div class=\"uagb-container-inner-blocks-wrap\"><\/div><\/div>\n\n\n\n<div class=\"wp-block-uagb-container uagb-block-8428b456 alignfull uagb-is-root-container\"><div class=\"uagb-container-inner-blocks-wrap\"><\/div><\/div>","protected":false},"excerpt":{"rendered":"<p>La oraci\u00f3n es una fuerza en nuestra vida La principal obra de la doctrina espirita \u2013 El Libro de los Esp\u00edritus, de Allan Kardec \u2013 dedica un cap\u00edtulo entero a la oraci\u00f3n, definiendo \u00e9sta como un legitimo acto de adoraci\u00f3n al Creador de la vida, cuya importancia para nosotros es muy grande y bien superior [&hellip;]<\/p>","protected":false},"author":1,"featured_media":3675,"parent":0,"menu_order":0,"comment_status":"closed","ping_status":"closed","template":"","meta":{"_uag_custom_page_level_css":"","site-sidebar-layout":"default","site-content-layout":"","ast-site-content-layout":"default","site-content-style":"default","site-sidebar-style":"default","ast-global-header-display":"","ast-banner-title-visibility":"","ast-main-header-display":"","ast-hfb-above-header-display":"","ast-hfb-below-header-display":"","ast-hfb-mobile-header-display":"","site-post-title":"disabled","ast-breadcrumbs-content":"","ast-featured-img":"","footer-sml-layout":"","theme-transparent-header-meta":"","adv-header-id-meta":"","stick-header-meta":"","header-above-stick-meta":"","header-main-stick-meta":"","header-below-stick-meta":"","astra-migrate-meta-layouts":"set","ast-page-background-enabled":"default","ast-page-background-meta":{"desktop":{"background-color":"var(--ast-global-color-4)","background-image":"","background-repeat":"repeat","background-position":"center center","background-size":"auto","background-attachment":"scroll","background-type":"","background-media":"","overlay-type":"","overlay-color":"","overlay-opacity":"","overlay-gradient":""},"tablet":{"background-color":"","background-image":"","background-repeat":"repeat","background-position":"center center","background-size":"auto","background-attachment":"scroll","background-type":"","background-media":"","overlay-type":"","overlay-color":"","overlay-opacity":"","overlay-gradient":""},"mobile":{"background-color":"","background-image":"","background-repeat":"repeat","background-position":"center center","background-size":"auto","background-attachment":"scroll","background-type":"","background-media":"","overlay-type":"","overlay-color":"","overlay-opacity":"","overlay-gradient":""}},"ast-content-background-meta":{"desktop":{"background-color":"var(--ast-global-color-5)","background-image":"","background-repeat":"repeat","background-position":"center center","background-size":"auto","background-attachment":"scroll","background-type":"","background-media":"","overlay-type":"","overlay-color":"","overlay-opacity":"","overlay-gradient":""},"tablet":{"background-color":"var(--ast-global-color-5)","background-image":"","background-repeat":"repeat","background-position":"center center","background-size":"auto","background-attachment":"scroll","background-type":"","background-media":"","overlay-type":"","overlay-color":"","overlay-opacity":"","overlay-gradient":""},"mobile":{"background-color":"var(--ast-global-color-5)","background-image":"","background-repeat":"repeat","background-position":"center center","background-size":"auto","background-attachment":"scroll","background-type":"","background-media":"","overlay-type":"","overlay-color":"","overlay-opacity":"","overlay-gradient":""}},"footnotes":""},"class_list":["post-3674","page","type-page","status-publish","has-post-thumbnail","hentry"],"yoast_head":"<!-- This site is optimized with the Yoast SEO Premium plugin v24.2 (Yoast SEO v24.6) - https:\/\/yoast.com\/wordpress\/plugins\/seo\/ -->\n<title>La oraci\u00f3n es una fuerza en nuestra vida - Uni\u00f3n Esp\u00edrita<\/title>\n<meta name=\"robots\" content=\"index, follow, max-snippet:-1, max-image-preview:large, max-video-preview:-1\" \/>\n<link rel=\"canonical\" href=\"https:\/\/nuevo-renacer.com\/en\/la-oracion-es-una-fuerza-en-nuestra-vida\/\" \/>\n<meta property=\"og:locale\" content=\"en_GB\" \/>\n<meta property=\"og:type\" content=\"article\" \/>\n<meta property=\"og:title\" content=\"La oraci\u00f3n es una fuerza en nuestra vida\" \/>\n<meta property=\"og:description\" content=\"La oraci\u00f3n es una fuerza en nuestra vida La principal obra de la doctrina espirita \u2013 El Libro de los Esp\u00edritus, de Allan Kardec \u2013 dedica un cap\u00edtulo entero a la oraci\u00f3n, definiendo \u00e9sta como un legitimo acto de adoraci\u00f3n al Creador de la vida, cuya importancia para nosotros es muy grande y bien superior [&hellip;]\" \/>\n<meta property=\"og:url\" content=\"https:\/\/nuevo-renacer.com\/en\/la-oracion-es-una-fuerza-en-nuestra-vida\/\" \/>\n<meta property=\"og:site_name\" content=\"Uni\u00f3n Esp\u00edrita\" \/>\n<meta property=\"article:publisher\" content=\"https:\/\/www.facebook.com\/groups\/3431398063740829\" \/>\n<meta property=\"article:modified_time\" content=\"2025-05-23T09:32:16+00:00\" \/>\n<meta property=\"og:image\" content=\"https:\/\/nuevo-renacer.com\/wp-content\/uploads\/2024\/07\/silhouette-of-christian-praying-hands-spiritual-and-religious-people-praying-to-god-christianity-concepts-photo.jpg\" \/>\n\t<meta property=\"og:image:width\" content=\"600\" \/>\n\t<meta property=\"og:image:height\" content=\"400\" \/>\n\t<meta property=\"og:image:type\" content=\"image\/jpeg\" \/>\n<meta name=\"twitter:card\" content=\"summary_large_image\" \/>\n<meta name=\"twitter:label1\" content=\"Estimated reading time\" \/>\n\t<meta name=\"twitter:data1\" content=\"3 minutes\" \/>\n<script type=\"application\/ld+json\" class=\"yoast-schema-graph\">{\"@context\":\"https:\/\/schema.org\",\"@graph\":[{\"@type\":\"WebPage\",\"@id\":\"https:\/\/nuevo-renacer.com\/la-oracion-es-una-fuerza-en-nuestra-vida\/\",\"url\":\"https:\/\/nuevo-renacer.com\/la-oracion-es-una-fuerza-en-nuestra-vida\/\",\"name\":\"La oraci\u00f3n es una fuerza en nuestra vida - Uni\u00f3n Esp\u00edrita\",\"isPartOf\":{\"@id\":\"https:\/\/nuevo-renacer.com\/#website\"},\"primaryImageOfPage\":{\"@id\":\"https:\/\/nuevo-renacer.com\/la-oracion-es-una-fuerza-en-nuestra-vida\/#primaryimage\"},\"image\":{\"@id\":\"https:\/\/nuevo-renacer.com\/la-oracion-es-una-fuerza-en-nuestra-vida\/#primaryimage\"},\"thumbnailUrl\":\"https:\/\/nuevo-renacer.com\/wp-content\/uploads\/2024\/07\/silhouette-of-christian-praying-hands-spiritual-and-religious-people-praying-to-god-christianity-concepts-photo.jpg\",\"datePublished\":\"2024-07-11T11:39:51+00:00\",\"dateModified\":\"2025-05-23T09:32:16+00:00\",\"breadcrumb\":{\"@id\":\"https:\/\/nuevo-renacer.com\/la-oracion-es-una-fuerza-en-nuestra-vida\/#breadcrumb\"},\"inLanguage\":\"en-GB\",\"potentialAction\":[{\"@type\":\"ReadAction\",\"target\":[\"https:\/\/nuevo-renacer.com\/la-oracion-es-una-fuerza-en-nuestra-vida\/\"]}]},{\"@type\":\"ImageObject\",\"inLanguage\":\"en-GB\",\"@id\":\"https:\/\/nuevo-renacer.com\/la-oracion-es-una-fuerza-en-nuestra-vida\/#primaryimage\",\"url\":\"https:\/\/nuevo-renacer.com\/wp-content\/uploads\/2024\/07\/silhouette-of-christian-praying-hands-spiritual-and-religious-people-praying-to-god-christianity-concepts-photo.jpg\",\"contentUrl\":\"https:\/\/nuevo-renacer.com\/wp-content\/uploads\/2024\/07\/silhouette-of-christian-praying-hands-spiritual-and-religious-people-praying-to-god-christianity-concepts-photo.jpg\",\"width\":600,\"height\":400},{\"@type\":\"BreadcrumbList\",\"@id\":\"https:\/\/nuevo-renacer.com\/la-oracion-es-una-fuerza-en-nuestra-vida\/#breadcrumb\",\"itemListElement\":[{\"@type\":\"ListItem\",\"position\":1,\"name\":\"Startseite\",\"item\":\"https:\/\/nuevo-renacer.com\/\"},{\"@type\":\"ListItem\",\"position\":2,\"name\":\"La oraci\u00f3n es una fuerza en nuestra vida\"}]},{\"@type\":\"WebSite\",\"@id\":\"https:\/\/nuevo-renacer.com\/#website\",\"url\":\"https:\/\/nuevo-renacer.com\/\",\"name\":\"Uni\u00f3n Esp\u00edrita\",\"description\":\"Nuevo Renacer\",\"publisher\":{\"@id\":\"https:\/\/nuevo-renacer.com\/#organization\"},\"potentialAction\":[{\"@type\":\"SearchAction\",\"target\":{\"@type\":\"EntryPoint\",\"urlTemplate\":\"https:\/\/nuevo-renacer.com\/?s={search_term_string}\"},\"query-input\":{\"@type\":\"PropertyValueSpecification\",\"valueRequired\":true,\"valueName\":\"search_term_string\"}}],\"inLanguage\":\"en-GB\"},{\"@type\":\"Organization\",\"@id\":\"https:\/\/nuevo-renacer.com\/#organization\",\"name\":\"UFEC\",\"url\":\"https:\/\/nuevo-renacer.com\/\",\"logo\":{\"@type\":\"ImageObject\",\"inLanguage\":\"en-GB\",\"@id\":\"https:\/\/nuevo-renacer.com\/#\/schema\/logo\/image\/\",\"url\":\"https:\/\/nuevo-renacer.com\/wp-content\/uploads\/2024\/05\/cropped-LOGO-TERMINADO1-3-3.png\",\"contentUrl\":\"https:\/\/nuevo-renacer.com\/wp-content\/uploads\/2024\/05\/cropped-LOGO-TERMINADO1-3-3.png\",\"width\":512,\"height\":512,\"caption\":\"UFEC\"},\"image\":{\"@id\":\"https:\/\/nuevo-renacer.com\/#\/schema\/logo\/image\/\"},\"sameAs\":[\"https:\/\/www.facebook.com\/groups\/3431398063740829\"]}]}<\/script>\n<!-- \/ Yoast SEO Premium plugin. -->","yoast_head_json":{"title":"La oraci\u00f3n es una fuerza en nuestra vida - Uni\u00f3n Esp\u00edrita","robots":{"index":"index","follow":"follow","max-snippet":"max-snippet:-1","max-image-preview":"max-image-preview:large","max-video-preview":"max-video-preview:-1"},"canonical":"https:\/\/nuevo-renacer.com\/en\/la-oracion-es-una-fuerza-en-nuestra-vida\/","og_locale":"en_GB","og_type":"article","og_title":"La oraci\u00f3n es una fuerza en nuestra vida","og_description":"La oraci\u00f3n es una fuerza en nuestra vida La principal obra de la doctrina espirita \u2013 El Libro de los Esp\u00edritus, de Allan Kardec \u2013 dedica un cap\u00edtulo entero a la oraci\u00f3n, definiendo \u00e9sta como un legitimo acto de adoraci\u00f3n al Creador de la vida, cuya importancia para nosotros es muy grande y bien superior [&hellip;]","og_url":"https:\/\/nuevo-renacer.com\/en\/la-oracion-es-una-fuerza-en-nuestra-vida\/","og_site_name":"Uni\u00f3n Esp\u00edrita","article_publisher":"https:\/\/www.facebook.com\/groups\/3431398063740829","article_modified_time":"2025-05-23T09:32:16+00:00","og_image":[{"width":600,"height":400,"url":"https:\/\/nuevo-renacer.com\/wp-content\/uploads\/2024\/07\/silhouette-of-christian-praying-hands-spiritual-and-religious-people-praying-to-god-christianity-concepts-photo.jpg","type":"image\/jpeg"}],"twitter_card":"summary_large_image","twitter_misc":{"Estimated reading time":"3 minutes"},"schema":{"@context":"https:\/\/schema.org","@graph":[{"@type":"WebPage","@id":"https:\/\/nuevo-renacer.com\/la-oracion-es-una-fuerza-en-nuestra-vida\/","url":"https:\/\/nuevo-renacer.com\/la-oracion-es-una-fuerza-en-nuestra-vida\/","name":"La oraci\u00f3n es una fuerza en nuestra vida - Uni\u00f3n Esp\u00edrita","isPartOf":{"@id":"https:\/\/nuevo-renacer.com\/#website"},"primaryImageOfPage":{"@id":"https:\/\/nuevo-renacer.com\/la-oracion-es-una-fuerza-en-nuestra-vida\/#primaryimage"},"image":{"@id":"https:\/\/nuevo-renacer.com\/la-oracion-es-una-fuerza-en-nuestra-vida\/#primaryimage"},"thumbnailUrl":"https:\/\/nuevo-renacer.com\/wp-content\/uploads\/2024\/07\/silhouette-of-christian-praying-hands-spiritual-and-religious-people-praying-to-god-christianity-concepts-photo.jpg","datePublished":"2024-07-11T11:39:51+00:00","dateModified":"2025-05-23T09:32:16+00:00","breadcrumb":{"@id":"https:\/\/nuevo-renacer.com\/la-oracion-es-una-fuerza-en-nuestra-vida\/#breadcrumb"},"inLanguage":"en-GB","potentialAction":[{"@type":"ReadAction","target":["https:\/\/nuevo-renacer.com\/la-oracion-es-una-fuerza-en-nuestra-vida\/"]}]},{"@type":"ImageObject","inLanguage":"en-GB","@id":"https:\/\/nuevo-renacer.com\/la-oracion-es-una-fuerza-en-nuestra-vida\/#primaryimage","url":"https:\/\/nuevo-renacer.com\/wp-content\/uploads\/2024\/07\/silhouette-of-christian-praying-hands-spiritual-and-religious-people-praying-to-god-christianity-concepts-photo.jpg","contentUrl":"https:\/\/nuevo-renacer.com\/wp-content\/uploads\/2024\/07\/silhouette-of-christian-praying-hands-spiritual-and-religious-people-praying-to-god-christianity-concepts-photo.jpg","width":600,"height":400},{"@type":"BreadcrumbList","@id":"https:\/\/nuevo-renacer.com\/la-oracion-es-una-fuerza-en-nuestra-vida\/#breadcrumb","itemListElement":[{"@type":"ListItem","position":1,"name":"Startseite","item":"https:\/\/nuevo-renacer.com\/"},{"@type":"ListItem","position":2,"name":"La oraci\u00f3n es una fuerza en nuestra vida"}]},{"@type":"WebSite","@id":"https:\/\/nuevo-renacer.com\/#website","url":"https:\/\/nuevo-renacer.com\/","name":"Uni\u00f3n Esp\u00edrita","description":"Nuevo Renacer","publisher":{"@id":"https:\/\/nuevo-renacer.com\/#organization"},"potentialAction":[{"@type":"SearchAction","target":{"@type":"EntryPoint","urlTemplate":"https:\/\/nuevo-renacer.com\/?s={search_term_string}"},"query-input":{"@type":"PropertyValueSpecification","valueRequired":true,"valueName":"search_term_string"}}],"inLanguage":"en-GB"},{"@type":"Organization","@id":"https:\/\/nuevo-renacer.com\/#organization","name":"UFEC","url":"https:\/\/nuevo-renacer.com\/","logo":{"@type":"ImageObject","inLanguage":"en-GB","@id":"https:\/\/nuevo-renacer.com\/#\/schema\/logo\/image\/","url":"https:\/\/nuevo-renacer.com\/wp-content\/uploads\/2024\/05\/cropped-LOGO-TERMINADO1-3-3.png","contentUrl":"https:\/\/nuevo-renacer.com\/wp-content\/uploads\/2024\/05\/cropped-LOGO-TERMINADO1-3-3.png","width":512,"height":512,"caption":"UFEC"},"image":{"@id":"https:\/\/nuevo-renacer.com\/#\/schema\/logo\/image\/"},"sameAs":["https:\/\/www.facebook.com\/groups\/3431398063740829"]}]}},"uagb_featured_image_src":{"full":["https:\/\/nuevo-renacer.com\/wp-content\/uploads\/2024\/07\/silhouette-of-christian-praying-hands-spiritual-and-religious-people-praying-to-god-christianity-concepts-photo.jpg",600,400,false],"thumbnail":["https:\/\/nuevo-renacer.com\/wp-content\/uploads\/2024\/07\/silhouette-of-christian-praying-hands-spiritual-and-religious-people-praying-to-god-christianity-concepts-photo-150x150.jpg",150,150,true],"medium":["https:\/\/nuevo-renacer.com\/wp-content\/uploads\/2024\/07\/silhouette-of-christian-praying-hands-spiritual-and-religious-people-praying-to-god-christianity-concepts-photo-300x200.jpg",300,200,true],"medium_large":["https:\/\/nuevo-renacer.com\/wp-content\/uploads\/2024\/07\/silhouette-of-christian-praying-hands-spiritual-and-religious-people-praying-to-god-christianity-concepts-photo.jpg",600,400,false],"large":["https:\/\/nuevo-renacer.com\/wp-content\/uploads\/2024\/07\/silhouette-of-christian-praying-hands-spiritual-and-religious-people-praying-to-god-christianity-concepts-photo.jpg",600,400,false],"1536x1536":["https:\/\/nuevo-renacer.com\/wp-content\/uploads\/2024\/07\/silhouette-of-christian-praying-hands-spiritual-and-religious-people-praying-to-god-christianity-concepts-photo.jpg",600,400,false],"2048x2048":["https:\/\/nuevo-renacer.com\/wp-content\/uploads\/2024\/07\/silhouette-of-christian-praying-hands-spiritual-and-religious-people-praying-to-god-christianity-concepts-photo.jpg",600,400,false],"trp-custom-language-flag":["https:\/\/nuevo-renacer.com\/wp-content\/uploads\/2024\/07\/silhouette-of-christian-praying-hands-spiritual-and-religious-people-praying-to-god-christianity-concepts-photo-18x12.jpg",18,12,true]},"uagb_author_info":{"display_name":"adbv0","author_link":"https:\/\/nuevo-renacer.com\/en\/author\/adbv0\/"},"uagb_comment_info":0,"uagb_excerpt":"La oraci\u00f3n es una fuerza en nuestra vida La principal obra de la doctrina espirita \u2013 El Libro de los Esp\u00edritus, de Allan Kardec \u2013 dedica un cap\u00edtulo entero a la oraci\u00f3n, definiendo \u00e9sta como un legitimo acto de adoraci\u00f3n al Creador de la vida, cuya importancia para nosotros es muy grande y bien superior&hellip;","jetpack_sharing_enabled":true,"_links":{"self":[{"href":"https:\/\/nuevo-renacer.com\/en\/wp-json\/wp\/v2\/pages\/3674","targetHints":{"allow":["GET"]}}],"collection":[{"href":"https:\/\/nuevo-renacer.com\/en\/wp-json\/wp\/v2\/pages"}],"about":[{"href":"https:\/\/nuevo-renacer.com\/en\/wp-json\/wp\/v2\/types\/page"}],"author":[{"embeddable":true,"href":"https:\/\/nuevo-renacer.com\/en\/wp-json\/wp\/v2\/users\/1"}],"replies":[{"embeddable":true,"href":"https:\/\/nuevo-renacer.com\/en\/wp-json\/wp\/v2\/comments?post=3674"}],"version-history":[{"count":2,"href":"https:\/\/nuevo-renacer.com\/en\/wp-json\/wp\/v2\/pages\/3674\/revisions"}],"predecessor-version":[{"id":8174,"href":"https:\/\/nuevo-renacer.com\/en\/wp-json\/wp\/v2\/pages\/3674\/revisions\/8174"}],"wp:featuredmedia":[{"embeddable":true,"href":"https:\/\/nuevo-renacer.com\/en\/wp-json\/wp\/v2\/media\/3675"}],"wp:attachment":[{"href":"https:\/\/nuevo-renacer.com\/en\/wp-json\/wp\/v2\/media?parent=3674"}],"curies":[{"name":"wp","href":"https:\/\/api.w.org\/{rel}","templated":true}]}}