{"id":3667,"date":"2024-07-11T11:06:05","date_gmt":"2024-07-11T11:06:05","guid":{"rendered":"https:\/\/ufec-mundial.com\/?page_id=3667"},"modified":"2025-05-23T09:48:45","modified_gmt":"2025-05-23T09:48:45","slug":"la-verdadera-caridad-segun-el-espiritismo","status":"publish","type":"page","link":"https:\/\/nuevo-renacer.com\/en\/la-verdadera-caridad-segun-el-espiritismo\/","title":{"rendered":"True charity, according to Spiritism"},"content":{"rendered":"<div class=\"wp-block-uagb-container uagb-block-6f2098b7 alignfull uagb-is-root-container\"><div class=\"uagb-container-inner-blocks-wrap\">\n<p class=\"has-black-color has-text-color has-link-color has-medium-font-size wp-elements-5a9a27f92373d60b1b52e59e14214c51\"><strong>True charity, according to Spiritism<\/strong><\/p>\n<\/div><\/div>\n\n\n\n<div class=\"wp-block-uagb-container uagb-block-7963da1f alignfull uagb-is-root-container\"><div class=\"uagb-container-inner-blocks-wrap\">\n<div class=\"wp-block-uagb-image alignleft uagb-block-9ad24a57 wp-block-uagb-image--layout-default wp-block-uagb-image--effect-static wp-block-uagb-image--align-left\"><figure class=\"wp-block-uagb-image__figure\"><img loading=\"lazy\" decoding=\"async\" srcset=\"https:\/\/nuevo-renacer.com\/wp-content\/uploads\/2024\/07\/Download-1.jpg ,https:\/\/ufec-mundial.com\/wp-content\/uploads\/2024\/07\/Download-1.jpg 780w, https:\/\/nuevo-renacer.com\/wp-content\/uploads\/2024\/07\/Download-1.jpg 360w\" sizes=\"auto, (max-width: 480px) 150px\" src=\"https:\/\/nuevo-renacer.com\/wp-content\/uploads\/2024\/07\/Download-1.jpg\" alt=\"\" class=\"uag-image-3668\" width=\"395\" height=\"181\" title=\"Download-1\" role=\"img\"\/><\/figure><\/div>\n<\/div><\/div>\n\n\n\n<div class=\"wp-block-uagb-container uagb-block-4fe15303 alignfull uagb-is-root-container\"><div class=\"uagb-container-inner-blocks-wrap\">\n<p class=\"has-black-color has-text-color has-link-color has-small-font-size wp-elements-c67230389e26cccc62f99763abcd92c3\">Caridad: t\u00e9rmino tan usado en todas partes, pero a\u00fan&nbsp;tan incomprendido.<\/p>\n\n\n\n<p class=\"has-black-color has-text-color has-link-color has-small-font-size wp-elements-5cebd9c80753f8fbd1579f1140523acc\">What is true Charity, according to Spiritism?<\/p>\n\n\n\n<p class=\"has-black-color has-text-color has-link-color has-small-font-size wp-elements-56a0ead3aeb65c0523bbafa00ecb52f2\">For us spiritists, it appears everywhere, in all literature. Kardec made it a necessary basis for all happiness, saying: \u2018outside of charity there is no salvation\u2019. The statement, of course, was born out of a certain opposition to religious dogmatism, which tried to proclaim that salvation was in every sect, in an exclusivist and even selfish way, but it remains true, because, without charity, there is no love. for others...<\/p>\n\n\n\n<p class=\"has-black-color has-text-color has-link-color has-small-font-size wp-elements-73598ff9ef1f8dca8ef17497de282873\">However, the term charity has now taken on the connotation of welfarism, almost exclusively, becoming synonymous with material donation. But for us to really understand it in the spiritism context, we need to go back to the context of Allan Kardec in France in the mid-1850s:<\/p>\n\n\n\n<p class=\"has-black-color has-text-color has-link-color has-small-font-size wp-elements-8f19a0c575bb016fbb62dd5dc5491363\"><em>It is important to highlight that the term charity used by Kardec, for Rational Spiritism, at that time (different from the current definition of the term, close to welfare), represented acting out of duty, that is to say, freely, consciously, intentionally, independently of punishments and rewards, with full understanding of the moral law. Charity is a principle that orients the integral action of the being, and not a complementary activity, as if it were an accessory conduct. [...].<\/em><\/p>\n\n\n\n<p class=\"has-black-color has-text-color has-link-color has-small-font-size wp-elements-0e2d26749614c93242b3b408286bdedf\">Paulo Henrique de Figueiredo \u2013 The legacy of Allan Kardec<\/p>\n\n\n\n<p class=\"has-black-color has-text-color has-link-color has-small-font-size wp-elements-ef69e88880e9c725df6ed0975787e712\">We thus see that charity, properly understood, must constitute the way of being, the way of proceeding, and not be limited to isolated actions that often speak more of the need to be seen as a \u2018charitable person\u2019, a situation in which there is no true charity, but only ego and vanity. More than that, charity is not limited to material donations. In fact, I would say that it is, most of the time, the opposite of material giving, since those who donate materially, be it money, food, things, often do so as a form of relief of conscience.<\/p>\n\n\n\n<p class=\"has-black-color has-text-color has-link-color has-small-font-size wp-elements-0d8a6b83022a541ac7d7d55b03269ba8\">El mismo Cristo ejemplifica, en la \u201cpar\u00e1bola del \u00f3bolo de la viuda\u201d, que la verdadera intenci\u00f3n, o, si se quiere, la fe, es la que m\u00e1s habla. Mucha gente dona dinero u otros recursos queriendo&nbsp;De Verdad&nbsp;haciendo el bien y, por supuesto, eso cuenta mucho. Pero cu\u00e1ntas veces nos limitamos a hacer una donaci\u00f3n material, sin siquiera reflexionar sobre lo que estamos haciendo y sobre la situaci\u00f3n real de esa persona que nos pide, en un acto [enga\u00f1oso], casi siempre, de librarnos de ir m\u00e1s all\u00e1, o solo&nbsp;\u00bfSentirse bien?<\/p>\n\n\n\n<p class=\"has-black-color has-text-color has-link-color has-small-font-size wp-elements-4b1c5dfdb7281e68276946608a4652fa\">Let's think: how many people use donations to, by reselling resources, obtain money to buy medicines? How many people, having easy resources at their disposal, throw themselves into the worst vices and wastefulness, digging themselves deeper and deeper into the same hole they are sinking into? Does giving to these people on a regular basis really help their situations? Could it really be that if the rich simply gave away their fortunes, human misery would end?<\/p>\n\n\n\n<p class=\"has-black-color has-text-color has-link-color has-small-font-size wp-elements-1fe96545e0c93e3e15f1e35d19e84bf9\">I am by no means saying that we should not donate material resources; but let us think beyond that, analysing each situation and seeking to be fraternal with the brother who seeks us out, genuinely concerned about that person's situation. Often, a simple question like \"Why are you on the street, brother? What's going on?\" can pave the way for a much more fruitful relationship which, let's not forget, benefits both sides.<\/p>\n\n\n\n<p class=\"has-black-color has-text-color has-link-color has-small-font-size wp-elements-acaf408da97786eec111340b592916b9\">The individual who really wants to do good does not do charity once a month or once a week: he or she is kind, all the time. And being charitable is about putting others before our own wants and needs. How often do people who are going through the most difficult times in their lives find the strength to give charity by giving a smile to someone who is crying even harder?<\/p>\n\n\n\n<p class=\"has-black-color has-text-color has-link-color has-small-font-size wp-elements-aeceba42106e25a81084b7964c86b912\">When we think, therefore, of charity, we must necessarily think of one thing: to go beyond it. If we donate something material, let this be only the door to create a bond and an opening to deepen the relationship with the brother who may be suffering a lot. But, above all, let us not forget that the greatest charity we can give to others is to bring them love, faith and comfort, especially through the example of someone who lives what he says and not just as someone who throws words to the wind. .<\/p>\n\n\n\n<p class=\"has-black-color has-text-color has-link-color has-small-font-size wp-elements-36f67fa7e0427e9781ec20816037fe9a\">It is, therefore, a kind of charity to humanity that we should strive for our own moral betterment, seeking to change ourselves in the light of that which comforts us and, in our case, by studying with dedication Spiritism, a doctrine which, many times in life, saved us from bad decisions or led us to better paths. Let us learn to spread it without scandalising, that is, without starting conversations by talking about reincarnation and obsession, but rather by presenting the comforting philosophy found in this Doctrine.<\/p>\n\n\n\n<p class=\"has-black-color has-text-color has-link-color has-small-font-size wp-elements-56ee9eece3912b393aba2e743e35b855\">Then we will walk out the door and find people everywhere, desperately in need of something to comfort them, to help them get the thought of giving up out of their heads, to help them get through the trials of life with unwavering faith and firm determination. They are almost always difficult people, because of the moment of crisis in which they live, and would it not be a greater charity to strive to help them, persistently and fraternally, even though we know that we will often experience difficulties in this initially difficult contact?<\/p>\n\n\n\n<p class=\"has-black-color has-text-color has-link-color has-small-font-size wp-elements-3165d23a7187291905aa189068349290\">Believe me, brethren: we do far greater charity by leaving behind our imperfections and spreading comforts and insights that can change, forever, the direction of a Spirit, than simply donating a \"thing\", which He will use and discard, while we turn our backs on Him and go on with our lives, unwilling to go any further. After all, what is the point of donating a bag of rice to someone asking at the door when we are not charitable, even to our own family members or our subordinates at work?<\/p>\n<\/div><\/div>","protected":false},"excerpt":{"rendered":"<p>La verdadera caridad, seg\u00fan el Espiritismo Caridad: t\u00e9rmino tan usado en todas partes, pero a\u00fan&nbsp;tan incomprendido. \u00bfQu\u00e9 ser\u00eda la verdadera Caridad, seg\u00fan el Espiritismo? Para nosotros, los espiritistas, aparece en todas partes, en toda la literatura. Kardec la hizo base necesaria para toda felicidad, diciendo: \u201cfuera de la caridad no hay salvaci\u00f3n\u201d. La afirmaci\u00f3n, por [&hellip;]<\/p>","protected":false},"author":1,"featured_media":3668,"parent":0,"menu_order":0,"comment_status":"closed","ping_status":"closed","template":"","meta":{"_uag_custom_page_level_css":"","site-sidebar-layout":"default","site-content-layout":"","ast-site-content-layout":"default","site-content-style":"default","site-sidebar-style":"default","ast-global-header-display":"","ast-banner-title-visibility":"","ast-main-header-display":"","ast-hfb-above-header-display":"","ast-hfb-below-header-display":"","ast-hfb-mobile-header-display":"","site-post-title":"disabled","ast-breadcrumbs-content":"","ast-featured-img":"","footer-sml-layout":"","theme-transparent-header-meta":"","adv-header-id-meta":"","stick-header-meta":"","header-above-stick-meta":"","header-main-stick-meta":"","header-below-stick-meta":"","astra-migrate-meta-layouts":"set","ast-page-background-enabled":"default","ast-page-background-meta":{"desktop":{"background-color":"var(--ast-global-color-4)","background-image":"","background-repeat":"repeat","background-position":"center center","background-size":"auto","background-attachment":"scroll","background-type":"","background-media":"","overlay-type":"","overlay-color":"","overlay-opacity":"","overlay-gradient":""},"tablet":{"background-color":"","background-image":"","background-repeat":"repeat","background-position":"center center","background-size":"auto","background-attachment":"scroll","background-type":"","background-media":"","overlay-type":"","overlay-color":"","overlay-opacity":"","overlay-gradient":""},"mobile":{"background-color":"","background-image":"","background-repeat":"repeat","background-position":"center center","background-size":"auto","background-attachment":"scroll","background-type":"","background-media":"","overlay-type":"","overlay-color":"","overlay-opacity":"","overlay-gradient":""}},"ast-content-background-meta":{"desktop":{"background-color":"var(--ast-global-color-5)","background-image":"","background-repeat":"repeat","background-position":"center center","background-size":"auto","background-attachment":"scroll","background-type":"","background-media":"","overlay-type":"","overlay-color":"","overlay-opacity":"","overlay-gradient":""},"tablet":{"background-color":"var(--ast-global-color-5)","background-image":"","background-repeat":"repeat","background-position":"center center","background-size":"auto","background-attachment":"scroll","background-type":"","background-media":"","overlay-type":"","overlay-color":"","overlay-opacity":"","overlay-gradient":""},"mobile":{"background-color":"var(--ast-global-color-5)","background-image":"","background-repeat":"repeat","background-position":"center center","background-size":"auto","background-attachment":"scroll","background-type":"","background-media":"","overlay-type":"","overlay-color":"","overlay-opacity":"","overlay-gradient":""}},"footnotes":""},"class_list":["post-3667","page","type-page","status-publish","has-post-thumbnail","hentry"],"yoast_head":"<!-- This site is optimized with the Yoast SEO Premium plugin v24.2 (Yoast SEO v24.6) - https:\/\/yoast.com\/wordpress\/plugins\/seo\/ -->\n<title>La verdadera caridad, seg\u00fan el Espiritismo - Uni\u00f3n Esp\u00edrita<\/title>\n<meta name=\"robots\" content=\"index, follow, max-snippet:-1, max-image-preview:large, max-video-preview:-1\" \/>\n<link rel=\"canonical\" href=\"https:\/\/nuevo-renacer.com\/en\/la-verdadera-caridad-segun-el-espiritismo\/\" \/>\n<meta property=\"og:locale\" content=\"en_GB\" \/>\n<meta property=\"og:type\" content=\"article\" \/>\n<meta property=\"og:title\" content=\"La verdadera caridad, seg\u00fan el Espiritismo\" \/>\n<meta property=\"og:description\" content=\"La verdadera caridad, seg\u00fan el Espiritismo Caridad: t\u00e9rmino tan usado en todas partes, pero a\u00fan&nbsp;tan incomprendido. \u00bfQu\u00e9 ser\u00eda la verdadera Caridad, seg\u00fan el Espiritismo? Para nosotros, los espiritistas, aparece en todas partes, en toda la literatura. Kardec la hizo base necesaria para toda felicidad, diciendo: \u201cfuera de la caridad no hay salvaci\u00f3n\u201d. La afirmaci\u00f3n, por [&hellip;]\" \/>\n<meta property=\"og:url\" content=\"https:\/\/nuevo-renacer.com\/en\/la-verdadera-caridad-segun-el-espiritismo\/\" \/>\n<meta property=\"og:site_name\" content=\"Uni\u00f3n Esp\u00edrita\" \/>\n<meta property=\"article:publisher\" content=\"https:\/\/www.facebook.com\/groups\/3431398063740829\" \/>\n<meta property=\"article:modified_time\" content=\"2025-05-23T09:48:45+00:00\" \/>\n<meta property=\"og:image\" content=\"https:\/\/nuevo-renacer.com\/wp-content\/uploads\/2024\/07\/Download-1.jpg\" \/>\n\t<meta property=\"og:image:width\" content=\"259\" \/>\n\t<meta property=\"og:image:height\" content=\"194\" \/>\n\t<meta property=\"og:image:type\" content=\"image\/jpeg\" \/>\n<meta name=\"twitter:card\" content=\"summary_large_image\" \/>\n<meta name=\"twitter:label1\" content=\"Estimated reading time\" \/>\n\t<meta name=\"twitter:data1\" content=\"6 minutes\" \/>\n<script type=\"application\/ld+json\" class=\"yoast-schema-graph\">{\"@context\":\"https:\/\/schema.org\",\"@graph\":[{\"@type\":\"WebPage\",\"@id\":\"https:\/\/nuevo-renacer.com\/la-verdadera-caridad-segun-el-espiritismo\/\",\"url\":\"https:\/\/nuevo-renacer.com\/la-verdadera-caridad-segun-el-espiritismo\/\",\"name\":\"La verdadera caridad, seg\u00fan el Espiritismo - Uni\u00f3n Esp\u00edrita\",\"isPartOf\":{\"@id\":\"https:\/\/nuevo-renacer.com\/#website\"},\"primaryImageOfPage\":{\"@id\":\"https:\/\/nuevo-renacer.com\/la-verdadera-caridad-segun-el-espiritismo\/#primaryimage\"},\"image\":{\"@id\":\"https:\/\/nuevo-renacer.com\/la-verdadera-caridad-segun-el-espiritismo\/#primaryimage\"},\"thumbnailUrl\":\"https:\/\/nuevo-renacer.com\/wp-content\/uploads\/2024\/07\/Download-1.jpg\",\"datePublished\":\"2024-07-11T11:06:05+00:00\",\"dateModified\":\"2025-05-23T09:48:45+00:00\",\"breadcrumb\":{\"@id\":\"https:\/\/nuevo-renacer.com\/la-verdadera-caridad-segun-el-espiritismo\/#breadcrumb\"},\"inLanguage\":\"en-GB\",\"potentialAction\":[{\"@type\":\"ReadAction\",\"target\":[\"https:\/\/nuevo-renacer.com\/la-verdadera-caridad-segun-el-espiritismo\/\"]}]},{\"@type\":\"ImageObject\",\"inLanguage\":\"en-GB\",\"@id\":\"https:\/\/nuevo-renacer.com\/la-verdadera-caridad-segun-el-espiritismo\/#primaryimage\",\"url\":\"https:\/\/nuevo-renacer.com\/wp-content\/uploads\/2024\/07\/Download-1.jpg\",\"contentUrl\":\"https:\/\/nuevo-renacer.com\/wp-content\/uploads\/2024\/07\/Download-1.jpg\",\"width\":259,\"height\":194},{\"@type\":\"BreadcrumbList\",\"@id\":\"https:\/\/nuevo-renacer.com\/la-verdadera-caridad-segun-el-espiritismo\/#breadcrumb\",\"itemListElement\":[{\"@type\":\"ListItem\",\"position\":1,\"name\":\"Startseite\",\"item\":\"https:\/\/nuevo-renacer.com\/\"},{\"@type\":\"ListItem\",\"position\":2,\"name\":\"La verdadera caridad, seg\u00fan el Espiritismo\"}]},{\"@type\":\"WebSite\",\"@id\":\"https:\/\/nuevo-renacer.com\/#website\",\"url\":\"https:\/\/nuevo-renacer.com\/\",\"name\":\"Uni\u00f3n Esp\u00edrita\",\"description\":\"Nuevo Renacer\",\"publisher\":{\"@id\":\"https:\/\/nuevo-renacer.com\/#organization\"},\"potentialAction\":[{\"@type\":\"SearchAction\",\"target\":{\"@type\":\"EntryPoint\",\"urlTemplate\":\"https:\/\/nuevo-renacer.com\/?s={search_term_string}\"},\"query-input\":{\"@type\":\"PropertyValueSpecification\",\"valueRequired\":true,\"valueName\":\"search_term_string\"}}],\"inLanguage\":\"en-GB\"},{\"@type\":\"Organization\",\"@id\":\"https:\/\/nuevo-renacer.com\/#organization\",\"name\":\"UFEC\",\"url\":\"https:\/\/nuevo-renacer.com\/\",\"logo\":{\"@type\":\"ImageObject\",\"inLanguage\":\"en-GB\",\"@id\":\"https:\/\/nuevo-renacer.com\/#\/schema\/logo\/image\/\",\"url\":\"https:\/\/nuevo-renacer.com\/wp-content\/uploads\/2024\/05\/cropped-LOGO-TERMINADO1-3-3.png\",\"contentUrl\":\"https:\/\/nuevo-renacer.com\/wp-content\/uploads\/2024\/05\/cropped-LOGO-TERMINADO1-3-3.png\",\"width\":512,\"height\":512,\"caption\":\"UFEC\"},\"image\":{\"@id\":\"https:\/\/nuevo-renacer.com\/#\/schema\/logo\/image\/\"},\"sameAs\":[\"https:\/\/www.facebook.com\/groups\/3431398063740829\"]}]}<\/script>\n<!-- \/ Yoast SEO Premium plugin. -->","yoast_head_json":{"title":"La verdadera caridad, seg\u00fan el Espiritismo - Uni\u00f3n Esp\u00edrita","robots":{"index":"index","follow":"follow","max-snippet":"max-snippet:-1","max-image-preview":"max-image-preview:large","max-video-preview":"max-video-preview:-1"},"canonical":"https:\/\/nuevo-renacer.com\/en\/la-verdadera-caridad-segun-el-espiritismo\/","og_locale":"en_GB","og_type":"article","og_title":"La verdadera caridad, seg\u00fan el Espiritismo","og_description":"La verdadera caridad, seg\u00fan el Espiritismo Caridad: t\u00e9rmino tan usado en todas partes, pero a\u00fan&nbsp;tan incomprendido. \u00bfQu\u00e9 ser\u00eda la verdadera Caridad, seg\u00fan el Espiritismo? Para nosotros, los espiritistas, aparece en todas partes, en toda la literatura. Kardec la hizo base necesaria para toda felicidad, diciendo: \u201cfuera de la caridad no hay salvaci\u00f3n\u201d. La afirmaci\u00f3n, por [&hellip;]","og_url":"https:\/\/nuevo-renacer.com\/en\/la-verdadera-caridad-segun-el-espiritismo\/","og_site_name":"Uni\u00f3n Esp\u00edrita","article_publisher":"https:\/\/www.facebook.com\/groups\/3431398063740829","article_modified_time":"2025-05-23T09:48:45+00:00","og_image":[{"width":259,"height":194,"url":"https:\/\/nuevo-renacer.com\/wp-content\/uploads\/2024\/07\/Download-1.jpg","type":"image\/jpeg"}],"twitter_card":"summary_large_image","twitter_misc":{"Estimated reading time":"6 minutes"},"schema":{"@context":"https:\/\/schema.org","@graph":[{"@type":"WebPage","@id":"https:\/\/nuevo-renacer.com\/la-verdadera-caridad-segun-el-espiritismo\/","url":"https:\/\/nuevo-renacer.com\/la-verdadera-caridad-segun-el-espiritismo\/","name":"La verdadera caridad, seg\u00fan el Espiritismo - Uni\u00f3n Esp\u00edrita","isPartOf":{"@id":"https:\/\/nuevo-renacer.com\/#website"},"primaryImageOfPage":{"@id":"https:\/\/nuevo-renacer.com\/la-verdadera-caridad-segun-el-espiritismo\/#primaryimage"},"image":{"@id":"https:\/\/nuevo-renacer.com\/la-verdadera-caridad-segun-el-espiritismo\/#primaryimage"},"thumbnailUrl":"https:\/\/nuevo-renacer.com\/wp-content\/uploads\/2024\/07\/Download-1.jpg","datePublished":"2024-07-11T11:06:05+00:00","dateModified":"2025-05-23T09:48:45+00:00","breadcrumb":{"@id":"https:\/\/nuevo-renacer.com\/la-verdadera-caridad-segun-el-espiritismo\/#breadcrumb"},"inLanguage":"en-GB","potentialAction":[{"@type":"ReadAction","target":["https:\/\/nuevo-renacer.com\/la-verdadera-caridad-segun-el-espiritismo\/"]}]},{"@type":"ImageObject","inLanguage":"en-GB","@id":"https:\/\/nuevo-renacer.com\/la-verdadera-caridad-segun-el-espiritismo\/#primaryimage","url":"https:\/\/nuevo-renacer.com\/wp-content\/uploads\/2024\/07\/Download-1.jpg","contentUrl":"https:\/\/nuevo-renacer.com\/wp-content\/uploads\/2024\/07\/Download-1.jpg","width":259,"height":194},{"@type":"BreadcrumbList","@id":"https:\/\/nuevo-renacer.com\/la-verdadera-caridad-segun-el-espiritismo\/#breadcrumb","itemListElement":[{"@type":"ListItem","position":1,"name":"Startseite","item":"https:\/\/nuevo-renacer.com\/"},{"@type":"ListItem","position":2,"name":"La verdadera caridad, seg\u00fan el Espiritismo"}]},{"@type":"WebSite","@id":"https:\/\/nuevo-renacer.com\/#website","url":"https:\/\/nuevo-renacer.com\/","name":"Uni\u00f3n Esp\u00edrita","description":"Nuevo Renacer","publisher":{"@id":"https:\/\/nuevo-renacer.com\/#organization"},"potentialAction":[{"@type":"SearchAction","target":{"@type":"EntryPoint","urlTemplate":"https:\/\/nuevo-renacer.com\/?s={search_term_string}"},"query-input":{"@type":"PropertyValueSpecification","valueRequired":true,"valueName":"search_term_string"}}],"inLanguage":"en-GB"},{"@type":"Organization","@id":"https:\/\/nuevo-renacer.com\/#organization","name":"UFEC","url":"https:\/\/nuevo-renacer.com\/","logo":{"@type":"ImageObject","inLanguage":"en-GB","@id":"https:\/\/nuevo-renacer.com\/#\/schema\/logo\/image\/","url":"https:\/\/nuevo-renacer.com\/wp-content\/uploads\/2024\/05\/cropped-LOGO-TERMINADO1-3-3.png","contentUrl":"https:\/\/nuevo-renacer.com\/wp-content\/uploads\/2024\/05\/cropped-LOGO-TERMINADO1-3-3.png","width":512,"height":512,"caption":"UFEC"},"image":{"@id":"https:\/\/nuevo-renacer.com\/#\/schema\/logo\/image\/"},"sameAs":["https:\/\/www.facebook.com\/groups\/3431398063740829"]}]}},"uagb_featured_image_src":{"full":["https:\/\/nuevo-renacer.com\/wp-content\/uploads\/2024\/07\/Download-1.jpg",259,194,false],"thumbnail":["https:\/\/nuevo-renacer.com\/wp-content\/uploads\/2024\/07\/Download-1-150x150.jpg",150,150,true],"medium":["https:\/\/nuevo-renacer.com\/wp-content\/uploads\/2024\/07\/Download-1.jpg",259,194,false],"medium_large":["https:\/\/nuevo-renacer.com\/wp-content\/uploads\/2024\/07\/Download-1.jpg",259,194,false],"large":["https:\/\/nuevo-renacer.com\/wp-content\/uploads\/2024\/07\/Download-1.jpg",259,194,false],"1536x1536":["https:\/\/nuevo-renacer.com\/wp-content\/uploads\/2024\/07\/Download-1.jpg",259,194,false],"2048x2048":["https:\/\/nuevo-renacer.com\/wp-content\/uploads\/2024\/07\/Download-1.jpg",259,194,false],"trp-custom-language-flag":["https:\/\/nuevo-renacer.com\/wp-content\/uploads\/2024\/07\/Download-1-16x12.jpg",16,12,true]},"uagb_author_info":{"display_name":"adbv0","author_link":"https:\/\/nuevo-renacer.com\/en\/author\/adbv0\/"},"uagb_comment_info":0,"uagb_excerpt":"La verdadera caridad, seg\u00fan el Espiritismo Caridad: t\u00e9rmino tan usado en todas partes, pero a\u00fan&nbsp;tan incomprendido. \u00bfQu\u00e9 ser\u00eda la verdadera Caridad, seg\u00fan el Espiritismo? Para nosotros, los espiritistas, aparece en todas partes, en toda la literatura. Kardec la hizo base necesaria para toda felicidad, diciendo: \u201cfuera de la caridad no hay salvaci\u00f3n\u201d. La afirmaci\u00f3n, por&hellip;","jetpack_sharing_enabled":true,"_links":{"self":[{"href":"https:\/\/nuevo-renacer.com\/en\/wp-json\/wp\/v2\/pages\/3667","targetHints":{"allow":["GET"]}}],"collection":[{"href":"https:\/\/nuevo-renacer.com\/en\/wp-json\/wp\/v2\/pages"}],"about":[{"href":"https:\/\/nuevo-renacer.com\/en\/wp-json\/wp\/v2\/types\/page"}],"author":[{"embeddable":true,"href":"https:\/\/nuevo-renacer.com\/en\/wp-json\/wp\/v2\/users\/1"}],"replies":[{"embeddable":true,"href":"https:\/\/nuevo-renacer.com\/en\/wp-json\/wp\/v2\/comments?post=3667"}],"version-history":[{"count":7,"href":"https:\/\/nuevo-renacer.com\/en\/wp-json\/wp\/v2\/pages\/3667\/revisions"}],"predecessor-version":[{"id":8185,"href":"https:\/\/nuevo-renacer.com\/en\/wp-json\/wp\/v2\/pages\/3667\/revisions\/8185"}],"wp:featuredmedia":[{"embeddable":true,"href":"https:\/\/nuevo-renacer.com\/en\/wp-json\/wp\/v2\/media\/3668"}],"wp:attachment":[{"href":"https:\/\/nuevo-renacer.com\/en\/wp-json\/wp\/v2\/media?parent=3667"}],"curies":[{"name":"wp","href":"https:\/\/api.w.org\/{rel}","templated":true}]}}