{"id":3658,"date":"2024-07-11T10:41:33","date_gmt":"2024-07-11T10:41:33","guid":{"rendered":"https:\/\/ufec-mundial.com\/?page_id=3658"},"modified":"2025-05-23T09:27:33","modified_gmt":"2025-05-23T09:27:33","slug":"el-sentido-de-la-vida","status":"publish","type":"page","link":"https:\/\/nuevo-renacer.com\/en\/el-sentido-de-la-vida\/","title":{"rendered":"The meaning of life"},"content":{"rendered":"<div class=\"wp-block-uagb-container uagb-block-ca0d25dc alignfull uagb-is-root-container\"><div class=\"uagb-container-inner-blocks-wrap\">\n<p class=\"has-black-color has-text-color has-link-color has-medium-font-size wp-elements-6c5c7cc04b22ce4d37937a7f13d90495\"><strong>The meaning of life<\/strong><\/p>\n<\/div><\/div>\n\n\n\n<div class=\"wp-block-uagb-container uagb-block-c75c8710 alignfull uagb-is-root-container\"><div class=\"uagb-container-inner-blocks-wrap\">\n<div class=\"wp-block-uagb-image alignleft uagb-block-87ec8ef0 wp-block-uagb-image--layout-default wp-block-uagb-image--effect-static wp-block-uagb-image--align-left\"><figure class=\"wp-block-uagb-image__figure\"><img loading=\"lazy\" decoding=\"async\" srcset=\"https:\/\/nuevo-renacer.com\/wp-content\/uploads\/2024\/07\/448152407_7983270555026690_6711918801825949372_n.jpg ,https:\/\/ufec-mundial.com\/wp-content\/uploads\/2024\/07\/448152407_7983270555026690_6711918801825949372_n.jpg 780w, https:\/\/nuevo-renacer.com\/wp-content\/uploads\/2024\/07\/448152407_7983270555026690_6711918801825949372_n.jpg 360w\" sizes=\"auto, (max-width: 480px) 150px\" src=\"https:\/\/nuevo-renacer.com\/wp-content\/uploads\/2024\/07\/448152407_7983270555026690_6711918801825949372_n.jpg\" alt=\"\" class=\"uag-image-3659\" width=\"464\" height=\"260\" title=\"\" role=\"img\"\/><\/figure><\/div>\n<\/div><\/div>\n\n\n\n<div class=\"wp-block-uagb-container uagb-block-d7284198 alignfull uagb-is-root-container\"><div class=\"uagb-container-inner-blocks-wrap\">\n<p class=\"has-black-color has-text-color has-link-color has-small-font-size wp-elements-25c8ab2470001e6c00b1940af4552818\">Why and what do we live for? The answer to this question is of great importance in understanding the problem of obsession. According to Spiritism, we live to develop the psychic potentialities with which we are all endowed.<\/p>\n\n\n\n<p class=\"has-black-color has-text-color has-link-color has-small-font-size wp-elements-04227d75e0c3506067fd0e88899b3a30\">Our earthly existence is aimed at transcendence, that is, the constant improvement of our human condition. From birth to our last day on earth, we go through experiences that develop our innate abilities in every way. The newborn baby grows day by day, develops its organism, learns to communicate with others, to speak and to reason, to want and to act in order to get what it wants.<\/p>\n\n\n\n<p class=\"has-black-color has-text-color has-link-color has-small-font-size wp-elements-e84b9bc2ec34fb9aee0a3269c50310b6\">He transcends the condition in which he was born and passes into the higher stages of childhood, then into adolescence, and then into youth, middle age and old age. Throughout this journey he has developed his organic and psychic forces, his affectivity, his capacity to understand what is going on around him and his power to dominate circumstances. This is transcending, rising above the condition in which he was born. And that is what we live for. This shows us that the meaning of life is transcendence.<\/p>\n\n\n\n<p class=\"has-black-color has-text-color has-link-color has-small-font-size wp-elements-23afc194142721f66d02bb751fe4926c\">Today, Existential Philosophy upholds the same principle in the philosophical field. Existentialists consider man as a project, that is, a being projected into existence like an arrow in the direction of a goal, which is transcendence. But according to Spiritism there are many and successive existences, so that in each earthly existence we reach a new degree of transcendence. Current parapsychological studies on reincarnation confirm this principle. The fact that we live many lives on earth, and not just one, indicates that we have in our unconscious a far greater store of memories and knowledge, aspirations, frustrations and traumas than Freud discovered.<\/p>\n\n\n\n<p class=\"has-black-color has-text-color has-link-color has-small-font-size wp-elements-939812b181bd2a28bcfef739aae5b62d\">It is good to remember this important fact: when Kardec discovered the manifestations of the unconscious through his researches on psychic phenomena, Freud was only one year old. This does not detract from Freud, who was not aware of Kardec's researches, but it shows us the certainty of the spiritist researches on the human psyche. The spiritist conception of human life on Earth is not imaginary, but real, based on scientific studies. Those who regard Spiritism as a superstitious doctrine, created out of ignorance, reveal themselves to be more ignorant than they could possibly think of themselves.<\/p>\n\n\n\n<p class=\"has-black-color has-text-color has-link-color has-small-font-size wp-elements-a03c8a62f246adb2eb65d15bcee598e2\">The Spiritist Doctrine is today scientifically proven by the most advanced scientists. We say this to show our readers that the meaning of life to which we refer is not a hypothesis, but a reality. If we do not understand that life is transcendence, growth, elevation and constant and proven development of the spiritual being that we are, we will not be able to face the problem of obsession naturally and struggle to solve it.<\/p>\n<\/div><\/div>","protected":false},"excerpt":{"rendered":"<p>El sentido de la vida \u00bfPor qu\u00e9 y para qu\u00e9 vivimos? La respuesta a esta pregunta es de gran importancia para comprender el problema de la obsesi\u00f3n. Seg\u00fan el Espiritismo, vivimos para desarrollar las potencialidades ps\u00edquicas de que todos estamos dotados. Nuestra existencia terrena tiene por fin la trascendencia, es decir, la superaci\u00f3n constante de [&hellip;]<\/p>","protected":false},"author":1,"featured_media":3659,"parent":0,"menu_order":0,"comment_status":"closed","ping_status":"closed","template":"","meta":{"_uag_custom_page_level_css":"","site-sidebar-layout":"default","site-content-layout":"","ast-site-content-layout":"default","site-content-style":"default","site-sidebar-style":"default","ast-global-header-display":"","ast-banner-title-visibility":"","ast-main-header-display":"","ast-hfb-above-header-display":"","ast-hfb-below-header-display":"","ast-hfb-mobile-header-display":"","site-post-title":"disabled","ast-breadcrumbs-content":"","ast-featured-img":"","footer-sml-layout":"","theme-transparent-header-meta":"","adv-header-id-meta":"","stick-header-meta":"","header-above-stick-meta":"","header-main-stick-meta":"","header-below-stick-meta":"","astra-migrate-meta-layouts":"set","ast-page-background-enabled":"default","ast-page-background-meta":{"desktop":{"background-color":"var(--ast-global-color-4)","background-image":"","background-repeat":"repeat","background-position":"center center","background-size":"auto","background-attachment":"scroll","background-type":"","background-media":"","overlay-type":"","overlay-color":"","overlay-opacity":"","overlay-gradient":""},"tablet":{"background-color":"","background-image":"","background-repeat":"repeat","background-position":"center center","background-size":"auto","background-attachment":"scroll","background-type":"","background-media":"","overlay-type":"","overlay-color":"","overlay-opacity":"","overlay-gradient":""},"mobile":{"background-color":"","background-image":"","background-repeat":"repeat","background-position":"center center","background-size":"auto","background-attachment":"scroll","background-type":"","background-media":"","overlay-type":"","overlay-color":"","overlay-opacity":"","overlay-gradient":""}},"ast-content-background-meta":{"desktop":{"background-color":"var(--ast-global-color-5)","background-image":"","background-repeat":"repeat","background-position":"center center","background-size":"auto","background-attachment":"scroll","background-type":"","background-media":"","overlay-type":"","overlay-color":"","overlay-opacity":"","overlay-gradient":""},"tablet":{"background-color":"var(--ast-global-color-5)","background-image":"","background-repeat":"repeat","background-position":"center center","background-size":"auto","background-attachment":"scroll","background-type":"","background-media":"","overlay-type":"","overlay-color":"","overlay-opacity":"","overlay-gradient":""},"mobile":{"background-color":"var(--ast-global-color-5)","background-image":"","background-repeat":"repeat","background-position":"center center","background-size":"auto","background-attachment":"scroll","background-type":"","background-media":"","overlay-type":"","overlay-color":"","overlay-opacity":"","overlay-gradient":""}},"footnotes":""},"class_list":["post-3658","page","type-page","status-publish","has-post-thumbnail","hentry"],"yoast_head":"<!-- This site is optimized with the Yoast SEO Premium plugin v24.2 (Yoast SEO v24.6) - https:\/\/yoast.com\/wordpress\/plugins\/seo\/ -->\n<title>El sentido de la vida - Uni\u00f3n Esp\u00edrita<\/title>\n<meta name=\"robots\" content=\"index, follow, max-snippet:-1, max-image-preview:large, max-video-preview:-1\" \/>\n<link rel=\"canonical\" href=\"https:\/\/nuevo-renacer.com\/en\/el-sentido-de-la-vida\/\" \/>\n<meta property=\"og:locale\" content=\"en_GB\" \/>\n<meta property=\"og:type\" content=\"article\" \/>\n<meta property=\"og:title\" content=\"El sentido de la vida\" \/>\n<meta property=\"og:description\" content=\"El sentido de la vida \u00bfPor qu\u00e9 y para qu\u00e9 vivimos? La respuesta a esta pregunta es de gran importancia para comprender el problema de la obsesi\u00f3n. Seg\u00fan el Espiritismo, vivimos para desarrollar las potencialidades ps\u00edquicas de que todos estamos dotados. Nuestra existencia terrena tiene por fin la trascendencia, es decir, la superaci\u00f3n constante de [&hellip;]\" \/>\n<meta property=\"og:url\" content=\"https:\/\/nuevo-renacer.com\/en\/el-sentido-de-la-vida\/\" \/>\n<meta property=\"og:site_name\" content=\"Uni\u00f3n Esp\u00edrita\" \/>\n<meta property=\"article:publisher\" content=\"https:\/\/www.facebook.com\/groups\/3431398063740829\" \/>\n<meta property=\"article:modified_time\" content=\"2025-05-23T09:27:33+00:00\" \/>\n<meta property=\"og:image\" content=\"https:\/\/nuevo-renacer.com\/wp-content\/uploads\/2024\/07\/448152407_7983270555026690_6711918801825949372_n.jpg\" \/>\n\t<meta property=\"og:image:width\" content=\"640\" \/>\n\t<meta property=\"og:image:height\" content=\"359\" \/>\n\t<meta property=\"og:image:type\" content=\"image\/jpeg\" \/>\n<meta name=\"twitter:card\" content=\"summary_large_image\" \/>\n<meta name=\"twitter:label1\" content=\"Estimated reading time\" \/>\n\t<meta name=\"twitter:data1\" content=\"4 minutes\" \/>\n<script type=\"application\/ld+json\" class=\"yoast-schema-graph\">{\"@context\":\"https:\/\/schema.org\",\"@graph\":[{\"@type\":\"WebPage\",\"@id\":\"https:\/\/nuevo-renacer.com\/el-sentido-de-la-vida\/\",\"url\":\"https:\/\/nuevo-renacer.com\/el-sentido-de-la-vida\/\",\"name\":\"El sentido de la vida - Uni\u00f3n Esp\u00edrita\",\"isPartOf\":{\"@id\":\"https:\/\/nuevo-renacer.com\/#website\"},\"primaryImageOfPage\":{\"@id\":\"https:\/\/nuevo-renacer.com\/el-sentido-de-la-vida\/#primaryimage\"},\"image\":{\"@id\":\"https:\/\/nuevo-renacer.com\/el-sentido-de-la-vida\/#primaryimage\"},\"thumbnailUrl\":\"https:\/\/nuevo-renacer.com\/wp-content\/uploads\/2024\/07\/448152407_7983270555026690_6711918801825949372_n.jpg\",\"datePublished\":\"2024-07-11T10:41:33+00:00\",\"dateModified\":\"2025-05-23T09:27:33+00:00\",\"breadcrumb\":{\"@id\":\"https:\/\/nuevo-renacer.com\/el-sentido-de-la-vida\/#breadcrumb\"},\"inLanguage\":\"en-GB\",\"potentialAction\":[{\"@type\":\"ReadAction\",\"target\":[\"https:\/\/nuevo-renacer.com\/el-sentido-de-la-vida\/\"]}]},{\"@type\":\"ImageObject\",\"inLanguage\":\"en-GB\",\"@id\":\"https:\/\/nuevo-renacer.com\/el-sentido-de-la-vida\/#primaryimage\",\"url\":\"https:\/\/nuevo-renacer.com\/wp-content\/uploads\/2024\/07\/448152407_7983270555026690_6711918801825949372_n.jpg\",\"contentUrl\":\"https:\/\/nuevo-renacer.com\/wp-content\/uploads\/2024\/07\/448152407_7983270555026690_6711918801825949372_n.jpg\",\"width\":640,\"height\":359},{\"@type\":\"BreadcrumbList\",\"@id\":\"https:\/\/nuevo-renacer.com\/el-sentido-de-la-vida\/#breadcrumb\",\"itemListElement\":[{\"@type\":\"ListItem\",\"position\":1,\"name\":\"Startseite\",\"item\":\"https:\/\/nuevo-renacer.com\/\"},{\"@type\":\"ListItem\",\"position\":2,\"name\":\"El sentido de la vida\"}]},{\"@type\":\"WebSite\",\"@id\":\"https:\/\/nuevo-renacer.com\/#website\",\"url\":\"https:\/\/nuevo-renacer.com\/\",\"name\":\"Uni\u00f3n Esp\u00edrita\",\"description\":\"Nuevo Renacer\",\"publisher\":{\"@id\":\"https:\/\/nuevo-renacer.com\/#organization\"},\"potentialAction\":[{\"@type\":\"SearchAction\",\"target\":{\"@type\":\"EntryPoint\",\"urlTemplate\":\"https:\/\/nuevo-renacer.com\/?s={search_term_string}\"},\"query-input\":{\"@type\":\"PropertyValueSpecification\",\"valueRequired\":true,\"valueName\":\"search_term_string\"}}],\"inLanguage\":\"en-GB\"},{\"@type\":\"Organization\",\"@id\":\"https:\/\/nuevo-renacer.com\/#organization\",\"name\":\"UFEC\",\"url\":\"https:\/\/nuevo-renacer.com\/\",\"logo\":{\"@type\":\"ImageObject\",\"inLanguage\":\"en-GB\",\"@id\":\"https:\/\/nuevo-renacer.com\/#\/schema\/logo\/image\/\",\"url\":\"https:\/\/nuevo-renacer.com\/wp-content\/uploads\/2024\/05\/cropped-LOGO-TERMINADO1-3-3.png\",\"contentUrl\":\"https:\/\/nuevo-renacer.com\/wp-content\/uploads\/2024\/05\/cropped-LOGO-TERMINADO1-3-3.png\",\"width\":512,\"height\":512,\"caption\":\"UFEC\"},\"image\":{\"@id\":\"https:\/\/nuevo-renacer.com\/#\/schema\/logo\/image\/\"},\"sameAs\":[\"https:\/\/www.facebook.com\/groups\/3431398063740829\"]}]}<\/script>\n<!-- \/ Yoast SEO Premium plugin. -->","yoast_head_json":{"title":"El sentido de la vida - Uni\u00f3n Esp\u00edrita","robots":{"index":"index","follow":"follow","max-snippet":"max-snippet:-1","max-image-preview":"max-image-preview:large","max-video-preview":"max-video-preview:-1"},"canonical":"https:\/\/nuevo-renacer.com\/en\/el-sentido-de-la-vida\/","og_locale":"en_GB","og_type":"article","og_title":"El sentido de la vida","og_description":"El sentido de la vida \u00bfPor qu\u00e9 y para qu\u00e9 vivimos? La respuesta a esta pregunta es de gran importancia para comprender el problema de la obsesi\u00f3n. Seg\u00fan el Espiritismo, vivimos para desarrollar las potencialidades ps\u00edquicas de que todos estamos dotados. Nuestra existencia terrena tiene por fin la trascendencia, es decir, la superaci\u00f3n constante de [&hellip;]","og_url":"https:\/\/nuevo-renacer.com\/en\/el-sentido-de-la-vida\/","og_site_name":"Uni\u00f3n Esp\u00edrita","article_publisher":"https:\/\/www.facebook.com\/groups\/3431398063740829","article_modified_time":"2025-05-23T09:27:33+00:00","og_image":[{"width":640,"height":359,"url":"https:\/\/nuevo-renacer.com\/wp-content\/uploads\/2024\/07\/448152407_7983270555026690_6711918801825949372_n.jpg","type":"image\/jpeg"}],"twitter_card":"summary_large_image","twitter_misc":{"Estimated reading time":"4 minutes"},"schema":{"@context":"https:\/\/schema.org","@graph":[{"@type":"WebPage","@id":"https:\/\/nuevo-renacer.com\/el-sentido-de-la-vida\/","url":"https:\/\/nuevo-renacer.com\/el-sentido-de-la-vida\/","name":"El sentido de la vida - Uni\u00f3n Esp\u00edrita","isPartOf":{"@id":"https:\/\/nuevo-renacer.com\/#website"},"primaryImageOfPage":{"@id":"https:\/\/nuevo-renacer.com\/el-sentido-de-la-vida\/#primaryimage"},"image":{"@id":"https:\/\/nuevo-renacer.com\/el-sentido-de-la-vida\/#primaryimage"},"thumbnailUrl":"https:\/\/nuevo-renacer.com\/wp-content\/uploads\/2024\/07\/448152407_7983270555026690_6711918801825949372_n.jpg","datePublished":"2024-07-11T10:41:33+00:00","dateModified":"2025-05-23T09:27:33+00:00","breadcrumb":{"@id":"https:\/\/nuevo-renacer.com\/el-sentido-de-la-vida\/#breadcrumb"},"inLanguage":"en-GB","potentialAction":[{"@type":"ReadAction","target":["https:\/\/nuevo-renacer.com\/el-sentido-de-la-vida\/"]}]},{"@type":"ImageObject","inLanguage":"en-GB","@id":"https:\/\/nuevo-renacer.com\/el-sentido-de-la-vida\/#primaryimage","url":"https:\/\/nuevo-renacer.com\/wp-content\/uploads\/2024\/07\/448152407_7983270555026690_6711918801825949372_n.jpg","contentUrl":"https:\/\/nuevo-renacer.com\/wp-content\/uploads\/2024\/07\/448152407_7983270555026690_6711918801825949372_n.jpg","width":640,"height":359},{"@type":"BreadcrumbList","@id":"https:\/\/nuevo-renacer.com\/el-sentido-de-la-vida\/#breadcrumb","itemListElement":[{"@type":"ListItem","position":1,"name":"Startseite","item":"https:\/\/nuevo-renacer.com\/"},{"@type":"ListItem","position":2,"name":"El sentido de la vida"}]},{"@type":"WebSite","@id":"https:\/\/nuevo-renacer.com\/#website","url":"https:\/\/nuevo-renacer.com\/","name":"Uni\u00f3n Esp\u00edrita","description":"Nuevo Renacer","publisher":{"@id":"https:\/\/nuevo-renacer.com\/#organization"},"potentialAction":[{"@type":"SearchAction","target":{"@type":"EntryPoint","urlTemplate":"https:\/\/nuevo-renacer.com\/?s={search_term_string}"},"query-input":{"@type":"PropertyValueSpecification","valueRequired":true,"valueName":"search_term_string"}}],"inLanguage":"en-GB"},{"@type":"Organization","@id":"https:\/\/nuevo-renacer.com\/#organization","name":"UFEC","url":"https:\/\/nuevo-renacer.com\/","logo":{"@type":"ImageObject","inLanguage":"en-GB","@id":"https:\/\/nuevo-renacer.com\/#\/schema\/logo\/image\/","url":"https:\/\/nuevo-renacer.com\/wp-content\/uploads\/2024\/05\/cropped-LOGO-TERMINADO1-3-3.png","contentUrl":"https:\/\/nuevo-renacer.com\/wp-content\/uploads\/2024\/05\/cropped-LOGO-TERMINADO1-3-3.png","width":512,"height":512,"caption":"UFEC"},"image":{"@id":"https:\/\/nuevo-renacer.com\/#\/schema\/logo\/image\/"},"sameAs":["https:\/\/www.facebook.com\/groups\/3431398063740829"]}]}},"uagb_featured_image_src":{"full":["https:\/\/nuevo-renacer.com\/wp-content\/uploads\/2024\/07\/448152407_7983270555026690_6711918801825949372_n.jpg",640,359,false],"thumbnail":["https:\/\/nuevo-renacer.com\/wp-content\/uploads\/2024\/07\/448152407_7983270555026690_6711918801825949372_n-150x150.jpg",150,150,true],"medium":["https:\/\/nuevo-renacer.com\/wp-content\/uploads\/2024\/07\/448152407_7983270555026690_6711918801825949372_n-300x168.jpg",300,168,true],"medium_large":["https:\/\/nuevo-renacer.com\/wp-content\/uploads\/2024\/07\/448152407_7983270555026690_6711918801825949372_n.jpg",640,359,false],"large":["https:\/\/nuevo-renacer.com\/wp-content\/uploads\/2024\/07\/448152407_7983270555026690_6711918801825949372_n.jpg",640,359,false],"1536x1536":["https:\/\/nuevo-renacer.com\/wp-content\/uploads\/2024\/07\/448152407_7983270555026690_6711918801825949372_n.jpg",640,359,false],"2048x2048":["https:\/\/nuevo-renacer.com\/wp-content\/uploads\/2024\/07\/448152407_7983270555026690_6711918801825949372_n.jpg",640,359,false],"trp-custom-language-flag":["https:\/\/nuevo-renacer.com\/wp-content\/uploads\/2024\/07\/448152407_7983270555026690_6711918801825949372_n-18x10.jpg",18,10,true]},"uagb_author_info":{"display_name":"adbv0","author_link":"https:\/\/nuevo-renacer.com\/en\/author\/adbv0\/"},"uagb_comment_info":0,"uagb_excerpt":"El sentido de la vida \u00bfPor qu\u00e9 y para qu\u00e9 vivimos? La respuesta a esta pregunta es de gran importancia para comprender el problema de la obsesi\u00f3n. Seg\u00fan el Espiritismo, vivimos para desarrollar las potencialidades ps\u00edquicas de que todos estamos dotados. Nuestra existencia terrena tiene por fin la trascendencia, es decir, la superaci\u00f3n constante de&hellip;","jetpack_sharing_enabled":true,"_links":{"self":[{"href":"https:\/\/nuevo-renacer.com\/en\/wp-json\/wp\/v2\/pages\/3658","targetHints":{"allow":["GET"]}}],"collection":[{"href":"https:\/\/nuevo-renacer.com\/en\/wp-json\/wp\/v2\/pages"}],"about":[{"href":"https:\/\/nuevo-renacer.com\/en\/wp-json\/wp\/v2\/types\/page"}],"author":[{"embeddable":true,"href":"https:\/\/nuevo-renacer.com\/en\/wp-json\/wp\/v2\/users\/1"}],"replies":[{"embeddable":true,"href":"https:\/\/nuevo-renacer.com\/en\/wp-json\/wp\/v2\/comments?post=3658"}],"version-history":[{"count":3,"href":"https:\/\/nuevo-renacer.com\/en\/wp-json\/wp\/v2\/pages\/3658\/revisions"}],"predecessor-version":[{"id":8171,"href":"https:\/\/nuevo-renacer.com\/en\/wp-json\/wp\/v2\/pages\/3658\/revisions\/8171"}],"wp:featuredmedia":[{"embeddable":true,"href":"https:\/\/nuevo-renacer.com\/en\/wp-json\/wp\/v2\/media\/3659"}],"wp:attachment":[{"href":"https:\/\/nuevo-renacer.com\/en\/wp-json\/wp\/v2\/media?parent=3658"}],"curies":[{"name":"wp","href":"https:\/\/api.w.org\/{rel}","templated":true}]}}