{"id":3612,"date":"2024-07-10T11:59:20","date_gmt":"2024-07-10T11:59:20","guid":{"rendered":"https:\/\/ufec-mundial.com\/?page_id=3612"},"modified":"2024-12-18T10:26:22","modified_gmt":"2024-12-18T10:26:22","slug":"espiritismo-consecuencia-de-la-doctrina-cristiana","status":"publish","type":"page","link":"https:\/\/nuevo-renacer.com\/en\/espiritismo-consecuencia-de-la-doctrina-cristiana\/","title":{"rendered":"Spiritism: the Consequence of the christian doctrine"},"content":{"rendered":"<div class=\"wp-block-uagb-container uagb-block-41ec24e1 alignfull uagb-is-root-container\"><div class=\"uagb-container-inner-blocks-wrap\">\n<p class=\"has-black-color has-text-color has-link-color has-medium-font-size wp-elements-539c6a4f831ccd87f5fa61452e784fdb\"><strong>Spiritism: the Consequence of the christian doctrine<\/strong><\/p>\n\n\n\n<p class=\"has-black-color has-text-color has-link-color has-medium-font-size wp-elements-23de0497bcae6613bfa86f5fce97e098\"><strong>From the book: The Genesis \u2013 Allan Kardec<\/strong><\/p>\n<\/div><\/div>\n\n\n\n<div class=\"wp-block-uagb-container uagb-block-7ac946fe alignfull uagb-is-root-container\"><div class=\"uagb-container-inner-blocks-wrap\">\n<figure class=\"wp-block-image size-large is-resized\"><img fetchpriority=\"high\" decoding=\"async\" width=\"1024\" height=\"585\" src=\"https:\/\/ufec-mundial.com\/wp-content\/uploads\/2024\/07\/ai-generated-8448318_1280-1024x585.webp\" alt=\"\" class=\"wp-image-3613\" style=\"width:466px;height:auto\" srcset=\"https:\/\/nuevo-renacer.com\/wp-content\/uploads\/2024\/07\/ai-generated-8448318_1280-1024x585.webp 1024w, https:\/\/nuevo-renacer.com\/wp-content\/uploads\/2024\/07\/ai-generated-8448318_1280-300x171.webp 300w, https:\/\/nuevo-renacer.com\/wp-content\/uploads\/2024\/07\/ai-generated-8448318_1280-768x439.webp 768w, https:\/\/nuevo-renacer.com\/wp-content\/uploads\/2024\/07\/ai-generated-8448318_1280-18x10.webp 18w, https:\/\/nuevo-renacer.com\/wp-content\/uploads\/2024\/07\/ai-generated-8448318_1280.webp 1280w\" sizes=\"(max-width: 1024px) 100vw, 1024px\" \/><\/figure>\n<\/div><\/div>\n\n\n\n<div class=\"wp-block-uagb-container uagb-block-5b37d649 alignfull uagb-is-root-container\"><div class=\"uagb-container-inner-blocks-wrap\">\n<p class=\"has-black-color has-text-color has-link-color has-small-font-size wp-elements-9b55e280c6dd5f5f98b887226666db48\">The Spiritism, which starts from Christ's own words, as he started from those of Moses, is a direct consequence of Christian doctrine.<\/p>\n\n\n\n<p class=\"has-black-color has-text-color has-link-color has-small-font-size wp-elements-c5fd77af2c6a9309a122fd2305c90e79\">To the vague idea of the future life he adds the revelation of the existence of the invisible world that surrounds us and populates space, and thereby determines the belief precisely; he gives it a body, a consistency, a reality in thought.<\/p>\n\n\n\n<p class=\"has-black-color has-text-color has-link-color has-small-font-size wp-elements-577455e1c7c7b70e72b8ee2aa8ec2005\">It defines the ties that bind the soul to the body, and lifts the veil that concealed from men the mysteries of birth and death.<\/p>\n\n\n\n<p class=\"has-black-color has-text-color has-link-color has-small-font-size wp-elements-169f3b986618349ad865b307b9420019\">Through spiritism man knows where he comes from, where he is going, why he is on earth, why he suffers temporarily, and sees everywhere the righteousness of God. He knows that the soul progresses steadily, through a series of successive existences, until it has reached the degree of perfection which brings it nearer to God. He knows that all souls, having the same point of origin, are created equal, with the same aptitude for progress, by virtue of their free will; that they are all of the same essence, and that there is no difference between them, except as to the progress made; that they all have the same destiny, and will reach the same goal, more or less rapidly, according to their work and goodwill.<\/p>\n\n\n\n<p class=\"has-black-color has-text-color has-link-color has-small-font-size wp-elements-1f1422258989c3bb765bfafca45d222d\">He knows that there are no disinherited creatures, nor are some more favoured than others; that God did not favour the creation of any of them, nor did He dispense anyone from the work imposed on others in order that they might progress; that there are no beings perpetually consecrated to evil and suffering; that those who are designated by the name of demons are imperfect spirits and that they are still backward, practising evil in the state of spirits as they did when they were men, but that they will advance and perfect themselves; that angels or pure spirits are not beings apart in Creation, but spirits who have reached the goal, after having travelled inch by inch the road of progress; that there are thus no multiple creations, nor different categories among intelligent beings, but that all creation is the result of the great law of unity which governs the universe; he knows, lastly, that all beings gravitate towards a common end, which is perfection, without some being favoured at the expense of others, for all are the children of their own works.<\/p>\n\n\n\n<p class=\"has-black-color has-text-color has-link-color has-small-font-size wp-elements-d10c4413c108cbda0e03702c0a361656\">By the relations which he can now establish with those who have left the earth, man possesses not only the material proof of the existence and individuality of the soul, but he also understands the solidarity which binds the living to the dead of this world, and those of this world to those of other planets. He knows their situation in the spirit-world; he accompanies them in their migrations; he witnesses their joys and sorrows; he knows why they are happy or unhappy, and he knows the fate that is in store for himself, according to the good or evil he has done. These relations initiate him into the future life, which he can observe in all its phases, in all its vicissitudes; the future is no longer a vague hope, but a positive fact, a mathematical certainty. From then on, death is no longer frightening for him, because it means liberation, the gateway to true life.<\/p>\n<\/div><\/div>\n\n\n\n<div class=\"wp-block-uagb-container uagb-block-73d5d64d alignfull uagb-is-root-container\"><div class=\"uagb-container-inner-blocks-wrap\"><\/div><\/div>\n\n\n\n<div class=\"wp-block-uagb-container uagb-block-8159e061 alignfull uagb-is-root-container\"><div class=\"uagb-container-inner-blocks-wrap\"><\/div><\/div>","protected":false},"excerpt":{"rendered":"<p>Espiritismo: Consecuencia de la doctrina cristiana Del libro: La G\u00e9nesis \u2013 Allan Kardec El espiritismo, que parte de las propias palabras de Cristo, como este parti\u00f3 de las de Mois\u00e9s, es una consecuencia directa de la doctrina cristiana. A la idea vaga de la vida futura agrega la revelaci\u00f3n de la existencia del mundo invisible [&hellip;]<\/p>","protected":false},"author":1,"featured_media":3613,"parent":0,"menu_order":0,"comment_status":"closed","ping_status":"closed","template":"","meta":{"_uag_custom_page_level_css":"","site-sidebar-layout":"default","site-content-layout":"","ast-site-content-layout":"default","site-content-style":"default","site-sidebar-style":"default","ast-global-header-display":"","ast-banner-title-visibility":"","ast-main-header-display":"","ast-hfb-above-header-display":"","ast-hfb-below-header-display":"","ast-hfb-mobile-header-display":"","site-post-title":"disabled","ast-breadcrumbs-content":"","ast-featured-img":"","footer-sml-layout":"","theme-transparent-header-meta":"","adv-header-id-meta":"","stick-header-meta":"","header-above-stick-meta":"","header-main-stick-meta":"","header-below-stick-meta":"","astra-migrate-meta-layouts":"set","ast-page-background-enabled":"default","ast-page-background-meta":{"desktop":{"background-color":"var(--ast-global-color-4)","background-image":"","background-repeat":"repeat","background-position":"center center","background-size":"auto","background-attachment":"scroll","background-type":"","background-media":"","overlay-type":"","overlay-color":"","overlay-opacity":"","overlay-gradient":""},"tablet":{"background-color":"","background-image":"","background-repeat":"repeat","background-position":"center center","background-size":"auto","background-attachment":"scroll","background-type":"","background-media":"","overlay-type":"","overlay-color":"","overlay-opacity":"","overlay-gradient":""},"mobile":{"background-color":"","background-image":"","background-repeat":"repeat","background-position":"center center","background-size":"auto","background-attachment":"scroll","background-type":"","background-media":"","overlay-type":"","overlay-color":"","overlay-opacity":"","overlay-gradient":""}},"ast-content-background-meta":{"desktop":{"background-color":"var(--ast-global-color-5)","background-image":"","background-repeat":"repeat","background-position":"center center","background-size":"auto","background-attachment":"scroll","background-type":"","background-media":"","overlay-type":"","overlay-color":"","overlay-opacity":"","overlay-gradient":""},"tablet":{"background-color":"var(--ast-global-color-5)","background-image":"","background-repeat":"repeat","background-position":"center center","background-size":"auto","background-attachment":"scroll","background-type":"","background-media":"","overlay-type":"","overlay-color":"","overlay-opacity":"","overlay-gradient":""},"mobile":{"background-color":"var(--ast-global-color-5)","background-image":"","background-repeat":"repeat","background-position":"center center","background-size":"auto","background-attachment":"scroll","background-type":"","background-media":"","overlay-type":"","overlay-color":"","overlay-opacity":"","overlay-gradient":""}},"footnotes":""},"class_list":["post-3612","page","type-page","status-publish","has-post-thumbnail","hentry"],"yoast_head":"<!-- This site is optimized with the Yoast SEO Premium plugin v24.2 (Yoast SEO v24.6) - https:\/\/yoast.com\/wordpress\/plugins\/seo\/ -->\n<title>Espiritismo: Consecuencia de la doctrina cristiana - Uni\u00f3n Esp\u00edrita<\/title>\n<meta name=\"robots\" content=\"index, follow, max-snippet:-1, max-image-preview:large, max-video-preview:-1\" \/>\n<link rel=\"canonical\" href=\"https:\/\/nuevo-renacer.com\/en\/espiritismo-consecuencia-de-la-doctrina-cristiana\/\" \/>\n<meta property=\"og:locale\" content=\"en_GB\" \/>\n<meta property=\"og:type\" content=\"article\" \/>\n<meta property=\"og:title\" content=\"Espiritismo: Consecuencia de la doctrina cristiana\" \/>\n<meta property=\"og:description\" content=\"Espiritismo: Consecuencia de la doctrina cristiana Del libro: La G\u00e9nesis \u2013 Allan Kardec El espiritismo, que parte de las propias palabras de Cristo, como este parti\u00f3 de las de Mois\u00e9s, es una consecuencia directa de la doctrina cristiana. A la idea vaga de la vida futura agrega la revelaci\u00f3n de la existencia del mundo invisible [&hellip;]\" \/>\n<meta property=\"og:url\" content=\"https:\/\/nuevo-renacer.com\/en\/espiritismo-consecuencia-de-la-doctrina-cristiana\/\" \/>\n<meta property=\"og:site_name\" content=\"Uni\u00f3n Esp\u00edrita\" \/>\n<meta property=\"article:publisher\" content=\"https:\/\/www.facebook.com\/groups\/3431398063740829\" \/>\n<meta property=\"article:modified_time\" content=\"2024-12-18T10:26:22+00:00\" \/>\n<meta property=\"og:image\" content=\"https:\/\/nuevo-renacer.com\/wp-content\/uploads\/2024\/07\/ai-generated-8448318_1280.webp\" \/>\n\t<meta property=\"og:image:width\" content=\"1280\" \/>\n\t<meta property=\"og:image:height\" content=\"731\" \/>\n\t<meta property=\"og:image:type\" content=\"image\/webp\" \/>\n<meta name=\"twitter:card\" content=\"summary_large_image\" \/>\n<meta name=\"twitter:label1\" content=\"Estimated reading time\" \/>\n\t<meta name=\"twitter:data1\" content=\"3 minutes\" \/>\n<script type=\"application\/ld+json\" class=\"yoast-schema-graph\">{\"@context\":\"https:\/\/schema.org\",\"@graph\":[{\"@type\":\"WebPage\",\"@id\":\"https:\/\/nuevo-renacer.com\/espiritismo-consecuencia-de-la-doctrina-cristiana\/\",\"url\":\"https:\/\/nuevo-renacer.com\/espiritismo-consecuencia-de-la-doctrina-cristiana\/\",\"name\":\"Espiritismo: Consecuencia de la doctrina cristiana - Uni\u00f3n Esp\u00edrita\",\"isPartOf\":{\"@id\":\"https:\/\/nuevo-renacer.com\/#website\"},\"primaryImageOfPage\":{\"@id\":\"https:\/\/nuevo-renacer.com\/espiritismo-consecuencia-de-la-doctrina-cristiana\/#primaryimage\"},\"image\":{\"@id\":\"https:\/\/nuevo-renacer.com\/espiritismo-consecuencia-de-la-doctrina-cristiana\/#primaryimage\"},\"thumbnailUrl\":\"https:\/\/nuevo-renacer.com\/wp-content\/uploads\/2024\/07\/ai-generated-8448318_1280.webp\",\"datePublished\":\"2024-07-10T11:59:20+00:00\",\"dateModified\":\"2024-12-18T10:26:22+00:00\",\"breadcrumb\":{\"@id\":\"https:\/\/nuevo-renacer.com\/espiritismo-consecuencia-de-la-doctrina-cristiana\/#breadcrumb\"},\"inLanguage\":\"en-GB\",\"potentialAction\":[{\"@type\":\"ReadAction\",\"target\":[\"https:\/\/nuevo-renacer.com\/espiritismo-consecuencia-de-la-doctrina-cristiana\/\"]}]},{\"@type\":\"ImageObject\",\"inLanguage\":\"en-GB\",\"@id\":\"https:\/\/nuevo-renacer.com\/espiritismo-consecuencia-de-la-doctrina-cristiana\/#primaryimage\",\"url\":\"https:\/\/nuevo-renacer.com\/wp-content\/uploads\/2024\/07\/ai-generated-8448318_1280.webp\",\"contentUrl\":\"https:\/\/nuevo-renacer.com\/wp-content\/uploads\/2024\/07\/ai-generated-8448318_1280.webp\",\"width\":1280,\"height\":731},{\"@type\":\"BreadcrumbList\",\"@id\":\"https:\/\/nuevo-renacer.com\/espiritismo-consecuencia-de-la-doctrina-cristiana\/#breadcrumb\",\"itemListElement\":[{\"@type\":\"ListItem\",\"position\":1,\"name\":\"Startseite\",\"item\":\"https:\/\/nuevo-renacer.com\/\"},{\"@type\":\"ListItem\",\"position\":2,\"name\":\"Espiritismo: Consecuencia de la doctrina cristiana\"}]},{\"@type\":\"WebSite\",\"@id\":\"https:\/\/nuevo-renacer.com\/#website\",\"url\":\"https:\/\/nuevo-renacer.com\/\",\"name\":\"Uni\u00f3n Esp\u00edrita\",\"description\":\"Nuevo Renacer\",\"publisher\":{\"@id\":\"https:\/\/nuevo-renacer.com\/#organization\"},\"potentialAction\":[{\"@type\":\"SearchAction\",\"target\":{\"@type\":\"EntryPoint\",\"urlTemplate\":\"https:\/\/nuevo-renacer.com\/?s={search_term_string}\"},\"query-input\":{\"@type\":\"PropertyValueSpecification\",\"valueRequired\":true,\"valueName\":\"search_term_string\"}}],\"inLanguage\":\"en-GB\"},{\"@type\":\"Organization\",\"@id\":\"https:\/\/nuevo-renacer.com\/#organization\",\"name\":\"UFEC\",\"url\":\"https:\/\/nuevo-renacer.com\/\",\"logo\":{\"@type\":\"ImageObject\",\"inLanguage\":\"en-GB\",\"@id\":\"https:\/\/nuevo-renacer.com\/#\/schema\/logo\/image\/\",\"url\":\"https:\/\/nuevo-renacer.com\/wp-content\/uploads\/2024\/05\/cropped-LOGO-TERMINADO1-3-3.png\",\"contentUrl\":\"https:\/\/nuevo-renacer.com\/wp-content\/uploads\/2024\/05\/cropped-LOGO-TERMINADO1-3-3.png\",\"width\":512,\"height\":512,\"caption\":\"UFEC\"},\"image\":{\"@id\":\"https:\/\/nuevo-renacer.com\/#\/schema\/logo\/image\/\"},\"sameAs\":[\"https:\/\/www.facebook.com\/groups\/3431398063740829\"]}]}<\/script>\n<!-- \/ Yoast SEO Premium plugin. -->","yoast_head_json":{"title":"Espiritismo: Consecuencia de la doctrina cristiana - Uni\u00f3n Esp\u00edrita","robots":{"index":"index","follow":"follow","max-snippet":"max-snippet:-1","max-image-preview":"max-image-preview:large","max-video-preview":"max-video-preview:-1"},"canonical":"https:\/\/nuevo-renacer.com\/en\/espiritismo-consecuencia-de-la-doctrina-cristiana\/","og_locale":"en_GB","og_type":"article","og_title":"Espiritismo: Consecuencia de la doctrina cristiana","og_description":"Espiritismo: Consecuencia de la doctrina cristiana Del libro: La G\u00e9nesis \u2013 Allan Kardec El espiritismo, que parte de las propias palabras de Cristo, como este parti\u00f3 de las de Mois\u00e9s, es una consecuencia directa de la doctrina cristiana. A la idea vaga de la vida futura agrega la revelaci\u00f3n de la existencia del mundo invisible [&hellip;]","og_url":"https:\/\/nuevo-renacer.com\/en\/espiritismo-consecuencia-de-la-doctrina-cristiana\/","og_site_name":"Uni\u00f3n Esp\u00edrita","article_publisher":"https:\/\/www.facebook.com\/groups\/3431398063740829","article_modified_time":"2024-12-18T10:26:22+00:00","og_image":[{"width":1280,"height":731,"url":"https:\/\/nuevo-renacer.com\/wp-content\/uploads\/2024\/07\/ai-generated-8448318_1280.webp","type":"image\/webp"}],"twitter_card":"summary_large_image","twitter_misc":{"Estimated reading time":"3 minutes"},"schema":{"@context":"https:\/\/schema.org","@graph":[{"@type":"WebPage","@id":"https:\/\/nuevo-renacer.com\/espiritismo-consecuencia-de-la-doctrina-cristiana\/","url":"https:\/\/nuevo-renacer.com\/espiritismo-consecuencia-de-la-doctrina-cristiana\/","name":"Espiritismo: Consecuencia de la doctrina cristiana - Uni\u00f3n Esp\u00edrita","isPartOf":{"@id":"https:\/\/nuevo-renacer.com\/#website"},"primaryImageOfPage":{"@id":"https:\/\/nuevo-renacer.com\/espiritismo-consecuencia-de-la-doctrina-cristiana\/#primaryimage"},"image":{"@id":"https:\/\/nuevo-renacer.com\/espiritismo-consecuencia-de-la-doctrina-cristiana\/#primaryimage"},"thumbnailUrl":"https:\/\/nuevo-renacer.com\/wp-content\/uploads\/2024\/07\/ai-generated-8448318_1280.webp","datePublished":"2024-07-10T11:59:20+00:00","dateModified":"2024-12-18T10:26:22+00:00","breadcrumb":{"@id":"https:\/\/nuevo-renacer.com\/espiritismo-consecuencia-de-la-doctrina-cristiana\/#breadcrumb"},"inLanguage":"en-GB","potentialAction":[{"@type":"ReadAction","target":["https:\/\/nuevo-renacer.com\/espiritismo-consecuencia-de-la-doctrina-cristiana\/"]}]},{"@type":"ImageObject","inLanguage":"en-GB","@id":"https:\/\/nuevo-renacer.com\/espiritismo-consecuencia-de-la-doctrina-cristiana\/#primaryimage","url":"https:\/\/nuevo-renacer.com\/wp-content\/uploads\/2024\/07\/ai-generated-8448318_1280.webp","contentUrl":"https:\/\/nuevo-renacer.com\/wp-content\/uploads\/2024\/07\/ai-generated-8448318_1280.webp","width":1280,"height":731},{"@type":"BreadcrumbList","@id":"https:\/\/nuevo-renacer.com\/espiritismo-consecuencia-de-la-doctrina-cristiana\/#breadcrumb","itemListElement":[{"@type":"ListItem","position":1,"name":"Startseite","item":"https:\/\/nuevo-renacer.com\/"},{"@type":"ListItem","position":2,"name":"Espiritismo: Consecuencia de la doctrina cristiana"}]},{"@type":"WebSite","@id":"https:\/\/nuevo-renacer.com\/#website","url":"https:\/\/nuevo-renacer.com\/","name":"Uni\u00f3n Esp\u00edrita","description":"Nuevo Renacer","publisher":{"@id":"https:\/\/nuevo-renacer.com\/#organization"},"potentialAction":[{"@type":"SearchAction","target":{"@type":"EntryPoint","urlTemplate":"https:\/\/nuevo-renacer.com\/?s={search_term_string}"},"query-input":{"@type":"PropertyValueSpecification","valueRequired":true,"valueName":"search_term_string"}}],"inLanguage":"en-GB"},{"@type":"Organization","@id":"https:\/\/nuevo-renacer.com\/#organization","name":"UFEC","url":"https:\/\/nuevo-renacer.com\/","logo":{"@type":"ImageObject","inLanguage":"en-GB","@id":"https:\/\/nuevo-renacer.com\/#\/schema\/logo\/image\/","url":"https:\/\/nuevo-renacer.com\/wp-content\/uploads\/2024\/05\/cropped-LOGO-TERMINADO1-3-3.png","contentUrl":"https:\/\/nuevo-renacer.com\/wp-content\/uploads\/2024\/05\/cropped-LOGO-TERMINADO1-3-3.png","width":512,"height":512,"caption":"UFEC"},"image":{"@id":"https:\/\/nuevo-renacer.com\/#\/schema\/logo\/image\/"},"sameAs":["https:\/\/www.facebook.com\/groups\/3431398063740829"]}]}},"uagb_featured_image_src":{"full":["https:\/\/nuevo-renacer.com\/wp-content\/uploads\/2024\/07\/ai-generated-8448318_1280.webp",1280,731,false],"thumbnail":["https:\/\/nuevo-renacer.com\/wp-content\/uploads\/2024\/07\/ai-generated-8448318_1280-150x150.webp",150,150,true],"medium":["https:\/\/nuevo-renacer.com\/wp-content\/uploads\/2024\/07\/ai-generated-8448318_1280-300x171.webp",300,171,true],"medium_large":["https:\/\/nuevo-renacer.com\/wp-content\/uploads\/2024\/07\/ai-generated-8448318_1280-768x439.webp",768,439,true],"large":["https:\/\/nuevo-renacer.com\/wp-content\/uploads\/2024\/07\/ai-generated-8448318_1280-1024x585.webp",1024,585,true],"1536x1536":["https:\/\/nuevo-renacer.com\/wp-content\/uploads\/2024\/07\/ai-generated-8448318_1280.webp",1280,731,false],"2048x2048":["https:\/\/nuevo-renacer.com\/wp-content\/uploads\/2024\/07\/ai-generated-8448318_1280.webp",1280,731,false],"trp-custom-language-flag":["https:\/\/nuevo-renacer.com\/wp-content\/uploads\/2024\/07\/ai-generated-8448318_1280-18x10.webp",18,10,true]},"uagb_author_info":{"display_name":"adbv0","author_link":"https:\/\/nuevo-renacer.com\/en\/author\/adbv0\/"},"uagb_comment_info":0,"uagb_excerpt":"Espiritismo: Consecuencia de la doctrina cristiana Del libro: La G\u00e9nesis \u2013 Allan Kardec El espiritismo, que parte de las propias palabras de Cristo, como este parti\u00f3 de las de Mois\u00e9s, es una consecuencia directa de la doctrina cristiana. A la idea vaga de la vida futura agrega la revelaci\u00f3n de la existencia del mundo invisible&hellip;","jetpack_sharing_enabled":true,"_links":{"self":[{"href":"https:\/\/nuevo-renacer.com\/en\/wp-json\/wp\/v2\/pages\/3612","targetHints":{"allow":["GET"]}}],"collection":[{"href":"https:\/\/nuevo-renacer.com\/en\/wp-json\/wp\/v2\/pages"}],"about":[{"href":"https:\/\/nuevo-renacer.com\/en\/wp-json\/wp\/v2\/types\/page"}],"author":[{"embeddable":true,"href":"https:\/\/nuevo-renacer.com\/en\/wp-json\/wp\/v2\/users\/1"}],"replies":[{"embeddable":true,"href":"https:\/\/nuevo-renacer.com\/en\/wp-json\/wp\/v2\/comments?post=3612"}],"version-history":[{"count":4,"href":"https:\/\/nuevo-renacer.com\/en\/wp-json\/wp\/v2\/pages\/3612\/revisions"}],"predecessor-version":[{"id":6555,"href":"https:\/\/nuevo-renacer.com\/en\/wp-json\/wp\/v2\/pages\/3612\/revisions\/6555"}],"wp:featuredmedia":[{"embeddable":true,"href":"https:\/\/nuevo-renacer.com\/en\/wp-json\/wp\/v2\/media\/3613"}],"wp:attachment":[{"href":"https:\/\/nuevo-renacer.com\/en\/wp-json\/wp\/v2\/media?parent=3612"}],"curies":[{"name":"wp","href":"https:\/\/api.w.org\/{rel}","templated":true}]}}