{"id":3603,"date":"2024-07-10T11:45:52","date_gmt":"2024-07-10T11:45:52","guid":{"rendered":"https:\/\/ufec-mundial.com\/?page_id=3603"},"modified":"2024-07-10T11:46:27","modified_gmt":"2024-07-10T11:46:27","slug":"el-cielo-segun-el-espiritismo","status":"publish","type":"page","link":"https:\/\/nuevo-renacer.com\/en\/el-cielo-segun-el-espiritismo\/","title":{"rendered":"El Cielo seg\u00fan el espiritismo"},"content":{"rendered":"<div class=\"wp-block-uagb-container uagb-block-53a24419 alignfull uagb-is-root-container\"><div class=\"uagb-container-inner-blocks-wrap\">\n<p class=\"has-medium-font-size\"><strong>El Cielo seg\u00fan el espiritismo<\/strong><\/p>\n\n\n\n<p class=\"has-medium-font-size\"><strong>From the book: Heaven and Hell \u2013 Allan Kardec<\/strong><\/p>\n<\/div><\/div>\n\n\n\n<div class=\"wp-block-uagb-container uagb-block-4d6450d1 alignfull uagb-is-root-container\"><div class=\"uagb-container-inner-blocks-wrap\">\n<figure class=\"wp-block-image size-full is-resized\"><img fetchpriority=\"high\" decoding=\"async\" width=\"850\" height=\"478\" src=\"https:\/\/ufec-mundial.com\/wp-content\/uploads\/2024\/07\/desktop-wallpaper-sky-ultra-background-for-widescreen-white-sky.jpg\" alt=\"\" class=\"wp-image-3604\" style=\"width:432px;height:auto\" srcset=\"https:\/\/nuevo-renacer.com\/wp-content\/uploads\/2024\/07\/desktop-wallpaper-sky-ultra-background-for-widescreen-white-sky.jpg 850w, https:\/\/nuevo-renacer.com\/wp-content\/uploads\/2024\/07\/desktop-wallpaper-sky-ultra-background-for-widescreen-white-sky-300x169.jpg 300w, https:\/\/nuevo-renacer.com\/wp-content\/uploads\/2024\/07\/desktop-wallpaper-sky-ultra-background-for-widescreen-white-sky-768x432.jpg 768w, https:\/\/nuevo-renacer.com\/wp-content\/uploads\/2024\/07\/desktop-wallpaper-sky-ultra-background-for-widescreen-white-sky-18x10.jpg 18w\" sizes=\"(max-width: 850px) 100vw, 850px\" \/><\/figure>\n<\/div><\/div>\n\n\n\n<div class=\"wp-block-uagb-container uagb-block-240f7ebb alignfull uagb-is-root-container\"><div class=\"uagb-container-inner-blocks-wrap\">\n<p class=\"has-small-font-size\">La felicidad de los Esp\u00edritus bienaventurados no con\u00adsiste en la ociosidad contemplativa, que ser\u00eda una eterna y fastidiosa inutilidad. Por el contrario, la vida espiritual es, en todos sus grados, una actividad constante, pero exenta de cansancio. La dicha suprema consiste, pues, en el goce de todos los esplendores de la creaci\u00f3n, a los que ning\u00fan lenguaje humano podr\u00eda describir, y que la imaginaci\u00f3n m\u00e1s fecunda ser\u00eda incapaz de concebir. Consiste en el conocimien\u00adto y la penetraci\u00f3n de todas las cosas; en la ausencia de aflicciones f\u00edsicas y morales; en una satisfacci\u00f3n \u00edntima, una imperturbable serenidad del alma. <\/p>\n\n\n\n<p class=\"has-small-font-size\">Consiste tambi\u00e9n en el amor puro que une a todos los seres, debido a que no se producen los roces propios del contacto con los malos. Por encima de todo, consiste en la con\u00adtemplaci\u00f3n de Dios y en la comprensi\u00f3n de sus misterios, que son revelados a los m\u00e1s dignos. Esa felicidad tambi\u00e9n se encuentra en el cumplimiento de funciones asignadas por lo Alto. Los Esp\u00edritus puros son los mes\u00edas o mensajeros de Dios que transmiten y ejecu\u00adtan su voluntad. Llevan a cabo las misiones de importancia, presi\u00adden la formaci\u00f3n de los mundos y la armon\u00eda general del universo, tarea gloriosa confiada s\u00f3lo a quienes alcanzaron la perfecci\u00f3n. Los Esp\u00edritus del orden m\u00e1s elevado son los \u00fanicos que participan de los secretos de Dios, porque se inspiran en su pensamiento y son sus representantes directos.<\/p>\n\n\n\n<p class=\"has-small-font-size\">Las atribuciones de los Esp\u00edritus son proporcionales a su progreso, a las luces que poseen, a sus capacidades, a su experiencia y al grado de confianza que inspiran al soberano Se\u00f1or. Para \u00c9l no existen privilegios, ni favores que no sean el premio al m\u00e9rito; todo se mide y se pesa en la balanza de la estricta justicia. Las misiones m\u00e1s importantes s\u00f3lo son confiadas a aquellos que Dios juzga ca\u00adpaces de cumplirlas e incapaces de fallar o de ponerlas en riesgo. Mientras que los m\u00e1s dignos componen, ante la mirada misma de Dios, el consejo supremo, a los jefes superiores se les atribuye el comando de los torbellinos planetarios, y a otros se les conf\u00eda el de mundos espec\u00edficos. <\/p>\n\n\n\n<p class=\"has-small-font-size\">Despu\u00e9s siguen, en orden de adelanto y subordinaci\u00f3n jer\u00e1rquica, las atribuciones m\u00e1s restringidas de los que tienen a su cargo la marcha de los pueblos, la protecci\u00f3n de las familias y los individuos, el est\u00edmulo de cada rama del progreso, las diversas operaciones de la naturaleza, y hasta los m\u00e1s \u00ednfimos detalles de la creaci\u00f3n. En ese vasto y armonioso conjunto, hay ocupaciones para todas las capacidades, aptitudes y prop\u00f3sitos de buena voluntad; ocupaciones aceptadas con j\u00fabilo, solicitadas con entusiasmo, puesto que son un medio de adelanto para los Esp\u00edri\u00adtus que aspiran a elevarse.<\/p>\n<\/div><\/div>","protected":false},"excerpt":{"rendered":"<p>El Cielo seg\u00fan el espiritismo Del libro: El Cielo y el Infierno \u2013 Allan Kardec La felicidad de los Esp\u00edritus bienaventurados no con\u00adsiste en la ociosidad contemplativa, que ser\u00eda una eterna y fastidiosa inutilidad. Por el contrario, la vida espiritual es, en todos sus grados, una actividad constante, pero exenta de cansancio. La dicha suprema [&hellip;]<\/p>","protected":false},"author":1,"featured_media":3604,"parent":0,"menu_order":0,"comment_status":"closed","ping_status":"closed","template":"","meta":{"_uag_custom_page_level_css":"","site-sidebar-layout":"default","site-content-layout":"","ast-site-content-layout":"default","site-content-style":"default","site-sidebar-style":"default","ast-global-header-display":"","ast-banner-title-visibility":"","ast-main-header-display":"","ast-hfb-above-header-display":"","ast-hfb-below-header-display":"","ast-hfb-mobile-header-display":"","site-post-title":"disabled","ast-breadcrumbs-content":"","ast-featured-img":"","footer-sml-layout":"","theme-transparent-header-meta":"","adv-header-id-meta":"","stick-header-meta":"","header-above-stick-meta":"","header-main-stick-meta":"","header-below-stick-meta":"","astra-migrate-meta-layouts":"set","ast-page-background-enabled":"default","ast-page-background-meta":{"desktop":{"background-color":"var(--ast-global-color-4)","background-image":"","background-repeat":"repeat","background-position":"center center","background-size":"auto","background-attachment":"scroll","background-type":"","background-media":"","overlay-type":"","overlay-color":"","overlay-opacity":"","overlay-gradient":""},"tablet":{"background-color":"","background-image":"","background-repeat":"repeat","background-position":"center center","background-size":"auto","background-attachment":"scroll","background-type":"","background-media":"","overlay-type":"","overlay-color":"","overlay-opacity":"","overlay-gradient":""},"mobile":{"background-color":"","background-image":"","background-repeat":"repeat","background-position":"center center","background-size":"auto","background-attachment":"scroll","background-type":"","background-media":"","overlay-type":"","overlay-color":"","overlay-opacity":"","overlay-gradient":""}},"ast-content-background-meta":{"desktop":{"background-color":"var(--ast-global-color-5)","background-image":"","background-repeat":"repeat","background-position":"center center","background-size":"auto","background-attachment":"scroll","background-type":"","background-media":"","overlay-type":"","overlay-color":"","overlay-opacity":"","overlay-gradient":""},"tablet":{"background-color":"var(--ast-global-color-5)","background-image":"","background-repeat":"repeat","background-position":"center center","background-size":"auto","background-attachment":"scroll","background-type":"","background-media":"","overlay-type":"","overlay-color":"","overlay-opacity":"","overlay-gradient":""},"mobile":{"background-color":"var(--ast-global-color-5)","background-image":"","background-repeat":"repeat","background-position":"center center","background-size":"auto","background-attachment":"scroll","background-type":"","background-media":"","overlay-type":"","overlay-color":"","overlay-opacity":"","overlay-gradient":""}},"footnotes":""},"class_list":["post-3603","page","type-page","status-publish","has-post-thumbnail","hentry"],"yoast_head":"<!-- This site is optimized with the Yoast SEO Premium plugin v24.2 (Yoast SEO v24.6) - https:\/\/yoast.com\/wordpress\/plugins\/seo\/ -->\n<title>El Cielo seg\u00fan el espiritismo - Uni\u00f3n Esp\u00edrita<\/title>\n<meta name=\"robots\" content=\"index, follow, max-snippet:-1, max-image-preview:large, max-video-preview:-1\" \/>\n<link rel=\"canonical\" href=\"https:\/\/nuevo-renacer.com\/en\/el-cielo-segun-el-espiritismo\/\" \/>\n<meta property=\"og:locale\" content=\"en_GB\" \/>\n<meta property=\"og:type\" content=\"article\" \/>\n<meta property=\"og:title\" content=\"El Cielo seg\u00fan el espiritismo\" \/>\n<meta property=\"og:description\" content=\"El Cielo seg\u00fan el espiritismo Del libro: El Cielo y el Infierno \u2013 Allan Kardec La felicidad de los Esp\u00edritus bienaventurados no con\u00adsiste en la ociosidad contemplativa, que ser\u00eda una eterna y fastidiosa inutilidad. Por el contrario, la vida espiritual es, en todos sus grados, una actividad constante, pero exenta de cansancio. La dicha suprema [&hellip;]\" \/>\n<meta property=\"og:url\" content=\"https:\/\/nuevo-renacer.com\/en\/el-cielo-segun-el-espiritismo\/\" \/>\n<meta property=\"og:site_name\" content=\"Uni\u00f3n Esp\u00edrita\" \/>\n<meta property=\"article:publisher\" content=\"https:\/\/www.facebook.com\/groups\/3431398063740829\" \/>\n<meta property=\"article:modified_time\" content=\"2024-07-10T11:46:27+00:00\" \/>\n<meta property=\"og:image\" content=\"https:\/\/nuevo-renacer.com\/wp-content\/uploads\/2024\/07\/desktop-wallpaper-sky-ultra-background-for-widescreen-white-sky.jpg\" \/>\n\t<meta property=\"og:image:width\" content=\"850\" \/>\n\t<meta property=\"og:image:height\" content=\"478\" \/>\n\t<meta property=\"og:image:type\" content=\"image\/jpeg\" \/>\n<meta name=\"twitter:card\" content=\"summary_large_image\" \/>\n<meta name=\"twitter:label1\" content=\"Estimated reading time\" \/>\n\t<meta name=\"twitter:data1\" content=\"3 minutes\" \/>\n<script type=\"application\/ld+json\" class=\"yoast-schema-graph\">{\"@context\":\"https:\/\/schema.org\",\"@graph\":[{\"@type\":\"WebPage\",\"@id\":\"https:\/\/nuevo-renacer.com\/el-cielo-segun-el-espiritismo\/\",\"url\":\"https:\/\/nuevo-renacer.com\/el-cielo-segun-el-espiritismo\/\",\"name\":\"El Cielo seg\u00fan el espiritismo - Uni\u00f3n Esp\u00edrita\",\"isPartOf\":{\"@id\":\"https:\/\/nuevo-renacer.com\/#website\"},\"primaryImageOfPage\":{\"@id\":\"https:\/\/nuevo-renacer.com\/el-cielo-segun-el-espiritismo\/#primaryimage\"},\"image\":{\"@id\":\"https:\/\/nuevo-renacer.com\/el-cielo-segun-el-espiritismo\/#primaryimage\"},\"thumbnailUrl\":\"https:\/\/nuevo-renacer.com\/wp-content\/uploads\/2024\/07\/desktop-wallpaper-sky-ultra-background-for-widescreen-white-sky.jpg\",\"datePublished\":\"2024-07-10T11:45:52+00:00\",\"dateModified\":\"2024-07-10T11:46:27+00:00\",\"breadcrumb\":{\"@id\":\"https:\/\/nuevo-renacer.com\/el-cielo-segun-el-espiritismo\/#breadcrumb\"},\"inLanguage\":\"en-GB\",\"potentialAction\":[{\"@type\":\"ReadAction\",\"target\":[\"https:\/\/nuevo-renacer.com\/el-cielo-segun-el-espiritismo\/\"]}]},{\"@type\":\"ImageObject\",\"inLanguage\":\"en-GB\",\"@id\":\"https:\/\/nuevo-renacer.com\/el-cielo-segun-el-espiritismo\/#primaryimage\",\"url\":\"https:\/\/nuevo-renacer.com\/wp-content\/uploads\/2024\/07\/desktop-wallpaper-sky-ultra-background-for-widescreen-white-sky.jpg\",\"contentUrl\":\"https:\/\/nuevo-renacer.com\/wp-content\/uploads\/2024\/07\/desktop-wallpaper-sky-ultra-background-for-widescreen-white-sky.jpg\",\"width\":850,\"height\":478},{\"@type\":\"BreadcrumbList\",\"@id\":\"https:\/\/nuevo-renacer.com\/el-cielo-segun-el-espiritismo\/#breadcrumb\",\"itemListElement\":[{\"@type\":\"ListItem\",\"position\":1,\"name\":\"Startseite\",\"item\":\"https:\/\/nuevo-renacer.com\/\"},{\"@type\":\"ListItem\",\"position\":2,\"name\":\"El Cielo seg\u00fan el espiritismo\"}]},{\"@type\":\"WebSite\",\"@id\":\"https:\/\/nuevo-renacer.com\/#website\",\"url\":\"https:\/\/nuevo-renacer.com\/\",\"name\":\"Uni\u00f3n Esp\u00edrita\",\"description\":\"Nuevo Renacer\",\"publisher\":{\"@id\":\"https:\/\/nuevo-renacer.com\/#organization\"},\"potentialAction\":[{\"@type\":\"SearchAction\",\"target\":{\"@type\":\"EntryPoint\",\"urlTemplate\":\"https:\/\/nuevo-renacer.com\/?s={search_term_string}\"},\"query-input\":{\"@type\":\"PropertyValueSpecification\",\"valueRequired\":true,\"valueName\":\"search_term_string\"}}],\"inLanguage\":\"en-GB\"},{\"@type\":\"Organization\",\"@id\":\"https:\/\/nuevo-renacer.com\/#organization\",\"name\":\"UFEC\",\"url\":\"https:\/\/nuevo-renacer.com\/\",\"logo\":{\"@type\":\"ImageObject\",\"inLanguage\":\"en-GB\",\"@id\":\"https:\/\/nuevo-renacer.com\/#\/schema\/logo\/image\/\",\"url\":\"https:\/\/nuevo-renacer.com\/wp-content\/uploads\/2024\/05\/cropped-LOGO-TERMINADO1-3-3.png\",\"contentUrl\":\"https:\/\/nuevo-renacer.com\/wp-content\/uploads\/2024\/05\/cropped-LOGO-TERMINADO1-3-3.png\",\"width\":512,\"height\":512,\"caption\":\"UFEC\"},\"image\":{\"@id\":\"https:\/\/nuevo-renacer.com\/#\/schema\/logo\/image\/\"},\"sameAs\":[\"https:\/\/www.facebook.com\/groups\/3431398063740829\"]}]}<\/script>\n<!-- \/ Yoast SEO Premium plugin. -->","yoast_head_json":{"title":"El Cielo seg\u00fan el espiritismo - Uni\u00f3n Esp\u00edrita","robots":{"index":"index","follow":"follow","max-snippet":"max-snippet:-1","max-image-preview":"max-image-preview:large","max-video-preview":"max-video-preview:-1"},"canonical":"https:\/\/nuevo-renacer.com\/en\/el-cielo-segun-el-espiritismo\/","og_locale":"en_GB","og_type":"article","og_title":"El Cielo seg\u00fan el espiritismo","og_description":"El Cielo seg\u00fan el espiritismo Del libro: El Cielo y el Infierno \u2013 Allan Kardec La felicidad de los Esp\u00edritus bienaventurados no con\u00adsiste en la ociosidad contemplativa, que ser\u00eda una eterna y fastidiosa inutilidad. Por el contrario, la vida espiritual es, en todos sus grados, una actividad constante, pero exenta de cansancio. La dicha suprema [&hellip;]","og_url":"https:\/\/nuevo-renacer.com\/en\/el-cielo-segun-el-espiritismo\/","og_site_name":"Uni\u00f3n Esp\u00edrita","article_publisher":"https:\/\/www.facebook.com\/groups\/3431398063740829","article_modified_time":"2024-07-10T11:46:27+00:00","og_image":[{"width":850,"height":478,"url":"https:\/\/nuevo-renacer.com\/wp-content\/uploads\/2024\/07\/desktop-wallpaper-sky-ultra-background-for-widescreen-white-sky.jpg","type":"image\/jpeg"}],"twitter_card":"summary_large_image","twitter_misc":{"Estimated reading time":"3 minutes"},"schema":{"@context":"https:\/\/schema.org","@graph":[{"@type":"WebPage","@id":"https:\/\/nuevo-renacer.com\/el-cielo-segun-el-espiritismo\/","url":"https:\/\/nuevo-renacer.com\/el-cielo-segun-el-espiritismo\/","name":"El Cielo seg\u00fan el espiritismo - Uni\u00f3n Esp\u00edrita","isPartOf":{"@id":"https:\/\/nuevo-renacer.com\/#website"},"primaryImageOfPage":{"@id":"https:\/\/nuevo-renacer.com\/el-cielo-segun-el-espiritismo\/#primaryimage"},"image":{"@id":"https:\/\/nuevo-renacer.com\/el-cielo-segun-el-espiritismo\/#primaryimage"},"thumbnailUrl":"https:\/\/nuevo-renacer.com\/wp-content\/uploads\/2024\/07\/desktop-wallpaper-sky-ultra-background-for-widescreen-white-sky.jpg","datePublished":"2024-07-10T11:45:52+00:00","dateModified":"2024-07-10T11:46:27+00:00","breadcrumb":{"@id":"https:\/\/nuevo-renacer.com\/el-cielo-segun-el-espiritismo\/#breadcrumb"},"inLanguage":"en-GB","potentialAction":[{"@type":"ReadAction","target":["https:\/\/nuevo-renacer.com\/el-cielo-segun-el-espiritismo\/"]}]},{"@type":"ImageObject","inLanguage":"en-GB","@id":"https:\/\/nuevo-renacer.com\/el-cielo-segun-el-espiritismo\/#primaryimage","url":"https:\/\/nuevo-renacer.com\/wp-content\/uploads\/2024\/07\/desktop-wallpaper-sky-ultra-background-for-widescreen-white-sky.jpg","contentUrl":"https:\/\/nuevo-renacer.com\/wp-content\/uploads\/2024\/07\/desktop-wallpaper-sky-ultra-background-for-widescreen-white-sky.jpg","width":850,"height":478},{"@type":"BreadcrumbList","@id":"https:\/\/nuevo-renacer.com\/el-cielo-segun-el-espiritismo\/#breadcrumb","itemListElement":[{"@type":"ListItem","position":1,"name":"Startseite","item":"https:\/\/nuevo-renacer.com\/"},{"@type":"ListItem","position":2,"name":"El Cielo seg\u00fan el espiritismo"}]},{"@type":"WebSite","@id":"https:\/\/nuevo-renacer.com\/#website","url":"https:\/\/nuevo-renacer.com\/","name":"Uni\u00f3n Esp\u00edrita","description":"Nuevo Renacer","publisher":{"@id":"https:\/\/nuevo-renacer.com\/#organization"},"potentialAction":[{"@type":"SearchAction","target":{"@type":"EntryPoint","urlTemplate":"https:\/\/nuevo-renacer.com\/?s={search_term_string}"},"query-input":{"@type":"PropertyValueSpecification","valueRequired":true,"valueName":"search_term_string"}}],"inLanguage":"en-GB"},{"@type":"Organization","@id":"https:\/\/nuevo-renacer.com\/#organization","name":"UFEC","url":"https:\/\/nuevo-renacer.com\/","logo":{"@type":"ImageObject","inLanguage":"en-GB","@id":"https:\/\/nuevo-renacer.com\/#\/schema\/logo\/image\/","url":"https:\/\/nuevo-renacer.com\/wp-content\/uploads\/2024\/05\/cropped-LOGO-TERMINADO1-3-3.png","contentUrl":"https:\/\/nuevo-renacer.com\/wp-content\/uploads\/2024\/05\/cropped-LOGO-TERMINADO1-3-3.png","width":512,"height":512,"caption":"UFEC"},"image":{"@id":"https:\/\/nuevo-renacer.com\/#\/schema\/logo\/image\/"},"sameAs":["https:\/\/www.facebook.com\/groups\/3431398063740829"]}]}},"uagb_featured_image_src":{"full":["https:\/\/nuevo-renacer.com\/wp-content\/uploads\/2024\/07\/desktop-wallpaper-sky-ultra-background-for-widescreen-white-sky.jpg",850,478,false],"thumbnail":["https:\/\/nuevo-renacer.com\/wp-content\/uploads\/2024\/07\/desktop-wallpaper-sky-ultra-background-for-widescreen-white-sky-150x150.jpg",150,150,true],"medium":["https:\/\/nuevo-renacer.com\/wp-content\/uploads\/2024\/07\/desktop-wallpaper-sky-ultra-background-for-widescreen-white-sky-300x169.jpg",300,169,true],"medium_large":["https:\/\/nuevo-renacer.com\/wp-content\/uploads\/2024\/07\/desktop-wallpaper-sky-ultra-background-for-widescreen-white-sky-768x432.jpg",768,432,true],"large":["https:\/\/nuevo-renacer.com\/wp-content\/uploads\/2024\/07\/desktop-wallpaper-sky-ultra-background-for-widescreen-white-sky.jpg",850,478,false],"1536x1536":["https:\/\/nuevo-renacer.com\/wp-content\/uploads\/2024\/07\/desktop-wallpaper-sky-ultra-background-for-widescreen-white-sky.jpg",850,478,false],"2048x2048":["https:\/\/nuevo-renacer.com\/wp-content\/uploads\/2024\/07\/desktop-wallpaper-sky-ultra-background-for-widescreen-white-sky.jpg",850,478,false],"trp-custom-language-flag":["https:\/\/nuevo-renacer.com\/wp-content\/uploads\/2024\/07\/desktop-wallpaper-sky-ultra-background-for-widescreen-white-sky-18x10.jpg",18,10,true]},"uagb_author_info":{"display_name":"adbv0","author_link":"https:\/\/nuevo-renacer.com\/en\/author\/adbv0\/"},"uagb_comment_info":0,"uagb_excerpt":"El Cielo seg\u00fan el espiritismo Del libro: El Cielo y el Infierno \u2013 Allan Kardec La felicidad de los Esp\u00edritus bienaventurados no con\u00adsiste en la ociosidad contemplativa, que ser\u00eda una eterna y fastidiosa inutilidad. Por el contrario, la vida espiritual es, en todos sus grados, una actividad constante, pero exenta de cansancio. La dicha suprema&hellip;","jetpack_sharing_enabled":true,"_links":{"self":[{"href":"https:\/\/nuevo-renacer.com\/en\/wp-json\/wp\/v2\/pages\/3603","targetHints":{"allow":["GET"]}}],"collection":[{"href":"https:\/\/nuevo-renacer.com\/en\/wp-json\/wp\/v2\/pages"}],"about":[{"href":"https:\/\/nuevo-renacer.com\/en\/wp-json\/wp\/v2\/types\/page"}],"author":[{"embeddable":true,"href":"https:\/\/nuevo-renacer.com\/en\/wp-json\/wp\/v2\/users\/1"}],"replies":[{"embeddable":true,"href":"https:\/\/nuevo-renacer.com\/en\/wp-json\/wp\/v2\/comments?post=3603"}],"version-history":[{"count":1,"href":"https:\/\/nuevo-renacer.com\/en\/wp-json\/wp\/v2\/pages\/3603\/revisions"}],"predecessor-version":[{"id":3605,"href":"https:\/\/nuevo-renacer.com\/en\/wp-json\/wp\/v2\/pages\/3603\/revisions\/3605"}],"wp:featuredmedia":[{"embeddable":true,"href":"https:\/\/nuevo-renacer.com\/en\/wp-json\/wp\/v2\/media\/3604"}],"wp:attachment":[{"href":"https:\/\/nuevo-renacer.com\/en\/wp-json\/wp\/v2\/media?parent=3603"}],"curies":[{"name":"wp","href":"https:\/\/api.w.org\/{rel}","templated":true}]}}