{"id":3574,"date":"2024-07-10T09:49:22","date_gmt":"2024-07-10T09:49:22","guid":{"rendered":"https:\/\/ufec-mundial.com\/?page_id=3574"},"modified":"2024-12-21T09:21:24","modified_gmt":"2024-12-21T09:21:24","slug":"mundos-inferiores","status":"publish","type":"page","link":"https:\/\/nuevo-renacer.com\/en\/mundos-inferiores\/","title":{"rendered":"Lower Worlds"},"content":{"rendered":"<div class=\"wp-block-uagb-container uagb-block-163a6e63 alignfull uagb-is-root-container\"><div class=\"uagb-container-inner-blocks-wrap\">\n<p class=\"has-black-color has-text-color has-link-color has-medium-font-size wp-elements-d59dba5ad3f17ba93bbf6fcd6a100d7d\"><strong>Lower Worlds<\/strong><\/p>\n<\/div><\/div>\n\n\n\n<div class=\"wp-block-uagb-container uagb-block-d8b32473 alignfull uagb-is-root-container\"><div class=\"uagb-container-inner-blocks-wrap\">\n<figure class=\"wp-block-image size-full is-resized\"><img fetchpriority=\"high\" decoding=\"async\" width=\"1000\" height=\"563\" src=\"https:\/\/ufec-mundial.com\/wp-content\/uploads\/2024\/07\/nuestro-hogar-nosso-lar-chico-xavier-wagner-de-assis-03.jpg\" alt=\"\" class=\"wp-image-3576\" style=\"width:389px;height:auto\" srcset=\"https:\/\/nuevo-renacer.com\/wp-content\/uploads\/2024\/07\/nuestro-hogar-nosso-lar-chico-xavier-wagner-de-assis-03.jpg 1000w, https:\/\/nuevo-renacer.com\/wp-content\/uploads\/2024\/07\/nuestro-hogar-nosso-lar-chico-xavier-wagner-de-assis-03-300x169.jpg 300w, https:\/\/nuevo-renacer.com\/wp-content\/uploads\/2024\/07\/nuestro-hogar-nosso-lar-chico-xavier-wagner-de-assis-03-768x432.jpg 768w, https:\/\/nuevo-renacer.com\/wp-content\/uploads\/2024\/07\/nuestro-hogar-nosso-lar-chico-xavier-wagner-de-assis-03-18x10.jpg 18w\" sizes=\"(max-width: 1000px) 100vw, 1000px\" \/><\/figure>\n<\/div><\/div>\n\n\n\n<div class=\"wp-block-uagb-container uagb-block-718a286f alignfull uagb-is-root-container\"><div class=\"uagb-container-inner-blocks-wrap\">\n<p class=\"has-black-color has-text-color has-link-color has-small-font-size wp-elements-076cd3ed042096084e9d361cd5e29a59\">There are worlds, considered inferior, where the inhabitants live in a primitive state, with rudimentary notions, their inhabitants are in the condition of savage races; the existing sensation is one of survival and daily struggle for the preservation of life and food. In these lower worlds there is no notion of justice, solidarity, coexistence, fraternity, beauty, harmony and balance. The beings inhabiting this world are in a primordial stage of animality, where brute force is the law. Lacking in knowledge, they have primitive and rudimentary habits, and wear the human form without beauty. They are dominated by material temptations. In the lower worlds, existence is all material, passions reign supreme, moral life is almost non-existent, and beings are physically and morally inferior.<\/p>\n\n\n\n<p class=\"has-black-color has-text-color has-link-color has-small-font-size wp-elements-54d5faba6e5d2c81f1e738a7de5ccea6\">The different worlds that exist allow us to advance to a different level. Reincarnation allows the spirit to learn and improve until it reaches the evolution for which it was created. It is through countless incarnations that we improve our morals, our knowledge, practising, learning, growing and thus evolving.  Spirits pass through innumerable existences in different worlds, according to their level of evolution. Each incarnation is sent to a world compatible with their moral and intellectual training. Spirits who incarnate in a world are not bound to it indefinitely, nor do they pass through all the stages of their progress. When in one world they reach the level of advancement which that world implies, they pass on to another, more advanced world at the same level and in the same attunement in which they find themselves.<\/p>\n\n\n\n<p class=\"has-black-color has-text-color has-link-color has-small-font-size wp-elements-fab7c9ed4b7337a2c929cb66e70e3dfd\">Each world offers those who inhabit it suitable conditions for planetary life, and vital needs are different from one planet to another. The evolution of each being is a particular revolution, one must have the awareness and the attitude to recognise what needs to be changed, one must relearn and re-signify oneself in order to evolve. Time is individual for each being, we are singular beings and with each incarnation we have a new cycle of relationships, a new social and cultural context. We don't know where we have been wrong thousands of times, we don't know where we have fallen and got it right... Personal growth is an infinitely repetitive process. Each change in the evolutionary cycle brings profound material and spiritual changes.<\/p>\n\n\n\n<p class=\"has-black-color has-text-color has-link-color has-small-font-size wp-elements-a77e77735ed2302fa40de116301de29a\">Human beings leave the lower worlds for happier ones as they are cured of their moral infirmities. It is a reward to pass from a lower world to a world of a higher order, just as it is a punishment to prolong one's stay in an unhappy world or to be relegated to lower worlds where he will experience harsher trials. The spirit lives where it places its thoughts and actions. From time to time, humanity reaches a moment of purification, which is preceded by a planetary purge. Spirits who are unable to change their morals and intellect will be relegated to lower worlds.<\/p>\n\n\n\n<p class=\"has-black-color has-text-color has-link-color has-small-font-size wp-elements-b9a69cb3c0045ae7ab792b231ee88b2c\">The greatest obstacle to personal growth is pretending to know something; it is our personal development that determines our evolutionary achievements. We intensify what we cultivate, our values guide our decisions and we are responsible for where we are now, because life is the fruit of our choices. When we grow individually, we help all around us to flourish, we contribute to collective evolution. We propagate who we are. Without accepting reality, we cannot evolve. In our growth process, we must make conscious choices about the kind of person we want to become and act with this purpose in mind.<\/p>\n\n\n\n<p class=\"has-black-color has-text-color has-link-color has-small-font-size wp-elements-6e4168f2a190df086c69af0cdb7fa3a6\">The Universe is our home and love must be the chosen path. Only love survives time, love is capable of changing people's lives. Love is constructive energy, a guideline for improvement, collective benefit and existential clarity. With love, the material being makes room for the spiritual.<\/p>\n\n\n\n<p class=\"has-black-color has-text-color has-link-color has-small-font-size wp-elements-fe93c65dae64e2d99ad986794d426c40\">Let us move forward with a lot of positive energy, seeking to base our attitudes on love.<\/p>\n<\/div><\/div>\n\n\n\n<div class=\"wp-block-uagb-container uagb-block-19c98072 alignfull uagb-is-root-container\"><div class=\"uagb-container-inner-blocks-wrap\"><\/div><\/div>\n\n\n\n<div class=\"wp-block-uagb-container uagb-block-c334f1e4 alignfull uagb-is-root-container\"><div class=\"uagb-container-inner-blocks-wrap\"><\/div><\/div>","protected":false},"excerpt":{"rendered":"<p>Mundos Inferiores Hay mundos, considerados inferiores, donde los habitantes viven en estado primitivo, con nociones rudimentarias, sus habitantes est\u00e1n en la condici\u00f3n de razas salvajes; la sensaci\u00f3n existente es de supervivencia y lucha diaria por la preservaci\u00f3n de la vida y el alimento. En estos mundos inferiores no existe la noci\u00f3n de justicia, solidaridad, coexistencia, [&hellip;]<\/p>","protected":false},"author":1,"featured_media":3576,"parent":0,"menu_order":0,"comment_status":"closed","ping_status":"closed","template":"","meta":{"_uag_custom_page_level_css":"","site-sidebar-layout":"default","site-content-layout":"","ast-site-content-layout":"default","site-content-style":"default","site-sidebar-style":"default","ast-global-header-display":"","ast-banner-title-visibility":"","ast-main-header-display":"","ast-hfb-above-header-display":"","ast-hfb-below-header-display":"","ast-hfb-mobile-header-display":"","site-post-title":"disabled","ast-breadcrumbs-content":"","ast-featured-img":"","footer-sml-layout":"","theme-transparent-header-meta":"","adv-header-id-meta":"","stick-header-meta":"","header-above-stick-meta":"","header-main-stick-meta":"","header-below-stick-meta":"","astra-migrate-meta-layouts":"set","ast-page-background-enabled":"default","ast-page-background-meta":{"desktop":{"background-color":"var(--ast-global-color-4)","background-image":"","background-repeat":"repeat","background-position":"center center","background-size":"auto","background-attachment":"scroll","background-type":"","background-media":"","overlay-type":"","overlay-color":"","overlay-opacity":"","overlay-gradient":""},"tablet":{"background-color":"","background-image":"","background-repeat":"repeat","background-position":"center center","background-size":"auto","background-attachment":"scroll","background-type":"","background-media":"","overlay-type":"","overlay-color":"","overlay-opacity":"","overlay-gradient":""},"mobile":{"background-color":"","background-image":"","background-repeat":"repeat","background-position":"center center","background-size":"auto","background-attachment":"scroll","background-type":"","background-media":"","overlay-type":"","overlay-color":"","overlay-opacity":"","overlay-gradient":""}},"ast-content-background-meta":{"desktop":{"background-color":"var(--ast-global-color-5)","background-image":"","background-repeat":"repeat","background-position":"center center","background-size":"auto","background-attachment":"scroll","background-type":"","background-media":"","overlay-type":"","overlay-color":"","overlay-opacity":"","overlay-gradient":""},"tablet":{"background-color":"var(--ast-global-color-5)","background-image":"","background-repeat":"repeat","background-position":"center center","background-size":"auto","background-attachment":"scroll","background-type":"","background-media":"","overlay-type":"","overlay-color":"","overlay-opacity":"","overlay-gradient":""},"mobile":{"background-color":"var(--ast-global-color-5)","background-image":"","background-repeat":"repeat","background-position":"center center","background-size":"auto","background-attachment":"scroll","background-type":"","background-media":"","overlay-type":"","overlay-color":"","overlay-opacity":"","overlay-gradient":""}},"footnotes":""},"class_list":["post-3574","page","type-page","status-publish","has-post-thumbnail","hentry"],"yoast_head":"<!-- This site is optimized with the Yoast SEO Premium plugin v24.2 (Yoast SEO v24.6) - https:\/\/yoast.com\/wordpress\/plugins\/seo\/ -->\n<title>Mundos Inferiores - Uni\u00f3n Esp\u00edrita<\/title>\n<meta name=\"robots\" content=\"index, follow, max-snippet:-1, max-image-preview:large, max-video-preview:-1\" \/>\n<link rel=\"canonical\" href=\"https:\/\/nuevo-renacer.com\/en\/mundos-inferiores\/\" \/>\n<meta property=\"og:locale\" content=\"en_GB\" \/>\n<meta property=\"og:type\" content=\"article\" \/>\n<meta property=\"og:title\" content=\"Mundos Inferiores\" \/>\n<meta property=\"og:description\" content=\"Mundos Inferiores Hay mundos, considerados inferiores, donde los habitantes viven en estado primitivo, con nociones rudimentarias, sus habitantes est\u00e1n en la condici\u00f3n de razas salvajes; la sensaci\u00f3n existente es de supervivencia y lucha diaria por la preservaci\u00f3n de la vida y el alimento. En estos mundos inferiores no existe la noci\u00f3n de justicia, solidaridad, coexistencia, [&hellip;]\" \/>\n<meta property=\"og:url\" content=\"https:\/\/nuevo-renacer.com\/en\/mundos-inferiores\/\" \/>\n<meta property=\"og:site_name\" content=\"Uni\u00f3n Esp\u00edrita\" \/>\n<meta property=\"article:publisher\" content=\"https:\/\/www.facebook.com\/groups\/3431398063740829\" \/>\n<meta property=\"article:modified_time\" content=\"2024-12-21T09:21:24+00:00\" \/>\n<meta property=\"og:image\" content=\"https:\/\/nuevo-renacer.com\/wp-content\/uploads\/2024\/07\/nuestro-hogar-nosso-lar-chico-xavier-wagner-de-assis-03.jpg\" \/>\n\t<meta property=\"og:image:width\" content=\"1000\" \/>\n\t<meta property=\"og:image:height\" content=\"563\" \/>\n\t<meta property=\"og:image:type\" content=\"image\/jpeg\" \/>\n<meta name=\"twitter:card\" content=\"summary_large_image\" \/>\n<meta name=\"twitter:label1\" content=\"Estimated reading time\" \/>\n\t<meta name=\"twitter:data1\" content=\"3 minutes\" \/>\n<script type=\"application\/ld+json\" class=\"yoast-schema-graph\">{\"@context\":\"https:\/\/schema.org\",\"@graph\":[{\"@type\":\"WebPage\",\"@id\":\"https:\/\/nuevo-renacer.com\/mundos-inferiores\/\",\"url\":\"https:\/\/nuevo-renacer.com\/mundos-inferiores\/\",\"name\":\"Mundos Inferiores - Uni\u00f3n Esp\u00edrita\",\"isPartOf\":{\"@id\":\"https:\/\/nuevo-renacer.com\/#website\"},\"primaryImageOfPage\":{\"@id\":\"https:\/\/nuevo-renacer.com\/mundos-inferiores\/#primaryimage\"},\"image\":{\"@id\":\"https:\/\/nuevo-renacer.com\/mundos-inferiores\/#primaryimage\"},\"thumbnailUrl\":\"https:\/\/nuevo-renacer.com\/wp-content\/uploads\/2024\/07\/nuestro-hogar-nosso-lar-chico-xavier-wagner-de-assis-03.jpg\",\"datePublished\":\"2024-07-10T09:49:22+00:00\",\"dateModified\":\"2024-12-21T09:21:24+00:00\",\"breadcrumb\":{\"@id\":\"https:\/\/nuevo-renacer.com\/mundos-inferiores\/#breadcrumb\"},\"inLanguage\":\"en-GB\",\"potentialAction\":[{\"@type\":\"ReadAction\",\"target\":[\"https:\/\/nuevo-renacer.com\/mundos-inferiores\/\"]}]},{\"@type\":\"ImageObject\",\"inLanguage\":\"en-GB\",\"@id\":\"https:\/\/nuevo-renacer.com\/mundos-inferiores\/#primaryimage\",\"url\":\"https:\/\/nuevo-renacer.com\/wp-content\/uploads\/2024\/07\/nuestro-hogar-nosso-lar-chico-xavier-wagner-de-assis-03.jpg\",\"contentUrl\":\"https:\/\/nuevo-renacer.com\/wp-content\/uploads\/2024\/07\/nuestro-hogar-nosso-lar-chico-xavier-wagner-de-assis-03.jpg\",\"width\":1000,\"height\":563},{\"@type\":\"BreadcrumbList\",\"@id\":\"https:\/\/nuevo-renacer.com\/mundos-inferiores\/#breadcrumb\",\"itemListElement\":[{\"@type\":\"ListItem\",\"position\":1,\"name\":\"Startseite\",\"item\":\"https:\/\/nuevo-renacer.com\/\"},{\"@type\":\"ListItem\",\"position\":2,\"name\":\"Mundos Inferiores\"}]},{\"@type\":\"WebSite\",\"@id\":\"https:\/\/nuevo-renacer.com\/#website\",\"url\":\"https:\/\/nuevo-renacer.com\/\",\"name\":\"Uni\u00f3n Esp\u00edrita\",\"description\":\"Nuevo Renacer\",\"publisher\":{\"@id\":\"https:\/\/nuevo-renacer.com\/#organization\"},\"potentialAction\":[{\"@type\":\"SearchAction\",\"target\":{\"@type\":\"EntryPoint\",\"urlTemplate\":\"https:\/\/nuevo-renacer.com\/?s={search_term_string}\"},\"query-input\":{\"@type\":\"PropertyValueSpecification\",\"valueRequired\":true,\"valueName\":\"search_term_string\"}}],\"inLanguage\":\"en-GB\"},{\"@type\":\"Organization\",\"@id\":\"https:\/\/nuevo-renacer.com\/#organization\",\"name\":\"UFEC\",\"url\":\"https:\/\/nuevo-renacer.com\/\",\"logo\":{\"@type\":\"ImageObject\",\"inLanguage\":\"en-GB\",\"@id\":\"https:\/\/nuevo-renacer.com\/#\/schema\/logo\/image\/\",\"url\":\"https:\/\/nuevo-renacer.com\/wp-content\/uploads\/2024\/05\/cropped-LOGO-TERMINADO1-3-3.png\",\"contentUrl\":\"https:\/\/nuevo-renacer.com\/wp-content\/uploads\/2024\/05\/cropped-LOGO-TERMINADO1-3-3.png\",\"width\":512,\"height\":512,\"caption\":\"UFEC\"},\"image\":{\"@id\":\"https:\/\/nuevo-renacer.com\/#\/schema\/logo\/image\/\"},\"sameAs\":[\"https:\/\/www.facebook.com\/groups\/3431398063740829\"]}]}<\/script>\n<!-- \/ Yoast SEO Premium plugin. -->","yoast_head_json":{"title":"Mundos Inferiores - Uni\u00f3n Esp\u00edrita","robots":{"index":"index","follow":"follow","max-snippet":"max-snippet:-1","max-image-preview":"max-image-preview:large","max-video-preview":"max-video-preview:-1"},"canonical":"https:\/\/nuevo-renacer.com\/en\/mundos-inferiores\/","og_locale":"en_GB","og_type":"article","og_title":"Mundos Inferiores","og_description":"Mundos Inferiores Hay mundos, considerados inferiores, donde los habitantes viven en estado primitivo, con nociones rudimentarias, sus habitantes est\u00e1n en la condici\u00f3n de razas salvajes; la sensaci\u00f3n existente es de supervivencia y lucha diaria por la preservaci\u00f3n de la vida y el alimento. En estos mundos inferiores no existe la noci\u00f3n de justicia, solidaridad, coexistencia, [&hellip;]","og_url":"https:\/\/nuevo-renacer.com\/en\/mundos-inferiores\/","og_site_name":"Uni\u00f3n Esp\u00edrita","article_publisher":"https:\/\/www.facebook.com\/groups\/3431398063740829","article_modified_time":"2024-12-21T09:21:24+00:00","og_image":[{"width":1000,"height":563,"url":"https:\/\/nuevo-renacer.com\/wp-content\/uploads\/2024\/07\/nuestro-hogar-nosso-lar-chico-xavier-wagner-de-assis-03.jpg","type":"image\/jpeg"}],"twitter_card":"summary_large_image","twitter_misc":{"Estimated reading time":"3 minutes"},"schema":{"@context":"https:\/\/schema.org","@graph":[{"@type":"WebPage","@id":"https:\/\/nuevo-renacer.com\/mundos-inferiores\/","url":"https:\/\/nuevo-renacer.com\/mundos-inferiores\/","name":"Mundos Inferiores - Uni\u00f3n Esp\u00edrita","isPartOf":{"@id":"https:\/\/nuevo-renacer.com\/#website"},"primaryImageOfPage":{"@id":"https:\/\/nuevo-renacer.com\/mundos-inferiores\/#primaryimage"},"image":{"@id":"https:\/\/nuevo-renacer.com\/mundos-inferiores\/#primaryimage"},"thumbnailUrl":"https:\/\/nuevo-renacer.com\/wp-content\/uploads\/2024\/07\/nuestro-hogar-nosso-lar-chico-xavier-wagner-de-assis-03.jpg","datePublished":"2024-07-10T09:49:22+00:00","dateModified":"2024-12-21T09:21:24+00:00","breadcrumb":{"@id":"https:\/\/nuevo-renacer.com\/mundos-inferiores\/#breadcrumb"},"inLanguage":"en-GB","potentialAction":[{"@type":"ReadAction","target":["https:\/\/nuevo-renacer.com\/mundos-inferiores\/"]}]},{"@type":"ImageObject","inLanguage":"en-GB","@id":"https:\/\/nuevo-renacer.com\/mundos-inferiores\/#primaryimage","url":"https:\/\/nuevo-renacer.com\/wp-content\/uploads\/2024\/07\/nuestro-hogar-nosso-lar-chico-xavier-wagner-de-assis-03.jpg","contentUrl":"https:\/\/nuevo-renacer.com\/wp-content\/uploads\/2024\/07\/nuestro-hogar-nosso-lar-chico-xavier-wagner-de-assis-03.jpg","width":1000,"height":563},{"@type":"BreadcrumbList","@id":"https:\/\/nuevo-renacer.com\/mundos-inferiores\/#breadcrumb","itemListElement":[{"@type":"ListItem","position":1,"name":"Startseite","item":"https:\/\/nuevo-renacer.com\/"},{"@type":"ListItem","position":2,"name":"Mundos Inferiores"}]},{"@type":"WebSite","@id":"https:\/\/nuevo-renacer.com\/#website","url":"https:\/\/nuevo-renacer.com\/","name":"Uni\u00f3n Esp\u00edrita","description":"Nuevo Renacer","publisher":{"@id":"https:\/\/nuevo-renacer.com\/#organization"},"potentialAction":[{"@type":"SearchAction","target":{"@type":"EntryPoint","urlTemplate":"https:\/\/nuevo-renacer.com\/?s={search_term_string}"},"query-input":{"@type":"PropertyValueSpecification","valueRequired":true,"valueName":"search_term_string"}}],"inLanguage":"en-GB"},{"@type":"Organization","@id":"https:\/\/nuevo-renacer.com\/#organization","name":"UFEC","url":"https:\/\/nuevo-renacer.com\/","logo":{"@type":"ImageObject","inLanguage":"en-GB","@id":"https:\/\/nuevo-renacer.com\/#\/schema\/logo\/image\/","url":"https:\/\/nuevo-renacer.com\/wp-content\/uploads\/2024\/05\/cropped-LOGO-TERMINADO1-3-3.png","contentUrl":"https:\/\/nuevo-renacer.com\/wp-content\/uploads\/2024\/05\/cropped-LOGO-TERMINADO1-3-3.png","width":512,"height":512,"caption":"UFEC"},"image":{"@id":"https:\/\/nuevo-renacer.com\/#\/schema\/logo\/image\/"},"sameAs":["https:\/\/www.facebook.com\/groups\/3431398063740829"]}]}},"uagb_featured_image_src":{"full":["https:\/\/nuevo-renacer.com\/wp-content\/uploads\/2024\/07\/nuestro-hogar-nosso-lar-chico-xavier-wagner-de-assis-03.jpg",1000,563,false],"thumbnail":["https:\/\/nuevo-renacer.com\/wp-content\/uploads\/2024\/07\/nuestro-hogar-nosso-lar-chico-xavier-wagner-de-assis-03-150x150.jpg",150,150,true],"medium":["https:\/\/nuevo-renacer.com\/wp-content\/uploads\/2024\/07\/nuestro-hogar-nosso-lar-chico-xavier-wagner-de-assis-03-300x169.jpg",300,169,true],"medium_large":["https:\/\/nuevo-renacer.com\/wp-content\/uploads\/2024\/07\/nuestro-hogar-nosso-lar-chico-xavier-wagner-de-assis-03-768x432.jpg",768,432,true],"large":["https:\/\/nuevo-renacer.com\/wp-content\/uploads\/2024\/07\/nuestro-hogar-nosso-lar-chico-xavier-wagner-de-assis-03.jpg",1000,563,false],"1536x1536":["https:\/\/nuevo-renacer.com\/wp-content\/uploads\/2024\/07\/nuestro-hogar-nosso-lar-chico-xavier-wagner-de-assis-03.jpg",1000,563,false],"2048x2048":["https:\/\/nuevo-renacer.com\/wp-content\/uploads\/2024\/07\/nuestro-hogar-nosso-lar-chico-xavier-wagner-de-assis-03.jpg",1000,563,false],"trp-custom-language-flag":["https:\/\/nuevo-renacer.com\/wp-content\/uploads\/2024\/07\/nuestro-hogar-nosso-lar-chico-xavier-wagner-de-assis-03-18x10.jpg",18,10,true]},"uagb_author_info":{"display_name":"adbv0","author_link":"https:\/\/nuevo-renacer.com\/en\/author\/adbv0\/"},"uagb_comment_info":0,"uagb_excerpt":"Mundos Inferiores Hay mundos, considerados inferiores, donde los habitantes viven en estado primitivo, con nociones rudimentarias, sus habitantes est\u00e1n en la condici\u00f3n de razas salvajes; la sensaci\u00f3n existente es de supervivencia y lucha diaria por la preservaci\u00f3n de la vida y el alimento. En estos mundos inferiores no existe la noci\u00f3n de justicia, solidaridad, coexistencia,&hellip;","jetpack_sharing_enabled":true,"_links":{"self":[{"href":"https:\/\/nuevo-renacer.com\/en\/wp-json\/wp\/v2\/pages\/3574","targetHints":{"allow":["GET"]}}],"collection":[{"href":"https:\/\/nuevo-renacer.com\/en\/wp-json\/wp\/v2\/pages"}],"about":[{"href":"https:\/\/nuevo-renacer.com\/en\/wp-json\/wp\/v2\/types\/page"}],"author":[{"embeddable":true,"href":"https:\/\/nuevo-renacer.com\/en\/wp-json\/wp\/v2\/users\/1"}],"replies":[{"embeddable":true,"href":"https:\/\/nuevo-renacer.com\/en\/wp-json\/wp\/v2\/comments?post=3574"}],"version-history":[{"count":4,"href":"https:\/\/nuevo-renacer.com\/en\/wp-json\/wp\/v2\/pages\/3574\/revisions"}],"predecessor-version":[{"id":6592,"href":"https:\/\/nuevo-renacer.com\/en\/wp-json\/wp\/v2\/pages\/3574\/revisions\/6592"}],"wp:featuredmedia":[{"embeddable":true,"href":"https:\/\/nuevo-renacer.com\/en\/wp-json\/wp\/v2\/media\/3576"}],"wp:attachment":[{"href":"https:\/\/nuevo-renacer.com\/en\/wp-json\/wp\/v2\/media?parent=3574"}],"curies":[{"name":"wp","href":"https:\/\/api.w.org\/{rel}","templated":true}]}}