{"id":3551,"date":"2024-07-10T08:30:04","date_gmt":"2024-07-10T08:30:04","guid":{"rendered":"https:\/\/ufec-mundial.com\/?page_id=3551"},"modified":"2025-01-08T08:46:30","modified_gmt":"2025-01-08T08:46:30","slug":"mundos-regeneradores","status":"publish","type":"page","link":"https:\/\/nuevo-renacer.com\/en\/mundos-regeneradores\/","title":{"rendered":"Regenerative worlds"},"content":{"rendered":"<div class=\"wp-block-uagb-container uagb-block-dc9ed871 alignfull uagb-is-root-container\"><div class=\"uagb-container-inner-blocks-wrap\">\n<p class=\"has-black-color has-text-color has-link-color has-medium-font-size wp-elements-a08d5cad2d32bee110aa5a2209acf9b8\"><strong>Regenerative worlds<\/strong><\/p>\n\n\n\n<p class=\"has-black-color has-text-color has-link-color has-medium-font-size wp-elements-37d3320206a9b8afa52629819a26401a\"><strong>From the book: The Gospel according to the Spirititism - Allan Kardec<\/strong><\/p>\n<\/div><\/div>\n\n\n\n<div class=\"wp-block-uagb-container uagb-block-644002fc alignfull uagb-is-root-container\"><div class=\"uagb-container-inner-blocks-wrap\">\n<figure class=\"wp-block-image size-large is-resized\"><img fetchpriority=\"high\" decoding=\"async\" width=\"1024\" height=\"728\" src=\"https:\/\/ufec-mundial.com\/wp-content\/uploads\/2024\/07\/1-1-1024x728.jpg\" alt=\"\" class=\"wp-image-3552\" style=\"width:383px;height:auto\" srcset=\"https:\/\/nuevo-renacer.com\/wp-content\/uploads\/2024\/07\/1-1-1024x728.jpg 1024w, https:\/\/nuevo-renacer.com\/wp-content\/uploads\/2024\/07\/1-1-300x213.jpg 300w, https:\/\/nuevo-renacer.com\/wp-content\/uploads\/2024\/07\/1-1-768x546.jpg 768w, https:\/\/nuevo-renacer.com\/wp-content\/uploads\/2024\/07\/1-1-18x12.jpg 18w, https:\/\/nuevo-renacer.com\/wp-content\/uploads\/2024\/07\/1-1.jpg 1200w\" sizes=\"(max-width: 1024px) 100vw, 1024px\" \/><\/figure>\n<\/div><\/div>\n\n\n\n<div class=\"wp-block-uagb-container uagb-block-7bb63e44 alignfull uagb-is-root-container\"><div class=\"uagb-container-inner-blocks-wrap\">\n<p class=\"has-black-color has-text-color has-link-color has-small-font-size wp-elements-72e1223891d8665b6a54eed072c36d59\">Among those stars that shine in the azure vault of the firmament, how many worlds there are, like yours, destined by the Lord for atonement and trial! Yet there are also those more wretched, and better, as well as those transitory, which we may call regenerating. Each planetary whirlwind, as it moves in space around a common centre, carries with it its primitive worlds of banishment, of trial, of regeneration, and of happiness. You have been told of those worlds in which the new-born soul is placed, when as yet ignorant of good and evil, but with the possibility of marching towards God, self-possessed, in possession of its free will. You have also been told how vast are the faculties with which the soul has been endowed for the practice of good. Unfortunately, however, there are souls who succumb, and since God does not wish to annihilate them, He permits them to go to those worlds where, from incarnation to incarnation, they are purified and regenerated, to return worthy of the glory for which they are destined.<\/p>\n\n\n\n<p class=\"has-black-color has-text-color has-link-color has-small-font-size wp-elements-f8015b70d0e3134206a5a5dd49393f15\">The regenerating worlds serve as a transition between the worlds of atonement and the happy worlds. The repentant soul finds in them calm and repose, while his purification is completed. There is no doubt that in these worlds man is still subject to the laws of matter. Humanity experiences sensations and desires like yours, but it is freed from the disordered passions of which you are slaves. In it there is no longer the pride which silences the heart, the envy which tortures it, and the hatred which stifles it. The word love is written on every brow. Full equity governs social relations. All recognise God and seek to turn to Him through the observance of His laws.<\/p>\n\n\n\n<p class=\"has-black-color has-text-color has-link-color has-small-font-size wp-elements-40b80e606f087bdfa9aedcdcd087b91f\">In these worlds, however, there is not yet perfect happiness, but only the dawn of happiness. Man is still of flesh and therefore subject to vicissitudes from which only completely dematerialised beings are exempt. He still has to undergo trials, but without the stinging anguish of atonement. These worlds, compared with Earth, are very happy, and many of you would be glad to stay there, for they represent the calm after the storm, the convalescence after a cruel illness. In them, man, less absorbed by material things, has a better glimpse of the future than you; he understands that there are other joys which the Lord promises to those who are worthy of them, when death shall have reaped their bodies to give them true life. Then the free soul will fly over all horizons. It will no longer have material and gross senses, but the senses of a pure and heavenly perispirit, which inhales the emanations of God in the aromas of love and charity that flow from its bosom.<\/p>\n\n\n\n<p class=\"has-black-color has-text-color has-link-color has-small-font-size wp-elements-3b44c3c79e74978e58d9a9ada4f9eb1d\">Unfortunately, however, in these worlds man is still fallible, and the spirit of evil has not completely lost its hold. Failure to advance is tantamount to retrogression, and if man does not keep steadfastly on the path of good, he may fall back into the worlds of atonement, where new and more terrible trials await him.<\/p>\n\n\n\n<p class=\"has-black-color has-text-color has-link-color has-small-font-size wp-elements-9a9bd338573cf6c363fc1e2af78727b1\">Behold, then, that azure vault, at night, at the hour of rest and prayer. Then, before those innumerable spheres that shine above your heads, ask yourselves which are those that lead to God, and pray to Him that a regenerated world may open its bosom to you after the atonement on earth. (St. Augustine. Paris, 1862.)<\/p>\n<\/div><\/div>\n\n\n\n<div class=\"wp-block-uagb-container uagb-block-f0ad840c alignfull uagb-is-root-container\"><div class=\"uagb-container-inner-blocks-wrap\"><\/div><\/div>\n\n\n\n<div class=\"wp-block-uagb-container uagb-block-8fe8d16a alignfull uagb-is-root-container\"><div class=\"uagb-container-inner-blocks-wrap\"><\/div><\/div>","protected":false},"excerpt":{"rendered":"<p>Mundos regeneradores Del libro: El Evangelio seg\u00fan el espiritismo \u2013 Allan Kardec Entre esas estrellas que resplandecen en la b\u00f3veda azulada del firmamento, \u00a1cu\u00e1ntos mundos habr\u00e1, como el vuestro, destinados por el Se\u00f1or a la expiaci\u00f3n y la prueba! Con todo, tambi\u00e9n los hay m\u00e1s miserables, y mejores, as\u00ed como los hay transitorios, que podemos [&hellip;]<\/p>","protected":false},"author":1,"featured_media":3552,"parent":0,"menu_order":0,"comment_status":"closed","ping_status":"closed","template":"","meta":{"_uag_custom_page_level_css":"","site-sidebar-layout":"default","site-content-layout":"","ast-site-content-layout":"default","site-content-style":"default","site-sidebar-style":"default","ast-global-header-display":"","ast-banner-title-visibility":"","ast-main-header-display":"","ast-hfb-above-header-display":"","ast-hfb-below-header-display":"","ast-hfb-mobile-header-display":"","site-post-title":"disabled","ast-breadcrumbs-content":"","ast-featured-img":"","footer-sml-layout":"","theme-transparent-header-meta":"","adv-header-id-meta":"","stick-header-meta":"","header-above-stick-meta":"","header-main-stick-meta":"","header-below-stick-meta":"","astra-migrate-meta-layouts":"set","ast-page-background-enabled":"default","ast-page-background-meta":{"desktop":{"background-color":"var(--ast-global-color-4)","background-image":"","background-repeat":"repeat","background-position":"center center","background-size":"auto","background-attachment":"scroll","background-type":"","background-media":"","overlay-type":"","overlay-color":"","overlay-opacity":"","overlay-gradient":""},"tablet":{"background-color":"","background-image":"","background-repeat":"repeat","background-position":"center center","background-size":"auto","background-attachment":"scroll","background-type":"","background-media":"","overlay-type":"","overlay-color":"","overlay-opacity":"","overlay-gradient":""},"mobile":{"background-color":"","background-image":"","background-repeat":"repeat","background-position":"center center","background-size":"auto","background-attachment":"scroll","background-type":"","background-media":"","overlay-type":"","overlay-color":"","overlay-opacity":"","overlay-gradient":""}},"ast-content-background-meta":{"desktop":{"background-color":"var(--ast-global-color-5)","background-image":"","background-repeat":"repeat","background-position":"center center","background-size":"auto","background-attachment":"scroll","background-type":"","background-media":"","overlay-type":"","overlay-color":"","overlay-opacity":"","overlay-gradient":""},"tablet":{"background-color":"var(--ast-global-color-5)","background-image":"","background-repeat":"repeat","background-position":"center center","background-size":"auto","background-attachment":"scroll","background-type":"","background-media":"","overlay-type":"","overlay-color":"","overlay-opacity":"","overlay-gradient":""},"mobile":{"background-color":"var(--ast-global-color-5)","background-image":"","background-repeat":"repeat","background-position":"center center","background-size":"auto","background-attachment":"scroll","background-type":"","background-media":"","overlay-type":"","overlay-color":"","overlay-opacity":"","overlay-gradient":""}},"footnotes":""},"class_list":["post-3551","page","type-page","status-publish","has-post-thumbnail","hentry"],"yoast_head":"<!-- This site is optimized with the Yoast SEO Premium plugin v24.2 (Yoast SEO v24.6) - https:\/\/yoast.com\/wordpress\/plugins\/seo\/ -->\n<title>Mundos regeneradores - Uni\u00f3n Esp\u00edrita<\/title>\n<meta name=\"robots\" content=\"index, follow, max-snippet:-1, max-image-preview:large, max-video-preview:-1\" \/>\n<link rel=\"canonical\" href=\"https:\/\/nuevo-renacer.com\/en\/mundos-regeneradores\/\" \/>\n<meta property=\"og:locale\" content=\"en_GB\" \/>\n<meta property=\"og:type\" content=\"article\" \/>\n<meta property=\"og:title\" content=\"Mundos regeneradores\" \/>\n<meta property=\"og:description\" content=\"Mundos regeneradores Del libro: El Evangelio seg\u00fan el espiritismo \u2013 Allan Kardec Entre esas estrellas que resplandecen en la b\u00f3veda azulada del firmamento, \u00a1cu\u00e1ntos mundos habr\u00e1, como el vuestro, destinados por el Se\u00f1or a la expiaci\u00f3n y la prueba! Con todo, tambi\u00e9n los hay m\u00e1s miserables, y mejores, as\u00ed como los hay transitorios, que podemos [&hellip;]\" \/>\n<meta property=\"og:url\" content=\"https:\/\/nuevo-renacer.com\/en\/mundos-regeneradores\/\" \/>\n<meta property=\"og:site_name\" content=\"Uni\u00f3n Esp\u00edrita\" \/>\n<meta property=\"article:publisher\" content=\"https:\/\/www.facebook.com\/groups\/3431398063740829\" \/>\n<meta property=\"article:modified_time\" content=\"2025-01-08T08:46:30+00:00\" \/>\n<meta property=\"og:image\" content=\"https:\/\/nuevo-renacer.com\/wp-content\/uploads\/2024\/07\/1-1.jpg\" \/>\n\t<meta property=\"og:image:width\" content=\"1200\" \/>\n\t<meta property=\"og:image:height\" content=\"853\" \/>\n\t<meta property=\"og:image:type\" content=\"image\/jpeg\" \/>\n<meta name=\"twitter:card\" content=\"summary_large_image\" \/>\n<meta name=\"twitter:label1\" content=\"Estimated reading time\" \/>\n\t<meta name=\"twitter:data1\" content=\"3 minutes\" \/>\n<script type=\"application\/ld+json\" class=\"yoast-schema-graph\">{\"@context\":\"https:\/\/schema.org\",\"@graph\":[{\"@type\":\"WebPage\",\"@id\":\"https:\/\/nuevo-renacer.com\/mundos-regeneradores\/\",\"url\":\"https:\/\/nuevo-renacer.com\/mundos-regeneradores\/\",\"name\":\"Mundos regeneradores - Uni\u00f3n Esp\u00edrita\",\"isPartOf\":{\"@id\":\"https:\/\/nuevo-renacer.com\/#website\"},\"primaryImageOfPage\":{\"@id\":\"https:\/\/nuevo-renacer.com\/mundos-regeneradores\/#primaryimage\"},\"image\":{\"@id\":\"https:\/\/nuevo-renacer.com\/mundos-regeneradores\/#primaryimage\"},\"thumbnailUrl\":\"https:\/\/nuevo-renacer.com\/wp-content\/uploads\/2024\/07\/1-1.jpg\",\"datePublished\":\"2024-07-10T08:30:04+00:00\",\"dateModified\":\"2025-01-08T08:46:30+00:00\",\"breadcrumb\":{\"@id\":\"https:\/\/nuevo-renacer.com\/mundos-regeneradores\/#breadcrumb\"},\"inLanguage\":\"en-GB\",\"potentialAction\":[{\"@type\":\"ReadAction\",\"target\":[\"https:\/\/nuevo-renacer.com\/mundos-regeneradores\/\"]}]},{\"@type\":\"ImageObject\",\"inLanguage\":\"en-GB\",\"@id\":\"https:\/\/nuevo-renacer.com\/mundos-regeneradores\/#primaryimage\",\"url\":\"https:\/\/nuevo-renacer.com\/wp-content\/uploads\/2024\/07\/1-1.jpg\",\"contentUrl\":\"https:\/\/nuevo-renacer.com\/wp-content\/uploads\/2024\/07\/1-1.jpg\",\"width\":1200,\"height\":853},{\"@type\":\"BreadcrumbList\",\"@id\":\"https:\/\/nuevo-renacer.com\/mundos-regeneradores\/#breadcrumb\",\"itemListElement\":[{\"@type\":\"ListItem\",\"position\":1,\"name\":\"Startseite\",\"item\":\"https:\/\/nuevo-renacer.com\/\"},{\"@type\":\"ListItem\",\"position\":2,\"name\":\"Mundos regeneradores\"}]},{\"@type\":\"WebSite\",\"@id\":\"https:\/\/nuevo-renacer.com\/#website\",\"url\":\"https:\/\/nuevo-renacer.com\/\",\"name\":\"Uni\u00f3n Esp\u00edrita\",\"description\":\"Nuevo Renacer\",\"publisher\":{\"@id\":\"https:\/\/nuevo-renacer.com\/#organization\"},\"potentialAction\":[{\"@type\":\"SearchAction\",\"target\":{\"@type\":\"EntryPoint\",\"urlTemplate\":\"https:\/\/nuevo-renacer.com\/?s={search_term_string}\"},\"query-input\":{\"@type\":\"PropertyValueSpecification\",\"valueRequired\":true,\"valueName\":\"search_term_string\"}}],\"inLanguage\":\"en-GB\"},{\"@type\":\"Organization\",\"@id\":\"https:\/\/nuevo-renacer.com\/#organization\",\"name\":\"UFEC\",\"url\":\"https:\/\/nuevo-renacer.com\/\",\"logo\":{\"@type\":\"ImageObject\",\"inLanguage\":\"en-GB\",\"@id\":\"https:\/\/nuevo-renacer.com\/#\/schema\/logo\/image\/\",\"url\":\"https:\/\/nuevo-renacer.com\/wp-content\/uploads\/2024\/05\/cropped-LOGO-TERMINADO1-3-3.png\",\"contentUrl\":\"https:\/\/nuevo-renacer.com\/wp-content\/uploads\/2024\/05\/cropped-LOGO-TERMINADO1-3-3.png\",\"width\":512,\"height\":512,\"caption\":\"UFEC\"},\"image\":{\"@id\":\"https:\/\/nuevo-renacer.com\/#\/schema\/logo\/image\/\"},\"sameAs\":[\"https:\/\/www.facebook.com\/groups\/3431398063740829\"]}]}<\/script>\n<!-- \/ Yoast SEO Premium plugin. -->","yoast_head_json":{"title":"Mundos regeneradores - Uni\u00f3n Esp\u00edrita","robots":{"index":"index","follow":"follow","max-snippet":"max-snippet:-1","max-image-preview":"max-image-preview:large","max-video-preview":"max-video-preview:-1"},"canonical":"https:\/\/nuevo-renacer.com\/en\/mundos-regeneradores\/","og_locale":"en_GB","og_type":"article","og_title":"Mundos regeneradores","og_description":"Mundos regeneradores Del libro: El Evangelio seg\u00fan el espiritismo \u2013 Allan Kardec Entre esas estrellas que resplandecen en la b\u00f3veda azulada del firmamento, \u00a1cu\u00e1ntos mundos habr\u00e1, como el vuestro, destinados por el Se\u00f1or a la expiaci\u00f3n y la prueba! Con todo, tambi\u00e9n los hay m\u00e1s miserables, y mejores, as\u00ed como los hay transitorios, que podemos [&hellip;]","og_url":"https:\/\/nuevo-renacer.com\/en\/mundos-regeneradores\/","og_site_name":"Uni\u00f3n Esp\u00edrita","article_publisher":"https:\/\/www.facebook.com\/groups\/3431398063740829","article_modified_time":"2025-01-08T08:46:30+00:00","og_image":[{"width":1200,"height":853,"url":"https:\/\/nuevo-renacer.com\/wp-content\/uploads\/2024\/07\/1-1.jpg","type":"image\/jpeg"}],"twitter_card":"summary_large_image","twitter_misc":{"Estimated reading time":"3 minutes"},"schema":{"@context":"https:\/\/schema.org","@graph":[{"@type":"WebPage","@id":"https:\/\/nuevo-renacer.com\/mundos-regeneradores\/","url":"https:\/\/nuevo-renacer.com\/mundos-regeneradores\/","name":"Mundos regeneradores - Uni\u00f3n Esp\u00edrita","isPartOf":{"@id":"https:\/\/nuevo-renacer.com\/#website"},"primaryImageOfPage":{"@id":"https:\/\/nuevo-renacer.com\/mundos-regeneradores\/#primaryimage"},"image":{"@id":"https:\/\/nuevo-renacer.com\/mundos-regeneradores\/#primaryimage"},"thumbnailUrl":"https:\/\/nuevo-renacer.com\/wp-content\/uploads\/2024\/07\/1-1.jpg","datePublished":"2024-07-10T08:30:04+00:00","dateModified":"2025-01-08T08:46:30+00:00","breadcrumb":{"@id":"https:\/\/nuevo-renacer.com\/mundos-regeneradores\/#breadcrumb"},"inLanguage":"en-GB","potentialAction":[{"@type":"ReadAction","target":["https:\/\/nuevo-renacer.com\/mundos-regeneradores\/"]}]},{"@type":"ImageObject","inLanguage":"en-GB","@id":"https:\/\/nuevo-renacer.com\/mundos-regeneradores\/#primaryimage","url":"https:\/\/nuevo-renacer.com\/wp-content\/uploads\/2024\/07\/1-1.jpg","contentUrl":"https:\/\/nuevo-renacer.com\/wp-content\/uploads\/2024\/07\/1-1.jpg","width":1200,"height":853},{"@type":"BreadcrumbList","@id":"https:\/\/nuevo-renacer.com\/mundos-regeneradores\/#breadcrumb","itemListElement":[{"@type":"ListItem","position":1,"name":"Startseite","item":"https:\/\/nuevo-renacer.com\/"},{"@type":"ListItem","position":2,"name":"Mundos regeneradores"}]},{"@type":"WebSite","@id":"https:\/\/nuevo-renacer.com\/#website","url":"https:\/\/nuevo-renacer.com\/","name":"Uni\u00f3n Esp\u00edrita","description":"Nuevo Renacer","publisher":{"@id":"https:\/\/nuevo-renacer.com\/#organization"},"potentialAction":[{"@type":"SearchAction","target":{"@type":"EntryPoint","urlTemplate":"https:\/\/nuevo-renacer.com\/?s={search_term_string}"},"query-input":{"@type":"PropertyValueSpecification","valueRequired":true,"valueName":"search_term_string"}}],"inLanguage":"en-GB"},{"@type":"Organization","@id":"https:\/\/nuevo-renacer.com\/#organization","name":"UFEC","url":"https:\/\/nuevo-renacer.com\/","logo":{"@type":"ImageObject","inLanguage":"en-GB","@id":"https:\/\/nuevo-renacer.com\/#\/schema\/logo\/image\/","url":"https:\/\/nuevo-renacer.com\/wp-content\/uploads\/2024\/05\/cropped-LOGO-TERMINADO1-3-3.png","contentUrl":"https:\/\/nuevo-renacer.com\/wp-content\/uploads\/2024\/05\/cropped-LOGO-TERMINADO1-3-3.png","width":512,"height":512,"caption":"UFEC"},"image":{"@id":"https:\/\/nuevo-renacer.com\/#\/schema\/logo\/image\/"},"sameAs":["https:\/\/www.facebook.com\/groups\/3431398063740829"]}]}},"uagb_featured_image_src":{"full":["https:\/\/nuevo-renacer.com\/wp-content\/uploads\/2024\/07\/1-1.jpg",1200,853,false],"thumbnail":["https:\/\/nuevo-renacer.com\/wp-content\/uploads\/2024\/07\/1-1-150x150.jpg",150,150,true],"medium":["https:\/\/nuevo-renacer.com\/wp-content\/uploads\/2024\/07\/1-1-300x213.jpg",300,213,true],"medium_large":["https:\/\/nuevo-renacer.com\/wp-content\/uploads\/2024\/07\/1-1-768x546.jpg",768,546,true],"large":["https:\/\/nuevo-renacer.com\/wp-content\/uploads\/2024\/07\/1-1-1024x728.jpg",1024,728,true],"1536x1536":["https:\/\/nuevo-renacer.com\/wp-content\/uploads\/2024\/07\/1-1.jpg",1200,853,false],"2048x2048":["https:\/\/nuevo-renacer.com\/wp-content\/uploads\/2024\/07\/1-1.jpg",1200,853,false],"trp-custom-language-flag":["https:\/\/nuevo-renacer.com\/wp-content\/uploads\/2024\/07\/1-1-18x12.jpg",18,12,true]},"uagb_author_info":{"display_name":"adbv0","author_link":"https:\/\/nuevo-renacer.com\/en\/author\/adbv0\/"},"uagb_comment_info":0,"uagb_excerpt":"Mundos regeneradores Del libro: El Evangelio seg\u00fan el espiritismo \u2013 Allan Kardec Entre esas estrellas que resplandecen en la b\u00f3veda azulada del firmamento, \u00a1cu\u00e1ntos mundos habr\u00e1, como el vuestro, destinados por el Se\u00f1or a la expiaci\u00f3n y la prueba! Con todo, tambi\u00e9n los hay m\u00e1s miserables, y mejores, as\u00ed como los hay transitorios, que podemos&hellip;","jetpack_sharing_enabled":true,"_links":{"self":[{"href":"https:\/\/nuevo-renacer.com\/en\/wp-json\/wp\/v2\/pages\/3551","targetHints":{"allow":["GET"]}}],"collection":[{"href":"https:\/\/nuevo-renacer.com\/en\/wp-json\/wp\/v2\/pages"}],"about":[{"href":"https:\/\/nuevo-renacer.com\/en\/wp-json\/wp\/v2\/types\/page"}],"author":[{"embeddable":true,"href":"https:\/\/nuevo-renacer.com\/en\/wp-json\/wp\/v2\/users\/1"}],"replies":[{"embeddable":true,"href":"https:\/\/nuevo-renacer.com\/en\/wp-json\/wp\/v2\/comments?post=3551"}],"version-history":[{"count":2,"href":"https:\/\/nuevo-renacer.com\/en\/wp-json\/wp\/v2\/pages\/3551\/revisions"}],"predecessor-version":[{"id":6702,"href":"https:\/\/nuevo-renacer.com\/en\/wp-json\/wp\/v2\/pages\/3551\/revisions\/6702"}],"wp:featuredmedia":[{"embeddable":true,"href":"https:\/\/nuevo-renacer.com\/en\/wp-json\/wp\/v2\/media\/3552"}],"wp:attachment":[{"href":"https:\/\/nuevo-renacer.com\/en\/wp-json\/wp\/v2\/media?parent=3551"}],"curies":[{"name":"wp","href":"https:\/\/api.w.org\/{rel}","templated":true}]}}