{"id":3543,"date":"2024-07-10T07:56:22","date_gmt":"2024-07-10T07:56:22","guid":{"rendered":"https:\/\/ufec-mundial.com\/?page_id=3543"},"modified":"2024-07-10T08:42:06","modified_gmt":"2024-07-10T08:42:06","slug":"diferentes-categorias-de-mundos-habitados","status":"publish","type":"page","link":"https:\/\/nuevo-renacer.com\/en\/diferentes-categorias-de-mundos-habitados\/","title":{"rendered":"Different categories of inhabited worlds"},"content":{"rendered":"<div class=\"wp-block-uagb-container uagb-block-dbc9011e alignfull uagb-is-root-container\"><div class=\"uagb-container-inner-blocks-wrap\">\n<p class=\"has-black-color has-text-color has-link-color wp-elements-c3611fdbabec3dc9ece0531981cad589\"><strong>Different categories of inhabited worlds<\/strong><\/p>\n\n\n\n<p class=\"has-black-color has-text-color has-link-color wp-elements-06b32c777e78f2db32985dcb749af661\"><strong>From the book: The Gospel according to the Spirititism - Allan Kardec<\/strong><\/p>\n<\/div><\/div>\n\n\n\n<div class=\"wp-block-uagb-container uagb-block-fd76bfe3 alignfull uagb-is-root-container\"><div class=\"uagb-container-inner-blocks-wrap\">\n<figure class=\"wp-block-image size-full is-resized\"><img fetchpriority=\"high\" decoding=\"async\" width=\"1920\" height=\"1200\" src=\"https:\/\/ufec-mundial.com\/wp-content\/uploads\/2024\/07\/scenery-of-extraterrestrial-planet-world-l3llwor7az9zcohb.jpg\" alt=\"\" class=\"wp-image-3548\" style=\"width:437px;height:auto\" srcset=\"https:\/\/nuevo-renacer.com\/wp-content\/uploads\/2024\/07\/scenery-of-extraterrestrial-planet-world-l3llwor7az9zcohb.jpg 1920w, https:\/\/nuevo-renacer.com\/wp-content\/uploads\/2024\/07\/scenery-of-extraterrestrial-planet-world-l3llwor7az9zcohb-300x188.jpg 300w, https:\/\/nuevo-renacer.com\/wp-content\/uploads\/2024\/07\/scenery-of-extraterrestrial-planet-world-l3llwor7az9zcohb-768x480.jpg 768w, https:\/\/nuevo-renacer.com\/wp-content\/uploads\/2024\/07\/scenery-of-extraterrestrial-planet-world-l3llwor7az9zcohb-1024x640.jpg 1024w, https:\/\/nuevo-renacer.com\/wp-content\/uploads\/2024\/07\/scenery-of-extraterrestrial-planet-world-l3llwor7az9zcohb-1536x960.jpg 1536w, https:\/\/nuevo-renacer.com\/wp-content\/uploads\/2024\/07\/scenery-of-extraterrestrial-planet-world-l3llwor7az9zcohb-18x12.jpg 18w\" sizes=\"(max-width: 1920px) 100vw, 1920px\" \/><\/figure>\n<\/div><\/div>\n\n\n\n<div class=\"wp-block-uagb-container uagb-block-0ab7f28b alignfull uagb-is-root-container\"><div class=\"uagb-container-inner-blocks-wrap\">\n<p class=\"has-black-color has-text-color has-link-color has-small-font-size wp-elements-2dca1ca2eca35207a9d3b164fd7c898d\">From the teaching given by the spirits it appears that, as regards the degree of advancement or inferiority of their inhabitants, the various worlds are in very different conditions from one another. Thus, among them are some whose inhabitants are even more inferior than those of the earth, physically and morally. Others are in the same category as ours; still others are more or less superior in every respect. In the lower worlds existence is entirely material, passions reign supreme, moral life is almost nil. As it develops, the influence of matter diminishes, to such an extent that in the more advanced worlds life is, as it were, absolutely spiritual.<\/p>\n\n\n\n<p class=\"has-black-color has-text-color has-link-color has-small-font-size wp-elements-472f3ceb0d283f357fa6d8ccf7fcecba\">In the intermediate worlds there is a combination of good and evil, with a predominance of one or the other, according to the degree of advancement of those who inhabit them. Although no absolute classification of the various worlds can be made, it is possible, according to their state and destiny, and on the basis of the most salient nuances, to divide them broadly as follows: primitive worlds, destined for the first incarnations of the human soul; worlds of atonements and trials, where evil predominates; regenerating worlds, where the souls who have yet to atone acquire new strength and rest from the toils of struggle; happy worlds, where good prevails over evil; celestial or divine worlds, the abode of purified spirits, where good reigns supreme. Earth belongs to the category of worlds of atonement and trial, and that is why man is exposed to so much misery there.<\/p>\n\n\n\n<p class=\"has-black-color has-text-color has-link-color has-small-font-size wp-elements-832b711db48d5a255910c27685a51875\">Spirits who incarnate in a world are not subject to it indefinitely, nor do they there fulfil all the stages of progress which they must go through in order to reach perfection. When they have reached the degree of advancement which that world permits, they pass on to another, more advanced world, and so on, until they reach the state of pure spirits. These worlds are as many stations, at each of which they find elements of progress commensurate with their advancement. To pass on to a world of a higher order is a reward to them, just as it is a punishment to prolong their stay in a wretched world, or to be relegated to one even more unhappy than the one they are obliged to leave when they are obstinately obstinate in evil.<\/p>\n<\/div><\/div>","protected":false},"excerpt":{"rendered":"<p>Diferentes categor\u00edas de mundos habitados Del libro: El Evangelio seg\u00fan el espiritismo \u2013 Allan Kardec De la ense\u00f1anza impartida por los Esp\u00edritus resulta que, en cuanto al grado de adelanto o de inferioridad de sus habitantes, los diversos mundos se encuentran en condiciones muy diferentes unos de otros. As\u00ed, entre ellos los hay cuyos moradores [&hellip;]<\/p>","protected":false},"author":1,"featured_media":3548,"parent":0,"menu_order":0,"comment_status":"closed","ping_status":"closed","template":"","meta":{"_uag_custom_page_level_css":"","site-sidebar-layout":"default","site-content-layout":"","ast-site-content-layout":"default","site-content-style":"default","site-sidebar-style":"default","ast-global-header-display":"","ast-banner-title-visibility":"","ast-main-header-display":"","ast-hfb-above-header-display":"","ast-hfb-below-header-display":"","ast-hfb-mobile-header-display":"","site-post-title":"disabled","ast-breadcrumbs-content":"","ast-featured-img":"","footer-sml-layout":"","theme-transparent-header-meta":"","adv-header-id-meta":"","stick-header-meta":"","header-above-stick-meta":"","header-main-stick-meta":"","header-below-stick-meta":"","astra-migrate-meta-layouts":"set","ast-page-background-enabled":"default","ast-page-background-meta":{"desktop":{"background-color":"var(--ast-global-color-4)","background-image":"","background-repeat":"repeat","background-position":"center center","background-size":"auto","background-attachment":"scroll","background-type":"","background-media":"","overlay-type":"","overlay-color":"","overlay-opacity":"","overlay-gradient":""},"tablet":{"background-color":"","background-image":"","background-repeat":"repeat","background-position":"center center","background-size":"auto","background-attachment":"scroll","background-type":"","background-media":"","overlay-type":"","overlay-color":"","overlay-opacity":"","overlay-gradient":""},"mobile":{"background-color":"","background-image":"","background-repeat":"repeat","background-position":"center center","background-size":"auto","background-attachment":"scroll","background-type":"","background-media":"","overlay-type":"","overlay-color":"","overlay-opacity":"","overlay-gradient":""}},"ast-content-background-meta":{"desktop":{"background-color":"var(--ast-global-color-5)","background-image":"","background-repeat":"repeat","background-position":"center center","background-size":"auto","background-attachment":"scroll","background-type":"","background-media":"","overlay-type":"","overlay-color":"","overlay-opacity":"","overlay-gradient":""},"tablet":{"background-color":"var(--ast-global-color-5)","background-image":"","background-repeat":"repeat","background-position":"center center","background-size":"auto","background-attachment":"scroll","background-type":"","background-media":"","overlay-type":"","overlay-color":"","overlay-opacity":"","overlay-gradient":""},"mobile":{"background-color":"var(--ast-global-color-5)","background-image":"","background-repeat":"repeat","background-position":"center center","background-size":"auto","background-attachment":"scroll","background-type":"","background-media":"","overlay-type":"","overlay-color":"","overlay-opacity":"","overlay-gradient":""}},"footnotes":""},"class_list":["post-3543","page","type-page","status-publish","has-post-thumbnail","hentry"],"yoast_head":"<!-- This site is optimized with the Yoast SEO Premium plugin v24.2 (Yoast SEO v24.6) - https:\/\/yoast.com\/wordpress\/plugins\/seo\/ -->\n<title>Diferentes categor\u00edas de mundos habitados - Uni\u00f3n Esp\u00edrita<\/title>\n<meta name=\"robots\" content=\"index, follow, max-snippet:-1, max-image-preview:large, max-video-preview:-1\" \/>\n<link rel=\"canonical\" href=\"https:\/\/nuevo-renacer.com\/en\/diferentes-categorias-de-mundos-habitados\/\" \/>\n<meta property=\"og:locale\" content=\"en_GB\" \/>\n<meta property=\"og:type\" content=\"article\" \/>\n<meta property=\"og:title\" content=\"Diferentes categor\u00edas de mundos habitados\" \/>\n<meta property=\"og:description\" content=\"Diferentes categor\u00edas de mundos habitados Del libro: El Evangelio seg\u00fan el espiritismo \u2013 Allan Kardec De la ense\u00f1anza impartida por los Esp\u00edritus resulta que, en cuanto al grado de adelanto o de inferioridad de sus habitantes, los diversos mundos se encuentran en condiciones muy diferentes unos de otros. As\u00ed, entre ellos los hay cuyos moradores [&hellip;]\" \/>\n<meta property=\"og:url\" content=\"https:\/\/nuevo-renacer.com\/en\/diferentes-categorias-de-mundos-habitados\/\" \/>\n<meta property=\"og:site_name\" content=\"Uni\u00f3n Esp\u00edrita\" \/>\n<meta property=\"article:publisher\" content=\"https:\/\/www.facebook.com\/groups\/3431398063740829\" \/>\n<meta property=\"article:modified_time\" content=\"2024-07-10T08:42:06+00:00\" \/>\n<meta property=\"og:image\" content=\"https:\/\/nuevo-renacer.com\/wp-content\/uploads\/2024\/07\/scenery-of-extraterrestrial-planet-world-l3llwor7az9zcohb.jpg\" \/>\n\t<meta property=\"og:image:width\" content=\"1920\" \/>\n\t<meta property=\"og:image:height\" content=\"1200\" \/>\n\t<meta property=\"og:image:type\" content=\"image\/jpeg\" \/>\n<meta name=\"twitter:card\" content=\"summary_large_image\" \/>\n<meta name=\"twitter:label1\" content=\"Estimated reading time\" \/>\n\t<meta name=\"twitter:data1\" content=\"2 minutes\" \/>\n<script type=\"application\/ld+json\" class=\"yoast-schema-graph\">{\"@context\":\"https:\/\/schema.org\",\"@graph\":[{\"@type\":\"WebPage\",\"@id\":\"https:\/\/nuevo-renacer.com\/diferentes-categorias-de-mundos-habitados\/\",\"url\":\"https:\/\/nuevo-renacer.com\/diferentes-categorias-de-mundos-habitados\/\",\"name\":\"Diferentes categor\u00edas de mundos habitados - Uni\u00f3n Esp\u00edrita\",\"isPartOf\":{\"@id\":\"https:\/\/nuevo-renacer.com\/#website\"},\"primaryImageOfPage\":{\"@id\":\"https:\/\/nuevo-renacer.com\/diferentes-categorias-de-mundos-habitados\/#primaryimage\"},\"image\":{\"@id\":\"https:\/\/nuevo-renacer.com\/diferentes-categorias-de-mundos-habitados\/#primaryimage\"},\"thumbnailUrl\":\"https:\/\/nuevo-renacer.com\/wp-content\/uploads\/2024\/07\/scenery-of-extraterrestrial-planet-world-l3llwor7az9zcohb.jpg\",\"datePublished\":\"2024-07-10T07:56:22+00:00\",\"dateModified\":\"2024-07-10T08:42:06+00:00\",\"breadcrumb\":{\"@id\":\"https:\/\/nuevo-renacer.com\/diferentes-categorias-de-mundos-habitados\/#breadcrumb\"},\"inLanguage\":\"en-GB\",\"potentialAction\":[{\"@type\":\"ReadAction\",\"target\":[\"https:\/\/nuevo-renacer.com\/diferentes-categorias-de-mundos-habitados\/\"]}]},{\"@type\":\"ImageObject\",\"inLanguage\":\"en-GB\",\"@id\":\"https:\/\/nuevo-renacer.com\/diferentes-categorias-de-mundos-habitados\/#primaryimage\",\"url\":\"https:\/\/nuevo-renacer.com\/wp-content\/uploads\/2024\/07\/scenery-of-extraterrestrial-planet-world-l3llwor7az9zcohb.jpg\",\"contentUrl\":\"https:\/\/nuevo-renacer.com\/wp-content\/uploads\/2024\/07\/scenery-of-extraterrestrial-planet-world-l3llwor7az9zcohb.jpg\",\"width\":1920,\"height\":1200},{\"@type\":\"BreadcrumbList\",\"@id\":\"https:\/\/nuevo-renacer.com\/diferentes-categorias-de-mundos-habitados\/#breadcrumb\",\"itemListElement\":[{\"@type\":\"ListItem\",\"position\":1,\"name\":\"Startseite\",\"item\":\"https:\/\/nuevo-renacer.com\/\"},{\"@type\":\"ListItem\",\"position\":2,\"name\":\"Diferentes categor\u00edas de mundos habitados\"}]},{\"@type\":\"WebSite\",\"@id\":\"https:\/\/nuevo-renacer.com\/#website\",\"url\":\"https:\/\/nuevo-renacer.com\/\",\"name\":\"Uni\u00f3n Esp\u00edrita\",\"description\":\"Nuevo Renacer\",\"publisher\":{\"@id\":\"https:\/\/nuevo-renacer.com\/#organization\"},\"potentialAction\":[{\"@type\":\"SearchAction\",\"target\":{\"@type\":\"EntryPoint\",\"urlTemplate\":\"https:\/\/nuevo-renacer.com\/?s={search_term_string}\"},\"query-input\":{\"@type\":\"PropertyValueSpecification\",\"valueRequired\":true,\"valueName\":\"search_term_string\"}}],\"inLanguage\":\"en-GB\"},{\"@type\":\"Organization\",\"@id\":\"https:\/\/nuevo-renacer.com\/#organization\",\"name\":\"UFEC\",\"url\":\"https:\/\/nuevo-renacer.com\/\",\"logo\":{\"@type\":\"ImageObject\",\"inLanguage\":\"en-GB\",\"@id\":\"https:\/\/nuevo-renacer.com\/#\/schema\/logo\/image\/\",\"url\":\"https:\/\/nuevo-renacer.com\/wp-content\/uploads\/2024\/05\/cropped-LOGO-TERMINADO1-3-3.png\",\"contentUrl\":\"https:\/\/nuevo-renacer.com\/wp-content\/uploads\/2024\/05\/cropped-LOGO-TERMINADO1-3-3.png\",\"width\":512,\"height\":512,\"caption\":\"UFEC\"},\"image\":{\"@id\":\"https:\/\/nuevo-renacer.com\/#\/schema\/logo\/image\/\"},\"sameAs\":[\"https:\/\/www.facebook.com\/groups\/3431398063740829\"]}]}<\/script>\n<!-- \/ Yoast SEO Premium plugin. -->","yoast_head_json":{"title":"Diferentes categor\u00edas de mundos habitados - Uni\u00f3n Esp\u00edrita","robots":{"index":"index","follow":"follow","max-snippet":"max-snippet:-1","max-image-preview":"max-image-preview:large","max-video-preview":"max-video-preview:-1"},"canonical":"https:\/\/nuevo-renacer.com\/en\/diferentes-categorias-de-mundos-habitados\/","og_locale":"en_GB","og_type":"article","og_title":"Diferentes categor\u00edas de mundos habitados","og_description":"Diferentes categor\u00edas de mundos habitados Del libro: El Evangelio seg\u00fan el espiritismo \u2013 Allan Kardec De la ense\u00f1anza impartida por los Esp\u00edritus resulta que, en cuanto al grado de adelanto o de inferioridad de sus habitantes, los diversos mundos se encuentran en condiciones muy diferentes unos de otros. As\u00ed, entre ellos los hay cuyos moradores [&hellip;]","og_url":"https:\/\/nuevo-renacer.com\/en\/diferentes-categorias-de-mundos-habitados\/","og_site_name":"Uni\u00f3n Esp\u00edrita","article_publisher":"https:\/\/www.facebook.com\/groups\/3431398063740829","article_modified_time":"2024-07-10T08:42:06+00:00","og_image":[{"width":1920,"height":1200,"url":"https:\/\/nuevo-renacer.com\/wp-content\/uploads\/2024\/07\/scenery-of-extraterrestrial-planet-world-l3llwor7az9zcohb.jpg","type":"image\/jpeg"}],"twitter_card":"summary_large_image","twitter_misc":{"Estimated reading time":"2 minutes"},"schema":{"@context":"https:\/\/schema.org","@graph":[{"@type":"WebPage","@id":"https:\/\/nuevo-renacer.com\/diferentes-categorias-de-mundos-habitados\/","url":"https:\/\/nuevo-renacer.com\/diferentes-categorias-de-mundos-habitados\/","name":"Diferentes categor\u00edas de mundos habitados - Uni\u00f3n Esp\u00edrita","isPartOf":{"@id":"https:\/\/nuevo-renacer.com\/#website"},"primaryImageOfPage":{"@id":"https:\/\/nuevo-renacer.com\/diferentes-categorias-de-mundos-habitados\/#primaryimage"},"image":{"@id":"https:\/\/nuevo-renacer.com\/diferentes-categorias-de-mundos-habitados\/#primaryimage"},"thumbnailUrl":"https:\/\/nuevo-renacer.com\/wp-content\/uploads\/2024\/07\/scenery-of-extraterrestrial-planet-world-l3llwor7az9zcohb.jpg","datePublished":"2024-07-10T07:56:22+00:00","dateModified":"2024-07-10T08:42:06+00:00","breadcrumb":{"@id":"https:\/\/nuevo-renacer.com\/diferentes-categorias-de-mundos-habitados\/#breadcrumb"},"inLanguage":"en-GB","potentialAction":[{"@type":"ReadAction","target":["https:\/\/nuevo-renacer.com\/diferentes-categorias-de-mundos-habitados\/"]}]},{"@type":"ImageObject","inLanguage":"en-GB","@id":"https:\/\/nuevo-renacer.com\/diferentes-categorias-de-mundos-habitados\/#primaryimage","url":"https:\/\/nuevo-renacer.com\/wp-content\/uploads\/2024\/07\/scenery-of-extraterrestrial-planet-world-l3llwor7az9zcohb.jpg","contentUrl":"https:\/\/nuevo-renacer.com\/wp-content\/uploads\/2024\/07\/scenery-of-extraterrestrial-planet-world-l3llwor7az9zcohb.jpg","width":1920,"height":1200},{"@type":"BreadcrumbList","@id":"https:\/\/nuevo-renacer.com\/diferentes-categorias-de-mundos-habitados\/#breadcrumb","itemListElement":[{"@type":"ListItem","position":1,"name":"Startseite","item":"https:\/\/nuevo-renacer.com\/"},{"@type":"ListItem","position":2,"name":"Diferentes categor\u00edas de mundos habitados"}]},{"@type":"WebSite","@id":"https:\/\/nuevo-renacer.com\/#website","url":"https:\/\/nuevo-renacer.com\/","name":"Uni\u00f3n Esp\u00edrita","description":"Nuevo Renacer","publisher":{"@id":"https:\/\/nuevo-renacer.com\/#organization"},"potentialAction":[{"@type":"SearchAction","target":{"@type":"EntryPoint","urlTemplate":"https:\/\/nuevo-renacer.com\/?s={search_term_string}"},"query-input":{"@type":"PropertyValueSpecification","valueRequired":true,"valueName":"search_term_string"}}],"inLanguage":"en-GB"},{"@type":"Organization","@id":"https:\/\/nuevo-renacer.com\/#organization","name":"UFEC","url":"https:\/\/nuevo-renacer.com\/","logo":{"@type":"ImageObject","inLanguage":"en-GB","@id":"https:\/\/nuevo-renacer.com\/#\/schema\/logo\/image\/","url":"https:\/\/nuevo-renacer.com\/wp-content\/uploads\/2024\/05\/cropped-LOGO-TERMINADO1-3-3.png","contentUrl":"https:\/\/nuevo-renacer.com\/wp-content\/uploads\/2024\/05\/cropped-LOGO-TERMINADO1-3-3.png","width":512,"height":512,"caption":"UFEC"},"image":{"@id":"https:\/\/nuevo-renacer.com\/#\/schema\/logo\/image\/"},"sameAs":["https:\/\/www.facebook.com\/groups\/3431398063740829"]}]}},"uagb_featured_image_src":{"full":["https:\/\/nuevo-renacer.com\/wp-content\/uploads\/2024\/07\/scenery-of-extraterrestrial-planet-world-l3llwor7az9zcohb.jpg",1920,1200,false],"thumbnail":["https:\/\/nuevo-renacer.com\/wp-content\/uploads\/2024\/07\/scenery-of-extraterrestrial-planet-world-l3llwor7az9zcohb-150x150.jpg",150,150,true],"medium":["https:\/\/nuevo-renacer.com\/wp-content\/uploads\/2024\/07\/scenery-of-extraterrestrial-planet-world-l3llwor7az9zcohb-300x188.jpg",300,188,true],"medium_large":["https:\/\/nuevo-renacer.com\/wp-content\/uploads\/2024\/07\/scenery-of-extraterrestrial-planet-world-l3llwor7az9zcohb-768x480.jpg",768,480,true],"large":["https:\/\/nuevo-renacer.com\/wp-content\/uploads\/2024\/07\/scenery-of-extraterrestrial-planet-world-l3llwor7az9zcohb-1024x640.jpg",1024,640,true],"1536x1536":["https:\/\/nuevo-renacer.com\/wp-content\/uploads\/2024\/07\/scenery-of-extraterrestrial-planet-world-l3llwor7az9zcohb-1536x960.jpg",1536,960,true],"2048x2048":["https:\/\/nuevo-renacer.com\/wp-content\/uploads\/2024\/07\/scenery-of-extraterrestrial-planet-world-l3llwor7az9zcohb.jpg",1920,1200,false],"trp-custom-language-flag":["https:\/\/nuevo-renacer.com\/wp-content\/uploads\/2024\/07\/scenery-of-extraterrestrial-planet-world-l3llwor7az9zcohb-18x12.jpg",18,12,true]},"uagb_author_info":{"display_name":"adbv0","author_link":"https:\/\/nuevo-renacer.com\/en\/author\/adbv0\/"},"uagb_comment_info":0,"uagb_excerpt":"Diferentes categor\u00edas de mundos habitados Del libro: El Evangelio seg\u00fan el espiritismo \u2013 Allan Kardec De la ense\u00f1anza impartida por los Esp\u00edritus resulta que, en cuanto al grado de adelanto o de inferioridad de sus habitantes, los diversos mundos se encuentran en condiciones muy diferentes unos de otros. As\u00ed, entre ellos los hay cuyos moradores&hellip;","jetpack_sharing_enabled":true,"_links":{"self":[{"href":"https:\/\/nuevo-renacer.com\/en\/wp-json\/wp\/v2\/pages\/3543","targetHints":{"allow":["GET"]}}],"collection":[{"href":"https:\/\/nuevo-renacer.com\/en\/wp-json\/wp\/v2\/pages"}],"about":[{"href":"https:\/\/nuevo-renacer.com\/en\/wp-json\/wp\/v2\/types\/page"}],"author":[{"embeddable":true,"href":"https:\/\/nuevo-renacer.com\/en\/wp-json\/wp\/v2\/users\/1"}],"replies":[{"embeddable":true,"href":"https:\/\/nuevo-renacer.com\/en\/wp-json\/wp\/v2\/comments?post=3543"}],"version-history":[{"count":2,"href":"https:\/\/nuevo-renacer.com\/en\/wp-json\/wp\/v2\/pages\/3543\/revisions"}],"predecessor-version":[{"id":3550,"href":"https:\/\/nuevo-renacer.com\/en\/wp-json\/wp\/v2\/pages\/3543\/revisions\/3550"}],"wp:featuredmedia":[{"embeddable":true,"href":"https:\/\/nuevo-renacer.com\/en\/wp-json\/wp\/v2\/media\/3548"}],"wp:attachment":[{"href":"https:\/\/nuevo-renacer.com\/en\/wp-json\/wp\/v2\/media?parent=3543"}],"curies":[{"name":"wp","href":"https:\/\/api.w.org\/{rel}","templated":true}]}}