{"id":3404,"date":"2024-07-08T12:01:59","date_gmt":"2024-07-08T12:01:59","guid":{"rendered":"https:\/\/ufec-mundial.com\/?page_id=3404"},"modified":"2024-07-08T12:02:01","modified_gmt":"2024-07-08T12:02:01","slug":"euripedes-barsanulfo","status":"publish","type":"page","link":"https:\/\/nuevo-renacer.com\/en\/euripedes-barsanulfo\/","title":{"rendered":"Eur\u00edpedes Barsanulfo"},"content":{"rendered":"<div class=\"wp-block-uagb-container uagb-block-3784d2e2 alignfull uagb-is-root-container\"><div class=\"uagb-container-inner-blocks-wrap\">\n<p class=\"has-black-color has-text-color has-link-color has-medium-font-size wp-elements-34e35a3452de7aea30ca92e909231964\"><strong>Eur\u00edpedes Barsanulfo<\/strong><\/p>\n<\/div><\/div>\n\n\n\n<div class=\"wp-block-uagb-container uagb-block-f6dd6098 alignfull uagb-is-root-container\"><div class=\"uagb-container-inner-blocks-wrap\">\n<figure class=\"wp-block-image size-full is-resized\"><img fetchpriority=\"high\" decoding=\"async\" width=\"367\" height=\"480\" src=\"https:\/\/ufec-mundial.com\/wp-content\/uploads\/2024\/07\/euripedesbarsanulfobiografia-180830180732-thumbnail.jpg\" alt=\"\" class=\"wp-image-3405\" style=\"width:258px;height:auto\" srcset=\"https:\/\/nuevo-renacer.com\/wp-content\/uploads\/2024\/07\/euripedesbarsanulfobiografia-180830180732-thumbnail.jpg 367w, https:\/\/nuevo-renacer.com\/wp-content\/uploads\/2024\/07\/euripedesbarsanulfobiografia-180830180732-thumbnail-229x300.jpg 229w, https:\/\/nuevo-renacer.com\/wp-content\/uploads\/2024\/07\/euripedesbarsanulfobiografia-180830180732-thumbnail-9x12.jpg 9w\" sizes=\"(max-width: 367px) 100vw, 367px\" \/><\/figure>\n<\/div><\/div>\n\n\n\n<div class=\"wp-block-uagb-container uagb-block-347fe47a alignfull uagb-is-root-container\"><div class=\"uagb-container-inner-blocks-wrap\">\n<p class=\"has-black-color has-text-color has-link-color has-small-font-size wp-elements-653021d345f5b1c5debf68e1951004d6\">Eur\u00edpides Barsanulfo was born in the city of Sacramento (Minas Gerais) on 1 May 1880 and died there on 1 November 1918.<\/p>\n\n\n\n<p class=\"has-black-color has-text-color has-link-color has-small-font-size wp-elements-324afdba0bf513b392c248bff8f59689\">His parents were Herm\u00f3genes Ernesto de Ara\u00fajo and D. Jer\u00f4nima Pereira de Almeida, both poor in material goods at the beginning, but rich in Christian virtues, which filled their honourable home with joy and peace.<\/p>\n\n\n\n<p class=\"has-black-color has-text-color has-link-color has-small-font-size wp-elements-be683913a3a8848af987c0c8b5722241\">Barely able to express his noble feelings, he turned out to be an admirable boy for his precocious intelligence and his dedication to work and study.<\/p>\n\n\n\n<p class=\"has-black-color has-text-color has-link-color has-small-font-size wp-elements-f8697d150a2bb66c2b85f8c2ab6049a2\">His youth was not carefree, as is often the case with the fortunate. At a very young age, he had to face the hardships of home, promoting the means to help him.<\/p>\n\n\n\n<p class=\"has-black-color has-text-color has-link-color has-small-font-size wp-elements-764e03ae1c4db12cb46da38df290918a\">He grew up and always lived with his parents, for whom he was a true support. Hard-working and docile, he attended classes at the Col\u00e9gio Miranda, an educational establishment run by the able educator Jo\u00e3o Derwil de Miranda. Early in his life, he showed a great propensity to pursue a career in literature. As a student, he helped the teachers by teaching his classmates, and such was his fondness for teaching that he became the teacher of his own siblings.<\/p>\n\n\n\n<p class=\"has-black-color has-text-color has-link-color has-small-font-size wp-elements-456d63e3f06728c8524c8d0fca71c269\">Eager to know everything, Barsanulfo achieved a solid and exquisite education in just a few years. From school he moved to his father's commercial office, where he worked as an accountant.<\/p>\n\n\n\n<p class=\"has-black-color has-text-color has-link-color has-small-font-size wp-elements-5c956e18585e281523ef91629f8c7d64\">In January 1902, together with his former teachers, Dr. Jo\u00e3o Gomes Vieira de Melo, In\u00e1cio Martins de Melo and his colleague Jos\u00e9 Martins Borges, with the support of others, he founded the Liceo Sacramento, a primary and secondary school, where he taught for five consecutive years, with rare brilliance, teaching all subjects when necessary.<\/p>\n\n\n\n<p class=\"has-black-color has-text-color has-link-color has-small-font-size wp-elements-a022d93a5f9e68ae53afe95396db861f\">Parallel to the foundation of the Lyceum, the \u2018\"Gazeta de Sacramento\" was published, a weekly newspaper that appeared on Sundays and of which he was editor for two years. Barsanulfo made his debut as a journalist in this newspaper, writing articles on political economy, public law, educational methods, literature, philosophy, etc. He also collaborated fruitfully and brilliantly with other newspapers.<\/p>\n\n\n\n<p class=\"has-black-color has-text-color has-link-color has-small-font-size wp-elements-6261dbe281cce369ecdfd4e0197524b5\">Thanks to her privileged intelligence and her own efforts, she came to possess such a culture that her biographers consider it truly astonishing. He had a deep and wide knowledge of medicine and law. She spoke of astronomy, philosophy, mathematics, physical and natural sciences and literature with the most extraordinary confidence, without having any higher education qualifications.<\/p>\n\n\n\n<p class=\"has-black-color has-text-color has-link-color has-small-font-size wp-elements-0841f1ad19f7e8b17ee9443487b24a34\">His hard work as a teacher, in the press and on the podium; the goodness of his heart, always ready to help those in need; his kind words of advice; the probity of his character: all this made him the idol of his compatriots. The latter, eager to have him on the local political scene, elected him councillor. He served as councilman for six years and provided the municipality of Sacramento with electricity, electric lights and trams, running water and a public cemetery for both Sacramento and the town of Conquista. But politics was not the climate to which he aspired. After serving in politics, he spontaneously retired from it.<\/p>\n\n\n\n<p class=\"has-black-color has-text-color has-link-color has-small-font-size wp-elements-49804cb87951f9b3eb60ef950869e38c\">At the time, Barsanulfo was a fervent Catholic, president of the St. Vincent de Paul Conference.<\/p>\n\n\n\n<p class=\"has-black-color has-text-color has-link-color has-small-font-size wp-elements-599c843278bbcb149556e5cc6a056d94\">A free spirit, apt for the great waves of spirituality, his future abandonment of the religion he had received in his cradle was fatal.<\/p>\n\n\n\n<p class=\"has-black-color has-text-color has-link-color has-small-font-size wp-elements-4eb167b93e48af4dd4114d66dde257d7\">So one day, hearing about the amazing healings in the field of spiritism, he decided to find out what was true in these reports. As his relatives in St. Mary's preached and practised spiritism at the Spiritist Centre Faith and Love, well known in the city and one of the oldest in the region, Barsanulfo went there to investigate the facts for himself.<\/p>\n\n\n\n<p class=\"has-black-color has-text-color has-link-color has-small-font-size wp-elements-127b36c12300caa71f3130c5abf88c04\">Observing phenomena of typology, highly philosophical communications and marvellous healings in various s\u00e9ances, he studied them carefully and, on his return to his homeland, brought with him the works of Kardec, which finally led him to convert to Spiritism in 1905. From then on, he became the greatest propagandist in that region of Minas Gerais, mainly by example. The building that Euripides erected in Sacramento is one of those grandiose and imperishable monuments that testify to his moral fortitude and the strength of his luminous faith.<\/p>\n\n\n\n<p class=\"has-black-color has-text-color has-link-color has-small-font-size wp-elements-252804a77f1954ca25e9391e11b2b289\">For twelve years and seven months he was president of the Spiritist Group \"Hope and Charity\", which he founded. On April 2, 1907, the magnificent and extensive \"Allan Kardec\" College was founded as a branch of this group.<\/p>\n\n\n\n<p class=\"has-black-color has-text-color has-link-color has-small-font-size wp-elements-bfb81d435bebbf553bfb6e2b4c4fb351\">This important establishment functioned under his able direction during the whole time he lived here on earth, leaving it only eight days before he disincarnated. Thousands of poor and orphans of both sexes received free intellectual and moral instruction there, a work continued by the brothers of the late Euripides. Every Wednesday he preached the Gospel of Jesus to the pupils of the school, encouraging them, in simple terms, to love and charity.<\/p>\n\n\n\n<p class=\"has-black-color has-text-color has-link-color has-small-font-size wp-elements-8c0a6e2706941d69b6a654d723134485\">In his heated polemics, from which he always emerged victorious, there was never a hint of vanity in his heart, he never harboured any trace of pity, he never descended to the ungrateful ground of personal retaliation, treating all his contenders with the greatest possible elegance and no less Christian love.<\/p>\n\n\n\n<p class=\"has-black-color has-text-color has-link-color has-small-font-size wp-elements-c555eaee91b88c5b6ccdc4e5a0f9a275\">Euripides Barsanulfo was endowed with several developed mediumistic faculties, being a healing medium, prescriber, listener, clairvoyant, intuitive, talker and psychographer. It was very easy for him to move from one place to another, and he gave the exact topography of the places through which his spirit passed.<\/p>\n\n\n\n<p class=\"has-black-color has-text-color has-link-color has-small-font-size wp-elements-c7245a504326f5d7fa2b271ee8fff822\">It was a refuge for all the afflicted and abandoned. Hundreds of people disillusioned by earthly science found comfort in Sacramento. With the help of Superior Spirits, among them Bezerra de Menezes, our Barsanulfo cured almost all illnesses.<\/p>\n\n\n\n<p class=\"has-black-color has-text-color has-link-color has-small-font-size wp-elements-ede598a83ab17a4009a2f310b37244f3\">A man who was not afraid to spread the truths he professed, he was the incarnation of the true spiritist. A faithful disciple of Jesus, he was the comfort and support of all who came to him, and to all he gave the same welcome, the same love. It does not seem that he had any personal enemies.<\/p>\n\n\n\n<p class=\"has-black-color has-text-color has-link-color has-small-font-size wp-elements-f2f2154529a7bcfe07f8a2f175d8bb09\">For all this, he enjoyed great popularity in his hometown and even in the entire state of Minas Gerais. Even today, Barsanulfo is still remembered and blessed in that region, where he left indelible traces of his brilliant career. On 1 November 1918, he died in his hometown, victim of the influenza pandemic.<\/p>\n<\/div><\/div>","protected":false},"excerpt":{"rendered":"<p>Eur\u00edpedes Barsanulfo Eur\u00edpides Barsanulfo naci\u00f3 en la ciudad de Sacramento (Minas Gerais) el 1 de mayo de 1880 y muri\u00f3 all\u00ed el 1 de noviembre de 1918. Sus padres fueron Herm\u00f3genes Ernesto de Ara\u00fajo y D. Jer\u00f4nima Pereira de Almeida, ambos pobres en bienes materiales al principio, pero ricos en virtudes cristianas, que llenaban de [&hellip;]<\/p>","protected":false},"author":1,"featured_media":0,"parent":0,"menu_order":0,"comment_status":"closed","ping_status":"closed","template":"","meta":{"_uag_custom_page_level_css":"","site-sidebar-layout":"default","site-content-layout":"","ast-site-content-layout":"default","site-content-style":"default","site-sidebar-style":"default","ast-global-header-display":"","ast-banner-title-visibility":"","ast-main-header-display":"","ast-hfb-above-header-display":"","ast-hfb-below-header-display":"","ast-hfb-mobile-header-display":"","site-post-title":"disabled","ast-breadcrumbs-content":"","ast-featured-img":"","footer-sml-layout":"","theme-transparent-header-meta":"","adv-header-id-meta":"","stick-header-meta":"","header-above-stick-meta":"","header-main-stick-meta":"","header-below-stick-meta":"","astra-migrate-meta-layouts":"set","ast-page-background-enabled":"default","ast-page-background-meta":{"desktop":{"background-color":"var(--ast-global-color-4)","background-image":"","background-repeat":"repeat","background-position":"center center","background-size":"auto","background-attachment":"scroll","background-type":"","background-media":"","overlay-type":"","overlay-color":"","overlay-opacity":"","overlay-gradient":""},"tablet":{"background-color":"","background-image":"","background-repeat":"repeat","background-position":"center center","background-size":"auto","background-attachment":"scroll","background-type":"","background-media":"","overlay-type":"","overlay-color":"","overlay-opacity":"","overlay-gradient":""},"mobile":{"background-color":"","background-image":"","background-repeat":"repeat","background-position":"center center","background-size":"auto","background-attachment":"scroll","background-type":"","background-media":"","overlay-type":"","overlay-color":"","overlay-opacity":"","overlay-gradient":""}},"ast-content-background-meta":{"desktop":{"background-color":"var(--ast-global-color-5)","background-image":"","background-repeat":"repeat","background-position":"center center","background-size":"auto","background-attachment":"scroll","background-type":"","background-media":"","overlay-type":"","overlay-color":"","overlay-opacity":"","overlay-gradient":""},"tablet":{"background-color":"var(--ast-global-color-5)","background-image":"","background-repeat":"repeat","background-position":"center center","background-size":"auto","background-attachment":"scroll","background-type":"","background-media":"","overlay-type":"","overlay-color":"","overlay-opacity":"","overlay-gradient":""},"mobile":{"background-color":"var(--ast-global-color-5)","background-image":"","background-repeat":"repeat","background-position":"center center","background-size":"auto","background-attachment":"scroll","background-type":"","background-media":"","overlay-type":"","overlay-color":"","overlay-opacity":"","overlay-gradient":""}},"footnotes":""},"class_list":["post-3404","page","type-page","status-publish","hentry"],"yoast_head":"<!-- This site is optimized with the Yoast SEO Premium plugin v24.2 (Yoast SEO v24.6) - https:\/\/yoast.com\/wordpress\/plugins\/seo\/ -->\n<title>Eur\u00edpedes Barsanulfo - Uni\u00f3n Esp\u00edrita<\/title>\n<meta name=\"robots\" content=\"index, follow, max-snippet:-1, max-image-preview:large, max-video-preview:-1\" \/>\n<link rel=\"canonical\" href=\"https:\/\/nuevo-renacer.com\/en\/euripedes-barsanulfo\/\" \/>\n<meta property=\"og:locale\" content=\"en_GB\" \/>\n<meta property=\"og:type\" content=\"article\" \/>\n<meta property=\"og:title\" content=\"Eur\u00edpedes Barsanulfo\" \/>\n<meta property=\"og:description\" content=\"Eur\u00edpedes Barsanulfo Eur\u00edpides Barsanulfo naci\u00f3 en la ciudad de Sacramento (Minas Gerais) el 1 de mayo de 1880 y muri\u00f3 all\u00ed el 1 de noviembre de 1918. Sus padres fueron Herm\u00f3genes Ernesto de Ara\u00fajo y D. Jer\u00f4nima Pereira de Almeida, ambos pobres en bienes materiales al principio, pero ricos en virtudes cristianas, que llenaban de [&hellip;]\" \/>\n<meta property=\"og:url\" content=\"https:\/\/nuevo-renacer.com\/en\/euripedes-barsanulfo\/\" \/>\n<meta property=\"og:site_name\" content=\"Uni\u00f3n Esp\u00edrita\" \/>\n<meta property=\"article:publisher\" content=\"https:\/\/www.facebook.com\/groups\/3431398063740829\" \/>\n<meta property=\"article:modified_time\" content=\"2024-07-08T12:02:01+00:00\" \/>\n<meta property=\"og:image\" content=\"https:\/\/ufec-mundial.com\/wp-content\/uploads\/2024\/07\/euripedesbarsanulfobiografia-180830180732-thumbnail.jpg\" \/>\n<meta name=\"twitter:card\" content=\"summary_large_image\" \/>\n<meta name=\"twitter:label1\" content=\"Estimated reading time\" \/>\n\t<meta name=\"twitter:data1\" content=\"6 minutes\" \/>\n<script type=\"application\/ld+json\" class=\"yoast-schema-graph\">{\"@context\":\"https:\/\/schema.org\",\"@graph\":[{\"@type\":\"WebPage\",\"@id\":\"https:\/\/nuevo-renacer.com\/euripedes-barsanulfo\/\",\"url\":\"https:\/\/nuevo-renacer.com\/euripedes-barsanulfo\/\",\"name\":\"Eur\u00edpedes Barsanulfo - Uni\u00f3n Esp\u00edrita\",\"isPartOf\":{\"@id\":\"https:\/\/nuevo-renacer.com\/#website\"},\"primaryImageOfPage\":{\"@id\":\"https:\/\/nuevo-renacer.com\/euripedes-barsanulfo\/#primaryimage\"},\"image\":{\"@id\":\"https:\/\/nuevo-renacer.com\/euripedes-barsanulfo\/#primaryimage\"},\"thumbnailUrl\":\"https:\/\/ufec-mundial.com\/wp-content\/uploads\/2024\/07\/euripedesbarsanulfobiografia-180830180732-thumbnail.jpg\",\"datePublished\":\"2024-07-08T12:01:59+00:00\",\"dateModified\":\"2024-07-08T12:02:01+00:00\",\"breadcrumb\":{\"@id\":\"https:\/\/nuevo-renacer.com\/euripedes-barsanulfo\/#breadcrumb\"},\"inLanguage\":\"en-GB\",\"potentialAction\":[{\"@type\":\"ReadAction\",\"target\":[\"https:\/\/nuevo-renacer.com\/euripedes-barsanulfo\/\"]}]},{\"@type\":\"ImageObject\",\"inLanguage\":\"en-GB\",\"@id\":\"https:\/\/nuevo-renacer.com\/euripedes-barsanulfo\/#primaryimage\",\"url\":\"https:\/\/ufec-mundial.com\/wp-content\/uploads\/2024\/07\/euripedesbarsanulfobiografia-180830180732-thumbnail.jpg\",\"contentUrl\":\"https:\/\/ufec-mundial.com\/wp-content\/uploads\/2024\/07\/euripedesbarsanulfobiografia-180830180732-thumbnail.jpg\"},{\"@type\":\"BreadcrumbList\",\"@id\":\"https:\/\/nuevo-renacer.com\/euripedes-barsanulfo\/#breadcrumb\",\"itemListElement\":[{\"@type\":\"ListItem\",\"position\":1,\"name\":\"Startseite\",\"item\":\"https:\/\/nuevo-renacer.com\/\"},{\"@type\":\"ListItem\",\"position\":2,\"name\":\"Eur\u00edpedes Barsanulfo\"}]},{\"@type\":\"WebSite\",\"@id\":\"https:\/\/nuevo-renacer.com\/#website\",\"url\":\"https:\/\/nuevo-renacer.com\/\",\"name\":\"Uni\u00f3n Esp\u00edrita\",\"description\":\"Nuevo Renacer\",\"publisher\":{\"@id\":\"https:\/\/nuevo-renacer.com\/#organization\"},\"potentialAction\":[{\"@type\":\"SearchAction\",\"target\":{\"@type\":\"EntryPoint\",\"urlTemplate\":\"https:\/\/nuevo-renacer.com\/?s={search_term_string}\"},\"query-input\":{\"@type\":\"PropertyValueSpecification\",\"valueRequired\":true,\"valueName\":\"search_term_string\"}}],\"inLanguage\":\"en-GB\"},{\"@type\":\"Organization\",\"@id\":\"https:\/\/nuevo-renacer.com\/#organization\",\"name\":\"UFEC\",\"url\":\"https:\/\/nuevo-renacer.com\/\",\"logo\":{\"@type\":\"ImageObject\",\"inLanguage\":\"en-GB\",\"@id\":\"https:\/\/nuevo-renacer.com\/#\/schema\/logo\/image\/\",\"url\":\"https:\/\/nuevo-renacer.com\/wp-content\/uploads\/2024\/05\/cropped-LOGO-TERMINADO1-3-3.png\",\"contentUrl\":\"https:\/\/nuevo-renacer.com\/wp-content\/uploads\/2024\/05\/cropped-LOGO-TERMINADO1-3-3.png\",\"width\":512,\"height\":512,\"caption\":\"UFEC\"},\"image\":{\"@id\":\"https:\/\/nuevo-renacer.com\/#\/schema\/logo\/image\/\"},\"sameAs\":[\"https:\/\/www.facebook.com\/groups\/3431398063740829\"]}]}<\/script>\n<!-- \/ Yoast SEO Premium plugin. -->","yoast_head_json":{"title":"Eur\u00edpedes Barsanulfo - Uni\u00f3n Esp\u00edrita","robots":{"index":"index","follow":"follow","max-snippet":"max-snippet:-1","max-image-preview":"max-image-preview:large","max-video-preview":"max-video-preview:-1"},"canonical":"https:\/\/nuevo-renacer.com\/en\/euripedes-barsanulfo\/","og_locale":"en_GB","og_type":"article","og_title":"Eur\u00edpedes Barsanulfo","og_description":"Eur\u00edpedes Barsanulfo Eur\u00edpides Barsanulfo naci\u00f3 en la ciudad de Sacramento (Minas Gerais) el 1 de mayo de 1880 y muri\u00f3 all\u00ed el 1 de noviembre de 1918. Sus padres fueron Herm\u00f3genes Ernesto de Ara\u00fajo y D. Jer\u00f4nima Pereira de Almeida, ambos pobres en bienes materiales al principio, pero ricos en virtudes cristianas, que llenaban de [&hellip;]","og_url":"https:\/\/nuevo-renacer.com\/en\/euripedes-barsanulfo\/","og_site_name":"Uni\u00f3n Esp\u00edrita","article_publisher":"https:\/\/www.facebook.com\/groups\/3431398063740829","article_modified_time":"2024-07-08T12:02:01+00:00","og_image":[{"url":"https:\/\/ufec-mundial.com\/wp-content\/uploads\/2024\/07\/euripedesbarsanulfobiografia-180830180732-thumbnail.jpg","type":"","width":"","height":""}],"twitter_card":"summary_large_image","twitter_misc":{"Estimated reading time":"6 minutes"},"schema":{"@context":"https:\/\/schema.org","@graph":[{"@type":"WebPage","@id":"https:\/\/nuevo-renacer.com\/euripedes-barsanulfo\/","url":"https:\/\/nuevo-renacer.com\/euripedes-barsanulfo\/","name":"Eur\u00edpedes Barsanulfo - Uni\u00f3n Esp\u00edrita","isPartOf":{"@id":"https:\/\/nuevo-renacer.com\/#website"},"primaryImageOfPage":{"@id":"https:\/\/nuevo-renacer.com\/euripedes-barsanulfo\/#primaryimage"},"image":{"@id":"https:\/\/nuevo-renacer.com\/euripedes-barsanulfo\/#primaryimage"},"thumbnailUrl":"https:\/\/ufec-mundial.com\/wp-content\/uploads\/2024\/07\/euripedesbarsanulfobiografia-180830180732-thumbnail.jpg","datePublished":"2024-07-08T12:01:59+00:00","dateModified":"2024-07-08T12:02:01+00:00","breadcrumb":{"@id":"https:\/\/nuevo-renacer.com\/euripedes-barsanulfo\/#breadcrumb"},"inLanguage":"en-GB","potentialAction":[{"@type":"ReadAction","target":["https:\/\/nuevo-renacer.com\/euripedes-barsanulfo\/"]}]},{"@type":"ImageObject","inLanguage":"en-GB","@id":"https:\/\/nuevo-renacer.com\/euripedes-barsanulfo\/#primaryimage","url":"https:\/\/ufec-mundial.com\/wp-content\/uploads\/2024\/07\/euripedesbarsanulfobiografia-180830180732-thumbnail.jpg","contentUrl":"https:\/\/ufec-mundial.com\/wp-content\/uploads\/2024\/07\/euripedesbarsanulfobiografia-180830180732-thumbnail.jpg"},{"@type":"BreadcrumbList","@id":"https:\/\/nuevo-renacer.com\/euripedes-barsanulfo\/#breadcrumb","itemListElement":[{"@type":"ListItem","position":1,"name":"Startseite","item":"https:\/\/nuevo-renacer.com\/"},{"@type":"ListItem","position":2,"name":"Eur\u00edpedes Barsanulfo"}]},{"@type":"WebSite","@id":"https:\/\/nuevo-renacer.com\/#website","url":"https:\/\/nuevo-renacer.com\/","name":"Uni\u00f3n Esp\u00edrita","description":"Nuevo Renacer","publisher":{"@id":"https:\/\/nuevo-renacer.com\/#organization"},"potentialAction":[{"@type":"SearchAction","target":{"@type":"EntryPoint","urlTemplate":"https:\/\/nuevo-renacer.com\/?s={search_term_string}"},"query-input":{"@type":"PropertyValueSpecification","valueRequired":true,"valueName":"search_term_string"}}],"inLanguage":"en-GB"},{"@type":"Organization","@id":"https:\/\/nuevo-renacer.com\/#organization","name":"UFEC","url":"https:\/\/nuevo-renacer.com\/","logo":{"@type":"ImageObject","inLanguage":"en-GB","@id":"https:\/\/nuevo-renacer.com\/#\/schema\/logo\/image\/","url":"https:\/\/nuevo-renacer.com\/wp-content\/uploads\/2024\/05\/cropped-LOGO-TERMINADO1-3-3.png","contentUrl":"https:\/\/nuevo-renacer.com\/wp-content\/uploads\/2024\/05\/cropped-LOGO-TERMINADO1-3-3.png","width":512,"height":512,"caption":"UFEC"},"image":{"@id":"https:\/\/nuevo-renacer.com\/#\/schema\/logo\/image\/"},"sameAs":["https:\/\/www.facebook.com\/groups\/3431398063740829"]}]}},"uagb_featured_image_src":{"full":false,"thumbnail":false,"medium":false,"medium_large":false,"large":false,"1536x1536":false,"2048x2048":false,"trp-custom-language-flag":false},"uagb_author_info":{"display_name":"adbv0","author_link":"https:\/\/nuevo-renacer.com\/en\/author\/adbv0\/"},"uagb_comment_info":0,"uagb_excerpt":"Eur\u00edpedes Barsanulfo Eur\u00edpides Barsanulfo naci\u00f3 en la ciudad de Sacramento (Minas Gerais) el 1 de mayo de 1880 y muri\u00f3 all\u00ed el 1 de noviembre de 1918. Sus padres fueron Herm\u00f3genes Ernesto de Ara\u00fajo y D. Jer\u00f4nima Pereira de Almeida, ambos pobres en bienes materiales al principio, pero ricos en virtudes cristianas, que llenaban de&hellip;","jetpack_sharing_enabled":true,"_links":{"self":[{"href":"https:\/\/nuevo-renacer.com\/en\/wp-json\/wp\/v2\/pages\/3404","targetHints":{"allow":["GET"]}}],"collection":[{"href":"https:\/\/nuevo-renacer.com\/en\/wp-json\/wp\/v2\/pages"}],"about":[{"href":"https:\/\/nuevo-renacer.com\/en\/wp-json\/wp\/v2\/types\/page"}],"author":[{"embeddable":true,"href":"https:\/\/nuevo-renacer.com\/en\/wp-json\/wp\/v2\/users\/1"}],"replies":[{"embeddable":true,"href":"https:\/\/nuevo-renacer.com\/en\/wp-json\/wp\/v2\/comments?post=3404"}],"version-history":[{"count":1,"href":"https:\/\/nuevo-renacer.com\/en\/wp-json\/wp\/v2\/pages\/3404\/revisions"}],"predecessor-version":[{"id":3406,"href":"https:\/\/nuevo-renacer.com\/en\/wp-json\/wp\/v2\/pages\/3404\/revisions\/3406"}],"wp:attachment":[{"href":"https:\/\/nuevo-renacer.com\/en\/wp-json\/wp\/v2\/media?parent=3404"}],"curies":[{"name":"wp","href":"https:\/\/api.w.org\/{rel}","templated":true}]}}