{"id":3134,"date":"2024-07-06T13:01:08","date_gmt":"2024-07-06T13:01:08","guid":{"rendered":"https:\/\/ufec-mundial.com\/?page_id=3134"},"modified":"2025-06-13T10:29:05","modified_gmt":"2025-06-13T10:29:05","slug":"yvonne-do-amaral-pereira","status":"publish","type":"page","link":"https:\/\/nuevo-renacer.com\/en\/yvonne-do-amaral-pereira\/","title":{"rendered":"Yvonne do Amaral Pereira"},"content":{"rendered":"<div class=\"wp-block-uagb-container uagb-block-62b933ab alignfull uagb-is-root-container\"><div class=\"uagb-container-inner-blocks-wrap\">\n<p class=\"has-black-color has-text-color has-link-color has-medium-font-size wp-elements-47f2caed23ff68e0e29d32eed1902acc\"><strong>Yvonne do Amaral Pereira<\/strong>&nbsp;<\/p>\n<\/div><\/div>\n\n\n\n<div class=\"wp-block-uagb-container uagb-block-27f7f901 alignfull uagb-is-root-container\"><div class=\"uagb-container-inner-blocks-wrap\">\n<div class=\"wp-block-uagb-image alignleft uagb-block-77467187 wp-block-uagb-image--layout-default wp-block-uagb-image--effect-static wp-block-uagb-image--align-left\"><figure class=\"wp-block-uagb-image__figure\"><img loading=\"lazy\" decoding=\"async\" srcset=\"https:\/\/nuevo-renacer.com\/wp-content\/uploads\/2024\/07\/Yvonne_do_Amaral_Pereira_foto.jpg ,https:\/\/ufec-mundial.com\/wp-content\/uploads\/2024\/07\/Yvonne_do_Amaral_Pereira_foto.jpg 780w, https:\/\/nuevo-renacer.com\/wp-content\/uploads\/2024\/07\/Yvonne_do_Amaral_Pereira_foto.jpg 360w\" sizes=\"auto, (max-width: 480px) 150px\" src=\"https:\/\/nuevo-renacer.com\/wp-content\/uploads\/2024\/07\/Yvonne_do_Amaral_Pereira_foto.jpg\" alt=\"\" class=\"uag-image-2966\" width=\"247\" height=\"267\" title=\"Yvonne_do_Amaral_Pereira_foto\" role=\"img\"\/><\/figure><\/div>\n<\/div><\/div>\n\n\n\n<div class=\"wp-block-uagb-container uagb-block-9fcca54e alignfull uagb-is-root-container\"><div class=\"uagb-container-inner-blocks-wrap\">\n<p class=\"has-black-color has-text-color has-link-color has-small-font-size wp-elements-dc361317404698bf1a49e70c70f62cb1\">Born on 24 December 1900 in Valen\u00e7a, Rio de Janeiro, Yvonne do Amaral Pereira was a Brazilian seamstress and medium, author of several books on psychography. She died on 9 March 1984 (aged 83) in Rio de Janeiro. Yvonne do Amaral Pereira was a Brazilian medium known for her important career as a medium.&nbsp;<\/p>\n\n\n\n<p class=\"has-black-color has-text-color has-link-color has-small-font-size wp-elements-2311d2b5705c1eb00184cd75bad57639\">Her father was a small businessman, Manoel Jos\u00e9 Pereira Filho, and her mother was Elizabeth do Amaral Pereira. She had five younger siblings and an older one, the son of her mother's first marriage. From what we read in her own statements in the book Recorda\u00e7\u00f5es da Mediunidade \u2013 which was written under the assistance and supervision of the unforgettable Bezerra de Menezes \u2013 Yvonne Pereira's childhood was truly sad and painful. <\/p>\n\n\n\n<p class=\"has-black-color has-text-color has-link-color has-small-font-size wp-elements-95dafe779e28fa56b5af4f6a8f8417cd\">When I was only 29 days old, \"during a sudden attack of coughing and choking, I died\". <\/p>\n\n\n\n<div class=\"wp-block-group is-layout-constrained wp-block-group-is-layout-constrained\">\n<p class=\"has-black-color has-text-color has-link-color has-small-font-size wp-elements-fc37d5c38f51ebe915cd2c277a321b0c\">She goes on to say:&nbsp;<\/p>\n\n\n\n<p class=\"has-black-color has-text-color has-link-color has-small-font-size wp-elements-ec5de5e2a7bd846961983f311fb1581d\"><em>\"Everything indicates that, in a previous existence, I had drowned myself by suicide, and that the asphyxia, in the first month of my birth, was but one of the many complexes which accompany the spirit of the suicide, even when reincarnated, mental and vibratory reminiscences which commonly traumatise him for long periods. For six consecutive hours, I remained rigid, with a bruised body, with the emaciated and haggard physiognomy of a corpse, with sunken eyes, sharp nose, serrated mouth and hardened chin, frozen, without breath or pulse\".<\/em><\/p>\n<\/div>\n\n\n\n<p class=\"has-black-color has-text-color has-link-color has-small-font-size wp-elements-4f378476c592f1214c82473c11fdd73b\">The doctor and the pharmacist certified death by asphyxia. The wake was prepared. The supposedly deceased was dressed in a wreath of flowers and a white and blue dress. The small white coffin was ordered. The mother retired to a room, where she said a sincere and fervent prayer to Mary of Nazareth, asking for the situation to be resolved, for she did not believe that her daughter was dead. A few moments later, the child awoke in tears. All preparations were undone. The funeral was cancelled and life went on as normal. From a very young age she showed a great talent for mediumship and, throughout her life, was responsible for important messages and psychographic work.&nbsp;<\/p>\n\n\n\n<p class=\"has-black-color has-text-color has-link-color has-small-font-size wp-elements-d7d9bb1d13d930b92daca7c9332b77b3\">At the age of 5, she not only saw, but also talked to spirits. At the age of 10, by order of his father, she attended spiritist s\u00e9ances at home, and at the age of 12 she was given the books The Gospel According to Spiritism and The Spirits' Book, which she was to read every day, which he did, following the advice of his always kind father. At the age of 13 she began to attend practical spiritist s\u00e9ances, which he loved because she could see the communicating spirits. His only schooling was primary school. For financial reasons, she was unable to attend other courses, which was a great trial for her, as she loved to study and read, to the point that by the age of 16 she had already read works by great authors such as Goethe, Bernardo Guimar\u00e3es, Jos\u00e9 de Alencar, Alexandre Herculano and Arthur Conan Doyle. From an early age she had to work to support herself.&nbsp;<\/p>\n\n\n\n<div class=\"wp-block-group is-layout-constrained wp-block-group-is-layout-constrained\">\n<p class=\"has-black-color has-text-color has-link-color has-small-font-size wp-elements-d69ba6b64db3b7540500a967a3cf8184\">As a teenager, she trained in housework: crochet, embroidery, sewing, lace, flowers, painting and other crafts. She tells us herself:&nbsp;<\/p>\n\n\n\n<p class=\"has-black-color has-text-color has-link-color has-small-font-size wp-elements-d71824314bc17198de49c4e21c7006dd\"><em>\"I received a hard patriarchal education, far from society, without living in the world, preferably applied to manual work, a fact that, on the one hand, was detrimental to me, as I became excessively shy, sad, which made it difficult for me to fight for my life when, after losing my parents, I had to work to earn a living in a city like Rio de Janeiro\".<\/em>&nbsp;<\/p>\n<\/div>\n\n\n\n<p class=\"has-black-color has-text-color has-link-color has-small-font-size wp-elements-e91f292d3af5687f6ee63c7350799c0d\">Throughout her life, Yvonne developed her mediumship and devoted herself to psychographing doctrinal and spiritual works. Her messages conveyed teachings of love, peace and spiritual evolution, and she was highly respected in the spiritist milieu. Yvonne was also the author of several books, in which she recounted her mediumistic experiences and shared her knowledge of the afterlife.&nbsp;<\/p>\n\n\n\n<p class=\"has-black-color has-text-color has-link-color has-small-font-size wp-elements-7296d2f5a700cd770e5244564c5d73b0\">As we have already seen, her mediumnity appeared in the first days of his earthly life, through the phenomenon of catalepsy, which became a regular phenomenon in her life from the age of 16.&nbsp;<\/p>\n\n\n\n<p class=\"has-black-color has-text-color has-link-color has-small-font-size wp-elements-3f24fdb52702b610348f4b521a90a39e\">Most of the afterlife stories, novels, chronicles and tales told by Yvonne Pereira were collected in the Spirit World through this process, at the time of the restorative sleep. She wrote one of the greatest works of mediumship, Memoirs of a Suicide, considered a bestseller, with a special content, revealing in a truthful way the Spiritual Life of those who in the afterlife realise the grave error they have committed, suicide, in the delirious desire to free themselves from the evils or discomforts of existence.&nbsp;<\/p>\n\n\n\n<p class=\"has-black-color has-text-color has-link-color has-small-font-size wp-elements-ed3bf0ecf4e62418d9c2a5a3877a7b7d\">Her mediumship, however, was diverse. She was a psychographic medium and prescriber (homeopathy) assisted by entities of great elevation, such as the aforementioned Bezerra de Menezes, Charles, Roberto de Canalejas and Bittencourt Sampaio. He practised incorporation and passive mediumship. He had mediumnity of physical effects, and even carried out some materialisation s\u00e9ances, but he was never attracted to this mediumistic modality. His preferred s\u00e9ances were those of unfoldment, incorporation and prescriptions. Yvonne Pereira has always followed the guidelines of the basic books of the Codification and also the advice of her guides. Among her incarnated mentors, the outstanding spiritist of Barra Mansa, Zico Horta, who instructed her in the beginning of her mediumship, stands out. And it was through this work, carried out without interruption, that she practised prescriptions and healing passes for 54 and a half years.&nbsp;<\/p>\n\n\n\n<div class=\"wp-block-group is-layout-constrained wp-block-group-is-layout-constrained\">\n<p class=\"has-black-color has-text-color has-link-color has-small-font-size wp-elements-00d7d065296b01ab81785159766363af\">On her view of Spiritism and mediumship, she states:&nbsp;<\/p>\n\n\n\n<p class=\"has-black-color has-text-color has-link-color has-small-font-size wp-elements-2d7935b10354bd318ed9a4cce89fa821\"><em>\"I always remained a very independent spiritist and medium. I never allowed the management of the centres where I worked to control or bureaucratise my mediumistic faculties. I consecrated them to the services of Jesus and obeyed only the Church on High without reservation, using them to exercise charity any day and any hour that the suffering sought me out. To this end, I studied the Doctrine in depth, in order to know the ground I was treading on and to maintain my independence on a sound basis. However, I strictly adhered to the criteria and schedules set by the few centres where I served, but I never submitted to the bureaucracy maintained by some. If I was not allowed to attend to the needy in the centre, for this or that reason, on certain days, I attended to them elsewhere, either in my home or in theirs, and thus I achieved important healings, because I learned from the Gospel and the Spiritist Doctrine that there is no time or day to do good\" (THE REFORMER, 1992).<\/em>&nbsp;<\/p>\n<\/div>\n\n\n\n<p class=\"has-black-color has-text-color has-link-color has-small-font-size wp-elements-f4197dd44d3748ee45f36c7aa9687968\">Yvonne Pereira worked as a medium from 1926 until 1980, when a stroke prevented her from practising her profession. Always humble, tender and vivacious, she lived in a large house in Piedade, a suburb of Rio de Janeiro, in the company of her married sister, Am\u00e1lia Pereira Louren\u00e7o, also a spiritist. On the night of 9 March 1984, she died of thrombosis during a surgical operation she had undergone at the Lagoa Hospital in Rio de Janeiro. Her body was buried in the Inha\u00fama cemetery. She was 83 years old and remained single, worthily fulfilling the mediumistic mandate she had exercised with love and total dedication to her fellow men.&nbsp;<\/p>\n\n\n\n<div class=\"wp-block-group is-layout-constrained wp-block-group-is-layout-constrained\">\n<p class=\"has-black-color has-text-color has-link-color has-small-font-size wp-elements-a94e7a5bd1ee6d41fde570db474716ab\"><strong>Conclusion<\/strong>&nbsp;<\/p>\n\n\n\n<p class=\"has-black-color has-text-color has-link-color has-small-font-size wp-elements-494f3bcbc9a9878490f9bfd09408c553\">Throughout her career as a medium, Yvonne faced challenges and criticism, but she never lost faith and determination in her spiritual mission. Her kindness and wisdom inspired many followers, who continue to revere her memory and legacy to this day.&nbsp;<\/p>\n\n\n\n<p class=\"has-black-color has-text-color has-link-color has-small-font-size wp-elements-a4e4d1bfa0ae2e92afcfc39d3c747e6a\">Yvonne do Amaral Pereira left an important legacy for Spiritism and Humanity, demonstrating that mediumship can be a powerful tool for good and spiritual evolution. Her story reminds us of the importance of cultivating our connection to the Spirit World and to always seek light and love in all that we do. May Yvonne's mediumistic journey continue to inspire and guide us towards a happier and more meaningful life.&nbsp;<\/p>\n<\/div>\n<\/div><\/div>\n\n\n\n<div class=\"wp-block-uagb-container uagb-block-9d961629 alignfull uagb-is-root-container\"><div class=\"uagb-container-inner-blocks-wrap\"><\/div><\/div>\n\n\n\n<div class=\"wp-block-uagb-container uagb-block-97995911 alignfull uagb-is-root-container\"><div class=\"uagb-container-inner-blocks-wrap\"><\/div><\/div>","protected":false},"excerpt":{"rendered":"<p>Yvonne do Amaral Pereira&nbsp; Nacida el 24 de diciembre de 1900 en Valen\u00e7a, R\u00edo de Janeiro, Yvonne do Amaral Pereira fue una costurera y m\u00e9dium brasile\u00f1a, autora de varios libros de psicograf\u00eda. Muri\u00f3 el 9 de marzo de 1984 (a los 83 a\u00f1os) en R\u00edo de Janeiro.&nbsp;Yvonne do Amaral Pereira fue una m\u00e9dium brasile\u00f1a conocida [&hellip;]<\/p>","protected":false},"author":1,"featured_media":0,"parent":0,"menu_order":0,"comment_status":"closed","ping_status":"closed","template":"","meta":{"_uag_custom_page_level_css":"","site-sidebar-layout":"default","site-content-layout":"","ast-site-content-layout":"default","site-content-style":"default","site-sidebar-style":"default","ast-global-header-display":"","ast-banner-title-visibility":"","ast-main-header-display":"","ast-hfb-above-header-display":"","ast-hfb-below-header-display":"","ast-hfb-mobile-header-display":"","site-post-title":"disabled","ast-breadcrumbs-content":"","ast-featured-img":"","footer-sml-layout":"","theme-transparent-header-meta":"","adv-header-id-meta":"","stick-header-meta":"","header-above-stick-meta":"","header-main-stick-meta":"","header-below-stick-meta":"","astra-migrate-meta-layouts":"set","ast-page-background-enabled":"default","ast-page-background-meta":{"desktop":{"background-color":"var(--ast-global-color-4)","background-image":"","background-repeat":"repeat","background-position":"center center","background-size":"auto","background-attachment":"scroll","background-type":"","background-media":"","overlay-type":"","overlay-color":"","overlay-opacity":"","overlay-gradient":""},"tablet":{"background-color":"","background-image":"","background-repeat":"repeat","background-position":"center center","background-size":"auto","background-attachment":"scroll","background-type":"","background-media":"","overlay-type":"","overlay-color":"","overlay-opacity":"","overlay-gradient":""},"mobile":{"background-color":"","background-image":"","background-repeat":"repeat","background-position":"center center","background-size":"auto","background-attachment":"scroll","background-type":"","background-media":"","overlay-type":"","overlay-color":"","overlay-opacity":"","overlay-gradient":""}},"ast-content-background-meta":{"desktop":{"background-color":"var(--ast-global-color-5)","background-image":"","background-repeat":"repeat","background-position":"center center","background-size":"auto","background-attachment":"scroll","background-type":"","background-media":"","overlay-type":"","overlay-color":"","overlay-opacity":"","overlay-gradient":""},"tablet":{"background-color":"var(--ast-global-color-5)","background-image":"","background-repeat":"repeat","background-position":"center center","background-size":"auto","background-attachment":"scroll","background-type":"","background-media":"","overlay-type":"","overlay-color":"","overlay-opacity":"","overlay-gradient":""},"mobile":{"background-color":"var(--ast-global-color-5)","background-image":"","background-repeat":"repeat","background-position":"center center","background-size":"auto","background-attachment":"scroll","background-type":"","background-media":"","overlay-type":"","overlay-color":"","overlay-opacity":"","overlay-gradient":""}},"footnotes":""},"class_list":["post-3134","page","type-page","status-publish","hentry"],"yoast_head":"<!-- This site is optimized with the Yoast SEO Premium plugin v24.2 (Yoast SEO v24.6) - https:\/\/yoast.com\/wordpress\/plugins\/seo\/ -->\n<title>Yvonne do Amaral Pereira - Uni\u00f3n Esp\u00edrita<\/title>\n<meta name=\"robots\" content=\"index, follow, max-snippet:-1, max-image-preview:large, max-video-preview:-1\" \/>\n<link rel=\"canonical\" href=\"https:\/\/nuevo-renacer.com\/en\/yvonne-do-amaral-pereira\/\" \/>\n<meta property=\"og:locale\" content=\"en_GB\" \/>\n<meta property=\"og:type\" content=\"article\" \/>\n<meta property=\"og:title\" content=\"Yvonne do Amaral Pereira\" \/>\n<meta property=\"og:description\" content=\"Yvonne do Amaral Pereira&nbsp; Nacida el 24 de diciembre de 1900 en Valen\u00e7a, R\u00edo de Janeiro, Yvonne do Amaral Pereira fue una costurera y m\u00e9dium brasile\u00f1a, autora de varios libros de psicograf\u00eda. Muri\u00f3 el 9 de marzo de 1984 (a los 83 a\u00f1os) en R\u00edo de Janeiro.&nbsp;Yvonne do Amaral Pereira fue una m\u00e9dium brasile\u00f1a conocida [&hellip;]\" \/>\n<meta property=\"og:url\" content=\"https:\/\/nuevo-renacer.com\/en\/yvonne-do-amaral-pereira\/\" \/>\n<meta property=\"og:site_name\" content=\"Uni\u00f3n Esp\u00edrita\" \/>\n<meta property=\"article:publisher\" content=\"https:\/\/www.facebook.com\/groups\/3431398063740829\" \/>\n<meta property=\"article:modified_time\" content=\"2025-06-13T10:29:05+00:00\" \/>\n<meta property=\"og:image\" content=\"https:\/\/nuevo-renacer.com\/wp-content\/uploads\/2024\/07\/Yvonne_do_Amaral_Pereira_foto.jpg\" \/>\n<meta name=\"twitter:card\" content=\"summary_large_image\" \/>\n<meta name=\"twitter:label1\" content=\"Estimated reading time\" \/>\n\t<meta name=\"twitter:data1\" content=\"8 minutes\" \/>\n<script type=\"application\/ld+json\" class=\"yoast-schema-graph\">{\"@context\":\"https:\/\/schema.org\",\"@graph\":[{\"@type\":\"WebPage\",\"@id\":\"https:\/\/nuevo-renacer.com\/yvonne-do-amaral-pereira\/\",\"url\":\"https:\/\/nuevo-renacer.com\/yvonne-do-amaral-pereira\/\",\"name\":\"Yvonne do Amaral Pereira - Uni\u00f3n Esp\u00edrita\",\"isPartOf\":{\"@id\":\"https:\/\/nuevo-renacer.com\/#website\"},\"primaryImageOfPage\":{\"@id\":\"https:\/\/nuevo-renacer.com\/yvonne-do-amaral-pereira\/#primaryimage\"},\"image\":{\"@id\":\"https:\/\/nuevo-renacer.com\/yvonne-do-amaral-pereira\/#primaryimage\"},\"thumbnailUrl\":\"https:\/\/nuevo-renacer.com\/wp-content\/uploads\/2024\/07\/Yvonne_do_Amaral_Pereira_foto.jpg\",\"datePublished\":\"2024-07-06T13:01:08+00:00\",\"dateModified\":\"2025-06-13T10:29:05+00:00\",\"breadcrumb\":{\"@id\":\"https:\/\/nuevo-renacer.com\/yvonne-do-amaral-pereira\/#breadcrumb\"},\"inLanguage\":\"en-GB\",\"potentialAction\":[{\"@type\":\"ReadAction\",\"target\":[\"https:\/\/nuevo-renacer.com\/yvonne-do-amaral-pereira\/\"]}]},{\"@type\":\"ImageObject\",\"inLanguage\":\"en-GB\",\"@id\":\"https:\/\/nuevo-renacer.com\/yvonne-do-amaral-pereira\/#primaryimage\",\"url\":\"https:\/\/nuevo-renacer.com\/wp-content\/uploads\/2024\/07\/Yvonne_do_Amaral_Pereira_foto.jpg\",\"contentUrl\":\"https:\/\/nuevo-renacer.com\/wp-content\/uploads\/2024\/07\/Yvonne_do_Amaral_Pereira_foto.jpg\"},{\"@type\":\"BreadcrumbList\",\"@id\":\"https:\/\/nuevo-renacer.com\/yvonne-do-amaral-pereira\/#breadcrumb\",\"itemListElement\":[{\"@type\":\"ListItem\",\"position\":1,\"name\":\"Startseite\",\"item\":\"https:\/\/nuevo-renacer.com\/\"},{\"@type\":\"ListItem\",\"position\":2,\"name\":\"Yvonne do Amaral Pereira\"}]},{\"@type\":\"WebSite\",\"@id\":\"https:\/\/nuevo-renacer.com\/#website\",\"url\":\"https:\/\/nuevo-renacer.com\/\",\"name\":\"Uni\u00f3n Esp\u00edrita\",\"description\":\"Nuevo Renacer\",\"publisher\":{\"@id\":\"https:\/\/nuevo-renacer.com\/#organization\"},\"potentialAction\":[{\"@type\":\"SearchAction\",\"target\":{\"@type\":\"EntryPoint\",\"urlTemplate\":\"https:\/\/nuevo-renacer.com\/?s={search_term_string}\"},\"query-input\":{\"@type\":\"PropertyValueSpecification\",\"valueRequired\":true,\"valueName\":\"search_term_string\"}}],\"inLanguage\":\"en-GB\"},{\"@type\":\"Organization\",\"@id\":\"https:\/\/nuevo-renacer.com\/#organization\",\"name\":\"UFEC\",\"url\":\"https:\/\/nuevo-renacer.com\/\",\"logo\":{\"@type\":\"ImageObject\",\"inLanguage\":\"en-GB\",\"@id\":\"https:\/\/nuevo-renacer.com\/#\/schema\/logo\/image\/\",\"url\":\"https:\/\/nuevo-renacer.com\/wp-content\/uploads\/2024\/05\/cropped-LOGO-TERMINADO1-3-3.png\",\"contentUrl\":\"https:\/\/nuevo-renacer.com\/wp-content\/uploads\/2024\/05\/cropped-LOGO-TERMINADO1-3-3.png\",\"width\":512,\"height\":512,\"caption\":\"UFEC\"},\"image\":{\"@id\":\"https:\/\/nuevo-renacer.com\/#\/schema\/logo\/image\/\"},\"sameAs\":[\"https:\/\/www.facebook.com\/groups\/3431398063740829\"]}]}<\/script>\n<!-- \/ Yoast SEO Premium plugin. -->","yoast_head_json":{"title":"Yvonne do Amaral Pereira - Uni\u00f3n Esp\u00edrita","robots":{"index":"index","follow":"follow","max-snippet":"max-snippet:-1","max-image-preview":"max-image-preview:large","max-video-preview":"max-video-preview:-1"},"canonical":"https:\/\/nuevo-renacer.com\/en\/yvonne-do-amaral-pereira\/","og_locale":"en_GB","og_type":"article","og_title":"Yvonne do Amaral Pereira","og_description":"Yvonne do Amaral Pereira&nbsp; Nacida el 24 de diciembre de 1900 en Valen\u00e7a, R\u00edo de Janeiro, Yvonne do Amaral Pereira fue una costurera y m\u00e9dium brasile\u00f1a, autora de varios libros de psicograf\u00eda. Muri\u00f3 el 9 de marzo de 1984 (a los 83 a\u00f1os) en R\u00edo de Janeiro.&nbsp;Yvonne do Amaral Pereira fue una m\u00e9dium brasile\u00f1a conocida [&hellip;]","og_url":"https:\/\/nuevo-renacer.com\/en\/yvonne-do-amaral-pereira\/","og_site_name":"Uni\u00f3n Esp\u00edrita","article_publisher":"https:\/\/www.facebook.com\/groups\/3431398063740829","article_modified_time":"2025-06-13T10:29:05+00:00","og_image":[{"url":"https:\/\/nuevo-renacer.com\/wp-content\/uploads\/2024\/07\/Yvonne_do_Amaral_Pereira_foto.jpg","type":"","width":"","height":""}],"twitter_card":"summary_large_image","twitter_misc":{"Estimated reading time":"8 minutes"},"schema":{"@context":"https:\/\/schema.org","@graph":[{"@type":"WebPage","@id":"https:\/\/nuevo-renacer.com\/yvonne-do-amaral-pereira\/","url":"https:\/\/nuevo-renacer.com\/yvonne-do-amaral-pereira\/","name":"Yvonne do Amaral Pereira - Uni\u00f3n Esp\u00edrita","isPartOf":{"@id":"https:\/\/nuevo-renacer.com\/#website"},"primaryImageOfPage":{"@id":"https:\/\/nuevo-renacer.com\/yvonne-do-amaral-pereira\/#primaryimage"},"image":{"@id":"https:\/\/nuevo-renacer.com\/yvonne-do-amaral-pereira\/#primaryimage"},"thumbnailUrl":"https:\/\/nuevo-renacer.com\/wp-content\/uploads\/2024\/07\/Yvonne_do_Amaral_Pereira_foto.jpg","datePublished":"2024-07-06T13:01:08+00:00","dateModified":"2025-06-13T10:29:05+00:00","breadcrumb":{"@id":"https:\/\/nuevo-renacer.com\/yvonne-do-amaral-pereira\/#breadcrumb"},"inLanguage":"en-GB","potentialAction":[{"@type":"ReadAction","target":["https:\/\/nuevo-renacer.com\/yvonne-do-amaral-pereira\/"]}]},{"@type":"ImageObject","inLanguage":"en-GB","@id":"https:\/\/nuevo-renacer.com\/yvonne-do-amaral-pereira\/#primaryimage","url":"https:\/\/nuevo-renacer.com\/wp-content\/uploads\/2024\/07\/Yvonne_do_Amaral_Pereira_foto.jpg","contentUrl":"https:\/\/nuevo-renacer.com\/wp-content\/uploads\/2024\/07\/Yvonne_do_Amaral_Pereira_foto.jpg"},{"@type":"BreadcrumbList","@id":"https:\/\/nuevo-renacer.com\/yvonne-do-amaral-pereira\/#breadcrumb","itemListElement":[{"@type":"ListItem","position":1,"name":"Startseite","item":"https:\/\/nuevo-renacer.com\/"},{"@type":"ListItem","position":2,"name":"Yvonne do Amaral Pereira"}]},{"@type":"WebSite","@id":"https:\/\/nuevo-renacer.com\/#website","url":"https:\/\/nuevo-renacer.com\/","name":"Uni\u00f3n Esp\u00edrita","description":"Nuevo Renacer","publisher":{"@id":"https:\/\/nuevo-renacer.com\/#organization"},"potentialAction":[{"@type":"SearchAction","target":{"@type":"EntryPoint","urlTemplate":"https:\/\/nuevo-renacer.com\/?s={search_term_string}"},"query-input":{"@type":"PropertyValueSpecification","valueRequired":true,"valueName":"search_term_string"}}],"inLanguage":"en-GB"},{"@type":"Organization","@id":"https:\/\/nuevo-renacer.com\/#organization","name":"UFEC","url":"https:\/\/nuevo-renacer.com\/","logo":{"@type":"ImageObject","inLanguage":"en-GB","@id":"https:\/\/nuevo-renacer.com\/#\/schema\/logo\/image\/","url":"https:\/\/nuevo-renacer.com\/wp-content\/uploads\/2024\/05\/cropped-LOGO-TERMINADO1-3-3.png","contentUrl":"https:\/\/nuevo-renacer.com\/wp-content\/uploads\/2024\/05\/cropped-LOGO-TERMINADO1-3-3.png","width":512,"height":512,"caption":"UFEC"},"image":{"@id":"https:\/\/nuevo-renacer.com\/#\/schema\/logo\/image\/"},"sameAs":["https:\/\/www.facebook.com\/groups\/3431398063740829"]}]}},"uagb_featured_image_src":{"full":false,"thumbnail":false,"medium":false,"medium_large":false,"large":false,"1536x1536":false,"2048x2048":false,"trp-custom-language-flag":false},"uagb_author_info":{"display_name":"adbv0","author_link":"https:\/\/nuevo-renacer.com\/en\/author\/adbv0\/"},"uagb_comment_info":0,"uagb_excerpt":"Yvonne do Amaral Pereira&nbsp; Nacida el 24 de diciembre de 1900 en Valen\u00e7a, R\u00edo de Janeiro, Yvonne do Amaral Pereira fue una costurera y m\u00e9dium brasile\u00f1a, autora de varios libros de psicograf\u00eda. Muri\u00f3 el 9 de marzo de 1984 (a los 83 a\u00f1os) en R\u00edo de Janeiro.&nbsp;Yvonne do Amaral Pereira fue una m\u00e9dium brasile\u00f1a conocida&hellip;","jetpack_sharing_enabled":true,"_links":{"self":[{"href":"https:\/\/nuevo-renacer.com\/en\/wp-json\/wp\/v2\/pages\/3134","targetHints":{"allow":["GET"]}}],"collection":[{"href":"https:\/\/nuevo-renacer.com\/en\/wp-json\/wp\/v2\/pages"}],"about":[{"href":"https:\/\/nuevo-renacer.com\/en\/wp-json\/wp\/v2\/types\/page"}],"author":[{"embeddable":true,"href":"https:\/\/nuevo-renacer.com\/en\/wp-json\/wp\/v2\/users\/1"}],"replies":[{"embeddable":true,"href":"https:\/\/nuevo-renacer.com\/en\/wp-json\/wp\/v2\/comments?post=3134"}],"version-history":[{"count":4,"href":"https:\/\/nuevo-renacer.com\/en\/wp-json\/wp\/v2\/pages\/3134\/revisions"}],"predecessor-version":[{"id":8341,"href":"https:\/\/nuevo-renacer.com\/en\/wp-json\/wp\/v2\/pages\/3134\/revisions\/8341"}],"wp:attachment":[{"href":"https:\/\/nuevo-renacer.com\/en\/wp-json\/wp\/v2\/media?parent=3134"}],"curies":[{"name":"wp","href":"https:\/\/api.w.org\/{rel}","templated":true}]}}