{"id":3130,"date":"2024-07-06T12:55:46","date_gmt":"2024-07-06T12:55:46","guid":{"rendered":"https:\/\/ufec-mundial.com\/?page_id=3130"},"modified":"2026-04-20T19:15:18","modified_gmt":"2026-04-20T19:15:18","slug":"victor-hugo","status":"publish","type":"page","link":"https:\/\/nuevo-renacer.com\/en\/victor-hugo\/","title":{"rendered":"V\u00edctor Hugo"},"content":{"rendered":"<div class=\"wp-block-uagb-container uagb-block-0a16b732 alignfull uagb-is-root-container\"><div class=\"uagb-container-inner-blocks-wrap\">\n<p class=\"has-black-color has-text-color has-link-color has-medium-font-size wp-elements-fb2d57bd8788c02cc94f3a2e28ceeef4\"><strong>V\u00edctor Hugo<\/strong>&nbsp;<\/p>\n<\/div><\/div>\n\n\n\n<div class=\"wp-block-uagb-container uagb-block-1f015221 alignfull uagb-is-root-container\"><div class=\"uagb-container-inner-blocks-wrap\">\n<div class=\"wp-block-uagb-image alignleft uagb-block-8863a287 wp-block-uagb-image--layout-default wp-block-uagb-image--effect-static wp-block-uagb-image--align-left\"><figure class=\"wp-block-uagb-image__figure\"><img loading=\"lazy\" decoding=\"async\" srcset=\"https:\/\/nuevo-renacer.com\/wp-content\/uploads\/2026\/04\/Victor-Hugo.jpg ,https:\/\/nuevo-renacer.com\/wp-content\/uploads\/2026\/04\/Victor-Hugo.jpg 780w, https:\/\/nuevo-renacer.com\/wp-content\/uploads\/2026\/04\/Victor-Hugo.jpg 360w\" sizes=\"auto, (max-width: 480px) 150px\" src=\"https:\/\/nuevo-renacer.com\/wp-content\/uploads\/2026\/04\/Victor-Hugo.jpg\" alt=\"\" class=\"uag-image-8901\" width=\"198\" height=\"262\" title=\"Victor Hugo\" role=\"img\"\/><\/figure><\/div>\n<\/div><\/div>\n\n\n\n<div class=\"wp-block-uagb-container uagb-block-9f2d6657 alignfull uagb-is-root-container\"><div class=\"uagb-container-inner-blocks-wrap\">\n<p class=\"has-black-color has-text-color has-link-color has-small-font-size wp-elements-d96136d9f0c9a8a953db7ae29c07949f\">Victor-Marie Hugo was born in Besan\u00e7on, France, on 26 February 1802. The son of Count Joseph L\u00e9opold-Sigisbert Hugo, Napoleon's general, and Sophie Tr\u00e9bucher, he spent most of his childhood outside France, in constant travels, which were part of his father's life. In addition to being a great novelist, poet, playwright and draughtsman, he was a man deeply interested in Spiritism. Following the loss of his daughter, he undertook the task of communicating with her beyond death.&nbsp;<\/p>\n\n\n\n<div class=\"wp-block-group is-layout-constrained wp-block-group-is-layout-constrained\">\n<p class=\"has-black-color has-text-color has-link-color has-small-font-size wp-elements-84c11809b792f3c780e23b3cacbe338d\">In November 1853, Victor Hugo wrote in his diary: <\/p>\n\n\n\n<p class=\"has-black-color has-text-color has-link-color has-small-font-size wp-elements-b412fcc5fc59c6fadaa6c5973bc8cf87\"><em>\"Heaven, through these spiritist s\u00e9ances, has given me back the person I have loved the most in my life: my daughter L\u00e9opoldine\".<\/em>.&nbsp;<\/p>\n<\/div>\n\n\n\n<p class=\"has-black-color has-text-color has-link-color has-small-font-size wp-elements-99d9a7fa186c429137cbce468e678bd9\">In 1843, Victor Hugo's eldest daughter married Charles Vacquerie, a wealthy, good-looking young man with certain literary interests that he euphorically shared with his father-in-law. On a warm, blue September 4, 1843, barely ten months after the wedding - she was already pregnant - L\u00e9opoldine and Charles boarded a boat at Villequier on the Seine. A few hours later, the boat capsized in the meandering river. L\u00e9opoldine sank and Charles searched for her without success. He was able to save himself, but probably in despair, he let himself be swept away.&nbsp;<\/p>\n\n\n\n<p class=\"has-black-color has-text-color has-link-color has-small-font-size wp-elements-10b95b7f8bf0fe59d7ac2c847776ea6e\">Victor Hugo was at the time travelling in northern Spain, accompanied by his mistress, Juliette Drouet. Following their walk, the poet and his lover arrived at the village of Soubise and went to dine in a local restaurant. A Parisian newspaper, the Charivari, was forgotten on the next table. In what Victor Hugo called \"the most terrifying moment of my life\", he read the headline: \"Victor Hugo's daughter drowned in the Seine\". That night, he wrote a single sentence in his diary: \"My God, what have I done to you?\" After successive efforts to adapt to the tyrannical regime of Napoleon III and under real threat of arrest, he decided that he and his family could no longer remain in Paris and in 1851 they escaped to Brussels and 2 years later, settled on the island of Jersey.&nbsp;<\/p>\n\n\n\n<p class=\"has-black-color has-text-color has-link-color has-small-font-size wp-elements-b0d8380112240791d7311845681297da\">Only a few months after they had settled in, Delphine de Girardin, a friend of the family for many years, who had recently shown herself to be an accomplished medium for summoning the spirits of the dead, came to visit them. Victor Hugo was initially sceptical, but listened attentively to Delphine's procedure. Delphine asked to see the table they considered appropriate. It was a small square table with four legs. Delphine burst out laughing: <em>\"No spirit could manifest itself in it, no matter how heavy it might be\".<\/em>. Unfortunately, the house had not been furnished by a specialist in the occult. So, in order not to risk a bad experience, Delphine went to Saint-H\u00e9lier that same afternoon and tirelessly scoured the furniture shops until she found a very small round table with three legs. And that same evening they tried the first session, with no success.&nbsp;<\/p>\n\n\n\n<p class=\"has-black-color has-text-color has-link-color has-small-font-size wp-elements-3523aca262d562cb97b57d5463faf251\">The next day the same thing happened. For four days, the group - to which Hugo's children had been added - insisted for hours on end without receiving the slightest response from the \"other\" world. Victor Hugo became bored and kept getting up from the table. Finally, on Sunday 11 September 1853 (ten years after L\u00e9opoldine's death), the little table began to emit words through the tapping on the floor. Present, in addition to Delphine, were Victor Hugo, his wife, his children, and General Auguste Vacquerie, the uncle of L\u00e9opoldine's husband.&nbsp;<\/p>\n\n\n\n<div class=\"wp-block-group is-layout-constrained wp-block-group-is-layout-constrained\">\n<p class=\"has-black-color has-text-color has-link-color has-small-font-size wp-elements-d03a884a6c5ce67fc079136153f53408\">On one occasion his daughter Ad\u00e8le asked Victor Hugo: &nbsp;<\/p>\n\n\n\n<p class=\"has-black-color has-text-color has-link-color has-small-font-size wp-elements-37770837785f656753eee750fefd3d80\">\"What's on that table that it can do what it does?\" and he replied, \"There's life there\".&nbsp;<\/p>\n<\/div>\n\n\n\n<p class=\"has-black-color has-text-color has-link-color has-small-font-size wp-elements-c35d4ad2460f7d86c94344015c2ae4ec\">At first, the messages were brief, scattered, fragmentary, almost incoherent. Suddenly Auguste Vacquerie asked the table: Guess what word I am thinking of. The table knocked: \"sufferings\". That was not the word, Vacquerie said. He had thought of \"love\". But over the next few minutes the table's movements became more abrupt. &nbsp;<\/p>\n\n\n\n<div class=\"wp-block-group is-layout-constrained wp-block-group-is-layout-constrained\">\n<div class=\"wp-block-group is-layout-constrained wp-block-group-is-layout-constrained\">\n<p class=\"has-black-color has-text-color has-link-color has-small-font-size wp-elements-528dbce06b0f2de59f9c179fd10fa790\"><strong>Are you still the same spirit that was there (asked Delphine)? &nbsp;<\/strong><\/p>\n\n\n\n<p class=\"has-black-color has-text-color has-link-color has-small-font-size wp-elements-8a1d3f8d0cc43dd09763069275454c3b\"><em>No (answered the Spirit) &nbsp;<\/em><\/p>\n\n\n\n<p class=\"has-black-color has-text-color has-link-color has-small-font-size wp-elements-65332527843854314121c110c424ca48\"><strong>Who are you (asked Victor Hugo)? &nbsp;<\/strong><\/p>\n\n\n\n<p class=\"has-black-color has-text-color has-link-color has-small-font-size wp-elements-a5381cd4530a7ad0a0b1241fa2febca2\">The answer came quickly: &nbsp;<\/p>\n\n\n\n<p class=\"has-black-color has-text-color has-link-color has-small-font-size wp-elements-45a0621a477d2161c1c27c54512a3388\"><em>Dead Girl. &nbsp;<\/em><\/p>\n\n\n\n<p class=\"has-black-color has-text-color has-link-color has-small-font-size wp-elements-ca31ab2392584732364731979bc7614d\">And Victor Hugo asked again: &nbsp;<\/p>\n\n\n\n<p class=\"has-black-color has-text-color has-link-color has-small-font-size wp-elements-c09cb7b6b85e1b2e8172250f6a1eb903\"><strong>Your name? &nbsp;<\/strong><\/p>\n\n\n\n<p class=\"has-black-color has-text-color has-link-color has-small-font-size wp-elements-d6404f03f1584e11cadd2737e06b0175\">The table banged: &nbsp;<\/p>\n\n\n\n<p class=\"has-black-color has-text-color has-link-color has-small-font-size wp-elements-97db53d354ecba57988aa66db0fb9e2c\"><em>L.\u00c9.O.P.O.L.D.I.N.E. &nbsp;<\/em><\/p>\n<\/div>\n<\/div>\n\n\n\n<p class=\"has-black-color has-text-color has-link-color has-small-font-size wp-elements-bf1e7cbe02ff119e6c41b30e39ce6df9\">Then followed more questions from Victor Hugo and answers from his daughter in spirit.&nbsp;<\/p>\n\n\n\n<p class=\"has-black-color has-text-color has-link-color has-small-font-size wp-elements-69fc21152671432327f4e71a11ed63e1\">After that first session with the spirit of L\u00e9opoldine \u2013 who returned with very similar messages - Victor Hugo had occasion to converse with Shakespeare, Moli\u00e8re, Mozart, Dante, Aeschylus, Plato, Galileo, Napoleon (the great), Joshua, Luther, and other personalities. Some of these conversations are admirable and others fall into the tedious. But this Victor Hugo seemed to take on board as part of the supernatural phenomenon and it did not seem to sap his enthusiasm. Thus, for example, when he asked Luther about his doubts about the veracity and appropriateness of the s\u00e9ances and the characters who appeared in them, he replied: \"Don't be afraid to doubt. Doubt everything even more. Avoid certainties. Shakespeare doubted and created Hamlet. Cervantes doubted and created Don Quixote. Dante doubted and created Inferno. Aeschylus doubted and created Prometheus. I doubted and created a religion\".&nbsp;<\/p>\n\n\n\n<p class=\"has-black-color has-text-color has-link-color has-small-font-size wp-elements-2e67a4b4ecc1af41ebd7b4c441be81d3\">He would spend hours and hours \u2013 sometimes even whole nights, until it was \"daylight\" \u2013 transcribing, in a great euphoria, the dialogues of the sessions.&nbsp;<\/p>\n\n\n\n<div class=\"wp-block-group is-layout-constrained wp-block-group-is-layout-constrained\">\n<p class=\"has-black-color has-text-color has-link-color has-small-font-size wp-elements-16f05c3e268264fac1b707095be3c194\">Victor Hugo wrote: <\/p>\n\n\n\n<p class=\"has-black-color has-text-color has-link-color has-small-font-size wp-elements-1d7d6e0c03d7bd41c6eee2d5eacc848b\"><em>\"At night my studio is filled with strange noises. There are knocks on the wall. Papers fly inexplicably. Lamps go out by themselves\".<\/em>. Tambi\u00e9n anot\u00f3 que cuando se despertaba por la noche, tem\u00eda encontrarse con los seres que se manifestaban en las sesiones.&nbsp;<\/p>\n<\/div>\n\n\n\n<p class=\"has-black-color has-text-color has-link-color has-small-font-size wp-elements-2833c57fcd25833f8dda8f4d4cd42769\">As expected, the family doctor advised them to abandon the spiritist practices. Madame Hugo decreed one fine day to discontinue them.&nbsp;<\/p>\n\n\n\n<div class=\"wp-block-group is-layout-constrained wp-block-group-is-layout-constrained\">\n<p class=\"has-black-color has-text-color has-link-color has-small-font-size wp-elements-fb1f1f36a80712e2346fbda29d56dea8\">In a note in his diary, Victor Hugo wrote:&nbsp;<\/p>\n\n\n\n<p class=\"has-black-color has-text-color has-link-color has-small-font-size wp-elements-9b55cd1bae89929dbbb8825ef983a9d6\">&nbsp;<em>\"Today I can only attest to the existence of a phenomenon that manifests itself through the twists and turns of a pedestal table: the existence of many other worlds \u2013 perhaps closer to our own than we suppose - and of the eternity of souls. Needless to say, I have never mixed into my work a single line emanating from that Mystery. I have always left such material, scrupulously, to the Unknown, whence it came. I did not even admit a faint reflection of its lights in my writing. The work of human reason must stand apart from these inscrutable phenomena and never attempt to appropriate them. It could not do so. The manifestations of the invisible are a fact, I have proved. The creations of human thought are other, very different...\".<\/em>&nbsp;<\/p>\n<\/div>\n<\/div><\/div>\n\n\n\n<div class=\"wp-block-uagb-container uagb-block-9e7f7a39 alignfull uagb-is-root-container\"><div class=\"uagb-container-inner-blocks-wrap\"><\/div><\/div>\n\n\n\n<div class=\"wp-block-uagb-container uagb-block-2d060bdb alignfull uagb-is-root-container\"><div class=\"uagb-container-inner-blocks-wrap\"><\/div><\/div>","protected":false},"excerpt":{"rendered":"<p>V\u00edctor Hugo&nbsp; Victor-Marie Hugo naci\u00f3 en Besan\u00e7on, Francia, el 26 de febrero de 1802. Hijo del conde Joseph L\u00e9opold-Sigisbert Hugo, general de Napole\u00f3n, y Sophie Tr\u00e9bucher, pas\u00f3 casi toda su infancia fuera de Francia, en viajes constantes, que formaban parte de la vida de su padre.&nbsp;Adem\u00e1s de gran novelista, poeta, dramaturgo y dibujante; fue un [&hellip;]<\/p>","protected":false},"author":1,"featured_media":0,"parent":0,"menu_order":0,"comment_status":"closed","ping_status":"closed","template":"","meta":{"_uag_custom_page_level_css":"","site-sidebar-layout":"default","site-content-layout":"","ast-site-content-layout":"default","site-content-style":"default","site-sidebar-style":"default","ast-global-header-display":"","ast-banner-title-visibility":"","ast-main-header-display":"","ast-hfb-above-header-display":"","ast-hfb-below-header-display":"","ast-hfb-mobile-header-display":"","site-post-title":"disabled","ast-breadcrumbs-content":"","ast-featured-img":"","footer-sml-layout":"","theme-transparent-header-meta":"","adv-header-id-meta":"","stick-header-meta":"","header-above-stick-meta":"","header-main-stick-meta":"","header-below-stick-meta":"","astra-migrate-meta-layouts":"set","ast-page-background-enabled":"default","ast-page-background-meta":{"desktop":{"background-color":"var(--ast-global-color-4)","background-image":"","background-repeat":"repeat","background-position":"center center","background-size":"auto","background-attachment":"scroll","background-type":"","background-media":"","overlay-type":"","overlay-color":"","overlay-opacity":"","overlay-gradient":""},"tablet":{"background-color":"","background-image":"","background-repeat":"repeat","background-position":"center center","background-size":"auto","background-attachment":"scroll","background-type":"","background-media":"","overlay-type":"","overlay-color":"","overlay-opacity":"","overlay-gradient":""},"mobile":{"background-color":"","background-image":"","background-repeat":"repeat","background-position":"center center","background-size":"auto","background-attachment":"scroll","background-type":"","background-media":"","overlay-type":"","overlay-color":"","overlay-opacity":"","overlay-gradient":""}},"ast-content-background-meta":{"desktop":{"background-color":"var(--ast-global-color-5)","background-image":"","background-repeat":"repeat","background-position":"center center","background-size":"auto","background-attachment":"scroll","background-type":"","background-media":"","overlay-type":"","overlay-color":"","overlay-opacity":"","overlay-gradient":""},"tablet":{"background-color":"var(--ast-global-color-5)","background-image":"","background-repeat":"repeat","background-position":"center center","background-size":"auto","background-attachment":"scroll","background-type":"","background-media":"","overlay-type":"","overlay-color":"","overlay-opacity":"","overlay-gradient":""},"mobile":{"background-color":"var(--ast-global-color-5)","background-image":"","background-repeat":"repeat","background-position":"center center","background-size":"auto","background-attachment":"scroll","background-type":"","background-media":"","overlay-type":"","overlay-color":"","overlay-opacity":"","overlay-gradient":""}},"footnotes":""},"class_list":["post-3130","page","type-page","status-publish","hentry"],"yoast_head":"<!-- This site is optimized with the Yoast SEO Premium plugin v24.2 (Yoast SEO v24.6) - https:\/\/yoast.com\/wordpress\/plugins\/seo\/ -->\n<title>V\u00edctor Hugo - Uni\u00f3n Esp\u00edrita<\/title>\n<meta name=\"robots\" content=\"index, follow, max-snippet:-1, max-image-preview:large, max-video-preview:-1\" \/>\n<link rel=\"canonical\" href=\"https:\/\/nuevo-renacer.com\/en\/victor-hugo\/\" \/>\n<meta property=\"og:locale\" content=\"en_GB\" \/>\n<meta property=\"og:type\" content=\"article\" \/>\n<meta property=\"og:title\" content=\"V\u00edctor Hugo\" \/>\n<meta property=\"og:description\" content=\"V\u00edctor Hugo&nbsp; Victor-Marie Hugo naci\u00f3 en Besan\u00e7on, Francia, el 26 de febrero de 1802. Hijo del conde Joseph L\u00e9opold-Sigisbert Hugo, general de Napole\u00f3n, y Sophie Tr\u00e9bucher, pas\u00f3 casi toda su infancia fuera de Francia, en viajes constantes, que formaban parte de la vida de su padre.&nbsp;Adem\u00e1s de gran novelista, poeta, dramaturgo y dibujante; fue un [&hellip;]\" \/>\n<meta property=\"og:url\" content=\"https:\/\/nuevo-renacer.com\/en\/victor-hugo\/\" \/>\n<meta property=\"og:site_name\" content=\"Uni\u00f3n Esp\u00edrita\" \/>\n<meta property=\"article:publisher\" content=\"https:\/\/www.facebook.com\/groups\/3431398063740829\" \/>\n<meta property=\"article:modified_time\" content=\"2026-04-20T19:15:18+00:00\" \/>\n<meta property=\"og:image\" content=\"https:\/\/nuevo-renacer.com\/wp-content\/uploads\/2026\/04\/Victor-Hugo.jpg\" \/>\n<meta name=\"twitter:card\" content=\"summary_large_image\" \/>\n<meta name=\"twitter:label1\" content=\"Estimated reading time\" \/>\n\t<meta name=\"twitter:data1\" content=\"7 minutes\" \/>\n<script type=\"application\/ld+json\" class=\"yoast-schema-graph\">{\"@context\":\"https:\/\/schema.org\",\"@graph\":[{\"@type\":\"WebPage\",\"@id\":\"https:\/\/nuevo-renacer.com\/victor-hugo\/\",\"url\":\"https:\/\/nuevo-renacer.com\/victor-hugo\/\",\"name\":\"V\u00edctor Hugo - Uni\u00f3n Esp\u00edrita\",\"isPartOf\":{\"@id\":\"https:\/\/nuevo-renacer.com\/#website\"},\"primaryImageOfPage\":{\"@id\":\"https:\/\/nuevo-renacer.com\/victor-hugo\/#primaryimage\"},\"image\":{\"@id\":\"https:\/\/nuevo-renacer.com\/victor-hugo\/#primaryimage\"},\"thumbnailUrl\":\"https:\/\/nuevo-renacer.com\/wp-content\/uploads\/2026\/04\/Victor-Hugo.jpg\",\"datePublished\":\"2024-07-06T12:55:46+00:00\",\"dateModified\":\"2026-04-20T19:15:18+00:00\",\"breadcrumb\":{\"@id\":\"https:\/\/nuevo-renacer.com\/victor-hugo\/#breadcrumb\"},\"inLanguage\":\"en-GB\",\"potentialAction\":[{\"@type\":\"ReadAction\",\"target\":[\"https:\/\/nuevo-renacer.com\/victor-hugo\/\"]}]},{\"@type\":\"ImageObject\",\"inLanguage\":\"en-GB\",\"@id\":\"https:\/\/nuevo-renacer.com\/victor-hugo\/#primaryimage\",\"url\":\"https:\/\/nuevo-renacer.com\/wp-content\/uploads\/2026\/04\/Victor-Hugo.jpg\",\"contentUrl\":\"https:\/\/nuevo-renacer.com\/wp-content\/uploads\/2026\/04\/Victor-Hugo.jpg\"},{\"@type\":\"BreadcrumbList\",\"@id\":\"https:\/\/nuevo-renacer.com\/victor-hugo\/#breadcrumb\",\"itemListElement\":[{\"@type\":\"ListItem\",\"position\":1,\"name\":\"Startseite\",\"item\":\"https:\/\/nuevo-renacer.com\/\"},{\"@type\":\"ListItem\",\"position\":2,\"name\":\"V\u00edctor Hugo\"}]},{\"@type\":\"WebSite\",\"@id\":\"https:\/\/nuevo-renacer.com\/#website\",\"url\":\"https:\/\/nuevo-renacer.com\/\",\"name\":\"Uni\u00f3n Esp\u00edrita\",\"description\":\"Nuevo Renacer\",\"publisher\":{\"@id\":\"https:\/\/nuevo-renacer.com\/#organization\"},\"potentialAction\":[{\"@type\":\"SearchAction\",\"target\":{\"@type\":\"EntryPoint\",\"urlTemplate\":\"https:\/\/nuevo-renacer.com\/?s={search_term_string}\"},\"query-input\":{\"@type\":\"PropertyValueSpecification\",\"valueRequired\":true,\"valueName\":\"search_term_string\"}}],\"inLanguage\":\"en-GB\"},{\"@type\":\"Organization\",\"@id\":\"https:\/\/nuevo-renacer.com\/#organization\",\"name\":\"UFEC\",\"url\":\"https:\/\/nuevo-renacer.com\/\",\"logo\":{\"@type\":\"ImageObject\",\"inLanguage\":\"en-GB\",\"@id\":\"https:\/\/nuevo-renacer.com\/#\/schema\/logo\/image\/\",\"url\":\"https:\/\/nuevo-renacer.com\/wp-content\/uploads\/2024\/05\/cropped-LOGO-TERMINADO1-3-3.png\",\"contentUrl\":\"https:\/\/nuevo-renacer.com\/wp-content\/uploads\/2024\/05\/cropped-LOGO-TERMINADO1-3-3.png\",\"width\":512,\"height\":512,\"caption\":\"UFEC\"},\"image\":{\"@id\":\"https:\/\/nuevo-renacer.com\/#\/schema\/logo\/image\/\"},\"sameAs\":[\"https:\/\/www.facebook.com\/groups\/3431398063740829\"]}]}<\/script>\n<!-- \/ Yoast SEO Premium plugin. -->","yoast_head_json":{"title":"V\u00edctor Hugo - Uni\u00f3n Esp\u00edrita","robots":{"index":"index","follow":"follow","max-snippet":"max-snippet:-1","max-image-preview":"max-image-preview:large","max-video-preview":"max-video-preview:-1"},"canonical":"https:\/\/nuevo-renacer.com\/en\/victor-hugo\/","og_locale":"en_GB","og_type":"article","og_title":"V\u00edctor Hugo","og_description":"V\u00edctor Hugo&nbsp; Victor-Marie Hugo naci\u00f3 en Besan\u00e7on, Francia, el 26 de febrero de 1802. Hijo del conde Joseph L\u00e9opold-Sigisbert Hugo, general de Napole\u00f3n, y Sophie Tr\u00e9bucher, pas\u00f3 casi toda su infancia fuera de Francia, en viajes constantes, que formaban parte de la vida de su padre.&nbsp;Adem\u00e1s de gran novelista, poeta, dramaturgo y dibujante; fue un [&hellip;]","og_url":"https:\/\/nuevo-renacer.com\/en\/victor-hugo\/","og_site_name":"Uni\u00f3n Esp\u00edrita","article_publisher":"https:\/\/www.facebook.com\/groups\/3431398063740829","article_modified_time":"2026-04-20T19:15:18+00:00","og_image":[{"url":"https:\/\/nuevo-renacer.com\/wp-content\/uploads\/2026\/04\/Victor-Hugo.jpg","type":"","width":"","height":""}],"twitter_card":"summary_large_image","twitter_misc":{"Estimated reading time":"7 minutes"},"schema":{"@context":"https:\/\/schema.org","@graph":[{"@type":"WebPage","@id":"https:\/\/nuevo-renacer.com\/victor-hugo\/","url":"https:\/\/nuevo-renacer.com\/victor-hugo\/","name":"V\u00edctor Hugo - Uni\u00f3n Esp\u00edrita","isPartOf":{"@id":"https:\/\/nuevo-renacer.com\/#website"},"primaryImageOfPage":{"@id":"https:\/\/nuevo-renacer.com\/victor-hugo\/#primaryimage"},"image":{"@id":"https:\/\/nuevo-renacer.com\/victor-hugo\/#primaryimage"},"thumbnailUrl":"https:\/\/nuevo-renacer.com\/wp-content\/uploads\/2026\/04\/Victor-Hugo.jpg","datePublished":"2024-07-06T12:55:46+00:00","dateModified":"2026-04-20T19:15:18+00:00","breadcrumb":{"@id":"https:\/\/nuevo-renacer.com\/victor-hugo\/#breadcrumb"},"inLanguage":"en-GB","potentialAction":[{"@type":"ReadAction","target":["https:\/\/nuevo-renacer.com\/victor-hugo\/"]}]},{"@type":"ImageObject","inLanguage":"en-GB","@id":"https:\/\/nuevo-renacer.com\/victor-hugo\/#primaryimage","url":"https:\/\/nuevo-renacer.com\/wp-content\/uploads\/2026\/04\/Victor-Hugo.jpg","contentUrl":"https:\/\/nuevo-renacer.com\/wp-content\/uploads\/2026\/04\/Victor-Hugo.jpg"},{"@type":"BreadcrumbList","@id":"https:\/\/nuevo-renacer.com\/victor-hugo\/#breadcrumb","itemListElement":[{"@type":"ListItem","position":1,"name":"Startseite","item":"https:\/\/nuevo-renacer.com\/"},{"@type":"ListItem","position":2,"name":"V\u00edctor Hugo"}]},{"@type":"WebSite","@id":"https:\/\/nuevo-renacer.com\/#website","url":"https:\/\/nuevo-renacer.com\/","name":"Uni\u00f3n Esp\u00edrita","description":"Nuevo Renacer","publisher":{"@id":"https:\/\/nuevo-renacer.com\/#organization"},"potentialAction":[{"@type":"SearchAction","target":{"@type":"EntryPoint","urlTemplate":"https:\/\/nuevo-renacer.com\/?s={search_term_string}"},"query-input":{"@type":"PropertyValueSpecification","valueRequired":true,"valueName":"search_term_string"}}],"inLanguage":"en-GB"},{"@type":"Organization","@id":"https:\/\/nuevo-renacer.com\/#organization","name":"UFEC","url":"https:\/\/nuevo-renacer.com\/","logo":{"@type":"ImageObject","inLanguage":"en-GB","@id":"https:\/\/nuevo-renacer.com\/#\/schema\/logo\/image\/","url":"https:\/\/nuevo-renacer.com\/wp-content\/uploads\/2024\/05\/cropped-LOGO-TERMINADO1-3-3.png","contentUrl":"https:\/\/nuevo-renacer.com\/wp-content\/uploads\/2024\/05\/cropped-LOGO-TERMINADO1-3-3.png","width":512,"height":512,"caption":"UFEC"},"image":{"@id":"https:\/\/nuevo-renacer.com\/#\/schema\/logo\/image\/"},"sameAs":["https:\/\/www.facebook.com\/groups\/3431398063740829"]}]}},"uagb_featured_image_src":{"full":false,"thumbnail":false,"medium":false,"medium_large":false,"large":false,"1536x1536":false,"2048x2048":false,"trp-custom-language-flag":false},"uagb_author_info":{"display_name":"adbv0","author_link":"https:\/\/nuevo-renacer.com\/en\/author\/adbv0\/"},"uagb_comment_info":0,"uagb_excerpt":"V\u00edctor Hugo&nbsp; Victor-Marie Hugo naci\u00f3 en Besan\u00e7on, Francia, el 26 de febrero de 1802. Hijo del conde Joseph L\u00e9opold-Sigisbert Hugo, general de Napole\u00f3n, y Sophie Tr\u00e9bucher, pas\u00f3 casi toda su infancia fuera de Francia, en viajes constantes, que formaban parte de la vida de su padre.&nbsp;Adem\u00e1s de gran novelista, poeta, dramaturgo y dibujante; fue un&hellip;","jetpack_sharing_enabled":true,"_links":{"self":[{"href":"https:\/\/nuevo-renacer.com\/en\/wp-json\/wp\/v2\/pages\/3130","targetHints":{"allow":["GET"]}}],"collection":[{"href":"https:\/\/nuevo-renacer.com\/en\/wp-json\/wp\/v2\/pages"}],"about":[{"href":"https:\/\/nuevo-renacer.com\/en\/wp-json\/wp\/v2\/types\/page"}],"author":[{"embeddable":true,"href":"https:\/\/nuevo-renacer.com\/en\/wp-json\/wp\/v2\/users\/1"}],"replies":[{"embeddable":true,"href":"https:\/\/nuevo-renacer.com\/en\/wp-json\/wp\/v2\/comments?post=3130"}],"version-history":[{"count":7,"href":"https:\/\/nuevo-renacer.com\/en\/wp-json\/wp\/v2\/pages\/3130\/revisions"}],"predecessor-version":[{"id":8902,"href":"https:\/\/nuevo-renacer.com\/en\/wp-json\/wp\/v2\/pages\/3130\/revisions\/8902"}],"wp:attachment":[{"href":"https:\/\/nuevo-renacer.com\/en\/wp-json\/wp\/v2\/media?parent=3130"}],"curies":[{"name":"wp","href":"https:\/\/api.w.org\/{rel}","templated":true}]}}