{"id":3111,"date":"2024-07-06T12:17:31","date_gmt":"2024-07-06T12:17:31","guid":{"rendered":"https:\/\/ufec-mundial.com\/?page_id=3111"},"modified":"2025-11-24T11:24:48","modified_gmt":"2025-11-24T11:24:48","slug":"leon-denis","status":"publish","type":"page","link":"https:\/\/nuevo-renacer.com\/en\/leon-denis\/","title":{"rendered":"L\u00e9on Denis"},"content":{"rendered":"<div class=\"wp-block-uagb-container uagb-block-9bcee35b alignfull uagb-is-root-container\"><div class=\"uagb-container-inner-blocks-wrap\">\n<p class=\"has-black-color has-text-color has-link-color has-medium-font-size wp-elements-dc941b056051222bde2f23ceb5a30eac\"><strong>L\u00e9on Denis \u2013 the successor of Allan Kardec<\/strong>\u00a0<\/p>\n<\/div><\/div>\n\n\n\n<div class=\"wp-block-uagb-container uagb-block-5ede90d5 alignfull uagb-is-root-container\"><div class=\"uagb-container-inner-blocks-wrap\">\n<div class=\"wp-block-uagb-image alignleft uagb-block-14e438f2 wp-block-uagb-image--layout-default wp-block-uagb-image--effect-static wp-block-uagb-image--align-left\"><figure class=\"wp-block-uagb-image__figure\"><img loading=\"lazy\" decoding=\"async\" srcset=\"https:\/\/nuevo-renacer.com\/wp-content\/uploads\/2024\/07\/images-1.jpg ,https:\/\/nuevo-renacer.com\/wp-content\/uploads\/2024\/07\/images-1.jpg 780w, https:\/\/nuevo-renacer.com\/wp-content\/uploads\/2024\/07\/images-1.jpg 360w\" sizes=\"auto, (max-width: 480px) 150px\" src=\"https:\/\/nuevo-renacer.com\/wp-content\/uploads\/2024\/07\/images-1.jpg\" alt=\"\" class=\"uag-image-3112\" width=\"204\" height=\"246\" title=\"\" role=\"img\"\/><\/figure><\/div>\n<\/div><\/div>\n\n\n\n<div class=\"wp-block-uagb-container uagb-block-55ee173a alignfull uagb-is-root-container\"><div class=\"uagb-container-inner-blocks-wrap\">\n<p class=\"has-black-color has-text-color has-link-color has-small-font-size wp-elements-3583efbd2b780b298ce04aa9a9a4f26b\">L\u00e9on Denis was the unquestioned successor of Allan Kardec's work and a tireless disseminator of the Spiritist Doctrine. He was born near the town of Toul, France, on January 1, 1846. His parents were humble but very spiritualised people, especially his mother, Dona Ana Lucia Denis, a woman of incredible qualities who transmitted to him the love of God and the respect for fellow men.&nbsp;<\/p>\n\n\n\n<p class=\"has-black-color has-text-color has-link-color has-small-font-size wp-elements-4440c64aba3058dbadf13acbdd5cab9a\">From an early age he had to work hard to help support the modest household. He also felt from an early age the company of invisible friends who helped him in difficulties and who would never abandon him. He was a self-taught man, training himself intellectually like few other men. He took advantage of every spare minute to read and inform himself, studying and seeking knowledge with a true appetite for wisdom. He divided his time between hard work and reading. He was a quiet, shy and very reserved young man. From an early age he had problems with his eyesight that would later bring him painful moments. He loved music and the arts and was a very sensitive being, always connected with the force of the Greater World.&nbsp;<\/p>\n\n\n\n<p class=\"has-black-color has-text-color has-link-color has-small-font-size wp-elements-36c84154d2748a594aa9353c0f5b2bbb\">One day, at the age of eighteen, he found Kardec's book \"The Spirits' Book\" in a bookshop, and from then on he defined his life, assuming the spiritual commitments he had acquired before reincarnating to spread Spiritism, the Good News sent to us by the Master Jesus. He threw himself into the work and never rested. In 1880 he met Allan Kardec when the latter was visiting his hometown, giving lectures and opening reading circles to promote the systematic study of the Doctrine. This meeting was vital in his life and work.&nbsp;<\/p>\n\n\n\n<p class=\"has-black-color has-text-color has-link-color has-small-font-size wp-elements-fe4611d9d5ba6e5d00e5abcbbee85976\">In 1882 he began to write marvellous texts in which he explained with simplicity the aims of Spiritism, and at the same time he became the champion of the Doctrine, giving lectures and talks in all the towns of France. At that time he faced cruel persecutions from the Catholic Church and from the materialist and positivist groups, the fashionable philosophies of the time. The former called him the son of the devil and threatened him with eternal hell, while the latter mocked his new ideas about the survival of the soul and life in the Spiritual World. L\u00e9on Denis always responded confidently and calmly, never returning the offences received, as Jesus taught us to do.&nbsp;<\/p>\n\n\n\n<p class=\"has-black-color has-text-color has-link-color has-small-font-size wp-elements-b0271d40c5b53bc6e22743f390fada3d\">L\u00e9on Denis wrote many wonderful books, all of them of a spiritualist character, among which we shall name:&nbsp;<\/p>\n\n\n\n<div class=\"wp-block-group is-layout-constrained wp-block-group-is-layout-constrained\">\n<p class=\"has-black-color has-text-color has-link-color has-small-font-size wp-elements-70076c693cdeea27a83251656f93cd45\">\u2022 \u201cThe because of Life\" (1884)&nbsp;<\/p>\n\n\n\n<p class=\"has-black-color has-text-color has-link-color has-small-font-size wp-elements-d49b93f603734cb3f0a6d46a03270a6f\">\u2022 \u00abAfter death (1890)\u201d&nbsp;<\/p>\n\n\n\n<p class=\"has-black-color has-text-color has-link-color has-small-font-size wp-elements-227fe05bf5655ee402156c331e6b997d\">\u2022 \u201cThe Problem of Being, Fate and Pain\" (1905)&nbsp;<\/p>\n\n\n\n<p class=\"has-black-color has-text-color has-link-color has-small-font-size wp-elements-07ff3dee0576116f419af23b4032847a\">\u2022 \u201cChristianity and Spiritism\" (1898)&nbsp;<\/p>\n\n\n\n<p class=\"has-black-color has-text-color has-link-color has-small-font-size wp-elements-603dbe6684a3fb13f4cc3d9883e1c5e9\">\u2022 \u201cInvisible World\" (1903)&nbsp;<\/p>\n\n\n\n<p class=\"has-black-color has-text-color has-link-color has-small-font-size wp-elements-e038dfc681c0608f0dfe8d696d73c344\">\u2022 \u201cThe Great Enigma : God and the Universe\" (1911)&nbsp;<\/p>\n\n\n\n<p class=\"has-black-color has-text-color has-link-color has-small-font-size wp-elements-4f794554bd5205b12b8820c83f3fa00d\">\u2022 \u201cThe Celtic Genius and the Invisible World\" (1927)&nbsp;<\/p>\n<\/div>\n\n\n\n<p class=\"has-black-color has-text-color has-link-color has-small-font-size wp-elements-5098919070ffa3f4484270f2ae61fccc\">He was also a writer, journalist, lecturer and director of study groups, President of the \"French Spiritist Union\", correspondent of the most famous magazine of his time, \"Revue Spirite\" (Spiritist Magazine), where he wrote innumerable articles on Spiritism; he actively participated in all the Spiritist congresses in Europe that were beginning to be organised at that time. From 1910 onwards his eyesight worsened considerably, almost to the point of blindness. He was not discouraged and, like the great spirits, endured the difficulty with stoicism and full faith in the Spiritual World, which acts by ways unknown to us, with the sole purpose of making us grow and carving our souls to become beacons of the Christic Light.&nbsp;<\/p>\n\n\n\n<p class=\"has-black-color has-text-color has-link-color has-small-font-size wp-elements-7a361fd2aef6bcaeb08f9e2020db88ca\">He continued to write with the help of friends and learned the Braille system of writing (a method for the blind). In this way he was able to continue correcting his works, writing and bringing the words of hope of the Good News to every corner of the planet. He was very concerned about Nature and its divine energy. He said that man should return to his roots, when he communicated with her, exchanging vital forces, understanding that we are all part of a gigantic energetic network, coming from the Father and that we all carry part of this divine spirit, twinned in the wise knowledge of universal love. In 1927, at the age of 81, he finished his manuscript \"The Celtic Genius and the Invisible World\". He was practically blind. This beautiful theme was published by the Revue Spirite in Paris. Then, at the end of March of that year, 1927, he disincarnated. A great man had departed, on his way to the Greater Homeland.&nbsp;<\/p>\n\n\n\n<p class=\"has-black-color has-text-color has-link-color has-small-font-size wp-elements-ef0596f7c17679b924dada72143510b0\">This great man, defender and champion of Spiritism, held the foundations of the Doctrine like few others, brought thought to an understanding of the reasons for reincarnation, explained the justice of God, the plurality of existences and inhabited worlds, raised awareness of the connection between humanity, the stars and nature, and carried the banner of love and forgiveness as his standard. He explained like few others the meaning of life and the responsibility to the Spiritual World.&nbsp;<\/p>\n\n\n\n<div class=\"wp-block-group is-layout-constrained wp-block-group-is-layout-constrained\">\n<p class=\"has-black-color has-text-color has-link-color has-small-font-size wp-elements-8dfb9c6774a530003a7b885ac63818f8\">In his words:&nbsp;<\/p>\n\n\n\n<p class=\"has-black-color has-text-color has-link-color has-small-font-size wp-elements-107245911239a3761d48555fa675fbb0\"><em>\"The spiritist faith leads, without doubt, to love, but it postulates, in the first place, knowledge of the soul, of destiny and of God. It is not only faith, it is a teaching, it is a criterion that defies contradiction\".&nbsp;<\/em>&nbsp;<\/p>\n<\/div>\n\n\n\n<p class=\"has-black-color has-text-color has-link-color has-small-font-size wp-elements-b4b52165f5e93b64886cb7b8e7f0a0af\"><em>... \"Seek not God in temples of stone or marble, O man who would know Him! Seek Him in the eternal temple of Nature; in the spectacle of the worlds, travelling through infinity; in the splendours of life bursting on its surface; in the contemplation of the varied horizons: plains, valleys, mountains and seas that your earthly abode offers you. (...) if you know how to recollect yourself, you will hear in the voices of Nature the subtle teachings that she murmurs in the ears of those who frequent her retreats and study her mysteries (...) God is in each one of us, in the living temple of consciousness. There is the sacred place, the sanctuary where the divine spark is hidden\".<\/em>&nbsp;<\/p>\n<\/div><\/div>\n\n\n\n<div class=\"wp-block-uagb-container uagb-block-65060c69 alignfull uagb-is-root-container\"><div class=\"uagb-container-inner-blocks-wrap\"><\/div><\/div>\n\n\n\n<div class=\"wp-block-uagb-container uagb-block-a78b40e6 alignfull uagb-is-root-container\"><div class=\"uagb-container-inner-blocks-wrap\"><\/div><\/div>","protected":false},"excerpt":{"rendered":"<p>L\u00e9on Denis \u2013 el successor de Kardec\u00a0 L\u00e9on Denis fue el incuestionable sucesor de la obra de Allan kardec e incansable divulgador de la Doctrina Esp\u00edrita. Naci\u00f3 cerca de la ciudad de Toul, en Francia, el 1\u00ba de enero de 1846. Sus padres eran personas humildes pero muy espiritualizadas, sobre todo su madre, Do\u00f1a Ana [&hellip;]<\/p>","protected":false},"author":1,"featured_media":0,"parent":0,"menu_order":0,"comment_status":"closed","ping_status":"closed","template":"","meta":{"_uag_custom_page_level_css":"","site-sidebar-layout":"default","site-content-layout":"","ast-site-content-layout":"default","site-content-style":"default","site-sidebar-style":"default","ast-global-header-display":"","ast-banner-title-visibility":"","ast-main-header-display":"","ast-hfb-above-header-display":"","ast-hfb-below-header-display":"","ast-hfb-mobile-header-display":"","site-post-title":"disabled","ast-breadcrumbs-content":"","ast-featured-img":"","footer-sml-layout":"","theme-transparent-header-meta":"","adv-header-id-meta":"","stick-header-meta":"","header-above-stick-meta":"","header-main-stick-meta":"","header-below-stick-meta":"","astra-migrate-meta-layouts":"set","ast-page-background-enabled":"default","ast-page-background-meta":{"desktop":{"background-color":"var(--ast-global-color-4)","background-image":"","background-repeat":"repeat","background-position":"center center","background-size":"auto","background-attachment":"scroll","background-type":"","background-media":"","overlay-type":"","overlay-color":"","overlay-opacity":"","overlay-gradient":""},"tablet":{"background-color":"","background-image":"","background-repeat":"repeat","background-position":"center center","background-size":"auto","background-attachment":"scroll","background-type":"","background-media":"","overlay-type":"","overlay-color":"","overlay-opacity":"","overlay-gradient":""},"mobile":{"background-color":"","background-image":"","background-repeat":"repeat","background-position":"center center","background-size":"auto","background-attachment":"scroll","background-type":"","background-media":"","overlay-type":"","overlay-color":"","overlay-opacity":"","overlay-gradient":""}},"ast-content-background-meta":{"desktop":{"background-color":"var(--ast-global-color-5)","background-image":"","background-repeat":"repeat","background-position":"center center","background-size":"auto","background-attachment":"scroll","background-type":"","background-media":"","overlay-type":"","overlay-color":"","overlay-opacity":"","overlay-gradient":""},"tablet":{"background-color":"var(--ast-global-color-5)","background-image":"","background-repeat":"repeat","background-position":"center center","background-size":"auto","background-attachment":"scroll","background-type":"","background-media":"","overlay-type":"","overlay-color":"","overlay-opacity":"","overlay-gradient":""},"mobile":{"background-color":"var(--ast-global-color-5)","background-image":"","background-repeat":"repeat","background-position":"center center","background-size":"auto","background-attachment":"scroll","background-type":"","background-media":"","overlay-type":"","overlay-color":"","overlay-opacity":"","overlay-gradient":""}},"footnotes":""},"class_list":["post-3111","page","type-page","status-publish","hentry"],"yoast_head":"<!-- This site is optimized with the Yoast SEO Premium plugin v24.2 (Yoast SEO v24.6) - https:\/\/yoast.com\/wordpress\/plugins\/seo\/ -->\n<title>L\u00e9on Denis - Uni\u00f3n Esp\u00edrita<\/title>\n<meta name=\"robots\" content=\"index, follow, max-snippet:-1, max-image-preview:large, max-video-preview:-1\" \/>\n<link rel=\"canonical\" href=\"https:\/\/nuevo-renacer.com\/en\/leon-denis\/\" \/>\n<meta property=\"og:locale\" content=\"en_GB\" \/>\n<meta property=\"og:type\" content=\"article\" \/>\n<meta property=\"og:title\" content=\"L\u00e9on Denis\" \/>\n<meta property=\"og:description\" content=\"L\u00e9on Denis \u2013 el successor de Kardec\u00a0 L\u00e9on Denis fue el incuestionable sucesor de la obra de Allan kardec e incansable divulgador de la Doctrina Esp\u00edrita. Naci\u00f3 cerca de la ciudad de Toul, en Francia, el 1\u00ba de enero de 1846. Sus padres eran personas humildes pero muy espiritualizadas, sobre todo su madre, Do\u00f1a Ana [&hellip;]\" \/>\n<meta property=\"og:url\" content=\"https:\/\/nuevo-renacer.com\/en\/leon-denis\/\" \/>\n<meta property=\"og:site_name\" content=\"Uni\u00f3n Esp\u00edrita\" \/>\n<meta property=\"article:publisher\" content=\"https:\/\/www.facebook.com\/groups\/3431398063740829\" \/>\n<meta property=\"article:modified_time\" content=\"2025-11-24T11:24:48+00:00\" \/>\n<meta property=\"og:image\" content=\"https:\/\/nuevo-renacer.com\/wp-content\/uploads\/2024\/07\/images-1.jpg\" \/>\n<meta name=\"twitter:card\" content=\"summary_large_image\" \/>\n<meta name=\"twitter:label1\" content=\"Estimated reading time\" \/>\n\t<meta name=\"twitter:data1\" content=\"6 minutes\" \/>\n<script type=\"application\/ld+json\" class=\"yoast-schema-graph\">{\"@context\":\"https:\/\/schema.org\",\"@graph\":[{\"@type\":\"WebPage\",\"@id\":\"https:\/\/nuevo-renacer.com\/leon-denis\/\",\"url\":\"https:\/\/nuevo-renacer.com\/leon-denis\/\",\"name\":\"L\u00e9on Denis - Uni\u00f3n Esp\u00edrita\",\"isPartOf\":{\"@id\":\"https:\/\/nuevo-renacer.com\/#website\"},\"primaryImageOfPage\":{\"@id\":\"https:\/\/nuevo-renacer.com\/leon-denis\/#primaryimage\"},\"image\":{\"@id\":\"https:\/\/nuevo-renacer.com\/leon-denis\/#primaryimage\"},\"thumbnailUrl\":\"https:\/\/nuevo-renacer.com\/wp-content\/uploads\/2024\/07\/images-1.jpg\",\"datePublished\":\"2024-07-06T12:17:31+00:00\",\"dateModified\":\"2025-11-24T11:24:48+00:00\",\"breadcrumb\":{\"@id\":\"https:\/\/nuevo-renacer.com\/leon-denis\/#breadcrumb\"},\"inLanguage\":\"en-GB\",\"potentialAction\":[{\"@type\":\"ReadAction\",\"target\":[\"https:\/\/nuevo-renacer.com\/leon-denis\/\"]}]},{\"@type\":\"ImageObject\",\"inLanguage\":\"en-GB\",\"@id\":\"https:\/\/nuevo-renacer.com\/leon-denis\/#primaryimage\",\"url\":\"https:\/\/nuevo-renacer.com\/wp-content\/uploads\/2024\/07\/images-1.jpg\",\"contentUrl\":\"https:\/\/nuevo-renacer.com\/wp-content\/uploads\/2024\/07\/images-1.jpg\"},{\"@type\":\"BreadcrumbList\",\"@id\":\"https:\/\/nuevo-renacer.com\/leon-denis\/#breadcrumb\",\"itemListElement\":[{\"@type\":\"ListItem\",\"position\":1,\"name\":\"Startseite\",\"item\":\"https:\/\/nuevo-renacer.com\/\"},{\"@type\":\"ListItem\",\"position\":2,\"name\":\"L\u00e9on Denis\"}]},{\"@type\":\"WebSite\",\"@id\":\"https:\/\/nuevo-renacer.com\/#website\",\"url\":\"https:\/\/nuevo-renacer.com\/\",\"name\":\"Uni\u00f3n Esp\u00edrita\",\"description\":\"Nuevo Renacer\",\"publisher\":{\"@id\":\"https:\/\/nuevo-renacer.com\/#organization\"},\"potentialAction\":[{\"@type\":\"SearchAction\",\"target\":{\"@type\":\"EntryPoint\",\"urlTemplate\":\"https:\/\/nuevo-renacer.com\/?s={search_term_string}\"},\"query-input\":{\"@type\":\"PropertyValueSpecification\",\"valueRequired\":true,\"valueName\":\"search_term_string\"}}],\"inLanguage\":\"en-GB\"},{\"@type\":\"Organization\",\"@id\":\"https:\/\/nuevo-renacer.com\/#organization\",\"name\":\"UFEC\",\"url\":\"https:\/\/nuevo-renacer.com\/\",\"logo\":{\"@type\":\"ImageObject\",\"inLanguage\":\"en-GB\",\"@id\":\"https:\/\/nuevo-renacer.com\/#\/schema\/logo\/image\/\",\"url\":\"https:\/\/nuevo-renacer.com\/wp-content\/uploads\/2024\/05\/cropped-LOGO-TERMINADO1-3-3.png\",\"contentUrl\":\"https:\/\/nuevo-renacer.com\/wp-content\/uploads\/2024\/05\/cropped-LOGO-TERMINADO1-3-3.png\",\"width\":512,\"height\":512,\"caption\":\"UFEC\"},\"image\":{\"@id\":\"https:\/\/nuevo-renacer.com\/#\/schema\/logo\/image\/\"},\"sameAs\":[\"https:\/\/www.facebook.com\/groups\/3431398063740829\"]}]}<\/script>\n<!-- \/ Yoast SEO Premium plugin. -->","yoast_head_json":{"title":"L\u00e9on Denis - Uni\u00f3n Esp\u00edrita","robots":{"index":"index","follow":"follow","max-snippet":"max-snippet:-1","max-image-preview":"max-image-preview:large","max-video-preview":"max-video-preview:-1"},"canonical":"https:\/\/nuevo-renacer.com\/en\/leon-denis\/","og_locale":"en_GB","og_type":"article","og_title":"L\u00e9on Denis","og_description":"L\u00e9on Denis \u2013 el successor de Kardec\u00a0 L\u00e9on Denis fue el incuestionable sucesor de la obra de Allan kardec e incansable divulgador de la Doctrina Esp\u00edrita. Naci\u00f3 cerca de la ciudad de Toul, en Francia, el 1\u00ba de enero de 1846. Sus padres eran personas humildes pero muy espiritualizadas, sobre todo su madre, Do\u00f1a Ana [&hellip;]","og_url":"https:\/\/nuevo-renacer.com\/en\/leon-denis\/","og_site_name":"Uni\u00f3n Esp\u00edrita","article_publisher":"https:\/\/www.facebook.com\/groups\/3431398063740829","article_modified_time":"2025-11-24T11:24:48+00:00","og_image":[{"url":"https:\/\/nuevo-renacer.com\/wp-content\/uploads\/2024\/07\/images-1.jpg","type":"","width":"","height":""}],"twitter_card":"summary_large_image","twitter_misc":{"Estimated reading time":"6 minutes"},"schema":{"@context":"https:\/\/schema.org","@graph":[{"@type":"WebPage","@id":"https:\/\/nuevo-renacer.com\/leon-denis\/","url":"https:\/\/nuevo-renacer.com\/leon-denis\/","name":"L\u00e9on Denis - Uni\u00f3n Esp\u00edrita","isPartOf":{"@id":"https:\/\/nuevo-renacer.com\/#website"},"primaryImageOfPage":{"@id":"https:\/\/nuevo-renacer.com\/leon-denis\/#primaryimage"},"image":{"@id":"https:\/\/nuevo-renacer.com\/leon-denis\/#primaryimage"},"thumbnailUrl":"https:\/\/nuevo-renacer.com\/wp-content\/uploads\/2024\/07\/images-1.jpg","datePublished":"2024-07-06T12:17:31+00:00","dateModified":"2025-11-24T11:24:48+00:00","breadcrumb":{"@id":"https:\/\/nuevo-renacer.com\/leon-denis\/#breadcrumb"},"inLanguage":"en-GB","potentialAction":[{"@type":"ReadAction","target":["https:\/\/nuevo-renacer.com\/leon-denis\/"]}]},{"@type":"ImageObject","inLanguage":"en-GB","@id":"https:\/\/nuevo-renacer.com\/leon-denis\/#primaryimage","url":"https:\/\/nuevo-renacer.com\/wp-content\/uploads\/2024\/07\/images-1.jpg","contentUrl":"https:\/\/nuevo-renacer.com\/wp-content\/uploads\/2024\/07\/images-1.jpg"},{"@type":"BreadcrumbList","@id":"https:\/\/nuevo-renacer.com\/leon-denis\/#breadcrumb","itemListElement":[{"@type":"ListItem","position":1,"name":"Startseite","item":"https:\/\/nuevo-renacer.com\/"},{"@type":"ListItem","position":2,"name":"L\u00e9on Denis"}]},{"@type":"WebSite","@id":"https:\/\/nuevo-renacer.com\/#website","url":"https:\/\/nuevo-renacer.com\/","name":"Uni\u00f3n Esp\u00edrita","description":"Nuevo Renacer","publisher":{"@id":"https:\/\/nuevo-renacer.com\/#organization"},"potentialAction":[{"@type":"SearchAction","target":{"@type":"EntryPoint","urlTemplate":"https:\/\/nuevo-renacer.com\/?s={search_term_string}"},"query-input":{"@type":"PropertyValueSpecification","valueRequired":true,"valueName":"search_term_string"}}],"inLanguage":"en-GB"},{"@type":"Organization","@id":"https:\/\/nuevo-renacer.com\/#organization","name":"UFEC","url":"https:\/\/nuevo-renacer.com\/","logo":{"@type":"ImageObject","inLanguage":"en-GB","@id":"https:\/\/nuevo-renacer.com\/#\/schema\/logo\/image\/","url":"https:\/\/nuevo-renacer.com\/wp-content\/uploads\/2024\/05\/cropped-LOGO-TERMINADO1-3-3.png","contentUrl":"https:\/\/nuevo-renacer.com\/wp-content\/uploads\/2024\/05\/cropped-LOGO-TERMINADO1-3-3.png","width":512,"height":512,"caption":"UFEC"},"image":{"@id":"https:\/\/nuevo-renacer.com\/#\/schema\/logo\/image\/"},"sameAs":["https:\/\/www.facebook.com\/groups\/3431398063740829"]}]}},"uagb_featured_image_src":{"full":false,"thumbnail":false,"medium":false,"medium_large":false,"large":false,"1536x1536":false,"2048x2048":false,"trp-custom-language-flag":false},"uagb_author_info":{"display_name":"adbv0","author_link":"https:\/\/nuevo-renacer.com\/en\/author\/adbv0\/"},"uagb_comment_info":0,"uagb_excerpt":"L\u00e9on Denis \u2013 el successor de Kardec\u00a0 L\u00e9on Denis fue el incuestionable sucesor de la obra de Allan kardec e incansable divulgador de la Doctrina Esp\u00edrita. Naci\u00f3 cerca de la ciudad de Toul, en Francia, el 1\u00ba de enero de 1846. Sus padres eran personas humildes pero muy espiritualizadas, sobre todo su madre, Do\u00f1a Ana&hellip;","jetpack_sharing_enabled":true,"_links":{"self":[{"href":"https:\/\/nuevo-renacer.com\/en\/wp-json\/wp\/v2\/pages\/3111","targetHints":{"allow":["GET"]}}],"collection":[{"href":"https:\/\/nuevo-renacer.com\/en\/wp-json\/wp\/v2\/pages"}],"about":[{"href":"https:\/\/nuevo-renacer.com\/en\/wp-json\/wp\/v2\/types\/page"}],"author":[{"embeddable":true,"href":"https:\/\/nuevo-renacer.com\/en\/wp-json\/wp\/v2\/users\/1"}],"replies":[{"embeddable":true,"href":"https:\/\/nuevo-renacer.com\/en\/wp-json\/wp\/v2\/comments?post=3111"}],"version-history":[{"count":6,"href":"https:\/\/nuevo-renacer.com\/en\/wp-json\/wp\/v2\/pages\/3111\/revisions"}],"predecessor-version":[{"id":8719,"href":"https:\/\/nuevo-renacer.com\/en\/wp-json\/wp\/v2\/pages\/3111\/revisions\/8719"}],"wp:attachment":[{"href":"https:\/\/nuevo-renacer.com\/en\/wp-json\/wp\/v2\/media?parent=3111"}],"curies":[{"name":"wp","href":"https:\/\/api.w.org\/{rel}","templated":true}]}}