{"id":3088,"date":"2024-07-06T11:51:16","date_gmt":"2024-07-06T11:51:16","guid":{"rendered":"https:\/\/ufec-mundial.com\/?page_id=3088"},"modified":"2025-06-13T10:16:27","modified_gmt":"2025-06-13T10:16:27","slug":"jaime-galte","status":"publish","type":"page","link":"https:\/\/nuevo-renacer.com\/en\/jaime-galte\/","title":{"rendered":"Jaime Galt\u00e9"},"content":{"rendered":"<div class=\"wp-block-uagb-container uagb-block-395ecf87 alignfull uagb-is-root-container\"><div class=\"uagb-container-inner-blocks-wrap\">\n<p class=\"has-black-color has-text-color has-link-color has-medium-font-size wp-elements-5726bbcd3ee41b1344ef38e32fd5bcc7\"><strong>Jaime Galt\u00e9 \u2013 el medium m\u00e1s famoso de Chile<\/strong>&nbsp;<\/p>\n<\/div><\/div>\n\n\n\n<div class=\"wp-block-uagb-container uagb-block-deb1d4ec alignfull uagb-is-root-container\"><div class=\"uagb-container-inner-blocks-wrap\">\n<div class=\"wp-block-uagb-image alignleft uagb-block-59e0a893 wp-block-uagb-image--layout-default wp-block-uagb-image--effect-static wp-block-uagb-image--align-left\"><figure class=\"wp-block-uagb-image__figure\"><img loading=\"lazy\" decoding=\"async\" srcset=\"https:\/\/nuevo-renacer.com\/wp-content\/uploads\/2024\/07\/Jaime-Galte-1.jpg ,https:\/\/ufec-mundial.com\/wp-content\/uploads\/2024\/07\/Jaime-Galte-1.jpg 780w, https:\/\/nuevo-renacer.com\/wp-content\/uploads\/2024\/07\/Jaime-Galte-1.jpg 360w\" sizes=\"auto, (max-width: 480px) 150px\" src=\"https:\/\/nuevo-renacer.com\/wp-content\/uploads\/2024\/07\/Jaime-Galte-1.jpg\" alt=\"\" class=\"uag-image-3091\" width=\"510\" height=\"383\" title=\"Jaime-Galte\" role=\"img\"\/><\/figure><\/div>\n<\/div><\/div>\n\n\n\n<div class=\"wp-block-uagb-container uagb-block-a9af9baf alignfull uagb-is-root-container\"><div class=\"uagb-container-inner-blocks-wrap\">\n<p class=\"has-black-color has-text-color has-link-color has-small-font-size wp-elements-4ac89399d59b3395e08e98a6bc73ac7b\">Jaime Galt\u00e9 was born on 24 May 1903 in Santiago de Chile and died at the age of 62 in 1965. He was a brilliant lawyer and an excellent family man. He held important positions, among them: professor of Procedural Law, Director of the School of Law of Valpara\u00edso, lawyer of the newspaper company La Naci\u00f3n and prosecutor of the General Comptroller of the Republic of Chile.&nbsp;<\/p>\n\n\n\n<p class=\"has-black-color has-text-color has-link-color has-small-font-size wp-elements-df583e86182b8375cfa6892e68f1c154\">His story as a medium began one day when he was a young man. He was travelling by train to Valparaiso, a city unknown to him, to solve some family problems. His father had disincarnated a short time before, leaving the family in a very difficult financial situation. Galt\u00e9 falls asleep and dreams that he arrives in Valpara\u00edso, crosses a square, arrives at a certain hotel and talks to its owner. He asks for his father and is told that he is staying in room number 26. He goes upstairs and finds him. Surprised, he asks him how it is possible that he is there, if he has been buried there for some time. The father tells him that there is only one body in the coffin and gives him the name of a lawyer who has certain titles and instructions about the inheritance for the family.&nbsp;<\/p>\n\n\n\n<p class=\"has-black-color has-text-color has-link-color has-small-font-size wp-elements-3fa7b433f5071e4747a3ed669dde2627\">When Galt\u00e9 arrived in Valpara\u00edso, he followed the information received in the dream and was able to find the hotel. The square and the lawyer who gave him the papers of his father's inheritance. He was surprised but did not look for answers.&nbsp;<\/p>\n\n\n\n<p class=\"has-black-color has-text-color has-link-color has-small-font-size wp-elements-78c59b11885612141727245f52faae5e\">Some time later, his friend Ricardo Prat (brother of the Chilean hero), convinced him that this was a gift he should develop and put at the service of others, and invited him to a mediumistic meeting. In that first meeting, Galt\u00e9 went into a trance and psychographed the message sent by a cook on the Itata ship, which was sinking, asking him to give some money to the woman he loved and her mother. Prat's friend checked with the maritime authorities but was informed that the ship continued to sail normally in Chilean waters. Once the meeting was over, the two friends left, concerned about the message received and the apparent failure of the mediumship. However, when they passed the El Mercurio newspaper in Valpara\u00edso, they read with astonishment the following news: \"The ship Itata has just sunk\".&nbsp;<\/p>\n\n\n\n<p class=\"has-black-color has-text-color has-link-color has-small-font-size wp-elements-4e395b62d156525f40abf221c21b8f05\">A short time later, they verified the existence of the sailor who had passed on the message, found the house he had indicated, and complied with his request to divide the money between the two women. From that day on Galt\u00e9 committed himself to the Spiritual World and devoted himself to reading, studying and participating in mediumistic groups. He joined the existing Scientific Society in Santiago and was one of the founders of the Chilean Society of Parapsychology. In the following years Galt\u00e9 received several spirits who dictated beautiful and wise pages to him, such as the well-known Mister Lowe, philosopher and counsellor. Unfortunately these writings published at the time are out of print and very difficult to find. Perhaps the most famous of the spirits Galt\u00e9 incorporated was Dr. Eric Halfanne, who performed countless healings with the medium's help.&nbsp;&nbsp;<\/p>\n\n\n\n<p class=\"has-black-color has-text-color has-link-color has-small-font-size wp-elements-82b3396909eafc98d5f508b070c0987c\">Eric Halfanne was in earthly life a Swiss-German doctor who worked in America and disincarnated in Bolivia in 1906. It is curious how he presented himself for the first time, according to Sonia, daughter of Galt\u00e9. One day, the little daughter of the Bachelet couple, friends of the medium, was very ill and her parents asked Galt\u00e9 to invoke the spirit of their paediatrician who had disincarnated a few months earlier. When the medium goes into a trance he says that the doctor cannot come because he is busy with other work in the spirit world, but that another doctor will come to help. Then Dr. Eric Halfanne shows up. His healings are counted by the dozen. He diagnosed accurately and prescribed complementary homeopathic remedies.&nbsp;<\/p>\n\n\n\n<p class=\"has-black-color has-text-color has-link-color has-small-font-size wp-elements-72d42022fdd33c979ef987c6910c36dc\">Galt\u00e9 would go into a trance sitting in an armchair and begin to diagnose illnesses and prescribe remedies. His family keeps many of the psychographed writings from these times. Galt\u00e9 attended freely to anyone who asked for his services, with love and disinterestedness as a good Christian. He never refused his help, even when he was seriously ill at the end of his days. He was an apostle of service to others.&nbsp;<\/p>\n\n\n\n<p class=\"has-black-color has-text-color has-link-color has-small-font-size wp-elements-463b207033328483ae868ac3b034a267\">After a few years, Galt\u00e9 could work mediumnically at a distance. He received the name of the sick person and his symptoms. He would unfold and go in spirit to the patient's house, accompanied by Dr. Eric, who was obviously the one who did the cures. Galt\u00e9 was a clairvoyant medium, psychographer, healer and incorporator. He could also paint beautiful pictures and play the piano divinely when in trance, as he was personally ignorant of these arts. He had clear visions of the future and his friendly and consoling word reached everyone equally.&nbsp;<\/p>\n\n\n\n<p class=\"has-black-color has-text-color has-link-color has-small-font-size wp-elements-c6fc632c80f96f0007e6f23a89ba1d0f\">Jaime Galt\u00e9 awakened in the Chilean people the need for spiritual knowledge and an approach to the spiritual world. May God grant that many will remember him and follow his example of goodness and service.&nbsp;<\/p>\n<\/div><\/div>\n\n\n\n<div class=\"wp-block-uagb-container uagb-block-a58ab44d alignfull uagb-is-root-container\"><div class=\"uagb-container-inner-blocks-wrap\"><\/div><\/div>\n\n\n\n<div class=\"wp-block-uagb-container uagb-block-212610c4 alignfull uagb-is-root-container\"><div class=\"uagb-container-inner-blocks-wrap\"><\/div><\/div>","protected":false},"excerpt":{"rendered":"<p>Jaime Galt\u00e9 \u2013 el medium m\u00e1s famoso de Chile&nbsp; Jaime Galt\u00e9 naci\u00f3 el 24 de mayo de 1903 en Santiago de Chile y falleci\u00f3 a los 62 a\u00f1os de edad, en 1965. Fue un brillante abogado y excelente padre de familia. Ocup\u00f3 cargos importantes, entre ellos: profesor de Derecho Procesal, Director de la Escuela de [&hellip;]<\/p>","protected":false},"author":1,"featured_media":0,"parent":0,"menu_order":0,"comment_status":"closed","ping_status":"closed","template":"","meta":{"_uag_custom_page_level_css":"","site-sidebar-layout":"default","site-content-layout":"","ast-site-content-layout":"default","site-content-style":"default","site-sidebar-style":"default","ast-global-header-display":"","ast-banner-title-visibility":"","ast-main-header-display":"","ast-hfb-above-header-display":"","ast-hfb-below-header-display":"","ast-hfb-mobile-header-display":"","site-post-title":"disabled","ast-breadcrumbs-content":"","ast-featured-img":"","footer-sml-layout":"","theme-transparent-header-meta":"","adv-header-id-meta":"","stick-header-meta":"","header-above-stick-meta":"","header-main-stick-meta":"","header-below-stick-meta":"","astra-migrate-meta-layouts":"set","ast-page-background-enabled":"default","ast-page-background-meta":{"desktop":{"background-color":"var(--ast-global-color-4)","background-image":"","background-repeat":"repeat","background-position":"center center","background-size":"auto","background-attachment":"scroll","background-type":"","background-media":"","overlay-type":"","overlay-color":"","overlay-opacity":"","overlay-gradient":""},"tablet":{"background-color":"","background-image":"","background-repeat":"repeat","background-position":"center center","background-size":"auto","background-attachment":"scroll","background-type":"","background-media":"","overlay-type":"","overlay-color":"","overlay-opacity":"","overlay-gradient":""},"mobile":{"background-color":"","background-image":"","background-repeat":"repeat","background-position":"center center","background-size":"auto","background-attachment":"scroll","background-type":"","background-media":"","overlay-type":"","overlay-color":"","overlay-opacity":"","overlay-gradient":""}},"ast-content-background-meta":{"desktop":{"background-color":"var(--ast-global-color-5)","background-image":"","background-repeat":"repeat","background-position":"center center","background-size":"auto","background-attachment":"scroll","background-type":"","background-media":"","overlay-type":"","overlay-color":"","overlay-opacity":"","overlay-gradient":""},"tablet":{"background-color":"var(--ast-global-color-5)","background-image":"","background-repeat":"repeat","background-position":"center center","background-size":"auto","background-attachment":"scroll","background-type":"","background-media":"","overlay-type":"","overlay-color":"","overlay-opacity":"","overlay-gradient":""},"mobile":{"background-color":"var(--ast-global-color-5)","background-image":"","background-repeat":"repeat","background-position":"center center","background-size":"auto","background-attachment":"scroll","background-type":"","background-media":"","overlay-type":"","overlay-color":"","overlay-opacity":"","overlay-gradient":""}},"footnotes":""},"class_list":["post-3088","page","type-page","status-publish","hentry"],"yoast_head":"<!-- This site is optimized with the Yoast SEO Premium plugin v24.2 (Yoast SEO v24.6) - https:\/\/yoast.com\/wordpress\/plugins\/seo\/ -->\n<title>Jaime Galt\u00e9 - Uni\u00f3n Esp\u00edrita<\/title>\n<meta name=\"robots\" content=\"index, follow, max-snippet:-1, max-image-preview:large, max-video-preview:-1\" \/>\n<link rel=\"canonical\" href=\"https:\/\/nuevo-renacer.com\/en\/jaime-galte\/\" \/>\n<meta property=\"og:locale\" content=\"en_GB\" \/>\n<meta property=\"og:type\" content=\"article\" \/>\n<meta property=\"og:title\" content=\"Jaime Galt\u00e9\" \/>\n<meta property=\"og:description\" content=\"Jaime Galt\u00e9 \u2013 el medium m\u00e1s famoso de Chile&nbsp; Jaime Galt\u00e9 naci\u00f3 el 24 de mayo de 1903 en Santiago de Chile y falleci\u00f3 a los 62 a\u00f1os de edad, en 1965. Fue un brillante abogado y excelente padre de familia. Ocup\u00f3 cargos importantes, entre ellos: profesor de Derecho Procesal, Director de la Escuela de [&hellip;]\" \/>\n<meta property=\"og:url\" content=\"https:\/\/nuevo-renacer.com\/en\/jaime-galte\/\" \/>\n<meta property=\"og:site_name\" content=\"Uni\u00f3n Esp\u00edrita\" \/>\n<meta property=\"article:publisher\" content=\"https:\/\/www.facebook.com\/groups\/3431398063740829\" \/>\n<meta property=\"article:modified_time\" content=\"2025-06-13T10:16:27+00:00\" \/>\n<meta property=\"og:image\" content=\"https:\/\/nuevo-renacer.com\/wp-content\/uploads\/2024\/07\/Jaime-Galte-1.jpg\" \/>\n<meta name=\"twitter:card\" content=\"summary_large_image\" \/>\n<meta name=\"twitter:label1\" content=\"Estimated reading time\" \/>\n\t<meta name=\"twitter:data1\" content=\"5 minutes\" \/>\n<script type=\"application\/ld+json\" class=\"yoast-schema-graph\">{\"@context\":\"https:\/\/schema.org\",\"@graph\":[{\"@type\":\"WebPage\",\"@id\":\"https:\/\/nuevo-renacer.com\/jaime-galte\/\",\"url\":\"https:\/\/nuevo-renacer.com\/jaime-galte\/\",\"name\":\"Jaime Galt\u00e9 - Uni\u00f3n Esp\u00edrita\",\"isPartOf\":{\"@id\":\"https:\/\/nuevo-renacer.com\/#website\"},\"primaryImageOfPage\":{\"@id\":\"https:\/\/nuevo-renacer.com\/jaime-galte\/#primaryimage\"},\"image\":{\"@id\":\"https:\/\/nuevo-renacer.com\/jaime-galte\/#primaryimage\"},\"thumbnailUrl\":\"https:\/\/nuevo-renacer.com\/wp-content\/uploads\/2024\/07\/Jaime-Galte-1.jpg\",\"datePublished\":\"2024-07-06T11:51:16+00:00\",\"dateModified\":\"2025-06-13T10:16:27+00:00\",\"breadcrumb\":{\"@id\":\"https:\/\/nuevo-renacer.com\/jaime-galte\/#breadcrumb\"},\"inLanguage\":\"en-GB\",\"potentialAction\":[{\"@type\":\"ReadAction\",\"target\":[\"https:\/\/nuevo-renacer.com\/jaime-galte\/\"]}]},{\"@type\":\"ImageObject\",\"inLanguage\":\"en-GB\",\"@id\":\"https:\/\/nuevo-renacer.com\/jaime-galte\/#primaryimage\",\"url\":\"https:\/\/nuevo-renacer.com\/wp-content\/uploads\/2024\/07\/Jaime-Galte-1.jpg\",\"contentUrl\":\"https:\/\/nuevo-renacer.com\/wp-content\/uploads\/2024\/07\/Jaime-Galte-1.jpg\"},{\"@type\":\"BreadcrumbList\",\"@id\":\"https:\/\/nuevo-renacer.com\/jaime-galte\/#breadcrumb\",\"itemListElement\":[{\"@type\":\"ListItem\",\"position\":1,\"name\":\"Startseite\",\"item\":\"https:\/\/nuevo-renacer.com\/\"},{\"@type\":\"ListItem\",\"position\":2,\"name\":\"Jaime Galt\u00e9\"}]},{\"@type\":\"WebSite\",\"@id\":\"https:\/\/nuevo-renacer.com\/#website\",\"url\":\"https:\/\/nuevo-renacer.com\/\",\"name\":\"Uni\u00f3n Esp\u00edrita\",\"description\":\"Nuevo Renacer\",\"publisher\":{\"@id\":\"https:\/\/nuevo-renacer.com\/#organization\"},\"potentialAction\":[{\"@type\":\"SearchAction\",\"target\":{\"@type\":\"EntryPoint\",\"urlTemplate\":\"https:\/\/nuevo-renacer.com\/?s={search_term_string}\"},\"query-input\":{\"@type\":\"PropertyValueSpecification\",\"valueRequired\":true,\"valueName\":\"search_term_string\"}}],\"inLanguage\":\"en-GB\"},{\"@type\":\"Organization\",\"@id\":\"https:\/\/nuevo-renacer.com\/#organization\",\"name\":\"UFEC\",\"url\":\"https:\/\/nuevo-renacer.com\/\",\"logo\":{\"@type\":\"ImageObject\",\"inLanguage\":\"en-GB\",\"@id\":\"https:\/\/nuevo-renacer.com\/#\/schema\/logo\/image\/\",\"url\":\"https:\/\/nuevo-renacer.com\/wp-content\/uploads\/2024\/05\/cropped-LOGO-TERMINADO1-3-3.png\",\"contentUrl\":\"https:\/\/nuevo-renacer.com\/wp-content\/uploads\/2024\/05\/cropped-LOGO-TERMINADO1-3-3.png\",\"width\":512,\"height\":512,\"caption\":\"UFEC\"},\"image\":{\"@id\":\"https:\/\/nuevo-renacer.com\/#\/schema\/logo\/image\/\"},\"sameAs\":[\"https:\/\/www.facebook.com\/groups\/3431398063740829\"]}]}<\/script>\n<!-- \/ Yoast SEO Premium plugin. -->","yoast_head_json":{"title":"Jaime Galt\u00e9 - Uni\u00f3n Esp\u00edrita","robots":{"index":"index","follow":"follow","max-snippet":"max-snippet:-1","max-image-preview":"max-image-preview:large","max-video-preview":"max-video-preview:-1"},"canonical":"https:\/\/nuevo-renacer.com\/en\/jaime-galte\/","og_locale":"en_GB","og_type":"article","og_title":"Jaime Galt\u00e9","og_description":"Jaime Galt\u00e9 \u2013 el medium m\u00e1s famoso de Chile&nbsp; Jaime Galt\u00e9 naci\u00f3 el 24 de mayo de 1903 en Santiago de Chile y falleci\u00f3 a los 62 a\u00f1os de edad, en 1965. Fue un brillante abogado y excelente padre de familia. Ocup\u00f3 cargos importantes, entre ellos: profesor de Derecho Procesal, Director de la Escuela de [&hellip;]","og_url":"https:\/\/nuevo-renacer.com\/en\/jaime-galte\/","og_site_name":"Uni\u00f3n Esp\u00edrita","article_publisher":"https:\/\/www.facebook.com\/groups\/3431398063740829","article_modified_time":"2025-06-13T10:16:27+00:00","og_image":[{"url":"https:\/\/nuevo-renacer.com\/wp-content\/uploads\/2024\/07\/Jaime-Galte-1.jpg","type":"","width":"","height":""}],"twitter_card":"summary_large_image","twitter_misc":{"Estimated reading time":"5 minutes"},"schema":{"@context":"https:\/\/schema.org","@graph":[{"@type":"WebPage","@id":"https:\/\/nuevo-renacer.com\/jaime-galte\/","url":"https:\/\/nuevo-renacer.com\/jaime-galte\/","name":"Jaime Galt\u00e9 - Uni\u00f3n Esp\u00edrita","isPartOf":{"@id":"https:\/\/nuevo-renacer.com\/#website"},"primaryImageOfPage":{"@id":"https:\/\/nuevo-renacer.com\/jaime-galte\/#primaryimage"},"image":{"@id":"https:\/\/nuevo-renacer.com\/jaime-galte\/#primaryimage"},"thumbnailUrl":"https:\/\/nuevo-renacer.com\/wp-content\/uploads\/2024\/07\/Jaime-Galte-1.jpg","datePublished":"2024-07-06T11:51:16+00:00","dateModified":"2025-06-13T10:16:27+00:00","breadcrumb":{"@id":"https:\/\/nuevo-renacer.com\/jaime-galte\/#breadcrumb"},"inLanguage":"en-GB","potentialAction":[{"@type":"ReadAction","target":["https:\/\/nuevo-renacer.com\/jaime-galte\/"]}]},{"@type":"ImageObject","inLanguage":"en-GB","@id":"https:\/\/nuevo-renacer.com\/jaime-galte\/#primaryimage","url":"https:\/\/nuevo-renacer.com\/wp-content\/uploads\/2024\/07\/Jaime-Galte-1.jpg","contentUrl":"https:\/\/nuevo-renacer.com\/wp-content\/uploads\/2024\/07\/Jaime-Galte-1.jpg"},{"@type":"BreadcrumbList","@id":"https:\/\/nuevo-renacer.com\/jaime-galte\/#breadcrumb","itemListElement":[{"@type":"ListItem","position":1,"name":"Startseite","item":"https:\/\/nuevo-renacer.com\/"},{"@type":"ListItem","position":2,"name":"Jaime Galt\u00e9"}]},{"@type":"WebSite","@id":"https:\/\/nuevo-renacer.com\/#website","url":"https:\/\/nuevo-renacer.com\/","name":"Uni\u00f3n Esp\u00edrita","description":"Nuevo Renacer","publisher":{"@id":"https:\/\/nuevo-renacer.com\/#organization"},"potentialAction":[{"@type":"SearchAction","target":{"@type":"EntryPoint","urlTemplate":"https:\/\/nuevo-renacer.com\/?s={search_term_string}"},"query-input":{"@type":"PropertyValueSpecification","valueRequired":true,"valueName":"search_term_string"}}],"inLanguage":"en-GB"},{"@type":"Organization","@id":"https:\/\/nuevo-renacer.com\/#organization","name":"UFEC","url":"https:\/\/nuevo-renacer.com\/","logo":{"@type":"ImageObject","inLanguage":"en-GB","@id":"https:\/\/nuevo-renacer.com\/#\/schema\/logo\/image\/","url":"https:\/\/nuevo-renacer.com\/wp-content\/uploads\/2024\/05\/cropped-LOGO-TERMINADO1-3-3.png","contentUrl":"https:\/\/nuevo-renacer.com\/wp-content\/uploads\/2024\/05\/cropped-LOGO-TERMINADO1-3-3.png","width":512,"height":512,"caption":"UFEC"},"image":{"@id":"https:\/\/nuevo-renacer.com\/#\/schema\/logo\/image\/"},"sameAs":["https:\/\/www.facebook.com\/groups\/3431398063740829"]}]}},"uagb_featured_image_src":{"full":false,"thumbnail":false,"medium":false,"medium_large":false,"large":false,"1536x1536":false,"2048x2048":false,"trp-custom-language-flag":false},"uagb_author_info":{"display_name":"adbv0","author_link":"https:\/\/nuevo-renacer.com\/en\/author\/adbv0\/"},"uagb_comment_info":0,"uagb_excerpt":"Jaime Galt\u00e9 \u2013 el medium m\u00e1s famoso de Chile&nbsp; Jaime Galt\u00e9 naci\u00f3 el 24 de mayo de 1903 en Santiago de Chile y falleci\u00f3 a los 62 a\u00f1os de edad, en 1965. Fue un brillante abogado y excelente padre de familia. Ocup\u00f3 cargos importantes, entre ellos: profesor de Derecho Procesal, Director de la Escuela de&hellip;","jetpack_sharing_enabled":true,"_links":{"self":[{"href":"https:\/\/nuevo-renacer.com\/en\/wp-json\/wp\/v2\/pages\/3088","targetHints":{"allow":["GET"]}}],"collection":[{"href":"https:\/\/nuevo-renacer.com\/en\/wp-json\/wp\/v2\/pages"}],"about":[{"href":"https:\/\/nuevo-renacer.com\/en\/wp-json\/wp\/v2\/types\/page"}],"author":[{"embeddable":true,"href":"https:\/\/nuevo-renacer.com\/en\/wp-json\/wp\/v2\/users\/1"}],"replies":[{"embeddable":true,"href":"https:\/\/nuevo-renacer.com\/en\/wp-json\/wp\/v2\/comments?post=3088"}],"version-history":[{"count":3,"href":"https:\/\/nuevo-renacer.com\/en\/wp-json\/wp\/v2\/pages\/3088\/revisions"}],"predecessor-version":[{"id":8335,"href":"https:\/\/nuevo-renacer.com\/en\/wp-json\/wp\/v2\/pages\/3088\/revisions\/8335"}],"wp:attachment":[{"href":"https:\/\/nuevo-renacer.com\/en\/wp-json\/wp\/v2\/media?parent=3088"}],"curies":[{"name":"wp","href":"https:\/\/api.w.org\/{rel}","templated":true}]}}