{"id":3058,"date":"2024-07-06T11:14:45","date_gmt":"2024-07-06T11:14:45","guid":{"rendered":"https:\/\/ufec-mundial.com\/?page_id=3058"},"modified":"2026-04-20T18:30:14","modified_gmt":"2026-04-20T18:30:14","slug":"daniel-dunglas-home","status":"publish","type":"page","link":"https:\/\/nuevo-renacer.com\/en\/daniel-dunglas-home\/","title":{"rendered":"Daniel Dunglas Home"},"content":{"rendered":"<div class=\"wp-block-uagb-container uagb-block-dec469f2 alignfull uagb-is-root-container\"><div class=\"uagb-container-inner-blocks-wrap\">\n<p class=\"has-black-color has-text-color has-link-color has-medium-font-size wp-elements-5fc248ad9c53afb2acb877c4d7a9bba3\"><strong>Daniel Dunglas Home<\/strong><\/p>\n<\/div><\/div>\n\n\n\n<div class=\"wp-block-uagb-container uagb-block-d90083c8 alignfull uagb-is-root-container\"><div class=\"uagb-container-inner-blocks-wrap\">\n<div class=\"wp-block-uagb-image alignleft uagb-block-221e2a42 wp-block-uagb-image--layout-default wp-block-uagb-image--effect-static wp-block-uagb-image--align-left\"><figure class=\"wp-block-uagb-image__figure\"><img loading=\"lazy\" decoding=\"async\" srcset=\"https:\/\/nuevo-renacer.com\/wp-content\/uploads\/2026\/04\/Daniel_Dunglas_Home.jpg ,https:\/\/nuevo-renacer.com\/wp-content\/uploads\/2026\/04\/Daniel_Dunglas_Home.jpg 780w, https:\/\/nuevo-renacer.com\/wp-content\/uploads\/2026\/04\/Daniel_Dunglas_Home.jpg 360w\" sizes=\"auto, (max-width: 480px) 150px\" src=\"https:\/\/nuevo-renacer.com\/wp-content\/uploads\/2026\/04\/Daniel_Dunglas_Home.jpg\" alt=\"\" class=\"uag-image-8873\" width=\"319\" height=\"241\" title=\"Daniel_Dunglas_Home\" role=\"img\"\/><\/figure><\/div>\n<\/div><\/div>\n\n\n\n<div class=\"wp-block-uagb-container uagb-block-dc5c48dd alignfull uagb-is-root-container\"><div class=\"uagb-container-inner-blocks-wrap\">\n<p class=\"has-black-color has-text-color has-link-color has-small-font-size wp-elements-a44f8c5f3ef1b439dc7591e12f126e29\">Daniel Dunglas Home, famous British medium. He was born on 15 March 1833 in Scotland and disincarnated on 21 June 1886 in France. He married Alexandrina Kroll, sister of Countess Kouchelew-Bezborodko, in Russia in 1856.&nbsp;<\/p>\n\n\n\n<p class=\"has-black-color has-text-color has-link-color has-small-font-size wp-elements-31e93b39b5dc515cc1121e56210ca8fc\">At the age of thirteen he began to show signs of psychic faculties. He never exploited his faculties to make money. Never in the course of the 30 years of his extraordinary mission did he ever make himself pay for the manifestations of his gifts. The Union Club of Paris, in 1857, offered him two thousand pounds sterling for a single s\u00e9ance; he, poor and invalid, flatly refused. He contented himself with saying: \u00abI have been sent on a mission\u00bb. He led an irreproachable life.&nbsp;<\/p>\n\n\n\n<p class=\"has-black-color has-text-color has-link-color has-small-font-size wp-elements-8c8f3d8ee4619e6b6be35907338fc75f\">He had visions, spontaneous levitation, manipulation of fire, movement of heavy objects without any contact, materialisation of spirits, extraordinary healings and also transmitted messages from spirits.&nbsp;<\/p>\n\n\n\n<p class=\"has-black-color has-text-color has-link-color has-small-font-size wp-elements-6124cce3e707b42d44d4cb59674343eb\">The phenomenon of levitation was one of the proofs of Home's remarkable mediumistic powers. He is said to have risen several times in the air in the presence of witnesses of the highest reputation. In 1857, while staying in a chateau near Bordeaux, he rose to the ceiling of a rather high room. Home to leave evidence, he made a cross with a pencil on the ceiling.&nbsp;<\/p>\n\n\n\n<p class=\"has-black-color has-text-color has-link-color has-small-font-size wp-elements-8850c51ad1403057a1908dd6b6a1761b\">In 1860, an article by Robert Bell, \u00abStranger than a Novel\u00bb, published in the Cornhill, said: \u00abHe rose from the chair in which he was sitting to within four or five feet of the ground... We saw his head pass from one side of the window to the other, with his feet backwards, lying horizontally in the air\u00bb.&nbsp;&nbsp;<\/p>\n\n\n\n<p class=\"has-black-color has-text-color has-link-color has-small-font-size wp-elements-16f9dafd6629f6a14875fcd4ce3690bc\">In 1868, while the medium was in one of the rooms on the third floor of the Ashley House Hotel, in front of several people, he levitated out of one window and in through another.&nbsp;<\/p>\n\n\n\n<p class=\"has-black-color has-text-color has-link-color has-small-font-size wp-elements-e0b92a5d066abe59610f44507b9337ef\">There were so many cases of Home's levitation that a long chapter could be written exclusively on this phase of his mediumship. Moreover, they were attested by so many and such famous observers, and under such clear conditions, that no reasonable man could doubt them, and those made by Professor Crookes, who repeatedly witnessed the phenomenon, and spoke of it on 50 different occasions, would have sufficed for this purpose. The secretaries of the British Royal Society refused to admit the demonstrations of the physical phenomena which Crookes offered them, preferring to pronounce strongly against them.&nbsp;<\/p>\n\n\n\n<p class=\"has-black-color has-text-color has-link-color has-small-font-size wp-elements-b88e82ebf3e03f747eda9cc8d6915f0f\">There is also other clear evidence in the numerous testimonies of people in England who made investigations using Home and recorded the results in letters or public statements, demonstrating that they were not only convinced of the reality of the phenomena, but also of their spiritual origin. Among them deserve particular mention the Duchess of Sutherland, Dr. Robert Chambers, Dr. Gully (of Malvern), Sir Charles Nicholson, among others.&nbsp;<\/p>\n\n\n\n<p class=\"has-black-color has-text-color has-link-color has-small-font-size wp-elements-a23f199567875ac4d50b1a90a2d0dbf0\">Allan Kardec met Daniel Home personally in Paris, in October 1855; praising the medium's character, his modesty, his noble sentiments and his elevation of soul. The Codification of Spiritism always defended him from detractors and malevolents through the Spiritist Magazine, in different editions throughout the years.&nbsp;<\/p>\n\n\n\n<p class=\"has-black-color has-text-color has-link-color has-small-font-size wp-elements-7788b42d3dcb4daf4eeca8f093b649c1\">Kardec relates that not only Home but also the table rose in space without any contact, and that the phenomenon was not due to an act of the medium's will. Kardec writes that Home himself told him that he did not realise what was happening and that he always thought he was on the ground unless he looked down.&nbsp;<\/p>\n\n\n\n<p class=\"has-black-color has-text-color has-link-color has-small-font-size wp-elements-9093054f1bcfce5fc880c85774d91cba\">In the Spiritist Magazine (April-1858), Allan Kardec considers that the apparition productions of Home were the most extraordinary. He relates several instances of the formation of fluidic hands, in everything resembling living hands, solid and resistant; they appeared and suddenly evaporated when one tried to grasp them. He also mentions pianos and accordions that played by themselves.&nbsp;<\/p>\n\n\n\n<p class=\"has-black-color has-text-color has-link-color has-small-font-size wp-elements-3780b90be696cd6d15201576d86e7c82\">According to the Codifier, he corresponded with Home. In 1858, when the medium was in Italy, the slanders launched against him to defame him claimed that he was in Mazas prison. Kardec maintained that he had correspondence proving that he was peacefully in Naples for reasons of health.&nbsp;<\/p>\n\n\n\n<p class=\"has-black-color has-text-color has-link-color has-small-font-size wp-elements-8bbca8a69456ef22aa95f5bdfd2a61a9\">In the Spiritist Review (Sep-1863) the Codifier said about Home: &nbsp;<\/p>\n\n\n\n<p class=\"has-black-color has-text-color has-link-color has-small-font-size wp-elements-5abe693b92715823658b3ffb9b4f91cc\"><em>\"....There is no medium who has produced a more admirable set of phenomena, nor under more honest conditions, and yet a good many of those who have seen him work treat him as a skilful conjurer\".<\/em>&nbsp;<\/p>\n\n\n\n<p class=\"has-black-color has-text-color has-link-color has-small-font-size wp-elements-b83c216f53d0fc8a1acef945c03cf856\">Conan Doyle, said of Home: &nbsp;<\/p>\n\n\n\n<p class=\"has-black-color has-text-color has-link-color has-small-font-size wp-elements-a403b9f1863281b49131e2e94a086357\"><em>\"And when that life so useful and so disinterested passed into another world, there was hardly a newspaper, it must be said, to the eternal insult of our press, which did not treat Home as an impostor and a charlatan. But the time is approaching when it will have to be recognised that the man was one of the champions of the slow and arduous progress of mankind through ignorance\".<\/em>&nbsp;<\/p>\n<\/div><\/div>\n\n\n\n<div class=\"wp-block-uagb-container uagb-block-5c7ab7ba alignfull uagb-is-root-container\"><div class=\"uagb-container-inner-blocks-wrap\"><\/div><\/div>\n\n\n\n<div class=\"wp-block-uagb-container uagb-block-7e34ba38 alignfull uagb-is-root-container\"><div class=\"uagb-container-inner-blocks-wrap\"><\/div><\/div>","protected":false},"excerpt":{"rendered":"<p>Daniel Dunglas Home Daniel Dunglas Home, famoso m\u00e9dium brit\u00e1nico. Naci\u00f3 el 15 de marzo de 1833 en Escocia y desencarn\u00f3 el 21 de junio de 1886 en Francia. Se cas\u00f3 en Rusia en el a\u00f1o 1856 con Alexandrina Kroll, hermana de la condesa Kouchelew-Bezborodko.&nbsp; A los trece a\u00f1os comenz\u00f3 a dar se\u00f1ales de facultades ps\u00edquicas. [&hellip;]<\/p>","protected":false},"author":1,"featured_media":0,"parent":0,"menu_order":0,"comment_status":"closed","ping_status":"closed","template":"","meta":{"_uag_custom_page_level_css":"","site-sidebar-layout":"default","site-content-layout":"","ast-site-content-layout":"default","site-content-style":"default","site-sidebar-style":"default","ast-global-header-display":"","ast-banner-title-visibility":"","ast-main-header-display":"","ast-hfb-above-header-display":"","ast-hfb-below-header-display":"","ast-hfb-mobile-header-display":"","site-post-title":"disabled","ast-breadcrumbs-content":"","ast-featured-img":"","footer-sml-layout":"","theme-transparent-header-meta":"","adv-header-id-meta":"","stick-header-meta":"","header-above-stick-meta":"","header-main-stick-meta":"","header-below-stick-meta":"","astra-migrate-meta-layouts":"set","ast-page-background-enabled":"default","ast-page-background-meta":{"desktop":{"background-color":"var(--ast-global-color-4)","background-image":"","background-repeat":"repeat","background-position":"center center","background-size":"auto","background-attachment":"scroll","background-type":"","background-media":"","overlay-type":"","overlay-color":"","overlay-opacity":"","overlay-gradient":""},"tablet":{"background-color":"","background-image":"","background-repeat":"repeat","background-position":"center center","background-size":"auto","background-attachment":"scroll","background-type":"","background-media":"","overlay-type":"","overlay-color":"","overlay-opacity":"","overlay-gradient":""},"mobile":{"background-color":"","background-image":"","background-repeat":"repeat","background-position":"center center","background-size":"auto","background-attachment":"scroll","background-type":"","background-media":"","overlay-type":"","overlay-color":"","overlay-opacity":"","overlay-gradient":""}},"ast-content-background-meta":{"desktop":{"background-color":"var(--ast-global-color-5)","background-image":"","background-repeat":"repeat","background-position":"center center","background-size":"auto","background-attachment":"scroll","background-type":"","background-media":"","overlay-type":"","overlay-color":"","overlay-opacity":"","overlay-gradient":""},"tablet":{"background-color":"var(--ast-global-color-5)","background-image":"","background-repeat":"repeat","background-position":"center center","background-size":"auto","background-attachment":"scroll","background-type":"","background-media":"","overlay-type":"","overlay-color":"","overlay-opacity":"","overlay-gradient":""},"mobile":{"background-color":"var(--ast-global-color-5)","background-image":"","background-repeat":"repeat","background-position":"center center","background-size":"auto","background-attachment":"scroll","background-type":"","background-media":"","overlay-type":"","overlay-color":"","overlay-opacity":"","overlay-gradient":""}},"footnotes":""},"class_list":["post-3058","page","type-page","status-publish","hentry"],"yoast_head":"<!-- This site is optimized with the Yoast SEO Premium plugin v24.2 (Yoast SEO v24.6) - https:\/\/yoast.com\/wordpress\/plugins\/seo\/ -->\n<title>Daniel Dunglas Home - Uni\u00f3n Esp\u00edrita<\/title>\n<meta name=\"robots\" content=\"index, follow, max-snippet:-1, max-image-preview:large, max-video-preview:-1\" \/>\n<link rel=\"canonical\" href=\"https:\/\/nuevo-renacer.com\/en\/daniel-dunglas-home\/\" \/>\n<meta property=\"og:locale\" content=\"en_GB\" \/>\n<meta property=\"og:type\" content=\"article\" \/>\n<meta property=\"og:title\" content=\"Daniel Dunglas Home\" \/>\n<meta property=\"og:description\" content=\"Daniel Dunglas Home Daniel Dunglas Home, famoso m\u00e9dium brit\u00e1nico. Naci\u00f3 el 15 de marzo de 1833 en Escocia y desencarn\u00f3 el 21 de junio de 1886 en Francia. Se cas\u00f3 en Rusia en el a\u00f1o 1856 con Alexandrina Kroll, hermana de la condesa Kouchelew-Bezborodko.&nbsp; A los trece a\u00f1os comenz\u00f3 a dar se\u00f1ales de facultades ps\u00edquicas. [&hellip;]\" \/>\n<meta property=\"og:url\" content=\"https:\/\/nuevo-renacer.com\/en\/daniel-dunglas-home\/\" \/>\n<meta property=\"og:site_name\" content=\"Uni\u00f3n Esp\u00edrita\" \/>\n<meta property=\"article:publisher\" content=\"https:\/\/www.facebook.com\/groups\/3431398063740829\" \/>\n<meta property=\"article:modified_time\" content=\"2026-04-20T18:30:14+00:00\" \/>\n<meta property=\"og:image\" content=\"https:\/\/nuevo-renacer.com\/wp-content\/uploads\/2026\/04\/Daniel_Dunglas_Home.jpg\" \/>\n<meta name=\"twitter:card\" content=\"summary_large_image\" \/>\n<meta name=\"twitter:label1\" content=\"Estimated reading time\" \/>\n\t<meta name=\"twitter:data1\" content=\"5 minutes\" \/>\n<script type=\"application\/ld+json\" class=\"yoast-schema-graph\">{\"@context\":\"https:\/\/schema.org\",\"@graph\":[{\"@type\":\"WebPage\",\"@id\":\"https:\/\/nuevo-renacer.com\/daniel-dunglas-home\/\",\"url\":\"https:\/\/nuevo-renacer.com\/daniel-dunglas-home\/\",\"name\":\"Daniel Dunglas Home - Uni\u00f3n Esp\u00edrita\",\"isPartOf\":{\"@id\":\"https:\/\/nuevo-renacer.com\/#website\"},\"primaryImageOfPage\":{\"@id\":\"https:\/\/nuevo-renacer.com\/daniel-dunglas-home\/#primaryimage\"},\"image\":{\"@id\":\"https:\/\/nuevo-renacer.com\/daniel-dunglas-home\/#primaryimage\"},\"thumbnailUrl\":\"https:\/\/nuevo-renacer.com\/wp-content\/uploads\/2026\/04\/Daniel_Dunglas_Home.jpg\",\"datePublished\":\"2024-07-06T11:14:45+00:00\",\"dateModified\":\"2026-04-20T18:30:14+00:00\",\"breadcrumb\":{\"@id\":\"https:\/\/nuevo-renacer.com\/daniel-dunglas-home\/#breadcrumb\"},\"inLanguage\":\"en-GB\",\"potentialAction\":[{\"@type\":\"ReadAction\",\"target\":[\"https:\/\/nuevo-renacer.com\/daniel-dunglas-home\/\"]}]},{\"@type\":\"ImageObject\",\"inLanguage\":\"en-GB\",\"@id\":\"https:\/\/nuevo-renacer.com\/daniel-dunglas-home\/#primaryimage\",\"url\":\"https:\/\/nuevo-renacer.com\/wp-content\/uploads\/2026\/04\/Daniel_Dunglas_Home.jpg\",\"contentUrl\":\"https:\/\/nuevo-renacer.com\/wp-content\/uploads\/2026\/04\/Daniel_Dunglas_Home.jpg\"},{\"@type\":\"BreadcrumbList\",\"@id\":\"https:\/\/nuevo-renacer.com\/daniel-dunglas-home\/#breadcrumb\",\"itemListElement\":[{\"@type\":\"ListItem\",\"position\":1,\"name\":\"Startseite\",\"item\":\"https:\/\/nuevo-renacer.com\/\"},{\"@type\":\"ListItem\",\"position\":2,\"name\":\"Daniel Dunglas Home\"}]},{\"@type\":\"WebSite\",\"@id\":\"https:\/\/nuevo-renacer.com\/#website\",\"url\":\"https:\/\/nuevo-renacer.com\/\",\"name\":\"Uni\u00f3n Esp\u00edrita\",\"description\":\"Nuevo Renacer\",\"publisher\":{\"@id\":\"https:\/\/nuevo-renacer.com\/#organization\"},\"potentialAction\":[{\"@type\":\"SearchAction\",\"target\":{\"@type\":\"EntryPoint\",\"urlTemplate\":\"https:\/\/nuevo-renacer.com\/?s={search_term_string}\"},\"query-input\":{\"@type\":\"PropertyValueSpecification\",\"valueRequired\":true,\"valueName\":\"search_term_string\"}}],\"inLanguage\":\"en-GB\"},{\"@type\":\"Organization\",\"@id\":\"https:\/\/nuevo-renacer.com\/#organization\",\"name\":\"UFEC\",\"url\":\"https:\/\/nuevo-renacer.com\/\",\"logo\":{\"@type\":\"ImageObject\",\"inLanguage\":\"en-GB\",\"@id\":\"https:\/\/nuevo-renacer.com\/#\/schema\/logo\/image\/\",\"url\":\"https:\/\/nuevo-renacer.com\/wp-content\/uploads\/2024\/05\/cropped-LOGO-TERMINADO1-3-3.png\",\"contentUrl\":\"https:\/\/nuevo-renacer.com\/wp-content\/uploads\/2024\/05\/cropped-LOGO-TERMINADO1-3-3.png\",\"width\":512,\"height\":512,\"caption\":\"UFEC\"},\"image\":{\"@id\":\"https:\/\/nuevo-renacer.com\/#\/schema\/logo\/image\/\"},\"sameAs\":[\"https:\/\/www.facebook.com\/groups\/3431398063740829\"]}]}<\/script>\n<!-- \/ Yoast SEO Premium plugin. -->","yoast_head_json":{"title":"Daniel Dunglas Home - Uni\u00f3n Esp\u00edrita","robots":{"index":"index","follow":"follow","max-snippet":"max-snippet:-1","max-image-preview":"max-image-preview:large","max-video-preview":"max-video-preview:-1"},"canonical":"https:\/\/nuevo-renacer.com\/en\/daniel-dunglas-home\/","og_locale":"en_GB","og_type":"article","og_title":"Daniel Dunglas Home","og_description":"Daniel Dunglas Home Daniel Dunglas Home, famoso m\u00e9dium brit\u00e1nico. Naci\u00f3 el 15 de marzo de 1833 en Escocia y desencarn\u00f3 el 21 de junio de 1886 en Francia. Se cas\u00f3 en Rusia en el a\u00f1o 1856 con Alexandrina Kroll, hermana de la condesa Kouchelew-Bezborodko.&nbsp; A los trece a\u00f1os comenz\u00f3 a dar se\u00f1ales de facultades ps\u00edquicas. [&hellip;]","og_url":"https:\/\/nuevo-renacer.com\/en\/daniel-dunglas-home\/","og_site_name":"Uni\u00f3n Esp\u00edrita","article_publisher":"https:\/\/www.facebook.com\/groups\/3431398063740829","article_modified_time":"2026-04-20T18:30:14+00:00","og_image":[{"url":"https:\/\/nuevo-renacer.com\/wp-content\/uploads\/2026\/04\/Daniel_Dunglas_Home.jpg","type":"","width":"","height":""}],"twitter_card":"summary_large_image","twitter_misc":{"Estimated reading time":"5 minutes"},"schema":{"@context":"https:\/\/schema.org","@graph":[{"@type":"WebPage","@id":"https:\/\/nuevo-renacer.com\/daniel-dunglas-home\/","url":"https:\/\/nuevo-renacer.com\/daniel-dunglas-home\/","name":"Daniel Dunglas Home - Uni\u00f3n Esp\u00edrita","isPartOf":{"@id":"https:\/\/nuevo-renacer.com\/#website"},"primaryImageOfPage":{"@id":"https:\/\/nuevo-renacer.com\/daniel-dunglas-home\/#primaryimage"},"image":{"@id":"https:\/\/nuevo-renacer.com\/daniel-dunglas-home\/#primaryimage"},"thumbnailUrl":"https:\/\/nuevo-renacer.com\/wp-content\/uploads\/2026\/04\/Daniel_Dunglas_Home.jpg","datePublished":"2024-07-06T11:14:45+00:00","dateModified":"2026-04-20T18:30:14+00:00","breadcrumb":{"@id":"https:\/\/nuevo-renacer.com\/daniel-dunglas-home\/#breadcrumb"},"inLanguage":"en-GB","potentialAction":[{"@type":"ReadAction","target":["https:\/\/nuevo-renacer.com\/daniel-dunglas-home\/"]}]},{"@type":"ImageObject","inLanguage":"en-GB","@id":"https:\/\/nuevo-renacer.com\/daniel-dunglas-home\/#primaryimage","url":"https:\/\/nuevo-renacer.com\/wp-content\/uploads\/2026\/04\/Daniel_Dunglas_Home.jpg","contentUrl":"https:\/\/nuevo-renacer.com\/wp-content\/uploads\/2026\/04\/Daniel_Dunglas_Home.jpg"},{"@type":"BreadcrumbList","@id":"https:\/\/nuevo-renacer.com\/daniel-dunglas-home\/#breadcrumb","itemListElement":[{"@type":"ListItem","position":1,"name":"Startseite","item":"https:\/\/nuevo-renacer.com\/"},{"@type":"ListItem","position":2,"name":"Daniel Dunglas Home"}]},{"@type":"WebSite","@id":"https:\/\/nuevo-renacer.com\/#website","url":"https:\/\/nuevo-renacer.com\/","name":"Uni\u00f3n Esp\u00edrita","description":"Nuevo Renacer","publisher":{"@id":"https:\/\/nuevo-renacer.com\/#organization"},"potentialAction":[{"@type":"SearchAction","target":{"@type":"EntryPoint","urlTemplate":"https:\/\/nuevo-renacer.com\/?s={search_term_string}"},"query-input":{"@type":"PropertyValueSpecification","valueRequired":true,"valueName":"search_term_string"}}],"inLanguage":"en-GB"},{"@type":"Organization","@id":"https:\/\/nuevo-renacer.com\/#organization","name":"UFEC","url":"https:\/\/nuevo-renacer.com\/","logo":{"@type":"ImageObject","inLanguage":"en-GB","@id":"https:\/\/nuevo-renacer.com\/#\/schema\/logo\/image\/","url":"https:\/\/nuevo-renacer.com\/wp-content\/uploads\/2024\/05\/cropped-LOGO-TERMINADO1-3-3.png","contentUrl":"https:\/\/nuevo-renacer.com\/wp-content\/uploads\/2024\/05\/cropped-LOGO-TERMINADO1-3-3.png","width":512,"height":512,"caption":"UFEC"},"image":{"@id":"https:\/\/nuevo-renacer.com\/#\/schema\/logo\/image\/"},"sameAs":["https:\/\/www.facebook.com\/groups\/3431398063740829"]}]}},"uagb_featured_image_src":{"full":false,"thumbnail":false,"medium":false,"medium_large":false,"large":false,"1536x1536":false,"2048x2048":false,"trp-custom-language-flag":false},"uagb_author_info":{"display_name":"adbv0","author_link":"https:\/\/nuevo-renacer.com\/en\/author\/adbv0\/"},"uagb_comment_info":0,"uagb_excerpt":"Daniel Dunglas Home Daniel Dunglas Home, famoso m\u00e9dium brit\u00e1nico. Naci\u00f3 el 15 de marzo de 1833 en Escocia y desencarn\u00f3 el 21 de junio de 1886 en Francia. Se cas\u00f3 en Rusia en el a\u00f1o 1856 con Alexandrina Kroll, hermana de la condesa Kouchelew-Bezborodko.&nbsp; A los trece a\u00f1os comenz\u00f3 a dar se\u00f1ales de facultades ps\u00edquicas.&hellip;","jetpack_sharing_enabled":true,"_links":{"self":[{"href":"https:\/\/nuevo-renacer.com\/en\/wp-json\/wp\/v2\/pages\/3058","targetHints":{"allow":["GET"]}}],"collection":[{"href":"https:\/\/nuevo-renacer.com\/en\/wp-json\/wp\/v2\/pages"}],"about":[{"href":"https:\/\/nuevo-renacer.com\/en\/wp-json\/wp\/v2\/types\/page"}],"author":[{"embeddable":true,"href":"https:\/\/nuevo-renacer.com\/en\/wp-json\/wp\/v2\/users\/1"}],"replies":[{"embeddable":true,"href":"https:\/\/nuevo-renacer.com\/en\/wp-json\/wp\/v2\/comments?post=3058"}],"version-history":[{"count":6,"href":"https:\/\/nuevo-renacer.com\/en\/wp-json\/wp\/v2\/pages\/3058\/revisions"}],"predecessor-version":[{"id":8875,"href":"https:\/\/nuevo-renacer.com\/en\/wp-json\/wp\/v2\/pages\/3058\/revisions\/8875"}],"wp:attachment":[{"href":"https:\/\/nuevo-renacer.com\/en\/wp-json\/wp\/v2\/media?parent=3058"}],"curies":[{"name":"wp","href":"https:\/\/api.w.org\/{rel}","templated":true}]}}