{"id":3007,"date":"2024-07-06T10:06:16","date_gmt":"2024-07-06T10:06:16","guid":{"rendered":"https:\/\/ufec-mundial.com\/?page_id=3007"},"modified":"2025-06-13T09:43:05","modified_gmt":"2025-06-13T09:43:05","slug":"amalia-domingo-soler","status":"publish","type":"page","link":"https:\/\/nuevo-renacer.com\/en\/amalia-domingo-soler\/","title":{"rendered":"Amalia Domingo Soler"},"content":{"rendered":"<div class=\"wp-block-uagb-container uagb-block-661afeb2 alignfull uagb-is-root-container\"><div class=\"uagb-container-inner-blocks-wrap\">\n<p class=\"has-black-color has-text-color has-link-color has-medium-font-size wp-elements-18db3420bb6455dcb0b2842ca44424bb\"><strong>Amalia Domingo Soler<\/strong> <strong>\u2013 The chronicler of the poor.<\/strong><\/p>\n<\/div><\/div>\n\n\n\n<div class=\"wp-block-uagb-container uagb-block-1d86372b alignfull uagb-is-root-container\"><div class=\"uagb-container-inner-blocks-wrap\">\n<div class=\"wp-block-uagb-image alignleft uagb-block-53766e01 wp-block-uagb-image--layout-default wp-block-uagb-image--effect-static wp-block-uagb-image--align-left\"><figure class=\"wp-block-uagb-image__figure\"><img loading=\"lazy\" decoding=\"async\" srcset=\"https:\/\/nuevo-renacer.com\/wp-content\/uploads\/2024\/06\/amalia.jpg ,https:\/\/nuevo-renacer.com\/wp-content\/uploads\/2024\/06\/amalia.jpg 780w, https:\/\/nuevo-renacer.com\/wp-content\/uploads\/2024\/06\/amalia.jpg 360w\" sizes=\"auto, (max-width: 480px) 150px\" src=\"https:\/\/nuevo-renacer.com\/wp-content\/uploads\/2024\/06\/amalia.jpg\" alt=\"\" class=\"uag-image-2595\" width=\"150\" height=\"214\" title=\"\" role=\"img\"\/><\/figure><\/div>\n<\/div><\/div>\n\n\n\n<p class=\"has-black-color has-text-color has-link-color has-small-font-size wp-elements-ba18be47eb7aa21a87fcc7fa5a1dafc7\">Born in Seville, Spain on 10 November 1835, her childhood and youth were marked by many hardships. From birth her health was fragile and at the age of eight days she had a serious sight problem that almost left her blind, but thanks to the treatment of a modest pharmacist she partially recovered, and after three months she recovered her sight, which nevertheless remained very delicate. She suffered from a weakness of the retina which remained with her throughout her life.&nbsp;<\/p>\n\n\n\n<div class=\"wp-block-uagb-container uagb-block-f2f05f26 alignfull uagb-is-root-container\"><div class=\"uagb-container-inner-blocks-wrap\"><\/div><\/div>\n\n\n\n<p class=\"has-black-color has-text-color has-link-color has-small-font-size wp-elements-225dd5a812bedd85bc77ce1b7bdf0148\">Her eyes were very imperfect, but her mother was absolutely devoted to her, and had no other concern than to make her happy, without neglecting her education in the slightest by her extreme affection. When she was two years old her mother began the arduous task of teaching her to read, for Amalia's mother was very persevering, and although she threw all the primers she could in the street or tore them up with the greatest pleasure, she always had spare primers, and never for one day failed to give her a lesson. As a reward for her eagerness and her vigilance, she succeeded in getting her to read correctly at the age of five, making her read aloud two hours a day, and when she was older, two in the morning and two in the afternoon.&nbsp;<\/p>\n\n\n\n<div class=\"wp-block-uagb-container uagb-block-703a4227 alignfull uagb-is-root-container\"><div class=\"uagb-container-inner-blocks-wrap\"><\/div><\/div>\n\n\n\n<p class=\"has-black-color has-text-color has-link-color has-small-font-size wp-elements-24ac8cf41d0cf4b4490dbc4228918679\">These two spirits united in such an admirable way that they were able to guess each other's thoughts by looking at each other. Although physically she was of a sickly constitution, from an early age she displayed a strong and resolute character.<\/p>\n\n\n\n<div class=\"wp-block-uagb-container uagb-block-632be6b5 alignfull uagb-is-root-container\"><div class=\"uagb-container-inner-blocks-wrap\"><\/div><\/div>\n\n\n\n<h3 class=\"wp-block-heading has-black-color has-text-color has-link-color has-small-font-size wp-elements-b99017cc69b4b5c853d5d014e23e4ee4\" id=\"h-muerte-de-su-madre\"><strong>Death of her mother<\/strong><\/h3>\n\n\n\n<p class=\"has-black-color has-text-color has-link-color has-small-font-size wp-elements-72d3f0c847dd304e6b0ba81daf2f5809\">Her mother passed away in June 1860, Amalia was twenty-five years old, and for three months she lost her memory completely. Her mother's resources were practically exhausted in the treatment of her health, and her relations with her relatives (her father's relatives) were not the best. Thus, beyond the loneliness, Amalia's days of great hardship began. The solutions proposed by her relatives were impossible for her to accept: entry into the convent or an arranged marriage to a much older man in a good financial position. She did not want to be a nun, she said:&nbsp;<\/p>\n\n\n\n<div class=\"wp-block-uagb-container uagb-block-02465c5a alignfull uagb-is-root-container\"><div class=\"uagb-container-inner-blocks-wrap\"><\/div><\/div>\n\n\n\n<p class=\"has-black-color has-pale-cyan-blue-background-color has-text-color has-background has-link-color has-small-font-size wp-elements-44fecea09b305f6eeea2dee72dbb3aed\">My soul does not feel the need of fasting or penance; nor do I find God in the altars of temples; convents have always seemed to me to be the dungeons of the intellect. I find my God in the sun, in the air, in the flowers, in the birds, in the mountains, in the rivers, in the seas, wherever life manifests itself.<\/p>\n\n\n\n<div class=\"wp-block-uagb-container uagb-block-bb5e32b3 alignfull uagb-is-root-container\"><div class=\"uagb-container-inner-blocks-wrap\"><\/div><\/div>\n\n\n\n<p class=\"has-black-color has-text-color has-link-color has-small-font-size wp-elements-d9980ffe15c0ccde9e47d696e4fc8cec\">For 6 months her relatives gave her a small pension in exchange for being the seamstress in the house, after which they told her that this was a superfluous expense and that they could no longer take care of her.<\/p>\n\n\n\n<div class=\"wp-block-uagb-container uagb-block-d72c3289 alignfull uagb-is-root-container\"><div class=\"uagb-container-inner-blocks-wrap\"><\/div><\/div>\n\n\n\n<h3 class=\"wp-block-heading has-black-color has-text-color has-link-color has-small-font-size wp-elements-e3a2c74ee0295b72e31fe6b97716f69d\" id=\"h-estudio-del-espiritismo\"><strong>Study of the spiritism<\/strong><\/h3>\n\n\n\n<p class=\"has-black-color has-text-color has-link-color has-small-font-size wp-elements-218cab2f04f409491b553ab0bf1fbeb8\">She had contact with a materialistic doctor, and seeing Amalia's interest in these people, she undertook to bring her a newspaper she received called \u2018El Criterio\u2019. She was invited to write for the newspapers, publishing her first spiritism article in issue number nine of 1872, in \u2018The Criterion\u2019 entitled \u2018The Spiritist Faith\u2019. She sent poems to the newspaper \u2018La Revelaci\u00f3n\u2019 in Alicante. He also published an article \u2018Spiritism is the truth\u2019. From that moment on he began to study Spiritism and one morning at home he began to feel a painful and strange sensation in his head; at the same time he seemed to hear strange and confused voices saying: \u2018Light! Light!\u2019. Without knowing why she began to cry and without realising it she looked in the mirror and noticed that her eyes were open as they had not been for a long time. Then she asked aloud as if someone could answer her: \u2018Has the time come for me to receive my freedom? And he heard a yes, in a very distant voice. At that moment he regained his sight and ran off to the doctor, to whom he said that he had regained his sight and that from then on he would not have to strain himself.&nbsp;<\/p>\n\n\n\n<div class=\"wp-block-uagb-container uagb-block-ec943744 alignfull uagb-is-root-container\"><div class=\"uagb-container-inner-blocks-wrap\"><\/div><\/div>\n\n\n\n<p class=\"has-black-color has-text-color has-link-color has-small-font-size wp-elements-db3500fda07e2f5600ad15cda242c9b0\">Thus he got in touch with the Spanish Spiritist Federation and read for the first time a poem dedicated to Allan Kardec on April 4th, 1874. From then on, editors and publishers of spiritist magazines and newspapers wrote to him asking him for works; he says that what he wrote at that time astonished him because he had neither dictionaries nor grammar books.&nbsp;<\/p>\n\n\n\n<div class=\"wp-block-uagb-container uagb-block-de461a29 alignfull uagb-is-root-container\"><div class=\"uagb-container-inner-blocks-wrap\"><\/div><\/div>\n\n\n\n<h3 class=\"wp-block-heading has-black-color has-text-color has-link-color has-small-font-size wp-elements-df38d0abfe86bc6e1d746b097c63f467\" id=\"h-obras\"><strong>Works<\/strong><\/h3>\n\n\n\n<p class=\"has-black-color has-text-color has-link-color has-small-font-size wp-elements-2acb7a5b8099a54a44fc177e3bdb3aae\">Amalia wrote her first poems at the age of ten, and at 18 she published her first verses. One of her poems recalls the best days of her youth, her walks with her mother and friends in the gardens of the Alc\u00e1zar in Seville. His articles are today, as they were yesterday, clear and direct expositions on Spiritism, faithful interpreters of the Spiritist Science codified by Allan Kardec. From the year 1873 to 1903, Amalia had delivered to the press more than 2. 000 productions (as she indicates in the prologue of her book Ramos de Violetas), which were published in newspapers in Spain and abroad, some of which were: El Criterio and El Espiritism, of Madrid; La Gaceta de Catalu\u00f1a, La Luz del Porvenir and the Revista de Estudios Psicol\u00f3gicos, of Barcelona; La Revelaci\u00f3n, of Alicante; El Espiritism, of Seville; Las Ilustraciones Esp\u00edritas, of Mexico; La Ley del Amor, of M\u00e9rida de Yucat\u00e1n; La Revista Esp\u00edrita, of Montevideo; La Constancia, of Buenos Aires; the Annals of Spiritism, in Italy. Her Most Beautiful Writings, contains accounts of daily life analysed in the light of Spiritism by Amalia.&nbsp;<\/p>\n\n\n\n<div class=\"wp-block-uagb-container uagb-block-933036ad alignfull uagb-is-root-container\"><div class=\"uagb-container-inner-blocks-wrap\"><\/div><\/div>\n\n\n\n<h3 class=\"wp-block-heading has-black-color has-text-color has-link-color has-small-font-size wp-elements-1c324ccccb2f60818cc7e229fea280c0\" id=\"h-muerte\"><strong>Death<\/strong><\/h3>\n\n\n\n<p class=\"has-black-color has-text-color has-link-color has-small-font-size wp-elements-af6311d90f4f80574e99c5d97a424d85\">After a long and active career, the last years of his life were spent, even in very poor health, in the same line of writings and collaborations on spiritism, until his death on 29 April 1909 as a result of bronchopneumonia. His civil burial took place in the South-West Cemetery, on the slopes of Montjuic.&nbsp;<\/p>\n\n\n\n<div class=\"wp-block-uagb-container uagb-block-a30cbaf5 alignfull uagb-is-root-container\"><div class=\"uagb-container-inner-blocks-wrap\"><\/div><\/div>\n\n\n\n<p class=\"has-black-color has-text-color has-link-color has-small-font-size wp-elements-4c08cab4596ce95ca9db11db02fbbd81\">In the same year as her death, her book Flowers of the Soul (1909) appeared, and three years later, her Memoirs of the Distinguished Singer of Spiritism (1912), which, divided into two distinct parts, present in the first the chapters written by the author herself, and in the second, those that were \u2018dictated from space by herself\u2019, and her revelations through the medium Maria.&nbsp;<\/p>\n\n\n\n<p class=\"has-black-color has-text-color has-link-color has-small-font-size wp-elements-fc35d1777b88a7c6c20b89f2ed75ef66\">Several other books appeared posthumously, among which we can remember Consejos de ultratumba, Las grandes virtudes, Cuentos para ni\u00f1os, and, in a very special way, we can highlight his interesting and very curious Cuentos espiritistas.<\/p>","protected":false},"excerpt":{"rendered":"<p>Amalia Domingo Soler &#8211; La cronista de los pobres. Naci\u00f3 en Sevilla, Espa\u00f1a el 10 de noviembre de 1835, su infancia y juventud estuvieron marcadas por muchas penalidades. Desde su nacimiento su salud era fr\u00e1gil y a los ocho d\u00edas se le present\u00f3 un grave problema de visi\u00f3n que casi la dej\u00f3 invidente, pero gracias [&hellip;]<\/p>","protected":false},"author":1,"featured_media":0,"parent":0,"menu_order":0,"comment_status":"closed","ping_status":"closed","template":"","meta":{"_uag_custom_page_level_css":"","site-sidebar-layout":"default","site-content-layout":"","ast-site-content-layout":"default","site-content-style":"default","site-sidebar-style":"default","ast-global-header-display":"","ast-banner-title-visibility":"","ast-main-header-display":"","ast-hfb-above-header-display":"","ast-hfb-below-header-display":"","ast-hfb-mobile-header-display":"","site-post-title":"disabled","ast-breadcrumbs-content":"","ast-featured-img":"","footer-sml-layout":"","theme-transparent-header-meta":"","adv-header-id-meta":"","stick-header-meta":"","header-above-stick-meta":"","header-main-stick-meta":"","header-below-stick-meta":"","astra-migrate-meta-layouts":"set","ast-page-background-enabled":"default","ast-page-background-meta":{"desktop":{"background-color":"var(--ast-global-color-4)","background-image":"","background-repeat":"repeat","background-position":"center center","background-size":"auto","background-attachment":"scroll","background-type":"","background-media":"","overlay-type":"","overlay-color":"","overlay-opacity":"","overlay-gradient":""},"tablet":{"background-color":"","background-image":"","background-repeat":"repeat","background-position":"center center","background-size":"auto","background-attachment":"scroll","background-type":"","background-media":"","overlay-type":"","overlay-color":"","overlay-opacity":"","overlay-gradient":""},"mobile":{"background-color":"","background-image":"","background-repeat":"repeat","background-position":"center center","background-size":"auto","background-attachment":"scroll","background-type":"","background-media":"","overlay-type":"","overlay-color":"","overlay-opacity":"","overlay-gradient":""}},"ast-content-background-meta":{"desktop":{"background-color":"var(--ast-global-color-5)","background-image":"","background-repeat":"repeat","background-position":"center center","background-size":"auto","background-attachment":"scroll","background-type":"","background-media":"","overlay-type":"","overlay-color":"","overlay-opacity":"","overlay-gradient":""},"tablet":{"background-color":"var(--ast-global-color-5)","background-image":"","background-repeat":"repeat","background-position":"center center","background-size":"auto","background-attachment":"scroll","background-type":"","background-media":"","overlay-type":"","overlay-color":"","overlay-opacity":"","overlay-gradient":""},"mobile":{"background-color":"var(--ast-global-color-5)","background-image":"","background-repeat":"repeat","background-position":"center center","background-size":"auto","background-attachment":"scroll","background-type":"","background-media":"","overlay-type":"","overlay-color":"","overlay-opacity":"","overlay-gradient":""}},"footnotes":""},"class_list":["post-3007","page","type-page","status-publish","hentry"],"yoast_head":"<!-- This site is optimized with the Yoast SEO Premium plugin v24.2 (Yoast SEO v24.6) - https:\/\/yoast.com\/wordpress\/plugins\/seo\/ -->\n<title>Amalia Domingo Soler - Uni\u00f3n Esp\u00edrita<\/title>\n<meta name=\"robots\" content=\"index, follow, max-snippet:-1, max-image-preview:large, max-video-preview:-1\" \/>\n<link rel=\"canonical\" href=\"https:\/\/nuevo-renacer.com\/en\/amalia-domingo-soler\/\" \/>\n<meta property=\"og:locale\" content=\"en_GB\" \/>\n<meta property=\"og:type\" content=\"article\" \/>\n<meta property=\"og:title\" content=\"Amalia Domingo Soler\" \/>\n<meta property=\"og:description\" content=\"Amalia Domingo Soler &#8211; La cronista de los pobres. Naci\u00f3 en Sevilla, Espa\u00f1a el 10 de noviembre de 1835, su infancia y juventud estuvieron marcadas por muchas penalidades. Desde su nacimiento su salud era fr\u00e1gil y a los ocho d\u00edas se le present\u00f3 un grave problema de visi\u00f3n que casi la dej\u00f3 invidente, pero gracias [&hellip;]\" \/>\n<meta property=\"og:url\" content=\"https:\/\/nuevo-renacer.com\/en\/amalia-domingo-soler\/\" \/>\n<meta property=\"og:site_name\" content=\"Uni\u00f3n Esp\u00edrita\" \/>\n<meta property=\"article:publisher\" content=\"https:\/\/www.facebook.com\/groups\/3431398063740829\" \/>\n<meta property=\"article:modified_time\" content=\"2025-06-13T09:43:05+00:00\" \/>\n<meta property=\"og:image\" content=\"https:\/\/nuevo-renacer.com\/wp-content\/uploads\/2024\/06\/amalia.jpg\" \/>\n<meta name=\"twitter:card\" content=\"summary_large_image\" \/>\n<meta name=\"twitter:label1\" content=\"Estimated reading time\" \/>\n\t<meta name=\"twitter:data1\" content=\"7 minutes\" \/>\n<script type=\"application\/ld+json\" class=\"yoast-schema-graph\">{\"@context\":\"https:\/\/schema.org\",\"@graph\":[{\"@type\":\"WebPage\",\"@id\":\"https:\/\/nuevo-renacer.com\/amalia-domingo-soler\/\",\"url\":\"https:\/\/nuevo-renacer.com\/amalia-domingo-soler\/\",\"name\":\"Amalia Domingo Soler - Uni\u00f3n Esp\u00edrita\",\"isPartOf\":{\"@id\":\"https:\/\/nuevo-renacer.com\/#website\"},\"primaryImageOfPage\":{\"@id\":\"https:\/\/nuevo-renacer.com\/amalia-domingo-soler\/#primaryimage\"},\"image\":{\"@id\":\"https:\/\/nuevo-renacer.com\/amalia-domingo-soler\/#primaryimage\"},\"thumbnailUrl\":\"https:\/\/nuevo-renacer.com\/wp-content\/uploads\/2024\/06\/amalia.jpg\",\"datePublished\":\"2024-07-06T10:06:16+00:00\",\"dateModified\":\"2025-06-13T09:43:05+00:00\",\"breadcrumb\":{\"@id\":\"https:\/\/nuevo-renacer.com\/amalia-domingo-soler\/#breadcrumb\"},\"inLanguage\":\"en-GB\",\"potentialAction\":[{\"@type\":\"ReadAction\",\"target\":[\"https:\/\/nuevo-renacer.com\/amalia-domingo-soler\/\"]}]},{\"@type\":\"ImageObject\",\"inLanguage\":\"en-GB\",\"@id\":\"https:\/\/nuevo-renacer.com\/amalia-domingo-soler\/#primaryimage\",\"url\":\"https:\/\/nuevo-renacer.com\/wp-content\/uploads\/2024\/06\/amalia.jpg\",\"contentUrl\":\"https:\/\/nuevo-renacer.com\/wp-content\/uploads\/2024\/06\/amalia.jpg\"},{\"@type\":\"BreadcrumbList\",\"@id\":\"https:\/\/nuevo-renacer.com\/amalia-domingo-soler\/#breadcrumb\",\"itemListElement\":[{\"@type\":\"ListItem\",\"position\":1,\"name\":\"Startseite\",\"item\":\"https:\/\/nuevo-renacer.com\/\"},{\"@type\":\"ListItem\",\"position\":2,\"name\":\"Amalia Domingo Soler\"}]},{\"@type\":\"WebSite\",\"@id\":\"https:\/\/nuevo-renacer.com\/#website\",\"url\":\"https:\/\/nuevo-renacer.com\/\",\"name\":\"Uni\u00f3n Esp\u00edrita\",\"description\":\"Nuevo Renacer\",\"publisher\":{\"@id\":\"https:\/\/nuevo-renacer.com\/#organization\"},\"potentialAction\":[{\"@type\":\"SearchAction\",\"target\":{\"@type\":\"EntryPoint\",\"urlTemplate\":\"https:\/\/nuevo-renacer.com\/?s={search_term_string}\"},\"query-input\":{\"@type\":\"PropertyValueSpecification\",\"valueRequired\":true,\"valueName\":\"search_term_string\"}}],\"inLanguage\":\"en-GB\"},{\"@type\":\"Organization\",\"@id\":\"https:\/\/nuevo-renacer.com\/#organization\",\"name\":\"UFEC\",\"url\":\"https:\/\/nuevo-renacer.com\/\",\"logo\":{\"@type\":\"ImageObject\",\"inLanguage\":\"en-GB\",\"@id\":\"https:\/\/nuevo-renacer.com\/#\/schema\/logo\/image\/\",\"url\":\"https:\/\/nuevo-renacer.com\/wp-content\/uploads\/2024\/05\/cropped-LOGO-TERMINADO1-3-3.png\",\"contentUrl\":\"https:\/\/nuevo-renacer.com\/wp-content\/uploads\/2024\/05\/cropped-LOGO-TERMINADO1-3-3.png\",\"width\":512,\"height\":512,\"caption\":\"UFEC\"},\"image\":{\"@id\":\"https:\/\/nuevo-renacer.com\/#\/schema\/logo\/image\/\"},\"sameAs\":[\"https:\/\/www.facebook.com\/groups\/3431398063740829\"]}]}<\/script>\n<!-- \/ Yoast SEO Premium plugin. -->","yoast_head_json":{"title":"Amalia Domingo Soler - Uni\u00f3n Esp\u00edrita","robots":{"index":"index","follow":"follow","max-snippet":"max-snippet:-1","max-image-preview":"max-image-preview:large","max-video-preview":"max-video-preview:-1"},"canonical":"https:\/\/nuevo-renacer.com\/en\/amalia-domingo-soler\/","og_locale":"en_GB","og_type":"article","og_title":"Amalia Domingo Soler","og_description":"Amalia Domingo Soler &#8211; La cronista de los pobres. Naci\u00f3 en Sevilla, Espa\u00f1a el 10 de noviembre de 1835, su infancia y juventud estuvieron marcadas por muchas penalidades. Desde su nacimiento su salud era fr\u00e1gil y a los ocho d\u00edas se le present\u00f3 un grave problema de visi\u00f3n que casi la dej\u00f3 invidente, pero gracias [&hellip;]","og_url":"https:\/\/nuevo-renacer.com\/en\/amalia-domingo-soler\/","og_site_name":"Uni\u00f3n Esp\u00edrita","article_publisher":"https:\/\/www.facebook.com\/groups\/3431398063740829","article_modified_time":"2025-06-13T09:43:05+00:00","og_image":[{"url":"https:\/\/nuevo-renacer.com\/wp-content\/uploads\/2024\/06\/amalia.jpg","type":"","width":"","height":""}],"twitter_card":"summary_large_image","twitter_misc":{"Estimated reading time":"7 minutes"},"schema":{"@context":"https:\/\/schema.org","@graph":[{"@type":"WebPage","@id":"https:\/\/nuevo-renacer.com\/amalia-domingo-soler\/","url":"https:\/\/nuevo-renacer.com\/amalia-domingo-soler\/","name":"Amalia Domingo Soler - Uni\u00f3n Esp\u00edrita","isPartOf":{"@id":"https:\/\/nuevo-renacer.com\/#website"},"primaryImageOfPage":{"@id":"https:\/\/nuevo-renacer.com\/amalia-domingo-soler\/#primaryimage"},"image":{"@id":"https:\/\/nuevo-renacer.com\/amalia-domingo-soler\/#primaryimage"},"thumbnailUrl":"https:\/\/nuevo-renacer.com\/wp-content\/uploads\/2024\/06\/amalia.jpg","datePublished":"2024-07-06T10:06:16+00:00","dateModified":"2025-06-13T09:43:05+00:00","breadcrumb":{"@id":"https:\/\/nuevo-renacer.com\/amalia-domingo-soler\/#breadcrumb"},"inLanguage":"en-GB","potentialAction":[{"@type":"ReadAction","target":["https:\/\/nuevo-renacer.com\/amalia-domingo-soler\/"]}]},{"@type":"ImageObject","inLanguage":"en-GB","@id":"https:\/\/nuevo-renacer.com\/amalia-domingo-soler\/#primaryimage","url":"https:\/\/nuevo-renacer.com\/wp-content\/uploads\/2024\/06\/amalia.jpg","contentUrl":"https:\/\/nuevo-renacer.com\/wp-content\/uploads\/2024\/06\/amalia.jpg"},{"@type":"BreadcrumbList","@id":"https:\/\/nuevo-renacer.com\/amalia-domingo-soler\/#breadcrumb","itemListElement":[{"@type":"ListItem","position":1,"name":"Startseite","item":"https:\/\/nuevo-renacer.com\/"},{"@type":"ListItem","position":2,"name":"Amalia Domingo Soler"}]},{"@type":"WebSite","@id":"https:\/\/nuevo-renacer.com\/#website","url":"https:\/\/nuevo-renacer.com\/","name":"Uni\u00f3n Esp\u00edrita","description":"Nuevo Renacer","publisher":{"@id":"https:\/\/nuevo-renacer.com\/#organization"},"potentialAction":[{"@type":"SearchAction","target":{"@type":"EntryPoint","urlTemplate":"https:\/\/nuevo-renacer.com\/?s={search_term_string}"},"query-input":{"@type":"PropertyValueSpecification","valueRequired":true,"valueName":"search_term_string"}}],"inLanguage":"en-GB"},{"@type":"Organization","@id":"https:\/\/nuevo-renacer.com\/#organization","name":"UFEC","url":"https:\/\/nuevo-renacer.com\/","logo":{"@type":"ImageObject","inLanguage":"en-GB","@id":"https:\/\/nuevo-renacer.com\/#\/schema\/logo\/image\/","url":"https:\/\/nuevo-renacer.com\/wp-content\/uploads\/2024\/05\/cropped-LOGO-TERMINADO1-3-3.png","contentUrl":"https:\/\/nuevo-renacer.com\/wp-content\/uploads\/2024\/05\/cropped-LOGO-TERMINADO1-3-3.png","width":512,"height":512,"caption":"UFEC"},"image":{"@id":"https:\/\/nuevo-renacer.com\/#\/schema\/logo\/image\/"},"sameAs":["https:\/\/www.facebook.com\/groups\/3431398063740829"]}]}},"uagb_featured_image_src":{"full":false,"thumbnail":false,"medium":false,"medium_large":false,"large":false,"1536x1536":false,"2048x2048":false,"trp-custom-language-flag":false},"uagb_author_info":{"display_name":"adbv0","author_link":"https:\/\/nuevo-renacer.com\/en\/author\/adbv0\/"},"uagb_comment_info":0,"uagb_excerpt":"Amalia Domingo Soler &#8211; La cronista de los pobres. Naci\u00f3 en Sevilla, Espa\u00f1a el 10 de noviembre de 1835, su infancia y juventud estuvieron marcadas por muchas penalidades. Desde su nacimiento su salud era fr\u00e1gil y a los ocho d\u00edas se le present\u00f3 un grave problema de visi\u00f3n que casi la dej\u00f3 invidente, pero gracias&hellip;","jetpack_sharing_enabled":true,"_links":{"self":[{"href":"https:\/\/nuevo-renacer.com\/en\/wp-json\/wp\/v2\/pages\/3007","targetHints":{"allow":["GET"]}}],"collection":[{"href":"https:\/\/nuevo-renacer.com\/en\/wp-json\/wp\/v2\/pages"}],"about":[{"href":"https:\/\/nuevo-renacer.com\/en\/wp-json\/wp\/v2\/types\/page"}],"author":[{"embeddable":true,"href":"https:\/\/nuevo-renacer.com\/en\/wp-json\/wp\/v2\/users\/1"}],"replies":[{"embeddable":true,"href":"https:\/\/nuevo-renacer.com\/en\/wp-json\/wp\/v2\/comments?post=3007"}],"version-history":[{"count":6,"href":"https:\/\/nuevo-renacer.com\/en\/wp-json\/wp\/v2\/pages\/3007\/revisions"}],"predecessor-version":[{"id":8305,"href":"https:\/\/nuevo-renacer.com\/en\/wp-json\/wp\/v2\/pages\/3007\/revisions\/8305"}],"wp:attachment":[{"href":"https:\/\/nuevo-renacer.com\/en\/wp-json\/wp\/v2\/media?parent=3007"}],"curies":[{"name":"wp","href":"https:\/\/api.w.org\/{rel}","templated":true}]}}