{"id":3002,"date":"2024-07-06T09:57:19","date_gmt":"2024-07-06T09:57:19","guid":{"rendered":"https:\/\/ufec-mundial.com\/?page_id=3002"},"modified":"2025-06-13T09:45:03","modified_gmt":"2025-06-13T09:45:03","slug":"anna-prado","status":"publish","type":"page","link":"https:\/\/nuevo-renacer.com\/en\/anna-prado\/","title":{"rendered":"Anna Prado"},"content":{"rendered":"<div class=\"wp-block-uagb-container uagb-block-8f3b170c alignfull uagb-is-root-container\"><div class=\"uagb-container-inner-blocks-wrap\">\n<p class=\"has-text-align-left has-black-color has-text-color has-link-color has-medium-font-size wp-elements-1e5c8df751748f7460f1eb2175c4a221\"><strong>Anna Prado &#8211;<\/strong> <strong>the first physical effects medium in Brazil<\/strong><\/p>\n<\/div><\/div>\n\n\n\n<div class=\"wp-block-uagb-container uagb-block-12fedd87 alignfull uagb-is-root-container\"><div class=\"uagb-container-inner-blocks-wrap\">\n<div class=\"wp-block-uagb-image alignleft uagb-block-ce1458a4 wp-block-uagb-image--layout-default wp-block-uagb-image--effect-static wp-block-uagb-image--align-left\"><figure class=\"wp-block-uagb-image__figure\"><img loading=\"lazy\" decoding=\"async\" srcset=\"https:\/\/nuevo-renacer.com\/wp-content\/uploads\/2024\/07\/Anna-Prado.jpg ,https:\/\/nuevo-renacer.com\/wp-content\/uploads\/2024\/07\/Anna-Prado.jpg 780w, https:\/\/nuevo-renacer.com\/wp-content\/uploads\/2024\/07\/Anna-Prado.jpg 360w\" sizes=\"auto, (max-width: 480px) 150px\" src=\"https:\/\/nuevo-renacer.com\/wp-content\/uploads\/2024\/07\/Anna-Prado.jpg\" alt=\"\" class=\"uag-image-3003\" width=\"204\" height=\"287\" title=\"\" role=\"img\"\/><\/figure><\/div>\n<\/div><\/div>\n\n\n\n<div class=\"wp-block-uagb-container uagb-block-1f2a3d3e alignfull uagb-is-root-container\"><div class=\"uagb-container-inner-blocks-wrap\">\n<p class=\"has-black-color has-text-color has-link-color has-small-font-size wp-elements-49c4a4e0596a7c6dcb11ef2435b0e3c0\">Brazilian medium, pioneer in the mediumship of physical effects, very famous in her time, not only in Brazil but also internationally. She was born and lived in Bel\u00e9m, capital of the State of Par\u00e1, in the Brazilian Northeast. She was married to Euripides Prado who helped her in her work with love and respect. She had several children.&nbsp;<\/p>\n\n\n\n<p class=\"has-black-color has-text-color has-link-color has-small-font-size wp-elements-d332637042f2c423d1febcbce066bd28\">Ana produced phenomena of materialisations, apports, photographs, movements of objects, direct writing and other incredible phenomena.&nbsp;<\/p>\n\n\n\n<p class=\"has-black-color has-text-color has-link-color has-small-font-size wp-elements-34e033f2f3b66495321d058cf7647ce9\">Her meetings were attended by the most brilliant men of the time, early 1900s, politicians, philosophers, doctors, psychiatrists, lawyers, judges, etc., who certified the authenticity of the phenomena produced through her intermediary. We can name several materialisations not only of flowers, hands and feet, but of entire bodies. Perhaps the most famous case of materialisation was that of Raquel Figner, young daughter of the famous Federico Figner, a rich and powerful man, an active spiritist and personal friend of Chico Xavier, who introduced the electric lamp in Brazil and owned the Edison House in Rio de Janeiro, which at that time was the capital of the country. This fact was widely documented at the time by the press.&nbsp;<\/p>\n\n\n\n<p class=\"has-black-color has-text-color has-link-color has-small-font-size wp-elements-3970b1be7ccc7b3ac280ea05f5b01652\">The young girl materialised on several occasions, walking, talking and caressing her loving parents. Many years later, from the spiritual world, Federico Figner, through the mediumship of Chico Xavier, recounted this encounter in the book \"Volv\u00ed\".&nbsp;<\/p>\n\n\n\n<p class=\"has-black-color has-text-color has-link-color has-small-font-size wp-elements-01c4f4377d60ca0a54209891ebb42d31\">Ana also produced \"apport\u2019 effects\", i.e. the transfer of objects from outside the totally enclosed room to the middle of the meeting room. On several occasions she brought flowers from different regions of the country, which simply appeared on the table to everyone's surprise.&nbsp;<\/p>\n\n\n\n<p class=\"has-black-color has-text-color has-link-color has-small-font-size wp-elements-9b65079dbc8c69e4584b9df62be8c17e\">Different materialised objects such as flowers, hands, feet and others were kept in paraffin and are now part of a museum.&nbsp;&nbsp;<\/p>\n\n\n\n<p class=\"has-black-color has-text-color has-link-color has-small-font-size wp-elements-2cdbaf753374e5aea7ea7ec005d3ebda\">The phenomena of direct writing fascinated everyone. Many years later, Chico Xavier also developed, among all his physical effects, that of direct writing. Let us remember that it is a matter of putting a piece of paper inside a closed and obviously carefully controlled box, where one or more sentences will appear written, without pencil or writing medium. It is written directly by the communicating spirit, by her will and the collaboration of the vital and special energy of the medium. The important witnesses of these meetings attested that they did not know how these effects were produced but that they were absolutely true. Several of them wrote articles and books on the subject.&nbsp;<\/p>\n\n\n\n<p class=\"has-black-color has-text-color has-link-color has-small-font-size wp-elements-4d289988ba4a5c4aac8513a063a790aa\">Ana was placed inside a cage for better control of the experiments and the spirits materialised, thanks to her ectoplasm and her capacity for these physical mediumistic effects.&nbsp;<\/p>\n\n\n\n<p class=\"has-black-color has-text-color has-link-color has-small-font-size wp-elements-607be9edb4fcee847d21134691bc43ef\">The respected French spiritist researcher Gabriel Delanne recorded the facts produced by Ana Prado, in his book \"Reincarnation\", as well as in the \"Revue metaphysique\" of Paris, in the years 1922 and 1923.&nbsp;<\/p>\n\n\n\n<p class=\"has-black-color has-text-color has-link-color has-small-font-size wp-elements-3944d0fc1fd65c78dae75ee2687e8317\">Among other things, Ana was the best collaborator of the writer Raymundo Nogueira de Faria in his work \"The work of the deceased\".&nbsp;<\/p>\n\n\n\n<p class=\"has-black-color has-text-color has-link-color has-small-font-size wp-elements-38d7d1b318451ff1ff845f89ed9c67eb\">Naturally, at the same time that Anne was visited by the most brilliant men of the day and admired, she was also persecuted and offended by others. Among these enemies was a French priest, Father Florentius Dubois, who wrote articles in the newspapers of the city, ridiculing and offending the medium. He was a bitter enemy of Spiritism. He tried to participate in these meetings but was never accepted.&nbsp;<\/p>\n\n\n\n<p class=\"has-black-color has-text-color has-link-color has-small-font-size wp-elements-0f47812391e3979bd56711515f0cbb59\">Most of these incredible phenomena of physical effects occurred between 1918 and 1921. They obviously contributed in a very important way to the spreading of Spiritism in Brazil and in the world.&nbsp;<\/p>\n\n\n\n<p class=\"has-black-color has-text-color has-link-color has-small-font-size wp-elements-26aaa716ac94a4b3ac491c3721679cec\">In recent years there has been a growing interest in bringing to mind this wonderful and apparently forgotten Brazilian medium, the forerunner of the famous phenomena of physical effects that have shaken the world. These were times when the spirit world encouraged these amazing demonstrations of physical effects, without any scientific understanding of how they were produced, with the clear objective of awakening dormant consciousnesses to Higher Spirituality. After a few years of much phenomenal movement, it was decided from the Major Plane, that from then on, this awakening should be done through books, meetings and the awareness of the need and urgency to modify ourselves morally, practising the much talked about \"intimate reformation\", promoted by Allan Kardec, through the Higher Spirits.&nbsp;<\/p>\n\n\n\n<p class=\"has-black-color has-text-color has-link-color has-small-font-size wp-elements-ba755cf9e23e984de1cc183e332e6acb\"><strong>Minutes of the mediumistic s\u00e9ance held at the residence of Mr. Euripedes and Ana Prado, on June 14, 1920 (Spiritist Yearbook 1965) Summarised and translated by Etel Schulte.&nbsp;<\/strong><\/p>\n\n\n\n<p class=\"has-black-color has-text-color has-link-color has-small-font-size wp-elements-84f47e9ff0c8bd5a7ce98ac5cbd317c0\"><em>At 8 \u00bd o'clock in the evening of the 14th of June 1920, in the street of Tomoios, number 43, in the city of Bel\u00e9n de Par\u00e1, Brazil, where Mr. Eur\u00edpedes Prado resides, being present: (names the authorities), among them: Mr. Kouma Horigoutchy, Japanese Minister to the Brazilian Government, Dr. Justo Chermont, Federal Senator and wife, Dr. Virgilio Mendo\u00e7a, State Senator, Dr. Amazonas de Figuereido, Professor of the Faculty of State Law, Dr. Napoleon de Oliveira, Chief of State Law, Dr. Napoleon de Oliveira, Chief of State Law, and Dr. Napoleon de Oliveira, Chief of State Law. Napoleon de Oliveira, chief of police, Mr. Santiago, member of the State Court, teacher Eltare Bosio, Captain Pedro Borges, assistant to the Governor, Dr. Nogueira de Far\u00eda, 1st Prefect of the Capital (he would later write a book recounting the materialisation sessions which would be published by the FEB a year later), Mr. Antonio Martins Pinheiro, intendant of Bel\u00e9m and some others, as well as members of the Prado family.<\/em>&nbsp;<\/p>\n\n\n\n<p class=\"has-black-color has-text-color has-link-color has-small-font-size wp-elements-2c90c292bf9b72b230ce865c474fd3ab\"><em>The work begins. In the left corner of the balcony-terrace a kind of cabinet was installed, lined with a black tarpaulin and assembled in full view of everyone. The curtains on the right side of the cabinet and on the front were left hanging. Inside this cabinet, which we will call the \u2018mediumistic cabinet\u2019, a cage was placed, previously inspected by the assistants, and a strong cord of cotton thread was passed around it as a control, which was sealed. After receiving the medium (Ana) this cage was padlocked in the presence of the three... (she names them all), some of whom were witnessing this for the first time. In front of the cabinet two buckets were placed, one with cold water and the other with melted paraffin, at a fairly high temperature.<\/em>&nbsp;<\/p>\n\n\n\n<p class=\"has-black-color has-text-color has-link-color has-small-font-size wp-elements-4da0058867878ea7d2164bf6693d4bc1\"><em>The light was dimmed and the terrace was illuminated by an electric lamp, which provided good light. Behind the row of assistants, in the direction of the mediumistic cabinet, a fan was working. Before starting the work, Mr. Eur\u00edpedes Prado received a triptological message in which the Spirit said that everything was fine and told Mr. Virgilio Mendo\u00e7a that at some point he would be able to approach the cage, which happened shortly afterwards. He asked him to invite someone who was there for the first time to approach the cage as well. They chose the Japanese Kouma. They both then saw the materialised spirit inside the cage next to the medium.<\/em>&nbsp;<\/p>\n\n\n\n<p class=\"has-black-color has-text-color has-link-color has-small-font-size wp-elements-b47afbe1dba48f22ce87154f9d6bb231\"><em>About 20 minutes later the \"Spirit John\" came out of the cabinet, dressed in black, both trousers and jacket, and wearing a white hood. He was barefoot. He shook hands with Mr. Mendo\u00e7a and the Japanese minister. He walked and looked around the room, showing off naturally to everyone. Then he went to the paraffin, showing his wax-covered hand, which was touched by the three of them. Martins, Chermont and Mendo\u00e7a.<\/em>&nbsp;<\/p>\n\n\n\n<p class=\"has-black-color has-text-color has-link-color has-small-font-size wp-elements-f8270dc6da820ece7632716516fa9478\"><em>After the mould was made, Spirit John handed it to Mr. Kouma. He continued to move around the place and made another mould. Several of the people present asked him to bring Anita, a female spirit who had already appeared on several occasions. John went to the cabinet and shortly afterwards a young girl of about 14 or 16 years of age, dressed in white, blouse and skirt, with long flowing hair, was seen to appear. The girl knelt down, prayed, got up, walked and moved freely among those present. She remained like this for about a quarter of an hour. She took the fan from the hands of Mrs. Bastos and went to fan Mr. Kouma, who seemed to deserve the honours of the evening. When the fan was returned to him, it was slightly damp at the handle. The young woman was so well materialised that it caused much astonishment because she looked like flesh and bones. After a few more turns she retired to the cabinet and disappeared. The session seemed to be over when John reappeared, this time, dressed in a white robe. He knelt down and prayed. He approached the audience twice more and then went to the cabinet. A few minutes later he could be distinctly heard waking the medium. Before finishing the work, he still greeted the audience with a kind of handkerchief.<\/em>&nbsp;<\/p>\n\n\n\n<p class=\"has-black-color has-text-color has-link-color has-small-font-size wp-elements-432b948e3f0be8f34db3191e10fb76f8\"><em>When the s\u00e9ance was over, the medium awakened, the light was switched on and the cage was examined by the attendants. The sealing wax and the padlock were intact. When the medium was removed, the Japanese minister went inside the cage and examined the padlock, the strength of the bars and everything else he could. Everything was in perfect condition. Those present were more than amazed.<\/em>&nbsp;<\/p>\n\n\n\n<p class=\"has-black-color has-text-color has-link-color has-small-font-size wp-elements-7523606ece781fd052df0d838d4c2b34\">Here ends this record of a materialisation session conducted by our Ana Prado in 1929. An important event in the history of Spiritism.&nbsp;<\/p>\n<\/div><\/div>","protected":false},"excerpt":{"rendered":"<p>Anna Prado &#8211; la primera m\u00e9dium de efectos f\u00edsicos de Brasil M\u00e9dium brasile\u00f1a pionera en la mediumnidad de efectos f\u00edsicos, muy famosa en su tiempo, no s\u00f3lo dentro de Brasil sino internacionalmente. Naci\u00f3 y vivi\u00f3 en Bel\u00e9n, Capital del Estado de Par\u00e1, en el nordeste brasile\u00f1o. Estaba casada con Eur\u00edpides Prado quien la ayud\u00f3 en [&hellip;]<\/p>","protected":false},"author":1,"featured_media":0,"parent":0,"menu_order":0,"comment_status":"closed","ping_status":"closed","template":"","meta":{"_uag_custom_page_level_css":"","site-sidebar-layout":"default","site-content-layout":"","ast-site-content-layout":"default","site-content-style":"default","site-sidebar-style":"default","ast-global-header-display":"","ast-banner-title-visibility":"","ast-main-header-display":"","ast-hfb-above-header-display":"","ast-hfb-below-header-display":"","ast-hfb-mobile-header-display":"","site-post-title":"disabled","ast-breadcrumbs-content":"","ast-featured-img":"","footer-sml-layout":"","theme-transparent-header-meta":"","adv-header-id-meta":"","stick-header-meta":"","header-above-stick-meta":"","header-main-stick-meta":"","header-below-stick-meta":"","astra-migrate-meta-layouts":"set","ast-page-background-enabled":"default","ast-page-background-meta":{"desktop":{"background-color":"var(--ast-global-color-4)","background-image":"","background-repeat":"repeat","background-position":"center center","background-size":"auto","background-attachment":"scroll","background-type":"","background-media":"","overlay-type":"","overlay-color":"","overlay-opacity":"","overlay-gradient":""},"tablet":{"background-color":"","background-image":"","background-repeat":"repeat","background-position":"center center","background-size":"auto","background-attachment":"scroll","background-type":"","background-media":"","overlay-type":"","overlay-color":"","overlay-opacity":"","overlay-gradient":""},"mobile":{"background-color":"","background-image":"","background-repeat":"repeat","background-position":"center center","background-size":"auto","background-attachment":"scroll","background-type":"","background-media":"","overlay-type":"","overlay-color":"","overlay-opacity":"","overlay-gradient":""}},"ast-content-background-meta":{"desktop":{"background-color":"var(--ast-global-color-5)","background-image":"","background-repeat":"repeat","background-position":"center center","background-size":"auto","background-attachment":"scroll","background-type":"","background-media":"","overlay-type":"","overlay-color":"","overlay-opacity":"","overlay-gradient":""},"tablet":{"background-color":"var(--ast-global-color-5)","background-image":"","background-repeat":"repeat","background-position":"center center","background-size":"auto","background-attachment":"scroll","background-type":"","background-media":"","overlay-type":"","overlay-color":"","overlay-opacity":"","overlay-gradient":""},"mobile":{"background-color":"var(--ast-global-color-5)","background-image":"","background-repeat":"repeat","background-position":"center center","background-size":"auto","background-attachment":"scroll","background-type":"","background-media":"","overlay-type":"","overlay-color":"","overlay-opacity":"","overlay-gradient":""}},"footnotes":""},"class_list":["post-3002","page","type-page","status-publish","hentry"],"yoast_head":"<!-- This site is optimized with the Yoast SEO Premium plugin v24.2 (Yoast SEO v24.6) - https:\/\/yoast.com\/wordpress\/plugins\/seo\/ -->\n<title>Anna Prado - Uni\u00f3n Esp\u00edrita<\/title>\n<meta name=\"robots\" content=\"index, follow, max-snippet:-1, max-image-preview:large, max-video-preview:-1\" \/>\n<link rel=\"canonical\" href=\"https:\/\/nuevo-renacer.com\/en\/anna-prado\/\" \/>\n<meta property=\"og:locale\" content=\"en_GB\" \/>\n<meta property=\"og:type\" content=\"article\" \/>\n<meta property=\"og:title\" content=\"Anna Prado\" \/>\n<meta property=\"og:description\" content=\"Anna Prado &#8211; la primera m\u00e9dium de efectos f\u00edsicos de Brasil M\u00e9dium brasile\u00f1a pionera en la mediumnidad de efectos f\u00edsicos, muy famosa en su tiempo, no s\u00f3lo dentro de Brasil sino internacionalmente. Naci\u00f3 y vivi\u00f3 en Bel\u00e9n, Capital del Estado de Par\u00e1, en el nordeste brasile\u00f1o. Estaba casada con Eur\u00edpides Prado quien la ayud\u00f3 en [&hellip;]\" \/>\n<meta property=\"og:url\" content=\"https:\/\/nuevo-renacer.com\/en\/anna-prado\/\" \/>\n<meta property=\"og:site_name\" content=\"Uni\u00f3n Esp\u00edrita\" \/>\n<meta property=\"article:publisher\" content=\"https:\/\/www.facebook.com\/groups\/3431398063740829\" \/>\n<meta property=\"article:modified_time\" content=\"2025-06-13T09:45:03+00:00\" \/>\n<meta property=\"og:image\" content=\"https:\/\/nuevo-renacer.com\/wp-content\/uploads\/2024\/07\/Anna-Prado.jpg\" \/>\n<meta name=\"twitter:card\" content=\"summary_large_image\" \/>\n<meta name=\"twitter:label1\" content=\"Estimated reading time\" \/>\n\t<meta name=\"twitter:data1\" content=\"9 minutes\" \/>\n<script type=\"application\/ld+json\" class=\"yoast-schema-graph\">{\"@context\":\"https:\/\/schema.org\",\"@graph\":[{\"@type\":\"WebPage\",\"@id\":\"https:\/\/nuevo-renacer.com\/anna-prado\/\",\"url\":\"https:\/\/nuevo-renacer.com\/anna-prado\/\",\"name\":\"Anna Prado - Uni\u00f3n Esp\u00edrita\",\"isPartOf\":{\"@id\":\"https:\/\/nuevo-renacer.com\/#website\"},\"primaryImageOfPage\":{\"@id\":\"https:\/\/nuevo-renacer.com\/anna-prado\/#primaryimage\"},\"image\":{\"@id\":\"https:\/\/nuevo-renacer.com\/anna-prado\/#primaryimage\"},\"thumbnailUrl\":\"https:\/\/nuevo-renacer.com\/wp-content\/uploads\/2024\/07\/Anna-Prado.jpg\",\"datePublished\":\"2024-07-06T09:57:19+00:00\",\"dateModified\":\"2025-06-13T09:45:03+00:00\",\"breadcrumb\":{\"@id\":\"https:\/\/nuevo-renacer.com\/anna-prado\/#breadcrumb\"},\"inLanguage\":\"en-GB\",\"potentialAction\":[{\"@type\":\"ReadAction\",\"target\":[\"https:\/\/nuevo-renacer.com\/anna-prado\/\"]}]},{\"@type\":\"ImageObject\",\"inLanguage\":\"en-GB\",\"@id\":\"https:\/\/nuevo-renacer.com\/anna-prado\/#primaryimage\",\"url\":\"https:\/\/nuevo-renacer.com\/wp-content\/uploads\/2024\/07\/Anna-Prado.jpg\",\"contentUrl\":\"https:\/\/nuevo-renacer.com\/wp-content\/uploads\/2024\/07\/Anna-Prado.jpg\"},{\"@type\":\"BreadcrumbList\",\"@id\":\"https:\/\/nuevo-renacer.com\/anna-prado\/#breadcrumb\",\"itemListElement\":[{\"@type\":\"ListItem\",\"position\":1,\"name\":\"Startseite\",\"item\":\"https:\/\/nuevo-renacer.com\/\"},{\"@type\":\"ListItem\",\"position\":2,\"name\":\"Anna Prado\"}]},{\"@type\":\"WebSite\",\"@id\":\"https:\/\/nuevo-renacer.com\/#website\",\"url\":\"https:\/\/nuevo-renacer.com\/\",\"name\":\"Uni\u00f3n Esp\u00edrita\",\"description\":\"Nuevo Renacer\",\"publisher\":{\"@id\":\"https:\/\/nuevo-renacer.com\/#organization\"},\"potentialAction\":[{\"@type\":\"SearchAction\",\"target\":{\"@type\":\"EntryPoint\",\"urlTemplate\":\"https:\/\/nuevo-renacer.com\/?s={search_term_string}\"},\"query-input\":{\"@type\":\"PropertyValueSpecification\",\"valueRequired\":true,\"valueName\":\"search_term_string\"}}],\"inLanguage\":\"en-GB\"},{\"@type\":\"Organization\",\"@id\":\"https:\/\/nuevo-renacer.com\/#organization\",\"name\":\"UFEC\",\"url\":\"https:\/\/nuevo-renacer.com\/\",\"logo\":{\"@type\":\"ImageObject\",\"inLanguage\":\"en-GB\",\"@id\":\"https:\/\/nuevo-renacer.com\/#\/schema\/logo\/image\/\",\"url\":\"https:\/\/nuevo-renacer.com\/wp-content\/uploads\/2024\/05\/cropped-LOGO-TERMINADO1-3-3.png\",\"contentUrl\":\"https:\/\/nuevo-renacer.com\/wp-content\/uploads\/2024\/05\/cropped-LOGO-TERMINADO1-3-3.png\",\"width\":512,\"height\":512,\"caption\":\"UFEC\"},\"image\":{\"@id\":\"https:\/\/nuevo-renacer.com\/#\/schema\/logo\/image\/\"},\"sameAs\":[\"https:\/\/www.facebook.com\/groups\/3431398063740829\"]}]}<\/script>\n<!-- \/ Yoast SEO Premium plugin. -->","yoast_head_json":{"title":"Anna Prado - Uni\u00f3n Esp\u00edrita","robots":{"index":"index","follow":"follow","max-snippet":"max-snippet:-1","max-image-preview":"max-image-preview:large","max-video-preview":"max-video-preview:-1"},"canonical":"https:\/\/nuevo-renacer.com\/en\/anna-prado\/","og_locale":"en_GB","og_type":"article","og_title":"Anna Prado","og_description":"Anna Prado &#8211; la primera m\u00e9dium de efectos f\u00edsicos de Brasil M\u00e9dium brasile\u00f1a pionera en la mediumnidad de efectos f\u00edsicos, muy famosa en su tiempo, no s\u00f3lo dentro de Brasil sino internacionalmente. Naci\u00f3 y vivi\u00f3 en Bel\u00e9n, Capital del Estado de Par\u00e1, en el nordeste brasile\u00f1o. Estaba casada con Eur\u00edpides Prado quien la ayud\u00f3 en [&hellip;]","og_url":"https:\/\/nuevo-renacer.com\/en\/anna-prado\/","og_site_name":"Uni\u00f3n Esp\u00edrita","article_publisher":"https:\/\/www.facebook.com\/groups\/3431398063740829","article_modified_time":"2025-06-13T09:45:03+00:00","og_image":[{"url":"https:\/\/nuevo-renacer.com\/wp-content\/uploads\/2024\/07\/Anna-Prado.jpg","type":"","width":"","height":""}],"twitter_card":"summary_large_image","twitter_misc":{"Estimated reading time":"9 minutes"},"schema":{"@context":"https:\/\/schema.org","@graph":[{"@type":"WebPage","@id":"https:\/\/nuevo-renacer.com\/anna-prado\/","url":"https:\/\/nuevo-renacer.com\/anna-prado\/","name":"Anna Prado - Uni\u00f3n Esp\u00edrita","isPartOf":{"@id":"https:\/\/nuevo-renacer.com\/#website"},"primaryImageOfPage":{"@id":"https:\/\/nuevo-renacer.com\/anna-prado\/#primaryimage"},"image":{"@id":"https:\/\/nuevo-renacer.com\/anna-prado\/#primaryimage"},"thumbnailUrl":"https:\/\/nuevo-renacer.com\/wp-content\/uploads\/2024\/07\/Anna-Prado.jpg","datePublished":"2024-07-06T09:57:19+00:00","dateModified":"2025-06-13T09:45:03+00:00","breadcrumb":{"@id":"https:\/\/nuevo-renacer.com\/anna-prado\/#breadcrumb"},"inLanguage":"en-GB","potentialAction":[{"@type":"ReadAction","target":["https:\/\/nuevo-renacer.com\/anna-prado\/"]}]},{"@type":"ImageObject","inLanguage":"en-GB","@id":"https:\/\/nuevo-renacer.com\/anna-prado\/#primaryimage","url":"https:\/\/nuevo-renacer.com\/wp-content\/uploads\/2024\/07\/Anna-Prado.jpg","contentUrl":"https:\/\/nuevo-renacer.com\/wp-content\/uploads\/2024\/07\/Anna-Prado.jpg"},{"@type":"BreadcrumbList","@id":"https:\/\/nuevo-renacer.com\/anna-prado\/#breadcrumb","itemListElement":[{"@type":"ListItem","position":1,"name":"Startseite","item":"https:\/\/nuevo-renacer.com\/"},{"@type":"ListItem","position":2,"name":"Anna Prado"}]},{"@type":"WebSite","@id":"https:\/\/nuevo-renacer.com\/#website","url":"https:\/\/nuevo-renacer.com\/","name":"Uni\u00f3n Esp\u00edrita","description":"Nuevo Renacer","publisher":{"@id":"https:\/\/nuevo-renacer.com\/#organization"},"potentialAction":[{"@type":"SearchAction","target":{"@type":"EntryPoint","urlTemplate":"https:\/\/nuevo-renacer.com\/?s={search_term_string}"},"query-input":{"@type":"PropertyValueSpecification","valueRequired":true,"valueName":"search_term_string"}}],"inLanguage":"en-GB"},{"@type":"Organization","@id":"https:\/\/nuevo-renacer.com\/#organization","name":"UFEC","url":"https:\/\/nuevo-renacer.com\/","logo":{"@type":"ImageObject","inLanguage":"en-GB","@id":"https:\/\/nuevo-renacer.com\/#\/schema\/logo\/image\/","url":"https:\/\/nuevo-renacer.com\/wp-content\/uploads\/2024\/05\/cropped-LOGO-TERMINADO1-3-3.png","contentUrl":"https:\/\/nuevo-renacer.com\/wp-content\/uploads\/2024\/05\/cropped-LOGO-TERMINADO1-3-3.png","width":512,"height":512,"caption":"UFEC"},"image":{"@id":"https:\/\/nuevo-renacer.com\/#\/schema\/logo\/image\/"},"sameAs":["https:\/\/www.facebook.com\/groups\/3431398063740829"]}]}},"uagb_featured_image_src":{"full":false,"thumbnail":false,"medium":false,"medium_large":false,"large":false,"1536x1536":false,"2048x2048":false,"trp-custom-language-flag":false},"uagb_author_info":{"display_name":"adbv0","author_link":"https:\/\/nuevo-renacer.com\/en\/author\/adbv0\/"},"uagb_comment_info":0,"uagb_excerpt":"Anna Prado &#8211; la primera m\u00e9dium de efectos f\u00edsicos de Brasil M\u00e9dium brasile\u00f1a pionera en la mediumnidad de efectos f\u00edsicos, muy famosa en su tiempo, no s\u00f3lo dentro de Brasil sino internacionalmente. Naci\u00f3 y vivi\u00f3 en Bel\u00e9n, Capital del Estado de Par\u00e1, en el nordeste brasile\u00f1o. Estaba casada con Eur\u00edpides Prado quien la ayud\u00f3 en&hellip;","jetpack_sharing_enabled":true,"_links":{"self":[{"href":"https:\/\/nuevo-renacer.com\/en\/wp-json\/wp\/v2\/pages\/3002","targetHints":{"allow":["GET"]}}],"collection":[{"href":"https:\/\/nuevo-renacer.com\/en\/wp-json\/wp\/v2\/pages"}],"about":[{"href":"https:\/\/nuevo-renacer.com\/en\/wp-json\/wp\/v2\/types\/page"}],"author":[{"embeddable":true,"href":"https:\/\/nuevo-renacer.com\/en\/wp-json\/wp\/v2\/users\/1"}],"replies":[{"embeddable":true,"href":"https:\/\/nuevo-renacer.com\/en\/wp-json\/wp\/v2\/comments?post=3002"}],"version-history":[{"count":8,"href":"https:\/\/nuevo-renacer.com\/en\/wp-json\/wp\/v2\/pages\/3002\/revisions"}],"predecessor-version":[{"id":8306,"href":"https:\/\/nuevo-renacer.com\/en\/wp-json\/wp\/v2\/pages\/3002\/revisions\/8306"}],"wp:attachment":[{"href":"https:\/\/nuevo-renacer.com\/en\/wp-json\/wp\/v2\/media?parent=3002"}],"curies":[{"name":"wp","href":"https:\/\/api.w.org\/{rel}","templated":true}]}}