{"id":8920,"date":"2026-04-27T11:20:40","date_gmt":"2026-04-27T11:20:40","guid":{"rendered":"https:\/\/nuevo-renacer.com\/?page_id=8920"},"modified":"2026-04-27T11:37:35","modified_gmt":"2026-04-27T11:37:35","slug":"baron-johann-ludwig-de-guldenstubbe","status":"publish","type":"page","link":"https:\/\/nuevo-renacer.com\/de\/baron-johann-ludwig-de-guldenstubbe\/","title":{"rendered":"Bar\u00f3n Johann Ludwig Guldenstubb\u00e9"},"content":{"rendered":"<div class=\"wp-block-uagb-container uagb-block-a0ac9e78 alignfull uagb-is-root-container\"><div class=\"uagb-container-inner-blocks-wrap\">\n<p class=\"has-black-color has-text-color has-link-color has-medium-font-size wp-elements-6f789286fc0a12348b2f1d7c015553e6\"><strong>Baron <strong>Johann Ludwig<\/strong> von Guldenstubb\u00e9<\/strong><\/p>\n<\/div><\/div>\n\n\n\n<div class=\"wp-block-uagb-container uagb-block-6ad5079c alignfull uagb-is-root-container\"><div class=\"uagb-container-inner-blocks-wrap\">\n<figure class=\"wp-block-image size-full is-resized\"><img fetchpriority=\"high\" decoding=\"async\" width=\"517\" height=\"700\" src=\"https:\/\/nuevo-renacer.com\/wp-content\/uploads\/2026\/04\/Baron-de-Guldenstubbe.jpg\" alt=\"\" class=\"wp-image-8921\" style=\"aspect-ratio:0.7385785079084923;width:208px;height:auto\" srcset=\"https:\/\/nuevo-renacer.com\/wp-content\/uploads\/2026\/04\/Baron-de-Guldenstubbe.jpg 517w, https:\/\/nuevo-renacer.com\/wp-content\/uploads\/2026\/04\/Baron-de-Guldenstubbe-222x300.jpg 222w, https:\/\/nuevo-renacer.com\/wp-content\/uploads\/2026\/04\/Baron-de-Guldenstubbe-9x12.jpg 9w\" sizes=\"(max-width: 517px) 100vw, 517px\" \/><\/figure>\n<\/div><\/div>\n\n\n\n<div class=\"wp-block-uagb-container uagb-block-0710c434 alignfull uagb-is-root-container\"><div class=\"uagb-container-inner-blocks-wrap\">\n<p class=\"has-black-color has-text-color has-link-color has-small-font-size wp-elements-c55a92d0a4a90f1e38e626b4fdda41a4\">Dieser gro\u00dfe Vork\u00e4mpfer des Spiritismus war ein bedeutender Arbeiter der ersten Stunden des Spiritismus, ein gro\u00dfer Forscher der Seele, dessen Werke am 9. Oktober 1861 in Spanien von der Heiligen Inquisition beim bekannten AUTODAF\u00c9 IN BARCELONA verbrannt wurden. Baron Johann Ludwig Guldenstubb\u00e9, der am 27. Mai 1873 im Alter von 53 Jahren in seiner Wohnung in Paris, Rue de Tr\u00e9vise 29, verstarb, war vor allem f\u00fcr seine Untersuchungen und Experimente in der Pneumatographie bekannt. Schwedischer Herkunft, geh\u00f6rte er einer alten skandinavischen Familie von historischem Ruf an; zwei seiner Vorfahren gleichen Namens waren 1309 zusammen mit Jaques de Molav auf Befehl von Papst Clemens IV. lebendig verbrannt worden. Der Baron f\u00fchrte ein zur\u00fcckgezogenes Leben in Gesellschaft seiner tugendhaften Schwester. Sein Andenken wird wegen seines edlen, h\u00f6flichen und wohlwollenden Verhaltens sowie seiner zahlreichen bescheidenen Wohlt\u00e4tigkeitsakte liebevoll geehrt. Er widmete sich vor allem den Experimenten der direkten Schrift in Frankreich, wo er am 13. August 1856 den ersten Erfolg in dieser Art spiritistischer Kommunikation erzielte. Er verfasste das Buch mit dem Titel \u201eLa R\u00e9alit\u00e9 des Spirites et de leurs Manifestations\u201c (Die Wirklichkeit der Geister und ihrer Manifestationen) sowie das Werk \u201ePens\u00e9es d\u2019outre-tombe\u201c (1858).\nIn wenigen Jahren experimenteller Arbeiten erhielt der Baron eine betr\u00e4chtliche Anzahl direkter Schriften, einige davon ohne Hilfe von Bleistift, Papier oder Schiefertafel. Die kommunizierenden Geister selbst brachten das f\u00fcr die Erlangung der Botschaften notwendige Material herbei. \u201eDiese Ph\u00e4nomene\u201c, sagt er, \u201esind nun auf einer soliden Grundlage von Tatsachen verankert, sodass wir fortan die Unsterblichkeit der Seele als wissenschaftliche Tatsache betrachten und den Spiritismus als eine Br\u00fccke zwischen dieser Welt und dem Unsichtbaren ansehen k\u00f6nnen.\u201c<\/p>\n\n\n\n<p class=\"has-black-color has-text-color has-link-color wp-elements-41296d4a759c76bdea7ffc12860abcfb\"><strong>Direkte Schrift<\/strong><\/p>\n\n\n\n<p class=\"has-black-color has-text-color has-link-color has-small-font-size wp-elements-23aaa33cd351e74b13924c5b6d0647db\">Der Baron von Guldenstubb\u00e9 war der Erste, der in Frankreich die direkte Schrift erhielt. So berichtet er \u00fcber den Vorgang (\u201eLa R\u00e9alit\u00e9 des Esprits\u201c, S. 66 und 67): \u201eAn einem sch\u00f6nen Tag (1. August 1856) kam ihm der Gedanke zu pr\u00fcfen, ob die Geister direkt schreiben k\u00f6nnten, ohne die Hilfe eines Mediums. In Kenntnis der geheimnisvollen direkten Schrift des Dekalogs nach Moses, der ebenso direkten und geheimnisvollen Schrift im Festsaal des K\u00f6nigs Belsazar nach Daniel, und nachdem er von den modernen Geheimnissen von Straford in Amerika geh\u00f6rt hatte, wo man gewisse unleserliche und seltsame Zeichen auf einem St\u00fcck Papier gefunden hatte, die nicht von Medien zu stammen schienen, wollte der Autor sich von der Wirklichkeit eines Ph\u00e4nomens \u00fcberzeugen, dessen Tragweite immens w\u00e4re, wenn es wahr w\u00e4re. \u201eEr legte daher ein leeres Blatt Papier und einen gespitzten Bleistift in ein verschlossenes K\u00e4stchen, dessen Schl\u00fcssel er stets bei sich behielt und niemandem von seinem Versuch erz\u00e4hlte. Zw\u00f6lf Tage lang wartete er vergeblich, ohne die geringste Spur von Bleistift auf dem Papier zu bemerken; doch am 13. August 1856 war sein Erstaunen gro\u00df, als er gewisse geheimnisvolle Zeichen auf dem Papier bemerkte; sobald dies geschah, wiederholte er das Experiment zehnmal am selben, f\u00fcr immer denkw\u00fcrdigen Tag, indem er jeweils nach einer halben Stunde ein neues leeres Blatt Papier in das K\u00e4stchen legte. Das Experiment war von vollst\u00e4ndigem Erfolg gekr\u00f6nt. \u201eAm folgenden Tag, dem 14. August, f\u00fchrte er erneut etwa zwanzig Experimente durch, lie\u00df das K\u00e4stchen offen und verlor es nicht aus den Augen; dabei sah er, dass Zeichen und Worte in estnischer Sprache sich bildeten oder auf dem Papier eingepr\u00e4gt wurden, ohne dass sich der Bleistift bewegte. Von da an, da er die Nutzlosigkeit des Bleistifts erkannte, h\u00f6rte er auf, ihn auf das Papier zu legen; und indem er einfach ein Blatt Papier in eine Schublade in seinem Haus legte, erhielt er ebenfalls Mitteilungen.\u201c (Am Ende des Werkes des Barons finden sich Faksimiles dieser Schriften.) Der Baron von Guldenstubb\u00e9 wiederholte das Experiment in Gegenwart des Grafen d\u2019Ourches, und dieser erhielt eine Mitteilung von seiner Mutter, deren Unterschrift und Handschrift als authentisch erkannt wurden, als man sie mit den Autographen verglich, die der Graf besa\u00df. Auf diese ersten Versuche folgten viele weitere, und der Autor gewann die Gewissheit, dass nicht er selbst es war, der im somnambulen Zustand schrieb, wie er zun\u00e4chst angenommen hatte.<\/p>\n<\/div><\/div>\n\n\n\n<div class=\"wp-block-uagb-container uagb-block-f4f3bbb7 alignfull uagb-is-root-container\"><div class=\"uagb-container-inner-blocks-wrap\"><\/div><\/div>\n\n\n\n<div class=\"wp-block-uagb-container uagb-block-00204ec5 alignfull uagb-is-root-container\"><div class=\"uagb-container-inner-blocks-wrap\"><\/div><\/div>","protected":false},"excerpt":{"rendered":"<p>Bar\u00f3n Johann Ludwig de Guldenstubb\u00e9 Este gran palad\u00edn del Espiritismo fue un importante trabajador de las primeras horas del Espiritismo, un gran investigador del alma y cuyas obras tambi\u00e9n fueron quemadas en Espa\u00f1a por la Santa Inquisici\u00f3n el 9 de octubre de 1861 en el conocido AUTO DE FE EN BARCELONA. El bar\u00f3n Johann Ludwig [&hellip;]<\/p>","protected":false},"author":1,"featured_media":0,"parent":0,"menu_order":0,"comment_status":"closed","ping_status":"closed","template":"","meta":{"_uag_custom_page_level_css":"","site-sidebar-layout":"default","site-content-layout":"","ast-site-content-layout":"default","site-content-style":"default","site-sidebar-style":"default","ast-global-header-display":"","ast-banner-title-visibility":"","ast-main-header-display":"","ast-hfb-above-header-display":"","ast-hfb-below-header-display":"","ast-hfb-mobile-header-display":"","site-post-title":"disabled","ast-breadcrumbs-content":"","ast-featured-img":"","footer-sml-layout":"","theme-transparent-header-meta":"","adv-header-id-meta":"","stick-header-meta":"","header-above-stick-meta":"","header-main-stick-meta":"","header-below-stick-meta":"","astra-migrate-meta-layouts":"set","ast-page-background-enabled":"default","ast-page-background-meta":{"desktop":{"background-color":"var(--ast-global-color-4)","background-image":"","background-repeat":"repeat","background-position":"center center","background-size":"auto","background-attachment":"scroll","background-type":"","background-media":"","overlay-type":"","overlay-color":"","overlay-opacity":"","overlay-gradient":""},"tablet":{"background-color":"","background-image":"","background-repeat":"repeat","background-position":"center center","background-size":"auto","background-attachment":"scroll","background-type":"","background-media":"","overlay-type":"","overlay-color":"","overlay-opacity":"","overlay-gradient":""},"mobile":{"background-color":"","background-image":"","background-repeat":"repeat","background-position":"center center","background-size":"auto","background-attachment":"scroll","background-type":"","background-media":"","overlay-type":"","overlay-color":"","overlay-opacity":"","overlay-gradient":""}},"ast-content-background-meta":{"desktop":{"background-color":"var(--ast-global-color-5)","background-image":"","background-repeat":"repeat","background-position":"center center","background-size":"auto","background-attachment":"scroll","background-type":"","background-media":"","overlay-type":"","overlay-color":"","overlay-opacity":"","overlay-gradient":""},"tablet":{"background-color":"var(--ast-global-color-5)","background-image":"","background-repeat":"repeat","background-position":"center center","background-size":"auto","background-attachment":"scroll","background-type":"","background-media":"","overlay-type":"","overlay-color":"","overlay-opacity":"","overlay-gradient":""},"mobile":{"background-color":"var(--ast-global-color-5)","background-image":"","background-repeat":"repeat","background-position":"center center","background-size":"auto","background-attachment":"scroll","background-type":"","background-media":"","overlay-type":"","overlay-color":"","overlay-opacity":"","overlay-gradient":""}},"footnotes":""},"class_list":["post-8920","page","type-page","status-publish","hentry"],"yoast_head":"<!-- This site is optimized with the Yoast SEO Premium plugin v24.2 (Yoast SEO v24.6) - https:\/\/yoast.com\/wordpress\/plugins\/seo\/ -->\n<title>Bar\u00f3n Johann Ludwig Guldenstubb\u00e9 - Uni\u00f3n Esp\u00edrita<\/title>\n<meta name=\"robots\" content=\"index, follow, max-snippet:-1, max-image-preview:large, max-video-preview:-1\" \/>\n<link rel=\"canonical\" href=\"https:\/\/nuevo-renacer.com\/de\/baron-johann-ludwig-de-guldenstubbe\/\" \/>\n<meta property=\"og:locale\" content=\"de_DE\" \/>\n<meta property=\"og:type\" content=\"article\" \/>\n<meta property=\"og:title\" content=\"Bar\u00f3n Johann Ludwig Guldenstubb\u00e9\" \/>\n<meta property=\"og:description\" content=\"Bar\u00f3n Johann Ludwig de Guldenstubb\u00e9 Este gran palad\u00edn del Espiritismo fue un importante trabajador de las primeras horas del Espiritismo, un gran investigador del alma y cuyas obras tambi\u00e9n fueron quemadas en Espa\u00f1a por la Santa Inquisici\u00f3n el 9 de octubre de 1861 en el conocido AUTO DE FE EN BARCELONA. El bar\u00f3n Johann Ludwig [&hellip;]\" \/>\n<meta property=\"og:url\" content=\"https:\/\/nuevo-renacer.com\/de\/baron-johann-ludwig-de-guldenstubbe\/\" \/>\n<meta property=\"og:site_name\" content=\"Uni\u00f3n Esp\u00edrita\" \/>\n<meta property=\"article:publisher\" content=\"https:\/\/www.facebook.com\/groups\/3431398063740829\" \/>\n<meta property=\"article:modified_time\" content=\"2026-04-27T11:37:35+00:00\" \/>\n<meta property=\"og:image\" content=\"https:\/\/nuevo-renacer.com\/wp-content\/uploads\/2026\/04\/Baron-de-Guldenstubbe.jpg\" \/>\n\t<meta property=\"og:image:width\" content=\"517\" \/>\n\t<meta property=\"og:image:height\" content=\"700\" \/>\n\t<meta property=\"og:image:type\" content=\"image\/jpeg\" \/>\n<meta name=\"twitter:card\" content=\"summary_large_image\" \/>\n<meta name=\"twitter:label1\" content=\"Gesch\u00e4tzte Lesezeit\" \/>\n\t<meta name=\"twitter:data1\" content=\"5\u00a0Minuten\" \/>\n<script type=\"application\/ld+json\" class=\"yoast-schema-graph\">{\"@context\":\"https:\/\/schema.org\",\"@graph\":[{\"@type\":\"WebPage\",\"@id\":\"https:\/\/nuevo-renacer.com\/baron-johann-ludwig-de-guldenstubbe\/\",\"url\":\"https:\/\/nuevo-renacer.com\/baron-johann-ludwig-de-guldenstubbe\/\",\"name\":\"Bar\u00f3n Johann Ludwig Guldenstubb\u00e9 - Uni\u00f3n Esp\u00edrita\",\"isPartOf\":{\"@id\":\"https:\/\/nuevo-renacer.com\/#website\"},\"primaryImageOfPage\":{\"@id\":\"https:\/\/nuevo-renacer.com\/baron-johann-ludwig-de-guldenstubbe\/#primaryimage\"},\"image\":{\"@id\":\"https:\/\/nuevo-renacer.com\/baron-johann-ludwig-de-guldenstubbe\/#primaryimage\"},\"thumbnailUrl\":\"https:\/\/nuevo-renacer.com\/wp-content\/uploads\/2026\/04\/Baron-de-Guldenstubbe.jpg\",\"datePublished\":\"2026-04-27T11:20:40+00:00\",\"dateModified\":\"2026-04-27T11:37:35+00:00\",\"breadcrumb\":{\"@id\":\"https:\/\/nuevo-renacer.com\/baron-johann-ludwig-de-guldenstubbe\/#breadcrumb\"},\"inLanguage\":\"de\",\"potentialAction\":[{\"@type\":\"ReadAction\",\"target\":[\"https:\/\/nuevo-renacer.com\/baron-johann-ludwig-de-guldenstubbe\/\"]}]},{\"@type\":\"ImageObject\",\"inLanguage\":\"de\",\"@id\":\"https:\/\/nuevo-renacer.com\/baron-johann-ludwig-de-guldenstubbe\/#primaryimage\",\"url\":\"https:\/\/nuevo-renacer.com\/wp-content\/uploads\/2026\/04\/Baron-de-Guldenstubbe.jpg\",\"contentUrl\":\"https:\/\/nuevo-renacer.com\/wp-content\/uploads\/2026\/04\/Baron-de-Guldenstubbe.jpg\"},{\"@type\":\"BreadcrumbList\",\"@id\":\"https:\/\/nuevo-renacer.com\/baron-johann-ludwig-de-guldenstubbe\/#breadcrumb\",\"itemListElement\":[{\"@type\":\"ListItem\",\"position\":1,\"name\":\"Startseite\",\"item\":\"https:\/\/nuevo-renacer.com\/\"},{\"@type\":\"ListItem\",\"position\":2,\"name\":\"Bar\u00f3n Johann Ludwig Guldenstubb\u00e9\"}]},{\"@type\":\"WebSite\",\"@id\":\"https:\/\/nuevo-renacer.com\/#website\",\"url\":\"https:\/\/nuevo-renacer.com\/\",\"name\":\"Uni\u00f3n Esp\u00edrita\",\"description\":\"Nuevo Renacer\",\"publisher\":{\"@id\":\"https:\/\/nuevo-renacer.com\/#organization\"},\"potentialAction\":[{\"@type\":\"SearchAction\",\"target\":{\"@type\":\"EntryPoint\",\"urlTemplate\":\"https:\/\/nuevo-renacer.com\/?s={search_term_string}\"},\"query-input\":{\"@type\":\"PropertyValueSpecification\",\"valueRequired\":true,\"valueName\":\"search_term_string\"}}],\"inLanguage\":\"de\"},{\"@type\":\"Organization\",\"@id\":\"https:\/\/nuevo-renacer.com\/#organization\",\"name\":\"UFEC\",\"url\":\"https:\/\/nuevo-renacer.com\/\",\"logo\":{\"@type\":\"ImageObject\",\"inLanguage\":\"de\",\"@id\":\"https:\/\/nuevo-renacer.com\/#\/schema\/logo\/image\/\",\"url\":\"https:\/\/nuevo-renacer.com\/wp-content\/uploads\/2024\/05\/cropped-LOGO-TERMINADO1-3-3.png\",\"contentUrl\":\"https:\/\/nuevo-renacer.com\/wp-content\/uploads\/2024\/05\/cropped-LOGO-TERMINADO1-3-3.png\",\"width\":512,\"height\":512,\"caption\":\"UFEC\"},\"image\":{\"@id\":\"https:\/\/nuevo-renacer.com\/#\/schema\/logo\/image\/\"},\"sameAs\":[\"https:\/\/www.facebook.com\/groups\/3431398063740829\"]}]}<\/script>\n<!-- \/ Yoast SEO Premium plugin. -->","yoast_head_json":{"title":"Bar\u00f3n Johann Ludwig Guldenstubb\u00e9 - Uni\u00f3n Esp\u00edrita","robots":{"index":"index","follow":"follow","max-snippet":"max-snippet:-1","max-image-preview":"max-image-preview:large","max-video-preview":"max-video-preview:-1"},"canonical":"https:\/\/nuevo-renacer.com\/de\/baron-johann-ludwig-de-guldenstubbe\/","og_locale":"de_DE","og_type":"article","og_title":"Bar\u00f3n Johann Ludwig Guldenstubb\u00e9","og_description":"Bar\u00f3n Johann Ludwig de Guldenstubb\u00e9 Este gran palad\u00edn del Espiritismo fue un importante trabajador de las primeras horas del Espiritismo, un gran investigador del alma y cuyas obras tambi\u00e9n fueron quemadas en Espa\u00f1a por la Santa Inquisici\u00f3n el 9 de octubre de 1861 en el conocido AUTO DE FE EN BARCELONA. El bar\u00f3n Johann Ludwig [&hellip;]","og_url":"https:\/\/nuevo-renacer.com\/de\/baron-johann-ludwig-de-guldenstubbe\/","og_site_name":"Uni\u00f3n Esp\u00edrita","article_publisher":"https:\/\/www.facebook.com\/groups\/3431398063740829","article_modified_time":"2026-04-27T11:37:35+00:00","og_image":[{"width":517,"height":700,"url":"https:\/\/nuevo-renacer.com\/wp-content\/uploads\/2026\/04\/Baron-de-Guldenstubbe.jpg","type":"image\/jpeg"}],"twitter_card":"summary_large_image","twitter_misc":{"Gesch\u00e4tzte Lesezeit":"5\u00a0Minuten"},"schema":{"@context":"https:\/\/schema.org","@graph":[{"@type":"WebPage","@id":"https:\/\/nuevo-renacer.com\/baron-johann-ludwig-de-guldenstubbe\/","url":"https:\/\/nuevo-renacer.com\/baron-johann-ludwig-de-guldenstubbe\/","name":"Bar\u00f3n Johann Ludwig Guldenstubb\u00e9 - Uni\u00f3n Esp\u00edrita","isPartOf":{"@id":"https:\/\/nuevo-renacer.com\/#website"},"primaryImageOfPage":{"@id":"https:\/\/nuevo-renacer.com\/baron-johann-ludwig-de-guldenstubbe\/#primaryimage"},"image":{"@id":"https:\/\/nuevo-renacer.com\/baron-johann-ludwig-de-guldenstubbe\/#primaryimage"},"thumbnailUrl":"https:\/\/nuevo-renacer.com\/wp-content\/uploads\/2026\/04\/Baron-de-Guldenstubbe.jpg","datePublished":"2026-04-27T11:20:40+00:00","dateModified":"2026-04-27T11:37:35+00:00","breadcrumb":{"@id":"https:\/\/nuevo-renacer.com\/baron-johann-ludwig-de-guldenstubbe\/#breadcrumb"},"inLanguage":"de","potentialAction":[{"@type":"ReadAction","target":["https:\/\/nuevo-renacer.com\/baron-johann-ludwig-de-guldenstubbe\/"]}]},{"@type":"ImageObject","inLanguage":"de","@id":"https:\/\/nuevo-renacer.com\/baron-johann-ludwig-de-guldenstubbe\/#primaryimage","url":"https:\/\/nuevo-renacer.com\/wp-content\/uploads\/2026\/04\/Baron-de-Guldenstubbe.jpg","contentUrl":"https:\/\/nuevo-renacer.com\/wp-content\/uploads\/2026\/04\/Baron-de-Guldenstubbe.jpg"},{"@type":"BreadcrumbList","@id":"https:\/\/nuevo-renacer.com\/baron-johann-ludwig-de-guldenstubbe\/#breadcrumb","itemListElement":[{"@type":"ListItem","position":1,"name":"Startseite","item":"https:\/\/nuevo-renacer.com\/"},{"@type":"ListItem","position":2,"name":"Bar\u00f3n Johann Ludwig Guldenstubb\u00e9"}]},{"@type":"WebSite","@id":"https:\/\/nuevo-renacer.com\/#website","url":"https:\/\/nuevo-renacer.com\/","name":"Uni\u00f3n Esp\u00edrita","description":"Nuevo Renacer","publisher":{"@id":"https:\/\/nuevo-renacer.com\/#organization"},"potentialAction":[{"@type":"SearchAction","target":{"@type":"EntryPoint","urlTemplate":"https:\/\/nuevo-renacer.com\/?s={search_term_string}"},"query-input":{"@type":"PropertyValueSpecification","valueRequired":true,"valueName":"search_term_string"}}],"inLanguage":"de"},{"@type":"Organization","@id":"https:\/\/nuevo-renacer.com\/#organization","name":"UFEC","url":"https:\/\/nuevo-renacer.com\/","logo":{"@type":"ImageObject","inLanguage":"de","@id":"https:\/\/nuevo-renacer.com\/#\/schema\/logo\/image\/","url":"https:\/\/nuevo-renacer.com\/wp-content\/uploads\/2024\/05\/cropped-LOGO-TERMINADO1-3-3.png","contentUrl":"https:\/\/nuevo-renacer.com\/wp-content\/uploads\/2024\/05\/cropped-LOGO-TERMINADO1-3-3.png","width":512,"height":512,"caption":"UFEC"},"image":{"@id":"https:\/\/nuevo-renacer.com\/#\/schema\/logo\/image\/"},"sameAs":["https:\/\/www.facebook.com\/groups\/3431398063740829"]}]}},"uagb_featured_image_src":{"full":false,"thumbnail":false,"medium":false,"medium_large":false,"large":false,"1536x1536":false,"2048x2048":false,"trp-custom-language-flag":false},"uagb_author_info":{"display_name":"adbv0","author_link":"https:\/\/nuevo-renacer.com\/de\/author\/adbv0\/"},"uagb_comment_info":0,"uagb_excerpt":"Bar\u00f3n Johann Ludwig de Guldenstubb\u00e9 Este gran palad\u00edn del Espiritismo fue un importante trabajador de las primeras horas del Espiritismo, un gran investigador del alma y cuyas obras tambi\u00e9n fueron quemadas en Espa\u00f1a por la Santa Inquisici\u00f3n el 9 de octubre de 1861 en el conocido AUTO DE FE EN BARCELONA. El bar\u00f3n Johann Ludwig&hellip;","jetpack_sharing_enabled":true,"_links":{"self":[{"href":"https:\/\/nuevo-renacer.com\/de\/wp-json\/wp\/v2\/pages\/8920","targetHints":{"allow":["GET"]}}],"collection":[{"href":"https:\/\/nuevo-renacer.com\/de\/wp-json\/wp\/v2\/pages"}],"about":[{"href":"https:\/\/nuevo-renacer.com\/de\/wp-json\/wp\/v2\/types\/page"}],"author":[{"embeddable":true,"href":"https:\/\/nuevo-renacer.com\/de\/wp-json\/wp\/v2\/users\/1"}],"replies":[{"embeddable":true,"href":"https:\/\/nuevo-renacer.com\/de\/wp-json\/wp\/v2\/comments?post=8920"}],"version-history":[{"count":4,"href":"https:\/\/nuevo-renacer.com\/de\/wp-json\/wp\/v2\/pages\/8920\/revisions"}],"predecessor-version":[{"id":8928,"href":"https:\/\/nuevo-renacer.com\/de\/wp-json\/wp\/v2\/pages\/8920\/revisions\/8928"}],"wp:attachment":[{"href":"https:\/\/nuevo-renacer.com\/de\/wp-json\/wp\/v2\/media?parent=8920"}],"curies":[{"name":"wp","href":"https:\/\/api.w.org\/{rel}","templated":true}]}}