{"id":8913,"date":"2026-04-24T07:38:28","date_gmt":"2026-04-24T07:38:28","guid":{"rendered":"https:\/\/nuevo-renacer.com\/?page_id=8913"},"modified":"2026-04-24T07:38:31","modified_gmt":"2026-04-24T07:38:31","slug":"agostinho-pereira-de-souza","status":"publish","type":"page","link":"https:\/\/nuevo-renacer.com\/de\/agostinho-pereira-de-souza\/","title":{"rendered":"Agostinho Pereira de Souza"},"content":{"rendered":"<div class=\"wp-block-uagb-container uagb-block-14155b8c alignfull uagb-is-root-container\"><div class=\"uagb-container-inner-blocks-wrap\">\n<p class=\"has-black-color has-text-color has-link-color has-medium-font-size wp-elements-7c4640dcdfc8c690aca4b2c74f758e87\"><strong>Agostinho Pereira de Souza<\/strong><\/p>\n<\/div><\/div>\n\n\n\n<div class=\"wp-block-uagb-container uagb-block-16b35f8b alignfull uagb-is-root-container\"><div class=\"uagb-container-inner-blocks-wrap\">\n<figure class=\"wp-block-image size-large is-resized\"><img fetchpriority=\"high\" decoding=\"async\" width=\"926\" height=\"1024\" src=\"https:\/\/nuevo-renacer.com\/wp-content\/uploads\/2026\/04\/Agostinho-Pereira-de-Souza-926x1024.png\" alt=\"\" class=\"wp-image-8914\" style=\"aspect-ratio:0.9042985497520785;width:250px;height:auto\" srcset=\"https:\/\/nuevo-renacer.com\/wp-content\/uploads\/2026\/04\/Agostinho-Pereira-de-Souza-926x1024.png 926w, https:\/\/nuevo-renacer.com\/wp-content\/uploads\/2026\/04\/Agostinho-Pereira-de-Souza-271x300.png 271w, https:\/\/nuevo-renacer.com\/wp-content\/uploads\/2026\/04\/Agostinho-Pereira-de-Souza-768x849.png 768w, https:\/\/nuevo-renacer.com\/wp-content\/uploads\/2026\/04\/Agostinho-Pereira-de-Souza-11x12.png 11w, https:\/\/nuevo-renacer.com\/wp-content\/uploads\/2026\/04\/Agostinho-Pereira-de-Souza.png 1193w\" sizes=\"(max-width: 926px) 100vw, 926px\" \/><\/figure>\n<\/div><\/div>\n\n\n\n<div class=\"wp-block-uagb-container uagb-block-cc6a2222 alignfull uagb-is-root-container\"><div class=\"uagb-container-inner-blocks-wrap\">\n<p class=\"has-black-color has-text-color has-link-color has-small-font-size wp-elements-16b242478867f87f78bf9925f3eb650a\">Geboren in der Stadt Porto, Portugal, am 28. November 1889, und verstorben in Rio de Janeiro am 12. Oktober 1955. Er war ein Mann, dem materieller Wohlstand zuteilwurde und der im Leben gut gestellt war \u2013 ein gerechter Lohn f\u00fcr seinen Arbeitsgeist. Dennoch verstand er es, sein Verm\u00f6gen sinnvoll einzusetzen, ohne sich jemals davon beherrschen zu lassen, indem er es zum Nutzen seiner direkten Mitarbeiter und f\u00fcr wohlt\u00e4tige Werke verwendete. In seinem gesch\u00e4ftlichen Wirken war er sehr gesch\u00e4tzt \u2013 sowohl von seiner Kundschaft als auch von seinen Angestellten, die am Unternehmen beteiligt wurden und entsprechend ihrem Engagement und ihren F\u00e4higkeiten am Gewinn teilhatten. Seine Eltern waren Manoel Sebasti\u00e3o Pereira de Souza J\u00fanior und Maria Lu\u00edza Ramos de Souza. Im Alter von 12 Jahren kam er 1901 nach Brasilien und landete in Rio de Janeiro, entschlossen, im Leben erfolgreich zu sein \u2013 was ihm tats\u00e4chlich gelang, vor allem dank seines ausgepr\u00e4gten Ehrlichkeitsgef\u00fchls. Er stellte sich gro\u00dfen Herausforderungen, ohne jemals den Mut zu verlieren.<\/p>\n\n\n\n<p class=\"has-black-color has-text-color has-link-color has-small-font-size wp-elements-327cbcfd806693b296f4af57a43dd886\">Seine erste Anstellung hatte er in der Schneiderei \u201eO Fonseca\u201c in der Rua do Ouvidor. Danach arbeitete er in mehreren anderen Firmen wie \u201eAm\u00e9rica-Jap\u00e3o\u201c, \u201eBarbosa Freitas\u201c, \u201eCamisaria Universo\u201c, \u201eF\u00e1brica Confian\u00e7a\u201c, \u201eO Cysne\u201c und schlie\u00dflich bei \u201eCamisaria Brand\u00e3o\u201c, die er verlie\u00df, um am 1. Mai 1919 sein eigenes Unternehmen \u201eO Camiseiro\u201c zu gr\u00fcnden. Dieses entwickelte sich stark und wurde zu einem der gr\u00f6\u00dften Hemdenhersteller in Rio de Janeiro. Er heiratete Deolinda Veloso de Souza Agostinho, mit der er sechs Kinder hatte. Deolinda war ein Medium mit bemerkenswerten F\u00e4higkeiten und setzte sich intensiv f\u00fcr die spiritistische Lehre ein. Nach einer kurzen, heimt\u00fcckischen Krankheit verstarb sie am 12. Oktober 1954 und lie\u00df ihn verwitwet zur\u00fcck. Dies war ein schwerer Schlag f\u00fcr Agostinho, den er jedoch mit der aus dem Spiritismus stammenden Geduld und dem Glauben an die Unsterblichkeit der Seele ertrug. Am ersten Jahrestag ihres Todes, am 12. Oktober 1955, verstarb auch Agostinho nach kurzer Krankheit in gro\u00dfer Ruhe \u2013 als w\u00fcrde er sich auf den Weg machen, seine geliebte Gef\u00e4hrtin wiederzufinden, was als Zeichen einer tiefen seelischen Verbundenheit gedeutet wurde.<\/p>\n\n\n\n<p class=\"has-black-color has-text-color has-link-color has-small-font-size wp-elements-607cd9a63d31c6d66f50b641e6bb5147\">Sein Tod hinterlie\u00df im spiritistischen Umfeld von Rio de Janeiro gro\u00dfe Trauer und ein Gef\u00fchl eines unersetzlichen Verlustes, da er sich mit gro\u00dfer Hingabe f\u00fcr die Sache eingesetzt hatte. Als humanit\u00e4rer Geist engagierte er sich in zahlreichen Hilfswerken f\u00fcr bed\u00fcrftige Kinder und alte Menschen und half allen, die seine Unterst\u00fctzung ben\u00f6tigten, im Rahmen seiner M\u00f6glichkeiten und stets mit Blick auf den tats\u00e4chlichen Bedarf. Agostinho Pereira de Souza hatte einen unersch\u00fctterlichen Glauben an Jesus. Trotz gro\u00dfer Schwierigkeiten lie\u00df er sich nie entmutigen, da sein Glaube alle Widrigkeiten \u00fcberwand. Er war \u00fcberzeugt, dass Gott, der gro\u00dfm\u00fctige Vater und Sch\u00f6pfer aller Dinge, stets unsere M\u00e4ngel ausgleicht, wenn wir durch den Glauben \u2013 wie von Jesus gelehrt \u2013 mit ihm in Einklang treten. Sein Glaube an die Unsterblichkeit der Seele gr\u00fcndete sich auf der spiritistischen Lehre nach der von Allan Kardec \u00fcbermittelten Codifikation. Er blieb diesen Grunds\u00e4tzen stets treu.<\/p>\n\n\n\n<p class=\"has-black-color has-text-color has-link-color has-small-font-size wp-elements-0e3abd35f078ff8f3a949156be1868ac\">Er war Mitglied des Obersten Rates der Brasilianischen Spiritistischen F\u00f6deration, Vorstandsmitglied der spiritistischen Gruppe \u201eAnthony L\u00e9on\u201c in Tijuca und Teil der Stiftung Marieta Gaio, zusammen mit deren Gr\u00fcnder Manoel Jorge Gaio. Auf Anregung von Leopoldo Machado engagierte er sich nach einer erfolgreichen Aktion in seinem Gesch\u00e4ft f\u00fcr die Spiritistische Vereinigung \u201eObreiros do Bem\u201c, die damals den Bau eines Krankenhauses f\u00fcr psychisch Kranke plante. Er stellte daf\u00fcr ein Grundst\u00fcck in der Rua Santa Alexandrina im Stadtteil Rio Comprido zur Verf\u00fcgung und leitete mit gro\u00dfem Einsatz und Ausdauer den Bau des spiritistischen Krankenhauses \u201ePedro de Alc\u00e2ntara\u201c, ein bedeutendes Projekt. In seinem Bestreben zu helfen, organisierte er au\u00dferdem die angeschlossene Gesundheits- und Entbindungsstation \u201eSanto Agostinho\u201c, benannt nach dem gro\u00dfen christlichen Heiligen. Leider tr\u00e4gt dieses Krankenhaus heute nicht mehr den spiritistischen Namen, und seine Leitung ist nicht mehr spiritistisch, obwohl es im Besitz der Vereinigung \u201eObreiros do Bem\u201c bleibt. Die urspr\u00fcngliche Idee, spiritistische Therapie anzuwenden, konnte dort nicht weitergef\u00fchrt werden.<\/p>\n\n\n\n<p class=\"has-black-color has-text-color has-link-color has-small-font-size wp-elements-5ae1b035d99fff154606d9f42cac4b73\">\u00dcber Agostinhos Lebenswerk lie\u00dfe sich endlos berichten, da er an nahezu jeder spiritistischen Initiative in Rio de Janeiro ma\u00dfgeblich beteiligt war. Gemeinsam mit Leopoldo Machado gr\u00fcndete er die Radiosendung \u201eHora Esp\u00edrita\u201c beim damaligen Sender R\u00e1dio Transmissora. Er war eine zentrale Figur beim ersten Kongress der spiritistischen Jugend Brasiliens und arbeitete dabei mit Pers\u00f6nlichkeiten wie Leopoldo Machado, Lins de Vasconcellos und Carlos Imbassahy zusammen. Als begabter Redner nahm er an zahlreichen spiritistischen Veranstaltungen teil und verbreitete seine Botschaft im gesamten damaligen Bundesdistrikt. Er verfasste mehrere Schriften auf Grundlage seines Wissens und unterst\u00fctzte Leopoldo Machado bei der Ver\u00f6ffentlichung seiner B\u00fccher. Mit seinem g\u00fctigen, ruhigen und besonnenen Wesen sowie seinem christlichen Charakter blieb Agostinho Pereira de Souza in all seinem Wirken bescheiden. Sein Handeln und seine Hingabe an die spiritistische Sache sowie seine Liebe zu Jesus zeigten sich nicht nur in Worten, sondern vor allem in seinem gelebten Beispiel.<\/p>\n<\/div><\/div>\n\n\n\n<div class=\"wp-block-uagb-container uagb-block-064f8fde alignfull uagb-is-root-container\"><div class=\"uagb-container-inner-blocks-wrap\"><\/div><\/div>\n\n\n\n<div class=\"wp-block-uagb-container uagb-block-f7fb5235 alignfull uagb-is-root-container\"><div class=\"uagb-container-inner-blocks-wrap\"><\/div><\/div>","protected":false},"excerpt":{"rendered":"<p>Agostinho Pereira de Souza Nacido en la ciudad de Oporto, Portugal, el 28 de noviembre de 1889, y fallecido en R\u00edo de Janeiro el 12 de octubre de 1955. Fue un hombre favorecido por la fortuna material, bien posicionado en la vida como justo premio a su esp\u00edritu de trabajo; sin embargo, supo emplear bien [&hellip;]<\/p>","protected":false},"author":1,"featured_media":0,"parent":0,"menu_order":0,"comment_status":"closed","ping_status":"closed","template":"","meta":{"_uag_custom_page_level_css":"","site-sidebar-layout":"default","site-content-layout":"","ast-site-content-layout":"default","site-content-style":"default","site-sidebar-style":"default","ast-global-header-display":"","ast-banner-title-visibility":"","ast-main-header-display":"","ast-hfb-above-header-display":"","ast-hfb-below-header-display":"","ast-hfb-mobile-header-display":"","site-post-title":"disabled","ast-breadcrumbs-content":"","ast-featured-img":"","footer-sml-layout":"","theme-transparent-header-meta":"","adv-header-id-meta":"","stick-header-meta":"","header-above-stick-meta":"","header-main-stick-meta":"","header-below-stick-meta":"","astra-migrate-meta-layouts":"set","ast-page-background-enabled":"default","ast-page-background-meta":{"desktop":{"background-color":"var(--ast-global-color-4)","background-image":"","background-repeat":"repeat","background-position":"center center","background-size":"auto","background-attachment":"scroll","background-type":"","background-media":"","overlay-type":"","overlay-color":"","overlay-opacity":"","overlay-gradient":""},"tablet":{"background-color":"","background-image":"","background-repeat":"repeat","background-position":"center center","background-size":"auto","background-attachment":"scroll","background-type":"","background-media":"","overlay-type":"","overlay-color":"","overlay-opacity":"","overlay-gradient":""},"mobile":{"background-color":"","background-image":"","background-repeat":"repeat","background-position":"center center","background-size":"auto","background-attachment":"scroll","background-type":"","background-media":"","overlay-type":"","overlay-color":"","overlay-opacity":"","overlay-gradient":""}},"ast-content-background-meta":{"desktop":{"background-color":"var(--ast-global-color-5)","background-image":"","background-repeat":"repeat","background-position":"center center","background-size":"auto","background-attachment":"scroll","background-type":"","background-media":"","overlay-type":"","overlay-color":"","overlay-opacity":"","overlay-gradient":""},"tablet":{"background-color":"var(--ast-global-color-5)","background-image":"","background-repeat":"repeat","background-position":"center center","background-size":"auto","background-attachment":"scroll","background-type":"","background-media":"","overlay-type":"","overlay-color":"","overlay-opacity":"","overlay-gradient":""},"mobile":{"background-color":"var(--ast-global-color-5)","background-image":"","background-repeat":"repeat","background-position":"center center","background-size":"auto","background-attachment":"scroll","background-type":"","background-media":"","overlay-type":"","overlay-color":"","overlay-opacity":"","overlay-gradient":""}},"footnotes":""},"class_list":["post-8913","page","type-page","status-publish","hentry"],"yoast_head":"<!-- This site is optimized with the Yoast SEO Premium plugin v24.2 (Yoast SEO v24.6) - https:\/\/yoast.com\/wordpress\/plugins\/seo\/ -->\n<title>Agostinho Pereira de Souza - Uni\u00f3n Esp\u00edrita<\/title>\n<meta name=\"robots\" content=\"index, follow, max-snippet:-1, max-image-preview:large, max-video-preview:-1\" \/>\n<link rel=\"canonical\" href=\"https:\/\/nuevo-renacer.com\/de\/agostinho-pereira-de-souza\/\" \/>\n<meta property=\"og:locale\" content=\"de_DE\" \/>\n<meta property=\"og:type\" content=\"article\" \/>\n<meta property=\"og:title\" content=\"Agostinho Pereira de Souza\" \/>\n<meta property=\"og:description\" content=\"Agostinho Pereira de Souza Nacido en la ciudad de Oporto, Portugal, el 28 de noviembre de 1889, y fallecido en R\u00edo de Janeiro el 12 de octubre de 1955. Fue un hombre favorecido por la fortuna material, bien posicionado en la vida como justo premio a su esp\u00edritu de trabajo; sin embargo, supo emplear bien [&hellip;]\" \/>\n<meta property=\"og:url\" content=\"https:\/\/nuevo-renacer.com\/de\/agostinho-pereira-de-souza\/\" \/>\n<meta property=\"og:site_name\" content=\"Uni\u00f3n Esp\u00edrita\" \/>\n<meta property=\"article:publisher\" content=\"https:\/\/www.facebook.com\/groups\/3431398063740829\" \/>\n<meta property=\"article:modified_time\" content=\"2026-04-24T07:38:31+00:00\" \/>\n<meta property=\"og:image\" content=\"https:\/\/nuevo-renacer.com\/wp-content\/uploads\/2026\/04\/Agostinho-Pereira-de-Souza.png\" \/>\n\t<meta property=\"og:image:width\" content=\"1193\" \/>\n\t<meta property=\"og:image:height\" content=\"1319\" \/>\n\t<meta property=\"og:image:type\" content=\"image\/png\" \/>\n<meta name=\"twitter:card\" content=\"summary_large_image\" \/>\n<meta name=\"twitter:label1\" content=\"Gesch\u00e4tzte Lesezeit\" \/>\n\t<meta name=\"twitter:data1\" content=\"6\u00a0Minuten\" \/>\n<script type=\"application\/ld+json\" class=\"yoast-schema-graph\">{\"@context\":\"https:\/\/schema.org\",\"@graph\":[{\"@type\":\"WebPage\",\"@id\":\"https:\/\/nuevo-renacer.com\/agostinho-pereira-de-souza\/\",\"url\":\"https:\/\/nuevo-renacer.com\/agostinho-pereira-de-souza\/\",\"name\":\"Agostinho Pereira de Souza - Uni\u00f3n Esp\u00edrita\",\"isPartOf\":{\"@id\":\"https:\/\/nuevo-renacer.com\/#website\"},\"primaryImageOfPage\":{\"@id\":\"https:\/\/nuevo-renacer.com\/agostinho-pereira-de-souza\/#primaryimage\"},\"image\":{\"@id\":\"https:\/\/nuevo-renacer.com\/agostinho-pereira-de-souza\/#primaryimage\"},\"thumbnailUrl\":\"https:\/\/nuevo-renacer.com\/wp-content\/uploads\/2026\/04\/Agostinho-Pereira-de-Souza-926x1024.png\",\"datePublished\":\"2026-04-24T07:38:28+00:00\",\"dateModified\":\"2026-04-24T07:38:31+00:00\",\"breadcrumb\":{\"@id\":\"https:\/\/nuevo-renacer.com\/agostinho-pereira-de-souza\/#breadcrumb\"},\"inLanguage\":\"de\",\"potentialAction\":[{\"@type\":\"ReadAction\",\"target\":[\"https:\/\/nuevo-renacer.com\/agostinho-pereira-de-souza\/\"]}]},{\"@type\":\"ImageObject\",\"inLanguage\":\"de\",\"@id\":\"https:\/\/nuevo-renacer.com\/agostinho-pereira-de-souza\/#primaryimage\",\"url\":\"https:\/\/nuevo-renacer.com\/wp-content\/uploads\/2026\/04\/Agostinho-Pereira-de-Souza-926x1024.png\",\"contentUrl\":\"https:\/\/nuevo-renacer.com\/wp-content\/uploads\/2026\/04\/Agostinho-Pereira-de-Souza-926x1024.png\"},{\"@type\":\"BreadcrumbList\",\"@id\":\"https:\/\/nuevo-renacer.com\/agostinho-pereira-de-souza\/#breadcrumb\",\"itemListElement\":[{\"@type\":\"ListItem\",\"position\":1,\"name\":\"Startseite\",\"item\":\"https:\/\/nuevo-renacer.com\/\"},{\"@type\":\"ListItem\",\"position\":2,\"name\":\"Agostinho Pereira de Souza\"}]},{\"@type\":\"WebSite\",\"@id\":\"https:\/\/nuevo-renacer.com\/#website\",\"url\":\"https:\/\/nuevo-renacer.com\/\",\"name\":\"Uni\u00f3n Esp\u00edrita\",\"description\":\"Nuevo Renacer\",\"publisher\":{\"@id\":\"https:\/\/nuevo-renacer.com\/#organization\"},\"potentialAction\":[{\"@type\":\"SearchAction\",\"target\":{\"@type\":\"EntryPoint\",\"urlTemplate\":\"https:\/\/nuevo-renacer.com\/?s={search_term_string}\"},\"query-input\":{\"@type\":\"PropertyValueSpecification\",\"valueRequired\":true,\"valueName\":\"search_term_string\"}}],\"inLanguage\":\"de\"},{\"@type\":\"Organization\",\"@id\":\"https:\/\/nuevo-renacer.com\/#organization\",\"name\":\"UFEC\",\"url\":\"https:\/\/nuevo-renacer.com\/\",\"logo\":{\"@type\":\"ImageObject\",\"inLanguage\":\"de\",\"@id\":\"https:\/\/nuevo-renacer.com\/#\/schema\/logo\/image\/\",\"url\":\"https:\/\/nuevo-renacer.com\/wp-content\/uploads\/2024\/05\/cropped-LOGO-TERMINADO1-3-3.png\",\"contentUrl\":\"https:\/\/nuevo-renacer.com\/wp-content\/uploads\/2024\/05\/cropped-LOGO-TERMINADO1-3-3.png\",\"width\":512,\"height\":512,\"caption\":\"UFEC\"},\"image\":{\"@id\":\"https:\/\/nuevo-renacer.com\/#\/schema\/logo\/image\/\"},\"sameAs\":[\"https:\/\/www.facebook.com\/groups\/3431398063740829\"]}]}<\/script>\n<!-- \/ Yoast SEO Premium plugin. -->","yoast_head_json":{"title":"Agostinho Pereira de Souza - Uni\u00f3n Esp\u00edrita","robots":{"index":"index","follow":"follow","max-snippet":"max-snippet:-1","max-image-preview":"max-image-preview:large","max-video-preview":"max-video-preview:-1"},"canonical":"https:\/\/nuevo-renacer.com\/de\/agostinho-pereira-de-souza\/","og_locale":"de_DE","og_type":"article","og_title":"Agostinho Pereira de Souza","og_description":"Agostinho Pereira de Souza Nacido en la ciudad de Oporto, Portugal, el 28 de noviembre de 1889, y fallecido en R\u00edo de Janeiro el 12 de octubre de 1955. Fue un hombre favorecido por la fortuna material, bien posicionado en la vida como justo premio a su esp\u00edritu de trabajo; sin embargo, supo emplear bien [&hellip;]","og_url":"https:\/\/nuevo-renacer.com\/de\/agostinho-pereira-de-souza\/","og_site_name":"Uni\u00f3n Esp\u00edrita","article_publisher":"https:\/\/www.facebook.com\/groups\/3431398063740829","article_modified_time":"2026-04-24T07:38:31+00:00","og_image":[{"width":1193,"height":1319,"url":"https:\/\/nuevo-renacer.com\/wp-content\/uploads\/2026\/04\/Agostinho-Pereira-de-Souza.png","type":"image\/png"}],"twitter_card":"summary_large_image","twitter_misc":{"Gesch\u00e4tzte Lesezeit":"6\u00a0Minuten"},"schema":{"@context":"https:\/\/schema.org","@graph":[{"@type":"WebPage","@id":"https:\/\/nuevo-renacer.com\/agostinho-pereira-de-souza\/","url":"https:\/\/nuevo-renacer.com\/agostinho-pereira-de-souza\/","name":"Agostinho Pereira de Souza - Uni\u00f3n Esp\u00edrita","isPartOf":{"@id":"https:\/\/nuevo-renacer.com\/#website"},"primaryImageOfPage":{"@id":"https:\/\/nuevo-renacer.com\/agostinho-pereira-de-souza\/#primaryimage"},"image":{"@id":"https:\/\/nuevo-renacer.com\/agostinho-pereira-de-souza\/#primaryimage"},"thumbnailUrl":"https:\/\/nuevo-renacer.com\/wp-content\/uploads\/2026\/04\/Agostinho-Pereira-de-Souza-926x1024.png","datePublished":"2026-04-24T07:38:28+00:00","dateModified":"2026-04-24T07:38:31+00:00","breadcrumb":{"@id":"https:\/\/nuevo-renacer.com\/agostinho-pereira-de-souza\/#breadcrumb"},"inLanguage":"de","potentialAction":[{"@type":"ReadAction","target":["https:\/\/nuevo-renacer.com\/agostinho-pereira-de-souza\/"]}]},{"@type":"ImageObject","inLanguage":"de","@id":"https:\/\/nuevo-renacer.com\/agostinho-pereira-de-souza\/#primaryimage","url":"https:\/\/nuevo-renacer.com\/wp-content\/uploads\/2026\/04\/Agostinho-Pereira-de-Souza-926x1024.png","contentUrl":"https:\/\/nuevo-renacer.com\/wp-content\/uploads\/2026\/04\/Agostinho-Pereira-de-Souza-926x1024.png"},{"@type":"BreadcrumbList","@id":"https:\/\/nuevo-renacer.com\/agostinho-pereira-de-souza\/#breadcrumb","itemListElement":[{"@type":"ListItem","position":1,"name":"Startseite","item":"https:\/\/nuevo-renacer.com\/"},{"@type":"ListItem","position":2,"name":"Agostinho Pereira de Souza"}]},{"@type":"WebSite","@id":"https:\/\/nuevo-renacer.com\/#website","url":"https:\/\/nuevo-renacer.com\/","name":"Uni\u00f3n Esp\u00edrita","description":"Nuevo Renacer","publisher":{"@id":"https:\/\/nuevo-renacer.com\/#organization"},"potentialAction":[{"@type":"SearchAction","target":{"@type":"EntryPoint","urlTemplate":"https:\/\/nuevo-renacer.com\/?s={search_term_string}"},"query-input":{"@type":"PropertyValueSpecification","valueRequired":true,"valueName":"search_term_string"}}],"inLanguage":"de"},{"@type":"Organization","@id":"https:\/\/nuevo-renacer.com\/#organization","name":"UFEC","url":"https:\/\/nuevo-renacer.com\/","logo":{"@type":"ImageObject","inLanguage":"de","@id":"https:\/\/nuevo-renacer.com\/#\/schema\/logo\/image\/","url":"https:\/\/nuevo-renacer.com\/wp-content\/uploads\/2024\/05\/cropped-LOGO-TERMINADO1-3-3.png","contentUrl":"https:\/\/nuevo-renacer.com\/wp-content\/uploads\/2024\/05\/cropped-LOGO-TERMINADO1-3-3.png","width":512,"height":512,"caption":"UFEC"},"image":{"@id":"https:\/\/nuevo-renacer.com\/#\/schema\/logo\/image\/"},"sameAs":["https:\/\/www.facebook.com\/groups\/3431398063740829"]}]}},"uagb_featured_image_src":{"full":false,"thumbnail":false,"medium":false,"medium_large":false,"large":false,"1536x1536":false,"2048x2048":false,"trp-custom-language-flag":false},"uagb_author_info":{"display_name":"adbv0","author_link":"https:\/\/nuevo-renacer.com\/de\/author\/adbv0\/"},"uagb_comment_info":0,"uagb_excerpt":"Agostinho Pereira de Souza Nacido en la ciudad de Oporto, Portugal, el 28 de noviembre de 1889, y fallecido en R\u00edo de Janeiro el 12 de octubre de 1955. Fue un hombre favorecido por la fortuna material, bien posicionado en la vida como justo premio a su esp\u00edritu de trabajo; sin embargo, supo emplear bien&hellip;","jetpack_sharing_enabled":true,"_links":{"self":[{"href":"https:\/\/nuevo-renacer.com\/de\/wp-json\/wp\/v2\/pages\/8913","targetHints":{"allow":["GET"]}}],"collection":[{"href":"https:\/\/nuevo-renacer.com\/de\/wp-json\/wp\/v2\/pages"}],"about":[{"href":"https:\/\/nuevo-renacer.com\/de\/wp-json\/wp\/v2\/types\/page"}],"author":[{"embeddable":true,"href":"https:\/\/nuevo-renacer.com\/de\/wp-json\/wp\/v2\/users\/1"}],"replies":[{"embeddable":true,"href":"https:\/\/nuevo-renacer.com\/de\/wp-json\/wp\/v2\/comments?post=8913"}],"version-history":[{"count":1,"href":"https:\/\/nuevo-renacer.com\/de\/wp-json\/wp\/v2\/pages\/8913\/revisions"}],"predecessor-version":[{"id":8915,"href":"https:\/\/nuevo-renacer.com\/de\/wp-json\/wp\/v2\/pages\/8913\/revisions\/8915"}],"wp:attachment":[{"href":"https:\/\/nuevo-renacer.com\/de\/wp-json\/wp\/v2\/media?parent=8913"}],"curies":[{"name":"wp","href":"https:\/\/api.w.org\/{rel}","templated":true}]}}