{"id":8905,"date":"2026-04-21T16:04:05","date_gmt":"2026-04-21T16:04:05","guid":{"rendered":"https:\/\/nuevo-renacer.com\/?page_id=8905"},"modified":"2026-04-21T16:46:36","modified_gmt":"2026-04-21T16:46:36","slug":"martha-gallego-thomaz","status":"publish","type":"page","link":"https:\/\/nuevo-renacer.com\/de\/martha-gallego-thomaz\/","title":{"rendered":"Martha Gallego Thomaz"},"content":{"rendered":"<div class=\"wp-block-uagb-container uagb-block-a966a9ae alignfull uagb-is-root-container\"><div class=\"uagb-container-inner-blocks-wrap\">\n<p class=\"has-black-color has-text-color has-link-color has-medium-font-size wp-elements-388e4bd2ecec5d42aac5ee31a838d055\"><strong>Martha Gallego<\/strong> <strong>Thomaz<\/strong><\/p>\n<\/div><\/div>\n\n\n\n<div class=\"wp-block-uagb-container uagb-block-395f662d alignfull uagb-is-root-container\"><div class=\"uagb-container-inner-blocks-wrap\">\n<figure class=\"wp-block-image size-large is-resized\"><img fetchpriority=\"high\" decoding=\"async\" width=\"683\" height=\"1024\" src=\"https:\/\/nuevo-renacer.com\/wp-content\/uploads\/2026\/04\/Martha-Gallego-683x1024.webp\" alt=\"\" class=\"wp-image-8906\" style=\"aspect-ratio:0.6669900245260802;width:218px;height:auto\" srcset=\"https:\/\/nuevo-renacer.com\/wp-content\/uploads\/2026\/04\/Martha-Gallego-683x1024.webp 683w, https:\/\/nuevo-renacer.com\/wp-content\/uploads\/2026\/04\/Martha-Gallego-200x300.webp 200w, https:\/\/nuevo-renacer.com\/wp-content\/uploads\/2026\/04\/Martha-Gallego-768x1152.webp 768w, https:\/\/nuevo-renacer.com\/wp-content\/uploads\/2026\/04\/Martha-Gallego-1024x1536.webp 1024w, https:\/\/nuevo-renacer.com\/wp-content\/uploads\/2026\/04\/Martha-Gallego-1365x2048.webp 1365w, https:\/\/nuevo-renacer.com\/wp-content\/uploads\/2026\/04\/Martha-Gallego-8x12.webp 8w, https:\/\/nuevo-renacer.com\/wp-content\/uploads\/2026\/04\/Martha-Gallego-scaled.webp 1707w\" sizes=\"(max-width: 683px) 100vw, 683px\" \/><\/figure>\n<\/div><\/div>\n\n\n\n<div class=\"wp-block-uagb-container uagb-block-f9f861f2 alignfull uagb-is-root-container\"><div class=\"uagb-container-inner-blocks-wrap\">\n<p class=\"has-black-color has-text-color has-link-color has-small-font-size wp-elements-72445c517a7aee765a30c4e6e90816e2\">Das Verm\u00e4chtnis von Martha Gallego Thomaz f\u00fcr den Spiritismus ist unbestritten, und ihr Werk ist eng mit der Geschichte der Spiritistischen F\u00f6deration des Bundesstaates S\u00e3o Paulo (FEESP) verflochten. Das Gute, das sie damals denjenigen tat, die sich erst mit der Lehre vertraut machten und sich hinsichtlich ihrer Medialit\u00e4t unsicher f\u00fchlten, l\u00e4sst sich anhand der unz\u00e4hligen Zeugnisse derer belegen, die ihr bis heute f\u00fcr ihren Einsatz und ihre Lehrt\u00e4tigkeit dankbar sind. Viele erinnern sich an ihre Fr\u00f6hlichkeit, ihre Musikalit\u00e4t, ihre Zusammenarbeit mit dem Geist Noel Rosa (1910\u20131937) sowie an ihre Freundschaft und gemeinsame Arbeit mit Edgard Armond (1894\u20131982). Ihr Streben nach Wissen und ihre F\u00e4higkeit, Arbeitsgruppen zu organisieren und neue Mitarbeiter f\u00fcr die Lehre zu gewinnen, machten sie zu einer der Pionierinnen im spiritistischen Bereich von S\u00e3o Paulo. Die am 24. M\u00e4rz 1915 in Rio de Janeiro geborene Martha, Autorin von zwei diktierten und drei psychografierten B\u00fcchern, darunter \u201eO Instituto de Confraterniza\u00e7\u00e3o Universal e as Fraternidades do Espa\u00e7o\u201c. Martha wusste um das Leid, das die Medialit\u00e4t mit sich bringen kann, wenn man die Grundprinzipien der Lehre nicht kennt. Seit ihrem dritten Lebensjahr begann sie, Geister zu sehen \u2013 eine schwierige Erfahrung, die von ihrer katholischen Familie kaum verstanden wurde. Sie musste mit ansehen, wie ihr Vater von einem ungl\u00fccklichen Geist gequ\u00e4lt wurde, der auch sie bedrohte. Diese Situation \u00e4nderte sich erst, als sie 12 Jahre alt wurde und eine Tante aus Rio de Janeiro sie zu sich rief, um gemeinsam eine Fernbehandlung f\u00fcr ihren Vater durchzuf\u00fchren, der sich bereits in einer psychiatrischen Klinik befand. Im Haus der Tante trafen sie auf eine Hellseherin mit hervorragenden F\u00e4higkeiten, die Martha sagte, sie solle keine Angst haben, denn Angst ziehe den Geist an, der sie qu\u00e4lte. Sie bat sie, fest an Jesus zu denken, dann w\u00fcrde sie ihn nicht mehr sehen.<\/p>\n\n\n\n<p class=\"has-black-color has-text-color has-link-color has-small-font-size wp-elements-5efc1b5accc1113a1e549d44ec7baa1b\">So lernte sie, sich zu konzentrieren, obwohl sie sehr hellsichtig war: Sie sah Gutes und Schlechtes. So ging es weiter, bis f\u00fcr sie ab ihrem 30. Lebensjahr eine neue Phase der Qual begann, in der sie von Geistern angegriffen wurde und sogar k\u00f6rperlich erkrankte. Auf Anraten von Freunden besuchte sie schlie\u00dflich die Umbanda, wo sie drei Jahre lang blieb, bis ihr geraten wurde, ein spiritistisches Zentrum aufzusuchen, in dem sie ihre Medialit\u00e4t studieren und schulen konnte. Sie zog daraufhin nach Atibaia, SP, und begann, das Zentrum von Do\u00f1a Eletra zu besuchen, wo sie den ersten Kontakt mit dem Geist Noel Rosa hatte. Gemeinsam f\u00fchrten sie Sitzungen mit physischen Effekten durch, wobei sie von den Geistern immer wieder daran erinnert wurden, dass es notwendig sei, zu studieren. Dies veranlasste Martha 1956 dazu, die Spiritistische F\u00f6deration in der Hauptstadt zu besuchen, wo sie ihr Wissen vertiefen und sich besser auf ihre Aufgabe vorbereiten konnte. Dort unterzog Armond sie einem Test, bei dem sie sagen sollte, was sich in einem versiegelten Umschlag befand, was sie richtig erriet. Obwohl er sich von der Qualit\u00e4t ihrer Medialit\u00e4t \u00fcberzeugt hatte, antwortete Armond ihr, dass sie noch nicht bereit sei, dem Rat der Medien des Hauses beizutreten. Martha argumentierte, dass diese besser sein k\u00f6nnten, da sie bereits studiert h\u00e4tten, sie jedoch noch nicht, und begann daraufhin, die Schule f\u00fcr Lernende und Medien zu besuchen, um nach drei Jahren in den Rat der Medien der Institution aufgenommen zu werden. Sie arbeitete mehr als 50 Jahre lang bei der FEESP, zus\u00e4tzlich zu ihrem Engagement f\u00fcr die Evangelisch-Spiritistische Allianz und die Gruppe Noel, die sie 1977 in Vila Mariana gegr\u00fcndet hatte. Von 1956 bis 1967 arbeitete sie mit Edgard Armond zusammen und half ihm dabei, durch Hellsehen Gruppen von Geistern zu identifizieren, die sich zu erkennen gaben und die mit Hilfsarbeiten f\u00fcr die Inkarnierten verbunden waren, da er verschiedene Studien und Forschungen zu diesem Thema durchf\u00fchrte.<\/p>\n\n\n\n<p class=\"has-black-color has-text-color has-link-color has-small-font-size wp-elements-39cf5bb0135f96fc4f1eac83ae7c1eff\">Eliana Franco, Referentin der FEESP, berichtet, dass sie von Martha eingeladen wurde, an der spirituellen Betreuung f\u00fcr Kinder teilzunehmen, und dass es beeindruckend war zu sehen, wie sie die Medien anleitete, um zu verhindern, dass diese durch ihre mediale F\u00e4higkeit und die geleistete Arbeit \u00fcberheblich wurden. \u201eSie identifizierte immer die kommunizierenden Geister, und wenn sie manchmal nichts sagte, dann lag das daran, dass ein Geist wie Meimei oder An\u00e1lia Franco anwesend war. Sie achtete darauf, dass wir uns nicht h\u00f6her einsch\u00e4tzten, als wir sollten\u201c, erkl\u00e4rt sie. In einem Interview mit der Zeitschrift Planeta sagte Martha, dass sie durch die Medialit\u00e4t enormes Wissen erlangt habe: \u201eIch habe nur die Grundschule besucht. Einmal behandelten wir einen Herrn, dessen Astrozyten geschw\u00e4cht waren \u2013 etwas, das auf einer Computertomographie nicht zu sehen ist. Ich wandte mich an meine Freunde, die \u00c4rzte sind, und sie kl\u00e4rten mich auf. Die Astrozyten versorgen die Neuronen; da diese geschw\u00e4cht waren, war auch das Gehirn geschw\u00e4cht. Es war die mediale Arbeit, die mir dieses Wissen vermittelt hat.\u201c Sie verstarb am 3. September 2014 in S\u00e3o Paulo im Alter von 99 Jahren und hinterlie\u00df ein Verm\u00e4chtnis der Freude und Verantwortung, das alle Mitarbeiter pr\u00e4gt, die mit ihr zusammengearbeitet haben, insbesondere in den Schwingungsarbeiten, die sie ins Leben gerufen und \u00fcber viele Jahre geleitet hat, wobei sie Menschen zusammenbrachte, die das gemeinsame Streben und den Wunsch nach Frieden f\u00fcr eine bessere Welt verband.<\/p>\n<\/div><\/div>\n\n\n\n<div class=\"wp-block-uagb-container uagb-block-fb3d5469 alignfull uagb-is-root-container\"><div class=\"uagb-container-inner-blocks-wrap\"><\/div><\/div>\n\n\n\n<div class=\"wp-block-uagb-container uagb-block-acd75ed5 alignfull uagb-is-root-container\"><div class=\"uagb-container-inner-blocks-wrap\"><\/div><\/div>","protected":false},"excerpt":{"rendered":"<p>Martha Gallego Thomaz El legado de Martha Gallego Thomaz al espiritismo es incuestionable y su obra est\u00e1 entrelazada con la historia de la Federaci\u00f3n Esp\u00edrita del Estado de S\u00e3o Paulo (FEESP). El bien que hizo a quienes se iniciaban en la doctrina en aquella \u00e9poca y se sent\u00edan inseguros con su mediumnidad puede comprobarse a [&hellip;]<\/p>","protected":false},"author":1,"featured_media":0,"parent":0,"menu_order":0,"comment_status":"closed","ping_status":"closed","template":"","meta":{"_uag_custom_page_level_css":"","site-sidebar-layout":"default","site-content-layout":"","ast-site-content-layout":"default","site-content-style":"default","site-sidebar-style":"default","ast-global-header-display":"","ast-banner-title-visibility":"","ast-main-header-display":"","ast-hfb-above-header-display":"","ast-hfb-below-header-display":"","ast-hfb-mobile-header-display":"","site-post-title":"disabled","ast-breadcrumbs-content":"","ast-featured-img":"","footer-sml-layout":"","theme-transparent-header-meta":"","adv-header-id-meta":"","stick-header-meta":"","header-above-stick-meta":"","header-main-stick-meta":"","header-below-stick-meta":"","astra-migrate-meta-layouts":"set","ast-page-background-enabled":"default","ast-page-background-meta":{"desktop":{"background-color":"var(--ast-global-color-4)","background-image":"","background-repeat":"repeat","background-position":"center center","background-size":"auto","background-attachment":"scroll","background-type":"","background-media":"","overlay-type":"","overlay-color":"","overlay-opacity":"","overlay-gradient":""},"tablet":{"background-color":"","background-image":"","background-repeat":"repeat","background-position":"center center","background-size":"auto","background-attachment":"scroll","background-type":"","background-media":"","overlay-type":"","overlay-color":"","overlay-opacity":"","overlay-gradient":""},"mobile":{"background-color":"","background-image":"","background-repeat":"repeat","background-position":"center center","background-size":"auto","background-attachment":"scroll","background-type":"","background-media":"","overlay-type":"","overlay-color":"","overlay-opacity":"","overlay-gradient":""}},"ast-content-background-meta":{"desktop":{"background-color":"var(--ast-global-color-5)","background-image":"","background-repeat":"repeat","background-position":"center center","background-size":"auto","background-attachment":"scroll","background-type":"","background-media":"","overlay-type":"","overlay-color":"","overlay-opacity":"","overlay-gradient":""},"tablet":{"background-color":"var(--ast-global-color-5)","background-image":"","background-repeat":"repeat","background-position":"center center","background-size":"auto","background-attachment":"scroll","background-type":"","background-media":"","overlay-type":"","overlay-color":"","overlay-opacity":"","overlay-gradient":""},"mobile":{"background-color":"var(--ast-global-color-5)","background-image":"","background-repeat":"repeat","background-position":"center center","background-size":"auto","background-attachment":"scroll","background-type":"","background-media":"","overlay-type":"","overlay-color":"","overlay-opacity":"","overlay-gradient":""}},"footnotes":""},"class_list":["post-8905","page","type-page","status-publish","hentry"],"yoast_head":"<!-- This site is optimized with the Yoast SEO Premium plugin v24.2 (Yoast SEO v24.6) - https:\/\/yoast.com\/wordpress\/plugins\/seo\/ -->\n<title>Martha Gallego Thomaz - Uni\u00f3n Esp\u00edrita<\/title>\n<meta name=\"robots\" content=\"index, follow, max-snippet:-1, max-image-preview:large, max-video-preview:-1\" \/>\n<link rel=\"canonical\" href=\"https:\/\/nuevo-renacer.com\/de\/martha-gallego-thomaz\/\" \/>\n<meta property=\"og:locale\" content=\"de_DE\" \/>\n<meta property=\"og:type\" content=\"article\" \/>\n<meta property=\"og:title\" content=\"Martha Gallego Thomaz\" \/>\n<meta property=\"og:description\" content=\"Martha Gallego Thomaz El legado de Martha Gallego Thomaz al espiritismo es incuestionable y su obra est\u00e1 entrelazada con la historia de la Federaci\u00f3n Esp\u00edrita del Estado de S\u00e3o Paulo (FEESP). El bien que hizo a quienes se iniciaban en la doctrina en aquella \u00e9poca y se sent\u00edan inseguros con su mediumnidad puede comprobarse a [&hellip;]\" \/>\n<meta property=\"og:url\" content=\"https:\/\/nuevo-renacer.com\/de\/martha-gallego-thomaz\/\" \/>\n<meta property=\"og:site_name\" content=\"Uni\u00f3n Esp\u00edrita\" \/>\n<meta property=\"article:publisher\" content=\"https:\/\/www.facebook.com\/groups\/3431398063740829\" \/>\n<meta property=\"article:modified_time\" content=\"2026-04-21T16:46:36+00:00\" \/>\n<meta property=\"og:image\" content=\"https:\/\/nuevo-renacer.com\/wp-content\/uploads\/2026\/04\/Martha-Gallego-scaled.webp\" \/>\n\t<meta property=\"og:image:width\" content=\"1707\" \/>\n\t<meta property=\"og:image:height\" content=\"2560\" \/>\n\t<meta property=\"og:image:type\" content=\"image\/webp\" \/>\n<meta name=\"twitter:card\" content=\"summary_large_image\" \/>\n<meta name=\"twitter:label1\" content=\"Gesch\u00e4tzte Lesezeit\" \/>\n\t<meta name=\"twitter:data1\" content=\"5\u00a0Minuten\" \/>\n<script type=\"application\/ld+json\" class=\"yoast-schema-graph\">{\"@context\":\"https:\/\/schema.org\",\"@graph\":[{\"@type\":\"WebPage\",\"@id\":\"https:\/\/nuevo-renacer.com\/martha-gallego-thomaz\/\",\"url\":\"https:\/\/nuevo-renacer.com\/martha-gallego-thomaz\/\",\"name\":\"Martha Gallego Thomaz - Uni\u00f3n Esp\u00edrita\",\"isPartOf\":{\"@id\":\"https:\/\/nuevo-renacer.com\/#website\"},\"primaryImageOfPage\":{\"@id\":\"https:\/\/nuevo-renacer.com\/martha-gallego-thomaz\/#primaryimage\"},\"image\":{\"@id\":\"https:\/\/nuevo-renacer.com\/martha-gallego-thomaz\/#primaryimage\"},\"thumbnailUrl\":\"https:\/\/nuevo-renacer.com\/wp-content\/uploads\/2026\/04\/Martha-Gallego-683x1024.webp\",\"datePublished\":\"2026-04-21T16:04:05+00:00\",\"dateModified\":\"2026-04-21T16:46:36+00:00\",\"breadcrumb\":{\"@id\":\"https:\/\/nuevo-renacer.com\/martha-gallego-thomaz\/#breadcrumb\"},\"inLanguage\":\"de\",\"potentialAction\":[{\"@type\":\"ReadAction\",\"target\":[\"https:\/\/nuevo-renacer.com\/martha-gallego-thomaz\/\"]}]},{\"@type\":\"ImageObject\",\"inLanguage\":\"de\",\"@id\":\"https:\/\/nuevo-renacer.com\/martha-gallego-thomaz\/#primaryimage\",\"url\":\"https:\/\/nuevo-renacer.com\/wp-content\/uploads\/2026\/04\/Martha-Gallego-683x1024.webp\",\"contentUrl\":\"https:\/\/nuevo-renacer.com\/wp-content\/uploads\/2026\/04\/Martha-Gallego-683x1024.webp\"},{\"@type\":\"BreadcrumbList\",\"@id\":\"https:\/\/nuevo-renacer.com\/martha-gallego-thomaz\/#breadcrumb\",\"itemListElement\":[{\"@type\":\"ListItem\",\"position\":1,\"name\":\"Startseite\",\"item\":\"https:\/\/nuevo-renacer.com\/\"},{\"@type\":\"ListItem\",\"position\":2,\"name\":\"Martha Gallego Thomaz\"}]},{\"@type\":\"WebSite\",\"@id\":\"https:\/\/nuevo-renacer.com\/#website\",\"url\":\"https:\/\/nuevo-renacer.com\/\",\"name\":\"Uni\u00f3n Esp\u00edrita\",\"description\":\"Nuevo Renacer\",\"publisher\":{\"@id\":\"https:\/\/nuevo-renacer.com\/#organization\"},\"potentialAction\":[{\"@type\":\"SearchAction\",\"target\":{\"@type\":\"EntryPoint\",\"urlTemplate\":\"https:\/\/nuevo-renacer.com\/?s={search_term_string}\"},\"query-input\":{\"@type\":\"PropertyValueSpecification\",\"valueRequired\":true,\"valueName\":\"search_term_string\"}}],\"inLanguage\":\"de\"},{\"@type\":\"Organization\",\"@id\":\"https:\/\/nuevo-renacer.com\/#organization\",\"name\":\"UFEC\",\"url\":\"https:\/\/nuevo-renacer.com\/\",\"logo\":{\"@type\":\"ImageObject\",\"inLanguage\":\"de\",\"@id\":\"https:\/\/nuevo-renacer.com\/#\/schema\/logo\/image\/\",\"url\":\"https:\/\/nuevo-renacer.com\/wp-content\/uploads\/2024\/05\/cropped-LOGO-TERMINADO1-3-3.png\",\"contentUrl\":\"https:\/\/nuevo-renacer.com\/wp-content\/uploads\/2024\/05\/cropped-LOGO-TERMINADO1-3-3.png\",\"width\":512,\"height\":512,\"caption\":\"UFEC\"},\"image\":{\"@id\":\"https:\/\/nuevo-renacer.com\/#\/schema\/logo\/image\/\"},\"sameAs\":[\"https:\/\/www.facebook.com\/groups\/3431398063740829\"]}]}<\/script>\n<!-- \/ Yoast SEO Premium plugin. -->","yoast_head_json":{"title":"Martha Gallego Thomaz - Uni\u00f3n Esp\u00edrita","robots":{"index":"index","follow":"follow","max-snippet":"max-snippet:-1","max-image-preview":"max-image-preview:large","max-video-preview":"max-video-preview:-1"},"canonical":"https:\/\/nuevo-renacer.com\/de\/martha-gallego-thomaz\/","og_locale":"de_DE","og_type":"article","og_title":"Martha Gallego Thomaz","og_description":"Martha Gallego Thomaz El legado de Martha Gallego Thomaz al espiritismo es incuestionable y su obra est\u00e1 entrelazada con la historia de la Federaci\u00f3n Esp\u00edrita del Estado de S\u00e3o Paulo (FEESP). El bien que hizo a quienes se iniciaban en la doctrina en aquella \u00e9poca y se sent\u00edan inseguros con su mediumnidad puede comprobarse a [&hellip;]","og_url":"https:\/\/nuevo-renacer.com\/de\/martha-gallego-thomaz\/","og_site_name":"Uni\u00f3n Esp\u00edrita","article_publisher":"https:\/\/www.facebook.com\/groups\/3431398063740829","article_modified_time":"2026-04-21T16:46:36+00:00","og_image":[{"width":1707,"height":2560,"url":"https:\/\/nuevo-renacer.com\/wp-content\/uploads\/2026\/04\/Martha-Gallego-scaled.webp","type":"image\/webp"}],"twitter_card":"summary_large_image","twitter_misc":{"Gesch\u00e4tzte Lesezeit":"5\u00a0Minuten"},"schema":{"@context":"https:\/\/schema.org","@graph":[{"@type":"WebPage","@id":"https:\/\/nuevo-renacer.com\/martha-gallego-thomaz\/","url":"https:\/\/nuevo-renacer.com\/martha-gallego-thomaz\/","name":"Martha Gallego Thomaz - Uni\u00f3n Esp\u00edrita","isPartOf":{"@id":"https:\/\/nuevo-renacer.com\/#website"},"primaryImageOfPage":{"@id":"https:\/\/nuevo-renacer.com\/martha-gallego-thomaz\/#primaryimage"},"image":{"@id":"https:\/\/nuevo-renacer.com\/martha-gallego-thomaz\/#primaryimage"},"thumbnailUrl":"https:\/\/nuevo-renacer.com\/wp-content\/uploads\/2026\/04\/Martha-Gallego-683x1024.webp","datePublished":"2026-04-21T16:04:05+00:00","dateModified":"2026-04-21T16:46:36+00:00","breadcrumb":{"@id":"https:\/\/nuevo-renacer.com\/martha-gallego-thomaz\/#breadcrumb"},"inLanguage":"de","potentialAction":[{"@type":"ReadAction","target":["https:\/\/nuevo-renacer.com\/martha-gallego-thomaz\/"]}]},{"@type":"ImageObject","inLanguage":"de","@id":"https:\/\/nuevo-renacer.com\/martha-gallego-thomaz\/#primaryimage","url":"https:\/\/nuevo-renacer.com\/wp-content\/uploads\/2026\/04\/Martha-Gallego-683x1024.webp","contentUrl":"https:\/\/nuevo-renacer.com\/wp-content\/uploads\/2026\/04\/Martha-Gallego-683x1024.webp"},{"@type":"BreadcrumbList","@id":"https:\/\/nuevo-renacer.com\/martha-gallego-thomaz\/#breadcrumb","itemListElement":[{"@type":"ListItem","position":1,"name":"Startseite","item":"https:\/\/nuevo-renacer.com\/"},{"@type":"ListItem","position":2,"name":"Martha Gallego Thomaz"}]},{"@type":"WebSite","@id":"https:\/\/nuevo-renacer.com\/#website","url":"https:\/\/nuevo-renacer.com\/","name":"Uni\u00f3n Esp\u00edrita","description":"Nuevo Renacer","publisher":{"@id":"https:\/\/nuevo-renacer.com\/#organization"},"potentialAction":[{"@type":"SearchAction","target":{"@type":"EntryPoint","urlTemplate":"https:\/\/nuevo-renacer.com\/?s={search_term_string}"},"query-input":{"@type":"PropertyValueSpecification","valueRequired":true,"valueName":"search_term_string"}}],"inLanguage":"de"},{"@type":"Organization","@id":"https:\/\/nuevo-renacer.com\/#organization","name":"UFEC","url":"https:\/\/nuevo-renacer.com\/","logo":{"@type":"ImageObject","inLanguage":"de","@id":"https:\/\/nuevo-renacer.com\/#\/schema\/logo\/image\/","url":"https:\/\/nuevo-renacer.com\/wp-content\/uploads\/2024\/05\/cropped-LOGO-TERMINADO1-3-3.png","contentUrl":"https:\/\/nuevo-renacer.com\/wp-content\/uploads\/2024\/05\/cropped-LOGO-TERMINADO1-3-3.png","width":512,"height":512,"caption":"UFEC"},"image":{"@id":"https:\/\/nuevo-renacer.com\/#\/schema\/logo\/image\/"},"sameAs":["https:\/\/www.facebook.com\/groups\/3431398063740829"]}]}},"uagb_featured_image_src":{"full":false,"thumbnail":false,"medium":false,"medium_large":false,"large":false,"1536x1536":false,"2048x2048":false,"trp-custom-language-flag":false},"uagb_author_info":{"display_name":"adbv0","author_link":"https:\/\/nuevo-renacer.com\/de\/author\/adbv0\/"},"uagb_comment_info":0,"uagb_excerpt":"Martha Gallego Thomaz El legado de Martha Gallego Thomaz al espiritismo es incuestionable y su obra est\u00e1 entrelazada con la historia de la Federaci\u00f3n Esp\u00edrita del Estado de S\u00e3o Paulo (FEESP). El bien que hizo a quienes se iniciaban en la doctrina en aquella \u00e9poca y se sent\u00edan inseguros con su mediumnidad puede comprobarse a&hellip;","jetpack_sharing_enabled":true,"_links":{"self":[{"href":"https:\/\/nuevo-renacer.com\/de\/wp-json\/wp\/v2\/pages\/8905","targetHints":{"allow":["GET"]}}],"collection":[{"href":"https:\/\/nuevo-renacer.com\/de\/wp-json\/wp\/v2\/pages"}],"about":[{"href":"https:\/\/nuevo-renacer.com\/de\/wp-json\/wp\/v2\/types\/page"}],"author":[{"embeddable":true,"href":"https:\/\/nuevo-renacer.com\/de\/wp-json\/wp\/v2\/users\/1"}],"replies":[{"embeddable":true,"href":"https:\/\/nuevo-renacer.com\/de\/wp-json\/wp\/v2\/comments?post=8905"}],"version-history":[{"count":3,"href":"https:\/\/nuevo-renacer.com\/de\/wp-json\/wp\/v2\/pages\/8905\/revisions"}],"predecessor-version":[{"id":8912,"href":"https:\/\/nuevo-renacer.com\/de\/wp-json\/wp\/v2\/pages\/8905\/revisions\/8912"}],"wp:attachment":[{"href":"https:\/\/nuevo-renacer.com\/de\/wp-json\/wp\/v2\/media?parent=8905"}],"curies":[{"name":"wp","href":"https:\/\/api.w.org\/{rel}","templated":true}]}}