{"id":8865,"date":"2026-04-20T17:29:09","date_gmt":"2026-04-20T17:29:09","guid":{"rendered":"https:\/\/nuevo-renacer.com\/?page_id=8865"},"modified":"2026-04-20T17:30:34","modified_gmt":"2026-04-20T17:30:34","slug":"olegario-ramos","status":"publish","type":"page","link":"https:\/\/nuevo-renacer.com\/de\/olegario-ramos\/","title":{"rendered":"Oleg\u00e1rio Ramos"},"content":{"rendered":"<div class=\"wp-block-uagb-container uagb-block-ad47bb37 alignfull uagb-is-root-container\"><div class=\"uagb-container-inner-blocks-wrap\">\n<p class=\"has-black-color has-text-color has-link-color has-medium-font-size wp-elements-771d7e0ab75144f8fb59e058efa0cb10\"><strong>Oleg\u00e1rio Ramos<\/strong><\/p>\n<\/div><\/div>\n\n\n\n<div class=\"wp-block-uagb-container uagb-block-7f241ff2 alignfull uagb-is-root-container\"><div class=\"uagb-container-inner-blocks-wrap\">\n<figure class=\"wp-block-image size-large is-resized\"><img fetchpriority=\"high\" decoding=\"async\" width=\"979\" height=\"1024\" src=\"https:\/\/nuevo-renacer.com\/wp-content\/uploads\/2026\/04\/Olegario-Ramos-979x1024.jpg\" alt=\"\" class=\"wp-image-8866\" style=\"aspect-ratio:0.9560659602184075;width:259px;height:auto\" srcset=\"https:\/\/nuevo-renacer.com\/wp-content\/uploads\/2026\/04\/Olegario-Ramos-979x1024.jpg 979w, https:\/\/nuevo-renacer.com\/wp-content\/uploads\/2026\/04\/Olegario-Ramos-287x300.jpg 287w, https:\/\/nuevo-renacer.com\/wp-content\/uploads\/2026\/04\/Olegario-Ramos-768x803.jpg 768w, https:\/\/nuevo-renacer.com\/wp-content\/uploads\/2026\/04\/Olegario-Ramos-11x12.jpg 11w, https:\/\/nuevo-renacer.com\/wp-content\/uploads\/2026\/04\/Olegario-Ramos.jpg 1024w\" sizes=\"(max-width: 979px) 100vw, 979px\" \/><\/figure>\n<\/div><\/div>\n\n\n\n<div class=\"wp-block-uagb-container uagb-block-272367b5 alignfull uagb-is-root-container\"><div class=\"uagb-container-inner-blocks-wrap\">\n<p class=\"has-black-color has-text-color has-link-color has-small-font-size wp-elements-5ff03439ced98f65ea435415cd0a5bf6\">Oleg\u00e1rio Ramos kam um 1934 zusammen mit seiner Familie nach Gar\u00e7a im Bundesstaat S\u00e3o Paulo. Als Sohn von Sklaven hatte er vom \u201eGesetz der freien Geburt\u201c (Lei do Ventre Livre) profitiert und wurde von einem Priester aus Rio Claro aufgezogen, von dem er die ersten Grundlagen des Spiritismus erlernte. Der Priester hatte in dem Jungen etwas erkannt, das wir im Spiritismus als Medialit\u00e4t bezeichnen. Er kaufte ihm einige Exemplare der Werke von Allan Kardec und sagte ihm, dass dies sein wahrer Weg sei. Auch nach seiner Heirat besuchten Oleg\u00e1rio, seine Frau und seine Kinder Frei Luiz weiterhin regelm\u00e4\u00dfig, als Zeichen ihrer gro\u00dfen Dankbarkeit. Als sie in Gar\u00e7a ankamen und mit anderen Menschen in Kontakt kamen, die sich bereits als Spiritisten bezeichneten, begann Oleg\u00e1rio, in seinem Haus Sitzungen abzuhalten. Und nach einiger Zeit empfahl der geistige Leiter der Arbeit, ein spiritistisches Zentrum zu errichten. So entstand die Idee des Spiritistischen Zentrums \u201ePaz, Amor e Caridade\u201c (Frieden, Liebe und N\u00e4chstenliebe), das im Jahr 1943 gegr\u00fcndet wurde. An der Unterst\u00fctzung durch Freunde mangelte es nicht. Von Anfang an spendete Herr Paschoal Boaretto das Grundst\u00fcck f\u00fcr den Bau des Zentrums, direkt neben Oleg\u00e1rios Haus. Dank der gemeinsamen Anstrengungen aller war das kleine Zentrum in kurzer Zeit fertiggestellt, neu und einsatzbereit. <\/p>\n\n\n\n<p class=\"has-black-color has-text-color has-link-color has-small-font-size wp-elements-0f1c0ea62dd21ffadb4ef1ae70e7c1f2\">Als schwarzer, armer Spiritist war Oleg\u00e1rio seit seiner Ankunft in Gar\u00e7a einer offenen Welle der Diskriminierung ausgesetzt, die sich gegen ihn und seine Familie richtete und von Kirchenvertretern angef\u00fchrt wurde, mit Zustimmung des \u00f6rtlichen Pfarrers. Zu jener Zeit war der Katholizismus absolut vorherrschend. Eines Tages wurde das neu errichtete Geb\u00e4ude von \u201ePaz, Amor e Caridade\u201c  v\u00f6llig verw\u00fcstet aufgefunden, mit beleidigenden Worten an den W\u00e4nden, die den Spiritismus dem Teufel zuschrieben. Es war ein d\u00fcsterer Moment f\u00fcr die Lehre. Dennoch begaben sich die Spiritisten zur \u00f6rtlichen Polizeistation und erstatteten Anzeige. Gar\u00e7a hatte keinen st\u00e4ndigen Polizeichef, aber Herr Brasil Joly, der Spiritist war und diese Funktion aus\u00fcbte, ordnete an, die Verantwortlichen zu identifizieren, und setzte ihnen eine Frist, das Zentrum in demselben Zustand zur\u00fcckzugeben, in dem sie es vorgefunden hatten. Und so geschah es. Tage sp\u00e4ter traf jedoch ein Dokument bei der Polizeistation ein, in dem die spiritistische Gruppe wegen Hexerei, Heilpraktik und Versto\u00dfes gegen die guten Sitten angezeigt wurde. Oleg\u00e1rio erhielt eine Vorladung, sich bei der Polizeibeh\u00f6rde in der Stadt Piraju\u00ed zu melden, etwa 50 Kilometer von Gar\u00e7a entfernt \u00fcber unbefestigte Stra\u00dfen, mitten in der Regenzeit. Das Schlimmste bef\u00fcrchtend, musste er auf seinem Pferd w\u00e4hrend der Reise starkem Regen trotzen und zudem den Fluss Feio \u00fcberqueren, der ohnehin schon sehr rei\u00dfend und gef\u00e4hrlich war. <\/p>\n\n\n\n<p class=\"has-black-color has-text-color has-link-color has-small-font-size wp-elements-9ac775b51a8a750756e921c8c3216b9c\">Es gab keine Br\u00fccken. Do\u00f1a Vit\u00f3ria, seine Frau, blieb sehr besorgt zu Hause, da die Tage vergingen, ohne dass sie etwas von ihrem Mann h\u00f6rte. Aufgrund dieser Verz\u00f6gerung machten sie sich zusammen mit ihrer Tochter Mercedes auf einem Esel auf den Weg nach Piraju\u00ed. Mercedes erz\u00e4hlt, dass die Reise eine wahre Odyssee war. Als sie am Ufer des Flusses Feio ankamen, erschraken sie angesichts der Wassermenge, die unter dem starken Regen schnell dahinfloss. Dennoch gingen sie entschlossen ins Wasser und setzten sich dabei ernsthaften Lebensgefahren aus. Mit gro\u00dfer Anstrengung (und nat\u00fcrlich Gebeten) gelang es ihnen, das andere Ufer zu erreichen. Als sie in Piraju\u00ed ankamen, gingen sie direkt zu einer Pension, wo sie annahmen, den Ehemannund Vater vorzufinden, sofern er nicht bereits verhaftet worden war. Und Gott sei Dank fanden sie ihn. Oleg\u00e1rio war \u00fcberrascht, seine Frau und seine Tochter zu sehen, und konnte nicht begreifen, wie sie bei diesem schlechten Wetter und der rei\u00dfenden Str\u00f6mung des Flusses dorthin gelangt waren. Als er gefragt wurde, ob er sich beim Kommissar gemeldet habe, erz\u00e4hlte Oleg\u00e1rio, dass er Angst vor dem gehabt habe, was ihm widerfahren k\u00f6nnte, doch als er im B\u00fcro des Kommissars erschien, habe dieser ihm einfach gesagt: \u201eHerr Oleg\u00e1rio, Sie sind ein guter Mann. Man sagt, Sie seien ein Heiler. Aber wenn Sie heilen, ist das gut, denn so sterben die Menschen nicht.\u201c <\/p>\n\n\n\n<p class=\"has-black-color has-text-color has-link-color has-small-font-size wp-elements-36fe9fe31e61ef0fe1a2e0e1172f9184\">Dieser Empfang durch die Polizeibeh\u00f6rde \u00fcberraschte ihn, und ohne zu verstehen, was vor sich ging, dankte er f\u00fcr den geistigen Schutz und kehrte in die Pension zur\u00fcck, um abzuwarten, bis sich das Wetter besserte. Oleg\u00e1rio Ramos starb 1972 im Alter von 106 Jahren in Gar\u00e7a; seine Frau Vit\u00f3ria wurde 103 Jahre alt, und seine Tochter Mercedes Ramos, die diesen Bericht verfasste, starb im Alter von 92 Jahren. Oleg\u00e1rio und Vit\u00f3ria hatten f\u00fcnf Kinder, zwei T\u00f6chter und drei S\u00f6hne, die alle bereits verstorben sind.<\/p>\n\n\n\n<p class=\"has-black-color has-text-color has-link-color has-small-font-size wp-elements-5cd8d3abca518d19400185ad6fd0f87e\">Quelle: correio news<\/p>\n<\/div><\/div>\n\n\n\n<div class=\"wp-block-uagb-container uagb-block-e9fa68c6 alignfull uagb-is-root-container\"><div class=\"uagb-container-inner-blocks-wrap\"><\/div><\/div>\n\n\n\n<div class=\"wp-block-uagb-container uagb-block-62b49483 alignfull uagb-is-root-container\"><div class=\"uagb-container-inner-blocks-wrap\"><\/div><\/div>","protected":false},"excerpt":{"rendered":"<p>Oleg\u00e1rio Ramos Oleg\u00e1rio Ramos lleg\u00f3 a Gar\u00e7a, en el estado de S\u00e3o Paulo, junto con su familia alrededor de 1934. Hijo de esclavos, se hab\u00eda beneficiado de la Ley del Vientre Libre y fue criado por un sacerdote de Rio Claro, con quien aprendi\u00f3 las primeras nociones de espiritismo. El sacerdote hab\u00eda percibido algo en [&hellip;]<\/p>","protected":false},"author":1,"featured_media":0,"parent":0,"menu_order":0,"comment_status":"closed","ping_status":"closed","template":"","meta":{"_uag_custom_page_level_css":"","site-sidebar-layout":"default","site-content-layout":"","ast-site-content-layout":"default","site-content-style":"default","site-sidebar-style":"default","ast-global-header-display":"","ast-banner-title-visibility":"","ast-main-header-display":"","ast-hfb-above-header-display":"","ast-hfb-below-header-display":"","ast-hfb-mobile-header-display":"","site-post-title":"disabled","ast-breadcrumbs-content":"","ast-featured-img":"","footer-sml-layout":"","theme-transparent-header-meta":"","adv-header-id-meta":"","stick-header-meta":"","header-above-stick-meta":"","header-main-stick-meta":"","header-below-stick-meta":"","astra-migrate-meta-layouts":"set","ast-page-background-enabled":"default","ast-page-background-meta":{"desktop":{"background-color":"var(--ast-global-color-4)","background-image":"","background-repeat":"repeat","background-position":"center center","background-size":"auto","background-attachment":"scroll","background-type":"","background-media":"","overlay-type":"","overlay-color":"","overlay-opacity":"","overlay-gradient":""},"tablet":{"background-color":"","background-image":"","background-repeat":"repeat","background-position":"center center","background-size":"auto","background-attachment":"scroll","background-type":"","background-media":"","overlay-type":"","overlay-color":"","overlay-opacity":"","overlay-gradient":""},"mobile":{"background-color":"","background-image":"","background-repeat":"repeat","background-position":"center center","background-size":"auto","background-attachment":"scroll","background-type":"","background-media":"","overlay-type":"","overlay-color":"","overlay-opacity":"","overlay-gradient":""}},"ast-content-background-meta":{"desktop":{"background-color":"var(--ast-global-color-5)","background-image":"","background-repeat":"repeat","background-position":"center center","background-size":"auto","background-attachment":"scroll","background-type":"","background-media":"","overlay-type":"","overlay-color":"","overlay-opacity":"","overlay-gradient":""},"tablet":{"background-color":"var(--ast-global-color-5)","background-image":"","background-repeat":"repeat","background-position":"center center","background-size":"auto","background-attachment":"scroll","background-type":"","background-media":"","overlay-type":"","overlay-color":"","overlay-opacity":"","overlay-gradient":""},"mobile":{"background-color":"var(--ast-global-color-5)","background-image":"","background-repeat":"repeat","background-position":"center center","background-size":"auto","background-attachment":"scroll","background-type":"","background-media":"","overlay-type":"","overlay-color":"","overlay-opacity":"","overlay-gradient":""}},"footnotes":""},"class_list":["post-8865","page","type-page","status-publish","hentry"],"yoast_head":"<!-- This site is optimized with the Yoast SEO Premium plugin v24.2 (Yoast SEO v24.6) - https:\/\/yoast.com\/wordpress\/plugins\/seo\/ -->\n<title>Oleg\u00e1rio Ramos - Uni\u00f3n Esp\u00edrita<\/title>\n<meta name=\"robots\" content=\"index, follow, max-snippet:-1, max-image-preview:large, max-video-preview:-1\" \/>\n<link rel=\"canonical\" href=\"https:\/\/nuevo-renacer.com\/de\/olegario-ramos\/\" \/>\n<meta property=\"og:locale\" content=\"de_DE\" \/>\n<meta property=\"og:type\" content=\"article\" \/>\n<meta property=\"og:title\" content=\"Oleg\u00e1rio Ramos\" \/>\n<meta property=\"og:description\" content=\"Oleg\u00e1rio Ramos Oleg\u00e1rio Ramos lleg\u00f3 a Gar\u00e7a, en el estado de S\u00e3o Paulo, junto con su familia alrededor de 1934. Hijo de esclavos, se hab\u00eda beneficiado de la Ley del Vientre Libre y fue criado por un sacerdote de Rio Claro, con quien aprendi\u00f3 las primeras nociones de espiritismo. El sacerdote hab\u00eda percibido algo en [&hellip;]\" \/>\n<meta property=\"og:url\" content=\"https:\/\/nuevo-renacer.com\/de\/olegario-ramos\/\" \/>\n<meta property=\"og:site_name\" content=\"Uni\u00f3n Esp\u00edrita\" \/>\n<meta property=\"article:publisher\" content=\"https:\/\/www.facebook.com\/groups\/3431398063740829\" \/>\n<meta property=\"article:modified_time\" content=\"2026-04-20T17:30:34+00:00\" \/>\n<meta property=\"og:image\" content=\"https:\/\/nuevo-renacer.com\/wp-content\/uploads\/2026\/04\/Olegario-Ramos.jpg\" \/>\n\t<meta property=\"og:image:width\" content=\"1024\" \/>\n\t<meta property=\"og:image:height\" content=\"1071\" \/>\n\t<meta property=\"og:image:type\" content=\"image\/jpeg\" \/>\n<meta name=\"twitter:card\" content=\"summary_large_image\" \/>\n<meta name=\"twitter:label1\" content=\"Gesch\u00e4tzte Lesezeit\" \/>\n\t<meta name=\"twitter:data1\" content=\"5\u00a0Minuten\" \/>\n<script type=\"application\/ld+json\" class=\"yoast-schema-graph\">{\"@context\":\"https:\/\/schema.org\",\"@graph\":[{\"@type\":\"WebPage\",\"@id\":\"https:\/\/nuevo-renacer.com\/olegario-ramos\/\",\"url\":\"https:\/\/nuevo-renacer.com\/olegario-ramos\/\",\"name\":\"Oleg\u00e1rio Ramos - Uni\u00f3n Esp\u00edrita\",\"isPartOf\":{\"@id\":\"https:\/\/nuevo-renacer.com\/#website\"},\"primaryImageOfPage\":{\"@id\":\"https:\/\/nuevo-renacer.com\/olegario-ramos\/#primaryimage\"},\"image\":{\"@id\":\"https:\/\/nuevo-renacer.com\/olegario-ramos\/#primaryimage\"},\"thumbnailUrl\":\"https:\/\/nuevo-renacer.com\/wp-content\/uploads\/2026\/04\/Olegario-Ramos-979x1024.jpg\",\"datePublished\":\"2026-04-20T17:29:09+00:00\",\"dateModified\":\"2026-04-20T17:30:34+00:00\",\"breadcrumb\":{\"@id\":\"https:\/\/nuevo-renacer.com\/olegario-ramos\/#breadcrumb\"},\"inLanguage\":\"de\",\"potentialAction\":[{\"@type\":\"ReadAction\",\"target\":[\"https:\/\/nuevo-renacer.com\/olegario-ramos\/\"]}]},{\"@type\":\"ImageObject\",\"inLanguage\":\"de\",\"@id\":\"https:\/\/nuevo-renacer.com\/olegario-ramos\/#primaryimage\",\"url\":\"https:\/\/nuevo-renacer.com\/wp-content\/uploads\/2026\/04\/Olegario-Ramos-979x1024.jpg\",\"contentUrl\":\"https:\/\/nuevo-renacer.com\/wp-content\/uploads\/2026\/04\/Olegario-Ramos-979x1024.jpg\"},{\"@type\":\"BreadcrumbList\",\"@id\":\"https:\/\/nuevo-renacer.com\/olegario-ramos\/#breadcrumb\",\"itemListElement\":[{\"@type\":\"ListItem\",\"position\":1,\"name\":\"Startseite\",\"item\":\"https:\/\/nuevo-renacer.com\/\"},{\"@type\":\"ListItem\",\"position\":2,\"name\":\"Oleg\u00e1rio Ramos\"}]},{\"@type\":\"WebSite\",\"@id\":\"https:\/\/nuevo-renacer.com\/#website\",\"url\":\"https:\/\/nuevo-renacer.com\/\",\"name\":\"Uni\u00f3n Esp\u00edrita\",\"description\":\"Nuevo Renacer\",\"publisher\":{\"@id\":\"https:\/\/nuevo-renacer.com\/#organization\"},\"potentialAction\":[{\"@type\":\"SearchAction\",\"target\":{\"@type\":\"EntryPoint\",\"urlTemplate\":\"https:\/\/nuevo-renacer.com\/?s={search_term_string}\"},\"query-input\":{\"@type\":\"PropertyValueSpecification\",\"valueRequired\":true,\"valueName\":\"search_term_string\"}}],\"inLanguage\":\"de\"},{\"@type\":\"Organization\",\"@id\":\"https:\/\/nuevo-renacer.com\/#organization\",\"name\":\"UFEC\",\"url\":\"https:\/\/nuevo-renacer.com\/\",\"logo\":{\"@type\":\"ImageObject\",\"inLanguage\":\"de\",\"@id\":\"https:\/\/nuevo-renacer.com\/#\/schema\/logo\/image\/\",\"url\":\"https:\/\/nuevo-renacer.com\/wp-content\/uploads\/2024\/05\/cropped-LOGO-TERMINADO1-3-3.png\",\"contentUrl\":\"https:\/\/nuevo-renacer.com\/wp-content\/uploads\/2024\/05\/cropped-LOGO-TERMINADO1-3-3.png\",\"width\":512,\"height\":512,\"caption\":\"UFEC\"},\"image\":{\"@id\":\"https:\/\/nuevo-renacer.com\/#\/schema\/logo\/image\/\"},\"sameAs\":[\"https:\/\/www.facebook.com\/groups\/3431398063740829\"]}]}<\/script>\n<!-- \/ Yoast SEO Premium plugin. -->","yoast_head_json":{"title":"Oleg\u00e1rio Ramos - Uni\u00f3n Esp\u00edrita","robots":{"index":"index","follow":"follow","max-snippet":"max-snippet:-1","max-image-preview":"max-image-preview:large","max-video-preview":"max-video-preview:-1"},"canonical":"https:\/\/nuevo-renacer.com\/de\/olegario-ramos\/","og_locale":"de_DE","og_type":"article","og_title":"Oleg\u00e1rio Ramos","og_description":"Oleg\u00e1rio Ramos Oleg\u00e1rio Ramos lleg\u00f3 a Gar\u00e7a, en el estado de S\u00e3o Paulo, junto con su familia alrededor de 1934. Hijo de esclavos, se hab\u00eda beneficiado de la Ley del Vientre Libre y fue criado por un sacerdote de Rio Claro, con quien aprendi\u00f3 las primeras nociones de espiritismo. El sacerdote hab\u00eda percibido algo en [&hellip;]","og_url":"https:\/\/nuevo-renacer.com\/de\/olegario-ramos\/","og_site_name":"Uni\u00f3n Esp\u00edrita","article_publisher":"https:\/\/www.facebook.com\/groups\/3431398063740829","article_modified_time":"2026-04-20T17:30:34+00:00","og_image":[{"width":1024,"height":1071,"url":"https:\/\/nuevo-renacer.com\/wp-content\/uploads\/2026\/04\/Olegario-Ramos.jpg","type":"image\/jpeg"}],"twitter_card":"summary_large_image","twitter_misc":{"Gesch\u00e4tzte Lesezeit":"5\u00a0Minuten"},"schema":{"@context":"https:\/\/schema.org","@graph":[{"@type":"WebPage","@id":"https:\/\/nuevo-renacer.com\/olegario-ramos\/","url":"https:\/\/nuevo-renacer.com\/olegario-ramos\/","name":"Oleg\u00e1rio Ramos - Uni\u00f3n Esp\u00edrita","isPartOf":{"@id":"https:\/\/nuevo-renacer.com\/#website"},"primaryImageOfPage":{"@id":"https:\/\/nuevo-renacer.com\/olegario-ramos\/#primaryimage"},"image":{"@id":"https:\/\/nuevo-renacer.com\/olegario-ramos\/#primaryimage"},"thumbnailUrl":"https:\/\/nuevo-renacer.com\/wp-content\/uploads\/2026\/04\/Olegario-Ramos-979x1024.jpg","datePublished":"2026-04-20T17:29:09+00:00","dateModified":"2026-04-20T17:30:34+00:00","breadcrumb":{"@id":"https:\/\/nuevo-renacer.com\/olegario-ramos\/#breadcrumb"},"inLanguage":"de","potentialAction":[{"@type":"ReadAction","target":["https:\/\/nuevo-renacer.com\/olegario-ramos\/"]}]},{"@type":"ImageObject","inLanguage":"de","@id":"https:\/\/nuevo-renacer.com\/olegario-ramos\/#primaryimage","url":"https:\/\/nuevo-renacer.com\/wp-content\/uploads\/2026\/04\/Olegario-Ramos-979x1024.jpg","contentUrl":"https:\/\/nuevo-renacer.com\/wp-content\/uploads\/2026\/04\/Olegario-Ramos-979x1024.jpg"},{"@type":"BreadcrumbList","@id":"https:\/\/nuevo-renacer.com\/olegario-ramos\/#breadcrumb","itemListElement":[{"@type":"ListItem","position":1,"name":"Startseite","item":"https:\/\/nuevo-renacer.com\/"},{"@type":"ListItem","position":2,"name":"Oleg\u00e1rio Ramos"}]},{"@type":"WebSite","@id":"https:\/\/nuevo-renacer.com\/#website","url":"https:\/\/nuevo-renacer.com\/","name":"Uni\u00f3n Esp\u00edrita","description":"Nuevo Renacer","publisher":{"@id":"https:\/\/nuevo-renacer.com\/#organization"},"potentialAction":[{"@type":"SearchAction","target":{"@type":"EntryPoint","urlTemplate":"https:\/\/nuevo-renacer.com\/?s={search_term_string}"},"query-input":{"@type":"PropertyValueSpecification","valueRequired":true,"valueName":"search_term_string"}}],"inLanguage":"de"},{"@type":"Organization","@id":"https:\/\/nuevo-renacer.com\/#organization","name":"UFEC","url":"https:\/\/nuevo-renacer.com\/","logo":{"@type":"ImageObject","inLanguage":"de","@id":"https:\/\/nuevo-renacer.com\/#\/schema\/logo\/image\/","url":"https:\/\/nuevo-renacer.com\/wp-content\/uploads\/2024\/05\/cropped-LOGO-TERMINADO1-3-3.png","contentUrl":"https:\/\/nuevo-renacer.com\/wp-content\/uploads\/2024\/05\/cropped-LOGO-TERMINADO1-3-3.png","width":512,"height":512,"caption":"UFEC"},"image":{"@id":"https:\/\/nuevo-renacer.com\/#\/schema\/logo\/image\/"},"sameAs":["https:\/\/www.facebook.com\/groups\/3431398063740829"]}]}},"uagb_featured_image_src":{"full":false,"thumbnail":false,"medium":false,"medium_large":false,"large":false,"1536x1536":false,"2048x2048":false,"trp-custom-language-flag":false},"uagb_author_info":{"display_name":"adbv0","author_link":"https:\/\/nuevo-renacer.com\/de\/author\/adbv0\/"},"uagb_comment_info":0,"uagb_excerpt":"Oleg\u00e1rio Ramos Oleg\u00e1rio Ramos lleg\u00f3 a Gar\u00e7a, en el estado de S\u00e3o Paulo, junto con su familia alrededor de 1934. Hijo de esclavos, se hab\u00eda beneficiado de la Ley del Vientre Libre y fue criado por un sacerdote de Rio Claro, con quien aprendi\u00f3 las primeras nociones de espiritismo. El sacerdote hab\u00eda percibido algo en&hellip;","jetpack_sharing_enabled":true,"_links":{"self":[{"href":"https:\/\/nuevo-renacer.com\/de\/wp-json\/wp\/v2\/pages\/8865","targetHints":{"allow":["GET"]}}],"collection":[{"href":"https:\/\/nuevo-renacer.com\/de\/wp-json\/wp\/v2\/pages"}],"about":[{"href":"https:\/\/nuevo-renacer.com\/de\/wp-json\/wp\/v2\/types\/page"}],"author":[{"embeddable":true,"href":"https:\/\/nuevo-renacer.com\/de\/wp-json\/wp\/v2\/users\/1"}],"replies":[{"embeddable":true,"href":"https:\/\/nuevo-renacer.com\/de\/wp-json\/wp\/v2\/comments?post=8865"}],"version-history":[{"count":2,"href":"https:\/\/nuevo-renacer.com\/de\/wp-json\/wp\/v2\/pages\/8865\/revisions"}],"predecessor-version":[{"id":8869,"href":"https:\/\/nuevo-renacer.com\/de\/wp-json\/wp\/v2\/pages\/8865\/revisions\/8869"}],"wp:attachment":[{"href":"https:\/\/nuevo-renacer.com\/de\/wp-json\/wp\/v2\/media?parent=8865"}],"curies":[{"name":"wp","href":"https:\/\/api.w.org\/{rel}","templated":true}]}}