{"id":8858,"date":"2026-04-17T11:17:46","date_gmt":"2026-04-17T11:17:46","guid":{"rendered":"https:\/\/nuevo-renacer.com\/?page_id=8858"},"modified":"2026-04-17T11:38:08","modified_gmt":"2026-04-17T11:38:08","slug":"inacio-ferreira-de-oliveira","status":"publish","type":"page","link":"https:\/\/nuevo-renacer.com\/de\/inacio-ferreira-de-oliveira\/","title":{"rendered":"In\u00e1cio Ferreira de Oliveira"},"content":{"rendered":"<p class=\"has-black-color has-text-color has-link-color has-medium-font-size wp-elements-b1816ef08e1a557bade2a4fc1ccd039f\"><strong>In\u00e1cio Ferreira de Oliveira<\/strong><\/p>\n\n\n\n<div class=\"wp-block-uagb-container uagb-block-06f2dfd1 alignfull uagb-is-root-container\"><div class=\"uagb-container-inner-blocks-wrap\">\n<figure class=\"wp-block-image size-full is-resized\"><img fetchpriority=\"high\" decoding=\"async\" width=\"191\" height=\"264\" src=\"https:\/\/nuevo-renacer.com\/wp-content\/uploads\/2026\/04\/Inacio-Ferreira-de-Oliveira.jpg\" alt=\"\" class=\"wp-image-8859\" style=\"width:234px;height:auto\" srcset=\"https:\/\/nuevo-renacer.com\/wp-content\/uploads\/2026\/04\/Inacio-Ferreira-de-Oliveira.jpg 191w, https:\/\/nuevo-renacer.com\/wp-content\/uploads\/2026\/04\/Inacio-Ferreira-de-Oliveira-9x12.jpg 9w\" sizes=\"(max-width: 191px) 100vw, 191px\" \/><\/figure>\n<\/div><\/div>\n\n\n\n<div class=\"wp-block-uagb-container uagb-block-8ca75e29 alignfull uagb-is-root-container\"><div class=\"uagb-container-inner-blocks-wrap\">\n<p class=\"has-black-color has-text-color has-link-color has-small-font-size wp-elements-2831ec992247cd17d97201409530e9aa\">In\u00e1cio Ferreira de Oliveira wurde am 15. April 1904 in Uberaba geboren, als Sohn von Jacinto Ferreira de Oliveira, einem ehemaligen Viehz\u00fcchter, und Maria Lucas de Oliveira. Er war mit Aparecida Valicenti Ferreira verheiratet. Er schloss sein Medizinstudium mit Schwerpunkt Psychiatrie an der Medizinischen Fakult\u00e4t der Universidade do Brasil in Rio de Janeiro (heute UFRJ) ab und \u00fcbte mit Hingabe und Selbstlosigkeit das Amt des klinischen Direktors des Spiritistischen Sanatoriums von Uberaba seit dessen Gr\u00fcndung im Jahr 1933 aus.<\/p>\n\n\n\n<p class=\"has-black-color has-text-color has-link-color has-small-font-size wp-elements-c4fd26c5b659b07b87652ea47990c8ba\">Aus Altruismus nahm er die Einladung an, obwohl er erkl\u00e4rte, kein Spiritist, sondern Materialist zu sein. Im Laufe seines ersten Arbeitsjahres im Sanatorium griff In\u00e1cio Ferreira ausschlie\u00dflich auf die von der Schulmedizin angebotenen Mittel zur Diagnose und Behandlung psychischer St\u00f6rungen zur\u00fcck. Er beschr\u00e4nkte sich darauf, die mediumnischen Arbeiten der Befreiung von Obsession zu beobachten und zu untersuchen, die von der Hauptmedium des Sanatoriums und einer seiner Gr\u00fcnderinnen, Maria Modesta Cravo \u2013 liebevoll Do\u00f1a Modesta genannt \u2013 durchgef\u00fchrt wurden.<\/p>\n\n\n\n<p class=\"has-black-color has-text-color has-link-color has-small-font-size wp-elements-3349d616d5b4fe2d1ea4c727fc8f4190\">Nach einem Jahr der Beobachtung und Forschung \u00fcber die im Krankenhaus durchgef\u00fchrten mediumnischen T\u00e4tigkeiten berichtete Dr. In\u00e1cio, er sei von der spiritistischen Theorie zur Erkl\u00e4rung, Diagnose und Behandlung psychischer St\u00f6rungen \u00fcberzeugt. Er bekannte sich zum Spiritismus und war wahrscheinlich der erste Arzt, der die vom spiritistischen Arzt Dr. Bezerra de Menezes (1831\u20131900) vorgeschlagenen Behandlungsideen f\u00fcr Geisteskrankheiten institutionalisierte.<\/p>\n\n\n\n<p class=\"has-black-color has-text-color has-link-color has-small-font-size wp-elements-a09a036b8ee5c0006c5f8e7161f78945\">Bis zu seinem Tod am 27. September 1988 bem\u00fchte er sich, eine konventionelle psychiatrische Behandlung mit spiritistischer Therapie und Sitzungen zur Befreiung von Obsession zu verbinden. Von den von ihm verfassten B\u00fcchern befassen sich sechs direkt mit der Frage der Medizin und ihrer Beziehung zum Spiritismus: Du hast recht (1942), ausschlie\u00dflich dem Widerlegen der medizinischen Vorw\u00fcrfe gewidmet, der Spiritismus sei ein Ausl\u00f6ser von Wahnsinn; Neue Wege f\u00fcr die Medizin I und II (1945\u20131948), in denen er anhand zahlreicher Fallberichte den spiritistischen Behandlungsansatz f\u00fcr Geisteskrankheiten darlegt; Spiritismus und Medizin (1941), Psychiatrie im Lichte der Reinkarnation (1940) und Pilger des Lebens (1982). Trotz seiner Anerkennung der Bem\u00fchungen der Psychiater im Laufe der Jahre betonte er die Frustration bei der Suche nach Ursachen sowie die Ineffektivit\u00e4t in einem gro\u00dfen Teil der behandelten F\u00e4lle.<\/p>\n\n\n\n<p class=\"has-black-color has-text-color has-link-color has-small-font-size wp-elements-029de2965ff9dca54a320db27cf88829\">Der Spiritismus sei \u2013 neben sozialen und biologischen Faktoren \u2013 ein unverzichtbares Instrument, damit die Psychiatrie einen qualitativen Sprung machen k\u00f6nne, indem sie zu einem besseren Verst\u00e4ndnis und einer besseren Behandlung psychischer St\u00f6rungen beitrage. Denjenigen, die diese Aussage ironisch kommentierten, entgegnete Ferreira, seine Beobachtungen beruhten auf N\u00e4chten und Tagen voller Opfer, auf langen Stunden intensiver Forschung und Untersuchung. Er erinnerte daran, dass sie von einem Arzt stammten, der sich seiner Verantwortung bewusst war, und dass er sich erst nach Tausenden von Pr\u00fcfungen mit Tausenden von Ergebnissen zur Ver\u00f6ffentlichung entschlossen habe. Er argumentierte, dass die hohe Zahl an Heilungen trotz stark begrenzter Ressourcen ein Beleg f\u00fcr die spiritistische Theorie sei.<\/p>\n\n\n\n<p class=\"has-black-color has-text-color has-link-color has-small-font-size wp-elements-e04592999d70f90ac2afbc10460a4aa8\">Der Autor leugnete jedoch nicht die materiellen Ursachen; im Gegenteil, er erkl\u00e4rte, dass mehr als die H\u00e4lfte der Patienten, die als \u201ebesessen\u201c in das Sanatorium eingewiesen wurden, tats\u00e4chlich an organischen oder funktionellen Erkrankungen medizinischer Natur litten. Die medizinisch-spirituelle Behandlung im Sanatorium unter Dr. In\u00e1cio Ferreira sowie seine Ver\u00f6ffentlichungen \u00fcberschritten die Grenzen der brasilianischen spiritistischen Bewegung und erreichten die Presse, die breite \u00d6ffentlichkeit und Forscher in verschiedenen L\u00e4ndern. Sowohl Dr. In\u00e1cio Ferreira als auch Dr. Bezerra de Menezes berichteten von zahlreichen spektakul\u00e4ren Heilungsf\u00e4llen durch spiritistische Therapie.<\/p>\n\n\n\n<p class=\"has-black-color has-text-color has-link-color has-small-font-size wp-elements-15213162dea43a1577eee42544472281\">Mit der Unterst\u00fctzung von Do\u00f1a Modesta, des gro\u00dfz\u00fcgigen Philanthropen Abdon Alonso y Alonso sowie junger Mitglieder der Spiritistischen Jugendvereinigung von Uberaba verwirklichte Dr. In\u00e1cio Ferreira innerhalb von nur zwei Jahren (1947\u20131949) seine inspirierte Idee, das \u201eLar Esp\u00edrita\u201c zu errichten \u2013 eine Einrichtung zur Aufnahme und Erziehung benachteiligter M\u00e4dchen. Das Grundst\u00fcck wurde von Dr. In\u00e1cio selbst gekauft und der Institution gestiftet.<\/p>\n\n\n\n<p class=\"has-black-color has-text-color has-link-color has-small-font-size wp-elements-3c110dfda5284c9fb67dedded33dd6ce\">Am Ende seines Lebens erhielt er zahlreiche verdiente Ehrungen. 1979 verlieh ihm die Medizinische Vereinigung von Minas Gerais eine Auszeichnung f\u00fcr seine 50-j\u00e4hrige T\u00e4tigkeit in der Medizin. 1987 ehrten ihn die Gesellschaft f\u00fcr Medizin und Chirurgie von Uberaba sowie die Medizinische Fakult\u00e4t des Tri\u00e2ngulo Mineiro f\u00fcr seine Arbeit in der Stadt. In\u00e1cio trug wesentlich zur Institutionalisierung der vom Spiritismus vorgeschlagenen Praktiken und Vorstellungen zur Diagnose und Behandlung psychischer St\u00f6rungen bei und war zudem der wichtigste Verbreiter dieser Prinzipien sowohl in Brasilien als auch im Ausland.<\/p>\n\n\n\n<p class=\"has-black-color has-text-color has-link-color has-small-font-size wp-elements-e578e0c2883a3fe6459cdd03c62aaefa\">Auszug aus einem Interview mit Elias Barbosa (1970):<\/p>\n\n\n\n<p class=\"has-black-color has-text-color has-link-color has-small-font-size wp-elements-8a02cc4f9a3bf7f6d899d49e7d1832b9\">Wie sind Sie, Dr. In\u00e1cio, zum Spiritismus gekommen?<\/p>\n\n\n\n<p class=\"has-black-color has-text-color has-link-color has-small-font-size wp-elements-d77b62c4a53f85fe5da8843f507efc95\">Da sich in den 1930er Jahren mehrere \u00c4rzte weigerten, die Verantwortung f\u00fcr den Betrieb des Spiritistischen Sanatoriums von Uberaba zu \u00fcbernehmen \u2013 gegen\u00fcber Beh\u00f6rden und Gesellschaft \u2013, aus Angst vor m\u00f6glichen Nachteilen f\u00fcr ihre eigenen Praxen, nahm ich die Einladung entschlossen und selbstlos an. Ich kannte den Spiritismus nicht und verstand nichts davon. Am Vorabend der Er\u00f6ffnung des Sanatoriums erhielt ich von Maria Modesta Cravo, damals Verwaltungsdirektorin, zwei B\u00fccher mit einer Widmung von Dr. Bezerra de Menezes: das erste, Das Evangelium im Lichte des Spiritismus von Allan Kardec, und das zweite, das Brasilianische Strafgesetzbuch, denen ich zun\u00e4chst wenig Beachtung schenkte.<\/p>\n\n\n\n<p class=\"has-black-color has-text-color has-link-color has-small-font-size wp-elements-7610dc863b017d0db9769418a3c23c80\">Erst ein Jahr sp\u00e4ter, nach zahlreichen Beobachtungen bemerkenswerter Heilungsf\u00e4lle im Sanatorium \u2013 ohne dass meine materialistische Wissenschaft oder meine Therapie dazu beigetragen h\u00e4tten \u2013, wurde meine Neugier auf jene beiden \u201eGesetzb\u00fccher\u201c, das g\u00f6ttliche und das menschliche, geweckt. Beim Lesen des ersten stie\u00df ich auf Erkenntnisse, die durch den materialistischen Schleier verdeckt gewesen waren und nun in meinem Denken auftauchten, als seien sie durch Erfahrungen aus fr\u00fcheren Reinkarnationen wiedererweckt worden. Ich durchforschte die weiteren spiritistischen Werke wie eine Art Wiedererinnerung. Durch Lekt\u00fcre und Erfahrung \u201eerwacht\u201c, bem\u00fchte ich mich, die Heilungs- und Lehrt\u00e4tigkeiten aus n\u00e4chster N\u00e4he zu sehen und zu f\u00fchlen, und ergab mich schlie\u00dflich der Faszination der \u201eDritten Offenbarung\u201c, indem ich mich mit Leib und Seele dem Studium, den Erfahrungen und den daraus resultierenden Ergebnissen widmete, die ich sp\u00e4ter in Artikeln, Vortr\u00e4gen und B\u00fcchern ver\u00f6ffentlichte.<\/p>\n<\/div><\/div>\n\n\n\n<div class=\"wp-block-uagb-container uagb-block-4673fcc1 alignfull uagb-is-root-container\"><div class=\"uagb-container-inner-blocks-wrap\"><\/div><\/div>\n\n\n\n<div class=\"wp-block-uagb-container uagb-block-2b87fdbf alignfull uagb-is-root-container\"><div class=\"uagb-container-inner-blocks-wrap\"><\/div><\/div>","protected":false},"excerpt":{"rendered":"<p>In\u00e1cio Ferreira de Oliveira In\u00e1cio Ferreira de Oliveira naci\u00f3 en Uberaba el 15 de abril de 1904, hijo de Jacinto Ferreira de Oliveira, antiguo ganadero, y de Maria Lucas de Oliveira. Estuvo casado con Aparecida Valicenti Ferreira. Se gradu\u00f3 como m\u00e9dico psiquiatra en la Facultad de Medicina de la Universidad de Brasil, en R\u00edo de [&hellip;]<\/p>","protected":false},"author":1,"featured_media":0,"parent":0,"menu_order":0,"comment_status":"closed","ping_status":"closed","template":"","meta":{"_uag_custom_page_level_css":"","site-sidebar-layout":"default","site-content-layout":"","ast-site-content-layout":"default","site-content-style":"default","site-sidebar-style":"default","ast-global-header-display":"","ast-banner-title-visibility":"","ast-main-header-display":"","ast-hfb-above-header-display":"","ast-hfb-below-header-display":"","ast-hfb-mobile-header-display":"","site-post-title":"disabled","ast-breadcrumbs-content":"","ast-featured-img":"","footer-sml-layout":"","theme-transparent-header-meta":"","adv-header-id-meta":"","stick-header-meta":"","header-above-stick-meta":"","header-main-stick-meta":"","header-below-stick-meta":"","astra-migrate-meta-layouts":"set","ast-page-background-enabled":"default","ast-page-background-meta":{"desktop":{"background-color":"var(--ast-global-color-4)","background-image":"","background-repeat":"repeat","background-position":"center center","background-size":"auto","background-attachment":"scroll","background-type":"","background-media":"","overlay-type":"","overlay-color":"","overlay-opacity":"","overlay-gradient":""},"tablet":{"background-color":"","background-image":"","background-repeat":"repeat","background-position":"center center","background-size":"auto","background-attachment":"scroll","background-type":"","background-media":"","overlay-type":"","overlay-color":"","overlay-opacity":"","overlay-gradient":""},"mobile":{"background-color":"","background-image":"","background-repeat":"repeat","background-position":"center center","background-size":"auto","background-attachment":"scroll","background-type":"","background-media":"","overlay-type":"","overlay-color":"","overlay-opacity":"","overlay-gradient":""}},"ast-content-background-meta":{"desktop":{"background-color":"var(--ast-global-color-5)","background-image":"","background-repeat":"repeat","background-position":"center center","background-size":"auto","background-attachment":"scroll","background-type":"","background-media":"","overlay-type":"","overlay-color":"","overlay-opacity":"","overlay-gradient":""},"tablet":{"background-color":"var(--ast-global-color-5)","background-image":"","background-repeat":"repeat","background-position":"center center","background-size":"auto","background-attachment":"scroll","background-type":"","background-media":"","overlay-type":"","overlay-color":"","overlay-opacity":"","overlay-gradient":""},"mobile":{"background-color":"var(--ast-global-color-5)","background-image":"","background-repeat":"repeat","background-position":"center center","background-size":"auto","background-attachment":"scroll","background-type":"","background-media":"","overlay-type":"","overlay-color":"","overlay-opacity":"","overlay-gradient":""}},"footnotes":""},"class_list":["post-8858","page","type-page","status-publish","hentry"],"yoast_head":"<!-- This site is optimized with the Yoast SEO Premium plugin v24.2 (Yoast SEO v24.6) - https:\/\/yoast.com\/wordpress\/plugins\/seo\/ -->\n<title>In\u00e1cio Ferreira de Oliveira - Uni\u00f3n Esp\u00edrita<\/title>\n<meta name=\"robots\" content=\"index, follow, max-snippet:-1, max-image-preview:large, max-video-preview:-1\" \/>\n<link rel=\"canonical\" href=\"https:\/\/nuevo-renacer.com\/de\/inacio-ferreira-de-oliveira\/\" \/>\n<meta property=\"og:locale\" content=\"de_DE\" \/>\n<meta property=\"og:type\" content=\"article\" \/>\n<meta property=\"og:title\" content=\"In\u00e1cio Ferreira de Oliveira\" \/>\n<meta property=\"og:description\" content=\"In\u00e1cio Ferreira de Oliveira In\u00e1cio Ferreira de Oliveira naci\u00f3 en Uberaba el 15 de abril de 1904, hijo de Jacinto Ferreira de Oliveira, antiguo ganadero, y de Maria Lucas de Oliveira. Estuvo casado con Aparecida Valicenti Ferreira. Se gradu\u00f3 como m\u00e9dico psiquiatra en la Facultad de Medicina de la Universidad de Brasil, en R\u00edo de [&hellip;]\" \/>\n<meta property=\"og:url\" content=\"https:\/\/nuevo-renacer.com\/de\/inacio-ferreira-de-oliveira\/\" \/>\n<meta property=\"og:site_name\" content=\"Uni\u00f3n Esp\u00edrita\" \/>\n<meta property=\"article:publisher\" content=\"https:\/\/www.facebook.com\/groups\/3431398063740829\" \/>\n<meta property=\"article:modified_time\" content=\"2026-04-17T11:38:08+00:00\" \/>\n<meta property=\"og:image\" content=\"https:\/\/nuevo-renacer.com\/wp-content\/uploads\/2026\/04\/Inacio-Ferreira-de-Oliveira.jpg\" \/>\n\t<meta property=\"og:image:width\" content=\"191\" \/>\n\t<meta property=\"og:image:height\" content=\"264\" \/>\n\t<meta property=\"og:image:type\" content=\"image\/jpeg\" \/>\n<meta name=\"twitter:card\" content=\"summary_large_image\" \/>\n<meta name=\"twitter:label1\" content=\"Gesch\u00e4tzte Lesezeit\" \/>\n\t<meta name=\"twitter:data1\" content=\"6\u00a0Minuten\" \/>\n<script type=\"application\/ld+json\" class=\"yoast-schema-graph\">{\"@context\":\"https:\/\/schema.org\",\"@graph\":[{\"@type\":\"WebPage\",\"@id\":\"https:\/\/nuevo-renacer.com\/inacio-ferreira-de-oliveira\/\",\"url\":\"https:\/\/nuevo-renacer.com\/inacio-ferreira-de-oliveira\/\",\"name\":\"In\u00e1cio Ferreira de Oliveira - Uni\u00f3n Esp\u00edrita\",\"isPartOf\":{\"@id\":\"https:\/\/nuevo-renacer.com\/#website\"},\"primaryImageOfPage\":{\"@id\":\"https:\/\/nuevo-renacer.com\/inacio-ferreira-de-oliveira\/#primaryimage\"},\"image\":{\"@id\":\"https:\/\/nuevo-renacer.com\/inacio-ferreira-de-oliveira\/#primaryimage\"},\"thumbnailUrl\":\"https:\/\/nuevo-renacer.com\/wp-content\/uploads\/2026\/04\/Inacio-Ferreira-de-Oliveira.jpg\",\"datePublished\":\"2026-04-17T11:17:46+00:00\",\"dateModified\":\"2026-04-17T11:38:08+00:00\",\"breadcrumb\":{\"@id\":\"https:\/\/nuevo-renacer.com\/inacio-ferreira-de-oliveira\/#breadcrumb\"},\"inLanguage\":\"de\",\"potentialAction\":[{\"@type\":\"ReadAction\",\"target\":[\"https:\/\/nuevo-renacer.com\/inacio-ferreira-de-oliveira\/\"]}]},{\"@type\":\"ImageObject\",\"inLanguage\":\"de\",\"@id\":\"https:\/\/nuevo-renacer.com\/inacio-ferreira-de-oliveira\/#primaryimage\",\"url\":\"https:\/\/nuevo-renacer.com\/wp-content\/uploads\/2026\/04\/Inacio-Ferreira-de-Oliveira.jpg\",\"contentUrl\":\"https:\/\/nuevo-renacer.com\/wp-content\/uploads\/2026\/04\/Inacio-Ferreira-de-Oliveira.jpg\"},{\"@type\":\"BreadcrumbList\",\"@id\":\"https:\/\/nuevo-renacer.com\/inacio-ferreira-de-oliveira\/#breadcrumb\",\"itemListElement\":[{\"@type\":\"ListItem\",\"position\":1,\"name\":\"Startseite\",\"item\":\"https:\/\/nuevo-renacer.com\/\"},{\"@type\":\"ListItem\",\"position\":2,\"name\":\"In\u00e1cio Ferreira de Oliveira\"}]},{\"@type\":\"WebSite\",\"@id\":\"https:\/\/nuevo-renacer.com\/#website\",\"url\":\"https:\/\/nuevo-renacer.com\/\",\"name\":\"Uni\u00f3n Esp\u00edrita\",\"description\":\"Nuevo Renacer\",\"publisher\":{\"@id\":\"https:\/\/nuevo-renacer.com\/#organization\"},\"potentialAction\":[{\"@type\":\"SearchAction\",\"target\":{\"@type\":\"EntryPoint\",\"urlTemplate\":\"https:\/\/nuevo-renacer.com\/?s={search_term_string}\"},\"query-input\":{\"@type\":\"PropertyValueSpecification\",\"valueRequired\":true,\"valueName\":\"search_term_string\"}}],\"inLanguage\":\"de\"},{\"@type\":\"Organization\",\"@id\":\"https:\/\/nuevo-renacer.com\/#organization\",\"name\":\"UFEC\",\"url\":\"https:\/\/nuevo-renacer.com\/\",\"logo\":{\"@type\":\"ImageObject\",\"inLanguage\":\"de\",\"@id\":\"https:\/\/nuevo-renacer.com\/#\/schema\/logo\/image\/\",\"url\":\"https:\/\/nuevo-renacer.com\/wp-content\/uploads\/2024\/05\/cropped-LOGO-TERMINADO1-3-3.png\",\"contentUrl\":\"https:\/\/nuevo-renacer.com\/wp-content\/uploads\/2024\/05\/cropped-LOGO-TERMINADO1-3-3.png\",\"width\":512,\"height\":512,\"caption\":\"UFEC\"},\"image\":{\"@id\":\"https:\/\/nuevo-renacer.com\/#\/schema\/logo\/image\/\"},\"sameAs\":[\"https:\/\/www.facebook.com\/groups\/3431398063740829\"]}]}<\/script>\n<!-- \/ Yoast SEO Premium plugin. -->","yoast_head_json":{"title":"In\u00e1cio Ferreira de Oliveira - Uni\u00f3n Esp\u00edrita","robots":{"index":"index","follow":"follow","max-snippet":"max-snippet:-1","max-image-preview":"max-image-preview:large","max-video-preview":"max-video-preview:-1"},"canonical":"https:\/\/nuevo-renacer.com\/de\/inacio-ferreira-de-oliveira\/","og_locale":"de_DE","og_type":"article","og_title":"In\u00e1cio Ferreira de Oliveira","og_description":"In\u00e1cio Ferreira de Oliveira In\u00e1cio Ferreira de Oliveira naci\u00f3 en Uberaba el 15 de abril de 1904, hijo de Jacinto Ferreira de Oliveira, antiguo ganadero, y de Maria Lucas de Oliveira. Estuvo casado con Aparecida Valicenti Ferreira. Se gradu\u00f3 como m\u00e9dico psiquiatra en la Facultad de Medicina de la Universidad de Brasil, en R\u00edo de [&hellip;]","og_url":"https:\/\/nuevo-renacer.com\/de\/inacio-ferreira-de-oliveira\/","og_site_name":"Uni\u00f3n Esp\u00edrita","article_publisher":"https:\/\/www.facebook.com\/groups\/3431398063740829","article_modified_time":"2026-04-17T11:38:08+00:00","og_image":[{"width":191,"height":264,"url":"https:\/\/nuevo-renacer.com\/wp-content\/uploads\/2026\/04\/Inacio-Ferreira-de-Oliveira.jpg","type":"image\/jpeg"}],"twitter_card":"summary_large_image","twitter_misc":{"Gesch\u00e4tzte Lesezeit":"6\u00a0Minuten"},"schema":{"@context":"https:\/\/schema.org","@graph":[{"@type":"WebPage","@id":"https:\/\/nuevo-renacer.com\/inacio-ferreira-de-oliveira\/","url":"https:\/\/nuevo-renacer.com\/inacio-ferreira-de-oliveira\/","name":"In\u00e1cio Ferreira de Oliveira - Uni\u00f3n Esp\u00edrita","isPartOf":{"@id":"https:\/\/nuevo-renacer.com\/#website"},"primaryImageOfPage":{"@id":"https:\/\/nuevo-renacer.com\/inacio-ferreira-de-oliveira\/#primaryimage"},"image":{"@id":"https:\/\/nuevo-renacer.com\/inacio-ferreira-de-oliveira\/#primaryimage"},"thumbnailUrl":"https:\/\/nuevo-renacer.com\/wp-content\/uploads\/2026\/04\/Inacio-Ferreira-de-Oliveira.jpg","datePublished":"2026-04-17T11:17:46+00:00","dateModified":"2026-04-17T11:38:08+00:00","breadcrumb":{"@id":"https:\/\/nuevo-renacer.com\/inacio-ferreira-de-oliveira\/#breadcrumb"},"inLanguage":"de","potentialAction":[{"@type":"ReadAction","target":["https:\/\/nuevo-renacer.com\/inacio-ferreira-de-oliveira\/"]}]},{"@type":"ImageObject","inLanguage":"de","@id":"https:\/\/nuevo-renacer.com\/inacio-ferreira-de-oliveira\/#primaryimage","url":"https:\/\/nuevo-renacer.com\/wp-content\/uploads\/2026\/04\/Inacio-Ferreira-de-Oliveira.jpg","contentUrl":"https:\/\/nuevo-renacer.com\/wp-content\/uploads\/2026\/04\/Inacio-Ferreira-de-Oliveira.jpg"},{"@type":"BreadcrumbList","@id":"https:\/\/nuevo-renacer.com\/inacio-ferreira-de-oliveira\/#breadcrumb","itemListElement":[{"@type":"ListItem","position":1,"name":"Startseite","item":"https:\/\/nuevo-renacer.com\/"},{"@type":"ListItem","position":2,"name":"In\u00e1cio Ferreira de Oliveira"}]},{"@type":"WebSite","@id":"https:\/\/nuevo-renacer.com\/#website","url":"https:\/\/nuevo-renacer.com\/","name":"Uni\u00f3n Esp\u00edrita","description":"Nuevo Renacer","publisher":{"@id":"https:\/\/nuevo-renacer.com\/#organization"},"potentialAction":[{"@type":"SearchAction","target":{"@type":"EntryPoint","urlTemplate":"https:\/\/nuevo-renacer.com\/?s={search_term_string}"},"query-input":{"@type":"PropertyValueSpecification","valueRequired":true,"valueName":"search_term_string"}}],"inLanguage":"de"},{"@type":"Organization","@id":"https:\/\/nuevo-renacer.com\/#organization","name":"UFEC","url":"https:\/\/nuevo-renacer.com\/","logo":{"@type":"ImageObject","inLanguage":"de","@id":"https:\/\/nuevo-renacer.com\/#\/schema\/logo\/image\/","url":"https:\/\/nuevo-renacer.com\/wp-content\/uploads\/2024\/05\/cropped-LOGO-TERMINADO1-3-3.png","contentUrl":"https:\/\/nuevo-renacer.com\/wp-content\/uploads\/2024\/05\/cropped-LOGO-TERMINADO1-3-3.png","width":512,"height":512,"caption":"UFEC"},"image":{"@id":"https:\/\/nuevo-renacer.com\/#\/schema\/logo\/image\/"},"sameAs":["https:\/\/www.facebook.com\/groups\/3431398063740829"]}]}},"uagb_featured_image_src":{"full":false,"thumbnail":false,"medium":false,"medium_large":false,"large":false,"1536x1536":false,"2048x2048":false,"trp-custom-language-flag":false},"uagb_author_info":{"display_name":"adbv0","author_link":"https:\/\/nuevo-renacer.com\/de\/author\/adbv0\/"},"uagb_comment_info":0,"uagb_excerpt":"In\u00e1cio Ferreira de Oliveira In\u00e1cio Ferreira de Oliveira naci\u00f3 en Uberaba el 15 de abril de 1904, hijo de Jacinto Ferreira de Oliveira, antiguo ganadero, y de Maria Lucas de Oliveira. Estuvo casado con Aparecida Valicenti Ferreira. Se gradu\u00f3 como m\u00e9dico psiquiatra en la Facultad de Medicina de la Universidad de Brasil, en R\u00edo de&hellip;","jetpack_sharing_enabled":true,"_links":{"self":[{"href":"https:\/\/nuevo-renacer.com\/de\/wp-json\/wp\/v2\/pages\/8858","targetHints":{"allow":["GET"]}}],"collection":[{"href":"https:\/\/nuevo-renacer.com\/de\/wp-json\/wp\/v2\/pages"}],"about":[{"href":"https:\/\/nuevo-renacer.com\/de\/wp-json\/wp\/v2\/types\/page"}],"author":[{"embeddable":true,"href":"https:\/\/nuevo-renacer.com\/de\/wp-json\/wp\/v2\/users\/1"}],"replies":[{"embeddable":true,"href":"https:\/\/nuevo-renacer.com\/de\/wp-json\/wp\/v2\/comments?post=8858"}],"version-history":[{"count":3,"href":"https:\/\/nuevo-renacer.com\/de\/wp-json\/wp\/v2\/pages\/8858\/revisions"}],"predecessor-version":[{"id":8864,"href":"https:\/\/nuevo-renacer.com\/de\/wp-json\/wp\/v2\/pages\/8858\/revisions\/8864"}],"wp:attachment":[{"href":"https:\/\/nuevo-renacer.com\/de\/wp-json\/wp\/v2\/media?parent=8858"}],"curies":[{"name":"wp","href":"https:\/\/api.w.org\/{rel}","templated":true}]}}