{"id":8821,"date":"2026-03-24T09:03:50","date_gmt":"2026-03-24T09:03:50","guid":{"rendered":"https:\/\/nuevo-renacer.com\/?page_id=8821"},"modified":"2026-03-24T09:05:05","modified_gmt":"2026-03-24T09:05:05","slug":"frederica-hauffe","status":"publish","type":"page","link":"https:\/\/nuevo-renacer.com\/de\/frederica-hauffe\/","title":{"rendered":"Frederica Hauffe"},"content":{"rendered":"<div class=\"wp-block-uagb-container uagb-block-dbde4e89 alignfull uagb-is-root-container\"><div class=\"uagb-container-inner-blocks-wrap\">\n<p class=\"has-black-color has-text-color has-link-color has-medium-font-size wp-elements-0cdbe2bc5d55e5a49b5c561ec010a0e9\"><strong>Frederica Hauffe<\/strong><\/p>\n<\/div><\/div>\n\n\n\n<div class=\"wp-block-uagb-container uagb-block-5b38f87f alignfull uagb-is-root-container\"><div class=\"uagb-container-inner-blocks-wrap\">\n<figure class=\"wp-block-image size-large is-resized\"><img fetchpriority=\"high\" decoding=\"async\" width=\"826\" height=\"1024\" src=\"https:\/\/nuevo-renacer.com\/wp-content\/uploads\/2026\/03\/Frederica-Hauffe-826x1024.jpg\" alt=\"\" class=\"wp-image-8822\" style=\"aspect-ratio:0.8066467693796886;width:273px;height:auto\" srcset=\"https:\/\/nuevo-renacer.com\/wp-content\/uploads\/2026\/03\/Frederica-Hauffe-826x1024.jpg 826w, https:\/\/nuevo-renacer.com\/wp-content\/uploads\/2026\/03\/Frederica-Hauffe-242x300.jpg 242w, https:\/\/nuevo-renacer.com\/wp-content\/uploads\/2026\/03\/Frederica-Hauffe-768x952.jpg 768w, https:\/\/nuevo-renacer.com\/wp-content\/uploads\/2026\/03\/Frederica-Hauffe-10x12.jpg 10w, https:\/\/nuevo-renacer.com\/wp-content\/uploads\/2026\/03\/Frederica-Hauffe.jpg 960w\" sizes=\"(max-width: 826px) 100vw, 826px\" \/><\/figure>\n<\/div><\/div>\n\n\n\n<div class=\"wp-block-uagb-container uagb-block-5c6f57f5 alignfull uagb-is-root-container\"><div class=\"uagb-container-inner-blocks-wrap\">\n<p class=\"has-black-color has-text-color has-link-color has-small-font-size wp-elements-b9466b3f3afc40b28b1aae40d1138adc\">In der N\u00e4he der Stadt L\u00f6wenstein in Baden-W\u00fcrttemberg, eingebettet in die Berge, deren h\u00f6chster Punkt 1879 Fu\u00df \u00fcber dem Meeresspiegel erreicht, umgeben von H\u00fcgeln und T\u00e4lern, in einer malerischen Senke, liegt das kleine Dorf Prevorst. Es z\u00e4hlt etwas mehr als 400 Einwohner, die gr\u00f6\u00dftenteils vom Waldbau zur Kohleherstellung und der Ernte einheimischer Produkte leben. Im Jahr 1801 wurde in diesen hohen Bergen von Prevorst ein M\u00e4dchen geboren, das schon fr\u00fch au\u00dfergew\u00f6hnliche innere F\u00e4higkeiten zeigte.<\/p>\n\n\n\n<p class=\"has-black-color has-text-color has-link-color has-small-font-size wp-elements-08c7b96bcedd4cacde86e12b35ee0a9c\">Frederica Hauffe, allgemein als die Seherin von Prevorst bekannt, deren Vater als Forstaufseher t\u00e4tig war, wurde aufgrund der Isolation des Dorfes in gr\u00f6\u00dfter Einfachheit und Unschuld erzogen. Frau Hauffe erhielt keine Schulbildung und keine Zeugnisse; sie kannte keine Sprachen, keine Geschichte, Geographie, Naturgeschichte und besa\u00df keine der \u00fcblichen Kenntnisse ihres Geschlechts. \u00dcber viele Jahre hinweg waren die Bibel und das Buch der Psalmen ihr einziger Studieninhalt. Ihre Moral war unbestreitbar; fromm ohne Heuchelei, betrachtete sie ihr langes Leiden und ihre ungew\u00f6hnlichen Umst\u00e4nde als Gottes F\u00fcgung und dr\u00fcckte ihre Gef\u00fchle in Gedichten aus.<\/p>\n\n\n\n<p class=\"has-black-color has-text-color has-link-color has-small-font-size wp-elements-240a37d6f08d9067bb4412dcd1617521\">Als Gegenst\u00fcck zu dieser Unempfindlichkeit entdeckte sich bei ihr, schon als Kind, eine unbestreitbare, \u00fcbernat\u00fcrliche oder voraussehende F\u00e4higkeit, die sich vor allem in prophetischen Tr\u00e4umen zeigte. Wenn sie getadelt, ver\u00e4rgert oder aus irgendeinem Grund verletzt wurde, oder wenn ihre Gef\u00fchle verletzt waren, wurde sie nachts an diese tiefen Verstecke gef\u00fchrt, wo sie belehrende, vorausschauende oder prophetische Visionen besuchten.<\/p>\n\n\n\n<p class=\"has-black-color has-text-color has-link-color has-small-font-size wp-elements-45e3bfb6b3cbf9e80cc45bef12ee93d6\">So geschah es einmal, dass ihr Vater einen wertvollen Gegenstand verlor und sie daf\u00fcr verantwortlich machte, obwohl sie unschuldig war. Sie war so best\u00fcrzt, dass sie im Traum den Ort sah, an dem sich der Gegenstand befand. Noch als kleines Kind zeigte sie mit einem Haselrutenstab, wo Wasser und Metalle zu finden waren. Sp\u00e4ter, als die Stadt wenige kulturelle Elemente besa\u00df, vertrauten ihre Eltern sie ihrem Gro\u00dfvater Johann Schmidgall an, der in L\u00f6wenstein lebte, nur wenige Kilometer entfernt. Zum gro\u00dfen Bedauern der Familie zeigte sich diese Empf\u00e4nglichkeit f\u00fcr spirituelle Einfl\u00fcsse, die andere nicht wahrnahmen, bald deutlich. In der Wohnung des Gro\u00dfvaters erschien dem armen M\u00e4dchen zum ersten Mal ein Geist. Um Mitternacht sah sie im Flur eine gro\u00dfe, dunkle Gestalt, die beim Vorbeigehen seufzte; sie blieb am Ende des Korridors stehen und zeigte ihr ein Gesicht, das sie niemals vergessen sollte. Dieses erste Erscheinen verursachte ihr keine gr\u00f6\u00dfere Beunruhigung als die sp\u00e4teren Erscheinungen in ihrem Leben. Ruhig ging sie zu ihrem Gro\u00dfvater und sagte: \u201eIm Flur ist ein fremder Mann, geh und sieh ihn dir an.\u201c<\/p>\n\n\n\n<p class=\"has-black-color has-text-color has-link-color has-small-font-size wp-elements-0b3900597df5ff08165f3b2ea8414311\">So wichtige, aber bedauerliche F\u00e4higkeiten f\u00fchrten bei dem M\u00e4dchen zu keiner Ver\u00e4nderung. Sie war die fr\u00f6hlichste unter ihren Spielkameradinnen, obwohl sie wegen ihrer Sensibilit\u00e4t lange Zeit in ihrem Zimmer bleiben musste; es war eine Vorbereitung, damit sie mit normalen Augen sehen konnte, was f\u00fcr andere unsichtbar war \u2013 die Entfaltung einer spirituellen Sehkraft durch die leiblichen Sinne.<\/p>\n\n\n\n<p class=\"has-black-color has-text-color has-link-color has-small-font-size wp-elements-f78f74f45a9be8f9417a527d54727d4b\">Sp\u00e4ter lebte sie mit ihren Eltern in Oberstenfeld, das zeitweise die v\u00e4terliche Wohnung war. Von 17 bis 19 Jahren, in einer Zeit angenehmer und bewegter Einfl\u00fcsse, schien sie diese innere Wahrnehmungsf\u00e4higkeit bis zu einem gewissen Grad verloren zu haben; nur ihr besonders geistvoller Charakter zeigte sich in ihrem Blick, sowie eine gr\u00f6\u00dfere Freude, ohne dass sie sich von ihren gewohnten Verhaltensweisen und denen der jungen Frauen in ihrer Gesellschaft entfernte. Trotz falscher Ger\u00fcchte ist es sicher, dass sie auch in diesem Alter keine Bindungen einging und keine Entt\u00e4uschungen in ihren Gef\u00fchlen erlebte. Sie war \u00e4u\u00dferst empf\u00e4nglich f\u00fcr spirituelle Erscheinungen aller Art: prophetische Tr\u00e4ume, Vorhersagen, prophetische Visionen in Gl\u00e4sern und Spiegeln. So sah sie in einem Glas eine Person, die eine halbe Stunde sp\u00e4ter ihr Zimmer betreten w\u00fcrde, sowie einen Wagen, den sie von ihrem Standort aus nicht erkennen konnte; sie beschrieb die Kutsche, die darin reisenden Personen und die Pferde \u2013 und eine halbe Stunde sp\u00e4ter trafen diese tats\u00e4chlich in ihrem Haus ein.<\/p>\n\n\n\n<p class=\"has-black-color has-text-color has-link-color has-small-font-size wp-elements-8d0950c7359dd800066f544dba6e03d9\">In dieser Zeit schien sie die \u201ezweite Sicht\u201c zu genie\u00dfen. Eines Morgens, als sie ihr Zimmer w\u00e4hrend eines Arztbesuchs verlie\u00df, sah sie im Flur einen Sarg, der ihr den Weg versperrte, und darin den K\u00f6rper ihres Gro\u00dfvaters. Sie ging zur\u00fcck ins Zimmer und bat den Arzt und ihre Eltern, ihn zu sehen. Dennoch erlebte keiner von ihnen und auch sie selbst zun\u00e4chst nichts weiter. Am n\u00e4chsten Tag jedoch war der Sarg und der K\u00f6rper neben ihrem Bett. Sechs Wochen sp\u00e4ter starb ihr Gro\u00dfvater, nachdem er bis zu den letzten Tagen zuvor bei bester Gesundheit gewesen war.<\/p>\n\n\n\n<p class=\"has-black-color has-text-color has-link-color has-small-font-size wp-elements-0e40ac18655ee2ed89cadec2028fa7d0\">Die F\u00e4higkeit, Geister zu sehen, die Frau Hauffe seit ihrer Kindheit besa\u00df, entwickelte sich kontinuierlich. Zwischen dem 25. November 1826 und dem 2. Mai 1829 konnte Dr. Justinus Kerner sie umfassend untersuchen und die Grundlagen f\u00fcr ein Buch zusammentragen, das in Deutschland gro\u00dfe Aufmerksamkeit erregte, da innerhalb weniger Jahre f\u00fcnf Auflagen vergriffen waren. Das Werk wurde von Mrs. Crowe ins Englische und von Dr. Dusart ins Franz\u00f6sische \u00fcbersetzt.<\/p>\n\n\n\n<p class=\"has-black-color has-text-color has-link-color has-small-font-size wp-elements-de0ce7c6e83acd48993c6f5a98bf74d0\">Eschenmayer schreibt \u00fcber sie in Die Geheimnisse: \u201eIhre nat\u00fcrlichen Anlagen waren s\u00fc\u00df, liebensw\u00fcrdig, ernst. Sie f\u00fchlte sich stets zur Kontemplation und zum Gebet hingezogen. In der Ausdruckskraft ihrer Augen lag etwas Geistiges, stets klar und leuchtend trotz des Leidens; sie waren im Gespr\u00e4ch sehr beweglich, dann pl\u00f6tzlich starr \u2013 und man sah an diesem Zeichen, dass sie einer ihrer seltsamen Erscheinungen gegen\u00fcberstand. Unter solchen Bedingungen sprach sie rasch.\u201c<\/p>\n\n\n\n<p class=\"has-black-color has-text-color has-link-color has-small-font-size wp-elements-abf04a029ee59cbef3c776e4223c544a\">Am 5. August 1829, um zehn Uhr, bemerkte die seherische Schwester eine wei\u00dfe Gestalt, die ihr Zimmer betrat; in diesem Augenblick lie\u00df die Sterbende einen Freudenschrei h\u00f6ren und ihr Geist schien sich in diesem Moment zu l\u00f6sen. Kurz darauf verlie\u00df ihre Seele den K\u00f6rper, der v\u00f6llig unverkennbar blieb, da keine ihrer Z\u00fcge die vorherige Form bewahrte. Die \u00dcberreste derjenigen, die so viel gelitten hatte, wurden auf dem malerischen Friedhof von L\u00f6wenstein beigesetzt, wo bereits die K\u00f6rper ihres Gro\u00dfvaters, des gesch\u00e4tzten Schmidgall, und seiner Frau ruhten, die sie als ihre geistigen Schutzwesen erkannt hatte.<\/p>\n<\/div><\/div>\n\n\n\n<div class=\"wp-block-uagb-container uagb-block-3259d955 alignfull uagb-is-root-container\"><div class=\"uagb-container-inner-blocks-wrap\"><\/div><\/div>\n\n\n\n<div class=\"wp-block-uagb-container uagb-block-1ab3b2d5 alignfull uagb-is-root-container\"><div class=\"uagb-container-inner-blocks-wrap\"><\/div><\/div>","protected":false},"excerpt":{"rendered":"<p>Frederica Hauffe Cerca de la ciudad de L\u00f6wenstein, en Baden-W\u00fcrttemberg, entre las monta\u00f1as cuyo punto m\u00e1s alto alcanza los 1879 pies sobre el nivel del mar, rodeada de colinas y valles, en un recodo pintoresco, se encuentra la peque\u00f1a aldea de Prevorst. Cuenta con poco m\u00e1s de 400 habitantes, que viven en su mayor parte [&hellip;]<\/p>","protected":false},"author":1,"featured_media":0,"parent":0,"menu_order":0,"comment_status":"closed","ping_status":"closed","template":"","meta":{"_uag_custom_page_level_css":"","site-sidebar-layout":"default","site-content-layout":"","ast-site-content-layout":"default","site-content-style":"default","site-sidebar-style":"default","ast-global-header-display":"","ast-banner-title-visibility":"","ast-main-header-display":"","ast-hfb-above-header-display":"","ast-hfb-below-header-display":"","ast-hfb-mobile-header-display":"","site-post-title":"disabled","ast-breadcrumbs-content":"","ast-featured-img":"","footer-sml-layout":"","theme-transparent-header-meta":"","adv-header-id-meta":"","stick-header-meta":"","header-above-stick-meta":"","header-main-stick-meta":"","header-below-stick-meta":"","astra-migrate-meta-layouts":"set","ast-page-background-enabled":"default","ast-page-background-meta":{"desktop":{"background-color":"var(--ast-global-color-4)","background-image":"","background-repeat":"repeat","background-position":"center center","background-size":"auto","background-attachment":"scroll","background-type":"","background-media":"","overlay-type":"","overlay-color":"","overlay-opacity":"","overlay-gradient":""},"tablet":{"background-color":"","background-image":"","background-repeat":"repeat","background-position":"center center","background-size":"auto","background-attachment":"scroll","background-type":"","background-media":"","overlay-type":"","overlay-color":"","overlay-opacity":"","overlay-gradient":""},"mobile":{"background-color":"","background-image":"","background-repeat":"repeat","background-position":"center center","background-size":"auto","background-attachment":"scroll","background-type":"","background-media":"","overlay-type":"","overlay-color":"","overlay-opacity":"","overlay-gradient":""}},"ast-content-background-meta":{"desktop":{"background-color":"var(--ast-global-color-5)","background-image":"","background-repeat":"repeat","background-position":"center center","background-size":"auto","background-attachment":"scroll","background-type":"","background-media":"","overlay-type":"","overlay-color":"","overlay-opacity":"","overlay-gradient":""},"tablet":{"background-color":"var(--ast-global-color-5)","background-image":"","background-repeat":"repeat","background-position":"center center","background-size":"auto","background-attachment":"scroll","background-type":"","background-media":"","overlay-type":"","overlay-color":"","overlay-opacity":"","overlay-gradient":""},"mobile":{"background-color":"var(--ast-global-color-5)","background-image":"","background-repeat":"repeat","background-position":"center center","background-size":"auto","background-attachment":"scroll","background-type":"","background-media":"","overlay-type":"","overlay-color":"","overlay-opacity":"","overlay-gradient":""}},"footnotes":""},"class_list":["post-8821","page","type-page","status-publish","hentry"],"yoast_head":"<!-- This site is optimized with the Yoast SEO Premium plugin v24.2 (Yoast SEO v24.6) - https:\/\/yoast.com\/wordpress\/plugins\/seo\/ -->\n<title>Frederica Hauffe - Uni\u00f3n Esp\u00edrita<\/title>\n<meta name=\"robots\" content=\"index, follow, max-snippet:-1, max-image-preview:large, max-video-preview:-1\" \/>\n<link rel=\"canonical\" href=\"https:\/\/nuevo-renacer.com\/de\/frederica-hauffe\/\" \/>\n<meta property=\"og:locale\" content=\"de_DE\" \/>\n<meta property=\"og:type\" content=\"article\" \/>\n<meta property=\"og:title\" content=\"Frederica Hauffe\" \/>\n<meta property=\"og:description\" content=\"Frederica Hauffe Cerca de la ciudad de L\u00f6wenstein, en Baden-W\u00fcrttemberg, entre las monta\u00f1as cuyo punto m\u00e1s alto alcanza los 1879 pies sobre el nivel del mar, rodeada de colinas y valles, en un recodo pintoresco, se encuentra la peque\u00f1a aldea de Prevorst. Cuenta con poco m\u00e1s de 400 habitantes, que viven en su mayor parte [&hellip;]\" \/>\n<meta property=\"og:url\" content=\"https:\/\/nuevo-renacer.com\/de\/frederica-hauffe\/\" \/>\n<meta property=\"og:site_name\" content=\"Uni\u00f3n Esp\u00edrita\" \/>\n<meta property=\"article:publisher\" content=\"https:\/\/www.facebook.com\/groups\/3431398063740829\" \/>\n<meta property=\"article:modified_time\" content=\"2026-03-24T09:05:05+00:00\" \/>\n<meta property=\"og:image\" content=\"https:\/\/nuevo-renacer.com\/wp-content\/uploads\/2026\/03\/Frederica-Hauffe.jpg\" \/>\n\t<meta property=\"og:image:width\" content=\"960\" \/>\n\t<meta property=\"og:image:height\" content=\"1190\" \/>\n\t<meta property=\"og:image:type\" content=\"image\/jpeg\" \/>\n<meta name=\"twitter:card\" content=\"summary_large_image\" \/>\n<meta name=\"twitter:label1\" content=\"Gesch\u00e4tzte Lesezeit\" \/>\n\t<meta name=\"twitter:data1\" content=\"6\u00a0Minuten\" \/>\n<script type=\"application\/ld+json\" class=\"yoast-schema-graph\">{\"@context\":\"https:\/\/schema.org\",\"@graph\":[{\"@type\":\"WebPage\",\"@id\":\"https:\/\/nuevo-renacer.com\/frederica-hauffe\/\",\"url\":\"https:\/\/nuevo-renacer.com\/frederica-hauffe\/\",\"name\":\"Frederica Hauffe - Uni\u00f3n Esp\u00edrita\",\"isPartOf\":{\"@id\":\"https:\/\/nuevo-renacer.com\/#website\"},\"primaryImageOfPage\":{\"@id\":\"https:\/\/nuevo-renacer.com\/frederica-hauffe\/#primaryimage\"},\"image\":{\"@id\":\"https:\/\/nuevo-renacer.com\/frederica-hauffe\/#primaryimage\"},\"thumbnailUrl\":\"https:\/\/nuevo-renacer.com\/wp-content\/uploads\/2026\/03\/Frederica-Hauffe-826x1024.jpg\",\"datePublished\":\"2026-03-24T09:03:50+00:00\",\"dateModified\":\"2026-03-24T09:05:05+00:00\",\"breadcrumb\":{\"@id\":\"https:\/\/nuevo-renacer.com\/frederica-hauffe\/#breadcrumb\"},\"inLanguage\":\"de\",\"potentialAction\":[{\"@type\":\"ReadAction\",\"target\":[\"https:\/\/nuevo-renacer.com\/frederica-hauffe\/\"]}]},{\"@type\":\"ImageObject\",\"inLanguage\":\"de\",\"@id\":\"https:\/\/nuevo-renacer.com\/frederica-hauffe\/#primaryimage\",\"url\":\"https:\/\/nuevo-renacer.com\/wp-content\/uploads\/2026\/03\/Frederica-Hauffe-826x1024.jpg\",\"contentUrl\":\"https:\/\/nuevo-renacer.com\/wp-content\/uploads\/2026\/03\/Frederica-Hauffe-826x1024.jpg\"},{\"@type\":\"BreadcrumbList\",\"@id\":\"https:\/\/nuevo-renacer.com\/frederica-hauffe\/#breadcrumb\",\"itemListElement\":[{\"@type\":\"ListItem\",\"position\":1,\"name\":\"Startseite\",\"item\":\"https:\/\/nuevo-renacer.com\/\"},{\"@type\":\"ListItem\",\"position\":2,\"name\":\"Frederica Hauffe\"}]},{\"@type\":\"WebSite\",\"@id\":\"https:\/\/nuevo-renacer.com\/#website\",\"url\":\"https:\/\/nuevo-renacer.com\/\",\"name\":\"Uni\u00f3n Esp\u00edrita\",\"description\":\"Nuevo Renacer\",\"publisher\":{\"@id\":\"https:\/\/nuevo-renacer.com\/#organization\"},\"potentialAction\":[{\"@type\":\"SearchAction\",\"target\":{\"@type\":\"EntryPoint\",\"urlTemplate\":\"https:\/\/nuevo-renacer.com\/?s={search_term_string}\"},\"query-input\":{\"@type\":\"PropertyValueSpecification\",\"valueRequired\":true,\"valueName\":\"search_term_string\"}}],\"inLanguage\":\"de\"},{\"@type\":\"Organization\",\"@id\":\"https:\/\/nuevo-renacer.com\/#organization\",\"name\":\"UFEC\",\"url\":\"https:\/\/nuevo-renacer.com\/\",\"logo\":{\"@type\":\"ImageObject\",\"inLanguage\":\"de\",\"@id\":\"https:\/\/nuevo-renacer.com\/#\/schema\/logo\/image\/\",\"url\":\"https:\/\/nuevo-renacer.com\/wp-content\/uploads\/2024\/05\/cropped-LOGO-TERMINADO1-3-3.png\",\"contentUrl\":\"https:\/\/nuevo-renacer.com\/wp-content\/uploads\/2024\/05\/cropped-LOGO-TERMINADO1-3-3.png\",\"width\":512,\"height\":512,\"caption\":\"UFEC\"},\"image\":{\"@id\":\"https:\/\/nuevo-renacer.com\/#\/schema\/logo\/image\/\"},\"sameAs\":[\"https:\/\/www.facebook.com\/groups\/3431398063740829\"]}]}<\/script>\n<!-- \/ Yoast SEO Premium plugin. -->","yoast_head_json":{"title":"Frederica Hauffe - Uni\u00f3n Esp\u00edrita","robots":{"index":"index","follow":"follow","max-snippet":"max-snippet:-1","max-image-preview":"max-image-preview:large","max-video-preview":"max-video-preview:-1"},"canonical":"https:\/\/nuevo-renacer.com\/de\/frederica-hauffe\/","og_locale":"de_DE","og_type":"article","og_title":"Frederica Hauffe","og_description":"Frederica Hauffe Cerca de la ciudad de L\u00f6wenstein, en Baden-W\u00fcrttemberg, entre las monta\u00f1as cuyo punto m\u00e1s alto alcanza los 1879 pies sobre el nivel del mar, rodeada de colinas y valles, en un recodo pintoresco, se encuentra la peque\u00f1a aldea de Prevorst. Cuenta con poco m\u00e1s de 400 habitantes, que viven en su mayor parte [&hellip;]","og_url":"https:\/\/nuevo-renacer.com\/de\/frederica-hauffe\/","og_site_name":"Uni\u00f3n Esp\u00edrita","article_publisher":"https:\/\/www.facebook.com\/groups\/3431398063740829","article_modified_time":"2026-03-24T09:05:05+00:00","og_image":[{"width":960,"height":1190,"url":"https:\/\/nuevo-renacer.com\/wp-content\/uploads\/2026\/03\/Frederica-Hauffe.jpg","type":"image\/jpeg"}],"twitter_card":"summary_large_image","twitter_misc":{"Gesch\u00e4tzte Lesezeit":"6\u00a0Minuten"},"schema":{"@context":"https:\/\/schema.org","@graph":[{"@type":"WebPage","@id":"https:\/\/nuevo-renacer.com\/frederica-hauffe\/","url":"https:\/\/nuevo-renacer.com\/frederica-hauffe\/","name":"Frederica Hauffe - Uni\u00f3n Esp\u00edrita","isPartOf":{"@id":"https:\/\/nuevo-renacer.com\/#website"},"primaryImageOfPage":{"@id":"https:\/\/nuevo-renacer.com\/frederica-hauffe\/#primaryimage"},"image":{"@id":"https:\/\/nuevo-renacer.com\/frederica-hauffe\/#primaryimage"},"thumbnailUrl":"https:\/\/nuevo-renacer.com\/wp-content\/uploads\/2026\/03\/Frederica-Hauffe-826x1024.jpg","datePublished":"2026-03-24T09:03:50+00:00","dateModified":"2026-03-24T09:05:05+00:00","breadcrumb":{"@id":"https:\/\/nuevo-renacer.com\/frederica-hauffe\/#breadcrumb"},"inLanguage":"de","potentialAction":[{"@type":"ReadAction","target":["https:\/\/nuevo-renacer.com\/frederica-hauffe\/"]}]},{"@type":"ImageObject","inLanguage":"de","@id":"https:\/\/nuevo-renacer.com\/frederica-hauffe\/#primaryimage","url":"https:\/\/nuevo-renacer.com\/wp-content\/uploads\/2026\/03\/Frederica-Hauffe-826x1024.jpg","contentUrl":"https:\/\/nuevo-renacer.com\/wp-content\/uploads\/2026\/03\/Frederica-Hauffe-826x1024.jpg"},{"@type":"BreadcrumbList","@id":"https:\/\/nuevo-renacer.com\/frederica-hauffe\/#breadcrumb","itemListElement":[{"@type":"ListItem","position":1,"name":"Startseite","item":"https:\/\/nuevo-renacer.com\/"},{"@type":"ListItem","position":2,"name":"Frederica Hauffe"}]},{"@type":"WebSite","@id":"https:\/\/nuevo-renacer.com\/#website","url":"https:\/\/nuevo-renacer.com\/","name":"Uni\u00f3n Esp\u00edrita","description":"Nuevo Renacer","publisher":{"@id":"https:\/\/nuevo-renacer.com\/#organization"},"potentialAction":[{"@type":"SearchAction","target":{"@type":"EntryPoint","urlTemplate":"https:\/\/nuevo-renacer.com\/?s={search_term_string}"},"query-input":{"@type":"PropertyValueSpecification","valueRequired":true,"valueName":"search_term_string"}}],"inLanguage":"de"},{"@type":"Organization","@id":"https:\/\/nuevo-renacer.com\/#organization","name":"UFEC","url":"https:\/\/nuevo-renacer.com\/","logo":{"@type":"ImageObject","inLanguage":"de","@id":"https:\/\/nuevo-renacer.com\/#\/schema\/logo\/image\/","url":"https:\/\/nuevo-renacer.com\/wp-content\/uploads\/2024\/05\/cropped-LOGO-TERMINADO1-3-3.png","contentUrl":"https:\/\/nuevo-renacer.com\/wp-content\/uploads\/2024\/05\/cropped-LOGO-TERMINADO1-3-3.png","width":512,"height":512,"caption":"UFEC"},"image":{"@id":"https:\/\/nuevo-renacer.com\/#\/schema\/logo\/image\/"},"sameAs":["https:\/\/www.facebook.com\/groups\/3431398063740829"]}]}},"uagb_featured_image_src":{"full":false,"thumbnail":false,"medium":false,"medium_large":false,"large":false,"1536x1536":false,"2048x2048":false,"trp-custom-language-flag":false},"uagb_author_info":{"display_name":"adbv0","author_link":"https:\/\/nuevo-renacer.com\/de\/author\/adbv0\/"},"uagb_comment_info":0,"uagb_excerpt":"Frederica Hauffe Cerca de la ciudad de L\u00f6wenstein, en Baden-W\u00fcrttemberg, entre las monta\u00f1as cuyo punto m\u00e1s alto alcanza los 1879 pies sobre el nivel del mar, rodeada de colinas y valles, en un recodo pintoresco, se encuentra la peque\u00f1a aldea de Prevorst. Cuenta con poco m\u00e1s de 400 habitantes, que viven en su mayor parte&hellip;","jetpack_sharing_enabled":true,"_links":{"self":[{"href":"https:\/\/nuevo-renacer.com\/de\/wp-json\/wp\/v2\/pages\/8821","targetHints":{"allow":["GET"]}}],"collection":[{"href":"https:\/\/nuevo-renacer.com\/de\/wp-json\/wp\/v2\/pages"}],"about":[{"href":"https:\/\/nuevo-renacer.com\/de\/wp-json\/wp\/v2\/types\/page"}],"author":[{"embeddable":true,"href":"https:\/\/nuevo-renacer.com\/de\/wp-json\/wp\/v2\/users\/1"}],"replies":[{"embeddable":true,"href":"https:\/\/nuevo-renacer.com\/de\/wp-json\/wp\/v2\/comments?post=8821"}],"version-history":[{"count":1,"href":"https:\/\/nuevo-renacer.com\/de\/wp-json\/wp\/v2\/pages\/8821\/revisions"}],"predecessor-version":[{"id":8823,"href":"https:\/\/nuevo-renacer.com\/de\/wp-json\/wp\/v2\/pages\/8821\/revisions\/8823"}],"wp:attachment":[{"href":"https:\/\/nuevo-renacer.com\/de\/wp-json\/wp\/v2\/media?parent=8821"}],"curies":[{"name":"wp","href":"https:\/\/api.w.org\/{rel}","templated":true}]}}