{"id":8814,"date":"2026-03-23T13:39:44","date_gmt":"2026-03-23T13:39:44","guid":{"rendered":"https:\/\/nuevo-renacer.com\/?page_id=8814"},"modified":"2026-03-23T13:51:11","modified_gmt":"2026-03-23T13:51:11","slug":"maria-da-conceicao-rocha-e-silva","status":"publish","type":"page","link":"https:\/\/nuevo-renacer.com\/de\/maria-da-conceicao-rocha-e-silva\/","title":{"rendered":"Maria da Concei\u00e7\u00e3o Rocha e Silva"},"content":{"rendered":"<div class=\"wp-block-uagb-container uagb-block-296b7f74 alignfull uagb-is-root-container\"><div class=\"uagb-container-inner-blocks-wrap\">\n<p class=\"has-black-color has-text-color has-link-color has-medium-font-size wp-elements-13d58a427b3c3064340fe6bd709f5f03\"><strong>Maria da Concei\u00e7\u00e3o Rocha e Silva<\/strong><\/p>\n<\/div><\/div>\n\n\n\n<div class=\"wp-block-uagb-container uagb-block-68a41642 alignfull uagb-is-root-container\"><div class=\"uagb-container-inner-blocks-wrap\">\n<figure class=\"wp-block-image size-full is-resized\"><img fetchpriority=\"high\" decoding=\"async\" width=\"249\" height=\"360\" src=\"https:\/\/nuevo-renacer.com\/wp-content\/uploads\/2026\/03\/2.jpg\" alt=\"\" class=\"wp-image-8815\" style=\"width:316px;height:auto\" srcset=\"https:\/\/nuevo-renacer.com\/wp-content\/uploads\/2026\/03\/2.jpg 249w, https:\/\/nuevo-renacer.com\/wp-content\/uploads\/2026\/03\/2-208x300.jpg 208w, https:\/\/nuevo-renacer.com\/wp-content\/uploads\/2026\/03\/2-8x12.jpg 8w\" sizes=\"(max-width: 249px) 100vw, 249px\" \/><\/figure>\n<\/div><\/div>\n\n\n\n<div class=\"wp-block-uagb-container uagb-block-d75d4fa0 alignfull uagb-is-root-container\"><div class=\"uagb-container-inner-blocks-wrap\">\n<p class=\"has-black-color has-text-color has-link-color has-small-font-size wp-elements-912802658f3be9ef74d05bc83df7ddee\">Die neuen Generationen m\u00fcssen Maria da Concei\u00e7\u00e3o Rocha e Silva kennenlernen, liebevoll \u201eNina\u201c genannt. Sie nahm das Pseudonym Nina Arueira an, wobei letzteres der Nachname ihres Vaters war. Sie wurde am 7. Januar 1916 in Campos dos Goytacazes geboren und verstarb am 18. M\u00e4rz 1935. Journalistin, Schriftstellerin, Gewerkschaftsf\u00fchrerin und Dichterin \u2013 ihr Tod im Alter von 19 Jahren ver\u00e4nderte das Leben ihres Verlobten Cl\u00f3vis Tavares f\u00fcr immer.<\/p>\n\n\n\n<p class=\"has-black-color has-text-color has-link-color has-small-font-size wp-elements-58223512e91e3c5ccc64617d2cf1c1c4\">Mit f\u00fcnf Jahren soll sie bereits ein Buch von Victor Hugo gelesen haben. Nina diktierte kleine Gedichte, die ihr Vater aufschrieb. Sp\u00e4ter wurden sie in der Zeitung Rindo unter dem Pseudonym \u201ePrinzessin von Vera Cruz\u201c, Tochter von Lino Arueira und seiner Frau Maria Magdalena Rocha e Silva, ver\u00f6ffentlicht. Schon in der Kindheit zeigte sie sich fr\u00fchreif und hochbegabt. Ihre Gro\u00dfmutter nannte sie \u201ePequenina\u201c, ihre Verwandten einfach \u201eNina\u201c, ein Pseudonym, das sie in der Jugend annahm. Am 15. Juli 1924, im Alter von acht Jahren, wurde sie ausgew\u00e4hlt, um bei einer gro\u00dfen st\u00e4dtischen Feier den ersten Bischof der Stadt Campos dos Goytacazes, D. Henrique C\u00e9sar Fernandes Mour\u00e3o, zu empfangen. 1928, im Alter von zw\u00f6lf Jahren, verstarb ihr Vater, und Nina half fortan ihrer Mutter im kleinen Familiengesch\u00e4ft. Es war eine sehr schwierige Zeit, ein Moment gro\u00dfer Reife f\u00fcr die junge Frau, und ihre Beobachtungen \u00fcber die Gesellschaft, Arbeitsverh\u00e4ltnisse und die vorherrschende Heuchelei spiegelten sich sp\u00e4ter in ihren Texten und Gedichten wider.<\/p>\n\n\n\n<p class=\"has-black-color has-text-color has-link-color has-small-font-size wp-elements-647266fb4c58e6d76b3889e824640add\"><strong>Nina als Jugendliche<\/strong><\/p>\n\n\n\n<p class=\"has-black-color has-text-color has-link-color has-small-font-size wp-elements-98ae48d78f223a923263325574f1e31f\">Mit f\u00fcnfzehn Jahren trat Nina in das Liceu de Humanidades von Campos ein. Sie hielt Vortr\u00e4ge im Stadttheater, wo sich ihr Ruf als Artikelautorin und Kritikerin verbreitete. Sie schrieb das Manifest An die Jugend meines Landes. Wegen ihrer Ideen sah sie sich Kritik und Verfolgung durch andere Journalisten und Einwohner der Stadt ausgesetzt. Im Liceu lernte sie Cl\u00f3vis Tavares und Ad\u00e3o Pereira kennen. Zusammen gr\u00fcndeten sie eine Sch\u00fclerzeitung. Mit 16 Jahren ver\u00f6ffentlichte sie bereits Artikel zur Verteidigung der Arbeiterklasse und von Prostituierten. Mit 18 Jahren trat sie der Kommunistischen Partei bei und gr\u00fcndete die Nationale Befreier-Allianz in Campos, ein linkes B\u00fcndnis verschiedener antifaschistischer und anti-integralistischer Organisationen. Sie verlie\u00df das Liceu aus Unzufriedenheit mit der dortigen Lehrmethode.<\/p>\n\n\n\n<p class=\"has-black-color has-text-color has-link-color has-small-font-size wp-elements-d107f28d063b766f2438c9f9c5d116e0\">In den schwierigen Jahren zu Beginn der 1930er in Brasilien, und inmitten famili\u00e4rer Sorgen, trat sie zusammen mit ihren beiden Freunden aus der Sch\u00fclerzeitung der Kommunistischen Jugendunion bei. F\u00fcr die junge Frau begann eine Phase des Kampfes: m\u00fcde von schriftlichen Debatten, ging sie zu den Fabriktoren, wo sie Kundgebungen organisierte und Gewerkschaften gr\u00fcndete. In dieser Zeit begann sie auch, die Theosophische Gesellschaft zu besuchen, auf der Suche nach der Spiritualit\u00e4t, die ihr in der Arbeiterbewegung fehlte, und verliebte sich in Cl\u00f3vis Tavares, ihren st\u00e4ndigen Begleiter.<\/p>\n\n\n\n<p class=\"has-black-color has-text-color has-link-color has-small-font-size wp-elements-9c2fb02efe062c54de85f34daa54154a\">1931 ver\u00f6ffentlichte sie bereits Gedichte, die ihre Intelligenz und moralische Reife zeigten. Sie formulierte folgendes Gottesverst\u00e4ndnis: \u201eGott ist ein unendliches Meer und wir sind jeder ein Mittelmeer in den Einbuchtungen der Erde.\u201c Hoch spirituell, war Nina ihrer Zeit voraus. Sie tr\u00e4umte von einer br\u00fcderlichen Gesellschaft und vertrat liberalere Ideen f\u00fcr Frauen, indem sie die Gleichberechtigung von M\u00e4nnern und Frauen betonte. Am 1. Mai 1934, w\u00e4hrend einer gro\u00dfen Kundgebung auf dem Pra\u00e7a do Sant\u00edssimo Salvador in Campos, wurde das Paar eingeladen, vor den Arbeitern zu sprechen. W\u00e4hrend Cl\u00f3vis\u2019 Rede z\u00fcndete jemand in der Menge die Nationalflagge an, was von der anwesenden Polizei als Affront gegen die Regierung gedeutet wurde. Bei der anschlie\u00dfenden Repression wurde Cl\u00f3vis festgenommen, Nina konnte jedoch entkommen. Die Geschichte von Campos ist voller wichtiger und bemerkenswerter Frauen, die ihre Zeit gepr\u00e4gt haben.<\/p>\n\n\n\n<p class=\"has-black-color has-text-color has-link-color has-small-font-size wp-elements-ea4d0aca0acef69555c8ee2101605c53\">Ihre Freundschaft mit Virg\u00edlio de Paula war entscheidend, denn als sie an Typhus erkrankte, k\u00fcmmerte sich der geliebte \u201eOpa Virg\u00edlio\u201c, wie sie ihn nannte, bis zu ihrem Tod, der geschah, bevor sie Cl\u00f3vis Tavares heiratete und zwanzig Jahre alt wurde.<\/p>\n\n\n\n<p class=\"has-black-color has-text-color has-link-color has-small-font-size wp-elements-13d555894f2ffa76e611c7240cf9a09e\">Tief betroffen vom Tod seiner Verlobten erhielt Cl\u00f3vis Tavares die Nachricht, dass sich Ninas Geist in einer spiritistischen Gesellschaft ge\u00e4u\u00dfert hatte. Dieses Ereignis gab seinem Leben eine neue Richtung, und seitdem wurde er Anh\u00e4nger des Spiritismus. Kurz darauf, im Oktober 1935, gr\u00fcndete er die Schule Jesus Christus f\u00fcr Kinder, inspiriert von einer Schule der geistigen Ebene, die vom Geist von Nina Arueira gegr\u00fcndet worden war. Nina war die gro\u00dfe Inspirationsquelle seines Lebens und setzt im spirituellen Heimatland ihre Bildungsarbeit f\u00fcr Kinder und Jugendliche fort.<\/p>\n\n\n\n<p class=\"has-black-color has-text-color has-link-color has-small-font-size wp-elements-2a3b98213ff9ecfb63d329da45bb2c82\">Spiritistische H\u00e4user, Hilfsgruppen, Jugendorganisationen und Schulen wurden im Namen von Nina Arueira gegr\u00fcndet, zum Beispiel das CIEP Nina Arueira im Stadtteil Penha in Campos dos Goytacazes. Dank sei Gott, denn durch die Lehren des Spiritismus und Lebensbeispiele wie das von Nina und Cl\u00f3vis bereiten wir uns Tag f\u00fcr Tag auf das Leben nach dem Tod und die g\u00f6ttliche Gerechtigkeit vor.<\/p>\n\n\n\n<p class=\"has-black-color has-text-color has-link-color has-small-font-size wp-elements-b426846bc8de7f5903eab005dd2308af\">Was tat Nina, um unsterblich zu werden? Nach ihrem Tod am 18. M\u00e4rz 1935 begann ein historischer Prozess, in dem zwei Str\u00f6mungen \u2013 die Spiritisten und die Kommunisten \u2013 um ihr Andenken k\u00e4mpften und ihr mystische Z\u00fcge einer Heldin und M\u00e4rtyrerin zuschrieben. Laut Juliana Carneiro, Autorin des Buches Das Erwachen von Nina Arueira: Vom Kampf um Erinnerung zum Mythos, starb sie f\u00fcr die Kommunisten als k\u00e4mpferische Aktivistin, eine Bezugsperson, um neue Aktivisten zu mobilisieren. F\u00fcr die Spiritisten hingegen starb Nina nicht: Sie verlie\u00df lediglich die materielle Welt. Sie h\u00f6rte auf, auf der Erde zu k\u00e4mpfen, und entwickelte sich weiter, um der Menschheit aus der geistigen Ebene zu dienen. Im folgenden Jahr lernte Cl\u00f3vis Chico Xavier kennen, und diese Freundschaft war f\u00fcr sein Leben als Lehrer und Schriftsteller sehr wichtig. Unter den Medien, die Botschaften von Ninas Geist psychographierten, sticht Francisco C\u00e2ndido Xavier hervor.<\/p>\n\n\n\n<p class=\"has-black-color has-text-color has-link-color has-small-font-size wp-elements-680af58f3aa58f607846f404fcacfd04\">\u201eDie Frau, die ihre Qualit\u00e4t als Mensch erkennt; rational, sensibel, lebendig, mit den gleichen Rechten auf Leben und Freiheit. Es ist die Frau, die sich f\u00e4hig h\u00e4lt, allen K\u00e4mpfen zu begegnen\u2026\u201c (psychografische Botschaft, Nina Arueira, 29.04.1942)<\/p>\n\n\n\n<p class=\"has-black-color has-text-color has-link-color has-small-font-size wp-elements-f3a9838db461eb2c9c6dd51fc09e12c9\">Im Folgenden ein Auszug aus einem der sch\u00f6nsten Gedichte der jungen Nina Arueira:<\/p>\n\n\n\n<p class=\"has-black-color has-text-color has-link-color has-small-font-size wp-elements-3e7fc1a2f2bd419bd7091b2dab0d4791\">\u201eMein Geist vibrierte in der Stille der Materie\u2026<\/p>\n\n\n\n<p class=\"has-black-color has-text-color has-link-color has-small-font-size wp-elements-a485f95648aa42816d4debaba65b43b2\">Meine Seele erhob sich in der Schwingung des Lichts\u2026<\/p>\n\n\n\n<p class=\"has-black-color has-text-color has-link-color has-small-font-size wp-elements-831de28d138a3fc3e3716ec5e73827e0\">Ich lebte auf der Erde in der sideralen Sehnsucht,<\/p>\n\n\n\n<p class=\"has-black-color has-text-color has-link-color has-small-font-size wp-elements-bd5a8104bd21031158245e7d4456b5dc\">mit meiner Seele die Leier Jesu zu ber\u00fchren\u2026<\/p>\n\n\n\n<p class=\"has-black-color has-text-color has-link-color has-small-font-size wp-elements-6277207c9cd8b6c22e7378711a6ef370\">Vom Leben sah ich nur die tr\u00fcgerische Erscheinung,<\/p>\n\n\n\n<p class=\"has-black-color has-text-color has-link-color has-small-font-size wp-elements-d3483bdfb8c35cb0350d9ef26ed5579e\">fiktiven Reichtum, der mich nicht lockte,<\/p>\n\n\n\n<p class=\"has-black-color has-text-color has-link-color has-small-font-size wp-elements-8aa3c855117b10efc0be8330bbd2e6b9\">denn mein Herz war aus der Essenz gemacht,<\/p>\n\n\n\n<p class=\"has-black-color has-text-color has-link-color has-small-font-size wp-elements-bd89468687912eae9d90cf722e6c8fb8\">die aus dem Himmel aufsteigt und zum Himmel zur\u00fcckkehrt.<\/p>\n\n\n\n<p class=\"has-black-color has-text-color has-link-color has-small-font-size wp-elements-f2adde1db0722c8c611affc5541c6630\">Die Welt kam zu mir voller Schmeicheleien\u2026<\/p>\n\n\n\n<p class=\"has-black-color has-text-color has-link-color has-small-font-size wp-elements-a3fa546ace0b294dbee7420b7b8cbcef\">Und ich lehnte die Welt und ihren stolzen Hof ab\u2026<\/p>\n\n\n\n<p class=\"has-black-color has-text-color has-link-color has-small-font-size wp-elements-9a7bdae3040984e7d51852e48c9ea759\">Ich kannte die traurigen Ambitionen des Lebens nicht,<\/p>\n\n\n\n<p class=\"has-black-color has-text-color has-link-color has-small-font-size wp-elements-2a97d0dd6339bbf5a14ead2354fedd94\">aber die gl\u00fcckliche Ambition von dort oben\u2026\u201c<\/p>\n<\/div><\/div>\n\n\n\n<div class=\"wp-block-uagb-container uagb-block-820ff0cf alignfull uagb-is-root-container\"><div class=\"uagb-container-inner-blocks-wrap\"><\/div><\/div>\n\n\n\n<div class=\"wp-block-uagb-container uagb-block-d9cd1234 alignfull uagb-is-root-container\"><div class=\"uagb-container-inner-blocks-wrap\"><\/div><\/div>","protected":false},"excerpt":{"rendered":"<p>Maria da Concei\u00e7\u00e3o Rocha e Silva Las nuevas generaciones necesitan conocer a Maria da Concei\u00e7\u00e3o Rocha e Silva, cari\u00f1osamente llamada \u201cNina\u201d. Adopt\u00f3 el seud\u00f3nimo Nina Arueira, siendo este \u00faltimo el apellido de su padre. Naci\u00f3 en Campos dos Goytacazes el 7 de enero de 1916 y falleci\u00f3 el 18 de marzo de 1935. Periodista, escritora, [&hellip;]<\/p>","protected":false},"author":1,"featured_media":0,"parent":0,"menu_order":0,"comment_status":"closed","ping_status":"closed","template":"","meta":{"_uag_custom_page_level_css":"","site-sidebar-layout":"default","site-content-layout":"","ast-site-content-layout":"default","site-content-style":"default","site-sidebar-style":"default","ast-global-header-display":"","ast-banner-title-visibility":"","ast-main-header-display":"","ast-hfb-above-header-display":"","ast-hfb-below-header-display":"","ast-hfb-mobile-header-display":"","site-post-title":"disabled","ast-breadcrumbs-content":"","ast-featured-img":"","footer-sml-layout":"","theme-transparent-header-meta":"","adv-header-id-meta":"","stick-header-meta":"","header-above-stick-meta":"","header-main-stick-meta":"","header-below-stick-meta":"","astra-migrate-meta-layouts":"set","ast-page-background-enabled":"default","ast-page-background-meta":{"desktop":{"background-color":"var(--ast-global-color-4)","background-image":"","background-repeat":"repeat","background-position":"center center","background-size":"auto","background-attachment":"scroll","background-type":"","background-media":"","overlay-type":"","overlay-color":"","overlay-opacity":"","overlay-gradient":""},"tablet":{"background-color":"","background-image":"","background-repeat":"repeat","background-position":"center center","background-size":"auto","background-attachment":"scroll","background-type":"","background-media":"","overlay-type":"","overlay-color":"","overlay-opacity":"","overlay-gradient":""},"mobile":{"background-color":"","background-image":"","background-repeat":"repeat","background-position":"center center","background-size":"auto","background-attachment":"scroll","background-type":"","background-media":"","overlay-type":"","overlay-color":"","overlay-opacity":"","overlay-gradient":""}},"ast-content-background-meta":{"desktop":{"background-color":"var(--ast-global-color-5)","background-image":"","background-repeat":"repeat","background-position":"center center","background-size":"auto","background-attachment":"scroll","background-type":"","background-media":"","overlay-type":"","overlay-color":"","overlay-opacity":"","overlay-gradient":""},"tablet":{"background-color":"var(--ast-global-color-5)","background-image":"","background-repeat":"repeat","background-position":"center center","background-size":"auto","background-attachment":"scroll","background-type":"","background-media":"","overlay-type":"","overlay-color":"","overlay-opacity":"","overlay-gradient":""},"mobile":{"background-color":"var(--ast-global-color-5)","background-image":"","background-repeat":"repeat","background-position":"center center","background-size":"auto","background-attachment":"scroll","background-type":"","background-media":"","overlay-type":"","overlay-color":"","overlay-opacity":"","overlay-gradient":""}},"footnotes":""},"class_list":["post-8814","page","type-page","status-publish","hentry"],"yoast_head":"<!-- This site is optimized with the Yoast SEO Premium plugin v24.2 (Yoast SEO v24.6) - https:\/\/yoast.com\/wordpress\/plugins\/seo\/ -->\n<title>Maria da Concei\u00e7\u00e3o Rocha e Silva - Uni\u00f3n Esp\u00edrita<\/title>\n<meta name=\"robots\" content=\"index, follow, max-snippet:-1, max-image-preview:large, max-video-preview:-1\" \/>\n<link rel=\"canonical\" href=\"https:\/\/nuevo-renacer.com\/de\/maria-da-conceicao-rocha-e-silva\/\" \/>\n<meta property=\"og:locale\" content=\"de_DE\" \/>\n<meta property=\"og:type\" content=\"article\" \/>\n<meta property=\"og:title\" content=\"Maria da Concei\u00e7\u00e3o Rocha e Silva\" \/>\n<meta property=\"og:description\" content=\"Maria da Concei\u00e7\u00e3o Rocha e Silva Las nuevas generaciones necesitan conocer a Maria da Concei\u00e7\u00e3o Rocha e Silva, cari\u00f1osamente llamada \u201cNina\u201d. Adopt\u00f3 el seud\u00f3nimo Nina Arueira, siendo este \u00faltimo el apellido de su padre. Naci\u00f3 en Campos dos Goytacazes el 7 de enero de 1916 y falleci\u00f3 el 18 de marzo de 1935. Periodista, escritora, [&hellip;]\" \/>\n<meta property=\"og:url\" content=\"https:\/\/nuevo-renacer.com\/de\/maria-da-conceicao-rocha-e-silva\/\" \/>\n<meta property=\"og:site_name\" content=\"Uni\u00f3n Esp\u00edrita\" \/>\n<meta property=\"article:publisher\" content=\"https:\/\/www.facebook.com\/groups\/3431398063740829\" \/>\n<meta property=\"article:modified_time\" content=\"2026-03-23T13:51:11+00:00\" \/>\n<meta property=\"og:image\" content=\"https:\/\/nuevo-renacer.com\/wp-content\/uploads\/2026\/03\/2.jpg\" \/>\n\t<meta property=\"og:image:width\" content=\"249\" \/>\n\t<meta property=\"og:image:height\" content=\"360\" \/>\n\t<meta property=\"og:image:type\" content=\"image\/jpeg\" \/>\n<meta name=\"twitter:card\" content=\"summary_large_image\" \/>\n<meta name=\"twitter:label1\" content=\"Gesch\u00e4tzte Lesezeit\" \/>\n\t<meta name=\"twitter:data1\" content=\"7\u00a0Minuten\" \/>\n<script type=\"application\/ld+json\" class=\"yoast-schema-graph\">{\"@context\":\"https:\/\/schema.org\",\"@graph\":[{\"@type\":\"WebPage\",\"@id\":\"https:\/\/nuevo-renacer.com\/maria-da-conceicao-rocha-e-silva\/\",\"url\":\"https:\/\/nuevo-renacer.com\/maria-da-conceicao-rocha-e-silva\/\",\"name\":\"Maria da Concei\u00e7\u00e3o Rocha e Silva - Uni\u00f3n Esp\u00edrita\",\"isPartOf\":{\"@id\":\"https:\/\/nuevo-renacer.com\/#website\"},\"primaryImageOfPage\":{\"@id\":\"https:\/\/nuevo-renacer.com\/maria-da-conceicao-rocha-e-silva\/#primaryimage\"},\"image\":{\"@id\":\"https:\/\/nuevo-renacer.com\/maria-da-conceicao-rocha-e-silva\/#primaryimage\"},\"thumbnailUrl\":\"https:\/\/nuevo-renacer.com\/wp-content\/uploads\/2026\/03\/2.jpg\",\"datePublished\":\"2026-03-23T13:39:44+00:00\",\"dateModified\":\"2026-03-23T13:51:11+00:00\",\"breadcrumb\":{\"@id\":\"https:\/\/nuevo-renacer.com\/maria-da-conceicao-rocha-e-silva\/#breadcrumb\"},\"inLanguage\":\"de\",\"potentialAction\":[{\"@type\":\"ReadAction\",\"target\":[\"https:\/\/nuevo-renacer.com\/maria-da-conceicao-rocha-e-silva\/\"]}]},{\"@type\":\"ImageObject\",\"inLanguage\":\"de\",\"@id\":\"https:\/\/nuevo-renacer.com\/maria-da-conceicao-rocha-e-silva\/#primaryimage\",\"url\":\"https:\/\/nuevo-renacer.com\/wp-content\/uploads\/2026\/03\/2.jpg\",\"contentUrl\":\"https:\/\/nuevo-renacer.com\/wp-content\/uploads\/2026\/03\/2.jpg\"},{\"@type\":\"BreadcrumbList\",\"@id\":\"https:\/\/nuevo-renacer.com\/maria-da-conceicao-rocha-e-silva\/#breadcrumb\",\"itemListElement\":[{\"@type\":\"ListItem\",\"position\":1,\"name\":\"Startseite\",\"item\":\"https:\/\/nuevo-renacer.com\/\"},{\"@type\":\"ListItem\",\"position\":2,\"name\":\"Maria da Concei\u00e7\u00e3o Rocha e Silva\"}]},{\"@type\":\"WebSite\",\"@id\":\"https:\/\/nuevo-renacer.com\/#website\",\"url\":\"https:\/\/nuevo-renacer.com\/\",\"name\":\"Uni\u00f3n Esp\u00edrita\",\"description\":\"Nuevo Renacer\",\"publisher\":{\"@id\":\"https:\/\/nuevo-renacer.com\/#organization\"},\"potentialAction\":[{\"@type\":\"SearchAction\",\"target\":{\"@type\":\"EntryPoint\",\"urlTemplate\":\"https:\/\/nuevo-renacer.com\/?s={search_term_string}\"},\"query-input\":{\"@type\":\"PropertyValueSpecification\",\"valueRequired\":true,\"valueName\":\"search_term_string\"}}],\"inLanguage\":\"de\"},{\"@type\":\"Organization\",\"@id\":\"https:\/\/nuevo-renacer.com\/#organization\",\"name\":\"UFEC\",\"url\":\"https:\/\/nuevo-renacer.com\/\",\"logo\":{\"@type\":\"ImageObject\",\"inLanguage\":\"de\",\"@id\":\"https:\/\/nuevo-renacer.com\/#\/schema\/logo\/image\/\",\"url\":\"https:\/\/nuevo-renacer.com\/wp-content\/uploads\/2024\/05\/cropped-LOGO-TERMINADO1-3-3.png\",\"contentUrl\":\"https:\/\/nuevo-renacer.com\/wp-content\/uploads\/2024\/05\/cropped-LOGO-TERMINADO1-3-3.png\",\"width\":512,\"height\":512,\"caption\":\"UFEC\"},\"image\":{\"@id\":\"https:\/\/nuevo-renacer.com\/#\/schema\/logo\/image\/\"},\"sameAs\":[\"https:\/\/www.facebook.com\/groups\/3431398063740829\"]}]}<\/script>\n<!-- \/ Yoast SEO Premium plugin. -->","yoast_head_json":{"title":"Maria da Concei\u00e7\u00e3o Rocha e Silva - Uni\u00f3n Esp\u00edrita","robots":{"index":"index","follow":"follow","max-snippet":"max-snippet:-1","max-image-preview":"max-image-preview:large","max-video-preview":"max-video-preview:-1"},"canonical":"https:\/\/nuevo-renacer.com\/de\/maria-da-conceicao-rocha-e-silva\/","og_locale":"de_DE","og_type":"article","og_title":"Maria da Concei\u00e7\u00e3o Rocha e Silva","og_description":"Maria da Concei\u00e7\u00e3o Rocha e Silva Las nuevas generaciones necesitan conocer a Maria da Concei\u00e7\u00e3o Rocha e Silva, cari\u00f1osamente llamada \u201cNina\u201d. Adopt\u00f3 el seud\u00f3nimo Nina Arueira, siendo este \u00faltimo el apellido de su padre. Naci\u00f3 en Campos dos Goytacazes el 7 de enero de 1916 y falleci\u00f3 el 18 de marzo de 1935. Periodista, escritora, [&hellip;]","og_url":"https:\/\/nuevo-renacer.com\/de\/maria-da-conceicao-rocha-e-silva\/","og_site_name":"Uni\u00f3n Esp\u00edrita","article_publisher":"https:\/\/www.facebook.com\/groups\/3431398063740829","article_modified_time":"2026-03-23T13:51:11+00:00","og_image":[{"width":249,"height":360,"url":"https:\/\/nuevo-renacer.com\/wp-content\/uploads\/2026\/03\/2.jpg","type":"image\/jpeg"}],"twitter_card":"summary_large_image","twitter_misc":{"Gesch\u00e4tzte Lesezeit":"7\u00a0Minuten"},"schema":{"@context":"https:\/\/schema.org","@graph":[{"@type":"WebPage","@id":"https:\/\/nuevo-renacer.com\/maria-da-conceicao-rocha-e-silva\/","url":"https:\/\/nuevo-renacer.com\/maria-da-conceicao-rocha-e-silva\/","name":"Maria da Concei\u00e7\u00e3o Rocha e Silva - Uni\u00f3n Esp\u00edrita","isPartOf":{"@id":"https:\/\/nuevo-renacer.com\/#website"},"primaryImageOfPage":{"@id":"https:\/\/nuevo-renacer.com\/maria-da-conceicao-rocha-e-silva\/#primaryimage"},"image":{"@id":"https:\/\/nuevo-renacer.com\/maria-da-conceicao-rocha-e-silva\/#primaryimage"},"thumbnailUrl":"https:\/\/nuevo-renacer.com\/wp-content\/uploads\/2026\/03\/2.jpg","datePublished":"2026-03-23T13:39:44+00:00","dateModified":"2026-03-23T13:51:11+00:00","breadcrumb":{"@id":"https:\/\/nuevo-renacer.com\/maria-da-conceicao-rocha-e-silva\/#breadcrumb"},"inLanguage":"de","potentialAction":[{"@type":"ReadAction","target":["https:\/\/nuevo-renacer.com\/maria-da-conceicao-rocha-e-silva\/"]}]},{"@type":"ImageObject","inLanguage":"de","@id":"https:\/\/nuevo-renacer.com\/maria-da-conceicao-rocha-e-silva\/#primaryimage","url":"https:\/\/nuevo-renacer.com\/wp-content\/uploads\/2026\/03\/2.jpg","contentUrl":"https:\/\/nuevo-renacer.com\/wp-content\/uploads\/2026\/03\/2.jpg"},{"@type":"BreadcrumbList","@id":"https:\/\/nuevo-renacer.com\/maria-da-conceicao-rocha-e-silva\/#breadcrumb","itemListElement":[{"@type":"ListItem","position":1,"name":"Startseite","item":"https:\/\/nuevo-renacer.com\/"},{"@type":"ListItem","position":2,"name":"Maria da Concei\u00e7\u00e3o Rocha e Silva"}]},{"@type":"WebSite","@id":"https:\/\/nuevo-renacer.com\/#website","url":"https:\/\/nuevo-renacer.com\/","name":"Uni\u00f3n Esp\u00edrita","description":"Nuevo Renacer","publisher":{"@id":"https:\/\/nuevo-renacer.com\/#organization"},"potentialAction":[{"@type":"SearchAction","target":{"@type":"EntryPoint","urlTemplate":"https:\/\/nuevo-renacer.com\/?s={search_term_string}"},"query-input":{"@type":"PropertyValueSpecification","valueRequired":true,"valueName":"search_term_string"}}],"inLanguage":"de"},{"@type":"Organization","@id":"https:\/\/nuevo-renacer.com\/#organization","name":"UFEC","url":"https:\/\/nuevo-renacer.com\/","logo":{"@type":"ImageObject","inLanguage":"de","@id":"https:\/\/nuevo-renacer.com\/#\/schema\/logo\/image\/","url":"https:\/\/nuevo-renacer.com\/wp-content\/uploads\/2024\/05\/cropped-LOGO-TERMINADO1-3-3.png","contentUrl":"https:\/\/nuevo-renacer.com\/wp-content\/uploads\/2024\/05\/cropped-LOGO-TERMINADO1-3-3.png","width":512,"height":512,"caption":"UFEC"},"image":{"@id":"https:\/\/nuevo-renacer.com\/#\/schema\/logo\/image\/"},"sameAs":["https:\/\/www.facebook.com\/groups\/3431398063740829"]}]}},"uagb_featured_image_src":{"full":false,"thumbnail":false,"medium":false,"medium_large":false,"large":false,"1536x1536":false,"2048x2048":false,"trp-custom-language-flag":false},"uagb_author_info":{"display_name":"adbv0","author_link":"https:\/\/nuevo-renacer.com\/de\/author\/adbv0\/"},"uagb_comment_info":0,"uagb_excerpt":"Maria da Concei\u00e7\u00e3o Rocha e Silva Las nuevas generaciones necesitan conocer a Maria da Concei\u00e7\u00e3o Rocha e Silva, cari\u00f1osamente llamada \u201cNina\u201d. Adopt\u00f3 el seud\u00f3nimo Nina Arueira, siendo este \u00faltimo el apellido de su padre. Naci\u00f3 en Campos dos Goytacazes el 7 de enero de 1916 y falleci\u00f3 el 18 de marzo de 1935. Periodista, escritora,&hellip;","jetpack_sharing_enabled":true,"_links":{"self":[{"href":"https:\/\/nuevo-renacer.com\/de\/wp-json\/wp\/v2\/pages\/8814","targetHints":{"allow":["GET"]}}],"collection":[{"href":"https:\/\/nuevo-renacer.com\/de\/wp-json\/wp\/v2\/pages"}],"about":[{"href":"https:\/\/nuevo-renacer.com\/de\/wp-json\/wp\/v2\/types\/page"}],"author":[{"embeddable":true,"href":"https:\/\/nuevo-renacer.com\/de\/wp-json\/wp\/v2\/users\/1"}],"replies":[{"embeddable":true,"href":"https:\/\/nuevo-renacer.com\/de\/wp-json\/wp\/v2\/comments?post=8814"}],"version-history":[{"count":3,"href":"https:\/\/nuevo-renacer.com\/de\/wp-json\/wp\/v2\/pages\/8814\/revisions"}],"predecessor-version":[{"id":8820,"href":"https:\/\/nuevo-renacer.com\/de\/wp-json\/wp\/v2\/pages\/8814\/revisions\/8820"}],"wp:attachment":[{"href":"https:\/\/nuevo-renacer.com\/de\/wp-json\/wp\/v2\/media?parent=8814"}],"curies":[{"name":"wp","href":"https:\/\/api.w.org\/{rel}","templated":true}]}}