{"id":8639,"date":"2025-11-14T12:58:20","date_gmt":"2025-11-14T12:58:20","guid":{"rendered":"https:\/\/nuevo-renacer.com\/?page_id=8639"},"modified":"2025-11-14T12:58:24","modified_gmt":"2025-11-14T12:58:24","slug":"hermanas-fox","status":"publish","type":"page","link":"https:\/\/nuevo-renacer.com\/de\/hermanas-fox\/","title":{"rendered":"Fox-Schwestern"},"content":{"rendered":"<div class=\"wp-block-uagb-container uagb-block-4d3e3870 alignfull uagb-is-root-container\"><div class=\"uagb-container-inner-blocks-wrap\">\n<p class=\"has-black-color has-text-color has-link-color has-medium-font-size wp-elements-7de634c842186b4c8baf26d5de142518\"><strong>Fox-Schwestern<\/strong><\/p>\n<\/div><\/div>\n\n\n\n<div class=\"wp-block-uagb-container uagb-block-204025d1 alignfull uagb-is-root-container\"><div class=\"uagb-container-inner-blocks-wrap\">\n<figure class=\"wp-block-image size-full\"><img fetchpriority=\"high\" decoding=\"async\" width=\"780\" height=\"350\" src=\"https:\/\/nuevo-renacer.com\/wp-content\/uploads\/2025\/11\/hydesville-house.jpg\" alt=\"\" class=\"wp-image-8641\" srcset=\"https:\/\/nuevo-renacer.com\/wp-content\/uploads\/2025\/11\/hydesville-house.jpg 780w, https:\/\/nuevo-renacer.com\/wp-content\/uploads\/2025\/11\/hydesville-house-300x135.jpg 300w, https:\/\/nuevo-renacer.com\/wp-content\/uploads\/2025\/11\/hydesville-house-768x345.jpg 768w, https:\/\/nuevo-renacer.com\/wp-content\/uploads\/2025\/11\/hydesville-house-18x8.jpg 18w\" sizes=\"(max-width: 780px) 100vw, 780px\" \/><\/figure>\n<\/div><\/div>\n\n\n\n<div class=\"wp-block-uagb-container uagb-block-c387d495 alignfull uagb-is-root-container\"><div class=\"uagb-container-inner-blocks-wrap\">\n<p class=\"has-black-color has-text-color has-link-color has-small-font-size wp-elements-a8c63397ae435ad1b369f86daf9bc5f1\">Im M\u00e4rz 1848 ereigneten sich in der kleinen Ortschaft Hydesville in den Vereinigten Staaten von Amerika die ersten spiritistischen Ph\u00e4nomene der Neuzeit, die den Auftakt zum Aufkommen der Spiritistischen Lehre bildeten, die mit der Kodifizierung durch Kardec vollendet wurde. Am 11. Dezember 1847 lie\u00df sich die Familie Fox in einem bescheidenen Haus in Hydesville im Bundesstaat New York nieder, etwa 30 km von der Stadt Rochester entfernt. Die Gruppe bestand aus dem Familienoberhaupt John Fox, seiner Frau Margareth Fox und zwei T\u00f6chtern, Kate und Margareth, die damals Teenager waren. Das Ehepaar hatte noch weitere Kinder. Unter diesen ist insbesondere Leah zu erw\u00e4hnen, die in Rochester lebte, wo sie Musik unterrichtete. Leah schrieb 1885 ein Buch mit dem Titel The Missing Link, in dem sie auf die paranormalen F\u00e4higkeiten ihrer fr\u00fcheren Verwandten Bezug nimmt.<\/p>\n\n\n\n<p class=\"has-black-color has-text-color has-link-color has-small-font-size wp-elements-1d9956d7c6b37a1904fb8a50cfd8543d\">Anfangs hatten die Foxes keine Probleme in ihrem neuen Zuhause. Einige Zeit sp\u00e4ter jedoch, genauer gesagt in den ersten beiden Monaten des Jahres 1848, traten dieselben ungew\u00f6hnlichen Ger\u00e4usche, die schon die fr\u00fcheren Bewohner gest\u00f6rt hatten, erneut auf. Einige Zeit nach dem Umzug h\u00f6rten die Bewohner Kratzger\u00e4usche, ungew\u00f6hnliche Ger\u00e4usche und Schl\u00e4ge, die vom Deckenbalken, vom Fu\u00dfboden, von den W\u00e4nden und von den M\u00f6beln ausgingen und f\u00fcr die bescheidene Familie zu einer echten Belastung wurden.<\/p>\n\n\n\n<p class=\"has-black-color has-text-color has-link-color has-small-font-size wp-elements-f66bb86dddeba4ef29fa391498fcfb71\">Ab Mitte M\u00e4rz 1848 nahmen diese Ger\u00e4usche an Intensit\u00e4t zu. Deutlichere Schl\u00e4ge und Ger\u00e4usche, die dem Schleifen von M\u00f6beln \u00e4hnelten, waren zu h\u00f6ren, was die M\u00e4dchen so erschreckte, dass sie sich weigerten, allein in ihrem Zimmer zu schlafen, und lieber im Zimmer ihrer Eltern schlafen wollten. Zun\u00e4chst standen die Bewohner des Hauses, die an einen m\u00f6glichen \u00fcbernat\u00fcrlichen Ursprung der Ger\u00e4usche nicht glaubten, auf und versuchten, die nat\u00fcrliche Ursache des Ph\u00e4nomens zu finden. Lucretia Pulver, eine junge Frau, die als Gesellschafterin des Ehepaars Bell gedient hatte, als dieses bis 1846 in dem genannten Haus wohnte, erz\u00e4hlte eine kuriose Geschichte \u00fcber einen Hausierer, der bei den Bells zu Gast gewesen war. In einer Nacht, in der der Verk\u00e4ufer bei dem Ehepaar \u00fcbernachtete, wurde Lucretia zu ihren Eltern geschickt, um dort zu schlafen. Drei Tage sp\u00e4ter suchten sie erneut nach ihr.<\/p>\n\n\n\n<p class=\"has-black-color has-text-color has-link-color has-small-font-size wp-elements-cb494511dafb1e2282d296c3275b6ddb\">Da erz\u00e4hlten sie ihr, dass der Hausierer weggegangen sei. Sie sah diesen Mann nie wieder. Frau Ann Pulver, die mit der Familie Bell befreundet war, berichtet, dass sie 1844, als sie Frau Bell besuchte, um mit ihr zu stricken, eine Beschwerde h\u00f6rte. Die Dame sagte ihr, dass sie sich sehr unwohl f\u00fchle und nachts kaum schlafen k\u00f6nne. Als sie nach dem Grund fragte, erkl\u00e4rte Frau Bell, dass es sich um unerkl\u00e4rliche Ger\u00e4usche handele; sie habe jemanden geh\u00f6rt, der von einem Zimmer zum anderen gelaufen sei; daraufhin habe sie ihren Mann geweckt und ihn gebeten, aufzustehen und die Fenster zu verschlie\u00dfen. Zun\u00e4chst erkl\u00e4rte sie Frau Pulver, dass es sich m\u00f6glicherweise um M\u00e4use handelte. Sp\u00e4ter gestand sie, dass sie den Grund f\u00fcr diese Ger\u00e4usche, die f\u00fcr sie unerkl\u00e4rlich waren, nicht kannte. Die Bells zogen schlie\u00dflich um.<\/p>\n\n\n\n<p class=\"has-black-color has-text-color has-link-color has-small-font-size wp-elements-4e31c6a16c7705fd4816efeb498c1db4\">In der Nacht des 31. M\u00e4rz 1848 wurde eine M\u00f6glichkeit entdeckt, mit dem geistigen Wesen, das die Ph\u00e4nomene hervorrief, in Kontakt zu treten. Die j\u00fcngste Tochter des Paares, Kate, sagte unter Klatschen: Herr P\u00e9 Rachado, machen Sie es mir nach. Sofort wiederholte sich das Klatschen. Als sie aufh\u00f6rte, verstummte auch das Ger\u00e4usch. Auf diese Reaktion hin sagte Margareth scherzhaft: \u201eJetzt mach genau das Gleiche wie ich. Z\u00e4hle eins, zwei, drei, vier\u201c, und klatschte. Was sie verlangt hatte, wurde mit unglaublicher Pr\u00e4zision wiederholt. Kate kam ihr zuvor und sagte mit kindlicher Einfachheit: \u201eOh, Mama! Ich wei\u00df schon, was es ist.\u201c Morgen ist der erste April, und jemand will uns einen Streich spielen.\u201c Die Mutter erz\u00e4hlte sp\u00e4ter: \u201eDa dachte ich mir, ich mache einen Test, den niemand beantworten kann. Ich bat darum, nacheinander das Alter meiner Kinder anzugeben. Sofort wurde das genaue Alter jedes einzelnen genannt, mit einer Pause zwischen jedem Namen, bis zum siebten, woraufhin eine l\u00e4ngere Pause folgte und drei lautere Schl\u00e4ge, die dem Alter des j\u00fcngsten Kindes entsprachen, das verstorben war. Dann fragte ich: \u201eIst es ein Mensch, der mir so korrekt antwortet?\u201c Es gab keine Antwort.<\/p>\n\n\n\n<p class=\"has-black-color has-text-color has-link-color has-small-font-size wp-elements-2713a459a40136eddcf804d103482066\">Ich fragte: Ist es ein Geist? Wenn ja, klopfen Sie zweimal. Sobald ich die Frage gestellt hatte, waren zwei Schl\u00e4ge zu h\u00f6ren. Dann sagte ich: Wenn es ein ermordeter Geist ist, klopfen Sie zweimal. Diese Schl\u00e4ge ert\u00f6nten sofort und lie\u00dfen das Haus erzittern. Ich fragte: Wurden Sie in diesem Haus ermordet? Die Antwort war wie zuvor. Lebt die Person, die Sie ermordet hat, noch? Die Antwort war identisch, zwei Schl\u00e4ge. Mit derselben Methode stellte ich fest, dass es ein Mann war, der ihn in diesem Haus ermordet hatte, und dass seine Leiche im Keller begraben war; dass die Familie aus seiner Frau und f\u00fcnf Kindern bestand, zwei Jungen und drei M\u00e4dchen, die alle zum Zeitpunkt seines Todes noch lebten, aber dass seine Frau sp\u00e4ter gestorben war. Dann fragte ich: Wirst du weiter klopfen, wenn wir die Nachbarn rufen, damit sie auch zuh\u00f6ren k\u00f6nnen? Die bejahende Antwort war laut.<\/p>\n\n\n\n<p class=\"has-black-color has-text-color has-link-color has-small-font-size wp-elements-aa21a6c71ec798644f4e4958e5d66fbd\">Alle waren von den Ereignissen ersch\u00fcttert. Innerhalb einer Woche wurde Frau Fox grau. Und da alles darauf hindeutete, dass die Ph\u00e4nomene mit den beiden M\u00e4dchen Margareth und Kate zusammenhingen, wurden sie aus dem Haus entfernt. Aber im Haus ihres Bruders David Fox, wohin Margareth ging, und im Haus ihrer Schwester Leah, wo Kate untergebracht war, waren die gleichen Ger\u00e4usche zu h\u00f6ren. Leah, die \u00e4ltere Schwester, musste ihren Musikunterricht unterbrechen, da auch sie nun zu einer Vermittlerin der Ph\u00e4nomene geworden war. Es stellte sich heraus, dass der kommunizierende Geist ein ehemaliger Stra\u00dfenverk\u00e4ufer namens Charles Rosma war, der auf diese Weise versuchte, seine Anwesenheit zu offenbaren und mit den Menschen im Haus in Kontakt zu treten. Der Mann mit diesem Namen war Jahre zuvor im Haus von Hydesville ermordet worden. Der Ermordete gab zu verstehen, dass er f\u00fcnf Jahre zuvor mit einem Fleischermesser get\u00f6tet worden war, dass seine Leiche in den Keller gebracht worden war und dass er erst in der folgenden Nacht begraben worden war; er war durch die Speisekammer gegangen, die Treppe hinuntergestiegen und etwa drei Meter unter der Erde begraben worden.<\/p>\n\n\n\n<p class=\"has-black-color has-text-color has-link-color has-small-font-size wp-elements-2f9fda7c33c88b66a517fb777e5c1a8a\">Er f\u00fcgte hinzu, dass das Motiv f\u00fcr das Verbrechen das Geld gewesen sei, das er bei sich hatte, etwa f\u00fcnfhundert Dollar. Diejenigen, die am meisten daran interessiert waren, den Fall aufzukl\u00e4ren, beschlossen, den Keller auszuheben, um die \u00dcberreste des mutma\u00dflich Ermordeten zu finden. Es sei darauf hingewiesen, dass sie die Identit\u00e4t und die Geschichte des Geistes durch eine alphabetische Kombination ermittelt hatten, bei der jeder Buchstabe durch eine bestimmte Anzahl von Schl\u00e4gen angegeben wurde. Charles Rosma war Hausierer gewesen und 31 Jahre alt, als er in diesem Haus ermordet wurde. Der M\u00f6rder war ein ehemaliger Mieter. Es konnte nur Mr. Bell gewesen sein. Aber wo war der Beweis f\u00fcr die Tat, die Leiche des Opfers? Die L\u00f6sung bestand darin, im Keller danach zu suchen, wo sie begraben sein musste. Die Ausgrabungen f\u00fchrten jedoch zu keinem endg\u00fcltigen Ergebnis, da sie ins Leere liefen, ohne dass irgendwelche Hinweise gefunden wurden. Aus diesem Grund wurden sie eingestellt.<\/p>\n\n\n\n<p class=\"has-black-color has-text-color has-link-color has-small-font-size wp-elements-402d4fcc49ecffe414f1c66be96ca6dd\">Im Sommer 1848 nahm David Fox selbst mit Hilfe einiger Interessierter das Vorhaben wieder auf. In einer Tiefe von anderthalb Metern fanden sie ein Brett. Als sie das Loch tiefer gruben, fanden sie Kohle, Kalk, Haare und einige Knochenfragmente, die von einem Arzt als Teile eines menschlichen Skeletts identifiziert wurden; sonst nichts. Die Beweise f\u00fcr das Verbrechen waren d\u00fcrftig und unzureichend, was vielleicht der Grund daf\u00fcr war, dass Herr Bell nicht angezeigt wurde. Am 23. November 1904 berichtete die Zeitung Boston Journal \u00fcber die Entdeckung des Skeletts eines Mannes mit allen Habseligkeiten eines Hausierers in der alten H\u00fctte der Foxes. Sch\u00fcler einer Schule spielten im Keller des Hauses, in dem die Foxes gewohnt hatten, das damals verlassen war, da es als heimgesucht galt. Inmitten der Tr\u00fcmmer einer Wand \u2013 vielleicht einer Scheinwand \u2013, die im Keller gestanden hatte, fanden die Jungen Teile eines menschlichen Skeletts. Neben dem Skelett wurde eine Dose gefunden, wie sie gew\u00f6hnlich von Hausierern verwendet wurde. Diese Dose befindet sich heute in Lilydale, dem Hauptsitz der amerikanischen Spiritisten, wohin das alte Haus von Hydesville transportiert wurde. Wie der Leser sehen kann, wurde 56 Jahre nach den Ph\u00e4nomenen von Hydesville, am 22. November 1904, die Geschichte von Charles Rosma best\u00e4tigt, die er 1848 der Familie von Kate und Margareth Fox erz\u00e4hlt hatte.<\/p>\n\n\n\n<p class=\"has-black-color has-text-color has-link-color has-small-font-size wp-elements-a6effc6759b68c4fc04309239871e276\">Als die Familie von John Fox nach Rochester umzog, stie\u00df sie auf das erste Hindernis: Der Pastor der methodistischen Kirche, der sie angeh\u00f6rten, forderte die M\u00e4dchen unter Androhung des Ausschlusses auf, solche Praktiken abzuschw\u00f6ren. Diese Aufforderung wurde von den Fox-Schwestern abgelehnt, weshalb sie aus dieser Religionsgemeinschaft ausgeschlossen wurden. In Rochester mussten sich die M\u00e4dchen drei \u00f6ffentlichen Untersuchungen in der Corinthian Hall unterziehen und litten unter den H\u00e4nden der Ermittler. Im Laufe der Untersuchungen wurden sie entkleidet und beim Anziehen wurden ihre Kleider festgebunden und eng an ihren K\u00f6rpern festgezogen, w\u00e4hrend sie auf einem isolierten Boden standen, neben anderen Vorsichtsma\u00dfnahmen, um die M\u00f6glichkeit von Betrug zu vermeiden. Am Ende erkl\u00e4rten die verschiedenen Kommissionen, die zu diesem Zweck gebildet worden waren, dass sie deutliche Schl\u00e4ge an den W\u00e4nden, auf dem Boden und an anderen Gegenst\u00e4nden geh\u00f6rt h\u00e4tten, w\u00e4hrend die Schwestern gefesselt waren. Und dass ihre Fragen, von denen einige mental gestellt worden waren, korrekt beantwortet worden seien.<\/p>\n<\/div><\/div>\n\n\n\n<div class=\"wp-block-uagb-container uagb-block-180ac2bb alignfull uagb-is-root-container\"><div class=\"uagb-container-inner-blocks-wrap\"><\/div><\/div>\n\n\n\n<div class=\"wp-block-uagb-container uagb-block-29430fb8 alignfull uagb-is-root-container\"><div class=\"uagb-container-inner-blocks-wrap\"><\/div><\/div>","protected":false},"excerpt":{"rendered":"<p>Hermanas Fox En marzo de 1848, en el peque\u00f1o pueblo de Hydesville, en los Estados Unidos de Am\u00e9rica del Norte, tuvieron lugar los primeros fen\u00f3menos espiritistas de la era moderna, lo que supuso el preludio del advenimiento de la Doctrina Esp\u00edrita, consumada con la Codificaci\u00f3n de Allan Kardec. El 11 de diciembre de 1847, la [&hellip;]<\/p>","protected":false},"author":1,"featured_media":0,"parent":0,"menu_order":0,"comment_status":"closed","ping_status":"closed","template":"","meta":{"_uag_custom_page_level_css":"","site-sidebar-layout":"default","site-content-layout":"","ast-site-content-layout":"default","site-content-style":"default","site-sidebar-style":"default","ast-global-header-display":"","ast-banner-title-visibility":"","ast-main-header-display":"","ast-hfb-above-header-display":"","ast-hfb-below-header-display":"","ast-hfb-mobile-header-display":"","site-post-title":"disabled","ast-breadcrumbs-content":"","ast-featured-img":"","footer-sml-layout":"","theme-transparent-header-meta":"","adv-header-id-meta":"","stick-header-meta":"","header-above-stick-meta":"","header-main-stick-meta":"","header-below-stick-meta":"","astra-migrate-meta-layouts":"set","ast-page-background-enabled":"default","ast-page-background-meta":{"desktop":{"background-color":"var(--ast-global-color-4)","background-image":"","background-repeat":"repeat","background-position":"center center","background-size":"auto","background-attachment":"scroll","background-type":"","background-media":"","overlay-type":"","overlay-color":"","overlay-opacity":"","overlay-gradient":""},"tablet":{"background-color":"","background-image":"","background-repeat":"repeat","background-position":"center center","background-size":"auto","background-attachment":"scroll","background-type":"","background-media":"","overlay-type":"","overlay-color":"","overlay-opacity":"","overlay-gradient":""},"mobile":{"background-color":"","background-image":"","background-repeat":"repeat","background-position":"center center","background-size":"auto","background-attachment":"scroll","background-type":"","background-media":"","overlay-type":"","overlay-color":"","overlay-opacity":"","overlay-gradient":""}},"ast-content-background-meta":{"desktop":{"background-color":"var(--ast-global-color-5)","background-image":"","background-repeat":"repeat","background-position":"center center","background-size":"auto","background-attachment":"scroll","background-type":"","background-media":"","overlay-type":"","overlay-color":"","overlay-opacity":"","overlay-gradient":""},"tablet":{"background-color":"var(--ast-global-color-5)","background-image":"","background-repeat":"repeat","background-position":"center center","background-size":"auto","background-attachment":"scroll","background-type":"","background-media":"","overlay-type":"","overlay-color":"","overlay-opacity":"","overlay-gradient":""},"mobile":{"background-color":"var(--ast-global-color-5)","background-image":"","background-repeat":"repeat","background-position":"center center","background-size":"auto","background-attachment":"scroll","background-type":"","background-media":"","overlay-type":"","overlay-color":"","overlay-opacity":"","overlay-gradient":""}},"footnotes":""},"class_list":["post-8639","page","type-page","status-publish","hentry"],"yoast_head":"<!-- This site is optimized with the Yoast SEO Premium plugin v24.2 (Yoast SEO v24.6) - https:\/\/yoast.com\/wordpress\/plugins\/seo\/ -->\n<title>Hermanas Fox - Uni\u00f3n Esp\u00edrita<\/title>\n<meta name=\"robots\" content=\"index, follow, max-snippet:-1, max-image-preview:large, max-video-preview:-1\" \/>\n<link rel=\"canonical\" href=\"https:\/\/nuevo-renacer.com\/de\/hermanas-fox\/\" \/>\n<meta property=\"og:locale\" content=\"de_DE\" \/>\n<meta property=\"og:type\" content=\"article\" \/>\n<meta property=\"og:title\" content=\"Hermanas Fox\" \/>\n<meta property=\"og:description\" content=\"Hermanas Fox En marzo de 1848, en el peque\u00f1o pueblo de Hydesville, en los Estados Unidos de Am\u00e9rica del Norte, tuvieron lugar los primeros fen\u00f3menos espiritistas de la era moderna, lo que supuso el preludio del advenimiento de la Doctrina Esp\u00edrita, consumada con la Codificaci\u00f3n de Allan Kardec. El 11 de diciembre de 1847, la [&hellip;]\" \/>\n<meta property=\"og:url\" content=\"https:\/\/nuevo-renacer.com\/de\/hermanas-fox\/\" \/>\n<meta property=\"og:site_name\" content=\"Uni\u00f3n Esp\u00edrita\" \/>\n<meta property=\"article:publisher\" content=\"https:\/\/www.facebook.com\/groups\/3431398063740829\" \/>\n<meta property=\"article:modified_time\" content=\"2025-11-14T12:58:24+00:00\" \/>\n<meta property=\"og:image\" content=\"https:\/\/nuevo-renacer.com\/wp-content\/uploads\/2025\/11\/hydesville-house.jpg\" \/>\n\t<meta property=\"og:image:width\" content=\"780\" \/>\n\t<meta property=\"og:image:height\" content=\"350\" \/>\n\t<meta property=\"og:image:type\" content=\"image\/jpeg\" \/>\n<meta name=\"twitter:card\" content=\"summary_large_image\" \/>\n<meta name=\"twitter:label1\" content=\"Gesch\u00e4tzte Lesezeit\" \/>\n\t<meta name=\"twitter:data1\" content=\"9\u00a0Minuten\" \/>\n<script type=\"application\/ld+json\" class=\"yoast-schema-graph\">{\"@context\":\"https:\/\/schema.org\",\"@graph\":[{\"@type\":\"WebPage\",\"@id\":\"https:\/\/nuevo-renacer.com\/hermanas-fox\/\",\"url\":\"https:\/\/nuevo-renacer.com\/hermanas-fox\/\",\"name\":\"Hermanas Fox - Uni\u00f3n Esp\u00edrita\",\"isPartOf\":{\"@id\":\"https:\/\/nuevo-renacer.com\/#website\"},\"primaryImageOfPage\":{\"@id\":\"https:\/\/nuevo-renacer.com\/hermanas-fox\/#primaryimage\"},\"image\":{\"@id\":\"https:\/\/nuevo-renacer.com\/hermanas-fox\/#primaryimage\"},\"thumbnailUrl\":\"https:\/\/nuevo-renacer.com\/wp-content\/uploads\/2025\/11\/hydesville-house.jpg\",\"datePublished\":\"2025-11-14T12:58:20+00:00\",\"dateModified\":\"2025-11-14T12:58:24+00:00\",\"breadcrumb\":{\"@id\":\"https:\/\/nuevo-renacer.com\/hermanas-fox\/#breadcrumb\"},\"inLanguage\":\"de\",\"potentialAction\":[{\"@type\":\"ReadAction\",\"target\":[\"https:\/\/nuevo-renacer.com\/hermanas-fox\/\"]}]},{\"@type\":\"ImageObject\",\"inLanguage\":\"de\",\"@id\":\"https:\/\/nuevo-renacer.com\/hermanas-fox\/#primaryimage\",\"url\":\"https:\/\/nuevo-renacer.com\/wp-content\/uploads\/2025\/11\/hydesville-house.jpg\",\"contentUrl\":\"https:\/\/nuevo-renacer.com\/wp-content\/uploads\/2025\/11\/hydesville-house.jpg\"},{\"@type\":\"BreadcrumbList\",\"@id\":\"https:\/\/nuevo-renacer.com\/hermanas-fox\/#breadcrumb\",\"itemListElement\":[{\"@type\":\"ListItem\",\"position\":1,\"name\":\"Startseite\",\"item\":\"https:\/\/nuevo-renacer.com\/\"},{\"@type\":\"ListItem\",\"position\":2,\"name\":\"Hermanas Fox\"}]},{\"@type\":\"WebSite\",\"@id\":\"https:\/\/nuevo-renacer.com\/#website\",\"url\":\"https:\/\/nuevo-renacer.com\/\",\"name\":\"Uni\u00f3n Esp\u00edrita\",\"description\":\"Nuevo Renacer\",\"publisher\":{\"@id\":\"https:\/\/nuevo-renacer.com\/#organization\"},\"potentialAction\":[{\"@type\":\"SearchAction\",\"target\":{\"@type\":\"EntryPoint\",\"urlTemplate\":\"https:\/\/nuevo-renacer.com\/?s={search_term_string}\"},\"query-input\":{\"@type\":\"PropertyValueSpecification\",\"valueRequired\":true,\"valueName\":\"search_term_string\"}}],\"inLanguage\":\"de\"},{\"@type\":\"Organization\",\"@id\":\"https:\/\/nuevo-renacer.com\/#organization\",\"name\":\"UFEC\",\"url\":\"https:\/\/nuevo-renacer.com\/\",\"logo\":{\"@type\":\"ImageObject\",\"inLanguage\":\"de\",\"@id\":\"https:\/\/nuevo-renacer.com\/#\/schema\/logo\/image\/\",\"url\":\"https:\/\/nuevo-renacer.com\/wp-content\/uploads\/2024\/05\/cropped-LOGO-TERMINADO1-3-3.png\",\"contentUrl\":\"https:\/\/nuevo-renacer.com\/wp-content\/uploads\/2024\/05\/cropped-LOGO-TERMINADO1-3-3.png\",\"width\":512,\"height\":512,\"caption\":\"UFEC\"},\"image\":{\"@id\":\"https:\/\/nuevo-renacer.com\/#\/schema\/logo\/image\/\"},\"sameAs\":[\"https:\/\/www.facebook.com\/groups\/3431398063740829\"]}]}<\/script>\n<!-- \/ Yoast SEO Premium plugin. -->","yoast_head_json":{"title":"Hermanas Fox - Uni\u00f3n Esp\u00edrita","robots":{"index":"index","follow":"follow","max-snippet":"max-snippet:-1","max-image-preview":"max-image-preview:large","max-video-preview":"max-video-preview:-1"},"canonical":"https:\/\/nuevo-renacer.com\/de\/hermanas-fox\/","og_locale":"de_DE","og_type":"article","og_title":"Hermanas Fox","og_description":"Hermanas Fox En marzo de 1848, en el peque\u00f1o pueblo de Hydesville, en los Estados Unidos de Am\u00e9rica del Norte, tuvieron lugar los primeros fen\u00f3menos espiritistas de la era moderna, lo que supuso el preludio del advenimiento de la Doctrina Esp\u00edrita, consumada con la Codificaci\u00f3n de Allan Kardec. El 11 de diciembre de 1847, la [&hellip;]","og_url":"https:\/\/nuevo-renacer.com\/de\/hermanas-fox\/","og_site_name":"Uni\u00f3n Esp\u00edrita","article_publisher":"https:\/\/www.facebook.com\/groups\/3431398063740829","article_modified_time":"2025-11-14T12:58:24+00:00","og_image":[{"width":780,"height":350,"url":"https:\/\/nuevo-renacer.com\/wp-content\/uploads\/2025\/11\/hydesville-house.jpg","type":"image\/jpeg"}],"twitter_card":"summary_large_image","twitter_misc":{"Gesch\u00e4tzte Lesezeit":"9\u00a0Minuten"},"schema":{"@context":"https:\/\/schema.org","@graph":[{"@type":"WebPage","@id":"https:\/\/nuevo-renacer.com\/hermanas-fox\/","url":"https:\/\/nuevo-renacer.com\/hermanas-fox\/","name":"Hermanas Fox - Uni\u00f3n Esp\u00edrita","isPartOf":{"@id":"https:\/\/nuevo-renacer.com\/#website"},"primaryImageOfPage":{"@id":"https:\/\/nuevo-renacer.com\/hermanas-fox\/#primaryimage"},"image":{"@id":"https:\/\/nuevo-renacer.com\/hermanas-fox\/#primaryimage"},"thumbnailUrl":"https:\/\/nuevo-renacer.com\/wp-content\/uploads\/2025\/11\/hydesville-house.jpg","datePublished":"2025-11-14T12:58:20+00:00","dateModified":"2025-11-14T12:58:24+00:00","breadcrumb":{"@id":"https:\/\/nuevo-renacer.com\/hermanas-fox\/#breadcrumb"},"inLanguage":"de","potentialAction":[{"@type":"ReadAction","target":["https:\/\/nuevo-renacer.com\/hermanas-fox\/"]}]},{"@type":"ImageObject","inLanguage":"de","@id":"https:\/\/nuevo-renacer.com\/hermanas-fox\/#primaryimage","url":"https:\/\/nuevo-renacer.com\/wp-content\/uploads\/2025\/11\/hydesville-house.jpg","contentUrl":"https:\/\/nuevo-renacer.com\/wp-content\/uploads\/2025\/11\/hydesville-house.jpg"},{"@type":"BreadcrumbList","@id":"https:\/\/nuevo-renacer.com\/hermanas-fox\/#breadcrumb","itemListElement":[{"@type":"ListItem","position":1,"name":"Startseite","item":"https:\/\/nuevo-renacer.com\/"},{"@type":"ListItem","position":2,"name":"Hermanas Fox"}]},{"@type":"WebSite","@id":"https:\/\/nuevo-renacer.com\/#website","url":"https:\/\/nuevo-renacer.com\/","name":"Uni\u00f3n Esp\u00edrita","description":"Nuevo Renacer","publisher":{"@id":"https:\/\/nuevo-renacer.com\/#organization"},"potentialAction":[{"@type":"SearchAction","target":{"@type":"EntryPoint","urlTemplate":"https:\/\/nuevo-renacer.com\/?s={search_term_string}"},"query-input":{"@type":"PropertyValueSpecification","valueRequired":true,"valueName":"search_term_string"}}],"inLanguage":"de"},{"@type":"Organization","@id":"https:\/\/nuevo-renacer.com\/#organization","name":"UFEC","url":"https:\/\/nuevo-renacer.com\/","logo":{"@type":"ImageObject","inLanguage":"de","@id":"https:\/\/nuevo-renacer.com\/#\/schema\/logo\/image\/","url":"https:\/\/nuevo-renacer.com\/wp-content\/uploads\/2024\/05\/cropped-LOGO-TERMINADO1-3-3.png","contentUrl":"https:\/\/nuevo-renacer.com\/wp-content\/uploads\/2024\/05\/cropped-LOGO-TERMINADO1-3-3.png","width":512,"height":512,"caption":"UFEC"},"image":{"@id":"https:\/\/nuevo-renacer.com\/#\/schema\/logo\/image\/"},"sameAs":["https:\/\/www.facebook.com\/groups\/3431398063740829"]}]}},"uagb_featured_image_src":{"full":false,"thumbnail":false,"medium":false,"medium_large":false,"large":false,"1536x1536":false,"2048x2048":false,"trp-custom-language-flag":false},"uagb_author_info":{"display_name":"adbv0","author_link":"https:\/\/nuevo-renacer.com\/de\/author\/adbv0\/"},"uagb_comment_info":0,"uagb_excerpt":"Hermanas Fox En marzo de 1848, en el peque\u00f1o pueblo de Hydesville, en los Estados Unidos de Am\u00e9rica del Norte, tuvieron lugar los primeros fen\u00f3menos espiritistas de la era moderna, lo que supuso el preludio del advenimiento de la Doctrina Esp\u00edrita, consumada con la Codificaci\u00f3n de Allan Kardec. El 11 de diciembre de 1847, la&hellip;","jetpack_sharing_enabled":true,"_links":{"self":[{"href":"https:\/\/nuevo-renacer.com\/de\/wp-json\/wp\/v2\/pages\/8639","targetHints":{"allow":["GET"]}}],"collection":[{"href":"https:\/\/nuevo-renacer.com\/de\/wp-json\/wp\/v2\/pages"}],"about":[{"href":"https:\/\/nuevo-renacer.com\/de\/wp-json\/wp\/v2\/types\/page"}],"author":[{"embeddable":true,"href":"https:\/\/nuevo-renacer.com\/de\/wp-json\/wp\/v2\/users\/1"}],"replies":[{"embeddable":true,"href":"https:\/\/nuevo-renacer.com\/de\/wp-json\/wp\/v2\/comments?post=8639"}],"version-history":[{"count":1,"href":"https:\/\/nuevo-renacer.com\/de\/wp-json\/wp\/v2\/pages\/8639\/revisions"}],"predecessor-version":[{"id":8642,"href":"https:\/\/nuevo-renacer.com\/de\/wp-json\/wp\/v2\/pages\/8639\/revisions\/8642"}],"wp:attachment":[{"href":"https:\/\/nuevo-renacer.com\/de\/wp-json\/wp\/v2\/media?parent=8639"}],"curies":[{"name":"wp","href":"https:\/\/api.w.org\/{rel}","templated":true}]}}