{"id":8606,"date":"2025-11-03T11:42:32","date_gmt":"2025-11-03T11:42:32","guid":{"rendered":"https:\/\/nuevo-renacer.com\/?page_id=8606"},"modified":"2025-11-03T11:42:52","modified_gmt":"2025-11-03T11:42:52","slug":"clelia-soares-da-rocha","status":"publish","type":"page","link":"https:\/\/nuevo-renacer.com\/de\/clelia-soares-da-rocha\/","title":{"rendered":"Cl\u00e9lia Soares da Rocha"},"content":{"rendered":"<div class=\"wp-block-uagb-container uagb-block-2ef46de7 alignfull uagb-is-root-container\"><div class=\"uagb-container-inner-blocks-wrap\">\n<p class=\"has-black-color has-text-color has-link-color has-medium-font-size wp-elements-4505f72322894b05cdad17c022a1bd1b\"><strong>Cl\u00e9lia Soares da Rocha<\/strong><\/p>\n<\/div><\/div>\n\n\n\n<div class=\"wp-block-uagb-container uagb-block-656d411d alignfull uagb-is-root-container\"><div class=\"uagb-container-inner-blocks-wrap\">\n<figure class=\"wp-block-image size-full is-resized\"><img fetchpriority=\"high\" decoding=\"async\" width=\"1000\" height=\"779\" src=\"https:\/\/nuevo-renacer.com\/wp-content\/uploads\/2025\/11\/Clelia-Soares-da-Rocha.jpg\" alt=\"\" class=\"wp-image-8607\" style=\"width:275px;height:auto\" srcset=\"https:\/\/nuevo-renacer.com\/wp-content\/uploads\/2025\/11\/Clelia-Soares-da-Rocha.jpg 1000w, https:\/\/nuevo-renacer.com\/wp-content\/uploads\/2025\/11\/Clelia-Soares-da-Rocha-300x234.jpg 300w, https:\/\/nuevo-renacer.com\/wp-content\/uploads\/2025\/11\/Clelia-Soares-da-Rocha-768x598.jpg 768w, https:\/\/nuevo-renacer.com\/wp-content\/uploads\/2025\/11\/Clelia-Soares-da-Rocha-15x12.jpg 15w\" sizes=\"(max-width: 1000px) 100vw, 1000px\" \/><\/figure>\n<\/div><\/div>\n\n\n\n<div class=\"wp-block-uagb-container uagb-block-e149af88 alignfull uagb-is-root-container\"><div class=\"uagb-container-inner-blocks-wrap\">\n<p class=\"has-black-color has-text-color has-link-color has-small-font-size wp-elements-5fbb062c542ebeeebb658cd62c4818f2\">Cl\u00e9lia Soares da Rocha wurde am 18. Oktober 1886 in Barra Mansa im Bundesstaat Rio de Janeiro geboren und verstarb im Alter von 50 Jahren am 16. Februar 1936. Sie wurde als Internatssch\u00fclerin am Col\u00e9gio Bom Conselho in Taubat\u00e9 ausgebildet und schloss ihre Ausbildung in Piracicaba ab, wo sie ihr Diplom als Grundschullehrerin erhielt. Sie unterrichtete mehrere Jahre am Col\u00e9gio das Freiras in S\u00e3o Carlos. Aus einer traditionell katholischen Familie stammend, zeigte Cl\u00e9lia Rocha schon in ihrer fr\u00fchen Kindheit Abneigung gegen die Dogmen der Religion ihrer Eltern, was ihr im Internat, wo sie als rebellisches Kind galt, schwere Strafen einbrachte.<\/p>\n\n\n\n<p class=\"has-black-color has-text-color has-link-color has-small-font-size wp-elements-4f6d62b28cde6099ea85bed3cb9ba124\">In Piracicaba lernte sie als Studentin einen jungen Arzt kennen, mit dem sie sich verlobte. Der junge Mann verstarb jedoch pl\u00f6tzlich und zerst\u00f6rte damit alle Tr\u00e4ume des jungen M\u00e4dchens, das nie wieder an eine Heirat dachte und ihr ganzes Leben dem Lehramt und der Unterst\u00fctzung von Waisen und benachteiligten Kindern widmete. Eines Tages beschloss sie, in der Stadt Dourados eine Bildungseinrichtung f\u00fcr Erwachsene zu er\u00f6ffnen, die tags\u00fcber keine M\u00f6glichkeit hatten, Unterricht zu besuchen. Sie unterhielt diese Einrichtung einige Zeit lang und stellte allen, die sich kein Unterrichtsmaterial leisten konnten, dieses kostenlos zur Verf\u00fcgung.<\/p>\n\n\n\n<p class=\"has-black-color has-text-color has-link-color has-small-font-size wp-elements-b69d78b9429a5f7e2a58aec7764ccfe0\">Zu dieser Zeit besuchte die gro\u00dfe Missionarin An\u00e1lia Franco die Stadt und als sie sah, welche unbeschreiblichen Opfer die junge Lehrerin brachte, lud sie sie ein, Teil ihres Teams zu werden, und bot ihr jede erdenkliche Hilfe an. Von diesem Zeitpunkt an wurden sie gute Freundinnen und arbeitete eng zusammen. Sie gr\u00fcndeten eine Kindertagesst\u00e4tte f\u00fcr arme M\u00fctter aus der Umgebung und ein Waisenhaus. An\u00e1lia Franco vertraute uneingeschr\u00e4nkt auf die Arbeit von Cl\u00e9lia Rocha. In einem ihrer Briefe schrieb sie sogar: \u201eSie sind die Direktorin, die unsere Ideale am besten verinnerlicht hat und viel erreicht hat. Wenn alle anderen Mitarbeiterinnen so handeln w\u00fcrden wie Sie, k\u00f6nnten wir viel erreichen.\u201c<\/p>\n\n\n\n<p class=\"has-black-color has-text-color has-link-color has-small-font-size wp-elements-91e785da3a67ff7dc6502461f03d70c3\">Ende 1918 gr\u00fcndete An\u00e1lia Franco ein Altenheim in der Stadt Uberaba in Minas Gerais und lud Cl\u00e9lia Rocha ein, dessen Direktorin zu werden. Kurz darauf, am 13. Januar 1919, verstarb An\u00e1lia in S\u00e3o Paulo, ohne ihr Werk vollenden zu k\u00f6nnen. Cl\u00e9lia, die ihrem Andenken treu blieb und ihren letzten Willen respektierte, beschloss, mit all ihren Sch\u00fclerinnen nach Uberaba zu ziehen und gr\u00fcndete sp\u00e4ter in dieser Stadt eine Schule mit 18 Internatssch\u00fclerinnen, um ihre 72 Internatssch\u00fclerinnen unterzubringen. Angesichts ihrer karitativen Arbeit beantragte sie mehrmals kommunale, staatliche und bundesstaatliche Zusch\u00fcsse, fand jedoch nie Geh\u00f6r f\u00fcr ihre Antr\u00e4ge, da sie als Spiritistin von den \u00f6rtlichen Priestern heftig verfolgt wurde. Wie An\u00e1lia Franco organisierte sie mit ihren Sch\u00fclerinnen eine literarisch-k\u00fcnstlerische und musikalische Gruppe und bereiste die St\u00e4dte im Landesinneren der Bundesstaaten S\u00e3o Paulo und Minas Gerais, um Mittel zum Unterhalt ihrer Einrichtung zu beschaffen, was ihr auch einigerma\u00dfen gelang. Getreu dem Andenken an An\u00e1lia Franco tat sie alles, damit die von ihr vertretenen Ideale in ihrer ganzen F\u00fclle erhalten blieben, und handelte dabei stets mit wahrer Selbstlosigkeit und Opferbereitschaft, was ihre spirituelle Gr\u00f6\u00dfe immer wieder unter Beweis stellte.<\/p>\n\n\n\n<p class=\"has-black-color has-text-color has-link-color has-small-font-size wp-elements-e066e9619e5a2653fe3556f9aabd6d3f\">Mit ihren Sch\u00fclerinnen \u00fcber 16 Jahren gr\u00fcndete sie die Liga Feminina Oper\u00e1rias do Bem (Frauenliga der Arbeiterinnen des Guten) mit dem Ziel, neue Teams von Mitarbeiterinnen zu bilden, die sp\u00e4ter ihre gro\u00dfartige Hilfsarbeit fortsetzen konnten. 1924 zog sie in die Stadt S\u00e3o Manoel im Bundesstaat S\u00e3o Paulo, wo sie Amando Sim\u00f5es kennenlernte, einen reichen Landbesitzer aus der Region, einen gebildeten Mann mit gro\u00dfem Herzen, der angesichts ihrer gro\u00dfen Schwierigkeiten und ihres stoischen Mutes beschloss, ihr zu helfen, indem er ihr ein Geb\u00e4ude und einen Teil seines Grundst\u00fccks schenkte, damit Cl\u00e9lia dort ihre Bildungseinrichtung einrichten konnte. Dank des Ansehens dieses selbstlosen Mitbruders konnte sie bald auf die Unterst\u00fctzung eines Teils der Bev\u00f6lkerung und die Sympathie des Stadtrats z\u00e4hlen und so ihr karitatives Werk ausweiten. Sie nahm Dutzende von Waisenkindern im \u201eLar de An\u00e1lia Franco\u201d auf und f\u00fchrte dort zahlreiche Hochzeiten ihrer ehemaligen Sch\u00fclerinnen durch, um sie in ihre Rolle als Hausfrauen einzuf\u00fchren, sie wieder in die Gesellschaft zu integrieren und ihnen zu erm\u00f6glichen, als Ehefrauen und M\u00fctter zu dienen.<\/p>\n\n\n\n<p class=\"has-black-color has-text-color has-link-color has-small-font-size wp-elements-4f0a2e96f33e8216a9f327f586456d67\">1930, zur Weihnachtszeit, gr\u00fcndete sie die \u201eCreche Ber\u00e7o de Ouro\u201d (Kindertagesst\u00e4tte \u201eGoldene Wiege\u201d), die dazu bestimmt war, kleine Kinder aufzunehmen, und die sie mit ganzer Seele f\u00fchrte. Sie war eine gl\u00fchende Spiritistin und interessierte sich sehr f\u00fcr doktrin\u00e4re Fragen. An\u00e1lia war Literatin, Journalistin, Dichterin, Schriftstellerin, Theaterwissenschaftlerin, Musikerin und Sprachlehrerin. Sie schrieb mehrere Theaterst\u00fccke; ihre Dramen, Kom\u00f6dien und Umfragen wurden mit gro\u00dfem Erfolg von der Theatergruppe aufgef\u00fchrt. Au\u00dferdem pr\u00e4sentierte sie viele Gedichte und Musikkompositionen. Als hervorragende Handarbeitslehrerin gab sie Unterricht in Kunstblumen, Malerei, Stickerei, Kochkunst und Musik und bereitete ihre Adoptivt\u00f6chter darauf vor, talentierte Hausfrauen der Zukunft zu werden.<\/p>\n\n\n\n<p class=\"has-black-color has-text-color has-link-color has-small-font-size wp-elements-2531c1f202267ace5a5492c69ebec8ac\">Im privaten Kreis wurde sie von all ihren Adoptivkindern \u201eMutter Lili\u201d genannt. Vielen von ihnen gab sie ihren eigenen Namen, wenn sie in der \u201eCreche Ber\u00e7o de Ouro\u201d (Kinderkrippe \u201eGoldene Wiege\u201d) ausgesetzt wurden und keine Verwandten auftauchten. Als sie ihre Standesamtsunterlagen in Ordnung bringen musste, z\u00f6gerte sie nicht einen Moment und trug sie unter ihrem eigenen Namen ein. Sie gr\u00fcndete die Literaturzeitschrift \u201eL\u00edrio Branco\u201d und den \u201eMensageiro do \u00d3rf\u00e3o\u201d, heute \u201eMensageiro do Lar\u201d, ein Organ zur Verbreitung des Spiritismus, das weiterhin in den Druckereien des Lar An\u00e1lia Franco in der Stadt S. Manoel herausgegeben wird. Cl\u00e9lia Rocha war also eine Missionarin im wahrsten Sinne des Wortes und geh\u00f6rte zu einer Gruppe mutiger Spiritistinnen auf Augenh\u00f6he mit An\u00e1lia Franco, Ol\u00edmpia Bel\u00e9m, Aura Celeste, Eur\u00eddice Panar, Abigair Lima und vielen anderen.<\/p>\n<\/div><\/div>\n\n\n\n<div class=\"wp-block-uagb-container uagb-block-2e183146 alignfull uagb-is-root-container\"><div class=\"uagb-container-inner-blocks-wrap\"><\/div><\/div>\n\n\n\n<div class=\"wp-block-uagb-container uagb-block-5535922e alignfull uagb-is-root-container\"><div class=\"uagb-container-inner-blocks-wrap\"><\/div><\/div>","protected":false},"excerpt":{"rendered":"<p>Cl\u00e9lia Soares da Rocha Cl\u00e9lia Rocha naci\u00f3 en la ciudad de Barra Mansa, estado de R\u00edo de Janeiro, el 18 de octubre de 1886 y falleci\u00f3, a los 50 a\u00f1os de edad, el 16 de febrero de 1936. Fue educada como interna en el Colegio Bom Conselho, en la ciudad de Taubat\u00e9, y complet\u00f3 su [&hellip;]<\/p>","protected":false},"author":1,"featured_media":0,"parent":0,"menu_order":0,"comment_status":"closed","ping_status":"closed","template":"","meta":{"_uag_custom_page_level_css":"","site-sidebar-layout":"default","site-content-layout":"","ast-site-content-layout":"default","site-content-style":"default","site-sidebar-style":"default","ast-global-header-display":"","ast-banner-title-visibility":"","ast-main-header-display":"","ast-hfb-above-header-display":"","ast-hfb-below-header-display":"","ast-hfb-mobile-header-display":"","site-post-title":"disabled","ast-breadcrumbs-content":"","ast-featured-img":"","footer-sml-layout":"","theme-transparent-header-meta":"","adv-header-id-meta":"","stick-header-meta":"","header-above-stick-meta":"","header-main-stick-meta":"","header-below-stick-meta":"","astra-migrate-meta-layouts":"set","ast-page-background-enabled":"default","ast-page-background-meta":{"desktop":{"background-color":"var(--ast-global-color-4)","background-image":"","background-repeat":"repeat","background-position":"center center","background-size":"auto","background-attachment":"scroll","background-type":"","background-media":"","overlay-type":"","overlay-color":"","overlay-opacity":"","overlay-gradient":""},"tablet":{"background-color":"","background-image":"","background-repeat":"repeat","background-position":"center center","background-size":"auto","background-attachment":"scroll","background-type":"","background-media":"","overlay-type":"","overlay-color":"","overlay-opacity":"","overlay-gradient":""},"mobile":{"background-color":"","background-image":"","background-repeat":"repeat","background-position":"center center","background-size":"auto","background-attachment":"scroll","background-type":"","background-media":"","overlay-type":"","overlay-color":"","overlay-opacity":"","overlay-gradient":""}},"ast-content-background-meta":{"desktop":{"background-color":"var(--ast-global-color-5)","background-image":"","background-repeat":"repeat","background-position":"center center","background-size":"auto","background-attachment":"scroll","background-type":"","background-media":"","overlay-type":"","overlay-color":"","overlay-opacity":"","overlay-gradient":""},"tablet":{"background-color":"var(--ast-global-color-5)","background-image":"","background-repeat":"repeat","background-position":"center center","background-size":"auto","background-attachment":"scroll","background-type":"","background-media":"","overlay-type":"","overlay-color":"","overlay-opacity":"","overlay-gradient":""},"mobile":{"background-color":"var(--ast-global-color-5)","background-image":"","background-repeat":"repeat","background-position":"center center","background-size":"auto","background-attachment":"scroll","background-type":"","background-media":"","overlay-type":"","overlay-color":"","overlay-opacity":"","overlay-gradient":""}},"footnotes":""},"class_list":["post-8606","page","type-page","status-publish","hentry"],"yoast_head":"<!-- This site is optimized with the Yoast SEO Premium plugin v24.2 (Yoast SEO v24.6) - https:\/\/yoast.com\/wordpress\/plugins\/seo\/ -->\n<title>Cl\u00e9lia Soares da Rocha - Uni\u00f3n Esp\u00edrita<\/title>\n<meta name=\"robots\" content=\"index, follow, max-snippet:-1, max-image-preview:large, max-video-preview:-1\" \/>\n<link rel=\"canonical\" href=\"https:\/\/nuevo-renacer.com\/de\/clelia-soares-da-rocha\/\" \/>\n<meta property=\"og:locale\" content=\"de_DE\" \/>\n<meta property=\"og:type\" content=\"article\" \/>\n<meta property=\"og:title\" content=\"Cl\u00e9lia Soares da Rocha\" \/>\n<meta property=\"og:description\" content=\"Cl\u00e9lia Soares da Rocha Cl\u00e9lia Rocha naci\u00f3 en la ciudad de Barra Mansa, estado de R\u00edo de Janeiro, el 18 de octubre de 1886 y falleci\u00f3, a los 50 a\u00f1os de edad, el 16 de febrero de 1936. Fue educada como interna en el Colegio Bom Conselho, en la ciudad de Taubat\u00e9, y complet\u00f3 su [&hellip;]\" \/>\n<meta property=\"og:url\" content=\"https:\/\/nuevo-renacer.com\/de\/clelia-soares-da-rocha\/\" \/>\n<meta property=\"og:site_name\" content=\"Uni\u00f3n Esp\u00edrita\" \/>\n<meta property=\"article:publisher\" content=\"https:\/\/www.facebook.com\/groups\/3431398063740829\" \/>\n<meta property=\"article:modified_time\" content=\"2025-11-03T11:42:52+00:00\" \/>\n<meta property=\"og:image\" content=\"https:\/\/nuevo-renacer.com\/wp-content\/uploads\/2025\/11\/Clelia-Soares-da-Rocha.jpg\" \/>\n\t<meta property=\"og:image:width\" content=\"1000\" \/>\n\t<meta property=\"og:image:height\" content=\"779\" \/>\n\t<meta property=\"og:image:type\" content=\"image\/jpeg\" \/>\n<meta name=\"twitter:card\" content=\"summary_large_image\" \/>\n<meta name=\"twitter:label1\" content=\"Gesch\u00e4tzte Lesezeit\" \/>\n\t<meta name=\"twitter:data1\" content=\"6\u00a0Minuten\" \/>\n<script type=\"application\/ld+json\" class=\"yoast-schema-graph\">{\"@context\":\"https:\/\/schema.org\",\"@graph\":[{\"@type\":\"WebPage\",\"@id\":\"https:\/\/nuevo-renacer.com\/clelia-soares-da-rocha\/\",\"url\":\"https:\/\/nuevo-renacer.com\/clelia-soares-da-rocha\/\",\"name\":\"Cl\u00e9lia Soares da Rocha - Uni\u00f3n Esp\u00edrita\",\"isPartOf\":{\"@id\":\"https:\/\/nuevo-renacer.com\/#website\"},\"primaryImageOfPage\":{\"@id\":\"https:\/\/nuevo-renacer.com\/clelia-soares-da-rocha\/#primaryimage\"},\"image\":{\"@id\":\"https:\/\/nuevo-renacer.com\/clelia-soares-da-rocha\/#primaryimage\"},\"thumbnailUrl\":\"https:\/\/nuevo-renacer.com\/wp-content\/uploads\/2025\/11\/Clelia-Soares-da-Rocha.jpg\",\"datePublished\":\"2025-11-03T11:42:32+00:00\",\"dateModified\":\"2025-11-03T11:42:52+00:00\",\"breadcrumb\":{\"@id\":\"https:\/\/nuevo-renacer.com\/clelia-soares-da-rocha\/#breadcrumb\"},\"inLanguage\":\"de\",\"potentialAction\":[{\"@type\":\"ReadAction\",\"target\":[\"https:\/\/nuevo-renacer.com\/clelia-soares-da-rocha\/\"]}]},{\"@type\":\"ImageObject\",\"inLanguage\":\"de\",\"@id\":\"https:\/\/nuevo-renacer.com\/clelia-soares-da-rocha\/#primaryimage\",\"url\":\"https:\/\/nuevo-renacer.com\/wp-content\/uploads\/2025\/11\/Clelia-Soares-da-Rocha.jpg\",\"contentUrl\":\"https:\/\/nuevo-renacer.com\/wp-content\/uploads\/2025\/11\/Clelia-Soares-da-Rocha.jpg\"},{\"@type\":\"BreadcrumbList\",\"@id\":\"https:\/\/nuevo-renacer.com\/clelia-soares-da-rocha\/#breadcrumb\",\"itemListElement\":[{\"@type\":\"ListItem\",\"position\":1,\"name\":\"Startseite\",\"item\":\"https:\/\/nuevo-renacer.com\/\"},{\"@type\":\"ListItem\",\"position\":2,\"name\":\"Cl\u00e9lia Soares da Rocha\"}]},{\"@type\":\"WebSite\",\"@id\":\"https:\/\/nuevo-renacer.com\/#website\",\"url\":\"https:\/\/nuevo-renacer.com\/\",\"name\":\"Uni\u00f3n Esp\u00edrita\",\"description\":\"Nuevo Renacer\",\"publisher\":{\"@id\":\"https:\/\/nuevo-renacer.com\/#organization\"},\"potentialAction\":[{\"@type\":\"SearchAction\",\"target\":{\"@type\":\"EntryPoint\",\"urlTemplate\":\"https:\/\/nuevo-renacer.com\/?s={search_term_string}\"},\"query-input\":{\"@type\":\"PropertyValueSpecification\",\"valueRequired\":true,\"valueName\":\"search_term_string\"}}],\"inLanguage\":\"de\"},{\"@type\":\"Organization\",\"@id\":\"https:\/\/nuevo-renacer.com\/#organization\",\"name\":\"UFEC\",\"url\":\"https:\/\/nuevo-renacer.com\/\",\"logo\":{\"@type\":\"ImageObject\",\"inLanguage\":\"de\",\"@id\":\"https:\/\/nuevo-renacer.com\/#\/schema\/logo\/image\/\",\"url\":\"https:\/\/nuevo-renacer.com\/wp-content\/uploads\/2024\/05\/cropped-LOGO-TERMINADO1-3-3.png\",\"contentUrl\":\"https:\/\/nuevo-renacer.com\/wp-content\/uploads\/2024\/05\/cropped-LOGO-TERMINADO1-3-3.png\",\"width\":512,\"height\":512,\"caption\":\"UFEC\"},\"image\":{\"@id\":\"https:\/\/nuevo-renacer.com\/#\/schema\/logo\/image\/\"},\"sameAs\":[\"https:\/\/www.facebook.com\/groups\/3431398063740829\"]}]}<\/script>\n<!-- \/ Yoast SEO Premium plugin. -->","yoast_head_json":{"title":"Cl\u00e9lia Soares da Rocha - Uni\u00f3n Esp\u00edrita","robots":{"index":"index","follow":"follow","max-snippet":"max-snippet:-1","max-image-preview":"max-image-preview:large","max-video-preview":"max-video-preview:-1"},"canonical":"https:\/\/nuevo-renacer.com\/de\/clelia-soares-da-rocha\/","og_locale":"de_DE","og_type":"article","og_title":"Cl\u00e9lia Soares da Rocha","og_description":"Cl\u00e9lia Soares da Rocha Cl\u00e9lia Rocha naci\u00f3 en la ciudad de Barra Mansa, estado de R\u00edo de Janeiro, el 18 de octubre de 1886 y falleci\u00f3, a los 50 a\u00f1os de edad, el 16 de febrero de 1936. Fue educada como interna en el Colegio Bom Conselho, en la ciudad de Taubat\u00e9, y complet\u00f3 su [&hellip;]","og_url":"https:\/\/nuevo-renacer.com\/de\/clelia-soares-da-rocha\/","og_site_name":"Uni\u00f3n Esp\u00edrita","article_publisher":"https:\/\/www.facebook.com\/groups\/3431398063740829","article_modified_time":"2025-11-03T11:42:52+00:00","og_image":[{"width":1000,"height":779,"url":"https:\/\/nuevo-renacer.com\/wp-content\/uploads\/2025\/11\/Clelia-Soares-da-Rocha.jpg","type":"image\/jpeg"}],"twitter_card":"summary_large_image","twitter_misc":{"Gesch\u00e4tzte Lesezeit":"6\u00a0Minuten"},"schema":{"@context":"https:\/\/schema.org","@graph":[{"@type":"WebPage","@id":"https:\/\/nuevo-renacer.com\/clelia-soares-da-rocha\/","url":"https:\/\/nuevo-renacer.com\/clelia-soares-da-rocha\/","name":"Cl\u00e9lia Soares da Rocha - Uni\u00f3n Esp\u00edrita","isPartOf":{"@id":"https:\/\/nuevo-renacer.com\/#website"},"primaryImageOfPage":{"@id":"https:\/\/nuevo-renacer.com\/clelia-soares-da-rocha\/#primaryimage"},"image":{"@id":"https:\/\/nuevo-renacer.com\/clelia-soares-da-rocha\/#primaryimage"},"thumbnailUrl":"https:\/\/nuevo-renacer.com\/wp-content\/uploads\/2025\/11\/Clelia-Soares-da-Rocha.jpg","datePublished":"2025-11-03T11:42:32+00:00","dateModified":"2025-11-03T11:42:52+00:00","breadcrumb":{"@id":"https:\/\/nuevo-renacer.com\/clelia-soares-da-rocha\/#breadcrumb"},"inLanguage":"de","potentialAction":[{"@type":"ReadAction","target":["https:\/\/nuevo-renacer.com\/clelia-soares-da-rocha\/"]}]},{"@type":"ImageObject","inLanguage":"de","@id":"https:\/\/nuevo-renacer.com\/clelia-soares-da-rocha\/#primaryimage","url":"https:\/\/nuevo-renacer.com\/wp-content\/uploads\/2025\/11\/Clelia-Soares-da-Rocha.jpg","contentUrl":"https:\/\/nuevo-renacer.com\/wp-content\/uploads\/2025\/11\/Clelia-Soares-da-Rocha.jpg"},{"@type":"BreadcrumbList","@id":"https:\/\/nuevo-renacer.com\/clelia-soares-da-rocha\/#breadcrumb","itemListElement":[{"@type":"ListItem","position":1,"name":"Startseite","item":"https:\/\/nuevo-renacer.com\/"},{"@type":"ListItem","position":2,"name":"Cl\u00e9lia Soares da Rocha"}]},{"@type":"WebSite","@id":"https:\/\/nuevo-renacer.com\/#website","url":"https:\/\/nuevo-renacer.com\/","name":"Uni\u00f3n Esp\u00edrita","description":"Nuevo Renacer","publisher":{"@id":"https:\/\/nuevo-renacer.com\/#organization"},"potentialAction":[{"@type":"SearchAction","target":{"@type":"EntryPoint","urlTemplate":"https:\/\/nuevo-renacer.com\/?s={search_term_string}"},"query-input":{"@type":"PropertyValueSpecification","valueRequired":true,"valueName":"search_term_string"}}],"inLanguage":"de"},{"@type":"Organization","@id":"https:\/\/nuevo-renacer.com\/#organization","name":"UFEC","url":"https:\/\/nuevo-renacer.com\/","logo":{"@type":"ImageObject","inLanguage":"de","@id":"https:\/\/nuevo-renacer.com\/#\/schema\/logo\/image\/","url":"https:\/\/nuevo-renacer.com\/wp-content\/uploads\/2024\/05\/cropped-LOGO-TERMINADO1-3-3.png","contentUrl":"https:\/\/nuevo-renacer.com\/wp-content\/uploads\/2024\/05\/cropped-LOGO-TERMINADO1-3-3.png","width":512,"height":512,"caption":"UFEC"},"image":{"@id":"https:\/\/nuevo-renacer.com\/#\/schema\/logo\/image\/"},"sameAs":["https:\/\/www.facebook.com\/groups\/3431398063740829"]}]}},"uagb_featured_image_src":{"full":false,"thumbnail":false,"medium":false,"medium_large":false,"large":false,"1536x1536":false,"2048x2048":false,"trp-custom-language-flag":false},"uagb_author_info":{"display_name":"adbv0","author_link":"https:\/\/nuevo-renacer.com\/de\/author\/adbv0\/"},"uagb_comment_info":0,"uagb_excerpt":"Cl\u00e9lia Soares da Rocha Cl\u00e9lia Rocha naci\u00f3 en la ciudad de Barra Mansa, estado de R\u00edo de Janeiro, el 18 de octubre de 1886 y falleci\u00f3, a los 50 a\u00f1os de edad, el 16 de febrero de 1936. Fue educada como interna en el Colegio Bom Conselho, en la ciudad de Taubat\u00e9, y complet\u00f3 su&hellip;","jetpack_sharing_enabled":true,"_links":{"self":[{"href":"https:\/\/nuevo-renacer.com\/de\/wp-json\/wp\/v2\/pages\/8606","targetHints":{"allow":["GET"]}}],"collection":[{"href":"https:\/\/nuevo-renacer.com\/de\/wp-json\/wp\/v2\/pages"}],"about":[{"href":"https:\/\/nuevo-renacer.com\/de\/wp-json\/wp\/v2\/types\/page"}],"author":[{"embeddable":true,"href":"https:\/\/nuevo-renacer.com\/de\/wp-json\/wp\/v2\/users\/1"}],"replies":[{"embeddable":true,"href":"https:\/\/nuevo-renacer.com\/de\/wp-json\/wp\/v2\/comments?post=8606"}],"version-history":[{"count":1,"href":"https:\/\/nuevo-renacer.com\/de\/wp-json\/wp\/v2\/pages\/8606\/revisions"}],"predecessor-version":[{"id":8608,"href":"https:\/\/nuevo-renacer.com\/de\/wp-json\/wp\/v2\/pages\/8606\/revisions\/8608"}],"wp:attachment":[{"href":"https:\/\/nuevo-renacer.com\/de\/wp-json\/wp\/v2\/media?parent=8606"}],"curies":[{"name":"wp","href":"https:\/\/api.w.org\/{rel}","templated":true}]}}