{"id":8576,"date":"2025-10-22T10:22:50","date_gmt":"2025-10-22T10:22:50","guid":{"rendered":"https:\/\/nuevo-renacer.com\/?page_id=8576"},"modified":"2025-10-22T10:29:18","modified_gmt":"2025-10-22T10:29:18","slug":"guilherme-taylor-march","status":"publish","type":"page","link":"https:\/\/nuevo-renacer.com\/de\/guilherme-taylor-march\/","title":{"rendered":"Guilherme Taylor March"},"content":{"rendered":"<div class=\"wp-block-uagb-container uagb-block-38cbecf5 alignfull uagb-is-root-container\"><div class=\"uagb-container-inner-blocks-wrap\">\n<p class=\"has-black-color has-text-color has-link-color has-medium-font-size wp-elements-caaeb392ec3bf2936f13882f8cab7011\"><strong>Guilherme Taylor March<\/strong><\/p>\n<\/div><\/div>\n\n\n\n<div class=\"wp-block-uagb-container uagb-block-25ed309f alignfull uagb-is-root-container\"><div class=\"uagb-container-inner-blocks-wrap\">\n<figure class=\"wp-block-image size-full is-resized\"><img fetchpriority=\"high\" decoding=\"async\" width=\"209\" height=\"242\" src=\"https:\/\/nuevo-renacer.com\/wp-content\/uploads\/2025\/10\/Guilherme.jpg\" alt=\"\" class=\"wp-image-8577\" style=\"width:224px;height:auto\" srcset=\"https:\/\/nuevo-renacer.com\/wp-content\/uploads\/2025\/10\/Guilherme.jpg 209w, https:\/\/nuevo-renacer.com\/wp-content\/uploads\/2025\/10\/Guilherme-10x12.jpg 10w\" sizes=\"(max-width: 209px) 100vw, 209px\" \/><\/figure>\n<\/div><\/div>\n\n\n\n<div class=\"wp-block-uagb-container uagb-block-54f2c1c6 alignfull uagb-is-root-container\"><div class=\"uagb-container-inner-blocks-wrap\">\n<p class=\"has-black-color has-text-color has-link-color has-small-font-size wp-elements-b630636a600caffc43427ce74c2bca86\">Auf dem Plateau der Serra dos \u00d3rg\u00e3os, wo sich heute die Stadt Teres\u00f3polis im Bundesstaat Rio de Janeiro befindet, wurde am 21. August 1838 der Junge Guilherme Taylor March geboren. Er war der Sohn des englischen Staatsb\u00fcrgers George March, der in Portugal geboren und aufgewachsen war, und von Ign\u00e1cia March, einer Brasilianerin afrikanischer Abstammung. Der \u00e4lteste Sohn dieses Paares, sechs Jahre \u00e4lter als Guilherme, hie\u00df George Brittain March. Die Namen Brittain und Taylor waren eine Hommage an ihre jeweiligen Paten, wie es damals \u00fcblich war. So war Guilherme der Patensohn von Vizeadmiral John Taylor, einem Freund seines Vaters, der Admiral Cochrane, der einige Jahre lang Kommandant der brasilianischen Kaiserlichen Flotte war, nach Brasilien begleitet hatte. Sein Vater erwarb eine Sesmaria, die f\u00fcr die Zucht von Vollblutpferden und den Anbau von Getreide bestimmt war. Das Anwesen wurde in Fazenda de March umbenannt und war der Ursprung der Stadt Teres\u00f3polis.<\/p>\n\n\n\n<p class=\"has-black-color has-text-color has-link-color has-small-font-size wp-elements-33945600b4db341fe4a122450bfc57e4\">George March war es zu verdanken, dass es Brauch wurde, den Sommer in den Bergen zu verbringen. Er organisierte im Sommer oft Feste und Picknicks und lud seine zahlreichen Freunde ein, die unter der Hitze und dem Staub des Hofes litten. Nach dem Tod von George March waren seine Kinder den Unw\u00e4gbarkeiten des Schicksals ausgeliefert, da ihre Mutter vor ihrem Vater verstorben war, obwohl dieser ihnen ein betr\u00e4chtliches Verm\u00f6gen hinterlassen hatte. Der 18-j\u00e4hrige Erstgeborene k\u00fcmmerte sich um seine eigenen Interessen. Dem 12-j\u00e4hrigen Guilherme wurde ein Vormund zugewiesen, der keine M\u00fchen scheute, um ihm eine gute Ausbildung zu erm\u00f6glichen. Er wurde im Colegio dos Padres Paiva in Rio de Janeiro untergebracht und sp\u00e4ter an der Medizinischen Fakult\u00e4t des Hofes eingeschrieben, wo er 1859 sein Studium mit Bravour abschloss. Nach seinem Abschluss erfuhr er, dass er arm war: Seine riesigen und reichen Besitzt\u00fcmer waren in andere H\u00e4nde \u00fcbergegangen, und er hatte kein Bankguthaben auf seinen Namen. Er f\u00fchrte dies auf die ungl\u00fccklichen Gesch\u00e4fte seines Vormunds zur\u00fcck.<\/p>\n\n\n\n<p class=\"has-black-color has-text-color has-link-color has-small-font-size wp-elements-df0b1a52891d3b92d0404e4d6c4e08fb\">F\u00fcr viele w\u00e4re diese Entt\u00e4uschung ein unheilbares Ungl\u00fcck gewesen, genug, um den Mut eines jungen Mannes zu zerst\u00f6ren, der inmitten materieller G\u00fcter zur Welt gekommen war, der schon als Kind der m\u00fctterlichen Liebe beraubt worden war und der, noch als Kind, seinen Vater verloren hatte. Nun, da er vollj\u00e4hrig geworden war und die Kontrolle \u00fcber sein eigenes Leben \u00fcbernommen hatte, stand er allein und mit leeren H\u00e4nden da, um seine Reise zu beginnen. Er war jedoch charakterstark und lie\u00df sich von den N\u00f6ten des Lebens nicht einsch\u00fcchtern. Hatte er nicht den Berufsabschluss, mit dem er seinen Lebensunterhalt verdienen konnte? Also st\u00fcrzte er sich mit Zuversicht und Mut in die Arbeit. Dr. March begann seine Karriere als Hom\u00f6opath. Es ist wichtig zu erkl\u00e4ren, warum er sich f\u00fcr dieses Heilverfahren interessierte, das in den medizinischen Kreisen der damaligen Zeit angefeindet wurde. Als er im letzten Jahr seines Medizinstudiums war, wohnte er in einer Pension und erkrankte an Pocken. Daher musste er in ein Krankenhaus gebracht werden. Um dies zu vermeiden, versteckte ihn die Besitzerin der Pension, eine \u00fcberzeugte Spiritistin, mit seiner Zustimmung in einem abgelegenen Zimmer des Hauses und \u00fcbernahm seine Behandlung, indem sie ihn ohne \u00e4rztliche Hilfe mit Hom\u00f6opathie medizierte.<\/p>\n\n\n\n<p class=\"has-black-color has-text-color has-link-color has-small-font-size wp-elements-a8fc8ec1fbb490b3b78f098d6c7a2b2d\">Die Anh\u00e4nger des Spiritismus praktizierten frei die hom\u00f6opathische Medizin, ohne von den medizinischen Beh\u00f6rden verfolgt zu werden, sicherlich weil sie keine Konkurrenz durch eine Therapie bef\u00fcrchteten, die bis dahin als harmlos galt. Nachdem er ohne Folgesch\u00e4den geheilt worden war, empfand der junge Student Sympathie f\u00fcr Hahnemanns Wissenschaft und begann bald, sie mit Eifer und Hingabe zu studieren. Nach seinem Abschluss \u00fcbernahm er die Hom\u00f6opathie, deren Wirksamkeit er selbst \u00fcberpr\u00fcft hatte, in seine klinische Praxis. Aufgrund der Anforderungen seines Berufs konnte er, sobald er mit Elend und Leid in Ber\u00fchrung kam, g\u00f6ttliche Klarheit als Balsam f\u00fcr die Wunden erkennen, die K\u00f6rper, Seelen und Herzen qu\u00e4lten, und begriff, dass der wahre Gott v\u00f6llig anders war als der, den er in der Schule kennengelernt hatte. Die g\u00f6ttliche Gerechtigkeit hatte die Verschiedenheit des Schicksals der Menschen auf m\u00e4chtige Gr\u00fcnde gest\u00fctzt, die den Interessen jedes Einzelnen entsprachen. Wo findet man eine philosophische Erkl\u00e4rung f\u00fcr diese Wahrheiten?<\/p>\n\n\n\n<p class=\"has-black-color has-text-color has-link-color has-small-font-size wp-elements-9de02d4481b918c48007fb82282ca7f8\">Er hatte neun Kinder: sieben S\u00f6hne und zwei T\u00f6chter. Er war Arzt in der hom\u00f6opathischen Praxis der Santa Casa de Misericordia, zun\u00e4chst ohne Gehalt, sp\u00e4ter wurde er mit f\u00fcnfzigtausend R\u00e9is pro Monat bezahlt. Aufgrund seines Engagements f\u00fcr wohlt\u00e4tige Zwecke und seiner Bescheidenheit verdiente er in seiner eigenen Praxis nur wenig, und einen Gro\u00dfteil davon spendete er, um den weniger Gl\u00fccklichen zu helfen. Seine wirtschaftliche Lage verschlechterte sich durch eine weitere heimt\u00fcckische Krankheit, die ihn in seiner Jugend befallen hatte und nun begann, seine Bewegungsf\u00e4higkeit einzuschr\u00e4nken. Da kam es zu einem sozialen Ph\u00e4nomen: Die Bev\u00f6lkerung sah in ihm einen Missionar des Guten in Not und kam ihm zu Hilfe. Die Bev\u00f6lkerung von Niter\u00f3i erwarb durch eine \u00f6ffentliche Spendenaktion das Geb\u00e4ude in der Santana-Stra\u00dfe 14, heute Benjamim Constant, und schenkte es dem gro\u00dfen Philanthropen. Als er das Haus bezog, \u00f6ffnete er seine T\u00fcren, damit die vom Gl\u00fcck Benachteiligten freien Zugang hatten. Er pflegte zu sagen: \u201eDieses Haus geh\u00f6rt nicht mir, sondern allen, die kein Dach \u00fcber dem Kopf haben.\u201c<\/p>\n\n\n\n<p class=\"has-black-color has-text-color has-link-color has-small-font-size wp-elements-32226db508553dd16f900ba6ae52359c\">Da die Krankheit unaufhaltsam fortschritt, behandelte er die Patienten in seinem Krankenzimmer. Seine Frau und seine Verwandten bereiteten die hom\u00f6opathischen Rezepte zu und verteilten sie kostenlos. Die armen Patienten, die aus Gemeinden im Landesinneren kamen, \u00fcbernachteten im Haus des humanit\u00e4ren Arztes, dessen T\u00fcren niemals verschlossen waren. Es waren 63 Jahre \u00e4rztlicher T\u00e4tigkeit mit beispiellosem Engagement. Er verzichtete auf alle materiellen Interessen und widmete sich Tag und Nacht, ohne Erm\u00fcdung und ohne Widerstand, der erhabenen Aufgabe, das Leiden anderer zu lindern. Er wurde als \u201eVater der Armen\u201d bezeichnet. Wer ihn sah, wie er sich vor k\u00f6rperlichen Schmerzen kr\u00fcmmte und den Patienten die Tr\u00e4nen trocknete, konnte sagen: \u201eWas f\u00fcr ein seltsamer Mann, der seinen eigenen Schmerz vergisst, um den Schmerz anderer zu lindern. Vielleicht ist er ein Heiliger...\u201d. Seine Angeh\u00f6rigen wussten jedoch, dass er ein einfacher Spiritist war, der versuchte, die Empfehlung des g\u00f6ttlichen Arztes zu befolgen: \u201eLiebt einander, wie ich euch geliebt habe\u201d.<\/p>\n\n\n\n<p class=\"has-black-color has-text-color has-link-color has-small-font-size wp-elements-46ba73809080dbaa638038ff8b76c848\">Dr. March verabschiedete sich am 21. Juni 1922 nach 84 Jahren eines arbeitsreichen Lebens, das er ganz dem Guten und der Br\u00fcderlichkeit gewidmet hatte, vom physischen Leben. Die Bev\u00f6lkerung str\u00f6mte in Scharen herbei und trug seinen Sarg auf den Armen zum Friedhof von Maru\u00ed, wo er unter Blumen und Tr\u00e4nen beigesetzt wurde. Die Beh\u00f6rden \u00fcbernahmen die Kosten f\u00fcr die Beerdigung in Anerkennung und Ehrung der Bescheidenheit und Armut dieses Mannes, der sich seinen Mitmenschen verschrieben hatte. Die Zeitung O Fluminense ver\u00f6ffentlichte am 22. Juni 1922 einen Artikel mit dem Titel \u201eDas Ende des Lebens eines Verdienten der Menschheit\u201d.<\/p>\n\n\n\n<p class=\"has-black-color has-text-color has-link-color has-small-font-size wp-elements-49d85bff03d607093452f3a436328959\">Die Stadt Niter\u00f3i verewigte sein Andenken, indem sie eine Stra\u00dfe nach ihm benannte. Die Spiritistische F\u00f6deration des Bundesstaates Rio de Janeiro gr\u00fcndete und unterh\u00e4lt das Instituto Dr. March, eine Kindertagesst\u00e4tte, die etwa 200 bed\u00fcrftige Kinder im Alter von zwei bis sechs Jahren betreut. Es ist interessant festzustellen, dass das Leben von Dr. March eine bemerkenswerte \u00c4hnlichkeit mit dem von Dr. Bezerra de Menezes aufweist. Beide waren hom\u00f6opathische \u00c4rzte; sie engagierten sich in der Politik, wurden zu unterschiedlichen Zeiten und zu Beginn ihres Berufslebens von der Liberalen Partei zu Stadtr\u00e4ten gew\u00e4hlt; sie bekannten sich zum Spiritismus; sie waren arm und widmeten ihr Leben den Kranken und Benachteiligten. Wie Dr. Bezerra de Menezes wusste auch Dr. March mit seinem Leben voller Entsagung und Opferbereitschaft die Medizin und die spiritistische Lehre zu ehren, wie ein wahrer Apostel des Guten.<\/p>\n<\/div><\/div>\n\n\n\n<div class=\"wp-block-uagb-container uagb-block-4764da3b alignfull uagb-is-root-container\"><div class=\"uagb-container-inner-blocks-wrap\"><\/div><\/div>\n\n\n\n<div class=\"wp-block-uagb-container uagb-block-14c1366c alignfull uagb-is-root-container\"><div class=\"uagb-container-inner-blocks-wrap\"><\/div><\/div>","protected":false},"excerpt":{"rendered":"<p>Guilherme Taylor March En la meseta de la Serra dos \u00d3rg\u00e3os, donde hoy se encuentra la ciudad de Teres\u00f3polis, en el estado de R\u00edo de Janeiro, naci\u00f3 el 21 de agosto de 1838 el ni\u00f1o Guilherme Taylor March. Era hijo del ciudadano ingl\u00e9s George March, nacido y criado en Portugal, y de Ign\u00e1cia March, brasile\u00f1a [&hellip;]<\/p>","protected":false},"author":1,"featured_media":0,"parent":0,"menu_order":0,"comment_status":"closed","ping_status":"closed","template":"","meta":{"_uag_custom_page_level_css":"","site-sidebar-layout":"default","site-content-layout":"","ast-site-content-layout":"default","site-content-style":"default","site-sidebar-style":"default","ast-global-header-display":"","ast-banner-title-visibility":"","ast-main-header-display":"","ast-hfb-above-header-display":"","ast-hfb-below-header-display":"","ast-hfb-mobile-header-display":"","site-post-title":"disabled","ast-breadcrumbs-content":"","ast-featured-img":"","footer-sml-layout":"","theme-transparent-header-meta":"","adv-header-id-meta":"","stick-header-meta":"","header-above-stick-meta":"","header-main-stick-meta":"","header-below-stick-meta":"","astra-migrate-meta-layouts":"set","ast-page-background-enabled":"default","ast-page-background-meta":{"desktop":{"background-color":"var(--ast-global-color-4)","background-image":"","background-repeat":"repeat","background-position":"center center","background-size":"auto","background-attachment":"scroll","background-type":"","background-media":"","overlay-type":"","overlay-color":"","overlay-opacity":"","overlay-gradient":""},"tablet":{"background-color":"","background-image":"","background-repeat":"repeat","background-position":"center center","background-size":"auto","background-attachment":"scroll","background-type":"","background-media":"","overlay-type":"","overlay-color":"","overlay-opacity":"","overlay-gradient":""},"mobile":{"background-color":"","background-image":"","background-repeat":"repeat","background-position":"center center","background-size":"auto","background-attachment":"scroll","background-type":"","background-media":"","overlay-type":"","overlay-color":"","overlay-opacity":"","overlay-gradient":""}},"ast-content-background-meta":{"desktop":{"background-color":"var(--ast-global-color-5)","background-image":"","background-repeat":"repeat","background-position":"center center","background-size":"auto","background-attachment":"scroll","background-type":"","background-media":"","overlay-type":"","overlay-color":"","overlay-opacity":"","overlay-gradient":""},"tablet":{"background-color":"var(--ast-global-color-5)","background-image":"","background-repeat":"repeat","background-position":"center center","background-size":"auto","background-attachment":"scroll","background-type":"","background-media":"","overlay-type":"","overlay-color":"","overlay-opacity":"","overlay-gradient":""},"mobile":{"background-color":"var(--ast-global-color-5)","background-image":"","background-repeat":"repeat","background-position":"center center","background-size":"auto","background-attachment":"scroll","background-type":"","background-media":"","overlay-type":"","overlay-color":"","overlay-opacity":"","overlay-gradient":""}},"footnotes":""},"class_list":["post-8576","page","type-page","status-publish","hentry"],"yoast_head":"<!-- This site is optimized with the Yoast SEO Premium plugin v24.2 (Yoast SEO v24.6) - https:\/\/yoast.com\/wordpress\/plugins\/seo\/ -->\n<title>Guilherme Taylor March - Uni\u00f3n Esp\u00edrita<\/title>\n<meta name=\"robots\" content=\"index, follow, max-snippet:-1, max-image-preview:large, max-video-preview:-1\" \/>\n<link rel=\"canonical\" href=\"https:\/\/nuevo-renacer.com\/de\/guilherme-taylor-march\/\" \/>\n<meta property=\"og:locale\" content=\"de_DE\" \/>\n<meta property=\"og:type\" content=\"article\" \/>\n<meta property=\"og:title\" content=\"Guilherme Taylor March\" \/>\n<meta property=\"og:description\" content=\"Guilherme Taylor March En la meseta de la Serra dos \u00d3rg\u00e3os, donde hoy se encuentra la ciudad de Teres\u00f3polis, en el estado de R\u00edo de Janeiro, naci\u00f3 el 21 de agosto de 1838 el ni\u00f1o Guilherme Taylor March. Era hijo del ciudadano ingl\u00e9s George March, nacido y criado en Portugal, y de Ign\u00e1cia March, brasile\u00f1a [&hellip;]\" \/>\n<meta property=\"og:url\" content=\"https:\/\/nuevo-renacer.com\/de\/guilherme-taylor-march\/\" \/>\n<meta property=\"og:site_name\" content=\"Uni\u00f3n Esp\u00edrita\" \/>\n<meta property=\"article:publisher\" content=\"https:\/\/www.facebook.com\/groups\/3431398063740829\" \/>\n<meta property=\"article:modified_time\" content=\"2025-10-22T10:29:18+00:00\" \/>\n<meta property=\"og:image\" content=\"https:\/\/nuevo-renacer.com\/wp-content\/uploads\/2025\/10\/Guilherme.jpg\" \/>\n\t<meta property=\"og:image:width\" content=\"209\" \/>\n\t<meta property=\"og:image:height\" content=\"242\" \/>\n\t<meta property=\"og:image:type\" content=\"image\/jpeg\" \/>\n<meta name=\"twitter:card\" content=\"summary_large_image\" \/>\n<meta name=\"twitter:label1\" content=\"Gesch\u00e4tzte Lesezeit\" \/>\n\t<meta name=\"twitter:data1\" content=\"8\u00a0Minuten\" \/>\n<script type=\"application\/ld+json\" class=\"yoast-schema-graph\">{\"@context\":\"https:\/\/schema.org\",\"@graph\":[{\"@type\":\"WebPage\",\"@id\":\"https:\/\/nuevo-renacer.com\/guilherme-taylor-march\/\",\"url\":\"https:\/\/nuevo-renacer.com\/guilherme-taylor-march\/\",\"name\":\"Guilherme Taylor March - Uni\u00f3n Esp\u00edrita\",\"isPartOf\":{\"@id\":\"https:\/\/nuevo-renacer.com\/#website\"},\"primaryImageOfPage\":{\"@id\":\"https:\/\/nuevo-renacer.com\/guilherme-taylor-march\/#primaryimage\"},\"image\":{\"@id\":\"https:\/\/nuevo-renacer.com\/guilherme-taylor-march\/#primaryimage\"},\"thumbnailUrl\":\"https:\/\/nuevo-renacer.com\/wp-content\/uploads\/2025\/10\/Guilherme.jpg\",\"datePublished\":\"2025-10-22T10:22:50+00:00\",\"dateModified\":\"2025-10-22T10:29:18+00:00\",\"breadcrumb\":{\"@id\":\"https:\/\/nuevo-renacer.com\/guilherme-taylor-march\/#breadcrumb\"},\"inLanguage\":\"de\",\"potentialAction\":[{\"@type\":\"ReadAction\",\"target\":[\"https:\/\/nuevo-renacer.com\/guilherme-taylor-march\/\"]}]},{\"@type\":\"ImageObject\",\"inLanguage\":\"de\",\"@id\":\"https:\/\/nuevo-renacer.com\/guilherme-taylor-march\/#primaryimage\",\"url\":\"https:\/\/nuevo-renacer.com\/wp-content\/uploads\/2025\/10\/Guilherme.jpg\",\"contentUrl\":\"https:\/\/nuevo-renacer.com\/wp-content\/uploads\/2025\/10\/Guilherme.jpg\"},{\"@type\":\"BreadcrumbList\",\"@id\":\"https:\/\/nuevo-renacer.com\/guilherme-taylor-march\/#breadcrumb\",\"itemListElement\":[{\"@type\":\"ListItem\",\"position\":1,\"name\":\"Startseite\",\"item\":\"https:\/\/nuevo-renacer.com\/\"},{\"@type\":\"ListItem\",\"position\":2,\"name\":\"Guilherme Taylor March\"}]},{\"@type\":\"WebSite\",\"@id\":\"https:\/\/nuevo-renacer.com\/#website\",\"url\":\"https:\/\/nuevo-renacer.com\/\",\"name\":\"Uni\u00f3n Esp\u00edrita\",\"description\":\"Nuevo Renacer\",\"publisher\":{\"@id\":\"https:\/\/nuevo-renacer.com\/#organization\"},\"potentialAction\":[{\"@type\":\"SearchAction\",\"target\":{\"@type\":\"EntryPoint\",\"urlTemplate\":\"https:\/\/nuevo-renacer.com\/?s={search_term_string}\"},\"query-input\":{\"@type\":\"PropertyValueSpecification\",\"valueRequired\":true,\"valueName\":\"search_term_string\"}}],\"inLanguage\":\"de\"},{\"@type\":\"Organization\",\"@id\":\"https:\/\/nuevo-renacer.com\/#organization\",\"name\":\"UFEC\",\"url\":\"https:\/\/nuevo-renacer.com\/\",\"logo\":{\"@type\":\"ImageObject\",\"inLanguage\":\"de\",\"@id\":\"https:\/\/nuevo-renacer.com\/#\/schema\/logo\/image\/\",\"url\":\"https:\/\/nuevo-renacer.com\/wp-content\/uploads\/2024\/05\/cropped-LOGO-TERMINADO1-3-3.png\",\"contentUrl\":\"https:\/\/nuevo-renacer.com\/wp-content\/uploads\/2024\/05\/cropped-LOGO-TERMINADO1-3-3.png\",\"width\":512,\"height\":512,\"caption\":\"UFEC\"},\"image\":{\"@id\":\"https:\/\/nuevo-renacer.com\/#\/schema\/logo\/image\/\"},\"sameAs\":[\"https:\/\/www.facebook.com\/groups\/3431398063740829\"]}]}<\/script>\n<!-- \/ Yoast SEO Premium plugin. -->","yoast_head_json":{"title":"Guilherme Taylor March - Uni\u00f3n Esp\u00edrita","robots":{"index":"index","follow":"follow","max-snippet":"max-snippet:-1","max-image-preview":"max-image-preview:large","max-video-preview":"max-video-preview:-1"},"canonical":"https:\/\/nuevo-renacer.com\/de\/guilherme-taylor-march\/","og_locale":"de_DE","og_type":"article","og_title":"Guilherme Taylor March","og_description":"Guilherme Taylor March En la meseta de la Serra dos \u00d3rg\u00e3os, donde hoy se encuentra la ciudad de Teres\u00f3polis, en el estado de R\u00edo de Janeiro, naci\u00f3 el 21 de agosto de 1838 el ni\u00f1o Guilherme Taylor March. Era hijo del ciudadano ingl\u00e9s George March, nacido y criado en Portugal, y de Ign\u00e1cia March, brasile\u00f1a [&hellip;]","og_url":"https:\/\/nuevo-renacer.com\/de\/guilherme-taylor-march\/","og_site_name":"Uni\u00f3n Esp\u00edrita","article_publisher":"https:\/\/www.facebook.com\/groups\/3431398063740829","article_modified_time":"2025-10-22T10:29:18+00:00","og_image":[{"width":209,"height":242,"url":"https:\/\/nuevo-renacer.com\/wp-content\/uploads\/2025\/10\/Guilherme.jpg","type":"image\/jpeg"}],"twitter_card":"summary_large_image","twitter_misc":{"Gesch\u00e4tzte Lesezeit":"8\u00a0Minuten"},"schema":{"@context":"https:\/\/schema.org","@graph":[{"@type":"WebPage","@id":"https:\/\/nuevo-renacer.com\/guilherme-taylor-march\/","url":"https:\/\/nuevo-renacer.com\/guilherme-taylor-march\/","name":"Guilherme Taylor March - Uni\u00f3n Esp\u00edrita","isPartOf":{"@id":"https:\/\/nuevo-renacer.com\/#website"},"primaryImageOfPage":{"@id":"https:\/\/nuevo-renacer.com\/guilherme-taylor-march\/#primaryimage"},"image":{"@id":"https:\/\/nuevo-renacer.com\/guilherme-taylor-march\/#primaryimage"},"thumbnailUrl":"https:\/\/nuevo-renacer.com\/wp-content\/uploads\/2025\/10\/Guilherme.jpg","datePublished":"2025-10-22T10:22:50+00:00","dateModified":"2025-10-22T10:29:18+00:00","breadcrumb":{"@id":"https:\/\/nuevo-renacer.com\/guilherme-taylor-march\/#breadcrumb"},"inLanguage":"de","potentialAction":[{"@type":"ReadAction","target":["https:\/\/nuevo-renacer.com\/guilherme-taylor-march\/"]}]},{"@type":"ImageObject","inLanguage":"de","@id":"https:\/\/nuevo-renacer.com\/guilherme-taylor-march\/#primaryimage","url":"https:\/\/nuevo-renacer.com\/wp-content\/uploads\/2025\/10\/Guilherme.jpg","contentUrl":"https:\/\/nuevo-renacer.com\/wp-content\/uploads\/2025\/10\/Guilherme.jpg"},{"@type":"BreadcrumbList","@id":"https:\/\/nuevo-renacer.com\/guilherme-taylor-march\/#breadcrumb","itemListElement":[{"@type":"ListItem","position":1,"name":"Startseite","item":"https:\/\/nuevo-renacer.com\/"},{"@type":"ListItem","position":2,"name":"Guilherme Taylor March"}]},{"@type":"WebSite","@id":"https:\/\/nuevo-renacer.com\/#website","url":"https:\/\/nuevo-renacer.com\/","name":"Uni\u00f3n Esp\u00edrita","description":"Nuevo Renacer","publisher":{"@id":"https:\/\/nuevo-renacer.com\/#organization"},"potentialAction":[{"@type":"SearchAction","target":{"@type":"EntryPoint","urlTemplate":"https:\/\/nuevo-renacer.com\/?s={search_term_string}"},"query-input":{"@type":"PropertyValueSpecification","valueRequired":true,"valueName":"search_term_string"}}],"inLanguage":"de"},{"@type":"Organization","@id":"https:\/\/nuevo-renacer.com\/#organization","name":"UFEC","url":"https:\/\/nuevo-renacer.com\/","logo":{"@type":"ImageObject","inLanguage":"de","@id":"https:\/\/nuevo-renacer.com\/#\/schema\/logo\/image\/","url":"https:\/\/nuevo-renacer.com\/wp-content\/uploads\/2024\/05\/cropped-LOGO-TERMINADO1-3-3.png","contentUrl":"https:\/\/nuevo-renacer.com\/wp-content\/uploads\/2024\/05\/cropped-LOGO-TERMINADO1-3-3.png","width":512,"height":512,"caption":"UFEC"},"image":{"@id":"https:\/\/nuevo-renacer.com\/#\/schema\/logo\/image\/"},"sameAs":["https:\/\/www.facebook.com\/groups\/3431398063740829"]}]}},"uagb_featured_image_src":{"full":false,"thumbnail":false,"medium":false,"medium_large":false,"large":false,"1536x1536":false,"2048x2048":false,"trp-custom-language-flag":false},"uagb_author_info":{"display_name":"adbv0","author_link":"https:\/\/nuevo-renacer.com\/de\/author\/adbv0\/"},"uagb_comment_info":0,"uagb_excerpt":"Guilherme Taylor March En la meseta de la Serra dos \u00d3rg\u00e3os, donde hoy se encuentra la ciudad de Teres\u00f3polis, en el estado de R\u00edo de Janeiro, naci\u00f3 el 21 de agosto de 1838 el ni\u00f1o Guilherme Taylor March. Era hijo del ciudadano ingl\u00e9s George March, nacido y criado en Portugal, y de Ign\u00e1cia March, brasile\u00f1a&hellip;","jetpack_sharing_enabled":true,"_links":{"self":[{"href":"https:\/\/nuevo-renacer.com\/de\/wp-json\/wp\/v2\/pages\/8576","targetHints":{"allow":["GET"]}}],"collection":[{"href":"https:\/\/nuevo-renacer.com\/de\/wp-json\/wp\/v2\/pages"}],"about":[{"href":"https:\/\/nuevo-renacer.com\/de\/wp-json\/wp\/v2\/types\/page"}],"author":[{"embeddable":true,"href":"https:\/\/nuevo-renacer.com\/de\/wp-json\/wp\/v2\/users\/1"}],"replies":[{"embeddable":true,"href":"https:\/\/nuevo-renacer.com\/de\/wp-json\/wp\/v2\/comments?post=8576"}],"version-history":[{"count":2,"href":"https:\/\/nuevo-renacer.com\/de\/wp-json\/wp\/v2\/pages\/8576\/revisions"}],"predecessor-version":[{"id":8579,"href":"https:\/\/nuevo-renacer.com\/de\/wp-json\/wp\/v2\/pages\/8576\/revisions\/8579"}],"wp:attachment":[{"href":"https:\/\/nuevo-renacer.com\/de\/wp-json\/wp\/v2\/media?parent=8576"}],"curies":[{"name":"wp","href":"https:\/\/api.w.org\/{rel}","templated":true}]}}