{"id":8552,"date":"2025-10-20T07:49:29","date_gmt":"2025-10-20T07:49:29","guid":{"rendered":"https:\/\/nuevo-renacer.com\/?page_id=8552"},"modified":"2025-10-20T07:49:32","modified_gmt":"2025-10-20T07:49:32","slug":"cecilia-rocha","status":"publish","type":"page","link":"https:\/\/nuevo-renacer.com\/de\/cecilia-rocha\/","title":{"rendered":"Cec\u00edlia Rocha"},"content":{"rendered":"<div class=\"wp-block-uagb-container uagb-block-a694dc2f alignfull uagb-is-root-container\"><div class=\"uagb-container-inner-blocks-wrap\">\n<p class=\"has-black-color has-text-color has-link-color has-medium-font-size wp-elements-9b37d3e6dda65e1e01bab9359cb89df2\"><strong>Cec\u00edlia Rocha<\/strong><\/p>\n<\/div><\/div>\n\n\n\n<div class=\"wp-block-uagb-container uagb-block-c72b40ec alignfull uagb-is-root-container\"><div class=\"uagb-container-inner-blocks-wrap\">\n<figure class=\"wp-block-image size-full is-resized\"><img fetchpriority=\"high\" decoding=\"async\" width=\"417\" height=\"400\" src=\"https:\/\/nuevo-renacer.com\/wp-content\/uploads\/2025\/10\/Cecilia-Rocha.webp\" alt=\"\" class=\"wp-image-8553\" style=\"width:289px;height:auto\" srcset=\"https:\/\/nuevo-renacer.com\/wp-content\/uploads\/2025\/10\/Cecilia-Rocha.webp 417w, https:\/\/nuevo-renacer.com\/wp-content\/uploads\/2025\/10\/Cecilia-Rocha-300x288.webp 300w, https:\/\/nuevo-renacer.com\/wp-content\/uploads\/2025\/10\/Cecilia-Rocha-13x12.webp 13w\" sizes=\"(max-width: 417px) 100vw, 417px\" \/><\/figure>\n<\/div><\/div>\n\n\n\n<div class=\"wp-block-uagb-container uagb-block-42fb5c57 alignfull uagb-is-root-container\"><div class=\"uagb-container-inner-blocks-wrap\">\n<p class=\"has-black-color has-text-color has-link-color has-small-font-size wp-elements-dbfaeec9369815d4e7aed57f200b4b75\">Cec\u00edlia Rocha wurde am 21. Mai 1919, ein Jahr nach dem Waffenstillstand des Ersten Weltkriegs, in Porto Alegre (Rio Grande do Sul) mit einer Mission des Lichts geboren. Sie war die Tochter von Jos\u00e9 Rocha und Carmem Rocha. Er war Bergmann aus Sete Lagoas und sie stammte aus Jaguar\u00e3o im Bundesstaat Rio Grande do Sul. Ihr Vater war Kaufmann, ihre Mutter Hausfrau. Sie war das \u00e4lteste von f\u00fcnf Geschwistern: Ot\u00e1vio, Alberto, M\u00e1rio und Fernando. Ihre Kindheit verbrachte sie in der Avenida Brasil im Stadtteil S\u00e3o Geraldo in Porto Alegre. Nach Abschluss der Grundschule besuchte sie die Sekundarschule am Instituto de Educa\u00e7\u00e3o Geral Flores Cunha in Porto Alegre, wo sie 1938 ihr Lehramtsstudium abschloss und damit ihre gl\u00e4nzende Zukunft im Bereich der Kinder- und Jugendbildung festlegte.<\/p>\n\n\n\n<p class=\"has-black-color has-text-color has-link-color has-small-font-size wp-elements-5ffcf282911011d96ed9f9a6197efa69\">&nbsp;Anschlie\u00dfend absolvierte sie den Kurs \u201eP\u00e4dagogische Methoden und Techniken\u201d und absolvierte mehrere Praktika an \u00f6ffentlichen Schulen ihrer Heimatstadt, um sich im Bereich der Lehre weiterzubilden. 1940 wurde sie zur \u00f6ffentlichen Lehrerin von Rio Grande do Sul ernannt und arbeitete zun\u00e4chst im Landesinneren. Cec\u00edlia pr\u00e4gte die von ihr geleiteten Schulen durch ihre administrative und p\u00e4dagogische Arbeit, die sich durch Organisation und Fortschritt auszeichnete. Sie regte die Schulgemeinschaft dazu an, sich mit den Familien und anderen Institutionen des Ortes, an dem sie sich befand, zu integrieren, und f\u00f6rderte kulturelle und b\u00fcrgerliche Aktivit\u00e4ten, die f\u00fcr alle von gro\u00dfer Bedeutung waren. Ihr Handeln war gepr\u00e4gt von einem offenen Dialog mit Sch\u00fclern, Lehrern und Familien, wobei sie sich um die Bewahrung und Umsetzung moralischer Werte bem\u00fchte. Auf diese Weise konnte sie immer auf die Unterst\u00fctzung aller f\u00fcr ihre Projekte z\u00e4hlen. Die R\u00e4umlichkeiten der Schulen unter der Leitung von Cec\u00edlia wurden st\u00e4ndig umgestaltet, da sie keine M\u00fchen scheute, um die Schuleinrichtungen zu verbessern, von den Klassenzimmern bis zum Garten und zum Gem\u00fcsegarten.<\/p>\n\n\n\n<p class=\"has-black-color has-text-color has-link-color has-small-font-size wp-elements-bed6d1deda8593ddfa183de602802704\">Dazu bezog sie Lehrer, Eltern und die Gemeinde mit ein, damit sie ihr bei diesem Vorhaben halfen, von dem die Sch\u00fcler profitierten, die nun trotz der Tatsache, dass es sich um eine \u00f6ffentliche Schule handelte, einen sauberen und angenehmen Schulraum hatten. Ihr dynamisches Wirken in den staatlichen \u00f6ffentlichen Schulen im Landesinneren von Rio Grande do Sul dauerte bis 1947, als sie nach Porto Alegre versetzt wurde, um dort zu unterrichten. Im Jahr 1957, als sie bereits als Evangelisatorin in die Spiritistische Bewegung von Rio Grande do Sul integriert war, wurde die junge Lehrerin gebeten, die Leitung der privaten Grundschule des Instituto Esp\u00edrita Amigo Germano zu \u00fcbernehmen. Die Schule war eine Grundschule mit sozialem Charakter, die sich der Alphabetisierung benachteiligter Kinder widmete und deren Lehrer vom Bildungsministerium des Bundesstaates zur Verf\u00fcgung gestellt wurden. 1958 nahm sie an einem Treffen junger Spiritisten aus dem Norden und Nordosten Brasiliens in Teresina im Bundesstaat Piau\u00ed teil. Als Vertreterin von Rio Grande do Sul stellte sie gemeinsam mit ihrer Schw\u00e4gerin, der Lehrerin Dinah Rocha, ihre Erfahrungen in der Region Gaucho vor. Bei dieser Gelegenheit unterhielt sie sich zum ersten Mal mit Divaldo Pereira Franco, der sie einlud, die Mans\u00e3o do Caminho (Haus des Weges) kennenzulernen und die dortige Schule zu leiten. Cec\u00edlia nahm die Einladung an und verbrachte von M\u00e4rz bis Dezember 1960 in der Mans\u00e3o do Caminho, wo sie als Direktorin der Grundschule der Sozialp\u00e4dagogischen Einrichtung von Divaldo Pereira Franco in Salvador, Bahia, arbeitete.<\/p>\n\n\n\n<p class=\"has-black-color has-text-color has-link-color has-small-font-size wp-elements-c35b366e10a0402e38bac6909e6c538b\">W\u00e4hrend dieser Zeit wirkte sie als echte Missionarin der spiritistischen Erziehung, mit Hingabe und Selbstlosigkeit f\u00fcr das Ideal. Ihre Fr\u00f6hlichkeit und ihr Fachwissen begeisterten alle und trugen p\u00e4dagogisch zur Verbesserung der Erziehung der Kinder im Heim bei, indem sie ihnen Gesang, Theater, Chor und vor allem Disziplin beibrachte, immer auf der Grundlage der spiritistischen Kodifizierung. Laut Divaldo hatte er, als er Cec\u00edlia Rocha kennenlernte, die Gelegenheit, mit dem Geist Francisco Spinelli in Kontakt zu treten, der sie begleitete und sie bei der Entwicklung der Aufgaben inspirierte, denen sie ihr kostbares Leben gewidmet hatte. Der edle Mentor teilte ihm damals mit, dass es sich um jemanden handelte, der sich der missionarischen Arbeit verschrieben hatte, das Bewusstsein von Kindern und Jugendlichen im Licht des Spiritismus zu erleuchten. Der Medium aus Bahia war sehr beeindruckt von der Einfachheit und Hingabe seiner lieben Freundin und kn\u00fcpfte seitdem wieder Bande gro\u00dfer Zuneigung und Respekt, da er die gro\u00dfe Bedeutung ihres Wirkens, die Ernsthaftigkeit, mit der sie es aus\u00fcbte, und ihre tiefe Beziehung zu den ehrw\u00fcrdigen Wesenheiten, die die spiritistische Bewegung in Brasilien leiten, verstand. Auf Einladung hin reiste Cec\u00edlia in mehrere Gemeinden im Landesinneren von Bahia, um die Evangelisierungsarbeit bekannt zu machen und Vortr\u00e4ge zu halten. Als das Schuljahr zu Ende war, kehrte sie nach Porto Alegre zur\u00fcck.<\/p>\n\n\n\n<p class=\"has-black-color has-text-color has-link-color has-small-font-size wp-elements-684efea74e843641226ca93b895bbf8e\">Sie fand bei Divaldo stets gro\u00dfe Unterst\u00fctzung f\u00fcr die Erf\u00fcllung ihrer Aufgabe. Sie standen in st\u00e4ndigem Kontakt, und er nutzte seine Reisen, um die Bedeutung der Arbeit zur Vorbereitung von Evangelisatoren, die sie und ihr Team leisteten, bekannt zu machen. Der Tribun aus Bahia bem\u00fchte sich, Cec\u00edlia bei ihren Reisen strategisch zu unterst\u00fctzen, indem er ihr Unterk\u00fcnfte bei bekannten Br\u00fcdern in den verschiedenen Bundesstaaten Brasiliens vermittelte, in die sie zusammen mit ihrem Team reiste, um ihre Arbeit zu verrichten. Auf diese Weise erhielten sie die n\u00f6tige Zuneigung und Unterst\u00fctzung, um den Vorbereitungskurs f\u00fcr Evangelisatoren durchzuf\u00fchren, der zu dieser Zeit ihre Hauptaufgabe war. Dar\u00fcber hinaus wurden Cec\u00edlia und Dinah Rocha als vorbildliche P\u00e4dagoginnen zu Pionierinnen dieser T\u00e4tigkeit, obwohl andere sie bereits ebenfalls aus\u00fcbten. Sie brachten Kinderpsychologie und zeitgen\u00f6ssische P\u00e4dagogik (aus jener Zeit) ein und schufen Texte, Geschichten und Lieder, in denen sie die Lehren des Spiritismus einf\u00fchrten, perfekt angepasst an die Interessen der Generationen, f\u00fcr die sie bestimmt waren.<\/p>\n\n\n\n<p class=\"has-black-color has-text-color has-link-color has-small-font-size wp-elements-087b82146dda32d30220da10a4c4e6b3\">&nbsp;In den 70er Jahren arbeitete Cec\u00edlia in der Leitung von Einrichtungen wie der Bildungsvereinigung Mahatma Gandhi in Porto Alegre und der Grundschule Hogar de los Peque\u00f1os de Jes\u00fas, wo sie sich um bed\u00fcrftige Kinder k\u00fcmmerte und Sonderunterricht f\u00fcr Sch\u00fcler mit geistiger Behinderung gab. Zu dieser Zeit studierte sie mit Auszeichnung an der P\u00e4dagogischen Fakult\u00e4t von Porto Alegre und schloss 1976 ihr Studium der P\u00e4dagogik mit Spezialisierung auf Schulverwaltung ab. 1980 wechselte Cec\u00edlia Rocha von der Spiritistischen F\u00f6deration von Rio Grande do Sul (FERGS) zur Brasilianischen Spiritistischen F\u00f6deration (FEB) in Bras\u00edlia, da der unvergessliche Pr\u00e4sident Francisco Thiesen jemanden mit umfassenden doktrin\u00e4ren Kenntnissen und Erfahrung mit Kindern und Jugendlichen suchte, um das Programm der Abteilung f\u00fcr Kinder und Jugendliche (DIJ) des Nationalen F\u00f6derativen Rates auszuweiten. Niemand au\u00dfer der beliebten P\u00e4dagogin aus Rio Grande do Sul vereinte all diese Eigenschaften in sich.<\/p>\n\n\n\n<p class=\"has-black-color has-text-color has-link-color has-small-font-size wp-elements-ca1fe01e43e1671bb912e24a4cabc587\">Mit wahrer Weisheit entfernte sich Cec\u00edlia nicht von ihren Wurzeln und ihrer Lehre, sondern schuf eine starke Verbindung, indem sie ihre Verpflichtungen elegant und gl\u00fccklich erf\u00fcllte, ohne irgendjemanden zu benachteiligen. Seit 1983 erweiterte Cec\u00edlia ihre T\u00e4tigkeit im Bereich der Lehre der Brasilianischen Spiritistischen F\u00f6deration. Neben der Koordination des DIJ \u00fcbernahm sie das ESDE (Systematisches Studium der Spiritistischen Lehre), die Medialit\u00e4t und das Vertiefungsstudium der Spiritistischen Lehre. Au\u00dferdem leitete sie die Erstellung der Hefte, die diese Aktivit\u00e4ten didaktisch-p\u00e4dagogisch unterst\u00fctzen. Cec\u00edlia war seit 1951 im Bereich der Evangelisierung neuer Generationen t\u00e4tig und bem\u00fchte sich stets, gemeinsam mit den verschiedenen Teams, mit denen sie zusammengearbeitet hat, Methoden und Strategien zu aktualisieren und dabei den evangelisch-spiritistischen Inhalt, der die Leitlinie der T\u00e4tigkeit ist, zu bewahren. Unter den vielen Eigenschaften ihres Charakters sticht ihre Treue zum Spiritismus hervor, die \u00fcber pers\u00f6nliche Interessen und menschliche Zuneigungen hinausgeht. Ihre Aufrichtigkeit, gepr\u00e4gt von Loyalit\u00e4t und Liebe zur Sache, war einer der sch\u00f6nen Werte ihres Verhaltens. Ihr Verzicht auf Familie, Zuneigung und Annehmlichkeiten, ihr Hin- und Herreisen in Brasilien und im Ausland in vergangenen, sehr schwierigen und von Vorurteilen gepr\u00e4gten Zeiten, die sich von den heutigen unterscheiden, zeugen von der Gr\u00f6\u00dfe ihres Geistes. G\u00fcte, Freundlichkeit und Zuneigung gegen\u00fcber allen sind weitere Werte, die sie auszeichneten.<\/p>\n\n\n\n<p class=\"has-black-color has-text-color has-link-color has-small-font-size wp-elements-aafdbb8efcaa9f3e8284c6acd4a04ae3\">Seit ihrer Ausbildung zur Lehrerin widmet sich Cec\u00edlia dem Studium des Lebens und Werks der gro\u00dfen P\u00e4dagogen der Menschheit, um darin eine theoretische Grundlage und Inspiration f\u00fcr ihre Unterrichtspraxis zu finden. F\u00fcr sie war Jer\u00f3nimo de Braga, ein Sch\u00fcler von Jan Huss, immer Anlass zu tiefgr\u00fcndigen \u00dcberlegungen \u00fcber die Frage der Auswahl und Bedeutung der Inhalte, die Kindern und Jugendlichen vermittelt werden sollten. Das war eines ihrer st\u00e4ndigen Anliegen als P\u00e4dagogin: Was soll man lehren, was soll man den Sch\u00fclern bieten, diesen unsterblichen Geistern, die auf der Durchreise durch die Inkarnation sind? Jon Amos Comeniuns war einer von Cecilias Lieblingslehrern, weil sie bei ihm viele Antworten und Anregungen fand, wie sie die ausgew\u00e4hlten Inhalte entwickeln konnte, und er ihr half, dar\u00fcber nachzudenken, welche Methodik am besten geeignet w\u00e4re, um das Interesse der Sch\u00fcler wirklich zu wecken, und welche Mittel am sinnvollsten w\u00e4ren, um das in jedem Sch\u00fcler schlummernde Potenzial zu wecken.<\/p>\n\n\n\n<p class=\"has-black-color has-text-color has-link-color has-small-font-size wp-elements-3a0765f381fab2e7a1cd9b935d4e60b9\">Cec\u00edlia suchte auch Inspiration und Orientierung in den Idealen von Jean Jaques Rousseau, in Pestalozzis p\u00e4dagogischem Ansatz, der sich in der praktischen Anwendung bei Friedrich Fr\u00f6bel und seinem didaktischen Ansatz f\u00fcr die fr\u00fche Kindheit bew\u00e4hrt hat, sowie bei Maria Montessori und anderen.  Sie war stets aufgeschlossen f\u00fcr neue Theorien zum Lehren und Lernen, analysierte kritisch die Neuerungen, die im 20. und 21. Jahrhundert in der P\u00e4dagogik aufkamen, regte Diskussionen mit den von ihr koordinierten Arbeitsteams an und versuchte, alles aufzunehmen, was n\u00fctzlich und gut war und die von der FEB (Brasilianische Spiritistische F\u00f6deration) vorgeschlagene p\u00e4dagogische Arbeit bereichern w\u00fcrde. Sie kehrte in den fr\u00fchen Morgenstunden des 5. November 2012 im Alter von 93 Jahren im Intensivzentrum des Krankenhauses Santa Marta im Bundesdistrikt in die geistige Welt zur\u00fcck.<\/p>\n<\/div><\/div>\n\n\n\n<div class=\"wp-block-uagb-container uagb-block-254f4b91 alignfull uagb-is-root-container\"><div class=\"uagb-container-inner-blocks-wrap\"><\/div><\/div>\n\n\n\n<div class=\"wp-block-uagb-container uagb-block-2f055952 alignfull uagb-is-root-container\"><div class=\"uagb-container-inner-blocks-wrap\"><\/div><\/div>","protected":false},"excerpt":{"rendered":"<p>Cec\u00edlia Rocha Cec\u00edlia Rocha naci\u00f3 en Porto Alegre (Rio Grande do Sul) el 21 de mayo de 1919, un a\u00f1o despu\u00e9s del armisticio de la Primera Guerra Mundial, con una misi\u00f3n de luz. Hija de Jos\u00e9 Rocha y Carmem Rocha. \u00c9l, minero de Sete Lagoas y ella, gaucha de la ciudad de Jaguar\u00e3o. Su padre [&hellip;]<\/p>","protected":false},"author":1,"featured_media":0,"parent":0,"menu_order":0,"comment_status":"closed","ping_status":"closed","template":"","meta":{"_uag_custom_page_level_css":"","site-sidebar-layout":"default","site-content-layout":"","ast-site-content-layout":"default","site-content-style":"default","site-sidebar-style":"default","ast-global-header-display":"","ast-banner-title-visibility":"","ast-main-header-display":"","ast-hfb-above-header-display":"","ast-hfb-below-header-display":"","ast-hfb-mobile-header-display":"","site-post-title":"disabled","ast-breadcrumbs-content":"","ast-featured-img":"","footer-sml-layout":"","theme-transparent-header-meta":"","adv-header-id-meta":"","stick-header-meta":"","header-above-stick-meta":"","header-main-stick-meta":"","header-below-stick-meta":"","astra-migrate-meta-layouts":"set","ast-page-background-enabled":"default","ast-page-background-meta":{"desktop":{"background-color":"var(--ast-global-color-4)","background-image":"","background-repeat":"repeat","background-position":"center center","background-size":"auto","background-attachment":"scroll","background-type":"","background-media":"","overlay-type":"","overlay-color":"","overlay-opacity":"","overlay-gradient":""},"tablet":{"background-color":"","background-image":"","background-repeat":"repeat","background-position":"center center","background-size":"auto","background-attachment":"scroll","background-type":"","background-media":"","overlay-type":"","overlay-color":"","overlay-opacity":"","overlay-gradient":""},"mobile":{"background-color":"","background-image":"","background-repeat":"repeat","background-position":"center center","background-size":"auto","background-attachment":"scroll","background-type":"","background-media":"","overlay-type":"","overlay-color":"","overlay-opacity":"","overlay-gradient":""}},"ast-content-background-meta":{"desktop":{"background-color":"var(--ast-global-color-5)","background-image":"","background-repeat":"repeat","background-position":"center center","background-size":"auto","background-attachment":"scroll","background-type":"","background-media":"","overlay-type":"","overlay-color":"","overlay-opacity":"","overlay-gradient":""},"tablet":{"background-color":"var(--ast-global-color-5)","background-image":"","background-repeat":"repeat","background-position":"center center","background-size":"auto","background-attachment":"scroll","background-type":"","background-media":"","overlay-type":"","overlay-color":"","overlay-opacity":"","overlay-gradient":""},"mobile":{"background-color":"var(--ast-global-color-5)","background-image":"","background-repeat":"repeat","background-position":"center center","background-size":"auto","background-attachment":"scroll","background-type":"","background-media":"","overlay-type":"","overlay-color":"","overlay-opacity":"","overlay-gradient":""}},"footnotes":""},"class_list":["post-8552","page","type-page","status-publish","hentry"],"yoast_head":"<!-- This site is optimized with the Yoast SEO Premium plugin v24.2 (Yoast SEO v24.6) - https:\/\/yoast.com\/wordpress\/plugins\/seo\/ -->\n<title>Cec\u00edlia Rocha - Uni\u00f3n Esp\u00edrita<\/title>\n<meta name=\"robots\" content=\"index, follow, max-snippet:-1, max-image-preview:large, max-video-preview:-1\" \/>\n<link rel=\"canonical\" href=\"https:\/\/nuevo-renacer.com\/de\/cecilia-rocha\/\" \/>\n<meta property=\"og:locale\" content=\"de_DE\" \/>\n<meta property=\"og:type\" content=\"article\" \/>\n<meta property=\"og:title\" content=\"Cec\u00edlia Rocha\" \/>\n<meta property=\"og:description\" content=\"Cec\u00edlia Rocha Cec\u00edlia Rocha naci\u00f3 en Porto Alegre (Rio Grande do Sul) el 21 de mayo de 1919, un a\u00f1o despu\u00e9s del armisticio de la Primera Guerra Mundial, con una misi\u00f3n de luz. Hija de Jos\u00e9 Rocha y Carmem Rocha. \u00c9l, minero de Sete Lagoas y ella, gaucha de la ciudad de Jaguar\u00e3o. Su padre [&hellip;]\" \/>\n<meta property=\"og:url\" content=\"https:\/\/nuevo-renacer.com\/de\/cecilia-rocha\/\" \/>\n<meta property=\"og:site_name\" content=\"Uni\u00f3n Esp\u00edrita\" \/>\n<meta property=\"article:publisher\" content=\"https:\/\/www.facebook.com\/groups\/3431398063740829\" \/>\n<meta property=\"article:modified_time\" content=\"2025-10-20T07:49:32+00:00\" \/>\n<meta property=\"og:image\" content=\"https:\/\/nuevo-renacer.com\/wp-content\/uploads\/2025\/10\/Cecilia-Rocha.webp\" \/>\n\t<meta property=\"og:image:width\" content=\"417\" \/>\n\t<meta property=\"og:image:height\" content=\"400\" \/>\n\t<meta property=\"og:image:type\" content=\"image\/webp\" \/>\n<meta name=\"twitter:card\" content=\"summary_large_image\" \/>\n<meta name=\"twitter:label1\" content=\"Gesch\u00e4tzte Lesezeit\" \/>\n\t<meta name=\"twitter:data1\" content=\"10\u00a0Minuten\" \/>\n<script type=\"application\/ld+json\" class=\"yoast-schema-graph\">{\"@context\":\"https:\/\/schema.org\",\"@graph\":[{\"@type\":\"WebPage\",\"@id\":\"https:\/\/nuevo-renacer.com\/cecilia-rocha\/\",\"url\":\"https:\/\/nuevo-renacer.com\/cecilia-rocha\/\",\"name\":\"Cec\u00edlia Rocha - Uni\u00f3n Esp\u00edrita\",\"isPartOf\":{\"@id\":\"https:\/\/nuevo-renacer.com\/#website\"},\"primaryImageOfPage\":{\"@id\":\"https:\/\/nuevo-renacer.com\/cecilia-rocha\/#primaryimage\"},\"image\":{\"@id\":\"https:\/\/nuevo-renacer.com\/cecilia-rocha\/#primaryimage\"},\"thumbnailUrl\":\"https:\/\/nuevo-renacer.com\/wp-content\/uploads\/2025\/10\/Cecilia-Rocha.webp\",\"datePublished\":\"2025-10-20T07:49:29+00:00\",\"dateModified\":\"2025-10-20T07:49:32+00:00\",\"breadcrumb\":{\"@id\":\"https:\/\/nuevo-renacer.com\/cecilia-rocha\/#breadcrumb\"},\"inLanguage\":\"de\",\"potentialAction\":[{\"@type\":\"ReadAction\",\"target\":[\"https:\/\/nuevo-renacer.com\/cecilia-rocha\/\"]}]},{\"@type\":\"ImageObject\",\"inLanguage\":\"de\",\"@id\":\"https:\/\/nuevo-renacer.com\/cecilia-rocha\/#primaryimage\",\"url\":\"https:\/\/nuevo-renacer.com\/wp-content\/uploads\/2025\/10\/Cecilia-Rocha.webp\",\"contentUrl\":\"https:\/\/nuevo-renacer.com\/wp-content\/uploads\/2025\/10\/Cecilia-Rocha.webp\"},{\"@type\":\"BreadcrumbList\",\"@id\":\"https:\/\/nuevo-renacer.com\/cecilia-rocha\/#breadcrumb\",\"itemListElement\":[{\"@type\":\"ListItem\",\"position\":1,\"name\":\"Startseite\",\"item\":\"https:\/\/nuevo-renacer.com\/\"},{\"@type\":\"ListItem\",\"position\":2,\"name\":\"Cec\u00edlia Rocha\"}]},{\"@type\":\"WebSite\",\"@id\":\"https:\/\/nuevo-renacer.com\/#website\",\"url\":\"https:\/\/nuevo-renacer.com\/\",\"name\":\"Uni\u00f3n Esp\u00edrita\",\"description\":\"Nuevo Renacer\",\"publisher\":{\"@id\":\"https:\/\/nuevo-renacer.com\/#organization\"},\"potentialAction\":[{\"@type\":\"SearchAction\",\"target\":{\"@type\":\"EntryPoint\",\"urlTemplate\":\"https:\/\/nuevo-renacer.com\/?s={search_term_string}\"},\"query-input\":{\"@type\":\"PropertyValueSpecification\",\"valueRequired\":true,\"valueName\":\"search_term_string\"}}],\"inLanguage\":\"de\"},{\"@type\":\"Organization\",\"@id\":\"https:\/\/nuevo-renacer.com\/#organization\",\"name\":\"UFEC\",\"url\":\"https:\/\/nuevo-renacer.com\/\",\"logo\":{\"@type\":\"ImageObject\",\"inLanguage\":\"de\",\"@id\":\"https:\/\/nuevo-renacer.com\/#\/schema\/logo\/image\/\",\"url\":\"https:\/\/nuevo-renacer.com\/wp-content\/uploads\/2024\/05\/cropped-LOGO-TERMINADO1-3-3.png\",\"contentUrl\":\"https:\/\/nuevo-renacer.com\/wp-content\/uploads\/2024\/05\/cropped-LOGO-TERMINADO1-3-3.png\",\"width\":512,\"height\":512,\"caption\":\"UFEC\"},\"image\":{\"@id\":\"https:\/\/nuevo-renacer.com\/#\/schema\/logo\/image\/\"},\"sameAs\":[\"https:\/\/www.facebook.com\/groups\/3431398063740829\"]}]}<\/script>\n<!-- \/ Yoast SEO Premium plugin. -->","yoast_head_json":{"title":"Cec\u00edlia Rocha - Uni\u00f3n Esp\u00edrita","robots":{"index":"index","follow":"follow","max-snippet":"max-snippet:-1","max-image-preview":"max-image-preview:large","max-video-preview":"max-video-preview:-1"},"canonical":"https:\/\/nuevo-renacer.com\/de\/cecilia-rocha\/","og_locale":"de_DE","og_type":"article","og_title":"Cec\u00edlia Rocha","og_description":"Cec\u00edlia Rocha Cec\u00edlia Rocha naci\u00f3 en Porto Alegre (Rio Grande do Sul) el 21 de mayo de 1919, un a\u00f1o despu\u00e9s del armisticio de la Primera Guerra Mundial, con una misi\u00f3n de luz. Hija de Jos\u00e9 Rocha y Carmem Rocha. \u00c9l, minero de Sete Lagoas y ella, gaucha de la ciudad de Jaguar\u00e3o. Su padre [&hellip;]","og_url":"https:\/\/nuevo-renacer.com\/de\/cecilia-rocha\/","og_site_name":"Uni\u00f3n Esp\u00edrita","article_publisher":"https:\/\/www.facebook.com\/groups\/3431398063740829","article_modified_time":"2025-10-20T07:49:32+00:00","og_image":[{"width":417,"height":400,"url":"https:\/\/nuevo-renacer.com\/wp-content\/uploads\/2025\/10\/Cecilia-Rocha.webp","type":"image\/webp"}],"twitter_card":"summary_large_image","twitter_misc":{"Gesch\u00e4tzte Lesezeit":"10\u00a0Minuten"},"schema":{"@context":"https:\/\/schema.org","@graph":[{"@type":"WebPage","@id":"https:\/\/nuevo-renacer.com\/cecilia-rocha\/","url":"https:\/\/nuevo-renacer.com\/cecilia-rocha\/","name":"Cec\u00edlia Rocha - Uni\u00f3n Esp\u00edrita","isPartOf":{"@id":"https:\/\/nuevo-renacer.com\/#website"},"primaryImageOfPage":{"@id":"https:\/\/nuevo-renacer.com\/cecilia-rocha\/#primaryimage"},"image":{"@id":"https:\/\/nuevo-renacer.com\/cecilia-rocha\/#primaryimage"},"thumbnailUrl":"https:\/\/nuevo-renacer.com\/wp-content\/uploads\/2025\/10\/Cecilia-Rocha.webp","datePublished":"2025-10-20T07:49:29+00:00","dateModified":"2025-10-20T07:49:32+00:00","breadcrumb":{"@id":"https:\/\/nuevo-renacer.com\/cecilia-rocha\/#breadcrumb"},"inLanguage":"de","potentialAction":[{"@type":"ReadAction","target":["https:\/\/nuevo-renacer.com\/cecilia-rocha\/"]}]},{"@type":"ImageObject","inLanguage":"de","@id":"https:\/\/nuevo-renacer.com\/cecilia-rocha\/#primaryimage","url":"https:\/\/nuevo-renacer.com\/wp-content\/uploads\/2025\/10\/Cecilia-Rocha.webp","contentUrl":"https:\/\/nuevo-renacer.com\/wp-content\/uploads\/2025\/10\/Cecilia-Rocha.webp"},{"@type":"BreadcrumbList","@id":"https:\/\/nuevo-renacer.com\/cecilia-rocha\/#breadcrumb","itemListElement":[{"@type":"ListItem","position":1,"name":"Startseite","item":"https:\/\/nuevo-renacer.com\/"},{"@type":"ListItem","position":2,"name":"Cec\u00edlia Rocha"}]},{"@type":"WebSite","@id":"https:\/\/nuevo-renacer.com\/#website","url":"https:\/\/nuevo-renacer.com\/","name":"Uni\u00f3n Esp\u00edrita","description":"Nuevo Renacer","publisher":{"@id":"https:\/\/nuevo-renacer.com\/#organization"},"potentialAction":[{"@type":"SearchAction","target":{"@type":"EntryPoint","urlTemplate":"https:\/\/nuevo-renacer.com\/?s={search_term_string}"},"query-input":{"@type":"PropertyValueSpecification","valueRequired":true,"valueName":"search_term_string"}}],"inLanguage":"de"},{"@type":"Organization","@id":"https:\/\/nuevo-renacer.com\/#organization","name":"UFEC","url":"https:\/\/nuevo-renacer.com\/","logo":{"@type":"ImageObject","inLanguage":"de","@id":"https:\/\/nuevo-renacer.com\/#\/schema\/logo\/image\/","url":"https:\/\/nuevo-renacer.com\/wp-content\/uploads\/2024\/05\/cropped-LOGO-TERMINADO1-3-3.png","contentUrl":"https:\/\/nuevo-renacer.com\/wp-content\/uploads\/2024\/05\/cropped-LOGO-TERMINADO1-3-3.png","width":512,"height":512,"caption":"UFEC"},"image":{"@id":"https:\/\/nuevo-renacer.com\/#\/schema\/logo\/image\/"},"sameAs":["https:\/\/www.facebook.com\/groups\/3431398063740829"]}]}},"uagb_featured_image_src":{"full":false,"thumbnail":false,"medium":false,"medium_large":false,"large":false,"1536x1536":false,"2048x2048":false,"trp-custom-language-flag":false},"uagb_author_info":{"display_name":"adbv0","author_link":"https:\/\/nuevo-renacer.com\/de\/author\/adbv0\/"},"uagb_comment_info":0,"uagb_excerpt":"Cec\u00edlia Rocha Cec\u00edlia Rocha naci\u00f3 en Porto Alegre (Rio Grande do Sul) el 21 de mayo de 1919, un a\u00f1o despu\u00e9s del armisticio de la Primera Guerra Mundial, con una misi\u00f3n de luz. Hija de Jos\u00e9 Rocha y Carmem Rocha. \u00c9l, minero de Sete Lagoas y ella, gaucha de la ciudad de Jaguar\u00e3o. Su padre&hellip;","jetpack_sharing_enabled":true,"_links":{"self":[{"href":"https:\/\/nuevo-renacer.com\/de\/wp-json\/wp\/v2\/pages\/8552","targetHints":{"allow":["GET"]}}],"collection":[{"href":"https:\/\/nuevo-renacer.com\/de\/wp-json\/wp\/v2\/pages"}],"about":[{"href":"https:\/\/nuevo-renacer.com\/de\/wp-json\/wp\/v2\/types\/page"}],"author":[{"embeddable":true,"href":"https:\/\/nuevo-renacer.com\/de\/wp-json\/wp\/v2\/users\/1"}],"replies":[{"embeddable":true,"href":"https:\/\/nuevo-renacer.com\/de\/wp-json\/wp\/v2\/comments?post=8552"}],"version-history":[{"count":1,"href":"https:\/\/nuevo-renacer.com\/de\/wp-json\/wp\/v2\/pages\/8552\/revisions"}],"predecessor-version":[{"id":8554,"href":"https:\/\/nuevo-renacer.com\/de\/wp-json\/wp\/v2\/pages\/8552\/revisions\/8554"}],"wp:attachment":[{"href":"https:\/\/nuevo-renacer.com\/de\/wp-json\/wp\/v2\/media?parent=8552"}],"curies":[{"name":"wp","href":"https:\/\/api.w.org\/{rel}","templated":true}]}}