{"id":8527,"date":"2025-09-19T12:37:19","date_gmt":"2025-09-19T12:37:19","guid":{"rendered":"https:\/\/nuevo-renacer.com\/?page_id=8527"},"modified":"2025-09-19T13:06:49","modified_gmt":"2025-09-19T13:06:49","slug":"manoel-philomeno-de-miranda","status":"publish","type":"page","link":"https:\/\/nuevo-renacer.com\/de\/manoel-philomeno-de-miranda\/","title":{"rendered":"Manoel Philomeno de Miranda"},"content":{"rendered":"<div class=\"wp-block-uagb-container uagb-block-3f91f461 alignfull uagb-is-root-container\"><div class=\"uagb-container-inner-blocks-wrap\">\n<p class=\"has-black-color has-text-color has-link-color has-medium-font-size wp-elements-fc7eb1c268c54fd6e5a6f590f8297837\"><strong>Manoel Philomeno de Miranda<\/strong><\/p>\n<\/div><\/div>\n\n\n\n<div class=\"wp-block-uagb-container uagb-block-fbd2ac9d alignfull uagb-is-root-container\"><div class=\"uagb-container-inner-blocks-wrap\">\n<figure class=\"wp-block-image size-full is-resized\"><img fetchpriority=\"high\" decoding=\"async\" width=\"200\" height=\"280\" src=\"https:\/\/nuevo-renacer.com\/wp-content\/uploads\/2025\/09\/14398SK1439318327G.jpg\" alt=\"\" class=\"wp-image-8528\" style=\"width:228px;height:auto\" srcset=\"https:\/\/nuevo-renacer.com\/wp-content\/uploads\/2025\/09\/14398SK1439318327G.jpg 200w, https:\/\/nuevo-renacer.com\/wp-content\/uploads\/2025\/09\/14398SK1439318327G-9x12.jpg 9w\" sizes=\"(max-width: 200px) 100vw, 200px\" \/><\/figure>\n<\/div><\/div>\n\n\n\n<div class=\"wp-block-uagb-container uagb-block-42f7f6c4 alignfull uagb-is-root-container\"><div class=\"uagb-container-inner-blocks-wrap\">\n<p class=\"has-black-color has-text-color has-link-color has-small-font-size wp-elements-a9aaada561324f6678b6a110ab837c5d\">Besser bekannt als Filomeno de Miranda: Er war viele Jahre lang ein herausragender Mitarbeiter der Spiritistischen Bewegung von Bahia und wurde schlie\u00dflich zum Pr\u00e4sidenten der Spiritistischen Union von Bahia gew\u00e4hlt, wo er Jos\u00e9 Petitinga abl\u00f6ste, als dieser am 25. Mai 1939 in Salvador in die geistige Welt zur\u00fcckkehrte.<\/p>\n\n\n\n<p class=\"has-black-color has-text-color has-link-color has-small-font-size wp-elements-33396b73a23c44244af15f32dec71c3b\">Manoel Filomeno de Baptista de Miranda wurde am 14. November 1876 in Jangada, Gemeinde Conde im Bundesstaat Bahia, als Sohn von Manoel Baptista de Miranda und Umbelina Maria de Concei\u00e7\u00e3o geboren.<\/p>\n\n\n\n<p class=\"has-black-color has-text-color has-link-color has-small-font-size wp-elements-091a60588fcad967456785d91522f864\">Er besuchte die St\u00e4dtische Schule von Bahia, heute Fakult\u00e4t f\u00fcr Wirtschaftswissenschaften der Bundesuniversit\u00e4t von Bahia, und schloss sein Studium 1910 mit einem Bachelor in Handel und Finanzen ab. Er \u00fcbte seinen Beruf mit gro\u00dfer Integrit\u00e4t aus und war ein Vorbild f\u00fcr Effizienz im beruflichen Bereich. Er half immer allen, die ihn darum baten, auch wenn sie seine Dienste nicht verg\u00fcten konnten. Er war in seinem Verhalten ebenso gro\u00df wie in seiner Bescheidenheit. 1914, geschw\u00e4cht durch eine hartn\u00e4ckige Krankheit und nachdem er verschiedene \u00c4rzte ohne Erfolg konsultiert hatte, wurde er vom Medium Saturnino Favila in der Stadt Alagoi\u00f1as mit Handauflegen und fluidisiertem Wasser geheilt, erg\u00e4nzt durch einige Heilmittel aus Heilpflanzen.<\/p>\n\n\n\n<p class=\"has-black-color has-text-color has-link-color has-small-font-size wp-elements-348df81c6265b93224d77b0d9b58583c\">Zu dieser Zeit lernte er auf einer Reise nach Salvador Jos\u00e9 Petitinga kennen, der ihn einlud, die Uni\u00e3o Esp\u00edrita Baiana zu besuchen. Von da an interessierte sich Filomeno de Miranda f\u00fcr das Studium und die Praxis des Spiritismus und wurde zu einem der \u00fcberzeugtesten Anh\u00e4nger seiner Lehren. Als treuer Sch\u00fcler von Petitinga war er ein echter Botschafter der Spiritistischen Bewegung von Bahia und in der Lage, alle relevanten Angelegenheiten der Spiritistischen Zentren zu l\u00f6sen. Im Dienste der Sache besuchte er regelm\u00e4\u00dfig die Spiritistischen Gesellschaften der Hauptstadt und des Landesinneren, um L\u00f6sungen f\u00fcr alle Schwierigkeiten zu finden. Feinf\u00fchlig, h\u00f6flich und vor allem entschlossen in seiner Arbeit, lie\u00df er sich von sinnlosen Angriffen nicht beirren, die von Geistlichen und Wissenschaftlern kamen, die versuchten, die Arbeit der Spiritisten zu widerlegen.<\/p>\n\n\n\n<p class=\"has-black-color has-text-color has-link-color wp-elements-f10bd8b772a1a1ee7f081480867d2c1b\"><strong><strong>Psychografische Werke<\/strong><\/strong><\/p>\n\n\n\n<p class=\"has-black-color has-text-color has-link-color has-small-font-size wp-elements-90ec91ff1d833f8ec1c57a190e54dfb9\">Die Werke von Manoel Philomeno, die durch die Medialit\u00e4t von Divaldo Franco psychografiert wurden, wurden von der Brasilianischen Spiritistischen F\u00f6deration und dem Verlag Leal de Salvador ver\u00f6ffentlicht.<\/p>\n\n\n\n<div class=\"wp-block-group is-layout-constrained wp-block-group-is-layout-constrained\">\n<p class=\"has-black-color has-text-color has-link-color has-small-font-size wp-elements-24d01388e683dc56258df1dd2bdac9eb\">\u2013 Hinter den Kulissen der Obsession 1970 FEB<\/p>\n\n\n\n<p class=\"has-black-color has-text-color has-link-color has-small-font-size wp-elements-34a0c48c766e49c8e703da3469db5845\">\u2013 Zerbrochene Fesseln 1974 LEAL<\/p>\n\n\n\n<p class=\"has-black-color has-text-color has-link-color has-small-font-size wp-elements-e389e937368423219fc65f1999ef2d80\">\u2013 Schicksalsstr\u00e4nge 1976 FEB<\/p>\n\n\n\n<p class=\"has-black-color has-text-color has-link-color has-small-font-size wp-elements-b47a9ca81ab416fc29dd77a9d7835f65\">\u2013 An den Grenzen des Wahnsinns 1982 LEAL<\/p>\n\n\n\n<p class=\"has-black-color has-text-color has-link-color has-small-font-size wp-elements-3604b0fc297e928de8277c5cf2c622b0\">\u2013 Hinter den Kulissen der Obsession 1984 LEAL<\/p>\n\n\n\n<p class=\"has-black-color has-text-color has-link-color has-small-font-size wp-elements-77509db801e07e747fb06df6ccbbd68f\">\u2013 Wahnsinn und Obsession 1988 FEB<\/p>\n\n\n\n<p class=\"has-black-color has-text-color has-link-color has-small-font-size wp-elements-4fa3898cf71953f58127b5b8b3c1ebbd\">\u2013 Themen von Leben und Tod 1996 FEB<\/p>\n\n\n\n<p class=\"has-black-color has-text-color has-link-color has-small-font-size wp-elements-c712e5dbe65932b136ba4b02aa7135ee\">\u2013 Wege der Befreiung 1996 FEB<\/p>\n\n\n\n<p class=\"has-black-color has-text-color has-link-color has-small-font-size wp-elements-4661282a78f73bd55c3e584245ffa2d8\">\u2013 Obsession \/ Qualen 2001 LEAL<\/p>\n\n\n\n<p class=\"has-black-color has-text-color has-link-color has-small-font-size wp-elements-c402da8b2dac8024396cf698c6277a13\">\u2013 Sex und Obsession 2003 LEAL<\/p>\n\n\n\n<p class=\"has-black-color has-text-color has-link-color has-small-font-size wp-elements-a1feabc7666ffa2f2413c28f7057c57f\">\u2013 Zwischen zwei Welten 2006 LEAL<\/p>\n\n\n\n<p class=\"has-black-color has-text-color has-link-color has-small-font-size wp-elements-41cfcdd8be2b9d5e077e4181913fabf9\">\u2013 Wiedersehen mit dem Leben 2006 LEAL<\/p>\n\n\n\n<p class=\"has-black-color has-text-color has-link-color has-small-font-size wp-elements-e0f8f641c3b7e257982a2f04356ce143\">\u2013 Psychiatrische und obsessive St\u00f6rungen 2009 LEAL<\/p>\n\n\n\n<p class=\"has-black-color has-text-color has-link-color has-small-font-size wp-elements-eb2174d901a9ad263ce8cfd9461acc35\">\u2013 Planetarischer \u00dcbergang 2010 LEAL<\/p>\n\n\n\n<p class=\"has-black-color has-text-color has-link-color has-small-font-size wp-elements-b464cf30aa73cb703c59fc2fc45b15ed\">\u2013 Medialit\u00e4t: Herausforderungen und Segnungen 2012 LEAL<\/p>\n\n\n\n<p class=\"has-black-color has-text-color has-link-color has-small-font-size wp-elements-71470627fa09bae5f28f50cfdad48c62\">\u2013 Der Beginn einer neuen \u00c4ra 2012 LEAL<\/p>\n\n\n\n<p class=\"has-black-color has-text-color has-link-color has-small-font-size wp-elements-dbf2d1fff9ee91b6a4f9365dee2c9ee7\">\u2013 Spirituelle St\u00f6rungen 2015 LEAL<\/p>\n<\/div>\n<\/div><\/div>\n\n\n\n<div class=\"wp-block-uagb-container uagb-block-d9ab3597 alignfull uagb-is-root-container\"><div class=\"uagb-container-inner-blocks-wrap\"><\/div><\/div>\n\n\n\n<div class=\"wp-block-uagb-container uagb-block-c0a9d6f7 alignfull uagb-is-root-container\"><div class=\"uagb-container-inner-blocks-wrap\"><\/div><\/div>","protected":false},"excerpt":{"rendered":"<p>Manoel Philomeno de Miranda M\u00e1s conocido como Filomeno de Miranda: fue durante muchos a\u00f1os colaborador destacado del Movimiento Espirita de Bah\u00eda, culminando con su elecci\u00f3n para la Presidencia de la Uni\u00f3n Esp\u00edrita Baiana, sustituyendo a Jose Petitinga, cuando \u00e9ste retom\u00f3 al Plano Espiritual, el 25 de mayo de 1939, en Salvador. Manoel Filomeno de Baptista [&hellip;]<\/p>","protected":false},"author":1,"featured_media":0,"parent":0,"menu_order":0,"comment_status":"closed","ping_status":"closed","template":"","meta":{"_uag_custom_page_level_css":"","site-sidebar-layout":"default","site-content-layout":"","ast-site-content-layout":"default","site-content-style":"default","site-sidebar-style":"default","ast-global-header-display":"","ast-banner-title-visibility":"","ast-main-header-display":"","ast-hfb-above-header-display":"","ast-hfb-below-header-display":"","ast-hfb-mobile-header-display":"","site-post-title":"disabled","ast-breadcrumbs-content":"","ast-featured-img":"","footer-sml-layout":"","theme-transparent-header-meta":"","adv-header-id-meta":"","stick-header-meta":"","header-above-stick-meta":"","header-main-stick-meta":"","header-below-stick-meta":"","astra-migrate-meta-layouts":"set","ast-page-background-enabled":"default","ast-page-background-meta":{"desktop":{"background-color":"var(--ast-global-color-4)","background-image":"","background-repeat":"repeat","background-position":"center center","background-size":"auto","background-attachment":"scroll","background-type":"","background-media":"","overlay-type":"","overlay-color":"","overlay-opacity":"","overlay-gradient":""},"tablet":{"background-color":"","background-image":"","background-repeat":"repeat","background-position":"center center","background-size":"auto","background-attachment":"scroll","background-type":"","background-media":"","overlay-type":"","overlay-color":"","overlay-opacity":"","overlay-gradient":""},"mobile":{"background-color":"","background-image":"","background-repeat":"repeat","background-position":"center center","background-size":"auto","background-attachment":"scroll","background-type":"","background-media":"","overlay-type":"","overlay-color":"","overlay-opacity":"","overlay-gradient":""}},"ast-content-background-meta":{"desktop":{"background-color":"var(--ast-global-color-5)","background-image":"","background-repeat":"repeat","background-position":"center center","background-size":"auto","background-attachment":"scroll","background-type":"","background-media":"","overlay-type":"","overlay-color":"","overlay-opacity":"","overlay-gradient":""},"tablet":{"background-color":"var(--ast-global-color-5)","background-image":"","background-repeat":"repeat","background-position":"center center","background-size":"auto","background-attachment":"scroll","background-type":"","background-media":"","overlay-type":"","overlay-color":"","overlay-opacity":"","overlay-gradient":""},"mobile":{"background-color":"var(--ast-global-color-5)","background-image":"","background-repeat":"repeat","background-position":"center center","background-size":"auto","background-attachment":"scroll","background-type":"","background-media":"","overlay-type":"","overlay-color":"","overlay-opacity":"","overlay-gradient":""}},"footnotes":""},"class_list":["post-8527","page","type-page","status-publish","hentry"],"yoast_head":"<!-- This site is optimized with the Yoast SEO Premium plugin v24.2 (Yoast SEO v24.6) - https:\/\/yoast.com\/wordpress\/plugins\/seo\/ -->\n<title>Manoel Philomeno de Miranda - Uni\u00f3n Esp\u00edrita<\/title>\n<meta name=\"robots\" content=\"index, follow, max-snippet:-1, max-image-preview:large, max-video-preview:-1\" \/>\n<link rel=\"canonical\" href=\"https:\/\/nuevo-renacer.com\/de\/manoel-philomeno-de-miranda\/\" \/>\n<meta property=\"og:locale\" content=\"de_DE\" \/>\n<meta property=\"og:type\" content=\"article\" \/>\n<meta property=\"og:title\" content=\"Manoel Philomeno de Miranda\" \/>\n<meta property=\"og:description\" content=\"Manoel Philomeno de Miranda M\u00e1s conocido como Filomeno de Miranda: fue durante muchos a\u00f1os colaborador destacado del Movimiento Espirita de Bah\u00eda, culminando con su elecci\u00f3n para la Presidencia de la Uni\u00f3n Esp\u00edrita Baiana, sustituyendo a Jose Petitinga, cuando \u00e9ste retom\u00f3 al Plano Espiritual, el 25 de mayo de 1939, en Salvador. Manoel Filomeno de Baptista [&hellip;]\" \/>\n<meta property=\"og:url\" content=\"https:\/\/nuevo-renacer.com\/de\/manoel-philomeno-de-miranda\/\" \/>\n<meta property=\"og:site_name\" content=\"Uni\u00f3n Esp\u00edrita\" \/>\n<meta property=\"article:publisher\" content=\"https:\/\/www.facebook.com\/groups\/3431398063740829\" \/>\n<meta property=\"article:modified_time\" content=\"2025-09-19T13:06:49+00:00\" \/>\n<meta property=\"og:image\" content=\"https:\/\/nuevo-renacer.com\/wp-content\/uploads\/2025\/09\/14398SK1439318327G.jpg\" \/>\n\t<meta property=\"og:image:width\" content=\"200\" \/>\n\t<meta property=\"og:image:height\" content=\"280\" \/>\n\t<meta property=\"og:image:type\" content=\"image\/jpeg\" \/>\n<meta name=\"twitter:card\" content=\"summary_large_image\" \/>\n<meta name=\"twitter:label1\" content=\"Gesch\u00e4tzte Lesezeit\" \/>\n\t<meta name=\"twitter:data1\" content=\"3\u00a0Minuten\" \/>\n<script type=\"application\/ld+json\" class=\"yoast-schema-graph\">{\"@context\":\"https:\/\/schema.org\",\"@graph\":[{\"@type\":\"WebPage\",\"@id\":\"https:\/\/nuevo-renacer.com\/manoel-philomeno-de-miranda\/\",\"url\":\"https:\/\/nuevo-renacer.com\/manoel-philomeno-de-miranda\/\",\"name\":\"Manoel Philomeno de Miranda - Uni\u00f3n Esp\u00edrita\",\"isPartOf\":{\"@id\":\"https:\/\/nuevo-renacer.com\/#website\"},\"primaryImageOfPage\":{\"@id\":\"https:\/\/nuevo-renacer.com\/manoel-philomeno-de-miranda\/#primaryimage\"},\"image\":{\"@id\":\"https:\/\/nuevo-renacer.com\/manoel-philomeno-de-miranda\/#primaryimage\"},\"thumbnailUrl\":\"https:\/\/nuevo-renacer.com\/wp-content\/uploads\/2025\/09\/14398SK1439318327G.jpg\",\"datePublished\":\"2025-09-19T12:37:19+00:00\",\"dateModified\":\"2025-09-19T13:06:49+00:00\",\"breadcrumb\":{\"@id\":\"https:\/\/nuevo-renacer.com\/manoel-philomeno-de-miranda\/#breadcrumb\"},\"inLanguage\":\"de\",\"potentialAction\":[{\"@type\":\"ReadAction\",\"target\":[\"https:\/\/nuevo-renacer.com\/manoel-philomeno-de-miranda\/\"]}]},{\"@type\":\"ImageObject\",\"inLanguage\":\"de\",\"@id\":\"https:\/\/nuevo-renacer.com\/manoel-philomeno-de-miranda\/#primaryimage\",\"url\":\"https:\/\/nuevo-renacer.com\/wp-content\/uploads\/2025\/09\/14398SK1439318327G.jpg\",\"contentUrl\":\"https:\/\/nuevo-renacer.com\/wp-content\/uploads\/2025\/09\/14398SK1439318327G.jpg\"},{\"@type\":\"BreadcrumbList\",\"@id\":\"https:\/\/nuevo-renacer.com\/manoel-philomeno-de-miranda\/#breadcrumb\",\"itemListElement\":[{\"@type\":\"ListItem\",\"position\":1,\"name\":\"Startseite\",\"item\":\"https:\/\/nuevo-renacer.com\/\"},{\"@type\":\"ListItem\",\"position\":2,\"name\":\"Manoel Philomeno de Miranda\"}]},{\"@type\":\"WebSite\",\"@id\":\"https:\/\/nuevo-renacer.com\/#website\",\"url\":\"https:\/\/nuevo-renacer.com\/\",\"name\":\"Uni\u00f3n Esp\u00edrita\",\"description\":\"Nuevo Renacer\",\"publisher\":{\"@id\":\"https:\/\/nuevo-renacer.com\/#organization\"},\"potentialAction\":[{\"@type\":\"SearchAction\",\"target\":{\"@type\":\"EntryPoint\",\"urlTemplate\":\"https:\/\/nuevo-renacer.com\/?s={search_term_string}\"},\"query-input\":{\"@type\":\"PropertyValueSpecification\",\"valueRequired\":true,\"valueName\":\"search_term_string\"}}],\"inLanguage\":\"de\"},{\"@type\":\"Organization\",\"@id\":\"https:\/\/nuevo-renacer.com\/#organization\",\"name\":\"UFEC\",\"url\":\"https:\/\/nuevo-renacer.com\/\",\"logo\":{\"@type\":\"ImageObject\",\"inLanguage\":\"de\",\"@id\":\"https:\/\/nuevo-renacer.com\/#\/schema\/logo\/image\/\",\"url\":\"https:\/\/nuevo-renacer.com\/wp-content\/uploads\/2024\/05\/cropped-LOGO-TERMINADO1-3-3.png\",\"contentUrl\":\"https:\/\/nuevo-renacer.com\/wp-content\/uploads\/2024\/05\/cropped-LOGO-TERMINADO1-3-3.png\",\"width\":512,\"height\":512,\"caption\":\"UFEC\"},\"image\":{\"@id\":\"https:\/\/nuevo-renacer.com\/#\/schema\/logo\/image\/\"},\"sameAs\":[\"https:\/\/www.facebook.com\/groups\/3431398063740829\"]}]}<\/script>\n<!-- \/ Yoast SEO Premium plugin. -->","yoast_head_json":{"title":"Manoel Philomeno de Miranda - Uni\u00f3n Esp\u00edrita","robots":{"index":"index","follow":"follow","max-snippet":"max-snippet:-1","max-image-preview":"max-image-preview:large","max-video-preview":"max-video-preview:-1"},"canonical":"https:\/\/nuevo-renacer.com\/de\/manoel-philomeno-de-miranda\/","og_locale":"de_DE","og_type":"article","og_title":"Manoel Philomeno de Miranda","og_description":"Manoel Philomeno de Miranda M\u00e1s conocido como Filomeno de Miranda: fue durante muchos a\u00f1os colaborador destacado del Movimiento Espirita de Bah\u00eda, culminando con su elecci\u00f3n para la Presidencia de la Uni\u00f3n Esp\u00edrita Baiana, sustituyendo a Jose Petitinga, cuando \u00e9ste retom\u00f3 al Plano Espiritual, el 25 de mayo de 1939, en Salvador. Manoel Filomeno de Baptista [&hellip;]","og_url":"https:\/\/nuevo-renacer.com\/de\/manoel-philomeno-de-miranda\/","og_site_name":"Uni\u00f3n Esp\u00edrita","article_publisher":"https:\/\/www.facebook.com\/groups\/3431398063740829","article_modified_time":"2025-09-19T13:06:49+00:00","og_image":[{"width":200,"height":280,"url":"https:\/\/nuevo-renacer.com\/wp-content\/uploads\/2025\/09\/14398SK1439318327G.jpg","type":"image\/jpeg"}],"twitter_card":"summary_large_image","twitter_misc":{"Gesch\u00e4tzte Lesezeit":"3\u00a0Minuten"},"schema":{"@context":"https:\/\/schema.org","@graph":[{"@type":"WebPage","@id":"https:\/\/nuevo-renacer.com\/manoel-philomeno-de-miranda\/","url":"https:\/\/nuevo-renacer.com\/manoel-philomeno-de-miranda\/","name":"Manoel Philomeno de Miranda - Uni\u00f3n Esp\u00edrita","isPartOf":{"@id":"https:\/\/nuevo-renacer.com\/#website"},"primaryImageOfPage":{"@id":"https:\/\/nuevo-renacer.com\/manoel-philomeno-de-miranda\/#primaryimage"},"image":{"@id":"https:\/\/nuevo-renacer.com\/manoel-philomeno-de-miranda\/#primaryimage"},"thumbnailUrl":"https:\/\/nuevo-renacer.com\/wp-content\/uploads\/2025\/09\/14398SK1439318327G.jpg","datePublished":"2025-09-19T12:37:19+00:00","dateModified":"2025-09-19T13:06:49+00:00","breadcrumb":{"@id":"https:\/\/nuevo-renacer.com\/manoel-philomeno-de-miranda\/#breadcrumb"},"inLanguage":"de","potentialAction":[{"@type":"ReadAction","target":["https:\/\/nuevo-renacer.com\/manoel-philomeno-de-miranda\/"]}]},{"@type":"ImageObject","inLanguage":"de","@id":"https:\/\/nuevo-renacer.com\/manoel-philomeno-de-miranda\/#primaryimage","url":"https:\/\/nuevo-renacer.com\/wp-content\/uploads\/2025\/09\/14398SK1439318327G.jpg","contentUrl":"https:\/\/nuevo-renacer.com\/wp-content\/uploads\/2025\/09\/14398SK1439318327G.jpg"},{"@type":"BreadcrumbList","@id":"https:\/\/nuevo-renacer.com\/manoel-philomeno-de-miranda\/#breadcrumb","itemListElement":[{"@type":"ListItem","position":1,"name":"Startseite","item":"https:\/\/nuevo-renacer.com\/"},{"@type":"ListItem","position":2,"name":"Manoel Philomeno de Miranda"}]},{"@type":"WebSite","@id":"https:\/\/nuevo-renacer.com\/#website","url":"https:\/\/nuevo-renacer.com\/","name":"Uni\u00f3n Esp\u00edrita","description":"Nuevo Renacer","publisher":{"@id":"https:\/\/nuevo-renacer.com\/#organization"},"potentialAction":[{"@type":"SearchAction","target":{"@type":"EntryPoint","urlTemplate":"https:\/\/nuevo-renacer.com\/?s={search_term_string}"},"query-input":{"@type":"PropertyValueSpecification","valueRequired":true,"valueName":"search_term_string"}}],"inLanguage":"de"},{"@type":"Organization","@id":"https:\/\/nuevo-renacer.com\/#organization","name":"UFEC","url":"https:\/\/nuevo-renacer.com\/","logo":{"@type":"ImageObject","inLanguage":"de","@id":"https:\/\/nuevo-renacer.com\/#\/schema\/logo\/image\/","url":"https:\/\/nuevo-renacer.com\/wp-content\/uploads\/2024\/05\/cropped-LOGO-TERMINADO1-3-3.png","contentUrl":"https:\/\/nuevo-renacer.com\/wp-content\/uploads\/2024\/05\/cropped-LOGO-TERMINADO1-3-3.png","width":512,"height":512,"caption":"UFEC"},"image":{"@id":"https:\/\/nuevo-renacer.com\/#\/schema\/logo\/image\/"},"sameAs":["https:\/\/www.facebook.com\/groups\/3431398063740829"]}]}},"uagb_featured_image_src":{"full":false,"thumbnail":false,"medium":false,"medium_large":false,"large":false,"1536x1536":false,"2048x2048":false,"trp-custom-language-flag":false},"uagb_author_info":{"display_name":"adbv0","author_link":"https:\/\/nuevo-renacer.com\/de\/author\/adbv0\/"},"uagb_comment_info":0,"uagb_excerpt":"Manoel Philomeno de Miranda M\u00e1s conocido como Filomeno de Miranda: fue durante muchos a\u00f1os colaborador destacado del Movimiento Espirita de Bah\u00eda, culminando con su elecci\u00f3n para la Presidencia de la Uni\u00f3n Esp\u00edrita Baiana, sustituyendo a Jose Petitinga, cuando \u00e9ste retom\u00f3 al Plano Espiritual, el 25 de mayo de 1939, en Salvador. Manoel Filomeno de Baptista&hellip;","jetpack_sharing_enabled":true,"_links":{"self":[{"href":"https:\/\/nuevo-renacer.com\/de\/wp-json\/wp\/v2\/pages\/8527","targetHints":{"allow":["GET"]}}],"collection":[{"href":"https:\/\/nuevo-renacer.com\/de\/wp-json\/wp\/v2\/pages"}],"about":[{"href":"https:\/\/nuevo-renacer.com\/de\/wp-json\/wp\/v2\/types\/page"}],"author":[{"embeddable":true,"href":"https:\/\/nuevo-renacer.com\/de\/wp-json\/wp\/v2\/users\/1"}],"replies":[{"embeddable":true,"href":"https:\/\/nuevo-renacer.com\/de\/wp-json\/wp\/v2\/comments?post=8527"}],"version-history":[{"count":5,"href":"https:\/\/nuevo-renacer.com\/de\/wp-json\/wp\/v2\/pages\/8527\/revisions"}],"predecessor-version":[{"id":8535,"href":"https:\/\/nuevo-renacer.com\/de\/wp-json\/wp\/v2\/pages\/8527\/revisions\/8535"}],"wp:attachment":[{"href":"https:\/\/nuevo-renacer.com\/de\/wp-json\/wp\/v2\/media?parent=8527"}],"curies":[{"name":"wp","href":"https:\/\/api.w.org\/{rel}","templated":true}]}}