{"id":8510,"date":"2025-09-10T10:44:34","date_gmt":"2025-09-10T10:44:34","guid":{"rendered":"https:\/\/nuevo-renacer.com\/?page_id=8510"},"modified":"2025-09-10T11:05:27","modified_gmt":"2025-09-10T11:05:27","slug":"osorio-de-moraes","status":"publish","type":"page","link":"https:\/\/nuevo-renacer.com\/de\/osorio-de-moraes\/","title":{"rendered":"Os\u00f3rio de Moraes"},"content":{"rendered":"<div class=\"wp-block-uagb-container uagb-block-ba7e5446 alignfull uagb-is-root-container\"><div class=\"uagb-container-inner-blocks-wrap\">\n<p class=\"has-black-color has-text-color has-link-color has-medium-font-size wp-elements-9938e467d7ff94a3f92fb72cde501295\"><strong>Os\u00f3rio de Moraes<\/strong><\/p>\n<\/div><\/div>\n\n\n\n<div class=\"wp-block-uagb-container uagb-block-920566c7 alignfull uagb-is-root-container\"><div class=\"uagb-container-inner-blocks-wrap\">\n<figure class=\"wp-block-image alignleft size-full is-resized\"><img fetchpriority=\"high\" decoding=\"async\" width=\"500\" height=\"474\" src=\"https:\/\/nuevo-renacer.com\/wp-content\/uploads\/2025\/09\/Osorio-de-Moraes-1.jpg\" alt=\"\" class=\"wp-image-8514\" style=\"width:273px;height:auto\" srcset=\"https:\/\/nuevo-renacer.com\/wp-content\/uploads\/2025\/09\/Osorio-de-Moraes-1.jpg 500w, https:\/\/nuevo-renacer.com\/wp-content\/uploads\/2025\/09\/Osorio-de-Moraes-1-300x284.jpg 300w, https:\/\/nuevo-renacer.com\/wp-content\/uploads\/2025\/09\/Osorio-de-Moraes-1-13x12.jpg 13w\" sizes=\"(max-width: 500px) 100vw, 500px\" \/><\/figure>\n<\/div><\/div>\n\n\n\n<div class=\"wp-block-uagb-container uagb-block-d0492018 alignfull uagb-is-root-container\"><div class=\"uagb-container-inner-blocks-wrap\">\n<p class=\"has-black-color has-text-color has-link-color has-small-font-size wp-elements-6dd212a2a14d561552e7c1761748f952\">Os\u00f3rio de Moraes wurde am 21. Dezember 1886 in der kleinen Bergbaustadt Bagagem (heute Estrela do Sul) geboren. Als j\u00fcngster Sohn von Irineu Os\u00f3rio de Moraes und Ana Virg\u00ednia de Moraes verlor er seinen Vater im Alter von nur einem Jahr. Der tragische Tod seines Vaters, eines Wanderh\u00e4ndlers, im Bundesstaat Mato Grosso lie\u00df die Familie mittellos zur\u00fcck. Hilfe kam von der Gro\u00dfmutter m\u00fctterlicherseits, die ihre verwitwete Tochter und ihre drei Enkelkinder Felisminda, Elias und Os\u00f3rio in ihrem Haus aufnahm. Die Kinder wurden von der Kinderm\u00e4dchen Joana betreut, die als Tochter einer Sklavin geboren worden war, \u00e4u\u00dferst hingebungsvoll war und f\u00fcr sie zur \u201egeliebten schwarzen Mutter\u201d wurde. Eines Morgens, so erz\u00e4hlt Os\u00f3rio in seiner autobiografischen Schrift Fragmentos de uma Alma (Fragmente einer Seele), stand Joana auf und sagte: \u201eDie Seele von Irineu ist mir heute Nacht erschienen. Ich habe ihn gesehen, so wie ich euch sehe. (...) Er kam auf mich zu und sagte: \u201eJoana, hilf mir, meine Kinder gro\u00dfzuziehen ...\u201d.<\/p>\n\n\n\n<p class=\"has-black-color has-text-color has-link-color has-small-font-size wp-elements-12342e17e9d09f564d35b1ed95103eb7\">Os\u00f3rio schloss die Grundschule an einer \u00f6ffentlichen Schule ab. Mit 15 Jahren, nachdem er Privatunterricht in Portugiesisch und Mathematik genommen hatte, wurde er Lehrer der Kinder des bedeutendsten Grundbesitzers der Region und \u00fcbte sp\u00e4ter denselben Beruf auf einem anderen Landgut aus. Einige Zeit sp\u00e4ter bat ihn Pl\u00e1cido de Paiva, der f\u00fcr zwei Wochen die Stadt verlassen musste, eindringlich, die Leitung seines Handelshauses zu \u00fcbernehmen. Diese Aufgabe, die er mit seltener Effizienz bew\u00e4ltigte, dauerte mehr als vier Monate, wodurch der junge Os\u00f3rio seine angeborene Berufung f\u00fcr den Handel entdeckte. Er arbeitete als Verk\u00e4ufer und Buchhalter in anderen Handelsh\u00e4usern und wurde mit 17 Jahren Teilhaber eines davon. Es handelte sich um das Unternehmen \u201eSantos &amp; Moraes\u201d, das zwei Jahre sp\u00e4ter mit guten Gewinnen, die zwischen den beiden Partnern aufgeteilt wurden, aufgel\u00f6st wurde.<\/p>\n\n\n\n<p class=\"has-black-color has-text-color has-link-color has-small-font-size wp-elements-f633b9fdb52f99411689234a815f9eac\">Im Jahr 1908, im Alter von 22 Jahren, wurde er dank des Ansehens, das er sich durch seine Rechtschaffenheit erworben hatte, zum Stadtrat in seiner Heimat gew\u00e4hlt. Als er am 5. Juni 1911 Maria Lu\u00edza de Santana heiratete, bat er Pater Marcelo, den Vikar von Estrela do Sul, ihn von der Beichte zu dispensieren, und der Priester willigte ein, nachdem er seine Argumente angeh\u00f6rt hatte. Im selben Jahr zog er nach Coromandel, wo er in Zusammenarbeit mit seinem Schwiegervater einen Teil dessen Handelshauses in eine Apotheke umwandelte und das Unternehmen \u201eOs\u00f3rio &amp; Cia.\u201d gr\u00fcndete, dessen Expansion zur Gr\u00fcndung von f\u00fcnf Filialen in der Gemeinde und in benachbarten St\u00e4dten f\u00fchrte.<\/p>\n\n\n\n<p class=\"has-black-color has-text-color has-link-color has-small-font-size wp-elements-9baeb6f0cc40dcc12bbcc1689d283bbf\">Seine politische Karriere, die er in seiner Heimatstadt begonnen hatte, setzte er in Coromandel fort, damals ein Bezirk von Patroc\u00ednio, wo er 1920 zum Stadtrat gew\u00e4hlt wurde und zwei Jahre sp\u00e4ter den Vorsitz der Stadtverordnetenversammlung \u00fcbernahm. W\u00e4hrend seiner Amtszeit gelang es ihm, Coromandel in den Status einer Gemeinde zu erheben. Als geborener Anf\u00fchrer, dynamisch und unternehmungslustig, f\u00f6rderte er die Gr\u00fcndung von Schulen und den Bau des \u00f6ffentlichen Gef\u00e4ngnisses, des Wasserkraftwerks und des Rathauses der neu gegr\u00fcndeten Gemeinde. Auf seine Initiative hin wurde auch die Stra\u00dfe gebaut, die Coromandel mit Monte Carmelo verbindet. Die Schule, die er in Coromandel errichten lie\u00df, wurde nach ihm benannt, als Zeichen der Dankbarkeit seitens der Bev\u00f6lkerung der Stadt. Im selben Jahr 1922 brachte er das erste Auto in die Region und gr\u00fcndete auf Einladung seines Kompagnons und Freundes Joaquim Henriques Cardoso das Unternehmen \u201eCardoso &amp; Moraes\u201d, das sich mit pharmazeutischen Produkten befasste und 1929, nach dem Ausscheiden seines Partners, der eine Kaffeeplantage gekauft hatte und Medizin studieren wollte, vollst\u00e4ndig in seine H\u00e4nde \u00fcberging und den Namen \u201eLaborat\u00f3rio Os\u00f3rio de Moraes\u201d erhielt.<\/p>\n\n\n\n<p class=\"has-black-color has-text-color has-link-color has-small-font-size wp-elements-f79f1c59996eb48238dad735ee4680ba\">Da er sich aktiv an der Revolution von 1930 beteiligt hatte, \u00fcberzeugte ihn Gouverneur Oleg\u00e1rio Maciel, die Ernennung zum B\u00fcrgermeister von Coromandel zu akzeptieren, wenn auch widerwillig. Am 21. November 1932 beschloss er, aus Sorge um die Ausbildung seiner Kinder und angesichts der Notwendigkeit, das Gesch\u00e4ft der kleinen, vielversprechenden Pharmaindustrie auszuweiten, nach Belo Horizonte zu ziehen und sich endg\u00fcltig aus dem politischen Leben zur\u00fcckzuziehen. In der Hauptstadt von Minas Gerais erwarb er das Geb\u00e4ude in der Rua Muria\u00e9 92, wo er seine industrielle T\u00e4tigkeit und seinen eigenen Wohnsitz einrichtete.<\/p>\n\n\n\n<p class=\"has-black-color has-text-color has-link-color has-medium-font-size wp-elements-c6b9ffe31b3748ead5b13a0f07990afc\"><strong>Kontakt mit dem Spiritismus<\/strong><\/p>\n\n\n\n<p class=\"has-black-color has-text-color has-link-color has-small-font-size wp-elements-2888b32af7e1e5385dfed2382d025c58\">Am Nachmittag des 4. April 1936 kam es in seinem Wohnhaus zu ungew\u00f6hnlichen medialen Ph\u00e4nomenen. Erdklumpen, Ziegelsteine und verschiedene Gegenst\u00e4nde wurden ins Haus geworfen und versetzten seine Frau und seine zehn Kinder in Panik: Stela, M\u00e1rio, Irineu, P\u00e9rola, Walda, Vanda, Os\u00f3rio, Roberto, Helena und Gl\u00e1ucia, wie die damalige Abendzeitung Di\u00e1rio da Tarde ausf\u00fchrlich berichtete.<\/p>\n\n\n\n<p class=\"has-black-color has-text-color has-link-color has-small-font-size wp-elements-dab365ca98a0c69d30f4dbc314e386b4\">Am n\u00e4chsten Tag, einem Sonntag, um 1 Uhr, begibt sich Os\u00f3rio, der bereits Anh\u00e4nger des Spiritismus war, zur Uni\u00e3o Esp\u00edrita Mineira, um Hilfe zu suchen. Er wurde vom Pr\u00e4sidenten Rodrigo Agnelo Antunes empfangen, der in Begleitung einiger Freunde, darunter das Medium Geraldo Ben\u00edcio Rocha, noch am selben Tag eine Sitzung in Os\u00f3rios Wohnung abhielt, bei der sich herausstellte, dass die Ph\u00e4nomene durch die Vermittlung der 10-j\u00e4hrigen Cenira, die in diesem Haushalt lebte, hervorgerufen wurden. Die Transportph\u00e4nomene h\u00f6rten auf, als Cenira aus dem Haus von Laudemiro Alves Ferreira und sp\u00e4ter aus dem Haus von Geraldo Rocha, Oscar Coelho dos Santos und anderen Spiritisten fortgeleitet wurde und schlie\u00dflich von Leopoldo Machado nach Nova Igua\u00e7u gef\u00fchrt wurde, wo sie sich einer Befreiungsbehandlung unterzog.<\/p>\n\n\n\n<p class=\"has-black-color has-text-color has-link-color has-small-font-size wp-elements-36470552500b46a093dff09406a3a18d\">Nach diesem \u201eErwachen\u201d erwarb Os\u00f3rio alle B\u00fccher von Allan Kardec, um sie zu studieren. Durch seinen regelm\u00e4\u00dfigen Besuch der Uni\u00e3o Esp\u00edrita Mineira begann er, seine Zweifel zu zerstreuen, und sammelte aus der Weisheit von Professor C\u00edcero Pereira tiefe Lehren \u00fcber das Evangelium Jesu. Ebenfalls in der Uni\u00e3o Esp\u00edrita Mineira, die sich damals in der Rua Curitiba 626 befand, lernte er Alencar Braga, Leonardo Baumgratz, Rubens Romanelli, Noraldino de Mello Castro, Oscar Coelho dos Santos, Francisco C\u00e2ndido Xavier, Luiz Ziviani, Salvador Schembri und andere Freunde kennen. Anfang 1937 suchten sie nach Mitstreitern, um eine Einrichtung zur Unterst\u00fctzung benachteiligter Kinder zu gr\u00fcnden.<\/p>\n\n\n\n<p class=\"has-black-color has-text-color has-link-color has-small-font-size wp-elements-774b874e9122220228ad01896d63a54d\">Es war der \u201eKeim\u201d des \u201eAbrigo Jesus\", das am 25. Juli 1937 offiziell gegr\u00fcndet wurde und dessen Sitz am 31. M\u00e4rz 1946 eingeweiht wurde. Os\u00f3rio de Moraes, der in der Gr\u00fcndungsversammlung zum zweiten Schatzmeister gew\u00e4hlt worden war, wurde dank seiner Sympathie, seinem Geschick, seiner Kompetenz und seiner F\u00fchrungsqualit\u00e4ten in der folgenden Amtszeit einstimmig zum Pr\u00e4sidenten gew\u00e4hlt, ein Amt, das er 30 Jahre lang in aufeinanderfolgenden Wiederwahlen aus\u00fcbte. Um sich \u201emit Leib und Seele\u201d dem \u201eAbrigo Jesus\" zu widmen, \u00fcbertrug \u201ePapa Os\u00f3rio\u201d, wie ihn die dort untergebrachten Kinder nannten, die Leitung des pharmazeutischen Labors seinen S\u00f6hnen M\u00e1rio und Irineu. In der oben genannten Brosch\u00fcre schreibt er: \u201eIn meinem Leben gab es zwei Phasen, in denen ich mich mit Leib und Seele f\u00fcr Angelegenheiten von \u00f6ffentlichem Interesse engagierte: die erste als Politiker in Coromandel, wo ich 21 Jahre lang lebte und mich f\u00fcr die Angelegenheiten dieses Landes begeisterte; in der zweiten, mit dem \u201eAbrigo Jesus\", \u00fcberkam mich dieselbe Leidenschaft, und ich widmete mich ganz den Geheimnissen der Einrichtung, (...) umh\u00fcllt von einer s\u00fc\u00dfen Ekstase der Verz\u00fcckung und Z\u00e4rtlichkeit f\u00fcr die Kinder\u201d.<\/p>\n\n\n\n<p class=\"has-black-color has-text-color has-link-color has-small-font-size wp-elements-281dc82a256978df925eb61a8b6d1495\">Nach 52 Jahren Ehe, in denen er sich als hingebungsvoller Ehemann und vorbildlicher Vater auszeichnete, verstarb seine Lebensgef\u00e4hrtin Maria Lu\u00edza am 3. September 1963. Da er die Einsamkeit nicht ertragen konnte, heiratete er am 7. Mai 1966 erneut, diesmal Leonides Urbano Conde, eine wunderbare Person, die sich bis zu seinem Tod um ihn k\u00fcmmerte. Im Alter von 94 Jahren verstarb Os\u00f3rio de Morais am 24. Januar 1980 in Belo Horizonte und kr\u00f6nte damit die Reinkarnationserfahrung dieses authentischen Christen, die von der Liebe zur Familie und der Hingabe an den N\u00e4chsten gepr\u00e4gt war.<\/p>\n<\/div><\/div>\n\n\n\n<div class=\"wp-block-uagb-container uagb-block-82a5ab20 alignfull uagb-is-root-container\"><div class=\"uagb-container-inner-blocks-wrap\"><\/div><\/div>\n\n\n\n<div class=\"wp-block-uagb-container uagb-block-d6ecd658 alignfull uagb-is-root-container\"><div class=\"uagb-container-inner-blocks-wrap\"><\/div><\/div>","protected":false},"excerpt":{"rendered":"<p>Os\u00f3rio de Moraes Os\u00f3rio de Moraes naci\u00f3 en la peque\u00f1a ciudad minera de Bagagem (actualmente Estrela do Sul) el 21 de diciembre de 1886. Hijo menor de Irineu Os\u00f3rio de Moraes y Ana Virg\u00ednia de Moraes, qued\u00f3 hu\u00e9rfano de padre con solo un a\u00f1o de edad. La tr\u00e1gica muerte de su padre, un comerciante ambulante, [&hellip;]<\/p>","protected":false},"author":1,"featured_media":0,"parent":0,"menu_order":0,"comment_status":"closed","ping_status":"closed","template":"","meta":{"_uag_custom_page_level_css":"","site-sidebar-layout":"default","site-content-layout":"","ast-site-content-layout":"default","site-content-style":"default","site-sidebar-style":"default","ast-global-header-display":"","ast-banner-title-visibility":"","ast-main-header-display":"","ast-hfb-above-header-display":"","ast-hfb-below-header-display":"","ast-hfb-mobile-header-display":"","site-post-title":"disabled","ast-breadcrumbs-content":"","ast-featured-img":"","footer-sml-layout":"","theme-transparent-header-meta":"","adv-header-id-meta":"","stick-header-meta":"","header-above-stick-meta":"","header-main-stick-meta":"","header-below-stick-meta":"","astra-migrate-meta-layouts":"set","ast-page-background-enabled":"default","ast-page-background-meta":{"desktop":{"background-color":"var(--ast-global-color-4)","background-image":"","background-repeat":"repeat","background-position":"center center","background-size":"auto","background-attachment":"scroll","background-type":"","background-media":"","overlay-type":"","overlay-color":"","overlay-opacity":"","overlay-gradient":""},"tablet":{"background-color":"","background-image":"","background-repeat":"repeat","background-position":"center center","background-size":"auto","background-attachment":"scroll","background-type":"","background-media":"","overlay-type":"","overlay-color":"","overlay-opacity":"","overlay-gradient":""},"mobile":{"background-color":"","background-image":"","background-repeat":"repeat","background-position":"center center","background-size":"auto","background-attachment":"scroll","background-type":"","background-media":"","overlay-type":"","overlay-color":"","overlay-opacity":"","overlay-gradient":""}},"ast-content-background-meta":{"desktop":{"background-color":"var(--ast-global-color-5)","background-image":"","background-repeat":"repeat","background-position":"center center","background-size":"auto","background-attachment":"scroll","background-type":"","background-media":"","overlay-type":"","overlay-color":"","overlay-opacity":"","overlay-gradient":""},"tablet":{"background-color":"var(--ast-global-color-5)","background-image":"","background-repeat":"repeat","background-position":"center center","background-size":"auto","background-attachment":"scroll","background-type":"","background-media":"","overlay-type":"","overlay-color":"","overlay-opacity":"","overlay-gradient":""},"mobile":{"background-color":"var(--ast-global-color-5)","background-image":"","background-repeat":"repeat","background-position":"center center","background-size":"auto","background-attachment":"scroll","background-type":"","background-media":"","overlay-type":"","overlay-color":"","overlay-opacity":"","overlay-gradient":""}},"footnotes":""},"class_list":["post-8510","page","type-page","status-publish","hentry"],"yoast_head":"<!-- This site is optimized with the Yoast SEO Premium plugin v24.2 (Yoast SEO v24.6) - https:\/\/yoast.com\/wordpress\/plugins\/seo\/ -->\n<title>Os\u00f3rio de Moraes - Uni\u00f3n Esp\u00edrita<\/title>\n<meta name=\"robots\" content=\"index, follow, max-snippet:-1, max-image-preview:large, max-video-preview:-1\" \/>\n<link rel=\"canonical\" href=\"https:\/\/nuevo-renacer.com\/de\/osorio-de-moraes\/\" \/>\n<meta property=\"og:locale\" content=\"de_DE\" \/>\n<meta property=\"og:type\" content=\"article\" \/>\n<meta property=\"og:title\" content=\"Os\u00f3rio de Moraes\" \/>\n<meta property=\"og:description\" content=\"Os\u00f3rio de Moraes Os\u00f3rio de Moraes naci\u00f3 en la peque\u00f1a ciudad minera de Bagagem (actualmente Estrela do Sul) el 21 de diciembre de 1886. Hijo menor de Irineu Os\u00f3rio de Moraes y Ana Virg\u00ednia de Moraes, qued\u00f3 hu\u00e9rfano de padre con solo un a\u00f1o de edad. La tr\u00e1gica muerte de su padre, un comerciante ambulante, [&hellip;]\" \/>\n<meta property=\"og:url\" content=\"https:\/\/nuevo-renacer.com\/de\/osorio-de-moraes\/\" \/>\n<meta property=\"og:site_name\" content=\"Uni\u00f3n Esp\u00edrita\" \/>\n<meta property=\"article:publisher\" content=\"https:\/\/www.facebook.com\/groups\/3431398063740829\" \/>\n<meta property=\"article:modified_time\" content=\"2025-09-10T11:05:27+00:00\" \/>\n<meta property=\"og:image\" content=\"https:\/\/nuevo-renacer.com\/wp-content\/uploads\/2025\/09\/Osorio-de-Moraes-1.jpg\" \/>\n\t<meta property=\"og:image:width\" content=\"500\" \/>\n\t<meta property=\"og:image:height\" content=\"474\" \/>\n\t<meta property=\"og:image:type\" content=\"image\/jpeg\" \/>\n<meta name=\"twitter:card\" content=\"summary_large_image\" \/>\n<meta name=\"twitter:label1\" content=\"Gesch\u00e4tzte Lesezeit\" \/>\n\t<meta name=\"twitter:data1\" content=\"8\u00a0Minuten\" \/>\n<script type=\"application\/ld+json\" class=\"yoast-schema-graph\">{\"@context\":\"https:\/\/schema.org\",\"@graph\":[{\"@type\":\"WebPage\",\"@id\":\"https:\/\/nuevo-renacer.com\/osorio-de-moraes\/\",\"url\":\"https:\/\/nuevo-renacer.com\/osorio-de-moraes\/\",\"name\":\"Os\u00f3rio de Moraes - Uni\u00f3n Esp\u00edrita\",\"isPartOf\":{\"@id\":\"https:\/\/nuevo-renacer.com\/#website\"},\"primaryImageOfPage\":{\"@id\":\"https:\/\/nuevo-renacer.com\/osorio-de-moraes\/#primaryimage\"},\"image\":{\"@id\":\"https:\/\/nuevo-renacer.com\/osorio-de-moraes\/#primaryimage\"},\"thumbnailUrl\":\"https:\/\/nuevo-renacer.com\/wp-content\/uploads\/2025\/09\/Osorio-de-Moraes-1.jpg\",\"datePublished\":\"2025-09-10T10:44:34+00:00\",\"dateModified\":\"2025-09-10T11:05:27+00:00\",\"breadcrumb\":{\"@id\":\"https:\/\/nuevo-renacer.com\/osorio-de-moraes\/#breadcrumb\"},\"inLanguage\":\"de\",\"potentialAction\":[{\"@type\":\"ReadAction\",\"target\":[\"https:\/\/nuevo-renacer.com\/osorio-de-moraes\/\"]}]},{\"@type\":\"ImageObject\",\"inLanguage\":\"de\",\"@id\":\"https:\/\/nuevo-renacer.com\/osorio-de-moraes\/#primaryimage\",\"url\":\"https:\/\/nuevo-renacer.com\/wp-content\/uploads\/2025\/09\/Osorio-de-Moraes-1.jpg\",\"contentUrl\":\"https:\/\/nuevo-renacer.com\/wp-content\/uploads\/2025\/09\/Osorio-de-Moraes-1.jpg\"},{\"@type\":\"BreadcrumbList\",\"@id\":\"https:\/\/nuevo-renacer.com\/osorio-de-moraes\/#breadcrumb\",\"itemListElement\":[{\"@type\":\"ListItem\",\"position\":1,\"name\":\"Startseite\",\"item\":\"https:\/\/nuevo-renacer.com\/\"},{\"@type\":\"ListItem\",\"position\":2,\"name\":\"Os\u00f3rio de Moraes\"}]},{\"@type\":\"WebSite\",\"@id\":\"https:\/\/nuevo-renacer.com\/#website\",\"url\":\"https:\/\/nuevo-renacer.com\/\",\"name\":\"Uni\u00f3n Esp\u00edrita\",\"description\":\"Nuevo Renacer\",\"publisher\":{\"@id\":\"https:\/\/nuevo-renacer.com\/#organization\"},\"potentialAction\":[{\"@type\":\"SearchAction\",\"target\":{\"@type\":\"EntryPoint\",\"urlTemplate\":\"https:\/\/nuevo-renacer.com\/?s={search_term_string}\"},\"query-input\":{\"@type\":\"PropertyValueSpecification\",\"valueRequired\":true,\"valueName\":\"search_term_string\"}}],\"inLanguage\":\"de\"},{\"@type\":\"Organization\",\"@id\":\"https:\/\/nuevo-renacer.com\/#organization\",\"name\":\"UFEC\",\"url\":\"https:\/\/nuevo-renacer.com\/\",\"logo\":{\"@type\":\"ImageObject\",\"inLanguage\":\"de\",\"@id\":\"https:\/\/nuevo-renacer.com\/#\/schema\/logo\/image\/\",\"url\":\"https:\/\/nuevo-renacer.com\/wp-content\/uploads\/2024\/05\/cropped-LOGO-TERMINADO1-3-3.png\",\"contentUrl\":\"https:\/\/nuevo-renacer.com\/wp-content\/uploads\/2024\/05\/cropped-LOGO-TERMINADO1-3-3.png\",\"width\":512,\"height\":512,\"caption\":\"UFEC\"},\"image\":{\"@id\":\"https:\/\/nuevo-renacer.com\/#\/schema\/logo\/image\/\"},\"sameAs\":[\"https:\/\/www.facebook.com\/groups\/3431398063740829\"]}]}<\/script>\n<!-- \/ Yoast SEO Premium plugin. -->","yoast_head_json":{"title":"Os\u00f3rio de Moraes - Uni\u00f3n Esp\u00edrita","robots":{"index":"index","follow":"follow","max-snippet":"max-snippet:-1","max-image-preview":"max-image-preview:large","max-video-preview":"max-video-preview:-1"},"canonical":"https:\/\/nuevo-renacer.com\/de\/osorio-de-moraes\/","og_locale":"de_DE","og_type":"article","og_title":"Os\u00f3rio de Moraes","og_description":"Os\u00f3rio de Moraes Os\u00f3rio de Moraes naci\u00f3 en la peque\u00f1a ciudad minera de Bagagem (actualmente Estrela do Sul) el 21 de diciembre de 1886. Hijo menor de Irineu Os\u00f3rio de Moraes y Ana Virg\u00ednia de Moraes, qued\u00f3 hu\u00e9rfano de padre con solo un a\u00f1o de edad. La tr\u00e1gica muerte de su padre, un comerciante ambulante, [&hellip;]","og_url":"https:\/\/nuevo-renacer.com\/de\/osorio-de-moraes\/","og_site_name":"Uni\u00f3n Esp\u00edrita","article_publisher":"https:\/\/www.facebook.com\/groups\/3431398063740829","article_modified_time":"2025-09-10T11:05:27+00:00","og_image":[{"width":500,"height":474,"url":"https:\/\/nuevo-renacer.com\/wp-content\/uploads\/2025\/09\/Osorio-de-Moraes-1.jpg","type":"image\/jpeg"}],"twitter_card":"summary_large_image","twitter_misc":{"Gesch\u00e4tzte Lesezeit":"8\u00a0Minuten"},"schema":{"@context":"https:\/\/schema.org","@graph":[{"@type":"WebPage","@id":"https:\/\/nuevo-renacer.com\/osorio-de-moraes\/","url":"https:\/\/nuevo-renacer.com\/osorio-de-moraes\/","name":"Os\u00f3rio de Moraes - Uni\u00f3n Esp\u00edrita","isPartOf":{"@id":"https:\/\/nuevo-renacer.com\/#website"},"primaryImageOfPage":{"@id":"https:\/\/nuevo-renacer.com\/osorio-de-moraes\/#primaryimage"},"image":{"@id":"https:\/\/nuevo-renacer.com\/osorio-de-moraes\/#primaryimage"},"thumbnailUrl":"https:\/\/nuevo-renacer.com\/wp-content\/uploads\/2025\/09\/Osorio-de-Moraes-1.jpg","datePublished":"2025-09-10T10:44:34+00:00","dateModified":"2025-09-10T11:05:27+00:00","breadcrumb":{"@id":"https:\/\/nuevo-renacer.com\/osorio-de-moraes\/#breadcrumb"},"inLanguage":"de","potentialAction":[{"@type":"ReadAction","target":["https:\/\/nuevo-renacer.com\/osorio-de-moraes\/"]}]},{"@type":"ImageObject","inLanguage":"de","@id":"https:\/\/nuevo-renacer.com\/osorio-de-moraes\/#primaryimage","url":"https:\/\/nuevo-renacer.com\/wp-content\/uploads\/2025\/09\/Osorio-de-Moraes-1.jpg","contentUrl":"https:\/\/nuevo-renacer.com\/wp-content\/uploads\/2025\/09\/Osorio-de-Moraes-1.jpg"},{"@type":"BreadcrumbList","@id":"https:\/\/nuevo-renacer.com\/osorio-de-moraes\/#breadcrumb","itemListElement":[{"@type":"ListItem","position":1,"name":"Startseite","item":"https:\/\/nuevo-renacer.com\/"},{"@type":"ListItem","position":2,"name":"Os\u00f3rio de Moraes"}]},{"@type":"WebSite","@id":"https:\/\/nuevo-renacer.com\/#website","url":"https:\/\/nuevo-renacer.com\/","name":"Uni\u00f3n Esp\u00edrita","description":"Nuevo Renacer","publisher":{"@id":"https:\/\/nuevo-renacer.com\/#organization"},"potentialAction":[{"@type":"SearchAction","target":{"@type":"EntryPoint","urlTemplate":"https:\/\/nuevo-renacer.com\/?s={search_term_string}"},"query-input":{"@type":"PropertyValueSpecification","valueRequired":true,"valueName":"search_term_string"}}],"inLanguage":"de"},{"@type":"Organization","@id":"https:\/\/nuevo-renacer.com\/#organization","name":"UFEC","url":"https:\/\/nuevo-renacer.com\/","logo":{"@type":"ImageObject","inLanguage":"de","@id":"https:\/\/nuevo-renacer.com\/#\/schema\/logo\/image\/","url":"https:\/\/nuevo-renacer.com\/wp-content\/uploads\/2024\/05\/cropped-LOGO-TERMINADO1-3-3.png","contentUrl":"https:\/\/nuevo-renacer.com\/wp-content\/uploads\/2024\/05\/cropped-LOGO-TERMINADO1-3-3.png","width":512,"height":512,"caption":"UFEC"},"image":{"@id":"https:\/\/nuevo-renacer.com\/#\/schema\/logo\/image\/"},"sameAs":["https:\/\/www.facebook.com\/groups\/3431398063740829"]}]}},"uagb_featured_image_src":{"full":false,"thumbnail":false,"medium":false,"medium_large":false,"large":false,"1536x1536":false,"2048x2048":false,"trp-custom-language-flag":false},"uagb_author_info":{"display_name":"adbv0","author_link":"https:\/\/nuevo-renacer.com\/de\/author\/adbv0\/"},"uagb_comment_info":0,"uagb_excerpt":"Os\u00f3rio de Moraes Os\u00f3rio de Moraes naci\u00f3 en la peque\u00f1a ciudad minera de Bagagem (actualmente Estrela do Sul) el 21 de diciembre de 1886. Hijo menor de Irineu Os\u00f3rio de Moraes y Ana Virg\u00ednia de Moraes, qued\u00f3 hu\u00e9rfano de padre con solo un a\u00f1o de edad. La tr\u00e1gica muerte de su padre, un comerciante ambulante,&hellip;","jetpack_sharing_enabled":true,"_links":{"self":[{"href":"https:\/\/nuevo-renacer.com\/de\/wp-json\/wp\/v2\/pages\/8510","targetHints":{"allow":["GET"]}}],"collection":[{"href":"https:\/\/nuevo-renacer.com\/de\/wp-json\/wp\/v2\/pages"}],"about":[{"href":"https:\/\/nuevo-renacer.com\/de\/wp-json\/wp\/v2\/types\/page"}],"author":[{"embeddable":true,"href":"https:\/\/nuevo-renacer.com\/de\/wp-json\/wp\/v2\/users\/1"}],"replies":[{"embeddable":true,"href":"https:\/\/nuevo-renacer.com\/de\/wp-json\/wp\/v2\/comments?post=8510"}],"version-history":[{"count":2,"href":"https:\/\/nuevo-renacer.com\/de\/wp-json\/wp\/v2\/pages\/8510\/revisions"}],"predecessor-version":[{"id":8515,"href":"https:\/\/nuevo-renacer.com\/de\/wp-json\/wp\/v2\/pages\/8510\/revisions\/8515"}],"wp:attachment":[{"href":"https:\/\/nuevo-renacer.com\/de\/wp-json\/wp\/v2\/media?parent=8510"}],"curies":[{"name":"wp","href":"https:\/\/api.w.org\/{rel}","templated":true}]}}