{"id":8454,"date":"2025-08-25T13:24:06","date_gmt":"2025-08-25T13:24:06","guid":{"rendered":"https:\/\/nuevo-renacer.com\/?page_id=8454"},"modified":"2025-08-26T13:07:11","modified_gmt":"2025-08-26T13:07:11","slug":"novedades-reconstruccion-desde-el-alma","status":"publish","type":"page","link":"https:\/\/nuevo-renacer.com\/de\/novedades-reconstruccion-desde-el-alma\/","title":{"rendered":"Reconstrucci\u00f3n desde el alma"},"content":{"rendered":"<div class=\"wp-block-uagb-container uagb-block-cb258333 alignfull uagb-is-root-container\"><div class=\"uagb-container-inner-blocks-wrap\">\n<p class=\"has-black-color has-text-color has-link-color has-medium-font-size wp-elements-da968ad1bb916020311a9c8507334470\"><strong>Wiederaufbau aus tiefstem Herzen: Die Gesellschaft f\u00fcr psychologische Studien \u201eAmor a la Moral\u201c lebt weiter<\/strong><\/p>\n<\/div><\/div>\n\n\n\n<div class=\"wp-block-uagb-container uagb-block-ab482a73 alignwide uagb-is-root-container\">\n<figure class=\"wp-block-image size-large\"><img fetchpriority=\"high\" decoding=\"async\" width=\"1024\" height=\"819\" src=\"https:\/\/nuevo-renacer.com\/wp-content\/uploads\/2025\/08\/Amor-a-la-Moral-2-1024x819.jpeg\" alt=\"\" class=\"wp-image-8459\" srcset=\"https:\/\/nuevo-renacer.com\/wp-content\/uploads\/2025\/08\/Amor-a-la-Moral-2-1024x819.jpeg 1024w, https:\/\/nuevo-renacer.com\/wp-content\/uploads\/2025\/08\/Amor-a-la-Moral-2-300x240.jpeg 300w, https:\/\/nuevo-renacer.com\/wp-content\/uploads\/2025\/08\/Amor-a-la-Moral-2-768x614.jpeg 768w, https:\/\/nuevo-renacer.com\/wp-content\/uploads\/2025\/08\/Amor-a-la-Moral-2-1536x1229.jpeg 1536w, https:\/\/nuevo-renacer.com\/wp-content\/uploads\/2025\/08\/Amor-a-la-Moral-2-15x12.jpeg 15w, https:\/\/nuevo-renacer.com\/wp-content\/uploads\/2025\/08\/Amor-a-la-Moral-2.jpeg 1600w\" sizes=\"(max-width: 1024px) 100vw, 1024px\" \/><\/figure>\n<\/div>\n\n\n\n<div class=\"wp-block-uagb-container uagb-block-09a30c31 alignfull uagb-is-root-container\"><div class=\"uagb-container-inner-blocks-wrap\">\n<p class=\"has-black-color has-text-color has-link-color has-small-font-size wp-elements-3c08b770591e80881a4eb072548d9d32\">Was Santiago de Cuba 2012 heimgesucht hat, war mehr als nur ein einfacher Sturm. Der Hurrikan Sandy hinterlie\u00df Tr\u00fcmmer, Schmerz und eine tiefe Wunde, auch im Herzen der spiritistischen Gemeinschaft. Das Zentrum \u201eAmor a la Moral\u201d, ein Ort des Trostes, des Lernens und der Hoffnung, wurde bis auf die Grundmauern zerst\u00f6rt. Die noch verbliebenen Hilfsg\u00fcter verschwanden inmitten des Chaos der Notlage: gepl\u00fcndert, geraubt. Nur ein paar B\u00e4nke blieben \u00fcbrig... und das Bildnis von Allan Kardec. Es war, als h\u00e4tte der Geist selbst Wache gehalten.<\/p>\n\n\n\n<p class=\"has-black-color has-text-color has-link-color has-small-font-size wp-elements-c0e5f35d3d30c235f2a6a36e4f64f44d\">Die Jahre vergingen. Der Eingang zum Zentrum blieb offen, nicht als Einladung, sondern als stummer Zeuge des Verlustes, als Denkmal der Verletzlichkeit. Aber der Glaube der Menschen blieb bestehen. Still, beharrlich, unersch\u00fctterlich. In Gespr\u00e4chen, in Gebeten, in der Erinnerung an das, was war und was wieder sein wird.<\/p>\n\n\n\n<p class=\"has-black-color has-text-color has-link-color has-small-font-size wp-elements-9e03d9338c01365f0a50b57c572dac14\">Im Zentrum all dieser Hoffnung, dieser stillen Arbeit und dieser Beharrlichkeit stand eine Frau: Ivony Recasen Fajardo zusammen mit den Mitgliedern von \u201eAmor a la Moral\u201d. Unerm\u00fcdlich k\u00e4mpfte sie im Namen der geistigen Welt f\u00fcr diesen Moment. Mit Hingabe, Mut und tiefem Vertrauen in die spiritistische Lehre arbeitete sie \u2013 gegen alle Widrigkeiten der Zeit und oft im Stillen \u2013 daran, diesen Neuanfang zu verwirklichen. Sie war zugleich die Stimme, das Herz und die Hand, angetrieben von dem Glauben, dass \u201eAmor a la Moral\u201d wiederauferstehen k\u00f6nnte.<\/p>\n\n\n\n<p class=\"has-black-color has-text-color has-link-color has-small-font-size wp-elements-cf09e88f98062ba7103b918e9a178d5b\">Jetzt, im August 2025, wurde der Eingang endlich wieder verschlossen. Eine T\u00fcr, die wieder verschlossen werden kann, so einfach und doch so bedeutungsvoll. Es ist mehr als nur ein Fortschritt beim Bau. Es ist ein Zeichen: Wir sind immer noch hier. Wir geben nicht auf. Wir glauben an den Wiederaufbau, nicht nur mit Steinen, sondern mit Herz und Seele.<\/p>\n\n\n\n<p class=\"has-black-color has-text-color has-link-color has-small-font-size wp-elements-a956547f1f6b81e4ec379c8e96dcbe79\">F\u00fcr \u201eAmor a la Moral\u201c ist dieser Moment ein Symbol f\u00fcr die R\u00fcckkehr zu W\u00fcrde, Frieden und innerer Ordnung. Und f\u00fcr die spiritistische Bewegung in Santiago de Cuba ist es ein gro\u00dfer Triumph. Inmitten wirtschaftlicher Schwierigkeiten und sozialer Herausforderungen zeigt das Zentrum, dass Glaube und Gemeinschaft auch nach den h\u00e4rtesten R\u00fcckschl\u00e4gen Bestand haben k\u00f6nnen. M\u00f6ge dieser Neuanfang ein Licht sein, nicht nur f\u00fcr die Mitglieder von \u201eAmor a la Moral\u201c, sondern f\u00fcr alle, die an die Kraft der Liebe und des Geistes glauben.<\/p>\n\n\n\n<p class=\"has-black-color has-text-color has-link-color has-small-font-size wp-elements-f9568083f4f07008526ab66b50730fed\">Diese Entwicklung erf\u00fcllt uns mit gro\u00dfer geistiger Freude und best\u00e4rkt uns in unserem Engagement f\u00fcr die Verbreitung der spiritistischen Lehre.<\/p>\n\n\n\n<p class=\"has-black-color has-text-color has-link-color has-small-font-size wp-elements-ad2fe4e7749f46f18c6344b59e2a94e3\">Yaimary Silvera Batista<br>Jos\u00e9 Fernando Labrada Silvera<br>Rigoberto Vecino S\u00e1nchez<\/p>\n\n\n\n<p class=\"has-black-color has-text-color has-link-color has-small-font-size wp-elements-58eaa3879bda06ba2cd5a60dd92c9a4a\"><em>Exekutive der Uni\u00f3n Esp\u00edrita \u2013 Nuevo Renacer<\/em><\/p>\n<\/div><\/div>\n\n\n\n<div class=\"wp-block-uagb-container uagb-block-fe5559ee alignfull uagb-is-root-container\"><div class=\"uagb-container-inner-blocks-wrap\"><\/div><\/div>\n\n\n\n<div class=\"wp-block-uagb-container uagb-block-ab210ecc alignfull uagb-is-root-container\"><div class=\"uagb-container-inner-blocks-wrap\"><\/div><\/div>","protected":false},"excerpt":{"rendered":"<p>Reconstrucci\u00f3n desde el alma: Sociedad de estudio Psicologico \u00abAmor a la Moral\u00bb sigue vivo Lo que azot\u00f3 Santiago de Cuba en 2012 fue m\u00e1s que una simple tormenta. El hurac\u00e1n Sandy dej\u00f3 tras de s\u00ed escombros, dolor y una profunda herida, tambi\u00e9n en el coraz\u00f3n de la comunidad espiritista. El centro \u00abAmor a la Moral\u00bb, [&hellip;]<\/p>","protected":false},"author":1,"featured_media":8457,"parent":0,"menu_order":0,"comment_status":"closed","ping_status":"closed","template":"","meta":{"_uag_custom_page_level_css":"","site-sidebar-layout":"default","site-content-layout":"","ast-site-content-layout":"default","site-content-style":"default","site-sidebar-style":"default","ast-global-header-display":"","ast-banner-title-visibility":"","ast-main-header-display":"","ast-hfb-above-header-display":"","ast-hfb-below-header-display":"","ast-hfb-mobile-header-display":"","site-post-title":"disabled","ast-breadcrumbs-content":"","ast-featured-img":"","footer-sml-layout":"","theme-transparent-header-meta":"","adv-header-id-meta":"","stick-header-meta":"","header-above-stick-meta":"","header-main-stick-meta":"","header-below-stick-meta":"","astra-migrate-meta-layouts":"set","ast-page-background-enabled":"default","ast-page-background-meta":{"desktop":{"background-color":"var(--ast-global-color-4)","background-image":"","background-repeat":"repeat","background-position":"center center","background-size":"auto","background-attachment":"scroll","background-type":"","background-media":"","overlay-type":"","overlay-color":"","overlay-opacity":"","overlay-gradient":""},"tablet":{"background-color":"","background-image":"","background-repeat":"repeat","background-position":"center center","background-size":"auto","background-attachment":"scroll","background-type":"","background-media":"","overlay-type":"","overlay-color":"","overlay-opacity":"","overlay-gradient":""},"mobile":{"background-color":"","background-image":"","background-repeat":"repeat","background-position":"center center","background-size":"auto","background-attachment":"scroll","background-type":"","background-media":"","overlay-type":"","overlay-color":"","overlay-opacity":"","overlay-gradient":""}},"ast-content-background-meta":{"desktop":{"background-color":"var(--ast-global-color-5)","background-image":"","background-repeat":"repeat","background-position":"center center","background-size":"auto","background-attachment":"scroll","background-type":"","background-media":"","overlay-type":"","overlay-color":"","overlay-opacity":"","overlay-gradient":""},"tablet":{"background-color":"var(--ast-global-color-5)","background-image":"","background-repeat":"repeat","background-position":"center center","background-size":"auto","background-attachment":"scroll","background-type":"","background-media":"","overlay-type":"","overlay-color":"","overlay-opacity":"","overlay-gradient":""},"mobile":{"background-color":"var(--ast-global-color-5)","background-image":"","background-repeat":"repeat","background-position":"center center","background-size":"auto","background-attachment":"scroll","background-type":"","background-media":"","overlay-type":"","overlay-color":"","overlay-opacity":"","overlay-gradient":""}},"footnotes":""},"class_list":["post-8454","page","type-page","status-publish","has-post-thumbnail","hentry"],"yoast_head":"<!-- This site is optimized with the Yoast SEO Premium plugin v24.2 (Yoast SEO v24.6) - https:\/\/yoast.com\/wordpress\/plugins\/seo\/ -->\n<title>Reconstrucci\u00f3n desde el alma - Uni\u00f3n Esp\u00edrita<\/title>\n<meta name=\"robots\" content=\"index, follow, max-snippet:-1, max-image-preview:large, max-video-preview:-1\" \/>\n<link rel=\"canonical\" href=\"https:\/\/nuevo-renacer.com\/de\/novedades-reconstruccion-desde-el-alma\/\" \/>\n<meta property=\"og:locale\" content=\"de_DE\" \/>\n<meta property=\"og:type\" content=\"article\" \/>\n<meta property=\"og:title\" content=\"Reconstrucci\u00f3n desde el alma\" \/>\n<meta property=\"og:description\" content=\"Reconstrucci\u00f3n desde el alma: Sociedad de estudio Psicologico \u00abAmor a la Moral\u00bb sigue vivo Lo que azot\u00f3 Santiago de Cuba en 2012 fue m\u00e1s que una simple tormenta. El hurac\u00e1n Sandy dej\u00f3 tras de s\u00ed escombros, dolor y una profunda herida, tambi\u00e9n en el coraz\u00f3n de la comunidad espiritista. El centro \u00abAmor a la Moral\u00bb, [&hellip;]\" \/>\n<meta property=\"og:url\" content=\"https:\/\/nuevo-renacer.com\/de\/novedades-reconstruccion-desde-el-alma\/\" \/>\n<meta property=\"og:site_name\" content=\"Uni\u00f3n Esp\u00edrita\" \/>\n<meta property=\"article:publisher\" content=\"https:\/\/www.facebook.com\/groups\/3431398063740829\" \/>\n<meta property=\"article:modified_time\" content=\"2025-08-26T13:07:11+00:00\" \/>\n<meta property=\"og:image\" content=\"https:\/\/nuevo-renacer.com\/wp-content\/uploads\/2025\/08\/Amor-a-la-Moral-1.jpeg\" \/>\n\t<meta property=\"og:image:width\" content=\"1600\" \/>\n\t<meta property=\"og:image:height\" content=\"1280\" \/>\n\t<meta property=\"og:image:type\" content=\"image\/jpeg\" \/>\n<meta name=\"twitter:card\" content=\"summary_large_image\" \/>\n<meta name=\"twitter:label1\" content=\"Gesch\u00e4tzte Lesezeit\" \/>\n\t<meta name=\"twitter:data1\" content=\"3\u00a0Minuten\" \/>\n<script type=\"application\/ld+json\" class=\"yoast-schema-graph\">{\"@context\":\"https:\/\/schema.org\",\"@graph\":[{\"@type\":\"WebPage\",\"@id\":\"https:\/\/nuevo-renacer.com\/novedades-reconstruccion-desde-el-alma\/\",\"url\":\"https:\/\/nuevo-renacer.com\/novedades-reconstruccion-desde-el-alma\/\",\"name\":\"Reconstrucci\u00f3n desde el alma - Uni\u00f3n Esp\u00edrita\",\"isPartOf\":{\"@id\":\"https:\/\/nuevo-renacer.com\/#website\"},\"primaryImageOfPage\":{\"@id\":\"https:\/\/nuevo-renacer.com\/novedades-reconstruccion-desde-el-alma\/#primaryimage\"},\"image\":{\"@id\":\"https:\/\/nuevo-renacer.com\/novedades-reconstruccion-desde-el-alma\/#primaryimage\"},\"thumbnailUrl\":\"https:\/\/nuevo-renacer.com\/wp-content\/uploads\/2025\/08\/Amor-a-la-Moral-1.jpeg\",\"datePublished\":\"2025-08-25T13:24:06+00:00\",\"dateModified\":\"2025-08-26T13:07:11+00:00\",\"breadcrumb\":{\"@id\":\"https:\/\/nuevo-renacer.com\/novedades-reconstruccion-desde-el-alma\/#breadcrumb\"},\"inLanguage\":\"de\",\"potentialAction\":[{\"@type\":\"ReadAction\",\"target\":[\"https:\/\/nuevo-renacer.com\/novedades-reconstruccion-desde-el-alma\/\"]}]},{\"@type\":\"ImageObject\",\"inLanguage\":\"de\",\"@id\":\"https:\/\/nuevo-renacer.com\/novedades-reconstruccion-desde-el-alma\/#primaryimage\",\"url\":\"https:\/\/nuevo-renacer.com\/wp-content\/uploads\/2025\/08\/Amor-a-la-Moral-1.jpeg\",\"contentUrl\":\"https:\/\/nuevo-renacer.com\/wp-content\/uploads\/2025\/08\/Amor-a-la-Moral-1.jpeg\",\"width\":1600,\"height\":1280},{\"@type\":\"BreadcrumbList\",\"@id\":\"https:\/\/nuevo-renacer.com\/novedades-reconstruccion-desde-el-alma\/#breadcrumb\",\"itemListElement\":[{\"@type\":\"ListItem\",\"position\":1,\"name\":\"Startseite\",\"item\":\"https:\/\/nuevo-renacer.com\/\"},{\"@type\":\"ListItem\",\"position\":2,\"name\":\"Reconstrucci\u00f3n desde el alma\"}]},{\"@type\":\"WebSite\",\"@id\":\"https:\/\/nuevo-renacer.com\/#website\",\"url\":\"https:\/\/nuevo-renacer.com\/\",\"name\":\"Uni\u00f3n Esp\u00edrita\",\"description\":\"Nuevo Renacer\",\"publisher\":{\"@id\":\"https:\/\/nuevo-renacer.com\/#organization\"},\"potentialAction\":[{\"@type\":\"SearchAction\",\"target\":{\"@type\":\"EntryPoint\",\"urlTemplate\":\"https:\/\/nuevo-renacer.com\/?s={search_term_string}\"},\"query-input\":{\"@type\":\"PropertyValueSpecification\",\"valueRequired\":true,\"valueName\":\"search_term_string\"}}],\"inLanguage\":\"de\"},{\"@type\":\"Organization\",\"@id\":\"https:\/\/nuevo-renacer.com\/#organization\",\"name\":\"UFEC\",\"url\":\"https:\/\/nuevo-renacer.com\/\",\"logo\":{\"@type\":\"ImageObject\",\"inLanguage\":\"de\",\"@id\":\"https:\/\/nuevo-renacer.com\/#\/schema\/logo\/image\/\",\"url\":\"https:\/\/nuevo-renacer.com\/wp-content\/uploads\/2024\/05\/cropped-LOGO-TERMINADO1-3-3.png\",\"contentUrl\":\"https:\/\/nuevo-renacer.com\/wp-content\/uploads\/2024\/05\/cropped-LOGO-TERMINADO1-3-3.png\",\"width\":512,\"height\":512,\"caption\":\"UFEC\"},\"image\":{\"@id\":\"https:\/\/nuevo-renacer.com\/#\/schema\/logo\/image\/\"},\"sameAs\":[\"https:\/\/www.facebook.com\/groups\/3431398063740829\"]}]}<\/script>\n<!-- \/ Yoast SEO Premium plugin. -->","yoast_head_json":{"title":"Reconstrucci\u00f3n desde el alma - Uni\u00f3n Esp\u00edrita","robots":{"index":"index","follow":"follow","max-snippet":"max-snippet:-1","max-image-preview":"max-image-preview:large","max-video-preview":"max-video-preview:-1"},"canonical":"https:\/\/nuevo-renacer.com\/de\/novedades-reconstruccion-desde-el-alma\/","og_locale":"de_DE","og_type":"article","og_title":"Reconstrucci\u00f3n desde el alma","og_description":"Reconstrucci\u00f3n desde el alma: Sociedad de estudio Psicologico \u00abAmor a la Moral\u00bb sigue vivo Lo que azot\u00f3 Santiago de Cuba en 2012 fue m\u00e1s que una simple tormenta. El hurac\u00e1n Sandy dej\u00f3 tras de s\u00ed escombros, dolor y una profunda herida, tambi\u00e9n en el coraz\u00f3n de la comunidad espiritista. El centro \u00abAmor a la Moral\u00bb, [&hellip;]","og_url":"https:\/\/nuevo-renacer.com\/de\/novedades-reconstruccion-desde-el-alma\/","og_site_name":"Uni\u00f3n Esp\u00edrita","article_publisher":"https:\/\/www.facebook.com\/groups\/3431398063740829","article_modified_time":"2025-08-26T13:07:11+00:00","og_image":[{"width":1600,"height":1280,"url":"https:\/\/nuevo-renacer.com\/wp-content\/uploads\/2025\/08\/Amor-a-la-Moral-1.jpeg","type":"image\/jpeg"}],"twitter_card":"summary_large_image","twitter_misc":{"Gesch\u00e4tzte Lesezeit":"3\u00a0Minuten"},"schema":{"@context":"https:\/\/schema.org","@graph":[{"@type":"WebPage","@id":"https:\/\/nuevo-renacer.com\/novedades-reconstruccion-desde-el-alma\/","url":"https:\/\/nuevo-renacer.com\/novedades-reconstruccion-desde-el-alma\/","name":"Reconstrucci\u00f3n desde el alma - Uni\u00f3n Esp\u00edrita","isPartOf":{"@id":"https:\/\/nuevo-renacer.com\/#website"},"primaryImageOfPage":{"@id":"https:\/\/nuevo-renacer.com\/novedades-reconstruccion-desde-el-alma\/#primaryimage"},"image":{"@id":"https:\/\/nuevo-renacer.com\/novedades-reconstruccion-desde-el-alma\/#primaryimage"},"thumbnailUrl":"https:\/\/nuevo-renacer.com\/wp-content\/uploads\/2025\/08\/Amor-a-la-Moral-1.jpeg","datePublished":"2025-08-25T13:24:06+00:00","dateModified":"2025-08-26T13:07:11+00:00","breadcrumb":{"@id":"https:\/\/nuevo-renacer.com\/novedades-reconstruccion-desde-el-alma\/#breadcrumb"},"inLanguage":"de","potentialAction":[{"@type":"ReadAction","target":["https:\/\/nuevo-renacer.com\/novedades-reconstruccion-desde-el-alma\/"]}]},{"@type":"ImageObject","inLanguage":"de","@id":"https:\/\/nuevo-renacer.com\/novedades-reconstruccion-desde-el-alma\/#primaryimage","url":"https:\/\/nuevo-renacer.com\/wp-content\/uploads\/2025\/08\/Amor-a-la-Moral-1.jpeg","contentUrl":"https:\/\/nuevo-renacer.com\/wp-content\/uploads\/2025\/08\/Amor-a-la-Moral-1.jpeg","width":1600,"height":1280},{"@type":"BreadcrumbList","@id":"https:\/\/nuevo-renacer.com\/novedades-reconstruccion-desde-el-alma\/#breadcrumb","itemListElement":[{"@type":"ListItem","position":1,"name":"Startseite","item":"https:\/\/nuevo-renacer.com\/"},{"@type":"ListItem","position":2,"name":"Reconstrucci\u00f3n desde el alma"}]},{"@type":"WebSite","@id":"https:\/\/nuevo-renacer.com\/#website","url":"https:\/\/nuevo-renacer.com\/","name":"Uni\u00f3n Esp\u00edrita","description":"Nuevo Renacer","publisher":{"@id":"https:\/\/nuevo-renacer.com\/#organization"},"potentialAction":[{"@type":"SearchAction","target":{"@type":"EntryPoint","urlTemplate":"https:\/\/nuevo-renacer.com\/?s={search_term_string}"},"query-input":{"@type":"PropertyValueSpecification","valueRequired":true,"valueName":"search_term_string"}}],"inLanguage":"de"},{"@type":"Organization","@id":"https:\/\/nuevo-renacer.com\/#organization","name":"UFEC","url":"https:\/\/nuevo-renacer.com\/","logo":{"@type":"ImageObject","inLanguage":"de","@id":"https:\/\/nuevo-renacer.com\/#\/schema\/logo\/image\/","url":"https:\/\/nuevo-renacer.com\/wp-content\/uploads\/2024\/05\/cropped-LOGO-TERMINADO1-3-3.png","contentUrl":"https:\/\/nuevo-renacer.com\/wp-content\/uploads\/2024\/05\/cropped-LOGO-TERMINADO1-3-3.png","width":512,"height":512,"caption":"UFEC"},"image":{"@id":"https:\/\/nuevo-renacer.com\/#\/schema\/logo\/image\/"},"sameAs":["https:\/\/www.facebook.com\/groups\/3431398063740829"]}]}},"uagb_featured_image_src":{"full":["https:\/\/nuevo-renacer.com\/wp-content\/uploads\/2025\/08\/Amor-a-la-Moral-1.jpeg",1600,1280,false],"thumbnail":["https:\/\/nuevo-renacer.com\/wp-content\/uploads\/2025\/08\/Amor-a-la-Moral-1-150x150.jpeg",150,150,true],"medium":["https:\/\/nuevo-renacer.com\/wp-content\/uploads\/2025\/08\/Amor-a-la-Moral-1-300x240.jpeg",300,240,true],"medium_large":["https:\/\/nuevo-renacer.com\/wp-content\/uploads\/2025\/08\/Amor-a-la-Moral-1-768x614.jpeg",768,614,true],"large":["https:\/\/nuevo-renacer.com\/wp-content\/uploads\/2025\/08\/Amor-a-la-Moral-1-1024x819.jpeg",1024,819,true],"1536x1536":["https:\/\/nuevo-renacer.com\/wp-content\/uploads\/2025\/08\/Amor-a-la-Moral-1-1536x1229.jpeg",1536,1229,true],"2048x2048":["https:\/\/nuevo-renacer.com\/wp-content\/uploads\/2025\/08\/Amor-a-la-Moral-1.jpeg",1600,1280,false],"trp-custom-language-flag":["https:\/\/nuevo-renacer.com\/wp-content\/uploads\/2025\/08\/Amor-a-la-Moral-1-15x12.jpeg",15,12,true]},"uagb_author_info":{"display_name":"adbv0","author_link":"https:\/\/nuevo-renacer.com\/de\/author\/adbv0\/"},"uagb_comment_info":0,"uagb_excerpt":"Reconstrucci\u00f3n desde el alma: Sociedad de estudio Psicologico \u00abAmor a la Moral\u00bb sigue vivo Lo que azot\u00f3 Santiago de Cuba en 2012 fue m\u00e1s que una simple tormenta. El hurac\u00e1n Sandy dej\u00f3 tras de s\u00ed escombros, dolor y una profunda herida, tambi\u00e9n en el coraz\u00f3n de la comunidad espiritista. El centro \u00abAmor a la Moral\u00bb,&hellip;","jetpack_sharing_enabled":true,"_links":{"self":[{"href":"https:\/\/nuevo-renacer.com\/de\/wp-json\/wp\/v2\/pages\/8454","targetHints":{"allow":["GET"]}}],"collection":[{"href":"https:\/\/nuevo-renacer.com\/de\/wp-json\/wp\/v2\/pages"}],"about":[{"href":"https:\/\/nuevo-renacer.com\/de\/wp-json\/wp\/v2\/types\/page"}],"author":[{"embeddable":true,"href":"https:\/\/nuevo-renacer.com\/de\/wp-json\/wp\/v2\/users\/1"}],"replies":[{"embeddable":true,"href":"https:\/\/nuevo-renacer.com\/de\/wp-json\/wp\/v2\/comments?post=8454"}],"version-history":[{"count":3,"href":"https:\/\/nuevo-renacer.com\/de\/wp-json\/wp\/v2\/pages\/8454\/revisions"}],"predecessor-version":[{"id":8471,"href":"https:\/\/nuevo-renacer.com\/de\/wp-json\/wp\/v2\/pages\/8454\/revisions\/8471"}],"wp:featuredmedia":[{"embeddable":true,"href":"https:\/\/nuevo-renacer.com\/de\/wp-json\/wp\/v2\/media\/8457"}],"wp:attachment":[{"href":"https:\/\/nuevo-renacer.com\/de\/wp-json\/wp\/v2\/media?parent=8454"}],"curies":[{"name":"wp","href":"https:\/\/api.w.org\/{rel}","templated":true}]}}