{"id":8427,"date":"2025-08-01T09:56:30","date_gmt":"2025-08-01T09:56:30","guid":{"rendered":"https:\/\/nuevo-renacer.com\/?page_id=8427"},"modified":"2025-08-01T09:56:32","modified_gmt":"2025-08-01T09:56:32","slug":"jacques-aboab","status":"publish","type":"page","link":"https:\/\/nuevo-renacer.com\/de\/jacques-aboab\/","title":{"rendered":"Jacques Aboab"},"content":{"rendered":"<div class=\"wp-block-uagb-container uagb-block-a2b3edc4 alignfull uagb-is-root-container\"><div class=\"uagb-container-inner-blocks-wrap\">\n<p class=\"has-black-color has-text-color has-link-color has-medium-font-size wp-elements-491d1cb0a24fa90296934dc56bda00c9\"><strong>Jacques Aboab<\/strong><\/p>\n<\/div><\/div>\n\n\n\n<div class=\"wp-block-uagb-container uagb-block-0da73699 alignfull uagb-is-root-container\"><div class=\"uagb-container-inner-blocks-wrap\">\n<figure class=\"wp-block-image size-full\"><img fetchpriority=\"high\" decoding=\"async\" width=\"211\" height=\"304\" src=\"https:\/\/nuevo-renacer.com\/wp-content\/uploads\/2025\/08\/Jacques-Aboab.jpg\" alt=\"\" class=\"wp-image-8428\" srcset=\"https:\/\/nuevo-renacer.com\/wp-content\/uploads\/2025\/08\/Jacques-Aboab.jpg 211w, https:\/\/nuevo-renacer.com\/wp-content\/uploads\/2025\/08\/Jacques-Aboab-208x300.jpg 208w, https:\/\/nuevo-renacer.com\/wp-content\/uploads\/2025\/08\/Jacques-Aboab-8x12.jpg 8w\" sizes=\"(max-width: 211px) 100vw, 211px\" \/><\/figure>\n<\/div><\/div>\n\n\n\n<div class=\"wp-block-uagb-container uagb-block-ae42fcae alignfull uagb-is-root-container\"><div class=\"uagb-container-inner-blocks-wrap\">\n<p class=\"has-black-color has-text-color has-link-color has-small-font-size wp-elements-49eef67ee59c009904d351250b6a3fca\">Er wurde am 15. April 1889 in Konstantinopel, dem heutigen Istanbul, der Hauptstadt der T\u00fcrkei, geboren. Als geb\u00fcrtiger Jude verbrachte er seine Kindheit in Algerien, Nordafrika. Als Jugendlicher zog er nach Frankreich, wo er sich dem Beruf des Stra\u00dfenverk\u00e4ufers widmete und das ganze Land bereiste, von der Bretagne bis zum Midi und vom Atlantik bis Lothringen, wobei er sich mit dieser m\u00fchsamen Arbeit seinen Lebensunterhalt verdiente. Noch als Stra\u00dfenverk\u00e4ufer bereiste er mehrere L\u00e4nder Europas und des Nahen Ostens, vor allem Griechenland und \u00c4gypten. Sp\u00e4ter reiste er nach S\u00fcdamerika und besuchte mehrere L\u00e4nder.<\/p>\n\n\n\n<p class=\"has-black-color has-text-color has-link-color has-small-font-size wp-elements-b1348f6e5aebf44bb32dd336d9682987\">Schlie\u00dflich lie\u00df er sich endg\u00fcltig in Brasilien nieder, dass er mit seinem nomadischen Geist vollst\u00e4ndig bereiste und wo er seine Erfahrungen in Frankreich wiederholte, im st\u00e4ndigen Kampf ums \u00dcberleben. Mit seinem Koffer voller Kleinigkeiten ging er von T\u00fcr zu T\u00fcr. Auf diesen Reisen lernte er in Recife-PE die Vorz\u00fcge der spiritistischen Lehre kennen. Auf Einladung einiger Freunde besuchte er das \u201eHaus der Spiritisten von Pernambuco\u201d, sein erster Kontakt mit der Lehre, und wurde zu einem aufrichtigen und gl\u00fchenden Anh\u00e4nger. Obwohl er Jude war, nahm er Jesus Christus von ganzem Herzen an und erkannte in ihm den gr\u00f6\u00dften Propheten, den h\u00f6chsten Ausdruck der gesamten Menschheit. Nach seinem Umzug nach Rio de Janeiro, besuchte er regelm\u00e4\u00dfig spiritistische Zentren und verbreitete dort sein Wort und seinen unersch\u00fctterlichen Glauben an die Verhei\u00dfungen Jesu, den er von ganzem Herzen liebte. Einige Jahre sp\u00e4ter gr\u00fcndete er die Spiritistische Gruppe Andr\u00e9 Luiz.<\/p>\n\n\n\n<p class=\"has-black-color has-text-color has-link-color has-small-font-size wp-elements-ee1911ca7e44ce2b293c655792898752\">Bald wurde er als Redner bei Spiritistischen Wochen, Zusammenk\u00fcnften und anderen Veranstaltungen gefragt. Er reiste durch mehrere Bundesstaaten Brasiliens und verbreitete sein evangelisches Wort. Wo immer eine Spiritistische Woche organisiert wurde, war Jacques dabei, wie ein Singvogel, mit seiner Z\u00e4rtlichkeit, seiner Liebe und seinem aufrichtigen Wunsch, die Massen zu evangelisieren. Als Spiritist hinterlie\u00df er eine enorme Liste von Verdiensten. Er gr\u00fcndete mehrere Institutionen, arbeitete und kooperierte effizient, mit der absoluten Gewissheit der Unsterblichkeit der Seele, und gab dabei sein Bestes. Er zeichnete sich besonders als Prediger aus, durch seine sanfte und interpretative Art, die Texte und Gleichnisse des Evangeliums zu vermitteln, die er mit einer unvergleichlichen Gef\u00fchlstiefe lebte und damit die Aufmerksamkeit der Zuh\u00f6rer auf sich zog, die in Scharen kamen, um ihm zuzuh\u00f6ren. Das Medium Peixotinho arbeitete mehrere Jahre lang an seiner Seite in der Spiritistischen Gruppe Andr\u00e9 Luiz, wo er mit seiner physischen Medialit\u00e4t Materialisationen und Heilungen hervorbrachte. Er war Direktor der Entbindungsklinik Casa da M\u00e3e Pobre, einer angesehenen Einrichtung, die seine ganze Arbeit und Hingabe verdiente.<\/p>\n\n\n\n<p class=\"has-black-color has-text-color has-link-color has-small-font-size wp-elements-44c4b0903b5a8962f3076522e5f5ed8a\">Als liberaler Geist und Pionier von Anfang an lebte er in der festen \u00dcberzeugung, dass nur die Liebe das Leben aufbaut. Alle waren begeistert von der Sanftmut und Gelassenheit seiner Worte, die von gesunden Ausdr\u00fccken gepr\u00e4gt waren. Er war mit F\u00fchrungsqualit\u00e4ten ausgestattet, und seine Taten standen im Einklang mit den Lehren, die er predigte. Viele nannten ihn Papa Jacques, so gro\u00df war der Respekt und die Bewunderung, die seine Pers\u00f6nlichkeit in den Seelen seiner Glaubensgenossen hervorrief, insbesondere bei der Jugend, von der er sehr geliebt und gesch\u00e4tzt wurde. Er starb am 5. Februar 1969 in Rio de Janeiro.<\/p>\n<\/div><\/div>\n\n\n\n<div class=\"wp-block-uagb-container uagb-block-46460958 alignfull uagb-is-root-container\"><div class=\"uagb-container-inner-blocks-wrap\"><\/div><\/div>\n\n\n\n<div class=\"wp-block-uagb-container uagb-block-2973cb47 alignfull uagb-is-root-container\"><div class=\"uagb-container-inner-blocks-wrap\"><\/div><\/div>","protected":false},"excerpt":{"rendered":"<p>Jacques Aboab Naci\u00f3 en Constantinopla, actual Estambul, capital de Turqu\u00eda, el 15 de abril de 1889. Jud\u00edo de nacimiento, pas\u00f3 su infancia en Argelia, al norte de \u00c1frica. En su adolescencia se traslad\u00f3 a Francia, donde se dedic\u00f3 al oficio de vendedor ambulante, recorriendo todo el pa\u00eds, desde Breta\u00f1a hasta el Midi y desde el [&hellip;]<\/p>","protected":false},"author":1,"featured_media":0,"parent":0,"menu_order":0,"comment_status":"closed","ping_status":"closed","template":"","meta":{"_uag_custom_page_level_css":"","site-sidebar-layout":"default","site-content-layout":"","ast-site-content-layout":"default","site-content-style":"default","site-sidebar-style":"default","ast-global-header-display":"","ast-banner-title-visibility":"","ast-main-header-display":"","ast-hfb-above-header-display":"","ast-hfb-below-header-display":"","ast-hfb-mobile-header-display":"","site-post-title":"disabled","ast-breadcrumbs-content":"","ast-featured-img":"","footer-sml-layout":"","theme-transparent-header-meta":"","adv-header-id-meta":"","stick-header-meta":"","header-above-stick-meta":"","header-main-stick-meta":"","header-below-stick-meta":"","astra-migrate-meta-layouts":"set","ast-page-background-enabled":"default","ast-page-background-meta":{"desktop":{"background-color":"var(--ast-global-color-4)","background-image":"","background-repeat":"repeat","background-position":"center center","background-size":"auto","background-attachment":"scroll","background-type":"","background-media":"","overlay-type":"","overlay-color":"","overlay-opacity":"","overlay-gradient":""},"tablet":{"background-color":"","background-image":"","background-repeat":"repeat","background-position":"center center","background-size":"auto","background-attachment":"scroll","background-type":"","background-media":"","overlay-type":"","overlay-color":"","overlay-opacity":"","overlay-gradient":""},"mobile":{"background-color":"","background-image":"","background-repeat":"repeat","background-position":"center center","background-size":"auto","background-attachment":"scroll","background-type":"","background-media":"","overlay-type":"","overlay-color":"","overlay-opacity":"","overlay-gradient":""}},"ast-content-background-meta":{"desktop":{"background-color":"var(--ast-global-color-5)","background-image":"","background-repeat":"repeat","background-position":"center center","background-size":"auto","background-attachment":"scroll","background-type":"","background-media":"","overlay-type":"","overlay-color":"","overlay-opacity":"","overlay-gradient":""},"tablet":{"background-color":"var(--ast-global-color-5)","background-image":"","background-repeat":"repeat","background-position":"center center","background-size":"auto","background-attachment":"scroll","background-type":"","background-media":"","overlay-type":"","overlay-color":"","overlay-opacity":"","overlay-gradient":""},"mobile":{"background-color":"var(--ast-global-color-5)","background-image":"","background-repeat":"repeat","background-position":"center center","background-size":"auto","background-attachment":"scroll","background-type":"","background-media":"","overlay-type":"","overlay-color":"","overlay-opacity":"","overlay-gradient":""}},"footnotes":""},"class_list":["post-8427","page","type-page","status-publish","hentry"],"yoast_head":"<!-- This site is optimized with the Yoast SEO Premium plugin v24.2 (Yoast SEO v24.6) - https:\/\/yoast.com\/wordpress\/plugins\/seo\/ -->\n<title>Jacques Aboab - Uni\u00f3n Esp\u00edrita<\/title>\n<meta name=\"robots\" content=\"index, follow, max-snippet:-1, max-image-preview:large, max-video-preview:-1\" \/>\n<link rel=\"canonical\" href=\"https:\/\/nuevo-renacer.com\/de\/jacques-aboab\/\" \/>\n<meta property=\"og:locale\" content=\"de_DE\" \/>\n<meta property=\"og:type\" content=\"article\" \/>\n<meta property=\"og:title\" content=\"Jacques Aboab\" \/>\n<meta property=\"og:description\" content=\"Jacques Aboab Naci\u00f3 en Constantinopla, actual Estambul, capital de Turqu\u00eda, el 15 de abril de 1889. Jud\u00edo de nacimiento, pas\u00f3 su infancia en Argelia, al norte de \u00c1frica. En su adolescencia se traslad\u00f3 a Francia, donde se dedic\u00f3 al oficio de vendedor ambulante, recorriendo todo el pa\u00eds, desde Breta\u00f1a hasta el Midi y desde el [&hellip;]\" \/>\n<meta property=\"og:url\" content=\"https:\/\/nuevo-renacer.com\/de\/jacques-aboab\/\" \/>\n<meta property=\"og:site_name\" content=\"Uni\u00f3n Esp\u00edrita\" \/>\n<meta property=\"article:publisher\" content=\"https:\/\/www.facebook.com\/groups\/3431398063740829\" \/>\n<meta property=\"article:modified_time\" content=\"2025-08-01T09:56:32+00:00\" \/>\n<meta property=\"og:image\" content=\"https:\/\/nuevo-renacer.com\/wp-content\/uploads\/2025\/08\/Jacques-Aboab.jpg\" \/>\n\t<meta property=\"og:image:width\" content=\"211\" \/>\n\t<meta property=\"og:image:height\" content=\"304\" \/>\n\t<meta property=\"og:image:type\" content=\"image\/jpeg\" \/>\n<meta name=\"twitter:card\" content=\"summary_large_image\" \/>\n<meta name=\"twitter:label1\" content=\"Gesch\u00e4tzte Lesezeit\" \/>\n\t<meta name=\"twitter:data1\" content=\"3\u00a0Minuten\" \/>\n<script type=\"application\/ld+json\" class=\"yoast-schema-graph\">{\"@context\":\"https:\/\/schema.org\",\"@graph\":[{\"@type\":\"WebPage\",\"@id\":\"https:\/\/nuevo-renacer.com\/jacques-aboab\/\",\"url\":\"https:\/\/nuevo-renacer.com\/jacques-aboab\/\",\"name\":\"Jacques Aboab - Uni\u00f3n Esp\u00edrita\",\"isPartOf\":{\"@id\":\"https:\/\/nuevo-renacer.com\/#website\"},\"primaryImageOfPage\":{\"@id\":\"https:\/\/nuevo-renacer.com\/jacques-aboab\/#primaryimage\"},\"image\":{\"@id\":\"https:\/\/nuevo-renacer.com\/jacques-aboab\/#primaryimage\"},\"thumbnailUrl\":\"https:\/\/nuevo-renacer.com\/wp-content\/uploads\/2025\/08\/Jacques-Aboab.jpg\",\"datePublished\":\"2025-08-01T09:56:30+00:00\",\"dateModified\":\"2025-08-01T09:56:32+00:00\",\"breadcrumb\":{\"@id\":\"https:\/\/nuevo-renacer.com\/jacques-aboab\/#breadcrumb\"},\"inLanguage\":\"de\",\"potentialAction\":[{\"@type\":\"ReadAction\",\"target\":[\"https:\/\/nuevo-renacer.com\/jacques-aboab\/\"]}]},{\"@type\":\"ImageObject\",\"inLanguage\":\"de\",\"@id\":\"https:\/\/nuevo-renacer.com\/jacques-aboab\/#primaryimage\",\"url\":\"https:\/\/nuevo-renacer.com\/wp-content\/uploads\/2025\/08\/Jacques-Aboab.jpg\",\"contentUrl\":\"https:\/\/nuevo-renacer.com\/wp-content\/uploads\/2025\/08\/Jacques-Aboab.jpg\"},{\"@type\":\"BreadcrumbList\",\"@id\":\"https:\/\/nuevo-renacer.com\/jacques-aboab\/#breadcrumb\",\"itemListElement\":[{\"@type\":\"ListItem\",\"position\":1,\"name\":\"Startseite\",\"item\":\"https:\/\/nuevo-renacer.com\/\"},{\"@type\":\"ListItem\",\"position\":2,\"name\":\"Jacques Aboab\"}]},{\"@type\":\"WebSite\",\"@id\":\"https:\/\/nuevo-renacer.com\/#website\",\"url\":\"https:\/\/nuevo-renacer.com\/\",\"name\":\"Uni\u00f3n Esp\u00edrita\",\"description\":\"Nuevo Renacer\",\"publisher\":{\"@id\":\"https:\/\/nuevo-renacer.com\/#organization\"},\"potentialAction\":[{\"@type\":\"SearchAction\",\"target\":{\"@type\":\"EntryPoint\",\"urlTemplate\":\"https:\/\/nuevo-renacer.com\/?s={search_term_string}\"},\"query-input\":{\"@type\":\"PropertyValueSpecification\",\"valueRequired\":true,\"valueName\":\"search_term_string\"}}],\"inLanguage\":\"de\"},{\"@type\":\"Organization\",\"@id\":\"https:\/\/nuevo-renacer.com\/#organization\",\"name\":\"UFEC\",\"url\":\"https:\/\/nuevo-renacer.com\/\",\"logo\":{\"@type\":\"ImageObject\",\"inLanguage\":\"de\",\"@id\":\"https:\/\/nuevo-renacer.com\/#\/schema\/logo\/image\/\",\"url\":\"https:\/\/nuevo-renacer.com\/wp-content\/uploads\/2024\/05\/cropped-LOGO-TERMINADO1-3-3.png\",\"contentUrl\":\"https:\/\/nuevo-renacer.com\/wp-content\/uploads\/2024\/05\/cropped-LOGO-TERMINADO1-3-3.png\",\"width\":512,\"height\":512,\"caption\":\"UFEC\"},\"image\":{\"@id\":\"https:\/\/nuevo-renacer.com\/#\/schema\/logo\/image\/\"},\"sameAs\":[\"https:\/\/www.facebook.com\/groups\/3431398063740829\"]}]}<\/script>\n<!-- \/ Yoast SEO Premium plugin. -->","yoast_head_json":{"title":"Jacques Aboab - Uni\u00f3n Esp\u00edrita","robots":{"index":"index","follow":"follow","max-snippet":"max-snippet:-1","max-image-preview":"max-image-preview:large","max-video-preview":"max-video-preview:-1"},"canonical":"https:\/\/nuevo-renacer.com\/de\/jacques-aboab\/","og_locale":"de_DE","og_type":"article","og_title":"Jacques Aboab","og_description":"Jacques Aboab Naci\u00f3 en Constantinopla, actual Estambul, capital de Turqu\u00eda, el 15 de abril de 1889. Jud\u00edo de nacimiento, pas\u00f3 su infancia en Argelia, al norte de \u00c1frica. En su adolescencia se traslad\u00f3 a Francia, donde se dedic\u00f3 al oficio de vendedor ambulante, recorriendo todo el pa\u00eds, desde Breta\u00f1a hasta el Midi y desde el [&hellip;]","og_url":"https:\/\/nuevo-renacer.com\/de\/jacques-aboab\/","og_site_name":"Uni\u00f3n Esp\u00edrita","article_publisher":"https:\/\/www.facebook.com\/groups\/3431398063740829","article_modified_time":"2025-08-01T09:56:32+00:00","og_image":[{"width":211,"height":304,"url":"https:\/\/nuevo-renacer.com\/wp-content\/uploads\/2025\/08\/Jacques-Aboab.jpg","type":"image\/jpeg"}],"twitter_card":"summary_large_image","twitter_misc":{"Gesch\u00e4tzte Lesezeit":"3\u00a0Minuten"},"schema":{"@context":"https:\/\/schema.org","@graph":[{"@type":"WebPage","@id":"https:\/\/nuevo-renacer.com\/jacques-aboab\/","url":"https:\/\/nuevo-renacer.com\/jacques-aboab\/","name":"Jacques Aboab - Uni\u00f3n Esp\u00edrita","isPartOf":{"@id":"https:\/\/nuevo-renacer.com\/#website"},"primaryImageOfPage":{"@id":"https:\/\/nuevo-renacer.com\/jacques-aboab\/#primaryimage"},"image":{"@id":"https:\/\/nuevo-renacer.com\/jacques-aboab\/#primaryimage"},"thumbnailUrl":"https:\/\/nuevo-renacer.com\/wp-content\/uploads\/2025\/08\/Jacques-Aboab.jpg","datePublished":"2025-08-01T09:56:30+00:00","dateModified":"2025-08-01T09:56:32+00:00","breadcrumb":{"@id":"https:\/\/nuevo-renacer.com\/jacques-aboab\/#breadcrumb"},"inLanguage":"de","potentialAction":[{"@type":"ReadAction","target":["https:\/\/nuevo-renacer.com\/jacques-aboab\/"]}]},{"@type":"ImageObject","inLanguage":"de","@id":"https:\/\/nuevo-renacer.com\/jacques-aboab\/#primaryimage","url":"https:\/\/nuevo-renacer.com\/wp-content\/uploads\/2025\/08\/Jacques-Aboab.jpg","contentUrl":"https:\/\/nuevo-renacer.com\/wp-content\/uploads\/2025\/08\/Jacques-Aboab.jpg"},{"@type":"BreadcrumbList","@id":"https:\/\/nuevo-renacer.com\/jacques-aboab\/#breadcrumb","itemListElement":[{"@type":"ListItem","position":1,"name":"Startseite","item":"https:\/\/nuevo-renacer.com\/"},{"@type":"ListItem","position":2,"name":"Jacques Aboab"}]},{"@type":"WebSite","@id":"https:\/\/nuevo-renacer.com\/#website","url":"https:\/\/nuevo-renacer.com\/","name":"Uni\u00f3n Esp\u00edrita","description":"Nuevo Renacer","publisher":{"@id":"https:\/\/nuevo-renacer.com\/#organization"},"potentialAction":[{"@type":"SearchAction","target":{"@type":"EntryPoint","urlTemplate":"https:\/\/nuevo-renacer.com\/?s={search_term_string}"},"query-input":{"@type":"PropertyValueSpecification","valueRequired":true,"valueName":"search_term_string"}}],"inLanguage":"de"},{"@type":"Organization","@id":"https:\/\/nuevo-renacer.com\/#organization","name":"UFEC","url":"https:\/\/nuevo-renacer.com\/","logo":{"@type":"ImageObject","inLanguage":"de","@id":"https:\/\/nuevo-renacer.com\/#\/schema\/logo\/image\/","url":"https:\/\/nuevo-renacer.com\/wp-content\/uploads\/2024\/05\/cropped-LOGO-TERMINADO1-3-3.png","contentUrl":"https:\/\/nuevo-renacer.com\/wp-content\/uploads\/2024\/05\/cropped-LOGO-TERMINADO1-3-3.png","width":512,"height":512,"caption":"UFEC"},"image":{"@id":"https:\/\/nuevo-renacer.com\/#\/schema\/logo\/image\/"},"sameAs":["https:\/\/www.facebook.com\/groups\/3431398063740829"]}]}},"uagb_featured_image_src":{"full":false,"thumbnail":false,"medium":false,"medium_large":false,"large":false,"1536x1536":false,"2048x2048":false,"trp-custom-language-flag":false},"uagb_author_info":{"display_name":"adbv0","author_link":"https:\/\/nuevo-renacer.com\/de\/author\/adbv0\/"},"uagb_comment_info":0,"uagb_excerpt":"Jacques Aboab Naci\u00f3 en Constantinopla, actual Estambul, capital de Turqu\u00eda, el 15 de abril de 1889. Jud\u00edo de nacimiento, pas\u00f3 su infancia en Argelia, al norte de \u00c1frica. En su adolescencia se traslad\u00f3 a Francia, donde se dedic\u00f3 al oficio de vendedor ambulante, recorriendo todo el pa\u00eds, desde Breta\u00f1a hasta el Midi y desde el&hellip;","jetpack_sharing_enabled":true,"_links":{"self":[{"href":"https:\/\/nuevo-renacer.com\/de\/wp-json\/wp\/v2\/pages\/8427","targetHints":{"allow":["GET"]}}],"collection":[{"href":"https:\/\/nuevo-renacer.com\/de\/wp-json\/wp\/v2\/pages"}],"about":[{"href":"https:\/\/nuevo-renacer.com\/de\/wp-json\/wp\/v2\/types\/page"}],"author":[{"embeddable":true,"href":"https:\/\/nuevo-renacer.com\/de\/wp-json\/wp\/v2\/users\/1"}],"replies":[{"embeddable":true,"href":"https:\/\/nuevo-renacer.com\/de\/wp-json\/wp\/v2\/comments?post=8427"}],"version-history":[{"count":1,"href":"https:\/\/nuevo-renacer.com\/de\/wp-json\/wp\/v2\/pages\/8427\/revisions"}],"predecessor-version":[{"id":8429,"href":"https:\/\/nuevo-renacer.com\/de\/wp-json\/wp\/v2\/pages\/8427\/revisions\/8429"}],"wp:attachment":[{"href":"https:\/\/nuevo-renacer.com\/de\/wp-json\/wp\/v2\/media?parent=8427"}],"curies":[{"name":"wp","href":"https:\/\/api.w.org\/{rel}","templated":true}]}}