{"id":8421,"date":"2025-07-18T12:59:12","date_gmt":"2025-07-18T12:59:12","guid":{"rendered":"https:\/\/nuevo-renacer.com\/?page_id=8421"},"modified":"2025-07-18T12:59:16","modified_gmt":"2025-07-18T12:59:16","slug":"jean-meyer","status":"publish","type":"page","link":"https:\/\/nuevo-renacer.com\/de\/jean-meyer\/","title":{"rendered":"Jean Meyer"},"content":{"rendered":"<div class=\"wp-block-uagb-container uagb-block-c6b8849f alignfull uagb-is-root-container\"><div class=\"uagb-container-inner-blocks-wrap\">\n<p class=\"has-black-color has-text-color has-link-color has-medium-font-size wp-elements-3e3f041f6d5563d9f24fd4504ce64006\"><strong>Jean Meyer<\/strong><\/p>\n<\/div><\/div>\n\n\n\n<div class=\"wp-block-uagb-container uagb-block-9a523b8d alignfull uagb-is-root-container\"><div class=\"uagb-container-inner-blocks-wrap\">\n<figure class=\"wp-block-image size-full is-resized\"><img fetchpriority=\"high\" decoding=\"async\" width=\"1000\" height=\"779\" src=\"https:\/\/nuevo-renacer.com\/wp-content\/uploads\/2025\/07\/Jean-Meyer.jpg\" alt=\"\" class=\"wp-image-8422\" style=\"width:309px;height:auto\" srcset=\"https:\/\/nuevo-renacer.com\/wp-content\/uploads\/2025\/07\/Jean-Meyer.jpg 1000w, https:\/\/nuevo-renacer.com\/wp-content\/uploads\/2025\/07\/Jean-Meyer-300x234.jpg 300w, https:\/\/nuevo-renacer.com\/wp-content\/uploads\/2025\/07\/Jean-Meyer-768x598.jpg 768w, https:\/\/nuevo-renacer.com\/wp-content\/uploads\/2025\/07\/Jean-Meyer-15x12.jpg 15w\" sizes=\"(max-width: 1000px) 100vw, 1000px\" \/><\/figure>\n<\/div><\/div>\n\n\n\n<div class=\"wp-block-uagb-container uagb-block-b68fa6cb alignfull uagb-is-root-container\"><div class=\"uagb-container-inner-blocks-wrap\">\n<p class=\"has-black-color has-text-color has-link-color has-small-font-size wp-elements-ac761262e09f7acf5d4c361a0739b047\">Geboren am 8. Juli 1855 in Riken (Schweiz) und gestorben am 13. April 1931 in B\u00e9ziers (Frankreich). Jean Meyer, Schweizer Schriftsteller, Wissenschaftler, Philanthrop und Philosoph, war eine der herausragendsten spiritistischen Pers\u00f6nlichkeiten des fr\u00fchen 20. Jahrhunderts. Nachdem er durch die Lekt\u00fcre der Werke von Allan Kardec und L\u00e9on Denis zum Spiritismus konvertiert war, widmete er sich mit Leib und Seele der gro\u00dfartigen Aufgabe, die Lehre der Geister zu verbreiten. Er verf\u00fcgte \u00fcber ein betr\u00e4chtliches materielles Verm\u00f6gen, das er in den Dienst des Spiritismus stellte, und widmete sich mit unerm\u00fcdlichem Eifer und wahrer Liebe der Aufgabe, dessen Grundprinzipien zu verbreiten.<\/p>\n\n\n\n<p class=\"has-black-color has-text-color has-link-color has-small-font-size wp-elements-b157fecb147eb319681eceda32c002be\">Dank seines finanziellen Beitrags und seiner moralischen Unterst\u00fctzung wurde in Paris, wohin er in seiner Jugend gezogen war, das \u201eInternationale Institut f\u00fcr Metapsychik\u201d gegr\u00fcndet, dessen erster Pr\u00e4sident Dr. Roque Santol\u00edquido war, ein angesehener Professor, Abgeordneter und Gesundheitsminister sowie Regierungsberater in Italien. Die Vizepr\u00e4sidentschaft dieser neuen Institution \u00fcbernahm der nicht minder ber\u00fchmte Dr. Gustavo Geley. Aufgrund seiner bedeutenden Arbeit wurde dieses Institut von der franz\u00f6sischen Regierung als \u201egemeinn\u00fctzig\u201d anerkannt. Zum Zeitpunkt seines Ablebens war Jean Meyer Direktor und Eigent\u00fcmer der von Allan Kardec gegr\u00fcndeten \u201eRevue Spirite\u201d, deren Leitung er zwischen 1916 und 1931 innehatte. 1917 wurde in seinem eigenen Wohnsitz, Vila Valrose, in Paris die \u201eFranz\u00f6sische Spiritistische Union\u201d gegr\u00fcndet, deren wichtigste Mitstreiter Gabriel Delanne und L\u00e9on Denis waren. Er war auch Vizepr\u00e4sident des \u201eHauses der Spiritisten\u201d in derselben Stadt, ein prominentes Mitglied der \u201eSoci\u00e9t\u00e9 d'\u00c9tudes M\u00e9tapsychiques\u201d (Gesellschaft f\u00fcr metapsychologische Studien) und des \u201eInstitut International de M\u00e9tapsychique\u201d (Internationales Institut f\u00fcr Metapsychik), Vizepr\u00e4sident des \u201eCongr\u00e8s Spirite International de La Haye\u201d (Internationaler Spiritistenkongress in Den Haag), Vizepr\u00e4sident der \u201eF\u00e9d\u00e9ration Spirite Internationale\u201d (Internationale Spiritistenf\u00f6deration), als diese ihren Sitz in Paris hatte, sowie Mitglied zahlreicher wissenschaftlicher Einrichtungen in Frankreich und anderen L\u00e4ndern.<\/p>\n\n\n\n<p class=\"has-black-color has-text-color has-link-color has-small-font-size wp-elements-e86633fa96752bd0ed9291fe7e0eba6b\">Jean Meyer widmete sich entschlossen dem Studium der philosophischen und wissenschaftlichen Aspekte der spiritistischen Lehre, ohne dabei den philanthropischen Aspekt zu vernachl\u00e4ssigen. Er unterst\u00fctzte finanziell verschiedene Wohlfahrtseinrichtungen, darunter ein Werk, das von den Damen Stephen und Dayt in Lyon aufgebaut wurde. Der gro\u00dfe Erntehelfer gab einen betr\u00e4chtlichen Teil seines Verm\u00f6gens f\u00fcr die Verbreitung des Spiritismus durch die Verlagsreihe \u201eMeyer Verlag\u201d und f\u00fcr die Unterst\u00fctzung doktrin\u00e4rer Einrichtungen aus, darunter insbesondere die \u201eFranz\u00f6sische Spiritistische Union\". Er begann zahlreiche Studien mit Dr. Gustavo Geley* am \u201eInstitut International de M\u00e9tapsychique\u201d, da er ein beharrlicher Forscher spiritistischer Ph\u00e4nomene war, so dass L\u00e9on Chevreuil, einer der Pr\u00e4sidenten der \u201eUnion Spirite Fran\u00e7aise\u201d, ihm die Aussage verdankte: \u201eOhne Meyer g\u00e4be es keine Metapsychik\u201d.<\/p>\n\n\n\n<p class=\"has-black-color has-text-color has-link-color has-small-font-size wp-elements-c8bf3913762f0661711e1cdb3d3b69f7\">Als Vizepr\u00e4sident des Exekutivkomitees des \u201eInternationalen Spiritistischen Kongresses\u201d, der vom 6. bis 13. September 1925 in Paris stattfand, arbeitete Meyer mit gro\u00dfem Eifer und stellte dabei sein wissenschaftliches Wissen eindrucksvoll unter Beweis. Auf dem Spiritistischen Kongress in London 1928, an dem er zusammen mit \u201eSir\u201d Arthur Conan Doyle teilnahm, der ihn sehr sch\u00e4tzte, sprach er folgende Worte: \u201eDurch die Verbindung von Wissenschaft und Spiritismus, durch diesen rationalen Glauben, den er uns schenkt, indem wir uns gegenseitig helfen, werden wir zu einem immer gerechteren und immer h\u00f6heren Verst\u00e4ndnis des Werkes Gottes gelangen.\u201d Wir k\u00f6nnen ohne Zweifel sagen, dass Jean Meyer einer der legitimsten Fortf\u00fchrer des Werks von Allan Kardec war, auch weil er die Auflage der \u201eRevue Spirite\u201d etwa 15 Jahre lang aufrechterhielt und sich intensiv f\u00fcr die Verbreitung der spiritistischen Postulate einsetzte, in einer Zeit, in der die neue offenbarte Lehre begann, den d\u00fcsteren Horizont der Welt mit dem Glanz ihres Lichts zu erhellen. Jean Meyer war kein Mann, der sein Talent begrub, wie es in den Evangelien so treffend hei\u00dft. Er war \u00fcberzeugt, dass materieller Reichtum in den Dienst edler Ziele gestellt werden sollte, und so z\u00f6gerte er nicht, dieses verg\u00e4ngliche Erbe, das er vom Himmel erhalten hatte, in den Dienst des Spiritismus und derjenigen zu stellen, die von den irdischen G\u00fctern weniger beg\u00fcnstigt waren, sondern setzte auch seine Intelligenz, seinen unersch\u00fctterlichen Glauben und alle ihm zur Verf\u00fcgung stehenden Kr\u00e4fte ein, damit dieses Ziel erreicht werden konnte.<\/p>\n<\/div><\/div>\n\n\n\n<div class=\"wp-block-uagb-container uagb-block-8f91b0af alignfull uagb-is-root-container\"><div class=\"uagb-container-inner-blocks-wrap\"><\/div><\/div>\n\n\n\n<div class=\"wp-block-uagb-container uagb-block-6f6fe01c alignfull uagb-is-root-container\"><div class=\"uagb-container-inner-blocks-wrap\"><\/div><\/div>","protected":false},"excerpt":{"rendered":"<p>Jean Meyer Nacido en Riken (Suiza) el 8 de julio de 1855 y fallecido en B\u00e9ziers (Francia) el 13 de abril de 1931. Jean Meyer, escritor, cient\u00edfico, fil\u00e1ntropo y fil\u00f3sofo suizo, fue una de las figuras espiritistas m\u00e1s destacadas de principios del siglo XX. Convertido al espiritismo tras leer las obras de Allan Kardec y [&hellip;]<\/p>","protected":false},"author":1,"featured_media":0,"parent":0,"menu_order":0,"comment_status":"closed","ping_status":"closed","template":"","meta":{"_uag_custom_page_level_css":"","site-sidebar-layout":"default","site-content-layout":"","ast-site-content-layout":"default","site-content-style":"default","site-sidebar-style":"default","ast-global-header-display":"","ast-banner-title-visibility":"","ast-main-header-display":"","ast-hfb-above-header-display":"","ast-hfb-below-header-display":"","ast-hfb-mobile-header-display":"","site-post-title":"disabled","ast-breadcrumbs-content":"","ast-featured-img":"","footer-sml-layout":"","theme-transparent-header-meta":"","adv-header-id-meta":"","stick-header-meta":"","header-above-stick-meta":"","header-main-stick-meta":"","header-below-stick-meta":"","astra-migrate-meta-layouts":"set","ast-page-background-enabled":"default","ast-page-background-meta":{"desktop":{"background-color":"var(--ast-global-color-4)","background-image":"","background-repeat":"repeat","background-position":"center center","background-size":"auto","background-attachment":"scroll","background-type":"","background-media":"","overlay-type":"","overlay-color":"","overlay-opacity":"","overlay-gradient":""},"tablet":{"background-color":"","background-image":"","background-repeat":"repeat","background-position":"center center","background-size":"auto","background-attachment":"scroll","background-type":"","background-media":"","overlay-type":"","overlay-color":"","overlay-opacity":"","overlay-gradient":""},"mobile":{"background-color":"","background-image":"","background-repeat":"repeat","background-position":"center center","background-size":"auto","background-attachment":"scroll","background-type":"","background-media":"","overlay-type":"","overlay-color":"","overlay-opacity":"","overlay-gradient":""}},"ast-content-background-meta":{"desktop":{"background-color":"var(--ast-global-color-5)","background-image":"","background-repeat":"repeat","background-position":"center center","background-size":"auto","background-attachment":"scroll","background-type":"","background-media":"","overlay-type":"","overlay-color":"","overlay-opacity":"","overlay-gradient":""},"tablet":{"background-color":"var(--ast-global-color-5)","background-image":"","background-repeat":"repeat","background-position":"center center","background-size":"auto","background-attachment":"scroll","background-type":"","background-media":"","overlay-type":"","overlay-color":"","overlay-opacity":"","overlay-gradient":""},"mobile":{"background-color":"var(--ast-global-color-5)","background-image":"","background-repeat":"repeat","background-position":"center center","background-size":"auto","background-attachment":"scroll","background-type":"","background-media":"","overlay-type":"","overlay-color":"","overlay-opacity":"","overlay-gradient":""}},"footnotes":""},"class_list":["post-8421","page","type-page","status-publish","hentry"],"yoast_head":"<!-- This site is optimized with the Yoast SEO Premium plugin v24.2 (Yoast SEO v24.6) - https:\/\/yoast.com\/wordpress\/plugins\/seo\/ -->\n<title>Jean Meyer - Uni\u00f3n Esp\u00edrita<\/title>\n<meta name=\"robots\" content=\"index, follow, max-snippet:-1, max-image-preview:large, max-video-preview:-1\" \/>\n<link rel=\"canonical\" href=\"https:\/\/nuevo-renacer.com\/de\/jean-meyer\/\" \/>\n<meta property=\"og:locale\" content=\"de_DE\" \/>\n<meta property=\"og:type\" content=\"article\" \/>\n<meta property=\"og:title\" content=\"Jean Meyer\" \/>\n<meta property=\"og:description\" content=\"Jean Meyer Nacido en Riken (Suiza) el 8 de julio de 1855 y fallecido en B\u00e9ziers (Francia) el 13 de abril de 1931. Jean Meyer, escritor, cient\u00edfico, fil\u00e1ntropo y fil\u00f3sofo suizo, fue una de las figuras espiritistas m\u00e1s destacadas de principios del siglo XX. Convertido al espiritismo tras leer las obras de Allan Kardec y [&hellip;]\" \/>\n<meta property=\"og:url\" content=\"https:\/\/nuevo-renacer.com\/de\/jean-meyer\/\" \/>\n<meta property=\"og:site_name\" content=\"Uni\u00f3n Esp\u00edrita\" \/>\n<meta property=\"article:publisher\" content=\"https:\/\/www.facebook.com\/groups\/3431398063740829\" \/>\n<meta property=\"article:modified_time\" content=\"2025-07-18T12:59:16+00:00\" \/>\n<meta property=\"og:image\" content=\"https:\/\/nuevo-renacer.com\/wp-content\/uploads\/2025\/07\/Jean-Meyer.jpg\" \/>\n\t<meta property=\"og:image:width\" content=\"1000\" \/>\n\t<meta property=\"og:image:height\" content=\"779\" \/>\n\t<meta property=\"og:image:type\" content=\"image\/jpeg\" \/>\n<meta name=\"twitter:card\" content=\"summary_large_image\" \/>\n<meta name=\"twitter:label1\" content=\"Gesch\u00e4tzte Lesezeit\" \/>\n\t<meta name=\"twitter:data1\" content=\"4\u00a0Minuten\" \/>\n<script type=\"application\/ld+json\" class=\"yoast-schema-graph\">{\"@context\":\"https:\/\/schema.org\",\"@graph\":[{\"@type\":\"WebPage\",\"@id\":\"https:\/\/nuevo-renacer.com\/jean-meyer\/\",\"url\":\"https:\/\/nuevo-renacer.com\/jean-meyer\/\",\"name\":\"Jean Meyer - Uni\u00f3n Esp\u00edrita\",\"isPartOf\":{\"@id\":\"https:\/\/nuevo-renacer.com\/#website\"},\"primaryImageOfPage\":{\"@id\":\"https:\/\/nuevo-renacer.com\/jean-meyer\/#primaryimage\"},\"image\":{\"@id\":\"https:\/\/nuevo-renacer.com\/jean-meyer\/#primaryimage\"},\"thumbnailUrl\":\"https:\/\/nuevo-renacer.com\/wp-content\/uploads\/2025\/07\/Jean-Meyer.jpg\",\"datePublished\":\"2025-07-18T12:59:12+00:00\",\"dateModified\":\"2025-07-18T12:59:16+00:00\",\"breadcrumb\":{\"@id\":\"https:\/\/nuevo-renacer.com\/jean-meyer\/#breadcrumb\"},\"inLanguage\":\"de\",\"potentialAction\":[{\"@type\":\"ReadAction\",\"target\":[\"https:\/\/nuevo-renacer.com\/jean-meyer\/\"]}]},{\"@type\":\"ImageObject\",\"inLanguage\":\"de\",\"@id\":\"https:\/\/nuevo-renacer.com\/jean-meyer\/#primaryimage\",\"url\":\"https:\/\/nuevo-renacer.com\/wp-content\/uploads\/2025\/07\/Jean-Meyer.jpg\",\"contentUrl\":\"https:\/\/nuevo-renacer.com\/wp-content\/uploads\/2025\/07\/Jean-Meyer.jpg\"},{\"@type\":\"BreadcrumbList\",\"@id\":\"https:\/\/nuevo-renacer.com\/jean-meyer\/#breadcrumb\",\"itemListElement\":[{\"@type\":\"ListItem\",\"position\":1,\"name\":\"Startseite\",\"item\":\"https:\/\/nuevo-renacer.com\/\"},{\"@type\":\"ListItem\",\"position\":2,\"name\":\"Jean Meyer\"}]},{\"@type\":\"WebSite\",\"@id\":\"https:\/\/nuevo-renacer.com\/#website\",\"url\":\"https:\/\/nuevo-renacer.com\/\",\"name\":\"Uni\u00f3n Esp\u00edrita\",\"description\":\"Nuevo Renacer\",\"publisher\":{\"@id\":\"https:\/\/nuevo-renacer.com\/#organization\"},\"potentialAction\":[{\"@type\":\"SearchAction\",\"target\":{\"@type\":\"EntryPoint\",\"urlTemplate\":\"https:\/\/nuevo-renacer.com\/?s={search_term_string}\"},\"query-input\":{\"@type\":\"PropertyValueSpecification\",\"valueRequired\":true,\"valueName\":\"search_term_string\"}}],\"inLanguage\":\"de\"},{\"@type\":\"Organization\",\"@id\":\"https:\/\/nuevo-renacer.com\/#organization\",\"name\":\"UFEC\",\"url\":\"https:\/\/nuevo-renacer.com\/\",\"logo\":{\"@type\":\"ImageObject\",\"inLanguage\":\"de\",\"@id\":\"https:\/\/nuevo-renacer.com\/#\/schema\/logo\/image\/\",\"url\":\"https:\/\/nuevo-renacer.com\/wp-content\/uploads\/2024\/05\/cropped-LOGO-TERMINADO1-3-3.png\",\"contentUrl\":\"https:\/\/nuevo-renacer.com\/wp-content\/uploads\/2024\/05\/cropped-LOGO-TERMINADO1-3-3.png\",\"width\":512,\"height\":512,\"caption\":\"UFEC\"},\"image\":{\"@id\":\"https:\/\/nuevo-renacer.com\/#\/schema\/logo\/image\/\"},\"sameAs\":[\"https:\/\/www.facebook.com\/groups\/3431398063740829\"]}]}<\/script>\n<!-- \/ Yoast SEO Premium plugin. -->","yoast_head_json":{"title":"Jean Meyer - Uni\u00f3n Esp\u00edrita","robots":{"index":"index","follow":"follow","max-snippet":"max-snippet:-1","max-image-preview":"max-image-preview:large","max-video-preview":"max-video-preview:-1"},"canonical":"https:\/\/nuevo-renacer.com\/de\/jean-meyer\/","og_locale":"de_DE","og_type":"article","og_title":"Jean Meyer","og_description":"Jean Meyer Nacido en Riken (Suiza) el 8 de julio de 1855 y fallecido en B\u00e9ziers (Francia) el 13 de abril de 1931. Jean Meyer, escritor, cient\u00edfico, fil\u00e1ntropo y fil\u00f3sofo suizo, fue una de las figuras espiritistas m\u00e1s destacadas de principios del siglo XX. Convertido al espiritismo tras leer las obras de Allan Kardec y [&hellip;]","og_url":"https:\/\/nuevo-renacer.com\/de\/jean-meyer\/","og_site_name":"Uni\u00f3n Esp\u00edrita","article_publisher":"https:\/\/www.facebook.com\/groups\/3431398063740829","article_modified_time":"2025-07-18T12:59:16+00:00","og_image":[{"width":1000,"height":779,"url":"https:\/\/nuevo-renacer.com\/wp-content\/uploads\/2025\/07\/Jean-Meyer.jpg","type":"image\/jpeg"}],"twitter_card":"summary_large_image","twitter_misc":{"Gesch\u00e4tzte Lesezeit":"4\u00a0Minuten"},"schema":{"@context":"https:\/\/schema.org","@graph":[{"@type":"WebPage","@id":"https:\/\/nuevo-renacer.com\/jean-meyer\/","url":"https:\/\/nuevo-renacer.com\/jean-meyer\/","name":"Jean Meyer - Uni\u00f3n Esp\u00edrita","isPartOf":{"@id":"https:\/\/nuevo-renacer.com\/#website"},"primaryImageOfPage":{"@id":"https:\/\/nuevo-renacer.com\/jean-meyer\/#primaryimage"},"image":{"@id":"https:\/\/nuevo-renacer.com\/jean-meyer\/#primaryimage"},"thumbnailUrl":"https:\/\/nuevo-renacer.com\/wp-content\/uploads\/2025\/07\/Jean-Meyer.jpg","datePublished":"2025-07-18T12:59:12+00:00","dateModified":"2025-07-18T12:59:16+00:00","breadcrumb":{"@id":"https:\/\/nuevo-renacer.com\/jean-meyer\/#breadcrumb"},"inLanguage":"de","potentialAction":[{"@type":"ReadAction","target":["https:\/\/nuevo-renacer.com\/jean-meyer\/"]}]},{"@type":"ImageObject","inLanguage":"de","@id":"https:\/\/nuevo-renacer.com\/jean-meyer\/#primaryimage","url":"https:\/\/nuevo-renacer.com\/wp-content\/uploads\/2025\/07\/Jean-Meyer.jpg","contentUrl":"https:\/\/nuevo-renacer.com\/wp-content\/uploads\/2025\/07\/Jean-Meyer.jpg"},{"@type":"BreadcrumbList","@id":"https:\/\/nuevo-renacer.com\/jean-meyer\/#breadcrumb","itemListElement":[{"@type":"ListItem","position":1,"name":"Startseite","item":"https:\/\/nuevo-renacer.com\/"},{"@type":"ListItem","position":2,"name":"Jean Meyer"}]},{"@type":"WebSite","@id":"https:\/\/nuevo-renacer.com\/#website","url":"https:\/\/nuevo-renacer.com\/","name":"Uni\u00f3n Esp\u00edrita","description":"Nuevo Renacer","publisher":{"@id":"https:\/\/nuevo-renacer.com\/#organization"},"potentialAction":[{"@type":"SearchAction","target":{"@type":"EntryPoint","urlTemplate":"https:\/\/nuevo-renacer.com\/?s={search_term_string}"},"query-input":{"@type":"PropertyValueSpecification","valueRequired":true,"valueName":"search_term_string"}}],"inLanguage":"de"},{"@type":"Organization","@id":"https:\/\/nuevo-renacer.com\/#organization","name":"UFEC","url":"https:\/\/nuevo-renacer.com\/","logo":{"@type":"ImageObject","inLanguage":"de","@id":"https:\/\/nuevo-renacer.com\/#\/schema\/logo\/image\/","url":"https:\/\/nuevo-renacer.com\/wp-content\/uploads\/2024\/05\/cropped-LOGO-TERMINADO1-3-3.png","contentUrl":"https:\/\/nuevo-renacer.com\/wp-content\/uploads\/2024\/05\/cropped-LOGO-TERMINADO1-3-3.png","width":512,"height":512,"caption":"UFEC"},"image":{"@id":"https:\/\/nuevo-renacer.com\/#\/schema\/logo\/image\/"},"sameAs":["https:\/\/www.facebook.com\/groups\/3431398063740829"]}]}},"uagb_featured_image_src":{"full":false,"thumbnail":false,"medium":false,"medium_large":false,"large":false,"1536x1536":false,"2048x2048":false,"trp-custom-language-flag":false},"uagb_author_info":{"display_name":"adbv0","author_link":"https:\/\/nuevo-renacer.com\/de\/author\/adbv0\/"},"uagb_comment_info":0,"uagb_excerpt":"Jean Meyer Nacido en Riken (Suiza) el 8 de julio de 1855 y fallecido en B\u00e9ziers (Francia) el 13 de abril de 1931. Jean Meyer, escritor, cient\u00edfico, fil\u00e1ntropo y fil\u00f3sofo suizo, fue una de las figuras espiritistas m\u00e1s destacadas de principios del siglo XX. Convertido al espiritismo tras leer las obras de Allan Kardec y&hellip;","jetpack_sharing_enabled":true,"_links":{"self":[{"href":"https:\/\/nuevo-renacer.com\/de\/wp-json\/wp\/v2\/pages\/8421","targetHints":{"allow":["GET"]}}],"collection":[{"href":"https:\/\/nuevo-renacer.com\/de\/wp-json\/wp\/v2\/pages"}],"about":[{"href":"https:\/\/nuevo-renacer.com\/de\/wp-json\/wp\/v2\/types\/page"}],"author":[{"embeddable":true,"href":"https:\/\/nuevo-renacer.com\/de\/wp-json\/wp\/v2\/users\/1"}],"replies":[{"embeddable":true,"href":"https:\/\/nuevo-renacer.com\/de\/wp-json\/wp\/v2\/comments?post=8421"}],"version-history":[{"count":1,"href":"https:\/\/nuevo-renacer.com\/de\/wp-json\/wp\/v2\/pages\/8421\/revisions"}],"predecessor-version":[{"id":8423,"href":"https:\/\/nuevo-renacer.com\/de\/wp-json\/wp\/v2\/pages\/8421\/revisions\/8423"}],"wp:attachment":[{"href":"https:\/\/nuevo-renacer.com\/de\/wp-json\/wp\/v2\/media?parent=8421"}],"curies":[{"name":"wp","href":"https:\/\/api.w.org\/{rel}","templated":true}]}}