{"id":8404,"date":"2025-07-07T11:41:59","date_gmt":"2025-07-07T11:41:59","guid":{"rendered":"https:\/\/nuevo-renacer.com\/?page_id=8404"},"modified":"2025-07-07T11:42:02","modified_gmt":"2025-07-07T11:42:02","slug":"fernando-miramez-de-olivideo","status":"publish","type":"page","link":"https:\/\/nuevo-renacer.com\/de\/fernando-miramez-de-olivideo\/","title":{"rendered":"Fernando Miramez de Oliv\u00eddeo"},"content":{"rendered":"<div class=\"wp-block-uagb-container uagb-block-2082942c alignfull uagb-is-root-container\"><div class=\"uagb-container-inner-blocks-wrap\">\n<p class=\"has-black-color has-text-color has-link-color has-medium-font-size wp-elements-cba2740858ed0f9302b970ef3bfbc537\"><strong>Fernando Miramez de Oliv\u00eddeo<\/strong><\/p>\n<\/div><\/div>\n\n\n\n<div class=\"wp-block-uagb-container uagb-block-60ee9028 alignfull uagb-is-root-container\"><div class=\"uagb-container-inner-blocks-wrap\">\n<figure class=\"wp-block-image size-full is-resized\"><img fetchpriority=\"high\" decoding=\"async\" width=\"300\" height=\"399\" src=\"https:\/\/nuevo-renacer.com\/wp-content\/uploads\/2025\/07\/Fernando-Miramez-de-Olivideo.jpg\" alt=\"\" class=\"wp-image-8405\" style=\"width:249px;height:auto\" srcset=\"https:\/\/nuevo-renacer.com\/wp-content\/uploads\/2025\/07\/Fernando-Miramez-de-Olivideo.jpg 300w, https:\/\/nuevo-renacer.com\/wp-content\/uploads\/2025\/07\/Fernando-Miramez-de-Olivideo-226x300.jpg 226w, https:\/\/nuevo-renacer.com\/wp-content\/uploads\/2025\/07\/Fernando-Miramez-de-Olivideo-9x12.jpg 9w\" sizes=\"(max-width: 300px) 100vw, 300px\" \/><\/figure>\n<\/div><\/div>\n\n\n\n<div class=\"wp-block-uagb-container uagb-block-8da67d6a alignfull uagb-is-root-container\"><div class=\"uagb-container-inner-blocks-wrap\">\n<p class=\"has-black-color has-text-color has-link-color has-small-font-size wp-elements-28fd2022a158ddb6784c4a78d92c17cd\">Miramez war der Sohn eines Adelspaares, das im Norden Spaniens lebte. Seine Mutter war Franz\u00f6sin, sein Vater Portugiese. Er war intelligent und gelehrt und interessierte sich schon fr\u00fch f\u00fcr die Entdeckung Amerikas, wo er sich mehrmals in H\u00e4fen wiederfand, die er als gesegnet empfand. Miramez war ein enger Vertrauter Philipps IV., K\u00f6nig von Spanien, der seine Prinzipien der Integrit\u00e4t und hohen Moral kannte. F\u00fcr den K\u00f6nig hatte Fernando jedoch Schw\u00e4chen, die er korrigieren wollte: Er war kriegsfeindlich, lehnte Gewalt ab und unterst\u00fctzte die Rechte der V\u00f6lker und vor allem der Individuen. Deshalb ernannte er ihn mit den Befugnissen eines Staatsoberhauptes zum \u201eOhr des K\u00f6nigs und Mund Spaniens\u201d in den L\u00e4ndern von Santa Cruz, um die kolonialistischen Aktivit\u00e4ten Portugals in Amerika aus n\u00e4chster N\u00e4he zu verfolgen. In derselben Nacht, in der der K\u00f6nig ihm die Einladung aussprach, sp\u00fcrte Miramez, dass etwas, das er seit langem in seiner Seele gehegt hatte, nun Wirklichkeit wurde. In ruhigem Schlaf wurde er auf eine Astralreise zu den L\u00e4ndern mitgenommen, in denen er bald landen w\u00fcrde. Am n\u00e4chsten Tag wachte er singend auf, umgeben von einer seltsamen Freude, wie sie alle empfinden, die zum Wohle der Menschheit denken, leben und handeln.<\/p>\n\n\n\n<p class=\"has-black-color has-text-color has-link-color has-small-font-size wp-elements-e969597d34b15f86a13cb097fbe9d651\">So landete an einem Tag des Jahres 1649, als Innozenz X. in Rom regierte, der Gesandte des K\u00f6nigs von Spanien heimlich als Tourist an der K\u00fcste Brasiliens. Freundlich und umg\u00e4nglich, viele Sprachen beherrschend, hatte er bereits auf dem Boot, das ihn zum Strand brachte, Kontakt zu den Sklavenrudern aufgenommen. Ein bemerkenswertes Ereignis bei seiner Ankunft war die Tatsache, dass mehrere Indianer, die sich am Strand befanden, auf ihn zukamen, um ihn zu begr\u00fc\u00dfen, w\u00e4hrend der Zauberer des Stammes auf seine rechte Seite zeigte und rief: \u201eBabagi! Babagi!\u201d In der indigenen Tradition war Babagi die Gottheit, die f\u00fcr die Heilung durch die Schamanen jedes Stammes verantwortlich war. Er war in Wirklichkeit eine spirituelle Wesenheit, die Miramez begleitete. Bald f\u00fchlte er sich von seinen neuen Freunden umgeben, die in ihm die F\u00e4higkeit sahen, ihnen Linderung von den Leiden und Verfolgungen zu verschaffen, denen sie unter der Herrschaft der ausl\u00e4ndischen Invasoren ausgesetzt waren. In kurzer Zeit hatte Fernando bereits die verschiedenen indigenen und afrikanischen Dialekte verinnerlicht und bewegte sich mit Leichtigkeit unter den einfachen Leuten.<\/p>\n\n\n\n<p class=\"has-black-color has-text-color has-link-color has-small-font-size wp-elements-1db66a346660180755e7b9975ce0cac8\">Eines Nachts, als er die Sterne betrachtete, \u00fcberkam ihn eine starke Erinnerung an sein fernes Heimatland, wo er \u00fcber unz\u00e4hlige wertvolle G\u00fcter, darunter Grundst\u00fccke und L\u00e4ndereien, verf\u00fcgte. W\u00e4hrend er dar\u00fcber nachdachte, ob er nach Spanien zur\u00fcckkehren sollte, h\u00f6rte er eine sanfte Stimme, die wie aus seinem Innersten zu kommen schien und ihm empfahl, das zu tun, was der reiche junge Mann im Evangelium abgelehnt hatte, als Jesus ihm riet, seinen Besitz zu verkaufen, bevor er ihm folgte (Matth\u00e4us XIX: 16-24; Lukas XVII: 18-25; Markus X: 25) : \u201eVerkaufe alles, was du hast, verteile es unter den Armen, und du wirst einen Schatz im Himmel haben; dann komm und folge mir nach!\u201c \u00dcberrascht hatte er das Gef\u00fchl, diese Stimme zu kennen, aber woher? Es schien ihm, als h\u00e4tte er sie schon einmal geh\u00f6rt, aber wann? Er f\u00fchlte sich verloren im Ozean der Jahrhunderte.<\/p>\n\n\n\n<p class=\"has-black-color has-text-color has-link-color has-small-font-size wp-elements-6e263438cc4e83b1cc0c18db89da1e0c\">Doch dann ert\u00f6nte die Stimme erneut. \u201eFernando, du kannst all deinen Besitz in Spanien verkaufen und das Geld unter den Bed\u00fcrftigen deines Vaterlandes verteilen! Die Menschen hier, die einen Erneuerungsprozess durchlaufen m\u00fcssen, brauchen mehr deinen geistigen Reichtum, das Ergebnis deiner flei\u00dfigen H\u00e4nde, den Schatz, der in deinem Herzen gespeichert ist, und deine tr\u00f6stende Gegenwart!\u201c Miramez schickte daraufhin eine Vollmacht an vertrauensw\u00fcrdige Freunde und erm\u00e4chtigte sie, \u00fcber seinen Besitz zu verf\u00fcgen und den Erl\u00f6s unter den Bed\u00fcrftigen und Leidenden der Iberischen Halbinsel zu verteilen. So konnte er mit ruhigem Gewissen leben und wichtige Vermittlungsarbeit leisten. Einige Indios und Schwarze verstanden sich nicht gut und bek\u00e4mpften sich gegenseitig. Er arbeitete hart daran, die beiden Rassen einander n\u00e4her zu bringen und ihr Zusammenleben zu verbessern, und schon bald zeigten seine Bem\u00fchungen Ergebnisse: Indios und Schwarze begannen, ihre Traditionen gemeinsam zu feiern, verbunden durch Ideale, Freundschaft und Leid. Miramez schloss sich daraufhin der Gruppe europ\u00e4ischer Katecheten an, da er dort ein g\u00fcnstiges Umfeld f\u00fcr die Verwirklichung seiner Ideale vorfand. Als Ergebnis seiner Arbeit und gemeinsamer Anstrengungen wurde 1680 das Gesetz zum Schutz der Indianer erlassen.<\/p>\n\n\n\n<p class=\"has-black-color has-text-color has-link-color has-small-font-size wp-elements-7feaec0b88abae0ba688c29978c9d795\">Sein Tod erfolgte in einer Atmosph\u00e4re gro\u00dfer Sanftmut. Die bekehrten Schwarzen und Indianer bildeten eine lange Schlange, um die H\u00e4nde zu k\u00fcssen, die ihnen so sehr geholfen hatten. Solange er noch bei klarem Verstand war, segnete Miramez sie einen nach dem anderen. In seinen letzten Augenblicken nahm Fernando Miramez de Oliv\u00eddeo die Anwesenheit seiner liebevollen Mutter wahr, sowie die einer erhabenen Wesenheit, die er lieber nicht identifizieren wollte, da er der Meinung war, eine solche Ehre nicht zu verdienen. Mit Tr\u00e4nen in den Augen l\u00f6ste sich Miramez von seinem physischen K\u00f6rper und weinte vor Gl\u00fcck und Dankbarkeit, dass er durch die T\u00fcren der Liebe und N\u00e4chstenliebe, die ihm Jesus ge\u00f6ffnet hatte, nach Brasilien gekommen war.<\/p>\n<\/div><\/div>\n\n\n\n<div class=\"wp-block-uagb-container uagb-block-369f1c1c alignfull uagb-is-root-container\"><div class=\"uagb-container-inner-blocks-wrap\"><\/div><\/div>\n\n\n\n<div class=\"wp-block-uagb-container uagb-block-3ad7a60e alignfull uagb-is-root-container\"><div class=\"uagb-container-inner-blocks-wrap\"><\/div><\/div>","protected":false},"excerpt":{"rendered":"<p>Fernando Miramez de Oliv\u00eddeo Miramez era hijo de una pareja de nobles que viv\u00eda en el norte de Espa\u00f1a. Su madre era francesa y su padre portugu\u00e9s. Inteligente y estudioso, desde muy temprana edad se interes\u00f3 por el descubrimiento de las Am\u00e9ricas, donde, en varias ocasiones, se ve\u00eda desembarcando en puertos que consideraba benditos. Miramez [&hellip;]<\/p>","protected":false},"author":1,"featured_media":0,"parent":0,"menu_order":0,"comment_status":"closed","ping_status":"closed","template":"","meta":{"_uag_custom_page_level_css":"","site-sidebar-layout":"default","site-content-layout":"","ast-site-content-layout":"default","site-content-style":"default","site-sidebar-style":"default","ast-global-header-display":"","ast-banner-title-visibility":"","ast-main-header-display":"","ast-hfb-above-header-display":"","ast-hfb-below-header-display":"","ast-hfb-mobile-header-display":"","site-post-title":"disabled","ast-breadcrumbs-content":"","ast-featured-img":"","footer-sml-layout":"","theme-transparent-header-meta":"","adv-header-id-meta":"","stick-header-meta":"","header-above-stick-meta":"","header-main-stick-meta":"","header-below-stick-meta":"","astra-migrate-meta-layouts":"set","ast-page-background-enabled":"default","ast-page-background-meta":{"desktop":{"background-color":"var(--ast-global-color-4)","background-image":"","background-repeat":"repeat","background-position":"center center","background-size":"auto","background-attachment":"scroll","background-type":"","background-media":"","overlay-type":"","overlay-color":"","overlay-opacity":"","overlay-gradient":""},"tablet":{"background-color":"","background-image":"","background-repeat":"repeat","background-position":"center center","background-size":"auto","background-attachment":"scroll","background-type":"","background-media":"","overlay-type":"","overlay-color":"","overlay-opacity":"","overlay-gradient":""},"mobile":{"background-color":"","background-image":"","background-repeat":"repeat","background-position":"center center","background-size":"auto","background-attachment":"scroll","background-type":"","background-media":"","overlay-type":"","overlay-color":"","overlay-opacity":"","overlay-gradient":""}},"ast-content-background-meta":{"desktop":{"background-color":"var(--ast-global-color-5)","background-image":"","background-repeat":"repeat","background-position":"center center","background-size":"auto","background-attachment":"scroll","background-type":"","background-media":"","overlay-type":"","overlay-color":"","overlay-opacity":"","overlay-gradient":""},"tablet":{"background-color":"var(--ast-global-color-5)","background-image":"","background-repeat":"repeat","background-position":"center center","background-size":"auto","background-attachment":"scroll","background-type":"","background-media":"","overlay-type":"","overlay-color":"","overlay-opacity":"","overlay-gradient":""},"mobile":{"background-color":"var(--ast-global-color-5)","background-image":"","background-repeat":"repeat","background-position":"center center","background-size":"auto","background-attachment":"scroll","background-type":"","background-media":"","overlay-type":"","overlay-color":"","overlay-opacity":"","overlay-gradient":""}},"footnotes":""},"class_list":["post-8404","page","type-page","status-publish","hentry"],"yoast_head":"<!-- This site is optimized with the Yoast SEO Premium plugin v24.2 (Yoast SEO v24.6) - https:\/\/yoast.com\/wordpress\/plugins\/seo\/ -->\n<title>Fernando Miramez de Oliv\u00eddeo - Uni\u00f3n Esp\u00edrita<\/title>\n<meta name=\"robots\" content=\"index, follow, max-snippet:-1, max-image-preview:large, max-video-preview:-1\" \/>\n<link rel=\"canonical\" href=\"https:\/\/nuevo-renacer.com\/de\/fernando-miramez-de-olivideo\/\" \/>\n<meta property=\"og:locale\" content=\"de_DE\" \/>\n<meta property=\"og:type\" content=\"article\" \/>\n<meta property=\"og:title\" content=\"Fernando Miramez de Oliv\u00eddeo\" \/>\n<meta property=\"og:description\" content=\"Fernando Miramez de Oliv\u00eddeo Miramez era hijo de una pareja de nobles que viv\u00eda en el norte de Espa\u00f1a. Su madre era francesa y su padre portugu\u00e9s. Inteligente y estudioso, desde muy temprana edad se interes\u00f3 por el descubrimiento de las Am\u00e9ricas, donde, en varias ocasiones, se ve\u00eda desembarcando en puertos que consideraba benditos. Miramez [&hellip;]\" \/>\n<meta property=\"og:url\" content=\"https:\/\/nuevo-renacer.com\/de\/fernando-miramez-de-olivideo\/\" \/>\n<meta property=\"og:site_name\" content=\"Uni\u00f3n Esp\u00edrita\" \/>\n<meta property=\"article:publisher\" content=\"https:\/\/www.facebook.com\/groups\/3431398063740829\" \/>\n<meta property=\"article:modified_time\" content=\"2025-07-07T11:42:02+00:00\" \/>\n<meta property=\"og:image\" content=\"https:\/\/nuevo-renacer.com\/wp-content\/uploads\/2025\/07\/Fernando-Miramez-de-Olivideo.jpg\" \/>\n\t<meta property=\"og:image:width\" content=\"300\" \/>\n\t<meta property=\"og:image:height\" content=\"399\" \/>\n\t<meta property=\"og:image:type\" content=\"image\/jpeg\" \/>\n<meta name=\"twitter:card\" content=\"summary_large_image\" \/>\n<meta name=\"twitter:label1\" content=\"Gesch\u00e4tzte Lesezeit\" \/>\n\t<meta name=\"twitter:data1\" content=\"5\u00a0Minuten\" \/>\n<script type=\"application\/ld+json\" class=\"yoast-schema-graph\">{\"@context\":\"https:\/\/schema.org\",\"@graph\":[{\"@type\":\"WebPage\",\"@id\":\"https:\/\/nuevo-renacer.com\/fernando-miramez-de-olivideo\/\",\"url\":\"https:\/\/nuevo-renacer.com\/fernando-miramez-de-olivideo\/\",\"name\":\"Fernando Miramez de Oliv\u00eddeo - Uni\u00f3n Esp\u00edrita\",\"isPartOf\":{\"@id\":\"https:\/\/nuevo-renacer.com\/#website\"},\"primaryImageOfPage\":{\"@id\":\"https:\/\/nuevo-renacer.com\/fernando-miramez-de-olivideo\/#primaryimage\"},\"image\":{\"@id\":\"https:\/\/nuevo-renacer.com\/fernando-miramez-de-olivideo\/#primaryimage\"},\"thumbnailUrl\":\"https:\/\/nuevo-renacer.com\/wp-content\/uploads\/2025\/07\/Fernando-Miramez-de-Olivideo.jpg\",\"datePublished\":\"2025-07-07T11:41:59+00:00\",\"dateModified\":\"2025-07-07T11:42:02+00:00\",\"breadcrumb\":{\"@id\":\"https:\/\/nuevo-renacer.com\/fernando-miramez-de-olivideo\/#breadcrumb\"},\"inLanguage\":\"de\",\"potentialAction\":[{\"@type\":\"ReadAction\",\"target\":[\"https:\/\/nuevo-renacer.com\/fernando-miramez-de-olivideo\/\"]}]},{\"@type\":\"ImageObject\",\"inLanguage\":\"de\",\"@id\":\"https:\/\/nuevo-renacer.com\/fernando-miramez-de-olivideo\/#primaryimage\",\"url\":\"https:\/\/nuevo-renacer.com\/wp-content\/uploads\/2025\/07\/Fernando-Miramez-de-Olivideo.jpg\",\"contentUrl\":\"https:\/\/nuevo-renacer.com\/wp-content\/uploads\/2025\/07\/Fernando-Miramez-de-Olivideo.jpg\"},{\"@type\":\"BreadcrumbList\",\"@id\":\"https:\/\/nuevo-renacer.com\/fernando-miramez-de-olivideo\/#breadcrumb\",\"itemListElement\":[{\"@type\":\"ListItem\",\"position\":1,\"name\":\"Startseite\",\"item\":\"https:\/\/nuevo-renacer.com\/\"},{\"@type\":\"ListItem\",\"position\":2,\"name\":\"Fernando Miramez de Oliv\u00eddeo\"}]},{\"@type\":\"WebSite\",\"@id\":\"https:\/\/nuevo-renacer.com\/#website\",\"url\":\"https:\/\/nuevo-renacer.com\/\",\"name\":\"Uni\u00f3n Esp\u00edrita\",\"description\":\"Nuevo Renacer\",\"publisher\":{\"@id\":\"https:\/\/nuevo-renacer.com\/#organization\"},\"potentialAction\":[{\"@type\":\"SearchAction\",\"target\":{\"@type\":\"EntryPoint\",\"urlTemplate\":\"https:\/\/nuevo-renacer.com\/?s={search_term_string}\"},\"query-input\":{\"@type\":\"PropertyValueSpecification\",\"valueRequired\":true,\"valueName\":\"search_term_string\"}}],\"inLanguage\":\"de\"},{\"@type\":\"Organization\",\"@id\":\"https:\/\/nuevo-renacer.com\/#organization\",\"name\":\"UFEC\",\"url\":\"https:\/\/nuevo-renacer.com\/\",\"logo\":{\"@type\":\"ImageObject\",\"inLanguage\":\"de\",\"@id\":\"https:\/\/nuevo-renacer.com\/#\/schema\/logo\/image\/\",\"url\":\"https:\/\/nuevo-renacer.com\/wp-content\/uploads\/2024\/05\/cropped-LOGO-TERMINADO1-3-3.png\",\"contentUrl\":\"https:\/\/nuevo-renacer.com\/wp-content\/uploads\/2024\/05\/cropped-LOGO-TERMINADO1-3-3.png\",\"width\":512,\"height\":512,\"caption\":\"UFEC\"},\"image\":{\"@id\":\"https:\/\/nuevo-renacer.com\/#\/schema\/logo\/image\/\"},\"sameAs\":[\"https:\/\/www.facebook.com\/groups\/3431398063740829\"]}]}<\/script>\n<!-- \/ Yoast SEO Premium plugin. -->","yoast_head_json":{"title":"Fernando Miramez de Oliv\u00eddeo - Uni\u00f3n Esp\u00edrita","robots":{"index":"index","follow":"follow","max-snippet":"max-snippet:-1","max-image-preview":"max-image-preview:large","max-video-preview":"max-video-preview:-1"},"canonical":"https:\/\/nuevo-renacer.com\/de\/fernando-miramez-de-olivideo\/","og_locale":"de_DE","og_type":"article","og_title":"Fernando Miramez de Oliv\u00eddeo","og_description":"Fernando Miramez de Oliv\u00eddeo Miramez era hijo de una pareja de nobles que viv\u00eda en el norte de Espa\u00f1a. Su madre era francesa y su padre portugu\u00e9s. Inteligente y estudioso, desde muy temprana edad se interes\u00f3 por el descubrimiento de las Am\u00e9ricas, donde, en varias ocasiones, se ve\u00eda desembarcando en puertos que consideraba benditos. Miramez [&hellip;]","og_url":"https:\/\/nuevo-renacer.com\/de\/fernando-miramez-de-olivideo\/","og_site_name":"Uni\u00f3n Esp\u00edrita","article_publisher":"https:\/\/www.facebook.com\/groups\/3431398063740829","article_modified_time":"2025-07-07T11:42:02+00:00","og_image":[{"width":300,"height":399,"url":"https:\/\/nuevo-renacer.com\/wp-content\/uploads\/2025\/07\/Fernando-Miramez-de-Olivideo.jpg","type":"image\/jpeg"}],"twitter_card":"summary_large_image","twitter_misc":{"Gesch\u00e4tzte Lesezeit":"5\u00a0Minuten"},"schema":{"@context":"https:\/\/schema.org","@graph":[{"@type":"WebPage","@id":"https:\/\/nuevo-renacer.com\/fernando-miramez-de-olivideo\/","url":"https:\/\/nuevo-renacer.com\/fernando-miramez-de-olivideo\/","name":"Fernando Miramez de Oliv\u00eddeo - Uni\u00f3n Esp\u00edrita","isPartOf":{"@id":"https:\/\/nuevo-renacer.com\/#website"},"primaryImageOfPage":{"@id":"https:\/\/nuevo-renacer.com\/fernando-miramez-de-olivideo\/#primaryimage"},"image":{"@id":"https:\/\/nuevo-renacer.com\/fernando-miramez-de-olivideo\/#primaryimage"},"thumbnailUrl":"https:\/\/nuevo-renacer.com\/wp-content\/uploads\/2025\/07\/Fernando-Miramez-de-Olivideo.jpg","datePublished":"2025-07-07T11:41:59+00:00","dateModified":"2025-07-07T11:42:02+00:00","breadcrumb":{"@id":"https:\/\/nuevo-renacer.com\/fernando-miramez-de-olivideo\/#breadcrumb"},"inLanguage":"de","potentialAction":[{"@type":"ReadAction","target":["https:\/\/nuevo-renacer.com\/fernando-miramez-de-olivideo\/"]}]},{"@type":"ImageObject","inLanguage":"de","@id":"https:\/\/nuevo-renacer.com\/fernando-miramez-de-olivideo\/#primaryimage","url":"https:\/\/nuevo-renacer.com\/wp-content\/uploads\/2025\/07\/Fernando-Miramez-de-Olivideo.jpg","contentUrl":"https:\/\/nuevo-renacer.com\/wp-content\/uploads\/2025\/07\/Fernando-Miramez-de-Olivideo.jpg"},{"@type":"BreadcrumbList","@id":"https:\/\/nuevo-renacer.com\/fernando-miramez-de-olivideo\/#breadcrumb","itemListElement":[{"@type":"ListItem","position":1,"name":"Startseite","item":"https:\/\/nuevo-renacer.com\/"},{"@type":"ListItem","position":2,"name":"Fernando Miramez de Oliv\u00eddeo"}]},{"@type":"WebSite","@id":"https:\/\/nuevo-renacer.com\/#website","url":"https:\/\/nuevo-renacer.com\/","name":"Uni\u00f3n Esp\u00edrita","description":"Nuevo Renacer","publisher":{"@id":"https:\/\/nuevo-renacer.com\/#organization"},"potentialAction":[{"@type":"SearchAction","target":{"@type":"EntryPoint","urlTemplate":"https:\/\/nuevo-renacer.com\/?s={search_term_string}"},"query-input":{"@type":"PropertyValueSpecification","valueRequired":true,"valueName":"search_term_string"}}],"inLanguage":"de"},{"@type":"Organization","@id":"https:\/\/nuevo-renacer.com\/#organization","name":"UFEC","url":"https:\/\/nuevo-renacer.com\/","logo":{"@type":"ImageObject","inLanguage":"de","@id":"https:\/\/nuevo-renacer.com\/#\/schema\/logo\/image\/","url":"https:\/\/nuevo-renacer.com\/wp-content\/uploads\/2024\/05\/cropped-LOGO-TERMINADO1-3-3.png","contentUrl":"https:\/\/nuevo-renacer.com\/wp-content\/uploads\/2024\/05\/cropped-LOGO-TERMINADO1-3-3.png","width":512,"height":512,"caption":"UFEC"},"image":{"@id":"https:\/\/nuevo-renacer.com\/#\/schema\/logo\/image\/"},"sameAs":["https:\/\/www.facebook.com\/groups\/3431398063740829"]}]}},"uagb_featured_image_src":{"full":false,"thumbnail":false,"medium":false,"medium_large":false,"large":false,"1536x1536":false,"2048x2048":false,"trp-custom-language-flag":false},"uagb_author_info":{"display_name":"adbv0","author_link":"https:\/\/nuevo-renacer.com\/de\/author\/adbv0\/"},"uagb_comment_info":0,"uagb_excerpt":"Fernando Miramez de Oliv\u00eddeo Miramez era hijo de una pareja de nobles que viv\u00eda en el norte de Espa\u00f1a. Su madre era francesa y su padre portugu\u00e9s. Inteligente y estudioso, desde muy temprana edad se interes\u00f3 por el descubrimiento de las Am\u00e9ricas, donde, en varias ocasiones, se ve\u00eda desembarcando en puertos que consideraba benditos. Miramez&hellip;","jetpack_sharing_enabled":true,"_links":{"self":[{"href":"https:\/\/nuevo-renacer.com\/de\/wp-json\/wp\/v2\/pages\/8404","targetHints":{"allow":["GET"]}}],"collection":[{"href":"https:\/\/nuevo-renacer.com\/de\/wp-json\/wp\/v2\/pages"}],"about":[{"href":"https:\/\/nuevo-renacer.com\/de\/wp-json\/wp\/v2\/types\/page"}],"author":[{"embeddable":true,"href":"https:\/\/nuevo-renacer.com\/de\/wp-json\/wp\/v2\/users\/1"}],"replies":[{"embeddable":true,"href":"https:\/\/nuevo-renacer.com\/de\/wp-json\/wp\/v2\/comments?post=8404"}],"version-history":[{"count":1,"href":"https:\/\/nuevo-renacer.com\/de\/wp-json\/wp\/v2\/pages\/8404\/revisions"}],"predecessor-version":[{"id":8406,"href":"https:\/\/nuevo-renacer.com\/de\/wp-json\/wp\/v2\/pages\/8404\/revisions\/8406"}],"wp:attachment":[{"href":"https:\/\/nuevo-renacer.com\/de\/wp-json\/wp\/v2\/media?parent=8404"}],"curies":[{"name":"wp","href":"https:\/\/api.w.org\/{rel}","templated":true}]}}