{"id":8288,"date":"2025-06-10T09:47:52","date_gmt":"2025-06-10T09:47:52","guid":{"rendered":"https:\/\/nuevo-renacer.com\/?page_id=8288"},"modified":"2025-06-10T09:47:55","modified_gmt":"2025-06-10T09:47:55","slug":"stanley-de-brath","status":"publish","type":"page","link":"https:\/\/nuevo-renacer.com\/de\/stanley-de-brath\/","title":{"rendered":"Stanley de Brath"},"content":{"rendered":"<div class=\"wp-block-uagb-container uagb-block-fd343370 alignfull uagb-is-root-container\"><div class=\"uagb-container-inner-blocks-wrap\">\n<p class=\"has-black-color has-text-color has-link-color has-medium-font-size wp-elements-b3168bbb62434444860ab88595686ce3\"><strong>Stanley de Brath<\/strong><\/p>\n<\/div><\/div>\n\n\n\n<div class=\"wp-block-uagb-container uagb-block-3f1128b7 alignfull uagb-is-root-container\"><div class=\"uagb-container-inner-blocks-wrap\">\n<figure class=\"wp-block-image size-full is-resized\"><img fetchpriority=\"high\" decoding=\"async\" width=\"285\" height=\"395\" src=\"https:\/\/nuevo-renacer.com\/wp-content\/uploads\/2025\/06\/Screenshot-618.png\" alt=\"\" class=\"wp-image-8289\" style=\"width:228px;height:auto\" srcset=\"https:\/\/nuevo-renacer.com\/wp-content\/uploads\/2025\/06\/Screenshot-618.png 285w, https:\/\/nuevo-renacer.com\/wp-content\/uploads\/2025\/06\/Screenshot-618-216x300.png 216w, https:\/\/nuevo-renacer.com\/wp-content\/uploads\/2025\/06\/Screenshot-618-9x12.png 9w\" sizes=\"(max-width: 285px) 100vw, 285px\" \/><\/figure>\n<\/div><\/div>\n\n\n\n<div class=\"wp-block-uagb-container uagb-block-aac10d7a alignfull uagb-is-root-container\"><div class=\"uagb-container-inner-blocks-wrap\">\n<p class=\"has-black-color has-text-color has-link-color has-small-font-size wp-elements-169fd5ff1313c15e8b773e33eff22e34\">Stanley De Brath wurde am 10. Oktober 1854 im Bezirk Sydenham, Kent, London, England, geboren. Sein Vater, F\u00e9lix de Brath, war ein eingeb\u00fcrgerter Spanier. Seine Mutter, Anna Louisa Mary Gertrude Monica De Brath, war Engl\u00e4nderin. Zu dieser Zeit war der Krimkrieg in vollem Gange. Kurz nach seiner Geburt reiste sein Vater gesch\u00e4ftlich nach Uruguay und kehrte erst vier Jahre sp\u00e4ter zur\u00fcck. Stanley hatte drei Br\u00fcder: Ernest, geboren im Dezember 1858; Frank, geboren 1860 in Paris, wo die Familie in einer Wohnung in der Rue Caminho de Versales im oberen Teil der Champs-\u00c9lys\u00e9es lebte. 1862 zogen sie nach Cosham in der N\u00e4he von Portsmouth, Hampshire, England. 1869 wurde sein dritter Bruder Cyril geboren.<\/p>\n\n\n\n<p class=\"has-black-color has-text-color has-link-color has-small-font-size wp-elements-7aaa692138526c1c987f0c1b8f408a76\">Seine erste Schulausbildung erhielt er bis zum Alter von zehn Jahren zu Hause. 1864 wurde er auf eine Schule in Brighton, Sussex, England, geschickt; aufgrund von Mobbing wechselte seine Familie ihn jedoch auf die St. Mary's Preparatory School in Harlow, Essex, England, wo er sich aufgrund der k\u00f6rperlichen Z\u00fcchtigungen ebenfalls nicht einleben konnte. Von dort wechselte er zum Lancing College, das er jedoch ebenfalls wieder verlie\u00df. Schlie\u00dflich setzte er seine Ausbildung bis zum Alter von neunzehn Jahren zu Hause mit einem Privatlehrer fort.<\/p>\n\n\n\n<p class=\"has-black-color has-text-color has-link-color has-small-font-size wp-elements-2fa26ae27d79d31d59ad3f2c28060f89\">Im Jahr 1874 wurde er an der Fakult\u00e4t f\u00fcr Ingenieurwesen der Royal Indian Engineering School in Surrey, England, aufgenommen, wo er den Studiengang Bauingenieurwesen absolvierte. In seiner Autobiografie gibt er an, dass er unter f\u00fcnfzig Studenten den dritten Platz belegte. Au\u00dferdem wurde er in zwei verschiedenen Bereichen ausgezeichnet: einem akademischen und einem sportlichen. Der akademische Bereich betraf die Ausbildung indischer Angestellter f\u00fcr die Arbeit an den Lokomotiven der indischen Eisenbahn, und der sportliche Bereich bezog sich auf die Meisterschaft im Gewehrschie\u00dfen.<\/p>\n\n\n\n<p class=\"has-black-color has-text-color has-link-color has-small-font-size wp-elements-261f60289037c0284fa284a53081212e\">Im Jahr 1877, im Alter von 22 Jahren, wurde er als Bauingenieur bei der Imperial Railway of India sowie als Exekutivsekret\u00e4r der indischen Regierung im Arbeitsministerium f\u00fcr die Regionen Zentralindien und die Nordwestgrenze eingestellt. Er koordinierte den Bau von Br\u00fccken und Stra\u00dfen in der noch unwirtlichen Region, die heute Pakistan ist, sowie im \u201eIndus-Tal\u201d. Er nutzte die Gelegenheit, um \u201eHindustani\u201d, die Sprache der Region, zu lernen.<\/p>\n\n\n\n<p class=\"has-black-color has-text-color has-link-color has-small-font-size wp-elements-4f23aa17083eb513137aab4bd9a4d6bc\">Im Herbst 1882 reiste Stanley nach England und heiratete Priscilla Sheringham, deren Familie aus Fakenham, Norfolk, England, stammte. Etwa zur gleichen Zeit starb sein j\u00fcngerer Bruder Cyril im Alter von dreizehn Jahren an Typhus. Stanleys erster Sohn Harold wurde am 21. Juli 1883 in Nasirabad, Rajputana, Indien, geboren. Am 30. August 1885 kam seine Tochter Gladys in Simla, Bengalen, Indien, zur Welt. Als Ingenieur arbeitete er am Bau der Eisenbahnstrecke \u201eBolan Pass\u201d und wurde sp\u00e4ter versetzt, um die Eisenbahnstrecke \u201eSind-Pishin\u201d fertigzustellen, wo er an einem Fieber erkrankte, das ihn zwang, mit seiner Familie nach England zu ziehen, um sich dort behandeln zu lassen. 1889 wurde sein Sohn Noel geboren, der im Alter von elf Monaten im Haus seiner Gro\u00dfeltern m\u00fctterlicherseits in Norfolk verstarb.<\/p>\n\n\n\n<p class=\"has-black-color has-text-color has-link-color has-small-font-size wp-elements-a9536fafd69f17b4ddd7379c29d9efc4\">In seiner Autobiografie berichtet er, dass er bis 1889 Agnostiker war, bis eine Reihe von Ereignissen seine Denkweise ver\u00e4nderte. Bis dahin sammelte er Informationen, die ihn zum Materialismus ermutigten, aber von diesem Zeitpunkt an suchte er nach unbestreitbaren Fakten, die die Lehre vom Fortleben der Seele belegten. Er erz\u00e4hlt auch, dass er, wie sein Freund Alfred Russel Wallace, zun\u00e4chst skeptisch war, sich aber schlie\u00dflich der \u00dcberzeugungskraft der Beweise beugte. 1894 trat Stanley aus dem Dienst in Indien aus und bezog eine recht angemessene Rente. Er gr\u00fcndete eine Vorbereitungsschule in Guernsey namens \u201eHonmets School\u201d, wo er eine geeignetere Unterrichtsmethode einf\u00fchren konnte, auch in Bezug auf Religion. Sp\u00e4ter, im Jahr 1901, zog er nach Bookham, Surrey, dann nach Charles Towers und schlie\u00dflich nach Preston. Gleichzeitig begann er, Chemie und Geologie zu studieren.<\/p>\n\n\n\n<p class=\"has-black-color has-text-color has-link-color has-small-font-size wp-elements-0cb9d9ae604f46669b2a88a247470397\">Im April 1914 verkaufte Stanley seine \u201ePreston House Preparatory School\u201d und am 28. Juli 1914 begann der Erste Weltkrieg. Er war sechzig Jahre alt und meldete sich dennoch zur britischen Armee. Da er das zul\u00e4ssige Alter f\u00fcr den Kampfeinsatz \u00fcberschritten hatte und aufgrund seiner Erfahrung im Br\u00fccken- und Stra\u00dfenbau wurde er als Ehrenhauptmann der Royal Engineers aufgenommen.<\/p>\n\n\n\n<p class=\"has-black-color has-text-color has-link-color has-small-font-size wp-elements-a560e87e3a4d653ddd808bb4898166c4\">Nach Kriegsende widmete er sich ganz den sogenannten medialen Ph\u00e4nomenen, die ihn seit 1889 interessierten und nun sein Lebenswerk darstellten. Ab 1918 begann er in Paris mit dem franz\u00f6sischen Wissenschaftler Gustave Geley am Institut m\u00e9tapsychique international zusammenzuarbeiten.<\/p>\n\n\n\n<p class=\"has-black-color has-text-color has-link-color has-small-font-size wp-elements-44a235432db77c44509eacee92817e76\">W\u00e4hrend dieser Zeit \u00fcbersetzte er folgende B\u00fccher ins Englische:<\/p>\n\n\n\n<div class=\"wp-block-group is-layout-constrained wp-block-group-is-layout-constrained\">\n<p class=\"has-black-color has-text-color has-link-color has-small-font-size wp-elements-f5e801eda66a02c63131e1bb42fd7936\">\u2013 Vom Unbewussten zum Bewussten , 1920, von Gustave Geley<\/p>\n\n\n\n<p class=\"has-black-color has-text-color has-link-color has-small-font-size wp-elements-8acfd17a15abef23f9453ab66f86ef1b\">\u2013 \u00dcbernat\u00fcrliche F\u00e4higkeiten des Menschen , 1923, von Eug\u00e8n Osty<\/p>\n\n\n\n<p class=\"has-black-color has-text-color has-link-color has-small-font-size wp-elements-e4818ecc07b03f114498b38693cd2a4f\">\u2013 Drei\u00dfig Jahre paranormale Forschungen , 1923, von Charles Richet, Gustave Geley und Stanley De Brath.<\/p>\n<\/div>\n<\/div><\/div>\n\n\n\n<div class=\"wp-block-uagb-container uagb-block-618e12d5 alignfull uagb-is-root-container\"><div class=\"uagb-container-inner-blocks-wrap\"><\/div><\/div>\n\n\n\n<div class=\"wp-block-uagb-container uagb-block-90fd082a alignfull uagb-is-root-container\"><div class=\"uagb-container-inner-blocks-wrap\"><\/div><\/div>","protected":false},"excerpt":{"rendered":"<p>Stanley de Brath Stanley De Brath naci\u00f3 el 10 de octubre de 1854 en el distrito de Sydenham, Kent, Londres, Inglaterra. Su padre, F\u00e9lix de Brath, era espa\u00f1ol naturalizado brit\u00e1nico. Su madre, Anna Louisa Mary Gertrude Monica De Brath, era inglesa. En aquella \u00e9poca, la guerra de Crimea estaba en su apogeo. Poco despu\u00e9s de [&hellip;]<\/p>","protected":false},"author":1,"featured_media":0,"parent":0,"menu_order":0,"comment_status":"closed","ping_status":"closed","template":"","meta":{"_uag_custom_page_level_css":"","site-sidebar-layout":"default","site-content-layout":"","ast-site-content-layout":"default","site-content-style":"default","site-sidebar-style":"default","ast-global-header-display":"","ast-banner-title-visibility":"","ast-main-header-display":"","ast-hfb-above-header-display":"","ast-hfb-below-header-display":"","ast-hfb-mobile-header-display":"","site-post-title":"disabled","ast-breadcrumbs-content":"","ast-featured-img":"","footer-sml-layout":"","theme-transparent-header-meta":"","adv-header-id-meta":"","stick-header-meta":"","header-above-stick-meta":"","header-main-stick-meta":"","header-below-stick-meta":"","astra-migrate-meta-layouts":"set","ast-page-background-enabled":"default","ast-page-background-meta":{"desktop":{"background-color":"var(--ast-global-color-4)","background-image":"","background-repeat":"repeat","background-position":"center center","background-size":"auto","background-attachment":"scroll","background-type":"","background-media":"","overlay-type":"","overlay-color":"","overlay-opacity":"","overlay-gradient":""},"tablet":{"background-color":"","background-image":"","background-repeat":"repeat","background-position":"center center","background-size":"auto","background-attachment":"scroll","background-type":"","background-media":"","overlay-type":"","overlay-color":"","overlay-opacity":"","overlay-gradient":""},"mobile":{"background-color":"","background-image":"","background-repeat":"repeat","background-position":"center center","background-size":"auto","background-attachment":"scroll","background-type":"","background-media":"","overlay-type":"","overlay-color":"","overlay-opacity":"","overlay-gradient":""}},"ast-content-background-meta":{"desktop":{"background-color":"var(--ast-global-color-5)","background-image":"","background-repeat":"repeat","background-position":"center center","background-size":"auto","background-attachment":"scroll","background-type":"","background-media":"","overlay-type":"","overlay-color":"","overlay-opacity":"","overlay-gradient":""},"tablet":{"background-color":"var(--ast-global-color-5)","background-image":"","background-repeat":"repeat","background-position":"center center","background-size":"auto","background-attachment":"scroll","background-type":"","background-media":"","overlay-type":"","overlay-color":"","overlay-opacity":"","overlay-gradient":""},"mobile":{"background-color":"var(--ast-global-color-5)","background-image":"","background-repeat":"repeat","background-position":"center center","background-size":"auto","background-attachment":"scroll","background-type":"","background-media":"","overlay-type":"","overlay-color":"","overlay-opacity":"","overlay-gradient":""}},"footnotes":""},"class_list":["post-8288","page","type-page","status-publish","hentry"],"yoast_head":"<!-- This site is optimized with the Yoast SEO Premium plugin v24.2 (Yoast SEO v24.6) - https:\/\/yoast.com\/wordpress\/plugins\/seo\/ -->\n<title>Stanley de Brath - Uni\u00f3n Esp\u00edrita<\/title>\n<meta name=\"description\" content=\"Stanley De Brath (1854 \u2013 1937) fue un ingeniero civil, parapsic\u00f3logo y espiritista brit\u00e1nico.\" \/>\n<meta name=\"robots\" content=\"index, follow, max-snippet:-1, max-image-preview:large, max-video-preview:-1\" \/>\n<link rel=\"canonical\" href=\"https:\/\/nuevo-renacer.com\/de\/stanley-de-brath\/\" \/>\n<meta property=\"og:locale\" content=\"de_DE\" \/>\n<meta property=\"og:type\" content=\"article\" \/>\n<meta property=\"og:title\" content=\"Stanley de Brath\" \/>\n<meta property=\"og:description\" content=\"Stanley De Brath (1854 \u2013 1937) fue un ingeniero civil, parapsic\u00f3logo y espiritista brit\u00e1nico.\" \/>\n<meta property=\"og:url\" content=\"https:\/\/nuevo-renacer.com\/de\/stanley-de-brath\/\" \/>\n<meta property=\"og:site_name\" content=\"Uni\u00f3n Esp\u00edrita\" \/>\n<meta property=\"article:publisher\" content=\"https:\/\/www.facebook.com\/groups\/3431398063740829\" \/>\n<meta property=\"article:modified_time\" content=\"2025-06-10T09:47:55+00:00\" \/>\n<meta property=\"og:image\" content=\"https:\/\/nuevo-renacer.com\/wp-content\/uploads\/2025\/06\/Screenshot-618.png\" \/>\n\t<meta property=\"og:image:width\" content=\"285\" \/>\n\t<meta property=\"og:image:height\" content=\"395\" \/>\n\t<meta property=\"og:image:type\" content=\"image\/png\" \/>\n<meta name=\"twitter:card\" content=\"summary_large_image\" \/>\n<meta name=\"twitter:label1\" content=\"Gesch\u00e4tzte Lesezeit\" \/>\n\t<meta name=\"twitter:data1\" content=\"5\u00a0Minuten\" \/>\n<script type=\"application\/ld+json\" class=\"yoast-schema-graph\">{\"@context\":\"https:\/\/schema.org\",\"@graph\":[{\"@type\":\"WebPage\",\"@id\":\"https:\/\/nuevo-renacer.com\/stanley-de-brath\/\",\"url\":\"https:\/\/nuevo-renacer.com\/stanley-de-brath\/\",\"name\":\"Stanley de Brath - Uni\u00f3n Esp\u00edrita\",\"isPartOf\":{\"@id\":\"https:\/\/nuevo-renacer.com\/#website\"},\"primaryImageOfPage\":{\"@id\":\"https:\/\/nuevo-renacer.com\/stanley-de-brath\/#primaryimage\"},\"image\":{\"@id\":\"https:\/\/nuevo-renacer.com\/stanley-de-brath\/#primaryimage\"},\"thumbnailUrl\":\"https:\/\/nuevo-renacer.com\/wp-content\/uploads\/2025\/06\/Screenshot-618.png\",\"datePublished\":\"2025-06-10T09:47:52+00:00\",\"dateModified\":\"2025-06-10T09:47:55+00:00\",\"description\":\"Stanley De Brath (1854 \u2013 1937) fue un ingeniero civil, parapsic\u00f3logo y espiritista brit\u00e1nico.\",\"breadcrumb\":{\"@id\":\"https:\/\/nuevo-renacer.com\/stanley-de-brath\/#breadcrumb\"},\"inLanguage\":\"de\",\"potentialAction\":[{\"@type\":\"ReadAction\",\"target\":[\"https:\/\/nuevo-renacer.com\/stanley-de-brath\/\"]}]},{\"@type\":\"ImageObject\",\"inLanguage\":\"de\",\"@id\":\"https:\/\/nuevo-renacer.com\/stanley-de-brath\/#primaryimage\",\"url\":\"https:\/\/nuevo-renacer.com\/wp-content\/uploads\/2025\/06\/Screenshot-618.png\",\"contentUrl\":\"https:\/\/nuevo-renacer.com\/wp-content\/uploads\/2025\/06\/Screenshot-618.png\"},{\"@type\":\"BreadcrumbList\",\"@id\":\"https:\/\/nuevo-renacer.com\/stanley-de-brath\/#breadcrumb\",\"itemListElement\":[{\"@type\":\"ListItem\",\"position\":1,\"name\":\"Startseite\",\"item\":\"https:\/\/nuevo-renacer.com\/\"},{\"@type\":\"ListItem\",\"position\":2,\"name\":\"Stanley de Brath\"}]},{\"@type\":\"WebSite\",\"@id\":\"https:\/\/nuevo-renacer.com\/#website\",\"url\":\"https:\/\/nuevo-renacer.com\/\",\"name\":\"Uni\u00f3n Esp\u00edrita\",\"description\":\"Nuevo Renacer\",\"publisher\":{\"@id\":\"https:\/\/nuevo-renacer.com\/#organization\"},\"potentialAction\":[{\"@type\":\"SearchAction\",\"target\":{\"@type\":\"EntryPoint\",\"urlTemplate\":\"https:\/\/nuevo-renacer.com\/?s={search_term_string}\"},\"query-input\":{\"@type\":\"PropertyValueSpecification\",\"valueRequired\":true,\"valueName\":\"search_term_string\"}}],\"inLanguage\":\"de\"},{\"@type\":\"Organization\",\"@id\":\"https:\/\/nuevo-renacer.com\/#organization\",\"name\":\"UFEC\",\"url\":\"https:\/\/nuevo-renacer.com\/\",\"logo\":{\"@type\":\"ImageObject\",\"inLanguage\":\"de\",\"@id\":\"https:\/\/nuevo-renacer.com\/#\/schema\/logo\/image\/\",\"url\":\"https:\/\/nuevo-renacer.com\/wp-content\/uploads\/2024\/05\/cropped-LOGO-TERMINADO1-3-3.png\",\"contentUrl\":\"https:\/\/nuevo-renacer.com\/wp-content\/uploads\/2024\/05\/cropped-LOGO-TERMINADO1-3-3.png\",\"width\":512,\"height\":512,\"caption\":\"UFEC\"},\"image\":{\"@id\":\"https:\/\/nuevo-renacer.com\/#\/schema\/logo\/image\/\"},\"sameAs\":[\"https:\/\/www.facebook.com\/groups\/3431398063740829\"]}]}<\/script>\n<!-- \/ Yoast SEO Premium plugin. -->","yoast_head_json":{"title":"Stanley de Brath - Uni\u00f3n Esp\u00edrita","description":"Stanley De Brath (1854 \u2013 1937) fue un ingeniero civil, parapsic\u00f3logo y espiritista brit\u00e1nico.","robots":{"index":"index","follow":"follow","max-snippet":"max-snippet:-1","max-image-preview":"max-image-preview:large","max-video-preview":"max-video-preview:-1"},"canonical":"https:\/\/nuevo-renacer.com\/de\/stanley-de-brath\/","og_locale":"de_DE","og_type":"article","og_title":"Stanley de Brath","og_description":"Stanley De Brath (1854 \u2013 1937) fue un ingeniero civil, parapsic\u00f3logo y espiritista brit\u00e1nico.","og_url":"https:\/\/nuevo-renacer.com\/de\/stanley-de-brath\/","og_site_name":"Uni\u00f3n Esp\u00edrita","article_publisher":"https:\/\/www.facebook.com\/groups\/3431398063740829","article_modified_time":"2025-06-10T09:47:55+00:00","og_image":[{"width":285,"height":395,"url":"https:\/\/nuevo-renacer.com\/wp-content\/uploads\/2025\/06\/Screenshot-618.png","type":"image\/png"}],"twitter_card":"summary_large_image","twitter_misc":{"Gesch\u00e4tzte Lesezeit":"5\u00a0Minuten"},"schema":{"@context":"https:\/\/schema.org","@graph":[{"@type":"WebPage","@id":"https:\/\/nuevo-renacer.com\/stanley-de-brath\/","url":"https:\/\/nuevo-renacer.com\/stanley-de-brath\/","name":"Stanley de Brath - Uni\u00f3n Esp\u00edrita","isPartOf":{"@id":"https:\/\/nuevo-renacer.com\/#website"},"primaryImageOfPage":{"@id":"https:\/\/nuevo-renacer.com\/stanley-de-brath\/#primaryimage"},"image":{"@id":"https:\/\/nuevo-renacer.com\/stanley-de-brath\/#primaryimage"},"thumbnailUrl":"https:\/\/nuevo-renacer.com\/wp-content\/uploads\/2025\/06\/Screenshot-618.png","datePublished":"2025-06-10T09:47:52+00:00","dateModified":"2025-06-10T09:47:55+00:00","description":"Stanley De Brath (1854 \u2013 1937) fue un ingeniero civil, parapsic\u00f3logo y espiritista brit\u00e1nico.","breadcrumb":{"@id":"https:\/\/nuevo-renacer.com\/stanley-de-brath\/#breadcrumb"},"inLanguage":"de","potentialAction":[{"@type":"ReadAction","target":["https:\/\/nuevo-renacer.com\/stanley-de-brath\/"]}]},{"@type":"ImageObject","inLanguage":"de","@id":"https:\/\/nuevo-renacer.com\/stanley-de-brath\/#primaryimage","url":"https:\/\/nuevo-renacer.com\/wp-content\/uploads\/2025\/06\/Screenshot-618.png","contentUrl":"https:\/\/nuevo-renacer.com\/wp-content\/uploads\/2025\/06\/Screenshot-618.png"},{"@type":"BreadcrumbList","@id":"https:\/\/nuevo-renacer.com\/stanley-de-brath\/#breadcrumb","itemListElement":[{"@type":"ListItem","position":1,"name":"Startseite","item":"https:\/\/nuevo-renacer.com\/"},{"@type":"ListItem","position":2,"name":"Stanley de Brath"}]},{"@type":"WebSite","@id":"https:\/\/nuevo-renacer.com\/#website","url":"https:\/\/nuevo-renacer.com\/","name":"Uni\u00f3n Esp\u00edrita","description":"Nuevo Renacer","publisher":{"@id":"https:\/\/nuevo-renacer.com\/#organization"},"potentialAction":[{"@type":"SearchAction","target":{"@type":"EntryPoint","urlTemplate":"https:\/\/nuevo-renacer.com\/?s={search_term_string}"},"query-input":{"@type":"PropertyValueSpecification","valueRequired":true,"valueName":"search_term_string"}}],"inLanguage":"de"},{"@type":"Organization","@id":"https:\/\/nuevo-renacer.com\/#organization","name":"UFEC","url":"https:\/\/nuevo-renacer.com\/","logo":{"@type":"ImageObject","inLanguage":"de","@id":"https:\/\/nuevo-renacer.com\/#\/schema\/logo\/image\/","url":"https:\/\/nuevo-renacer.com\/wp-content\/uploads\/2024\/05\/cropped-LOGO-TERMINADO1-3-3.png","contentUrl":"https:\/\/nuevo-renacer.com\/wp-content\/uploads\/2024\/05\/cropped-LOGO-TERMINADO1-3-3.png","width":512,"height":512,"caption":"UFEC"},"image":{"@id":"https:\/\/nuevo-renacer.com\/#\/schema\/logo\/image\/"},"sameAs":["https:\/\/www.facebook.com\/groups\/3431398063740829"]}]}},"uagb_featured_image_src":{"full":false,"thumbnail":false,"medium":false,"medium_large":false,"large":false,"1536x1536":false,"2048x2048":false,"trp-custom-language-flag":false},"uagb_author_info":{"display_name":"adbv0","author_link":"https:\/\/nuevo-renacer.com\/de\/author\/adbv0\/"},"uagb_comment_info":0,"uagb_excerpt":"Stanley de Brath Stanley De Brath naci\u00f3 el 10 de octubre de 1854 en el distrito de Sydenham, Kent, Londres, Inglaterra. Su padre, F\u00e9lix de Brath, era espa\u00f1ol naturalizado brit\u00e1nico. Su madre, Anna Louisa Mary Gertrude Monica De Brath, era inglesa. En aquella \u00e9poca, la guerra de Crimea estaba en su apogeo. Poco despu\u00e9s de&hellip;","jetpack_sharing_enabled":true,"_links":{"self":[{"href":"https:\/\/nuevo-renacer.com\/de\/wp-json\/wp\/v2\/pages\/8288","targetHints":{"allow":["GET"]}}],"collection":[{"href":"https:\/\/nuevo-renacer.com\/de\/wp-json\/wp\/v2\/pages"}],"about":[{"href":"https:\/\/nuevo-renacer.com\/de\/wp-json\/wp\/v2\/types\/page"}],"author":[{"embeddable":true,"href":"https:\/\/nuevo-renacer.com\/de\/wp-json\/wp\/v2\/users\/1"}],"replies":[{"embeddable":true,"href":"https:\/\/nuevo-renacer.com\/de\/wp-json\/wp\/v2\/comments?post=8288"}],"version-history":[{"count":1,"href":"https:\/\/nuevo-renacer.com\/de\/wp-json\/wp\/v2\/pages\/8288\/revisions"}],"predecessor-version":[{"id":8290,"href":"https:\/\/nuevo-renacer.com\/de\/wp-json\/wp\/v2\/pages\/8288\/revisions\/8290"}],"wp:attachment":[{"href":"https:\/\/nuevo-renacer.com\/de\/wp-json\/wp\/v2\/media?parent=8288"}],"curies":[{"name":"wp","href":"https:\/\/api.w.org\/{rel}","templated":true}]}}