{"id":8284,"date":"2025-06-10T09:11:00","date_gmt":"2025-06-10T09:11:00","guid":{"rendered":"https:\/\/nuevo-renacer.com\/?page_id=8284"},"modified":"2025-06-10T09:11:03","modified_gmt":"2025-06-10T09:11:03","slug":"oliver-joseph-lodge","status":"publish","type":"page","link":"https:\/\/nuevo-renacer.com\/de\/oliver-joseph-lodge\/","title":{"rendered":"Oliver Joseph Lodge"},"content":{"rendered":"<div class=\"wp-block-uagb-container uagb-block-f273dccd alignfull uagb-is-root-container\"><div class=\"uagb-container-inner-blocks-wrap\">\n<p class=\"has-black-color has-text-color has-link-color has-medium-font-size wp-elements-1eb1e15e1bf9ca80ee168554d6f2324f\"><strong>Oliver Joseph Lodge<\/strong><\/p>\n<\/div><\/div>\n\n\n\n<div class=\"wp-block-uagb-container uagb-block-a33adbfd alignfull uagb-is-root-container\"><div class=\"uagb-container-inner-blocks-wrap\">\n<figure class=\"wp-block-image size-large is-resized\"><img fetchpriority=\"high\" decoding=\"async\" width=\"752\" height=\"1024\" src=\"https:\/\/nuevo-renacer.com\/wp-content\/uploads\/2025\/06\/Oliver_Joseph_Lodge3-752x1024.jpg\" alt=\"\" class=\"wp-image-8285\" style=\"width:223px;height:auto\" srcset=\"https:\/\/nuevo-renacer.com\/wp-content\/uploads\/2025\/06\/Oliver_Joseph_Lodge3-752x1024.jpg 752w, https:\/\/nuevo-renacer.com\/wp-content\/uploads\/2025\/06\/Oliver_Joseph_Lodge3-220x300.jpg 220w, https:\/\/nuevo-renacer.com\/wp-content\/uploads\/2025\/06\/Oliver_Joseph_Lodge3-768x1046.jpg 768w, https:\/\/nuevo-renacer.com\/wp-content\/uploads\/2025\/06\/Oliver_Joseph_Lodge3-1128x1536.jpg 1128w, https:\/\/nuevo-renacer.com\/wp-content\/uploads\/2025\/06\/Oliver_Joseph_Lodge3-9x12.jpg 9w, https:\/\/nuevo-renacer.com\/wp-content\/uploads\/2025\/06\/Oliver_Joseph_Lodge3.jpg 1188w\" sizes=\"(max-width: 752px) 100vw, 752px\" \/><\/figure>\n<\/div><\/div>\n\n\n\n<div class=\"wp-block-uagb-container uagb-block-68addc5d alignfull uagb-is-root-container\"><div class=\"uagb-container-inner-blocks-wrap\">\n<p class=\"has-black-color has-text-color has-link-color has-small-font-size wp-elements-8c669dc8f98a5a23246e292239b63546\">Er wurde am 12. Juni 1851 in Penkhull, England, geboren. Er besuchte die Grammar School in Newport und das University College in London und war einer der renommiertesten Physiker seiner Zeit. Er f\u00fchrte wichtige Forschungen \u00fcber den Sitz der elektromotorischen Kraft in der Volta-Batterie, \u00fcber elektromagnetische Wellen und die drahtlose Telegrafie durch. Als Erfinder erlangte er weltweite Ber\u00fchmtheit, da er ma\u00dfgeblich zur Entwicklung der Elektrizit\u00e4t beitrug.<\/p>\n\n\n\n<p class=\"has-black-color has-text-color has-link-color has-small-font-size wp-elements-1aa7b8fec7e62cf657297dc03305e76d\">Erst nach seinem 50. Lebensjahr wandte sich Lodge den psychischen Erscheinungen zu und lieferte unsch\u00e4tzbare Zeugnisse f\u00fcr das Weiterleben und die Kommunikation von Geistern. In seinem Werk \u201eWarum ich an die pers\u00f6nliche Unsterblichkeit glaube\u201d erkl\u00e4rt er:<\/p>\n\n\n\n<p class=\"has-black-color has-text-color has-link-color has-small-font-size wp-elements-cb33222a3431efd1feeab0587f0293a5\">\u201eDer Beweis der pers\u00f6nlichen Identit\u00e4t ist somit durch die kritische Pr\u00fcfung der Forscher und vor allem durch die besonderen und intelligenten Bem\u00fchungen der Kommunikatoren aus dem Jenseits umfassend, ernsthaft und systematisch erbracht worden. F\u00fcr mich ist der Beweis praktisch vollst\u00e4ndig, und ich habe keinen Zweifel an der Existenz und dem Fortleben der Pers\u00f6nlichkeit, ebenso wenig wie ich Zweifel an der Schlussfolgerung aus jeder gew\u00f6hnlichen und normalen Erfahrung h\u00e4tte.\u201d<\/p>\n\n\n\n<p class=\"has-black-color has-text-color has-link-color has-small-font-size wp-elements-5fd380fdb917e0272f0c6d8f603f181a\">Er hinterlie\u00df zahlreiche Werke, darunter insbesondere die folgenden: \u201eDie Bildung des Menschen\u201c, \u201eRaimundo\u201c und \u201eWarum ich an die pers\u00f6nliche Unsterblichkeit glaube\u201c. Der Name Sir Oliver Lodge ist einer der h\u00f6chsten Schmuckst\u00fccke der modernen Wissenschaften. Der englische Wissenschaftler wurde am 12. Juni 1851 in Penkhull, Staffordshire, geboren und starb am 22. August 1940 in Amesbury. Von 1881 bis 1900 war er Professor f\u00fcr Physik am University College in Liverpool, 1900 Direktor der Universit\u00e4t Birmingham und 1903 Professor in Oxford. Er leistete wichtige Beitr\u00e4ge zu den Theorien der Kontaktelektrizit\u00e4t und Elektrolyse, der oszillierenden Entladung in Leidener Flaschen, der Erzeugung elektromagnetischer Wellen in der Luft und f\u00fchrte Verbesserungen am drahtlosen Telegrafen ein.<\/p>\n\n\n\n<p class=\"has-black-color has-text-color has-link-color has-small-font-size wp-elements-9b2aa64e15467e5f9dfb9838d5a5a383\">Er f\u00fchrte Experimente zur Verringerung von Nebel durch elektrische Streuung durch. Autor mehrerer wissenschaftlicher Abhandlungen und Werke, darunter: \u201eHandbuch der Elementarmechanik\u201d (1877), \u201ePioniere der Wissenschaft\u201d (1893), \u201eLeben und Materie\u201d (1905), \u201e Electrons o la naturaleza y propiedades de la electricidad negativa\u201d (Elektronen oder die Natur und Eigenschaften der negativen Elektrizit\u00e4t) von 1907, \u201eCiencia y mortalidad\u201d (Wissenschaft und Sterblichkeit) von 1908, \u201eEl \u00e9ter en el espacio\u201d (Der \u00c4ther im Weltraum) von 1909 und \u201eM\u00e1s all\u00e1 de la f\u00edsica o la idealizaci\u00f3n del mecanismo\u201d (Jenseits der Physik oder die Idealisierung des Mechanismus) von 1930.<\/p>\n\n\n\n<p class=\"has-black-color has-text-color has-link-color has-small-font-size wp-elements-afa4d5cdd896820ee5665dbcec0ed455\">Die Bedeutung, die die Welt seinem Vorsto\u00df in den Bereich des Spiritismus und den streng kontrollierten Experimenten beimessete, mit denen er den postmortalen Fall seines Sohnes Raymond untersuchte, der in den ersten Monaten des Ersten Weltkriegs in einem Sch\u00fctzengraben in Flandern gefallen war, l\u00f6ste heftige Kontroversen aus. Die Abkehr vom akademischen Wissenschaftsweg machte ihn zum Ziel heftiger Angriffe seitens seiner \u201eKollegen\u201d aus dem Berufsstand. Aber er war sich der Risiken, die er einging, voll bewusst. Er ging wie ein christlicher M\u00e4rtyrer in den Zirkus. Aber er war vor allem ein M\u00e4rtyrer der Wissenschaft. Man warf ihm Naivit\u00e4t vor, weil er die Aussagen seines Sohnes akzeptierte, der von der Existenz von Getr\u00e4nken, Zigaretten, B\u00e4umen und H\u00e4usern im spirituellen Leben berichtete. Er sei nur ein verzweifelter Vater, der sich dem nat\u00fcrlichen Schmerz des Verlustes hingebe, sagten sie. Alle, die sich mit den Problemen des Jenseits besch\u00e4ftigen, wissen jedoch, dass auf den unteren Ebenen der spirituellen Welt die \u00c4hnlichkeit mit der irdischen Ebene auff\u00e4llig ist.<\/p>\n\n\n\n<p class=\"has-black-color has-text-color has-link-color has-small-font-size wp-elements-d7ce7263df1c4abdb42caa2f42206631\">Oliver war ein lebendiges Beispiel f\u00fcr Mut, indem er Zeugnis von seinem Glauben ablegte. Aber es war dieser bewusste, rationale und sogar anspruchsvolle Glaube, den Kardec lehrte. Nicht der blinde Glaube, der aus \u00e4ngstlicher und bedingungsloser Unterwerfung unter dogmatische Prinzipien entsteht, sondern der Glaube, der gleichzeitig als Grundlage f\u00fcr Religion und Wissenschaft dient. Diese h\u00f6here Art des Glaubens schlie\u00dft Aberglauben aus. Er ist keine Gnade, die von oben kommt, sondern eine Errungenschaft des Menschen durch die Evolution. Deshalb ist er nicht nur g\u00f6ttlich, sondern hat zwei Seiten: Er ist gleichzeitig menschlich und g\u00f6ttlich. Gebildete Menschen im Allgemeinen und insbesondere Wissenschaftler fliehen vor dem religi\u00f6sen Glauben, k\u00f6nnen sich aber den logischen F\u00e4ngen des wissenschaftlichen Glaubens nicht entziehen. Sir Oliver Lodge bietet uns ein entscheidendes Beispiel f\u00fcr die Verbindung dieser beiden Aspekte des Glaubens, der somit, mit gro\u00dfem Anfangsbuchstaben, ein einziger ist, so wie ein Gesicht aus zwei Seiten besteht. Die betreffende Pers\u00f6nlichkeit war nicht nur ein begabter Wissenschaftler und liebevoller Vater, sondern vor allem ein Mann mit gro\u00dfer Weitsicht und scharfem kritischen Verstand, der seine Aufmerksamkeit auf die spirituelle Forschung lenkte und die schwierige Rolle eines Vorreiters einer Zeit \u00fcbernahm, in der Wissenschaft und Religion gemeinsam den Weg des Lebens gehen werden.<\/p>\n<\/div><\/div>\n\n\n\n<div class=\"wp-block-uagb-container uagb-block-419cdebc alignfull uagb-is-root-container\"><div class=\"uagb-container-inner-blocks-wrap\"><\/div><\/div>\n\n\n\n<div class=\"wp-block-uagb-container uagb-block-e2b04c91 alignfull uagb-is-root-container\"><div class=\"uagb-container-inner-blocks-wrap\"><\/div><\/div>","protected":false},"excerpt":{"rendered":"<p>Oliver Joseph Lodge Naci\u00f3 el 12 de junio de 1851 en Penkhull, Inglaterra. Educado en la Grammar School de Newport y en el University College de Londres, fue uno de los f\u00edsicos m\u00e1s reputados de la \u00e9poca. Realiz\u00f3 importantes investigaciones sobre la sede de la fuerza electromotriz en la pila voltaica, sobre las ondas electromagn\u00e9ticas [&hellip;]<\/p>","protected":false},"author":1,"featured_media":0,"parent":0,"menu_order":0,"comment_status":"closed","ping_status":"closed","template":"","meta":{"_uag_custom_page_level_css":"","site-sidebar-layout":"default","site-content-layout":"","ast-site-content-layout":"default","site-content-style":"default","site-sidebar-style":"default","ast-global-header-display":"","ast-banner-title-visibility":"","ast-main-header-display":"","ast-hfb-above-header-display":"","ast-hfb-below-header-display":"","ast-hfb-mobile-header-display":"","site-post-title":"disabled","ast-breadcrumbs-content":"","ast-featured-img":"","footer-sml-layout":"","theme-transparent-header-meta":"","adv-header-id-meta":"","stick-header-meta":"","header-above-stick-meta":"","header-main-stick-meta":"","header-below-stick-meta":"","astra-migrate-meta-layouts":"set","ast-page-background-enabled":"default","ast-page-background-meta":{"desktop":{"background-color":"var(--ast-global-color-4)","background-image":"","background-repeat":"repeat","background-position":"center center","background-size":"auto","background-attachment":"scroll","background-type":"","background-media":"","overlay-type":"","overlay-color":"","overlay-opacity":"","overlay-gradient":""},"tablet":{"background-color":"","background-image":"","background-repeat":"repeat","background-position":"center center","background-size":"auto","background-attachment":"scroll","background-type":"","background-media":"","overlay-type":"","overlay-color":"","overlay-opacity":"","overlay-gradient":""},"mobile":{"background-color":"","background-image":"","background-repeat":"repeat","background-position":"center center","background-size":"auto","background-attachment":"scroll","background-type":"","background-media":"","overlay-type":"","overlay-color":"","overlay-opacity":"","overlay-gradient":""}},"ast-content-background-meta":{"desktop":{"background-color":"var(--ast-global-color-5)","background-image":"","background-repeat":"repeat","background-position":"center center","background-size":"auto","background-attachment":"scroll","background-type":"","background-media":"","overlay-type":"","overlay-color":"","overlay-opacity":"","overlay-gradient":""},"tablet":{"background-color":"var(--ast-global-color-5)","background-image":"","background-repeat":"repeat","background-position":"center center","background-size":"auto","background-attachment":"scroll","background-type":"","background-media":"","overlay-type":"","overlay-color":"","overlay-opacity":"","overlay-gradient":""},"mobile":{"background-color":"var(--ast-global-color-5)","background-image":"","background-repeat":"repeat","background-position":"center center","background-size":"auto","background-attachment":"scroll","background-type":"","background-media":"","overlay-type":"","overlay-color":"","overlay-opacity":"","overlay-gradient":""}},"footnotes":""},"class_list":["post-8284","page","type-page","status-publish","hentry"],"yoast_head":"<!-- This site is optimized with the Yoast SEO Premium plugin v24.2 (Yoast SEO v24.6) - https:\/\/yoast.com\/wordpress\/plugins\/seo\/ -->\n<title>Oliver Joseph Lodge - Uni\u00f3n Esp\u00edrita<\/title>\n<meta name=\"description\" content=\"Oliver Joseph Lodge (1851-1940) fue un f\u00edsico, escritor y fil\u00f3sofo brit\u00e1nico notable por sus contribuciones tanto a la ciencia como a la espiritualidad.\" \/>\n<meta name=\"robots\" content=\"index, follow, max-snippet:-1, max-image-preview:large, max-video-preview:-1\" \/>\n<link rel=\"canonical\" href=\"https:\/\/nuevo-renacer.com\/de\/oliver-joseph-lodge\/\" \/>\n<meta property=\"og:locale\" content=\"de_DE\" \/>\n<meta property=\"og:type\" content=\"article\" \/>\n<meta property=\"og:title\" content=\"Oliver Joseph Lodge\" \/>\n<meta property=\"og:description\" content=\"Oliver Joseph Lodge (1851-1940) fue un f\u00edsico, escritor y fil\u00f3sofo brit\u00e1nico notable por sus contribuciones tanto a la ciencia como a la espiritualidad.\" \/>\n<meta property=\"og:url\" content=\"https:\/\/nuevo-renacer.com\/de\/oliver-joseph-lodge\/\" \/>\n<meta property=\"og:site_name\" content=\"Uni\u00f3n Esp\u00edrita\" \/>\n<meta property=\"article:publisher\" content=\"https:\/\/www.facebook.com\/groups\/3431398063740829\" \/>\n<meta property=\"article:modified_time\" content=\"2025-06-10T09:11:03+00:00\" \/>\n<meta property=\"og:image\" content=\"https:\/\/nuevo-renacer.com\/wp-content\/uploads\/2025\/06\/Oliver_Joseph_Lodge3.jpg\" \/>\n\t<meta property=\"og:image:width\" content=\"1188\" \/>\n\t<meta property=\"og:image:height\" content=\"1618\" \/>\n\t<meta property=\"og:image:type\" content=\"image\/jpeg\" \/>\n<meta name=\"twitter:card\" content=\"summary_large_image\" \/>\n<meta name=\"twitter:label1\" content=\"Gesch\u00e4tzte Lesezeit\" \/>\n\t<meta name=\"twitter:data1\" content=\"5\u00a0Minuten\" \/>\n<script type=\"application\/ld+json\" class=\"yoast-schema-graph\">{\"@context\":\"https:\/\/schema.org\",\"@graph\":[{\"@type\":\"WebPage\",\"@id\":\"https:\/\/nuevo-renacer.com\/oliver-joseph-lodge\/\",\"url\":\"https:\/\/nuevo-renacer.com\/oliver-joseph-lodge\/\",\"name\":\"Oliver Joseph Lodge - Uni\u00f3n Esp\u00edrita\",\"isPartOf\":{\"@id\":\"https:\/\/nuevo-renacer.com\/#website\"},\"primaryImageOfPage\":{\"@id\":\"https:\/\/nuevo-renacer.com\/oliver-joseph-lodge\/#primaryimage\"},\"image\":{\"@id\":\"https:\/\/nuevo-renacer.com\/oliver-joseph-lodge\/#primaryimage\"},\"thumbnailUrl\":\"https:\/\/nuevo-renacer.com\/wp-content\/uploads\/2025\/06\/Oliver_Joseph_Lodge3-752x1024.jpg\",\"datePublished\":\"2025-06-10T09:11:00+00:00\",\"dateModified\":\"2025-06-10T09:11:03+00:00\",\"description\":\"Oliver Joseph Lodge (1851-1940) fue un f\u00edsico, escritor y fil\u00f3sofo brit\u00e1nico notable por sus contribuciones tanto a la ciencia como a la espiritualidad.\",\"breadcrumb\":{\"@id\":\"https:\/\/nuevo-renacer.com\/oliver-joseph-lodge\/#breadcrumb\"},\"inLanguage\":\"de\",\"potentialAction\":[{\"@type\":\"ReadAction\",\"target\":[\"https:\/\/nuevo-renacer.com\/oliver-joseph-lodge\/\"]}]},{\"@type\":\"ImageObject\",\"inLanguage\":\"de\",\"@id\":\"https:\/\/nuevo-renacer.com\/oliver-joseph-lodge\/#primaryimage\",\"url\":\"https:\/\/nuevo-renacer.com\/wp-content\/uploads\/2025\/06\/Oliver_Joseph_Lodge3-752x1024.jpg\",\"contentUrl\":\"https:\/\/nuevo-renacer.com\/wp-content\/uploads\/2025\/06\/Oliver_Joseph_Lodge3-752x1024.jpg\"},{\"@type\":\"BreadcrumbList\",\"@id\":\"https:\/\/nuevo-renacer.com\/oliver-joseph-lodge\/#breadcrumb\",\"itemListElement\":[{\"@type\":\"ListItem\",\"position\":1,\"name\":\"Startseite\",\"item\":\"https:\/\/nuevo-renacer.com\/\"},{\"@type\":\"ListItem\",\"position\":2,\"name\":\"Oliver Joseph Lodge\"}]},{\"@type\":\"WebSite\",\"@id\":\"https:\/\/nuevo-renacer.com\/#website\",\"url\":\"https:\/\/nuevo-renacer.com\/\",\"name\":\"Uni\u00f3n Esp\u00edrita\",\"description\":\"Nuevo Renacer\",\"publisher\":{\"@id\":\"https:\/\/nuevo-renacer.com\/#organization\"},\"potentialAction\":[{\"@type\":\"SearchAction\",\"target\":{\"@type\":\"EntryPoint\",\"urlTemplate\":\"https:\/\/nuevo-renacer.com\/?s={search_term_string}\"},\"query-input\":{\"@type\":\"PropertyValueSpecification\",\"valueRequired\":true,\"valueName\":\"search_term_string\"}}],\"inLanguage\":\"de\"},{\"@type\":\"Organization\",\"@id\":\"https:\/\/nuevo-renacer.com\/#organization\",\"name\":\"UFEC\",\"url\":\"https:\/\/nuevo-renacer.com\/\",\"logo\":{\"@type\":\"ImageObject\",\"inLanguage\":\"de\",\"@id\":\"https:\/\/nuevo-renacer.com\/#\/schema\/logo\/image\/\",\"url\":\"https:\/\/nuevo-renacer.com\/wp-content\/uploads\/2024\/05\/cropped-LOGO-TERMINADO1-3-3.png\",\"contentUrl\":\"https:\/\/nuevo-renacer.com\/wp-content\/uploads\/2024\/05\/cropped-LOGO-TERMINADO1-3-3.png\",\"width\":512,\"height\":512,\"caption\":\"UFEC\"},\"image\":{\"@id\":\"https:\/\/nuevo-renacer.com\/#\/schema\/logo\/image\/\"},\"sameAs\":[\"https:\/\/www.facebook.com\/groups\/3431398063740829\"]}]}<\/script>\n<!-- \/ Yoast SEO Premium plugin. -->","yoast_head_json":{"title":"Oliver Joseph Lodge - Uni\u00f3n Esp\u00edrita","description":"Oliver Joseph Lodge (1851-1940) fue un f\u00edsico, escritor y fil\u00f3sofo brit\u00e1nico notable por sus contribuciones tanto a la ciencia como a la espiritualidad.","robots":{"index":"index","follow":"follow","max-snippet":"max-snippet:-1","max-image-preview":"max-image-preview:large","max-video-preview":"max-video-preview:-1"},"canonical":"https:\/\/nuevo-renacer.com\/de\/oliver-joseph-lodge\/","og_locale":"de_DE","og_type":"article","og_title":"Oliver Joseph Lodge","og_description":"Oliver Joseph Lodge (1851-1940) fue un f\u00edsico, escritor y fil\u00f3sofo brit\u00e1nico notable por sus contribuciones tanto a la ciencia como a la espiritualidad.","og_url":"https:\/\/nuevo-renacer.com\/de\/oliver-joseph-lodge\/","og_site_name":"Uni\u00f3n Esp\u00edrita","article_publisher":"https:\/\/www.facebook.com\/groups\/3431398063740829","article_modified_time":"2025-06-10T09:11:03+00:00","og_image":[{"width":1188,"height":1618,"url":"https:\/\/nuevo-renacer.com\/wp-content\/uploads\/2025\/06\/Oliver_Joseph_Lodge3.jpg","type":"image\/jpeg"}],"twitter_card":"summary_large_image","twitter_misc":{"Gesch\u00e4tzte Lesezeit":"5\u00a0Minuten"},"schema":{"@context":"https:\/\/schema.org","@graph":[{"@type":"WebPage","@id":"https:\/\/nuevo-renacer.com\/oliver-joseph-lodge\/","url":"https:\/\/nuevo-renacer.com\/oliver-joseph-lodge\/","name":"Oliver Joseph Lodge - Uni\u00f3n Esp\u00edrita","isPartOf":{"@id":"https:\/\/nuevo-renacer.com\/#website"},"primaryImageOfPage":{"@id":"https:\/\/nuevo-renacer.com\/oliver-joseph-lodge\/#primaryimage"},"image":{"@id":"https:\/\/nuevo-renacer.com\/oliver-joseph-lodge\/#primaryimage"},"thumbnailUrl":"https:\/\/nuevo-renacer.com\/wp-content\/uploads\/2025\/06\/Oliver_Joseph_Lodge3-752x1024.jpg","datePublished":"2025-06-10T09:11:00+00:00","dateModified":"2025-06-10T09:11:03+00:00","description":"Oliver Joseph Lodge (1851-1940) fue un f\u00edsico, escritor y fil\u00f3sofo brit\u00e1nico notable por sus contribuciones tanto a la ciencia como a la espiritualidad.","breadcrumb":{"@id":"https:\/\/nuevo-renacer.com\/oliver-joseph-lodge\/#breadcrumb"},"inLanguage":"de","potentialAction":[{"@type":"ReadAction","target":["https:\/\/nuevo-renacer.com\/oliver-joseph-lodge\/"]}]},{"@type":"ImageObject","inLanguage":"de","@id":"https:\/\/nuevo-renacer.com\/oliver-joseph-lodge\/#primaryimage","url":"https:\/\/nuevo-renacer.com\/wp-content\/uploads\/2025\/06\/Oliver_Joseph_Lodge3-752x1024.jpg","contentUrl":"https:\/\/nuevo-renacer.com\/wp-content\/uploads\/2025\/06\/Oliver_Joseph_Lodge3-752x1024.jpg"},{"@type":"BreadcrumbList","@id":"https:\/\/nuevo-renacer.com\/oliver-joseph-lodge\/#breadcrumb","itemListElement":[{"@type":"ListItem","position":1,"name":"Startseite","item":"https:\/\/nuevo-renacer.com\/"},{"@type":"ListItem","position":2,"name":"Oliver Joseph Lodge"}]},{"@type":"WebSite","@id":"https:\/\/nuevo-renacer.com\/#website","url":"https:\/\/nuevo-renacer.com\/","name":"Uni\u00f3n Esp\u00edrita","description":"Nuevo Renacer","publisher":{"@id":"https:\/\/nuevo-renacer.com\/#organization"},"potentialAction":[{"@type":"SearchAction","target":{"@type":"EntryPoint","urlTemplate":"https:\/\/nuevo-renacer.com\/?s={search_term_string}"},"query-input":{"@type":"PropertyValueSpecification","valueRequired":true,"valueName":"search_term_string"}}],"inLanguage":"de"},{"@type":"Organization","@id":"https:\/\/nuevo-renacer.com\/#organization","name":"UFEC","url":"https:\/\/nuevo-renacer.com\/","logo":{"@type":"ImageObject","inLanguage":"de","@id":"https:\/\/nuevo-renacer.com\/#\/schema\/logo\/image\/","url":"https:\/\/nuevo-renacer.com\/wp-content\/uploads\/2024\/05\/cropped-LOGO-TERMINADO1-3-3.png","contentUrl":"https:\/\/nuevo-renacer.com\/wp-content\/uploads\/2024\/05\/cropped-LOGO-TERMINADO1-3-3.png","width":512,"height":512,"caption":"UFEC"},"image":{"@id":"https:\/\/nuevo-renacer.com\/#\/schema\/logo\/image\/"},"sameAs":["https:\/\/www.facebook.com\/groups\/3431398063740829"]}]}},"uagb_featured_image_src":{"full":false,"thumbnail":false,"medium":false,"medium_large":false,"large":false,"1536x1536":false,"2048x2048":false,"trp-custom-language-flag":false},"uagb_author_info":{"display_name":"adbv0","author_link":"https:\/\/nuevo-renacer.com\/de\/author\/adbv0\/"},"uagb_comment_info":0,"uagb_excerpt":"Oliver Joseph Lodge Naci\u00f3 el 12 de junio de 1851 en Penkhull, Inglaterra. Educado en la Grammar School de Newport y en el University College de Londres, fue uno de los f\u00edsicos m\u00e1s reputados de la \u00e9poca. Realiz\u00f3 importantes investigaciones sobre la sede de la fuerza electromotriz en la pila voltaica, sobre las ondas electromagn\u00e9ticas&hellip;","jetpack_sharing_enabled":true,"_links":{"self":[{"href":"https:\/\/nuevo-renacer.com\/de\/wp-json\/wp\/v2\/pages\/8284","targetHints":{"allow":["GET"]}}],"collection":[{"href":"https:\/\/nuevo-renacer.com\/de\/wp-json\/wp\/v2\/pages"}],"about":[{"href":"https:\/\/nuevo-renacer.com\/de\/wp-json\/wp\/v2\/types\/page"}],"author":[{"embeddable":true,"href":"https:\/\/nuevo-renacer.com\/de\/wp-json\/wp\/v2\/users\/1"}],"replies":[{"embeddable":true,"href":"https:\/\/nuevo-renacer.com\/de\/wp-json\/wp\/v2\/comments?post=8284"}],"version-history":[{"count":1,"href":"https:\/\/nuevo-renacer.com\/de\/wp-json\/wp\/v2\/pages\/8284\/revisions"}],"predecessor-version":[{"id":8286,"href":"https:\/\/nuevo-renacer.com\/de\/wp-json\/wp\/v2\/pages\/8284\/revisions\/8286"}],"wp:attachment":[{"href":"https:\/\/nuevo-renacer.com\/de\/wp-json\/wp\/v2\/media?parent=8284"}],"curies":[{"name":"wp","href":"https:\/\/api.w.org\/{rel}","templated":true}]}}