{"id":8253,"date":"2025-06-03T12:03:38","date_gmt":"2025-06-03T12:03:38","guid":{"rendered":"https:\/\/nuevo-renacer.com\/?page_id=8253"},"modified":"2025-06-03T12:03:41","modified_gmt":"2025-06-03T12:03:41","slug":"enrico-morselli","status":"publish","type":"page","link":"https:\/\/nuevo-renacer.com\/de\/enrico-morselli\/","title":{"rendered":"Enrico Morselli"},"content":{"rendered":"<div class=\"wp-block-uagb-container uagb-block-1e1d5d13 alignfull uagb-is-root-container\"><div class=\"uagb-container-inner-blocks-wrap\">\n<p class=\"has-black-color has-text-color has-link-color has-medium-font-size wp-elements-2534e5cc2e6b5f71295836be7faaab70\"><strong>Enrico Morselli<\/strong><\/p>\n<\/div><\/div>\n\n\n\n<div class=\"wp-block-uagb-container uagb-block-142285bc alignfull uagb-is-root-container\"><div class=\"uagb-container-inner-blocks-wrap\">\n<figure class=\"wp-block-image size-full is-resized\"><img fetchpriority=\"high\" decoding=\"async\" width=\"300\" height=\"396\" src=\"https:\/\/nuevo-renacer.com\/wp-content\/uploads\/2025\/06\/12345.jpg\" alt=\"\" class=\"wp-image-8254\" style=\"width:241px;height:auto\" srcset=\"https:\/\/nuevo-renacer.com\/wp-content\/uploads\/2025\/06\/12345.jpg 300w, https:\/\/nuevo-renacer.com\/wp-content\/uploads\/2025\/06\/12345-227x300.jpg 227w, https:\/\/nuevo-renacer.com\/wp-content\/uploads\/2025\/06\/12345-9x12.jpg 9w\" sizes=\"(max-width: 300px) 100vw, 300px\" \/><\/figure>\n<\/div><\/div>\n\n\n\n<div class=\"wp-block-uagb-container uagb-block-c663a713 alignfull uagb-is-root-container\"><div class=\"uagb-container-inner-blocks-wrap\">\n<p class=\"has-black-color has-text-color has-link-color has-small-font-size wp-elements-8464154afe227ac905c186f2460c0721\">Er wurde am 17. Juli 1852 in Modena, Italien, geboren und starb am 18. Februar 1929 in Genua. Er war ein brillanter italienischer Psychiater, Akademiker und aktiver F\u00f6rderer der italienischen positivistischen Schule der Neuropsychiatrie. Als Spezialist f\u00fcr Nerven- und Geisteskrankheiten war er Professor an der Universit\u00e4t Genua.<\/p>\n\n\n\n<p class=\"has-black-color has-text-color has-link-color has-small-font-size wp-elements-2b6fc7472edd36b0297ca4b754a056bb\">Er war ein \u00fcberzeugter Skeptiker gegen\u00fcber medialen Ph\u00e4nomenen gewesen. Seine Begegnung mit dem gro\u00dfen Medium Eusapia Paladino und die Durchf\u00fchrung von 30 S\u00e9ancen zur Materialisierung von Geistern in den Jahren 1901-2 und 1906-7 \u00e4nderten jedoch seine Meinung. Enrico Morselli schlie\u00dflich vollst\u00e4ndig von der Realit\u00e4t spiritistischer Ph\u00e4nomene \u00fcberzeugte und verk\u00fcndete 1907 in der Zeitschrift Annals of Psychic Science seine Meinungs\u00e4nderung: \"Die Frage des Spiritismus wird seit mehr als f\u00fcnfzig Jahren diskutiert, und obwohl derzeit niemand vorhersagen kann, wann sie gel\u00f6st sein wird, sind sich alle einig, dass sie unter den Problemen, die das 19. Jahrhundert dem 20. Jahrhundert hinterlassen hat, von gro\u00dfer Bedeutung ist.<\/p>\n\n\n\n<p class=\"has-black-color has-text-color has-link-color has-small-font-size wp-elements-aa99661dab88bb77ce4e58122cee3d43\">Wenn die akademische Wissenschaft viele Jahre lang die gesamte Kategorie von Fakten, die der Spiritismus zur Bildung der Elemente seines Lehrsystems beigetragen hat, verachtet hat, so ist das umso schlimmer f\u00fcr die Wissenschaft. Und noch schlimmer f\u00fcr die Wissenschaftler, die gegen\u00fcber allen Behauptungen, nicht von leichtgl\u00e4ubigen Sektierern, sondern von ernsthaften und w\u00fcrdigen Beobachtern wie Crookes, Lodge und Richet, taub und blind geblieben sind. Ich sch\u00e4me mich nicht zu sagen, dass ich selbst, im Rahmen meiner bescheidenen M\u00f6glichkeiten, zu dieser hartn\u00e4ckigen Skepsis beigetragen hatte, bis zu dem Tag, an dem ich in der Lage war, die Ketten zu sprengen, mit denen meine absolutistischen Vorurteile mein Urteilsverm\u00f6gen gefesselt hatten.<\/p>\n\n\n\n<p class=\"has-black-color has-text-color has-link-color has-small-font-size wp-elements-a72182d88f376d2fb399ee5186ea683d\">Enrico Morselli schrieb das Werk mit dem Titel \u201ePsychologie und Spiritismus\u201c, das 1908 in zwei B\u00e4nden in Turin ver\u00f6ffentlicht wurde. Darin berichtet er \u00fcber die Ereignisse, die er mit der bemerkenswerten Medium Eusapia Paladino beobachtet hat. Er ver\u00f6ffentlichte auch \u201eSpiritistische Hypothese und wissenschaftliche Theorie\u201c. Auf der Grundlage der physischen Medialit\u00e4t von Eusapia Paladino bekr\u00e4ftigte Dr. Enrico Morselli seine \u00dcberzeugung, dass die Geister der Toten \u2013 an deren Existenz er nicht glaubte \u2013 nicht an der Erzeugung der Ph\u00e4nomene beteiligt waren.<\/p>\n\n\n\n<p class=\"has-black-color has-text-color has-link-color has-small-font-size wp-elements-c0719a3860d14d60ab19945292020e44\">Hervorzuheben ist jedoch die feste \u00dcberzeugung von Professor MorseIli von der Realit\u00e4t der objektiven oder physischen Ph\u00e4nomene, die durch die Medialit\u00e4t von Eusapia erzielt wurden, einschlie\u00dflich derjenigen der teilweisen oder vollst\u00e4ndigen Materialisierung, Ph\u00e4nomene, die von den neuen \u201ePropheten\u201c der Hypnose und Lethargie als Betrug angesehen wurden.<\/p>\n\n\n\n<p class=\"has-black-color has-text-color has-link-color has-small-font-size wp-elements-53f913493f9035d2e8110501ad88750b\">Hier, was der kluge Neurologe 1907, kurz vor der Ver\u00f6ffentlichung seines Buches \u201ePsychologie und Spiritismus\u201c, in der italienischen Zeitung \u201eCorriere della Sera\u201c schrieb:<\/p>\n\n\n\n<p class=\"has-black-color has-text-color has-link-color has-small-font-size wp-elements-340b36ccbc677ee276c0f78c1770499d\">\"Denjenigen, die mich fragen \u2013 und es sind viele, die mich bisher zu diesem Thema befragt haben \u2013, was ich von den Eusapia zugeschriebenen physischen Ph\u00e4nomenen halte und ob ich sie f\u00fcr real, authentisch und wahr halte, antworte ich: Ja! Solche Ph\u00e4nomene, deren Akzeptanz mir anfangs auf Irrtum oder Naivit\u00e4t, auf Betrug oder Sinnest\u00e4uschung, auf gutem Glauben oder \u201eparti-pris\u201c beruhte, sind in ihrer \u00fcberwiegenden Mehrheit wahr und real; und was die \u201ekleine Zahl\u201c betrifft, \u00fcber die ich mich nicht vergewissert habe, entkr\u00e4ften sie in keiner Weise die Existenz einer au\u00dfergew\u00f6hnlichen oder \u00fcbernat\u00fcrlichen Kategorie von Ereignissen, die von besonderen Organismen und einer besonderen Aktivit\u00e4t abh\u00e4ngen.<\/p>\n\n\n\n<p class=\"has-black-color has-text-color has-link-color has-small-font-size wp-elements-0448507068c996832e0f5c77ccb8b141\">\"Ich gestehe jedoch, dass es meiner Meinung nach etwas viel Einzigartigeres, viel Erstaunlicheres gibt: n\u00e4mlich mit vollem Gewissen zu best\u00e4tigen, dass diese Tatsachen wahr sind \u2026 und nicht an Spiritismus zu glauben.\"<\/p>\n<\/div><\/div>\n\n\n\n<div class=\"wp-block-uagb-container uagb-block-a2a72b91 alignfull uagb-is-root-container\"><div class=\"uagb-container-inner-blocks-wrap\"><\/div><\/div>\n\n\n\n<div class=\"wp-block-uagb-container uagb-block-590dfc8f alignfull uagb-is-root-container\"><div class=\"uagb-container-inner-blocks-wrap\"><\/div><\/div>","protected":false},"excerpt":{"rendered":"<p>Enrico Morselli Naci\u00f3 en M\u00f3dena, Italia, el 17 de julio de 1852, y muri\u00f3 en G\u00e9nova el 18 de febrero de 1929. Fue un brillante psiquiatra italiano, acad\u00e9mico y activo promotor de la escuela positivista italiana de neuropsiquiatr\u00eda. Especialista en enfermedades nerviosas y mentales, fue profesor de la Universidad de G\u00e9nova. Hab\u00eda sido un esc\u00e9ptico [&hellip;]<\/p>","protected":false},"author":1,"featured_media":0,"parent":0,"menu_order":0,"comment_status":"closed","ping_status":"closed","template":"","meta":{"_uag_custom_page_level_css":"","site-sidebar-layout":"default","site-content-layout":"","ast-site-content-layout":"default","site-content-style":"default","site-sidebar-style":"default","ast-global-header-display":"","ast-banner-title-visibility":"","ast-main-header-display":"","ast-hfb-above-header-display":"","ast-hfb-below-header-display":"","ast-hfb-mobile-header-display":"","site-post-title":"disabled","ast-breadcrumbs-content":"","ast-featured-img":"","footer-sml-layout":"","theme-transparent-header-meta":"","adv-header-id-meta":"","stick-header-meta":"","header-above-stick-meta":"","header-main-stick-meta":"","header-below-stick-meta":"","astra-migrate-meta-layouts":"set","ast-page-background-enabled":"default","ast-page-background-meta":{"desktop":{"background-color":"var(--ast-global-color-4)","background-image":"","background-repeat":"repeat","background-position":"center center","background-size":"auto","background-attachment":"scroll","background-type":"","background-media":"","overlay-type":"","overlay-color":"","overlay-opacity":"","overlay-gradient":""},"tablet":{"background-color":"","background-image":"","background-repeat":"repeat","background-position":"center center","background-size":"auto","background-attachment":"scroll","background-type":"","background-media":"","overlay-type":"","overlay-color":"","overlay-opacity":"","overlay-gradient":""},"mobile":{"background-color":"","background-image":"","background-repeat":"repeat","background-position":"center center","background-size":"auto","background-attachment":"scroll","background-type":"","background-media":"","overlay-type":"","overlay-color":"","overlay-opacity":"","overlay-gradient":""}},"ast-content-background-meta":{"desktop":{"background-color":"var(--ast-global-color-5)","background-image":"","background-repeat":"repeat","background-position":"center center","background-size":"auto","background-attachment":"scroll","background-type":"","background-media":"","overlay-type":"","overlay-color":"","overlay-opacity":"","overlay-gradient":""},"tablet":{"background-color":"var(--ast-global-color-5)","background-image":"","background-repeat":"repeat","background-position":"center center","background-size":"auto","background-attachment":"scroll","background-type":"","background-media":"","overlay-type":"","overlay-color":"","overlay-opacity":"","overlay-gradient":""},"mobile":{"background-color":"var(--ast-global-color-5)","background-image":"","background-repeat":"repeat","background-position":"center center","background-size":"auto","background-attachment":"scroll","background-type":"","background-media":"","overlay-type":"","overlay-color":"","overlay-opacity":"","overlay-gradient":""}},"footnotes":""},"class_list":["post-8253","page","type-page","status-publish","hentry"],"yoast_head":"<!-- This site is optimized with the Yoast SEO Premium plugin v24.2 (Yoast SEO v24.6) - https:\/\/yoast.com\/wordpress\/plugins\/seo\/ -->\n<title>Enrico Morselli - Uni\u00f3n Esp\u00edrita<\/title>\n<meta name=\"robots\" content=\"index, follow, max-snippet:-1, max-image-preview:large, max-video-preview:-1\" \/>\n<link rel=\"canonical\" href=\"https:\/\/nuevo-renacer.com\/de\/enrico-morselli\/\" \/>\n<meta property=\"og:locale\" content=\"de_DE\" \/>\n<meta property=\"og:type\" content=\"article\" \/>\n<meta property=\"og:title\" content=\"Enrico Morselli\" \/>\n<meta property=\"og:description\" content=\"Enrico Morselli Naci\u00f3 en M\u00f3dena, Italia, el 17 de julio de 1852, y muri\u00f3 en G\u00e9nova el 18 de febrero de 1929. Fue un brillante psiquiatra italiano, acad\u00e9mico y activo promotor de la escuela positivista italiana de neuropsiquiatr\u00eda. Especialista en enfermedades nerviosas y mentales, fue profesor de la Universidad de G\u00e9nova. Hab\u00eda sido un esc\u00e9ptico [&hellip;]\" \/>\n<meta property=\"og:url\" content=\"https:\/\/nuevo-renacer.com\/de\/enrico-morselli\/\" \/>\n<meta property=\"og:site_name\" content=\"Uni\u00f3n Esp\u00edrita\" \/>\n<meta property=\"article:publisher\" content=\"https:\/\/www.facebook.com\/groups\/3431398063740829\" \/>\n<meta property=\"article:modified_time\" content=\"2025-06-03T12:03:41+00:00\" \/>\n<meta property=\"og:image\" content=\"https:\/\/nuevo-renacer.com\/wp-content\/uploads\/2025\/06\/12345.jpg\" \/>\n\t<meta property=\"og:image:width\" content=\"300\" \/>\n\t<meta property=\"og:image:height\" content=\"396\" \/>\n\t<meta property=\"og:image:type\" content=\"image\/jpeg\" \/>\n<meta name=\"twitter:card\" content=\"summary_large_image\" \/>\n<meta name=\"twitter:label1\" content=\"Gesch\u00e4tzte Lesezeit\" \/>\n\t<meta name=\"twitter:data1\" content=\"4\u00a0Minuten\" \/>\n<script type=\"application\/ld+json\" class=\"yoast-schema-graph\">{\"@context\":\"https:\/\/schema.org\",\"@graph\":[{\"@type\":\"WebPage\",\"@id\":\"https:\/\/nuevo-renacer.com\/enrico-morselli\/\",\"url\":\"https:\/\/nuevo-renacer.com\/enrico-morselli\/\",\"name\":\"Enrico Morselli - Uni\u00f3n Esp\u00edrita\",\"isPartOf\":{\"@id\":\"https:\/\/nuevo-renacer.com\/#website\"},\"primaryImageOfPage\":{\"@id\":\"https:\/\/nuevo-renacer.com\/enrico-morselli\/#primaryimage\"},\"image\":{\"@id\":\"https:\/\/nuevo-renacer.com\/enrico-morselli\/#primaryimage\"},\"thumbnailUrl\":\"https:\/\/nuevo-renacer.com\/wp-content\/uploads\/2025\/06\/12345.jpg\",\"datePublished\":\"2025-06-03T12:03:38+00:00\",\"dateModified\":\"2025-06-03T12:03:41+00:00\",\"breadcrumb\":{\"@id\":\"https:\/\/nuevo-renacer.com\/enrico-morselli\/#breadcrumb\"},\"inLanguage\":\"de\",\"potentialAction\":[{\"@type\":\"ReadAction\",\"target\":[\"https:\/\/nuevo-renacer.com\/enrico-morselli\/\"]}]},{\"@type\":\"ImageObject\",\"inLanguage\":\"de\",\"@id\":\"https:\/\/nuevo-renacer.com\/enrico-morselli\/#primaryimage\",\"url\":\"https:\/\/nuevo-renacer.com\/wp-content\/uploads\/2025\/06\/12345.jpg\",\"contentUrl\":\"https:\/\/nuevo-renacer.com\/wp-content\/uploads\/2025\/06\/12345.jpg\"},{\"@type\":\"BreadcrumbList\",\"@id\":\"https:\/\/nuevo-renacer.com\/enrico-morselli\/#breadcrumb\",\"itemListElement\":[{\"@type\":\"ListItem\",\"position\":1,\"name\":\"Startseite\",\"item\":\"https:\/\/nuevo-renacer.com\/\"},{\"@type\":\"ListItem\",\"position\":2,\"name\":\"Enrico Morselli\"}]},{\"@type\":\"WebSite\",\"@id\":\"https:\/\/nuevo-renacer.com\/#website\",\"url\":\"https:\/\/nuevo-renacer.com\/\",\"name\":\"Uni\u00f3n Esp\u00edrita\",\"description\":\"Nuevo Renacer\",\"publisher\":{\"@id\":\"https:\/\/nuevo-renacer.com\/#organization\"},\"potentialAction\":[{\"@type\":\"SearchAction\",\"target\":{\"@type\":\"EntryPoint\",\"urlTemplate\":\"https:\/\/nuevo-renacer.com\/?s={search_term_string}\"},\"query-input\":{\"@type\":\"PropertyValueSpecification\",\"valueRequired\":true,\"valueName\":\"search_term_string\"}}],\"inLanguage\":\"de\"},{\"@type\":\"Organization\",\"@id\":\"https:\/\/nuevo-renacer.com\/#organization\",\"name\":\"UFEC\",\"url\":\"https:\/\/nuevo-renacer.com\/\",\"logo\":{\"@type\":\"ImageObject\",\"inLanguage\":\"de\",\"@id\":\"https:\/\/nuevo-renacer.com\/#\/schema\/logo\/image\/\",\"url\":\"https:\/\/nuevo-renacer.com\/wp-content\/uploads\/2024\/05\/cropped-LOGO-TERMINADO1-3-3.png\",\"contentUrl\":\"https:\/\/nuevo-renacer.com\/wp-content\/uploads\/2024\/05\/cropped-LOGO-TERMINADO1-3-3.png\",\"width\":512,\"height\":512,\"caption\":\"UFEC\"},\"image\":{\"@id\":\"https:\/\/nuevo-renacer.com\/#\/schema\/logo\/image\/\"},\"sameAs\":[\"https:\/\/www.facebook.com\/groups\/3431398063740829\"]}]}<\/script>\n<!-- \/ Yoast SEO Premium plugin. -->","yoast_head_json":{"title":"Enrico Morselli - Uni\u00f3n Esp\u00edrita","robots":{"index":"index","follow":"follow","max-snippet":"max-snippet:-1","max-image-preview":"max-image-preview:large","max-video-preview":"max-video-preview:-1"},"canonical":"https:\/\/nuevo-renacer.com\/de\/enrico-morselli\/","og_locale":"de_DE","og_type":"article","og_title":"Enrico Morselli","og_description":"Enrico Morselli Naci\u00f3 en M\u00f3dena, Italia, el 17 de julio de 1852, y muri\u00f3 en G\u00e9nova el 18 de febrero de 1929. Fue un brillante psiquiatra italiano, acad\u00e9mico y activo promotor de la escuela positivista italiana de neuropsiquiatr\u00eda. Especialista en enfermedades nerviosas y mentales, fue profesor de la Universidad de G\u00e9nova. Hab\u00eda sido un esc\u00e9ptico [&hellip;]","og_url":"https:\/\/nuevo-renacer.com\/de\/enrico-morselli\/","og_site_name":"Uni\u00f3n Esp\u00edrita","article_publisher":"https:\/\/www.facebook.com\/groups\/3431398063740829","article_modified_time":"2025-06-03T12:03:41+00:00","og_image":[{"width":300,"height":396,"url":"https:\/\/nuevo-renacer.com\/wp-content\/uploads\/2025\/06\/12345.jpg","type":"image\/jpeg"}],"twitter_card":"summary_large_image","twitter_misc":{"Gesch\u00e4tzte Lesezeit":"4\u00a0Minuten"},"schema":{"@context":"https:\/\/schema.org","@graph":[{"@type":"WebPage","@id":"https:\/\/nuevo-renacer.com\/enrico-morselli\/","url":"https:\/\/nuevo-renacer.com\/enrico-morselli\/","name":"Enrico Morselli - Uni\u00f3n Esp\u00edrita","isPartOf":{"@id":"https:\/\/nuevo-renacer.com\/#website"},"primaryImageOfPage":{"@id":"https:\/\/nuevo-renacer.com\/enrico-morselli\/#primaryimage"},"image":{"@id":"https:\/\/nuevo-renacer.com\/enrico-morselli\/#primaryimage"},"thumbnailUrl":"https:\/\/nuevo-renacer.com\/wp-content\/uploads\/2025\/06\/12345.jpg","datePublished":"2025-06-03T12:03:38+00:00","dateModified":"2025-06-03T12:03:41+00:00","breadcrumb":{"@id":"https:\/\/nuevo-renacer.com\/enrico-morselli\/#breadcrumb"},"inLanguage":"de","potentialAction":[{"@type":"ReadAction","target":["https:\/\/nuevo-renacer.com\/enrico-morselli\/"]}]},{"@type":"ImageObject","inLanguage":"de","@id":"https:\/\/nuevo-renacer.com\/enrico-morselli\/#primaryimage","url":"https:\/\/nuevo-renacer.com\/wp-content\/uploads\/2025\/06\/12345.jpg","contentUrl":"https:\/\/nuevo-renacer.com\/wp-content\/uploads\/2025\/06\/12345.jpg"},{"@type":"BreadcrumbList","@id":"https:\/\/nuevo-renacer.com\/enrico-morselli\/#breadcrumb","itemListElement":[{"@type":"ListItem","position":1,"name":"Startseite","item":"https:\/\/nuevo-renacer.com\/"},{"@type":"ListItem","position":2,"name":"Enrico Morselli"}]},{"@type":"WebSite","@id":"https:\/\/nuevo-renacer.com\/#website","url":"https:\/\/nuevo-renacer.com\/","name":"Uni\u00f3n Esp\u00edrita","description":"Nuevo Renacer","publisher":{"@id":"https:\/\/nuevo-renacer.com\/#organization"},"potentialAction":[{"@type":"SearchAction","target":{"@type":"EntryPoint","urlTemplate":"https:\/\/nuevo-renacer.com\/?s={search_term_string}"},"query-input":{"@type":"PropertyValueSpecification","valueRequired":true,"valueName":"search_term_string"}}],"inLanguage":"de"},{"@type":"Organization","@id":"https:\/\/nuevo-renacer.com\/#organization","name":"UFEC","url":"https:\/\/nuevo-renacer.com\/","logo":{"@type":"ImageObject","inLanguage":"de","@id":"https:\/\/nuevo-renacer.com\/#\/schema\/logo\/image\/","url":"https:\/\/nuevo-renacer.com\/wp-content\/uploads\/2024\/05\/cropped-LOGO-TERMINADO1-3-3.png","contentUrl":"https:\/\/nuevo-renacer.com\/wp-content\/uploads\/2024\/05\/cropped-LOGO-TERMINADO1-3-3.png","width":512,"height":512,"caption":"UFEC"},"image":{"@id":"https:\/\/nuevo-renacer.com\/#\/schema\/logo\/image\/"},"sameAs":["https:\/\/www.facebook.com\/groups\/3431398063740829"]}]}},"uagb_featured_image_src":{"full":false,"thumbnail":false,"medium":false,"medium_large":false,"large":false,"1536x1536":false,"2048x2048":false,"trp-custom-language-flag":false},"uagb_author_info":{"display_name":"adbv0","author_link":"https:\/\/nuevo-renacer.com\/de\/author\/adbv0\/"},"uagb_comment_info":0,"uagb_excerpt":"Enrico Morselli Naci\u00f3 en M\u00f3dena, Italia, el 17 de julio de 1852, y muri\u00f3 en G\u00e9nova el 18 de febrero de 1929. Fue un brillante psiquiatra italiano, acad\u00e9mico y activo promotor de la escuela positivista italiana de neuropsiquiatr\u00eda. Especialista en enfermedades nerviosas y mentales, fue profesor de la Universidad de G\u00e9nova. Hab\u00eda sido un esc\u00e9ptico&hellip;","jetpack_sharing_enabled":true,"_links":{"self":[{"href":"https:\/\/nuevo-renacer.com\/de\/wp-json\/wp\/v2\/pages\/8253","targetHints":{"allow":["GET"]}}],"collection":[{"href":"https:\/\/nuevo-renacer.com\/de\/wp-json\/wp\/v2\/pages"}],"about":[{"href":"https:\/\/nuevo-renacer.com\/de\/wp-json\/wp\/v2\/types\/page"}],"author":[{"embeddable":true,"href":"https:\/\/nuevo-renacer.com\/de\/wp-json\/wp\/v2\/users\/1"}],"replies":[{"embeddable":true,"href":"https:\/\/nuevo-renacer.com\/de\/wp-json\/wp\/v2\/comments?post=8253"}],"version-history":[{"count":1,"href":"https:\/\/nuevo-renacer.com\/de\/wp-json\/wp\/v2\/pages\/8253\/revisions"}],"predecessor-version":[{"id":8255,"href":"https:\/\/nuevo-renacer.com\/de\/wp-json\/wp\/v2\/pages\/8253\/revisions\/8255"}],"wp:attachment":[{"href":"https:\/\/nuevo-renacer.com\/de\/wp-json\/wp\/v2\/media?parent=8253"}],"curies":[{"name":"wp","href":"https:\/\/api.w.org\/{rel}","templated":true}]}}