{"id":8202,"date":"2025-05-27T08:16:11","date_gmt":"2025-05-27T08:16:11","guid":{"rendered":"https:\/\/nuevo-renacer.com\/?page_id=8202"},"modified":"2025-05-27T09:00:59","modified_gmt":"2025-05-27T09:00:59","slug":"platon","status":"publish","type":"page","link":"https:\/\/nuevo-renacer.com\/de\/platon\/","title":{"rendered":"Platon"},"content":{"rendered":"<p class=\"has-text-align-left has-black-color has-text-color has-link-color has-medium-font-size wp-elements-45a515142106b98507cde77246e5d3af\"><strong>Platon<\/strong><\/p>\n\n\n\n<div class=\"wp-block-uagb-container uagb-block-326258c7 alignfull uagb-is-root-container\"><div class=\"uagb-container-inner-blocks-wrap\">\n<figure class=\"wp-block-image alignleft size-large is-resized\"><img fetchpriority=\"high\" decoding=\"async\" width=\"653\" height=\"1024\" src=\"https:\/\/nuevo-renacer.com\/wp-content\/uploads\/2025\/05\/English_School_-_Portrait_of_Plato_Athenian_philosopher_-_Plato_-_-_From_series_Leaders_of_Men_-_-_MeisterDrucke-1061278-653x1024.jpg\" alt=\"\" class=\"wp-image-8203\" style=\"width:219px;height:auto\" srcset=\"https:\/\/nuevo-renacer.com\/wp-content\/uploads\/2025\/05\/English_School_-_Portrait_of_Plato_Athenian_philosopher_-_Plato_-_-_From_series_Leaders_of_Men_-_-_MeisterDrucke-1061278-653x1024.jpg 653w, https:\/\/nuevo-renacer.com\/wp-content\/uploads\/2025\/05\/English_School_-_Portrait_of_Plato_Athenian_philosopher_-_Plato_-_-_From_series_Leaders_of_Men_-_-_MeisterDrucke-1061278-191x300.jpg 191w, https:\/\/nuevo-renacer.com\/wp-content\/uploads\/2025\/05\/English_School_-_Portrait_of_Plato_Athenian_philosopher_-_Plato_-_-_From_series_Leaders_of_Men_-_-_MeisterDrucke-1061278-8x12.jpg 8w, https:\/\/nuevo-renacer.com\/wp-content\/uploads\/2025\/05\/English_School_-_Portrait_of_Plato_Athenian_philosopher_-_Plato_-_-_From_series_Leaders_of_Men_-_-_MeisterDrucke-1061278.jpg 685w\" sizes=\"(max-width: 653px) 100vw, 653px\" \/><\/figure>\n<\/div><\/div>\n\n\n\n<div class=\"wp-block-uagb-container uagb-block-84bee83b alignfull uagb-is-root-container\"><div class=\"uagb-container-inner-blocks-wrap\">\n<p class=\"has-black-color has-text-color has-link-color has-small-font-size wp-elements-8bc84e774432e668359a0cda572264e0\">Man erkennt den Baum an seinen Fr\u00fcchten. Jede Handlung sollte durch das charakterisiert werden, was sie hervorbringt: Sie sollte b\u00f6se genannt werden, wenn sie B\u00f6ses hervorbringt, und gut, wenn sie Gutes hervorbringt. Diese Worte m\u00f6gen f\u00fcr jeden, der das Evangelium gelesen hat, wie die Worte des Herrn Jesus klingen.<\/p>\n\n\n\n<p class=\"has-black-color has-text-color has-link-color has-small-font-size wp-elements-8dfe61cf8892fd291cb615317d47de4a\">Sie wurden jedoch Jahrhunderte vor Jesus von Platon, einem griechischen Philosophen und Sch\u00fcler von Sokrates, geschrieben und der Welt gegeben. Er wurde 428 oder 427 v. Chr. in der Stadt Athen in Griechenland geboren. Er geh\u00f6rte dem Hochadel an und lernte im Alter von etwa 20 Jahren den Philosophen Sokrates kennen, den er bis zu seinen letzten Tagen begleitete und dessen Lehren er niederschrieb, so dass sie bis heute erhalten geblieben sind.<\/p>\n\n\n\n<p class=\"has-black-color has-text-color has-link-color has-small-font-size wp-elements-cc535b903a4ed5ae5d08f1b02e923ae8\">Er reiste nach \u00c4gypten und S\u00fcditalien. In Sizilien besuchte er den Hof eines Tyrannen namens Dionysios in Syrakus. In seinem Bestreben, die Politik der Stadt zu beeinflussen, geriet er in Konflikt mit Dionysios, der ihn in die Sklaverei auf die Insel \u00c4gina verkaufte, die sich im Krieg mit Athen befand. Er wurde gerettet und kehrte in seine Heimatstadt zur\u00fcck, wo er im Alter von vierzig Jahren die Akademie gr\u00fcndete, an der er bis zum Ende seiner Tage lehrte.<\/p>\n\n\n\n<p class=\"has-black-color has-text-color has-link-color has-small-font-size wp-elements-bf1d8e750822ab4c107ef3fb5cf4d925\">Es ist leicht zu verstehen, warum er und Sokrates als Vorl\u00e4ufer der christlichen Idee und des Spiritismus gelten, wenn man nur einige ihrer Schriften liest. Kardecs Werk \"Das Evangelium im Lichte des Spiritismus\" enth\u00e4lt kurze Passagen, die sich auf die Vorstellung der beiden griechischen Philosophen von der Seele, ihrem Fortschritt, der Reinkarnation, der Geisterwelt und ihren Bewohnern sowie den h\u00f6chsten Tugenden beziehen und eine Parallele zwischen diesen Ideen, denen von Christus und folglich den Grundprinzipien des Spiritismus ziehen.<\/p>\n\n\n\n<p class=\"has-black-color has-text-color has-link-color has-small-font-size wp-elements-10f4139bbfb3b394a0d5871f61723b46\">Er gilt als einer der einflussreichsten Philosophen aller Zeiten, da sein Denken die antike und mittelalterliche christliche Philosophie beherrschte, und hinterlie\u00df uns in seinen Schriften das sokratische Denken sowie bewegende Berichte \u00fcber die letzten Tage seines Meisters. Er war auch der pers\u00f6nliche Sch\u00f6pfer des philosophischen Dialogs, einer Art Ideendrama.<\/p>\n\n\n\n<p class=\"has-black-color has-text-color has-link-color has-small-font-size wp-elements-109ed00e46e4368cfbfb3cc3d1e334cf\">Sein Werk \"Das Gastmahl\" gilt als eines der gr\u00f6\u00dften Werke der antiken Literatur. Als Dichter ist sein Stil der H\u00f6hepunkt der griechischen Prosa, was er in seinen Prosagedichten \u00fcber den Mythos der H\u00f6hle, Atlantis und Eros beweist.<\/p>\n\n\n\n<p class=\"has-black-color has-text-color has-link-color has-small-font-size wp-elements-efa0010937f72bcc59575a88708ba527\">Er schrieb: Die Liebe ist \u00fcberall in der Natur, die uns einl\u00e4dt, unsere Intelligenz zu \u00fcben; selbst in der Bewegung der Sterne finden wir sie. Es ist die Liebe, die die Natur mit ihren reichen Teppichen schm\u00fcckt; sie schm\u00fcckt sich selbst und l\u00e4sst sich dort nieder, wo sie Blumen und D\u00fcfte findet. Die Liebe ist es auch, die den Menschen Frieden gibt, dem Meer Ruhe, den Winden Stille und dem Schmerz Schlaf.<\/p>\n\n\n\n<p class=\"has-black-color has-text-color has-link-color has-small-font-size wp-elements-481789b8fc386461f1cb4a636f3d3fc1\">Platons Werke handeln von der L\u00fcge, dem Wesen des Menschen, der Fr\u00f6mmigkeit, der Pflicht, der Sch\u00f6nheit, der Weisheit, der Gerechtigkeit, dem Mut, der Freundschaft und der Tugend. In Buch VII der Republik stellt er den ber\u00fchmten Mythos von der H\u00f6hle vor: Angekettet in einem unterirdischen Gef\u00e4ngnis, mit dem R\u00fccken zum Eingang, durch den das Licht eindringt, k\u00f6nnen die Eingeschlossenen nur die Schatten sehen, die die Menschen, Tiere und alles au\u00dferhalb der H\u00f6hle werfen.<\/p>\n\n\n\n<p class=\"has-black-color has-text-color has-link-color has-small-font-size wp-elements-3c34e7078c2865e225352a6745ad7166\">Ein Mann, dem es gelingt, sich zu befreien, wird vom Sonnenlicht geblendet und stellt fest, dass alles, was er bis dahin gesehen hatte, unwirklich war. Es gab die wirkliche Welt. Wenn er jedoch nach drinnen zur\u00fcckkehrt und den anderen, die immer noch gefangen sind, mitteilen will, was er gesehen hat, l\u00e4uft er Gefahr, misshandelt und sogar get\u00f6tet zu werden. Genau das ist nach Platon die Aufgabe des Philosophen.<\/p>\n\n\n\n<p class=\"has-black-color has-text-color has-link-color has-small-font-size wp-elements-d4e8bdc31f30341090e0ecca3fda28a7\">Entk\u00f6rpert, voller Klarheit und sch\u00f6pferischer Kraft, im Alter von 80 Jahren, der Geistigkeit, zusammen mit so vielen anderen Geistern von intellektuellem und moralischem Format, verfolgt Platon seine Mission, indem er die Nuancen der geistigen Welt, der Welt der blendenden Sonne, der wirklichen, wahren Welt offenbart.<\/p>\n\n\n\n<p class=\"has-black-color has-text-color has-link-color has-small-font-size wp-elements-bd954d6f32460776e6d66c7c8cb534f2\">Sein Name wird in den Prolegomena des Buch der Geister erw\u00e4hnt; er unterschreibt eine der Passagen der Antwort auf die Frage 1009 desselben Werkes, in der er von der Nichtexistenz ewigen Leids spricht und an die Ermahnungen des Sokrates erinnert, als er zu seiner Zeit die Seele als durch mehrere Existenzen wandernd darstellte, gefolgt von mehr oder weniger langen Perioden der Unbest\u00e4ndigkeit.<\/p>\n\n\n\n<p class=\"has-black-color has-text-color has-link-color has-small-font-size wp-elements-f195865efe958bf4b52c100921283001\">Und er kommt zu dem Schluss: Mensch, versenke deine traurigen Augen nicht in die Tiefen der Erde und suche dort nach Strafe. Weint, wartet, b\u00fc\u00dft und nehmt Zuflucht zu der Idee eines an sich guten, absolut m\u00e4chtigen und im Grunde gerechten Gottes.<\/p>\n<\/div><\/div>\n\n\n\n<div class=\"wp-block-uagb-container uagb-block-3d936a81 alignfull uagb-is-root-container\"><div class=\"uagb-container-inner-blocks-wrap\"><\/div><\/div>\n\n\n\n<div class=\"wp-block-uagb-container uagb-block-2f4782a0 alignfull uagb-is-root-container\"><div class=\"uagb-container-inner-blocks-wrap\"><\/div><\/div>","protected":false},"excerpt":{"rendered":"<p>Plat\u00f3n El \u00e1rbol se conoce por sus frutos. Toda acci\u00f3n debe caracterizarse por lo que produce: debe llamarse mala cuando produce el mal, y buena cuando produce el bien. Estas palabras pueden sonar a palabras del Se\u00f1or Jes\u00fas a cualquiera que haya le\u00eddo el Evangelio. Sin embargo, fueron escritas y dadas al mundo siglos antes [&hellip;]<\/p>","protected":false},"author":1,"featured_media":0,"parent":0,"menu_order":0,"comment_status":"closed","ping_status":"closed","template":"","meta":{"_uag_custom_page_level_css":"","site-sidebar-layout":"default","site-content-layout":"","ast-site-content-layout":"default","site-content-style":"default","site-sidebar-style":"default","ast-global-header-display":"","ast-banner-title-visibility":"","ast-main-header-display":"","ast-hfb-above-header-display":"","ast-hfb-below-header-display":"","ast-hfb-mobile-header-display":"","site-post-title":"disabled","ast-breadcrumbs-content":"","ast-featured-img":"","footer-sml-layout":"","theme-transparent-header-meta":"","adv-header-id-meta":"","stick-header-meta":"","header-above-stick-meta":"","header-main-stick-meta":"","header-below-stick-meta":"","astra-migrate-meta-layouts":"set","ast-page-background-enabled":"default","ast-page-background-meta":{"desktop":{"background-color":"var(--ast-global-color-4)","background-image":"","background-repeat":"repeat","background-position":"center center","background-size":"auto","background-attachment":"scroll","background-type":"","background-media":"","overlay-type":"","overlay-color":"","overlay-opacity":"","overlay-gradient":""},"tablet":{"background-color":"","background-image":"","background-repeat":"repeat","background-position":"center center","background-size":"auto","background-attachment":"scroll","background-type":"","background-media":"","overlay-type":"","overlay-color":"","overlay-opacity":"","overlay-gradient":""},"mobile":{"background-color":"","background-image":"","background-repeat":"repeat","background-position":"center center","background-size":"auto","background-attachment":"scroll","background-type":"","background-media":"","overlay-type":"","overlay-color":"","overlay-opacity":"","overlay-gradient":""}},"ast-content-background-meta":{"desktop":{"background-color":"var(--ast-global-color-5)","background-image":"","background-repeat":"repeat","background-position":"center center","background-size":"auto","background-attachment":"scroll","background-type":"","background-media":"","overlay-type":"","overlay-color":"","overlay-opacity":"","overlay-gradient":""},"tablet":{"background-color":"var(--ast-global-color-5)","background-image":"","background-repeat":"repeat","background-position":"center center","background-size":"auto","background-attachment":"scroll","background-type":"","background-media":"","overlay-type":"","overlay-color":"","overlay-opacity":"","overlay-gradient":""},"mobile":{"background-color":"var(--ast-global-color-5)","background-image":"","background-repeat":"repeat","background-position":"center center","background-size":"auto","background-attachment":"scroll","background-type":"","background-media":"","overlay-type":"","overlay-color":"","overlay-opacity":"","overlay-gradient":""}},"footnotes":""},"class_list":["post-8202","page","type-page","status-publish","hentry"],"yoast_head":"<!-- This site is optimized with the Yoast SEO Premium plugin v24.2 (Yoast SEO v24.6) - https:\/\/yoast.com\/wordpress\/plugins\/seo\/ -->\n<title>Plat\u00f3n - Uni\u00f3n Esp\u00edrita<\/title>\n<meta name=\"description\" content=\"Explora el pensamiento de Plat\u00f3n desde la visi\u00f3n esp\u00edrita: su creencia en la inmortalidad del alma, la reencarnaci\u00f3n.\" \/>\n<meta name=\"robots\" content=\"index, follow, max-snippet:-1, max-image-preview:large, max-video-preview:-1\" \/>\n<link rel=\"canonical\" href=\"https:\/\/nuevo-renacer.com\/de\/platon\/\" \/>\n<meta property=\"og:locale\" content=\"de_DE\" \/>\n<meta property=\"og:type\" content=\"article\" \/>\n<meta property=\"og:title\" content=\"Plat\u00f3n\" \/>\n<meta property=\"og:description\" content=\"Explora el pensamiento de Plat\u00f3n desde la visi\u00f3n esp\u00edrita: su creencia en la inmortalidad del alma, la reencarnaci\u00f3n.\" \/>\n<meta property=\"og:url\" content=\"https:\/\/nuevo-renacer.com\/de\/platon\/\" \/>\n<meta property=\"og:site_name\" content=\"Uni\u00f3n Esp\u00edrita\" \/>\n<meta property=\"article:publisher\" content=\"https:\/\/www.facebook.com\/groups\/3431398063740829\" \/>\n<meta property=\"article:modified_time\" content=\"2025-05-27T09:00:59+00:00\" \/>\n<meta property=\"og:image\" content=\"https:\/\/nuevo-renacer.com\/wp-content\/uploads\/2025\/05\/English_School_-_Portrait_of_Plato_Athenian_philosopher_-_Plato_-_-_From_series_Leaders_of_Men_-_-_MeisterDrucke-1061278.jpg\" \/>\n\t<meta property=\"og:image:width\" content=\"685\" \/>\n\t<meta property=\"og:image:height\" content=\"1074\" \/>\n\t<meta property=\"og:image:type\" content=\"image\/jpeg\" \/>\n<meta name=\"twitter:card\" content=\"summary_large_image\" \/>\n<meta name=\"twitter:label1\" content=\"Gesch\u00e4tzte Lesezeit\" \/>\n\t<meta name=\"twitter:data1\" content=\"5\u00a0Minuten\" \/>\n<script type=\"application\/ld+json\" class=\"yoast-schema-graph\">{\"@context\":\"https:\/\/schema.org\",\"@graph\":[{\"@type\":\"WebPage\",\"@id\":\"https:\/\/nuevo-renacer.com\/platon\/\",\"url\":\"https:\/\/nuevo-renacer.com\/platon\/\",\"name\":\"Plat\u00f3n - Uni\u00f3n Esp\u00edrita\",\"isPartOf\":{\"@id\":\"https:\/\/nuevo-renacer.com\/#website\"},\"primaryImageOfPage\":{\"@id\":\"https:\/\/nuevo-renacer.com\/platon\/#primaryimage\"},\"image\":{\"@id\":\"https:\/\/nuevo-renacer.com\/platon\/#primaryimage\"},\"thumbnailUrl\":\"https:\/\/nuevo-renacer.com\/wp-content\/uploads\/2025\/05\/English_School_-_Portrait_of_Plato_Athenian_philosopher_-_Plato_-_-_From_series_Leaders_of_Men_-_-_MeisterDrucke-1061278-653x1024.jpg\",\"datePublished\":\"2025-05-27T08:16:11+00:00\",\"dateModified\":\"2025-05-27T09:00:59+00:00\",\"description\":\"Explora el pensamiento de Plat\u00f3n desde la visi\u00f3n esp\u00edrita: su creencia en la inmortalidad del alma, la reencarnaci\u00f3n.\",\"breadcrumb\":{\"@id\":\"https:\/\/nuevo-renacer.com\/platon\/#breadcrumb\"},\"inLanguage\":\"de\",\"potentialAction\":[{\"@type\":\"ReadAction\",\"target\":[\"https:\/\/nuevo-renacer.com\/platon\/\"]}]},{\"@type\":\"ImageObject\",\"inLanguage\":\"de\",\"@id\":\"https:\/\/nuevo-renacer.com\/platon\/#primaryimage\",\"url\":\"https:\/\/nuevo-renacer.com\/wp-content\/uploads\/2025\/05\/English_School_-_Portrait_of_Plato_Athenian_philosopher_-_Plato_-_-_From_series_Leaders_of_Men_-_-_MeisterDrucke-1061278-653x1024.jpg\",\"contentUrl\":\"https:\/\/nuevo-renacer.com\/wp-content\/uploads\/2025\/05\/English_School_-_Portrait_of_Plato_Athenian_philosopher_-_Plato_-_-_From_series_Leaders_of_Men_-_-_MeisterDrucke-1061278-653x1024.jpg\"},{\"@type\":\"BreadcrumbList\",\"@id\":\"https:\/\/nuevo-renacer.com\/platon\/#breadcrumb\",\"itemListElement\":[{\"@type\":\"ListItem\",\"position\":1,\"name\":\"Startseite\",\"item\":\"https:\/\/nuevo-renacer.com\/\"},{\"@type\":\"ListItem\",\"position\":2,\"name\":\"Plat\u00f3n\"}]},{\"@type\":\"WebSite\",\"@id\":\"https:\/\/nuevo-renacer.com\/#website\",\"url\":\"https:\/\/nuevo-renacer.com\/\",\"name\":\"Uni\u00f3n Esp\u00edrita\",\"description\":\"Nuevo Renacer\",\"publisher\":{\"@id\":\"https:\/\/nuevo-renacer.com\/#organization\"},\"potentialAction\":[{\"@type\":\"SearchAction\",\"target\":{\"@type\":\"EntryPoint\",\"urlTemplate\":\"https:\/\/nuevo-renacer.com\/?s={search_term_string}\"},\"query-input\":{\"@type\":\"PropertyValueSpecification\",\"valueRequired\":true,\"valueName\":\"search_term_string\"}}],\"inLanguage\":\"de\"},{\"@type\":\"Organization\",\"@id\":\"https:\/\/nuevo-renacer.com\/#organization\",\"name\":\"UFEC\",\"url\":\"https:\/\/nuevo-renacer.com\/\",\"logo\":{\"@type\":\"ImageObject\",\"inLanguage\":\"de\",\"@id\":\"https:\/\/nuevo-renacer.com\/#\/schema\/logo\/image\/\",\"url\":\"https:\/\/nuevo-renacer.com\/wp-content\/uploads\/2024\/05\/cropped-LOGO-TERMINADO1-3-3.png\",\"contentUrl\":\"https:\/\/nuevo-renacer.com\/wp-content\/uploads\/2024\/05\/cropped-LOGO-TERMINADO1-3-3.png\",\"width\":512,\"height\":512,\"caption\":\"UFEC\"},\"image\":{\"@id\":\"https:\/\/nuevo-renacer.com\/#\/schema\/logo\/image\/\"},\"sameAs\":[\"https:\/\/www.facebook.com\/groups\/3431398063740829\"]}]}<\/script>\n<!-- \/ Yoast SEO Premium plugin. -->","yoast_head_json":{"title":"Plat\u00f3n - Uni\u00f3n Esp\u00edrita","description":"Explora el pensamiento de Plat\u00f3n desde la visi\u00f3n esp\u00edrita: su creencia en la inmortalidad del alma, la reencarnaci\u00f3n.","robots":{"index":"index","follow":"follow","max-snippet":"max-snippet:-1","max-image-preview":"max-image-preview:large","max-video-preview":"max-video-preview:-1"},"canonical":"https:\/\/nuevo-renacer.com\/de\/platon\/","og_locale":"de_DE","og_type":"article","og_title":"Plat\u00f3n","og_description":"Explora el pensamiento de Plat\u00f3n desde la visi\u00f3n esp\u00edrita: su creencia en la inmortalidad del alma, la reencarnaci\u00f3n.","og_url":"https:\/\/nuevo-renacer.com\/de\/platon\/","og_site_name":"Uni\u00f3n Esp\u00edrita","article_publisher":"https:\/\/www.facebook.com\/groups\/3431398063740829","article_modified_time":"2025-05-27T09:00:59+00:00","og_image":[{"width":685,"height":1074,"url":"https:\/\/nuevo-renacer.com\/wp-content\/uploads\/2025\/05\/English_School_-_Portrait_of_Plato_Athenian_philosopher_-_Plato_-_-_From_series_Leaders_of_Men_-_-_MeisterDrucke-1061278.jpg","type":"image\/jpeg"}],"twitter_card":"summary_large_image","twitter_misc":{"Gesch\u00e4tzte Lesezeit":"5\u00a0Minuten"},"schema":{"@context":"https:\/\/schema.org","@graph":[{"@type":"WebPage","@id":"https:\/\/nuevo-renacer.com\/platon\/","url":"https:\/\/nuevo-renacer.com\/platon\/","name":"Plat\u00f3n - Uni\u00f3n Esp\u00edrita","isPartOf":{"@id":"https:\/\/nuevo-renacer.com\/#website"},"primaryImageOfPage":{"@id":"https:\/\/nuevo-renacer.com\/platon\/#primaryimage"},"image":{"@id":"https:\/\/nuevo-renacer.com\/platon\/#primaryimage"},"thumbnailUrl":"https:\/\/nuevo-renacer.com\/wp-content\/uploads\/2025\/05\/English_School_-_Portrait_of_Plato_Athenian_philosopher_-_Plato_-_-_From_series_Leaders_of_Men_-_-_MeisterDrucke-1061278-653x1024.jpg","datePublished":"2025-05-27T08:16:11+00:00","dateModified":"2025-05-27T09:00:59+00:00","description":"Explora el pensamiento de Plat\u00f3n desde la visi\u00f3n esp\u00edrita: su creencia en la inmortalidad del alma, la reencarnaci\u00f3n.","breadcrumb":{"@id":"https:\/\/nuevo-renacer.com\/platon\/#breadcrumb"},"inLanguage":"de","potentialAction":[{"@type":"ReadAction","target":["https:\/\/nuevo-renacer.com\/platon\/"]}]},{"@type":"ImageObject","inLanguage":"de","@id":"https:\/\/nuevo-renacer.com\/platon\/#primaryimage","url":"https:\/\/nuevo-renacer.com\/wp-content\/uploads\/2025\/05\/English_School_-_Portrait_of_Plato_Athenian_philosopher_-_Plato_-_-_From_series_Leaders_of_Men_-_-_MeisterDrucke-1061278-653x1024.jpg","contentUrl":"https:\/\/nuevo-renacer.com\/wp-content\/uploads\/2025\/05\/English_School_-_Portrait_of_Plato_Athenian_philosopher_-_Plato_-_-_From_series_Leaders_of_Men_-_-_MeisterDrucke-1061278-653x1024.jpg"},{"@type":"BreadcrumbList","@id":"https:\/\/nuevo-renacer.com\/platon\/#breadcrumb","itemListElement":[{"@type":"ListItem","position":1,"name":"Startseite","item":"https:\/\/nuevo-renacer.com\/"},{"@type":"ListItem","position":2,"name":"Plat\u00f3n"}]},{"@type":"WebSite","@id":"https:\/\/nuevo-renacer.com\/#website","url":"https:\/\/nuevo-renacer.com\/","name":"Uni\u00f3n Esp\u00edrita","description":"Nuevo Renacer","publisher":{"@id":"https:\/\/nuevo-renacer.com\/#organization"},"potentialAction":[{"@type":"SearchAction","target":{"@type":"EntryPoint","urlTemplate":"https:\/\/nuevo-renacer.com\/?s={search_term_string}"},"query-input":{"@type":"PropertyValueSpecification","valueRequired":true,"valueName":"search_term_string"}}],"inLanguage":"de"},{"@type":"Organization","@id":"https:\/\/nuevo-renacer.com\/#organization","name":"UFEC","url":"https:\/\/nuevo-renacer.com\/","logo":{"@type":"ImageObject","inLanguage":"de","@id":"https:\/\/nuevo-renacer.com\/#\/schema\/logo\/image\/","url":"https:\/\/nuevo-renacer.com\/wp-content\/uploads\/2024\/05\/cropped-LOGO-TERMINADO1-3-3.png","contentUrl":"https:\/\/nuevo-renacer.com\/wp-content\/uploads\/2024\/05\/cropped-LOGO-TERMINADO1-3-3.png","width":512,"height":512,"caption":"UFEC"},"image":{"@id":"https:\/\/nuevo-renacer.com\/#\/schema\/logo\/image\/"},"sameAs":["https:\/\/www.facebook.com\/groups\/3431398063740829"]}]}},"uagb_featured_image_src":{"full":false,"thumbnail":false,"medium":false,"medium_large":false,"large":false,"1536x1536":false,"2048x2048":false,"trp-custom-language-flag":false},"uagb_author_info":{"display_name":"adbv0","author_link":"https:\/\/nuevo-renacer.com\/de\/author\/adbv0\/"},"uagb_comment_info":0,"uagb_excerpt":"Plat\u00f3n El \u00e1rbol se conoce por sus frutos. Toda acci\u00f3n debe caracterizarse por lo que produce: debe llamarse mala cuando produce el mal, y buena cuando produce el bien. Estas palabras pueden sonar a palabras del Se\u00f1or Jes\u00fas a cualquiera que haya le\u00eddo el Evangelio. Sin embargo, fueron escritas y dadas al mundo siglos antes&hellip;","jetpack_sharing_enabled":true,"_links":{"self":[{"href":"https:\/\/nuevo-renacer.com\/de\/wp-json\/wp\/v2\/pages\/8202","targetHints":{"allow":["GET"]}}],"collection":[{"href":"https:\/\/nuevo-renacer.com\/de\/wp-json\/wp\/v2\/pages"}],"about":[{"href":"https:\/\/nuevo-renacer.com\/de\/wp-json\/wp\/v2\/types\/page"}],"author":[{"embeddable":true,"href":"https:\/\/nuevo-renacer.com\/de\/wp-json\/wp\/v2\/users\/1"}],"replies":[{"embeddable":true,"href":"https:\/\/nuevo-renacer.com\/de\/wp-json\/wp\/v2\/comments?post=8202"}],"version-history":[{"count":2,"href":"https:\/\/nuevo-renacer.com\/de\/wp-json\/wp\/v2\/pages\/8202\/revisions"}],"predecessor-version":[{"id":8205,"href":"https:\/\/nuevo-renacer.com\/de\/wp-json\/wp\/v2\/pages\/8202\/revisions\/8205"}],"wp:attachment":[{"href":"https:\/\/nuevo-renacer.com\/de\/wp-json\/wp\/v2\/media?parent=8202"}],"curies":[{"name":"wp","href":"https:\/\/api.w.org\/{rel}","templated":true}]}}