{"id":8198,"date":"2025-05-23T11:09:43","date_gmt":"2025-05-23T11:09:43","guid":{"rendered":"https:\/\/nuevo-renacer.com\/?page_id=8198"},"modified":"2025-05-23T11:09:46","modified_gmt":"2025-05-23T11:09:46","slug":"johann-karl-friedrich-zollner","status":"publish","type":"page","link":"https:\/\/nuevo-renacer.com\/de\/johann-karl-friedrich-zollner\/","title":{"rendered":"Johann Karl Friedrich Z\u00f6llner"},"content":{"rendered":"<div class=\"wp-block-uagb-container uagb-block-79d20f6c alignfull uagb-is-root-container\"><div class=\"uagb-container-inner-blocks-wrap\">\n<p class=\"has-black-color has-text-color has-link-color has-medium-font-size wp-elements-f057ff3e853cddb965faabb7ef8b7cc2\"><strong>Johann Karl Friedrich Z\u00f6llner<\/strong><\/p>\n<\/div><\/div>\n\n\n\n<div class=\"wp-block-uagb-container uagb-block-8958892c alignfull uagb-is-root-container\"><div class=\"uagb-container-inner-blocks-wrap\">\n<figure class=\"wp-block-image size-full is-resized\"><img decoding=\"async\" width=\"177\" height=\"236\" src=\"https:\/\/nuevo-renacer.com\/wp-content\/uploads\/2025\/05\/portrait.jpg\" alt=\"\" class=\"wp-image-8199\" style=\"width:212px;height:auto\" srcset=\"https:\/\/nuevo-renacer.com\/wp-content\/uploads\/2025\/05\/portrait.jpg 177w, https:\/\/nuevo-renacer.com\/wp-content\/uploads\/2025\/05\/portrait-9x12.jpg 9w\" sizes=\"(max-width: 177px) 100vw, 177px\" \/><\/figure>\n<\/div><\/div>\n\n\n\n<div class=\"wp-block-uagb-container uagb-block-897cf837 alignfull uagb-is-root-container\"><div class=\"uagb-container-inner-blocks-wrap\">\n<p class=\"has-black-color has-text-color has-link-color has-small-font-size wp-elements-60e45e2e9177bf2184109acadf52d7fa\">Friedrich Z\u00f6llner, wie er besser bekannt war, war ein ber\u00fchmter Astrophysiker und Professor an der Universit\u00e4t Leipzig, Deutschland. Er wurde am 8. November 1834 in Berlin geboren und starb am 25. April 1882 im Alter von 48 Jahren in Leipzig (Deutschland). Er hinterlie\u00df zahlreiche Arbeiten auf dem Gebiet der Astronomie und der optischen Physik, wo er durch seine Forschungen \u00fcber optische T\u00e4uschungen bekannt wurde. Sein 1860 entwickeltes Werk im Bereich der Optik wurde als Z\u00f6llnersche T\u00e4uschung bezeichnet, bei der parallele Linien als Diagonalen erscheinen.<\/p>\n\n\n\n<p class=\"has-black-color has-text-color has-link-color has-small-font-size wp-elements-9d76aac10197e82541c38dd740f1a701\">Auf dem Gebiet der Astronomie zeichnete er sich durch den Nachweis der Theorie von Christian Doppler \u00fcber die Auswirkung der Bewegung auf die Farbe der elektromagnetischen Strahlung der Sterne infolge der Ablenkung der Spektrallinien des von diesen Himmelsk\u00f6rpern ausgesandten Lichts aus. Er erfand ein sehr empfindliches Ger\u00e4t, das so genannte Astrophotometer, mit dem diese Ver\u00e4nderungen gemessen werden k\u00f6nnen. Ihm zu Ehren wurde einer der Krater auf dem Mond Z\u00f6llner-Krater genannt. Im Jahr 1872 erhielt er einen Ruf auf den Lehrstuhl f\u00fcr Astrophysik an der Universit\u00e4t Leipzig.<\/p>\n\n\n\n<p class=\"has-black-color has-text-color has-link-color has-small-font-size wp-elements-cc719661acd816416f583f0972f8f467\">Er war Mitglied der Royal Society in England, der Royal Astronomical Society in London, der Kaiserlichen Akademie der physikalischen und nat\u00fcrlichen Wissenschaften in Moskau und der Wissenschaftlichen Gesellschaft f\u00fcr psychische Studien in Paris. Schon in jungen Jahren interessierte sich Z\u00f6llner f\u00fcr mediale Ph\u00e4nomene. Als sich 1875 die Gelegenheit bot, reiste er nach England, um einen der f\u00fchrenden Wissenschaftler der damaligen Zeit, William Crookes, zu besuchen, der f\u00fchrend in der Erforschung so genannter \u201emediumistischer Effekte\u201c war, wie der Bewegung von Gegenst\u00e4nden ohne Einwirkung einer Energiequelle und der Materialisierung von Geistern. Z\u00f6llner war auf der Suche nach einer wissenschaftlichen Erkl\u00e4rung f\u00fcr diese Ph\u00e4nomene.<\/p>\n\n\n\n<p class=\"has-black-color has-text-color has-link-color has-small-font-size wp-elements-2927b47045385cbeac6bac881e120425\">Nach seinem Besuch entwickelte er eine Theorie \u00fcber das Auftreten dieser Ph\u00e4nomene. Seiner Theorie zufolge hat das Universum neben den drei euklidischen Raumdimensionen eine vierte Dimension, durch die einige spirituelle Ph\u00e4nomene erkl\u00e4rt werden k\u00f6nnen. Nach dieser Theorie k\u00f6nnten die medialen Ph\u00e4nomene ihren mystischen Charakter verlieren und in den Bereich der gew\u00f6hnlichen Physik und Philosophie \u00fcbergehen. Zum besseren Verst\u00e4ndnis dessen, was die 4. Dimension in der gegenw\u00e4rtigen physikalischen Auffassung ist, nehmen wir an, dass der Raum in der N\u00e4he gro\u00dfer Gravitationsmassen gekr\u00fcmmt werden kann, was nur in Richtung der 4. Dimension m\u00f6glich ist, und dass alle medialen Ph\u00e4nomene sowie die Verschiebung geistiger Wesenheiten durch diese 4. \u00dcber die Theorie der 4. Dimension schrieb Schiaparelli, der ber\u00fchmte italienische Astronom, in einem Brief an Camille Flammarion: \u201eEs ist die genialste und wahrscheinlichste Theorie, die man sich vorstellen kann\u201c.<\/p>\n\n\n\n<p class=\"has-black-color has-text-color has-link-color has-small-font-size wp-elements-79265076d225811ff1ecdbc5f82f8fa4\">Um seine Theorie weiter zu untermauern, hielt Z\u00f6llner zahlreiche Treffen mit Medien und Forschern in seinem eigenen Haus ab. 1877 empfing er in Leipzig zum ersten Mal das englische Medium Henry Slade. Slade war der Protagonist zahlreicher Manifestationen von physikalischen Effekten. Bei der Analyse von Slades Medialit\u00e4t wurde er gelegentlich von anderen Universit\u00e4tsprofessoren unterst\u00fctzt, was den Enthusiasmus seiner Untersuchungen noch verst\u00e4rkte.<\/p>\n\n\n\n<p class=\"has-black-color has-text-color has-link-color has-small-font-size wp-elements-8b2f64385e7695d4bed46853fa905c90\">Als Ergebnis seiner Arbeit mit diesem Medium ver\u00f6ffentlichte Z\u00f6llner mehrere Artikel in wissenschaftlichen Zeitschriften und sp\u00e4ter auch B\u00fccher \u00fcber \u201etranszendentale Physik\u201c. Wie Slade untersuchte Z\u00f6llner die Ph\u00e4nomene, die von Madame D'Esperance, einer Protagonistin der Erscheinungen und des Transports von Gegenst\u00e4nden, hervorgerufen wurden. Im M\u00e4rz 1880 lud Baron von Hoffmann das englische Medium William Eglinton ein, an Treffen mit Z\u00f6llner teilzunehmen. Insgesamt gab es 25 Treffen. Eglinton war ein Medium f\u00fcr physische Effekte, haupts\u00e4chlich Materialisation und direktes Schreiben. Z\u00f6llner war mit den Ergebnissen seiner Forschungen sehr zufrieden und beabsichtigte sogar, ein weiteres Buch \u00fcber seine Erfahrungen zu ver\u00f6ffentlichen, aber er starb, bevor dies geschah.<\/p>\n\n\n\n<p class=\"has-black-color has-text-color has-link-color has-small-font-size wp-elements-fc25ba505baca19e43e7b53e94ab04f4\">Z\u00f6llner war ein gro\u00dfer K\u00e4mpfer f\u00fcr die spiritistische Sache, bekannt f\u00fcr seine physikalischen Experimente, bei denen das Wirken der Geister keinen Raum f\u00fcr Zweifel oder Unsicherheit lie\u00df. Als Physiker nutzte er diese Wissenschaft, um die Unsterblichkeit zu beweisen und die Einmischung der desinkarnierten Geister in das t\u00e4gliche Leben der inkarnierten Geister zu enth\u00fcllen. Indem er die Theorie der vierten Dimension vorschlug, um beobachtete Ph\u00e4nomene zu erkl\u00e4ren, nahm er die heutigen Physiker vorweg und zeigte, wie die Wissenschaft der Religion helfen kann und wie die Religion wissenschaftlich sein kann.<\/p>\n\n\n\n<p class=\"has-black-color has-text-color has-link-color has-small-font-size wp-elements-28eab89d971b526b7a37764a0a3fc17a\">(...) Als er William Crookes sein Buch Scientific Proofs of Survival or Transcendental Physics (Wissenschaftliche Beweise f\u00fcr das \u00dcberleben oder Transzendentale Physik) anbot, schrieb Z\u00f6llner eine sehr ausdrucksstarke Widmung, aus der wir das folgende Fragment entnehmen: \"Mit dem h\u00f6chsten Gef\u00fchl der Dankbarkeit und Wertsch\u00e4tzung f\u00fcr die Dienste, die Sie einer neuen Wissenschaft erwiesen haben, biete ich Ihnen, verehrter Kollege, den dritten Band meiner wissenschaftlichen Abhandlungen an.<\/p>\n\n\n\n<p class=\"has-black-color has-text-color has-link-color has-small-font-size wp-elements-1b4fb16589bb8089b9a6949367661a12\">Durch einen bemerkenswerten Zufall haben sich unsere wissenschaftlichen Forschungen auf demselben Boden getroffen und die bewundernde Menschheit mit einer neuen Klasse von physikalischen Ph\u00e4nomenen versorgt, die lautstark die Existenz einer anderen materiellen Welt intelligenter Wesen verk\u00fcnden. Bitte nehmen Sie dieses Werk als Zeichen der Dankbarkeit und Sympathie aus dem ehrlichen Herzen eines Deutschen an\". Friedrich Z\u00f6llner: Astronom, Physiker, Professor, Wissenschaftler, Forscher, Pionier der Theorie der vierten Dimension im Universum. Er ist ein weiteres Beispiel daf\u00fcr, wie Wissenschaft und Spiritualit\u00e4t Hand in Hand gehen k\u00f6nnen.<\/p>\n\n\n\n<p class=\"has-black-color has-text-color has-link-color has-small-font-size wp-elements-2e19170e75c044056aedbcb07aa3198f\">Er war ein Wissenschaftler, der \u00fcber die Grenzen irdischer Laboratorien hinausging, um die philosophischen H\u00f6hen der Wissenschaft selbst zu erreichen, und so zu einem J\u00e4ger von Wahrheiten wurde, Wahrheiten, die die unsterblichen Tr\u00e4ume der Menschheit n\u00e4hren.<\/p>\n<\/div><\/div>\n\n\n\n<div class=\"wp-block-uagb-container uagb-block-a501e672 alignfull uagb-is-root-container\"><div class=\"uagb-container-inner-blocks-wrap\"><\/div><\/div>\n\n\n\n<div class=\"wp-block-uagb-container uagb-block-3b75b265 alignfull uagb-is-root-container\"><div class=\"uagb-container-inner-blocks-wrap\"><\/div><\/div>","protected":false},"excerpt":{"rendered":"<p>Johann Karl Friedrich Z\u00f6llner Friedrich Z\u00f6llner, como era m\u00e1s conocido, fue un famoso astrof\u00edsico y profesor de la Universidad de Leipzig, Alemania. Naci\u00f3 en Berl\u00edn el 8 de noviembre de 1834 y muri\u00f3 prematuramente en Leipzig (Alemania) el 25 de abril de 1882, a la edad de 48 a\u00f1os. Dej\u00f3 tras de s\u00ed numerosos trabajos [&hellip;]<\/p>","protected":false},"author":1,"featured_media":0,"parent":0,"menu_order":0,"comment_status":"closed","ping_status":"closed","template":"","meta":{"_uag_custom_page_level_css":"","site-sidebar-layout":"default","site-content-layout":"","ast-site-content-layout":"default","site-content-style":"default","site-sidebar-style":"default","ast-global-header-display":"","ast-banner-title-visibility":"","ast-main-header-display":"","ast-hfb-above-header-display":"","ast-hfb-below-header-display":"","ast-hfb-mobile-header-display":"","site-post-title":"disabled","ast-breadcrumbs-content":"","ast-featured-img":"","footer-sml-layout":"","theme-transparent-header-meta":"","adv-header-id-meta":"","stick-header-meta":"","header-above-stick-meta":"","header-main-stick-meta":"","header-below-stick-meta":"","astra-migrate-meta-layouts":"set","ast-page-background-enabled":"default","ast-page-background-meta":{"desktop":{"background-color":"var(--ast-global-color-4)","background-image":"","background-repeat":"repeat","background-position":"center center","background-size":"auto","background-attachment":"scroll","background-type":"","background-media":"","overlay-type":"","overlay-color":"","overlay-opacity":"","overlay-gradient":""},"tablet":{"background-color":"","background-image":"","background-repeat":"repeat","background-position":"center center","background-size":"auto","background-attachment":"scroll","background-type":"","background-media":"","overlay-type":"","overlay-color":"","overlay-opacity":"","overlay-gradient":""},"mobile":{"background-color":"","background-image":"","background-repeat":"repeat","background-position":"center center","background-size":"auto","background-attachment":"scroll","background-type":"","background-media":"","overlay-type":"","overlay-color":"","overlay-opacity":"","overlay-gradient":""}},"ast-content-background-meta":{"desktop":{"background-color":"var(--ast-global-color-5)","background-image":"","background-repeat":"repeat","background-position":"center center","background-size":"auto","background-attachment":"scroll","background-type":"","background-media":"","overlay-type":"","overlay-color":"","overlay-opacity":"","overlay-gradient":""},"tablet":{"background-color":"var(--ast-global-color-5)","background-image":"","background-repeat":"repeat","background-position":"center center","background-size":"auto","background-attachment":"scroll","background-type":"","background-media":"","overlay-type":"","overlay-color":"","overlay-opacity":"","overlay-gradient":""},"mobile":{"background-color":"var(--ast-global-color-5)","background-image":"","background-repeat":"repeat","background-position":"center center","background-size":"auto","background-attachment":"scroll","background-type":"","background-media":"","overlay-type":"","overlay-color":"","overlay-opacity":"","overlay-gradient":""}},"footnotes":""},"class_list":["post-8198","page","type-page","status-publish","hentry"],"yoast_head":"<!-- This site is optimized with the Yoast SEO Premium plugin v24.2 (Yoast SEO v24.6) - https:\/\/yoast.com\/wordpress\/plugins\/seo\/ -->\n<title>Johann Karl Friedrich Z\u00f6llner - Uni\u00f3n Esp\u00edrita<\/title>\n<meta name=\"robots\" content=\"index, follow, max-snippet:-1, max-image-preview:large, max-video-preview:-1\" \/>\n<link rel=\"canonical\" href=\"https:\/\/nuevo-renacer.com\/de\/johann-karl-friedrich-zollner\/\" \/>\n<meta property=\"og:locale\" content=\"de_DE\" \/>\n<meta property=\"og:type\" content=\"article\" \/>\n<meta property=\"og:title\" content=\"Johann Karl Friedrich Z\u00f6llner\" \/>\n<meta property=\"og:description\" content=\"Johann Karl Friedrich Z\u00f6llner Friedrich Z\u00f6llner, como era m\u00e1s conocido, fue un famoso astrof\u00edsico y profesor de la Universidad de Leipzig, Alemania. Naci\u00f3 en Berl\u00edn el 8 de noviembre de 1834 y muri\u00f3 prematuramente en Leipzig (Alemania) el 25 de abril de 1882, a la edad de 48 a\u00f1os. Dej\u00f3 tras de s\u00ed numerosos trabajos [&hellip;]\" \/>\n<meta property=\"og:url\" content=\"https:\/\/nuevo-renacer.com\/de\/johann-karl-friedrich-zollner\/\" \/>\n<meta property=\"og:site_name\" content=\"Uni\u00f3n Esp\u00edrita\" \/>\n<meta property=\"article:publisher\" content=\"https:\/\/www.facebook.com\/groups\/3431398063740829\" \/>\n<meta property=\"article:modified_time\" content=\"2025-05-23T11:09:46+00:00\" \/>\n<meta property=\"og:image\" content=\"https:\/\/nuevo-renacer.com\/wp-content\/uploads\/2025\/05\/portrait.jpg\" \/>\n\t<meta property=\"og:image:width\" content=\"177\" \/>\n\t<meta property=\"og:image:height\" content=\"236\" \/>\n\t<meta property=\"og:image:type\" content=\"image\/jpeg\" \/>\n<meta name=\"twitter:card\" content=\"summary_large_image\" \/>\n<meta name=\"twitter:label1\" content=\"Gesch\u00e4tzte Lesezeit\" \/>\n\t<meta name=\"twitter:data1\" content=\"6\u00a0Minuten\" \/>\n<script type=\"application\/ld+json\" class=\"yoast-schema-graph\">{\"@context\":\"https:\/\/schema.org\",\"@graph\":[{\"@type\":\"WebPage\",\"@id\":\"https:\/\/nuevo-renacer.com\/johann-karl-friedrich-zollner\/\",\"url\":\"https:\/\/nuevo-renacer.com\/johann-karl-friedrich-zollner\/\",\"name\":\"Johann Karl Friedrich Z\u00f6llner - Uni\u00f3n Esp\u00edrita\",\"isPartOf\":{\"@id\":\"https:\/\/nuevo-renacer.com\/#website\"},\"primaryImageOfPage\":{\"@id\":\"https:\/\/nuevo-renacer.com\/johann-karl-friedrich-zollner\/#primaryimage\"},\"image\":{\"@id\":\"https:\/\/nuevo-renacer.com\/johann-karl-friedrich-zollner\/#primaryimage\"},\"thumbnailUrl\":\"https:\/\/nuevo-renacer.com\/wp-content\/uploads\/2025\/05\/portrait.jpg\",\"datePublished\":\"2025-05-23T11:09:43+00:00\",\"dateModified\":\"2025-05-23T11:09:46+00:00\",\"breadcrumb\":{\"@id\":\"https:\/\/nuevo-renacer.com\/johann-karl-friedrich-zollner\/#breadcrumb\"},\"inLanguage\":\"de\",\"potentialAction\":[{\"@type\":\"ReadAction\",\"target\":[\"https:\/\/nuevo-renacer.com\/johann-karl-friedrich-zollner\/\"]}]},{\"@type\":\"ImageObject\",\"inLanguage\":\"de\",\"@id\":\"https:\/\/nuevo-renacer.com\/johann-karl-friedrich-zollner\/#primaryimage\",\"url\":\"https:\/\/nuevo-renacer.com\/wp-content\/uploads\/2025\/05\/portrait.jpg\",\"contentUrl\":\"https:\/\/nuevo-renacer.com\/wp-content\/uploads\/2025\/05\/portrait.jpg\"},{\"@type\":\"BreadcrumbList\",\"@id\":\"https:\/\/nuevo-renacer.com\/johann-karl-friedrich-zollner\/#breadcrumb\",\"itemListElement\":[{\"@type\":\"ListItem\",\"position\":1,\"name\":\"Startseite\",\"item\":\"https:\/\/nuevo-renacer.com\/\"},{\"@type\":\"ListItem\",\"position\":2,\"name\":\"Johann Karl Friedrich Z\u00f6llner\"}]},{\"@type\":\"WebSite\",\"@id\":\"https:\/\/nuevo-renacer.com\/#website\",\"url\":\"https:\/\/nuevo-renacer.com\/\",\"name\":\"Uni\u00f3n Esp\u00edrita\",\"description\":\"Nuevo Renacer\",\"publisher\":{\"@id\":\"https:\/\/nuevo-renacer.com\/#organization\"},\"potentialAction\":[{\"@type\":\"SearchAction\",\"target\":{\"@type\":\"EntryPoint\",\"urlTemplate\":\"https:\/\/nuevo-renacer.com\/?s={search_term_string}\"},\"query-input\":{\"@type\":\"PropertyValueSpecification\",\"valueRequired\":true,\"valueName\":\"search_term_string\"}}],\"inLanguage\":\"de\"},{\"@type\":\"Organization\",\"@id\":\"https:\/\/nuevo-renacer.com\/#organization\",\"name\":\"UFEC\",\"url\":\"https:\/\/nuevo-renacer.com\/\",\"logo\":{\"@type\":\"ImageObject\",\"inLanguage\":\"de\",\"@id\":\"https:\/\/nuevo-renacer.com\/#\/schema\/logo\/image\/\",\"url\":\"https:\/\/nuevo-renacer.com\/wp-content\/uploads\/2024\/05\/cropped-LOGO-TERMINADO1-3-3.png\",\"contentUrl\":\"https:\/\/nuevo-renacer.com\/wp-content\/uploads\/2024\/05\/cropped-LOGO-TERMINADO1-3-3.png\",\"width\":512,\"height\":512,\"caption\":\"UFEC\"},\"image\":{\"@id\":\"https:\/\/nuevo-renacer.com\/#\/schema\/logo\/image\/\"},\"sameAs\":[\"https:\/\/www.facebook.com\/groups\/3431398063740829\"]}]}<\/script>\n<!-- \/ Yoast SEO Premium plugin. -->","yoast_head_json":{"title":"Johann Karl Friedrich Z\u00f6llner - Uni\u00f3n Esp\u00edrita","robots":{"index":"index","follow":"follow","max-snippet":"max-snippet:-1","max-image-preview":"max-image-preview:large","max-video-preview":"max-video-preview:-1"},"canonical":"https:\/\/nuevo-renacer.com\/de\/johann-karl-friedrich-zollner\/","og_locale":"de_DE","og_type":"article","og_title":"Johann Karl Friedrich Z\u00f6llner","og_description":"Johann Karl Friedrich Z\u00f6llner Friedrich Z\u00f6llner, como era m\u00e1s conocido, fue un famoso astrof\u00edsico y profesor de la Universidad de Leipzig, Alemania. Naci\u00f3 en Berl\u00edn el 8 de noviembre de 1834 y muri\u00f3 prematuramente en Leipzig (Alemania) el 25 de abril de 1882, a la edad de 48 a\u00f1os. Dej\u00f3 tras de s\u00ed numerosos trabajos [&hellip;]","og_url":"https:\/\/nuevo-renacer.com\/de\/johann-karl-friedrich-zollner\/","og_site_name":"Uni\u00f3n Esp\u00edrita","article_publisher":"https:\/\/www.facebook.com\/groups\/3431398063740829","article_modified_time":"2025-05-23T11:09:46+00:00","og_image":[{"width":177,"height":236,"url":"https:\/\/nuevo-renacer.com\/wp-content\/uploads\/2025\/05\/portrait.jpg","type":"image\/jpeg"}],"twitter_card":"summary_large_image","twitter_misc":{"Gesch\u00e4tzte Lesezeit":"6\u00a0Minuten"},"schema":{"@context":"https:\/\/schema.org","@graph":[{"@type":"WebPage","@id":"https:\/\/nuevo-renacer.com\/johann-karl-friedrich-zollner\/","url":"https:\/\/nuevo-renacer.com\/johann-karl-friedrich-zollner\/","name":"Johann Karl Friedrich Z\u00f6llner - Uni\u00f3n Esp\u00edrita","isPartOf":{"@id":"https:\/\/nuevo-renacer.com\/#website"},"primaryImageOfPage":{"@id":"https:\/\/nuevo-renacer.com\/johann-karl-friedrich-zollner\/#primaryimage"},"image":{"@id":"https:\/\/nuevo-renacer.com\/johann-karl-friedrich-zollner\/#primaryimage"},"thumbnailUrl":"https:\/\/nuevo-renacer.com\/wp-content\/uploads\/2025\/05\/portrait.jpg","datePublished":"2025-05-23T11:09:43+00:00","dateModified":"2025-05-23T11:09:46+00:00","breadcrumb":{"@id":"https:\/\/nuevo-renacer.com\/johann-karl-friedrich-zollner\/#breadcrumb"},"inLanguage":"de","potentialAction":[{"@type":"ReadAction","target":["https:\/\/nuevo-renacer.com\/johann-karl-friedrich-zollner\/"]}]},{"@type":"ImageObject","inLanguage":"de","@id":"https:\/\/nuevo-renacer.com\/johann-karl-friedrich-zollner\/#primaryimage","url":"https:\/\/nuevo-renacer.com\/wp-content\/uploads\/2025\/05\/portrait.jpg","contentUrl":"https:\/\/nuevo-renacer.com\/wp-content\/uploads\/2025\/05\/portrait.jpg"},{"@type":"BreadcrumbList","@id":"https:\/\/nuevo-renacer.com\/johann-karl-friedrich-zollner\/#breadcrumb","itemListElement":[{"@type":"ListItem","position":1,"name":"Startseite","item":"https:\/\/nuevo-renacer.com\/"},{"@type":"ListItem","position":2,"name":"Johann Karl Friedrich Z\u00f6llner"}]},{"@type":"WebSite","@id":"https:\/\/nuevo-renacer.com\/#website","url":"https:\/\/nuevo-renacer.com\/","name":"Uni\u00f3n Esp\u00edrita","description":"Nuevo Renacer","publisher":{"@id":"https:\/\/nuevo-renacer.com\/#organization"},"potentialAction":[{"@type":"SearchAction","target":{"@type":"EntryPoint","urlTemplate":"https:\/\/nuevo-renacer.com\/?s={search_term_string}"},"query-input":{"@type":"PropertyValueSpecification","valueRequired":true,"valueName":"search_term_string"}}],"inLanguage":"de"},{"@type":"Organization","@id":"https:\/\/nuevo-renacer.com\/#organization","name":"UFEC","url":"https:\/\/nuevo-renacer.com\/","logo":{"@type":"ImageObject","inLanguage":"de","@id":"https:\/\/nuevo-renacer.com\/#\/schema\/logo\/image\/","url":"https:\/\/nuevo-renacer.com\/wp-content\/uploads\/2024\/05\/cropped-LOGO-TERMINADO1-3-3.png","contentUrl":"https:\/\/nuevo-renacer.com\/wp-content\/uploads\/2024\/05\/cropped-LOGO-TERMINADO1-3-3.png","width":512,"height":512,"caption":"UFEC"},"image":{"@id":"https:\/\/nuevo-renacer.com\/#\/schema\/logo\/image\/"},"sameAs":["https:\/\/www.facebook.com\/groups\/3431398063740829"]}]}},"uagb_featured_image_src":{"full":false,"thumbnail":false,"medium":false,"medium_large":false,"large":false,"1536x1536":false,"2048x2048":false,"trp-custom-language-flag":false},"uagb_author_info":{"display_name":"adbv0","author_link":"https:\/\/nuevo-renacer.com\/de\/author\/adbv0\/"},"uagb_comment_info":0,"uagb_excerpt":"Johann Karl Friedrich Z\u00f6llner Friedrich Z\u00f6llner, como era m\u00e1s conocido, fue un famoso astrof\u00edsico y profesor de la Universidad de Leipzig, Alemania. Naci\u00f3 en Berl\u00edn el 8 de noviembre de 1834 y muri\u00f3 prematuramente en Leipzig (Alemania) el 25 de abril de 1882, a la edad de 48 a\u00f1os. Dej\u00f3 tras de s\u00ed numerosos trabajos&hellip;","jetpack_sharing_enabled":true,"_links":{"self":[{"href":"https:\/\/nuevo-renacer.com\/de\/wp-json\/wp\/v2\/pages\/8198","targetHints":{"allow":["GET"]}}],"collection":[{"href":"https:\/\/nuevo-renacer.com\/de\/wp-json\/wp\/v2\/pages"}],"about":[{"href":"https:\/\/nuevo-renacer.com\/de\/wp-json\/wp\/v2\/types\/page"}],"author":[{"embeddable":true,"href":"https:\/\/nuevo-renacer.com\/de\/wp-json\/wp\/v2\/users\/1"}],"replies":[{"embeddable":true,"href":"https:\/\/nuevo-renacer.com\/de\/wp-json\/wp\/v2\/comments?post=8198"}],"version-history":[{"count":1,"href":"https:\/\/nuevo-renacer.com\/de\/wp-json\/wp\/v2\/pages\/8198\/revisions"}],"predecessor-version":[{"id":8200,"href":"https:\/\/nuevo-renacer.com\/de\/wp-json\/wp\/v2\/pages\/8198\/revisions\/8200"}],"wp:attachment":[{"href":"https:\/\/nuevo-renacer.com\/de\/wp-json\/wp\/v2\/media?parent=8198"}],"curies":[{"name":"wp","href":"https:\/\/api.w.org\/{rel}","templated":true}]}}