{"id":8144,"date":"2025-05-22T09:36:33","date_gmt":"2025-05-22T09:36:33","guid":{"rendered":"https:\/\/nuevo-renacer.com\/?page_id=8144"},"modified":"2025-05-22T09:36:36","modified_gmt":"2025-05-22T09:36:36","slug":"felicite-robert-de-lamennais","status":"publish","type":"page","link":"https:\/\/nuevo-renacer.com\/de\/felicite-robert-de-lamennais\/","title":{"rendered":"F\u00e9licit\u00e9 Robert de Lamennais"},"content":{"rendered":"<div class=\"wp-block-uagb-container uagb-block-b83ae4df alignfull uagb-is-root-container\"><div class=\"uagb-container-inner-blocks-wrap\">\n<p class=\"has-black-color has-text-color has-link-color has-medium-font-size wp-elements-541fb7c9b2bd4c30a9688cb3c352f7c2\"><strong>F\u00e9licit\u00e9 Robert de Lamennais<\/strong><\/p>\n<\/div><\/div>\n\n\n\n<div class=\"wp-block-uagb-container uagb-block-7d06035b alignfull uagb-is-root-container\"><div class=\"uagb-container-inner-blocks-wrap\">\n<figure class=\"wp-block-image size-full is-resized\"><img fetchpriority=\"high\" decoding=\"async\" width=\"304\" height=\"391\" src=\"https:\/\/nuevo-renacer.com\/wp-content\/uploads\/2025\/05\/1004874-Felicite_de_La_Mennais.jpg\" alt=\"\" class=\"wp-image-8145\" style=\"width:284px;height:auto\" srcset=\"https:\/\/nuevo-renacer.com\/wp-content\/uploads\/2025\/05\/1004874-Felicite_de_La_Mennais.jpg 304w, https:\/\/nuevo-renacer.com\/wp-content\/uploads\/2025\/05\/1004874-Felicite_de_La_Mennais-233x300.jpg 233w, https:\/\/nuevo-renacer.com\/wp-content\/uploads\/2025\/05\/1004874-Felicite_de_La_Mennais-9x12.jpg 9w\" sizes=\"(max-width: 304px) 100vw, 304px\" \/><\/figure>\n<\/div><\/div>\n\n\n\n<div class=\"wp-block-uagb-container uagb-block-a34f8285 alignfull uagb-is-root-container\"><div class=\"uagb-container-inner-blocks-wrap\">\n<p class=\"has-black-color has-text-color has-link-color has-small-font-size wp-elements-9a0a0b3a03f0b96032451f7436fe85d2\">Der am 19. Juni 1782 in Saint-Malo (Frankreich) in einer b\u00fcrgerlichen Familie geborene brillante Schriftsteller wurde zu einer einflussreichen und umstrittenen Figur in der Geschichte der franz\u00f6sischen Kirche.<\/p>\n\n\n\n<p class=\"has-black-color has-text-color has-link-color has-small-font-size wp-elements-4b51fed963925b7986d36fdbd83ca4a0\">Zusammen mit seinem Bruder Jean entwickelte er die Idee, den r\u00f6mischen Katholizismus als Schl\u00fcssel zur sozialen Erneuerung wiederzubeleben. In ihrem Werk Reflexionen \u00fcber den Zustand der Kirche... aus dem Jahr 1808 skizzierten sie sogar ein Reformprogramm.<\/p>\n\n\n\n<p class=\"has-black-color has-text-color has-link-color has-small-font-size wp-elements-838d8b10412daa555d7fe339d22758a6\">F\u00fcnf Jahre sp\u00e4ter, inmitten des Konflikts zwischen Napoleon und dem Papsttum, verfassten die Br\u00fcder eine Verteidigung des Ultramontanismus (die Lehre und Politik der franz\u00f6sischen Katholiken, die von der r\u00f6mischen Kurie inspiriert waren und die absolute Autorit\u00e4t des Papstes in Glaubens- und Disziplinarfragen verteidigten). Dieses Buch brachte Lamennais in Konflikt mit dem Kaiser und veranlasste ihn, 1815 schnell nach England zu fliehen.<\/p>\n\n\n\n<p class=\"has-black-color has-text-color has-link-color has-small-font-size wp-elements-1213fa057a9102cd0f9dc0c99f09754d\">Ein Jahr sp\u00e4ter, im Alter von 34 Jahren, kehrte Lamennais nach Paris zur\u00fcck und wurde zum Priester geweiht. Als gewandter Schriftsteller, Politiker und Philosoph versuchte er nach der Franz\u00f6sischen Revolution, die liberale Politik mit dem r\u00f6mischen Katholizismus zu verbinden. So ver\u00f6ffentlichte er bereits 1817 die Essays on Indifference in Matters of Religion Considered in Relation to Political and Civil Order sowie eine \u00dcbersetzung von The Imitation of Jesus Christ. Die Essays brachten ihm sofortigen Ruhm ein.<\/p>\n\n\n\n<p class=\"has-black-color has-text-color has-link-color has-small-font-size wp-elements-b4ccf8660d6c3f62ece758483f039b84\">Darin verteidigte Lamennais die Notwendigkeit der Religion, wobei er sich auf die Autorit\u00e4t der Tradition und die allgemeine Vernunft der Menschen st\u00fctzte und nicht auf den Individualismus des privaten Urteils. Obwohl er im religi\u00f6sen Bereich den Ultramontanismus vertrat, war er in seinen politischen \u00dcberzeugungen ein Liberaler, der f\u00fcr die Trennung von Staat und Kirche, die Gewissensfreiheit, die Bildung und die Pressefreiheit eintrat.<\/p>\n\n\n\n<p class=\"has-black-color has-text-color has-link-color has-small-font-size wp-elements-0045ef9d4ffd92ad2613bd8919939c8a\">Nach der Julirevolution von 1830 gr\u00fcndete Lamennais zusammen mit Henri Lacordaire (einem weiteren Verfechter der Kodifizierung) und Charles de Montalembert sowie einer begeisterten Gruppe liberaler r\u00f6misch-katholischer Schriftsteller die Zeitung L'Avenir. In dieser Zeitschrift verteidigte Lamennais die demokratischen Grunds\u00e4tze und die Trennung von Kirche und Staat, was zu Problemen sowohl mit der franz\u00f6sischen Kirchenhierarchie als auch mit der Regierung von K\u00f6nig Louis-Philippe f\u00fchrte.<\/p>\n\n\n\n<p class=\"has-black-color has-text-color has-link-color has-small-font-size wp-elements-7f689600289ccb679745ff481e36f49c\">Papst Gregor XVI. wies Lamennais' Ansichten in der Enzyklika Mirari Vos vom August 1831 zur\u00fcck. Daraufhin wandte sich Lamennais dem Papsttum und den europ\u00e4ischen Monarchien zu und verfasste das ber\u00fchmte Gedicht Worte eines Gl\u00e4ubigen, das in der p\u00e4pstlichen Enzyklika Singulari Vos im Juli 1834 verurteilt wurde. Die Folge war der Ausschluss von Lamennais aus der Kirche.<\/p>\n\n\n\n<p class=\"has-black-color has-text-color has-link-color has-small-font-size wp-elements-bd79707eff1f649b91c772c3d1724340\">Unerm\u00fcdlich widmete er sich der Sache des Volkes und stellte seine Feder in den Dienst des Republikanismus und des Sozialismus. Er schreibt Werke wie Das Buch des Volkes (1838), Die Angelegenheiten Roms und Umrisse einer Philosophie. Er wurde zu einer Gef\u00e4ngnisstrafe verurteilt, aber 1848 wurde er in die Nationalversammlung gew\u00e4hlt und 1851 in den Ruhestand versetzt.<\/p>\n\n\n\n<p class=\"has-black-color has-text-color has-link-color has-small-font-size wp-elements-2bb2dfd376972eb8748428d6b30e9fd7\">Als er am 27. Februar 1854 in Paris starb, weil er sich nicht mit der Kirche vers\u00f6hnen wollte, wurde er in einem Armengrab beigesetzt.<\/p>\n\n\n\n<p class=\"has-black-color has-text-color has-link-color has-small-font-size wp-elements-30cc9ec55c2e8ffe2816b766f92b91c7\">In der Geistigen Welt blieb er nicht unt\u00e4tig, und im Buch der Geister finden wir in Frage Nummer 1009 eine Botschaft von ihm, die die Antwort veranschaulicht. Darin offenbart er die Z\u00fcge seines Glaubens, indem er die Menschen auffordert, sich dem Guten Hirten und dem Vater-Sch\u00f6pfer zu n\u00e4hern und den Glauben an die ewige Strafe energisch zu bek\u00e4mpfen.<\/p>\n\n\n\n<p class=\"has-black-color has-text-color has-link-color has-small-font-size wp-elements-78ae39fc6399d5842fba135f967576fb\">In seiner Signaturbotschaft in \"Das Evangelium im Lichte des Spiritismus\", Kapitel XI, Punkt 15, offenbart er sich als barmherziges Wesen, das die Gesch\u00f6pfe dazu aufruft, der Stimme des Herzens zu gehorchen, und das, wenn n\u00f6tig, sein Leben f\u00fcr das Leben eines \u00dcbelt\u00e4ters opfert.<\/p>\n<\/div><\/div>\n\n\n\n<div class=\"wp-block-uagb-container uagb-block-35db39d6 alignfull uagb-is-root-container\"><div class=\"uagb-container-inner-blocks-wrap\"><\/div><\/div>\n\n\n\n<div class=\"wp-block-uagb-container uagb-block-9ce60d91 alignfull uagb-is-root-container\"><div class=\"uagb-container-inner-blocks-wrap\"><\/div><\/div>","protected":false},"excerpt":{"rendered":"<p>F\u00e9licit\u00e9 Robert de Lamennais Nacido en el seno de una familia burguesa el 19 de junio de 1782 en Saint-Malo (Francia), fue un brillante escritor que se convirti\u00f3 en una figura influyente y controvertida en la historia de la Iglesia francesa. Junto con su hermano Jean, concibi\u00f3 la idea de revitalizar el catolicismo romano como [&hellip;]<\/p>","protected":false},"author":1,"featured_media":0,"parent":0,"menu_order":0,"comment_status":"closed","ping_status":"closed","template":"","meta":{"_uag_custom_page_level_css":"","site-sidebar-layout":"default","site-content-layout":"","ast-site-content-layout":"default","site-content-style":"default","site-sidebar-style":"default","ast-global-header-display":"","ast-banner-title-visibility":"","ast-main-header-display":"","ast-hfb-above-header-display":"","ast-hfb-below-header-display":"","ast-hfb-mobile-header-display":"","site-post-title":"disabled","ast-breadcrumbs-content":"","ast-featured-img":"","footer-sml-layout":"","theme-transparent-header-meta":"","adv-header-id-meta":"","stick-header-meta":"","header-above-stick-meta":"","header-main-stick-meta":"","header-below-stick-meta":"","astra-migrate-meta-layouts":"set","ast-page-background-enabled":"default","ast-page-background-meta":{"desktop":{"background-color":"var(--ast-global-color-4)","background-image":"","background-repeat":"repeat","background-position":"center center","background-size":"auto","background-attachment":"scroll","background-type":"","background-media":"","overlay-type":"","overlay-color":"","overlay-opacity":"","overlay-gradient":""},"tablet":{"background-color":"","background-image":"","background-repeat":"repeat","background-position":"center center","background-size":"auto","background-attachment":"scroll","background-type":"","background-media":"","overlay-type":"","overlay-color":"","overlay-opacity":"","overlay-gradient":""},"mobile":{"background-color":"","background-image":"","background-repeat":"repeat","background-position":"center center","background-size":"auto","background-attachment":"scroll","background-type":"","background-media":"","overlay-type":"","overlay-color":"","overlay-opacity":"","overlay-gradient":""}},"ast-content-background-meta":{"desktop":{"background-color":"var(--ast-global-color-5)","background-image":"","background-repeat":"repeat","background-position":"center center","background-size":"auto","background-attachment":"scroll","background-type":"","background-media":"","overlay-type":"","overlay-color":"","overlay-opacity":"","overlay-gradient":""},"tablet":{"background-color":"var(--ast-global-color-5)","background-image":"","background-repeat":"repeat","background-position":"center center","background-size":"auto","background-attachment":"scroll","background-type":"","background-media":"","overlay-type":"","overlay-color":"","overlay-opacity":"","overlay-gradient":""},"mobile":{"background-color":"var(--ast-global-color-5)","background-image":"","background-repeat":"repeat","background-position":"center center","background-size":"auto","background-attachment":"scroll","background-type":"","background-media":"","overlay-type":"","overlay-color":"","overlay-opacity":"","overlay-gradient":""}},"footnotes":""},"class_list":["post-8144","page","type-page","status-publish","hentry"],"yoast_head":"<!-- This site is optimized with the Yoast SEO Premium plugin v24.2 (Yoast SEO v24.6) - https:\/\/yoast.com\/wordpress\/plugins\/seo\/ -->\n<title>F\u00e9licit\u00e9 Robert de Lamennais - Uni\u00f3n Esp\u00edrita<\/title>\n<meta name=\"robots\" content=\"index, follow, max-snippet:-1, max-image-preview:large, max-video-preview:-1\" \/>\n<link rel=\"canonical\" href=\"https:\/\/nuevo-renacer.com\/de\/felicite-robert-de-lamennais\/\" \/>\n<meta property=\"og:locale\" content=\"de_DE\" \/>\n<meta property=\"og:type\" content=\"article\" \/>\n<meta property=\"og:title\" content=\"F\u00e9licit\u00e9 Robert de Lamennais\" \/>\n<meta property=\"og:description\" content=\"F\u00e9licit\u00e9 Robert de Lamennais Nacido en el seno de una familia burguesa el 19 de junio de 1782 en Saint-Malo (Francia), fue un brillante escritor que se convirti\u00f3 en una figura influyente y controvertida en la historia de la Iglesia francesa. Junto con su hermano Jean, concibi\u00f3 la idea de revitalizar el catolicismo romano como [&hellip;]\" \/>\n<meta property=\"og:url\" content=\"https:\/\/nuevo-renacer.com\/de\/felicite-robert-de-lamennais\/\" \/>\n<meta property=\"og:site_name\" content=\"Uni\u00f3n Esp\u00edrita\" \/>\n<meta property=\"article:publisher\" content=\"https:\/\/www.facebook.com\/groups\/3431398063740829\" \/>\n<meta property=\"article:modified_time\" content=\"2025-05-22T09:36:36+00:00\" \/>\n<meta property=\"og:image\" content=\"https:\/\/nuevo-renacer.com\/wp-content\/uploads\/2025\/05\/1004874-Felicite_de_La_Mennais.jpg\" \/>\n\t<meta property=\"og:image:width\" content=\"304\" \/>\n\t<meta property=\"og:image:height\" content=\"391\" \/>\n\t<meta property=\"og:image:type\" content=\"image\/jpeg\" \/>\n<meta name=\"twitter:card\" content=\"summary_large_image\" \/>\n<meta name=\"twitter:label1\" content=\"Gesch\u00e4tzte Lesezeit\" \/>\n\t<meta name=\"twitter:data1\" content=\"4\u00a0Minuten\" \/>\n<script type=\"application\/ld+json\" class=\"yoast-schema-graph\">{\"@context\":\"https:\/\/schema.org\",\"@graph\":[{\"@type\":\"WebPage\",\"@id\":\"https:\/\/nuevo-renacer.com\/felicite-robert-de-lamennais\/\",\"url\":\"https:\/\/nuevo-renacer.com\/felicite-robert-de-lamennais\/\",\"name\":\"F\u00e9licit\u00e9 Robert de Lamennais - Uni\u00f3n Esp\u00edrita\",\"isPartOf\":{\"@id\":\"https:\/\/nuevo-renacer.com\/#website\"},\"primaryImageOfPage\":{\"@id\":\"https:\/\/nuevo-renacer.com\/felicite-robert-de-lamennais\/#primaryimage\"},\"image\":{\"@id\":\"https:\/\/nuevo-renacer.com\/felicite-robert-de-lamennais\/#primaryimage\"},\"thumbnailUrl\":\"https:\/\/nuevo-renacer.com\/wp-content\/uploads\/2025\/05\/1004874-Felicite_de_La_Mennais.jpg\",\"datePublished\":\"2025-05-22T09:36:33+00:00\",\"dateModified\":\"2025-05-22T09:36:36+00:00\",\"breadcrumb\":{\"@id\":\"https:\/\/nuevo-renacer.com\/felicite-robert-de-lamennais\/#breadcrumb\"},\"inLanguage\":\"de\",\"potentialAction\":[{\"@type\":\"ReadAction\",\"target\":[\"https:\/\/nuevo-renacer.com\/felicite-robert-de-lamennais\/\"]}]},{\"@type\":\"ImageObject\",\"inLanguage\":\"de\",\"@id\":\"https:\/\/nuevo-renacer.com\/felicite-robert-de-lamennais\/#primaryimage\",\"url\":\"https:\/\/nuevo-renacer.com\/wp-content\/uploads\/2025\/05\/1004874-Felicite_de_La_Mennais.jpg\",\"contentUrl\":\"https:\/\/nuevo-renacer.com\/wp-content\/uploads\/2025\/05\/1004874-Felicite_de_La_Mennais.jpg\"},{\"@type\":\"BreadcrumbList\",\"@id\":\"https:\/\/nuevo-renacer.com\/felicite-robert-de-lamennais\/#breadcrumb\",\"itemListElement\":[{\"@type\":\"ListItem\",\"position\":1,\"name\":\"Startseite\",\"item\":\"https:\/\/nuevo-renacer.com\/\"},{\"@type\":\"ListItem\",\"position\":2,\"name\":\"F\u00e9licit\u00e9 Robert de Lamennais\"}]},{\"@type\":\"WebSite\",\"@id\":\"https:\/\/nuevo-renacer.com\/#website\",\"url\":\"https:\/\/nuevo-renacer.com\/\",\"name\":\"Uni\u00f3n Esp\u00edrita\",\"description\":\"Nuevo Renacer\",\"publisher\":{\"@id\":\"https:\/\/nuevo-renacer.com\/#organization\"},\"potentialAction\":[{\"@type\":\"SearchAction\",\"target\":{\"@type\":\"EntryPoint\",\"urlTemplate\":\"https:\/\/nuevo-renacer.com\/?s={search_term_string}\"},\"query-input\":{\"@type\":\"PropertyValueSpecification\",\"valueRequired\":true,\"valueName\":\"search_term_string\"}}],\"inLanguage\":\"de\"},{\"@type\":\"Organization\",\"@id\":\"https:\/\/nuevo-renacer.com\/#organization\",\"name\":\"UFEC\",\"url\":\"https:\/\/nuevo-renacer.com\/\",\"logo\":{\"@type\":\"ImageObject\",\"inLanguage\":\"de\",\"@id\":\"https:\/\/nuevo-renacer.com\/#\/schema\/logo\/image\/\",\"url\":\"https:\/\/nuevo-renacer.com\/wp-content\/uploads\/2024\/05\/cropped-LOGO-TERMINADO1-3-3.png\",\"contentUrl\":\"https:\/\/nuevo-renacer.com\/wp-content\/uploads\/2024\/05\/cropped-LOGO-TERMINADO1-3-3.png\",\"width\":512,\"height\":512,\"caption\":\"UFEC\"},\"image\":{\"@id\":\"https:\/\/nuevo-renacer.com\/#\/schema\/logo\/image\/\"},\"sameAs\":[\"https:\/\/www.facebook.com\/groups\/3431398063740829\"]}]}<\/script>\n<!-- \/ Yoast SEO Premium plugin. -->","yoast_head_json":{"title":"F\u00e9licit\u00e9 Robert de Lamennais - Uni\u00f3n Esp\u00edrita","robots":{"index":"index","follow":"follow","max-snippet":"max-snippet:-1","max-image-preview":"max-image-preview:large","max-video-preview":"max-video-preview:-1"},"canonical":"https:\/\/nuevo-renacer.com\/de\/felicite-robert-de-lamennais\/","og_locale":"de_DE","og_type":"article","og_title":"F\u00e9licit\u00e9 Robert de Lamennais","og_description":"F\u00e9licit\u00e9 Robert de Lamennais Nacido en el seno de una familia burguesa el 19 de junio de 1782 en Saint-Malo (Francia), fue un brillante escritor que se convirti\u00f3 en una figura influyente y controvertida en la historia de la Iglesia francesa. Junto con su hermano Jean, concibi\u00f3 la idea de revitalizar el catolicismo romano como [&hellip;]","og_url":"https:\/\/nuevo-renacer.com\/de\/felicite-robert-de-lamennais\/","og_site_name":"Uni\u00f3n Esp\u00edrita","article_publisher":"https:\/\/www.facebook.com\/groups\/3431398063740829","article_modified_time":"2025-05-22T09:36:36+00:00","og_image":[{"width":304,"height":391,"url":"https:\/\/nuevo-renacer.com\/wp-content\/uploads\/2025\/05\/1004874-Felicite_de_La_Mennais.jpg","type":"image\/jpeg"}],"twitter_card":"summary_large_image","twitter_misc":{"Gesch\u00e4tzte Lesezeit":"4\u00a0Minuten"},"schema":{"@context":"https:\/\/schema.org","@graph":[{"@type":"WebPage","@id":"https:\/\/nuevo-renacer.com\/felicite-robert-de-lamennais\/","url":"https:\/\/nuevo-renacer.com\/felicite-robert-de-lamennais\/","name":"F\u00e9licit\u00e9 Robert de Lamennais - Uni\u00f3n Esp\u00edrita","isPartOf":{"@id":"https:\/\/nuevo-renacer.com\/#website"},"primaryImageOfPage":{"@id":"https:\/\/nuevo-renacer.com\/felicite-robert-de-lamennais\/#primaryimage"},"image":{"@id":"https:\/\/nuevo-renacer.com\/felicite-robert-de-lamennais\/#primaryimage"},"thumbnailUrl":"https:\/\/nuevo-renacer.com\/wp-content\/uploads\/2025\/05\/1004874-Felicite_de_La_Mennais.jpg","datePublished":"2025-05-22T09:36:33+00:00","dateModified":"2025-05-22T09:36:36+00:00","breadcrumb":{"@id":"https:\/\/nuevo-renacer.com\/felicite-robert-de-lamennais\/#breadcrumb"},"inLanguage":"de","potentialAction":[{"@type":"ReadAction","target":["https:\/\/nuevo-renacer.com\/felicite-robert-de-lamennais\/"]}]},{"@type":"ImageObject","inLanguage":"de","@id":"https:\/\/nuevo-renacer.com\/felicite-robert-de-lamennais\/#primaryimage","url":"https:\/\/nuevo-renacer.com\/wp-content\/uploads\/2025\/05\/1004874-Felicite_de_La_Mennais.jpg","contentUrl":"https:\/\/nuevo-renacer.com\/wp-content\/uploads\/2025\/05\/1004874-Felicite_de_La_Mennais.jpg"},{"@type":"BreadcrumbList","@id":"https:\/\/nuevo-renacer.com\/felicite-robert-de-lamennais\/#breadcrumb","itemListElement":[{"@type":"ListItem","position":1,"name":"Startseite","item":"https:\/\/nuevo-renacer.com\/"},{"@type":"ListItem","position":2,"name":"F\u00e9licit\u00e9 Robert de Lamennais"}]},{"@type":"WebSite","@id":"https:\/\/nuevo-renacer.com\/#website","url":"https:\/\/nuevo-renacer.com\/","name":"Uni\u00f3n Esp\u00edrita","description":"Nuevo Renacer","publisher":{"@id":"https:\/\/nuevo-renacer.com\/#organization"},"potentialAction":[{"@type":"SearchAction","target":{"@type":"EntryPoint","urlTemplate":"https:\/\/nuevo-renacer.com\/?s={search_term_string}"},"query-input":{"@type":"PropertyValueSpecification","valueRequired":true,"valueName":"search_term_string"}}],"inLanguage":"de"},{"@type":"Organization","@id":"https:\/\/nuevo-renacer.com\/#organization","name":"UFEC","url":"https:\/\/nuevo-renacer.com\/","logo":{"@type":"ImageObject","inLanguage":"de","@id":"https:\/\/nuevo-renacer.com\/#\/schema\/logo\/image\/","url":"https:\/\/nuevo-renacer.com\/wp-content\/uploads\/2024\/05\/cropped-LOGO-TERMINADO1-3-3.png","contentUrl":"https:\/\/nuevo-renacer.com\/wp-content\/uploads\/2024\/05\/cropped-LOGO-TERMINADO1-3-3.png","width":512,"height":512,"caption":"UFEC"},"image":{"@id":"https:\/\/nuevo-renacer.com\/#\/schema\/logo\/image\/"},"sameAs":["https:\/\/www.facebook.com\/groups\/3431398063740829"]}]}},"uagb_featured_image_src":{"full":false,"thumbnail":false,"medium":false,"medium_large":false,"large":false,"1536x1536":false,"2048x2048":false,"trp-custom-language-flag":false},"uagb_author_info":{"display_name":"adbv0","author_link":"https:\/\/nuevo-renacer.com\/de\/author\/adbv0\/"},"uagb_comment_info":0,"uagb_excerpt":"F\u00e9licit\u00e9 Robert de Lamennais Nacido en el seno de una familia burguesa el 19 de junio de 1782 en Saint-Malo (Francia), fue un brillante escritor que se convirti\u00f3 en una figura influyente y controvertida en la historia de la Iglesia francesa. Junto con su hermano Jean, concibi\u00f3 la idea de revitalizar el catolicismo romano como&hellip;","jetpack_sharing_enabled":true,"_links":{"self":[{"href":"https:\/\/nuevo-renacer.com\/de\/wp-json\/wp\/v2\/pages\/8144","targetHints":{"allow":["GET"]}}],"collection":[{"href":"https:\/\/nuevo-renacer.com\/de\/wp-json\/wp\/v2\/pages"}],"about":[{"href":"https:\/\/nuevo-renacer.com\/de\/wp-json\/wp\/v2\/types\/page"}],"author":[{"embeddable":true,"href":"https:\/\/nuevo-renacer.com\/de\/wp-json\/wp\/v2\/users\/1"}],"replies":[{"embeddable":true,"href":"https:\/\/nuevo-renacer.com\/de\/wp-json\/wp\/v2\/comments?post=8144"}],"version-history":[{"count":1,"href":"https:\/\/nuevo-renacer.com\/de\/wp-json\/wp\/v2\/pages\/8144\/revisions"}],"predecessor-version":[{"id":8146,"href":"https:\/\/nuevo-renacer.com\/de\/wp-json\/wp\/v2\/pages\/8144\/revisions\/8146"}],"wp:attachment":[{"href":"https:\/\/nuevo-renacer.com\/de\/wp-json\/wp\/v2\/media?parent=8144"}],"curies":[{"name":"wp","href":"https:\/\/api.w.org\/{rel}","templated":true}]}}