{"id":8138,"date":"2025-05-20T10:46:34","date_gmt":"2025-05-20T10:46:34","guid":{"rendered":"https:\/\/nuevo-renacer.com\/?page_id=8138"},"modified":"2025-05-20T10:46:37","modified_gmt":"2025-05-20T10:46:37","slug":"dominique-francois-jean-arago","status":"publish","type":"page","link":"https:\/\/nuevo-renacer.com\/de\/dominique-francois-jean-arago\/","title":{"rendered":"Dominique Fran\u00e7ois Jean Arago"},"content":{"rendered":"<div class=\"wp-block-uagb-container uagb-block-df50bf9e alignfull uagb-is-root-container\"><div class=\"uagb-container-inner-blocks-wrap\">\n<p class=\"has-black-color has-text-color has-link-color has-medium-font-size wp-elements-bca444d890b7670f2036a7cd71c9a34d\"><strong>Dominique Fran\u00e7ois Jean Arago<\/strong><\/p>\n<\/div><\/div>\n\n\n\n<div class=\"wp-block-uagb-container uagb-block-53a49a0d alignfull uagb-is-root-container\"><div class=\"uagb-container-inner-blocks-wrap\">\n<figure class=\"wp-block-image size-full is-resized\"><img fetchpriority=\"high\" decoding=\"async\" width=\"776\" height=\"985\" src=\"https:\/\/nuevo-renacer.com\/wp-content\/uploads\/2025\/05\/Francois_Arago_par_Ary_Scheffer.jpg\" alt=\"\" class=\"wp-image-8139\" style=\"width:274px;height:auto\" srcset=\"https:\/\/nuevo-renacer.com\/wp-content\/uploads\/2025\/05\/Francois_Arago_par_Ary_Scheffer.jpg 776w, https:\/\/nuevo-renacer.com\/wp-content\/uploads\/2025\/05\/Francois_Arago_par_Ary_Scheffer-236x300.jpg 236w, https:\/\/nuevo-renacer.com\/wp-content\/uploads\/2025\/05\/Francois_Arago_par_Ary_Scheffer-768x975.jpg 768w, https:\/\/nuevo-renacer.com\/wp-content\/uploads\/2025\/05\/Francois_Arago_par_Ary_Scheffer-9x12.jpg 9w\" sizes=\"(max-width: 776px) 100vw, 776px\" \/><\/figure>\n<\/div><\/div>\n\n\n\n<div class=\"wp-block-uagb-container uagb-block-81b275b2 alignfull uagb-is-root-container\"><div class=\"uagb-container-inner-blocks-wrap\">\n<p class=\"has-black-color has-text-color has-link-color has-small-font-size wp-elements-d0bad8e87ffc1a6faee6f16fae376a73\">Seine Botschaft erscheint unter Punkt 8 des Kapitels XVIII des f\u00fcnften Werks der Kodifikation unter der \u00dcberschrift \u201eZeichen der Zeit\u201c. Sie w\u00fcrdigt den Physiker und Astronomen Dominique Fran\u00e7ois Jean Arago, der auch Mathematiker war. Er wurde am 26. Februar 1786 in Estagel (Frankreich), in der N\u00e4he von Perpignan, geboren, wo er seine Studien begann. Sein brillanter Verstand setzte sich bald an der Ecole Polytechnique in Paris fort.<\/p>\n\n\n\n<p class=\"has-black-color has-text-color has-link-color has-small-font-size wp-elements-6c02fd11dbbe94659cd387ea83fceac7\">Im Alter von 19 Jahren wurde er zum Sekret\u00e4r des Pariser Observatoriums (das 1667 von dem Architekten Claude Perrault erbaut wurde und als das \u00e4lteste funktionierende Observatorium der Welt gilt) und sp\u00e4ter zu dessen Direktor ernannt. Mit 23 Jahren wurde er Professor f\u00fcr analytische Geometrie an der Ecole Polytechnique in Paris und widmete sich bis zum Alter von 44 Jahren ausschlie\u00dflich der Wissenschaft. Zusammen mit Biot (Jean-Baptiste, franz\u00f6sischer Physiker und Astronom, geboren in Paris) vollendete er die Messung eines Bogens des Erdmeridians. Er best\u00e4tigte experimentell die Wellentheorie des Lichts. Er entdeckte (1820) das Ph\u00e4nomen des Rotationsmagnetismus und wies den Zusammenhang zwischen den Nordlichtern und den magnetischen Schwankungen nach.<\/p>\n\n\n\n<p class=\"has-black-color has-text-color has-link-color has-small-font-size wp-elements-4e9c9500468238c58ed5786b35c7a24d\">Zusammen mit Fresnel (Augustin-Jean, franz\u00f6sischer Physiker und Ingenieur, geboren in Broglie) entdeckte er die chromatische Polarisation des Lichts, die Rotationspolarisation und die Gesetze der Interferenz von polarisiertem Licht. Sein Gesamtwerk, das 13 B\u00e4nde umfasst, wurde nach seinem Tod zwischen 1854 und 1862 ver\u00f6ffentlicht. Er gilt als gro\u00dfer F\u00f6rderer der Wissenschaft bei der Jugend und als Verfechter von Bildungsreformen, Pressefreiheit und angewandter Wissenschaft.<\/p>\n\n\n\n<p class=\"has-black-color has-text-color has-link-color has-small-font-size wp-elements-b375199e0cda24f0332974056b1a77a5\">Im Jahr 1825 soll ihm die Royal Society of London die Copley-Medaille (Monsieur Geoffrey Copley) verliehen haben, die als h\u00f6chste Auszeichnung der Gesellschaft f\u00fcr wissenschaftliche Entdeckungen oder Arbeiten von gro\u00dfer Bedeutung oder f\u00fcr Beitr\u00e4ge zur Wissenschaft gilt. Er heiratete im Alter von 25 Jahren und wurde dreimal Vater.<\/p>\n\n\n\n<p class=\"has-black-color has-text-color has-link-color has-small-font-size wp-elements-f540d5dfc42d6708fd71ae0750a40610\">Politisch engagierte er sich f\u00fcr die republikanische Sache und bekleidete politische \u00c4mter in der Regierung. Bereits 1830 wurde er zum Abgeordneten f\u00fcr das Departement Pyr\u00e9n\u00e9es-Orientales und sp\u00e4ter f\u00fcr Paris gew\u00e4hlt. In der provisorischen Regierung, die nach der Revolution von 1848 die Macht \u00fcbernahm, war er zun\u00e4chst Marineminister und dann Kriegsminister und f\u00fchrte zahlreiche Reformen ein. Als Minister verk\u00fcndete er das Dekret zur Abschaffung der Sklaverei in den franz\u00f6sischen Kolonien. Frankreich widmete ihm eine Briefmarke, die den Namen des Physikers und Politikers tr\u00e4gt. Er starb am 2. Oktober 1853 in Paris und sein Leichnam ruht auf dem Friedhof P\u00e8re-Lachaise in der franz\u00f6sischen Hauptstadt.<\/p>\n\n\n\n<p class=\"has-black-color has-text-color has-link-color has-small-font-size wp-elements-60a6d6632393b92b2bb93bc1459b2296\">Dass er f\u00fcr die Wissenschaft und f\u00fcr eine bessere Gesellschaftsordnung k\u00e4mpfte, geht aus den Worten hervor, die der Kodifizierer Allan Kardec in die Genesis einf\u00fcgte: \u201eDas Aufbrausen, das sich manchmal in einer ganzen Bev\u00f6lkerung, unter Menschen derselben Ethnie, manifestiert, ist weder etwas Zuf\u00e4lliges noch das Ergebnis einer Laune; es hat seine Ursache in den Gesetzen der Natur. Dieses Aufbrausen, das zun\u00e4chst unbewusst ist, nichts weiter als ein vages Verlangen, ein unbestimmtes Streben nach etwas Besserem, ein gewisses Bed\u00fcrfnis nach Ver\u00e4nderung, m\u00fcndet in eine dumpfe Unruhe, dann in Handlungen, die zu sozialen Revolutionen f\u00fchren, die, glauben Sie mir, auch ihre Periodizit\u00e4t haben, wie die physischen Revolutionen, denn alles h\u00e4ngt zusammen.\"<\/p>\n\n\n\n<p class=\"has-black-color has-text-color has-link-color has-small-font-size wp-elements-afad58b9c14316ddea42ef96c90a1543\">In Spiritualit\u00e4t, mit einer weiteren Vision, schlie\u00dft er: \u201eWenn man Ihnen sagt, dass die Menschheit eine Periode der Transformation erreicht hat und dass die Erde in der Hierarchie der Welten aufsteigen muss, liegt in diesen Worten nichts Mystisches; im Gegenteil, Sie sehen die Ausf\u00fchrung eines der gro\u00dfen schicksalhaften Gesetze des Universums, an dem aller menschlicher Unwille zerbricht.\"<\/p>\n<\/div><\/div>\n\n\n\n<div class=\"wp-block-uagb-container uagb-block-fdea4dc0 alignfull uagb-is-root-container\"><div class=\"uagb-container-inner-blocks-wrap\"><\/div><\/div>\n\n\n\n<div class=\"wp-block-uagb-container uagb-block-29a24797 alignfull uagb-is-root-container\"><div class=\"uagb-container-inner-blocks-wrap\"><\/div><\/div>","protected":false},"excerpt":{"rendered":"<p>Dominique Fran\u00e7ois Jean Arago Su mensaje figura en el punto 8 del cap\u00edtulo XVIII de la quinta obra de la Codificaci\u00f3n, bajo el ep\u00edgrafe Signos de los tiempos. Reconoce al f\u00edsico y astr\u00f3nomo que fue Dominique Fran\u00e7ois Jean Arago, tambi\u00e9n matem\u00e1tico. De familia de profundas convicciones republicanas, naci\u00f3 el 26 de febrero de 1786 en [&hellip;]<\/p>","protected":false},"author":1,"featured_media":0,"parent":0,"menu_order":0,"comment_status":"closed","ping_status":"closed","template":"","meta":{"_uag_custom_page_level_css":"","site-sidebar-layout":"default","site-content-layout":"","ast-site-content-layout":"default","site-content-style":"default","site-sidebar-style":"default","ast-global-header-display":"","ast-banner-title-visibility":"","ast-main-header-display":"","ast-hfb-above-header-display":"","ast-hfb-below-header-display":"","ast-hfb-mobile-header-display":"","site-post-title":"disabled","ast-breadcrumbs-content":"","ast-featured-img":"","footer-sml-layout":"","theme-transparent-header-meta":"","adv-header-id-meta":"","stick-header-meta":"","header-above-stick-meta":"","header-main-stick-meta":"","header-below-stick-meta":"","astra-migrate-meta-layouts":"set","ast-page-background-enabled":"default","ast-page-background-meta":{"desktop":{"background-color":"var(--ast-global-color-4)","background-image":"","background-repeat":"repeat","background-position":"center center","background-size":"auto","background-attachment":"scroll","background-type":"","background-media":"","overlay-type":"","overlay-color":"","overlay-opacity":"","overlay-gradient":""},"tablet":{"background-color":"","background-image":"","background-repeat":"repeat","background-position":"center center","background-size":"auto","background-attachment":"scroll","background-type":"","background-media":"","overlay-type":"","overlay-color":"","overlay-opacity":"","overlay-gradient":""},"mobile":{"background-color":"","background-image":"","background-repeat":"repeat","background-position":"center center","background-size":"auto","background-attachment":"scroll","background-type":"","background-media":"","overlay-type":"","overlay-color":"","overlay-opacity":"","overlay-gradient":""}},"ast-content-background-meta":{"desktop":{"background-color":"var(--ast-global-color-5)","background-image":"","background-repeat":"repeat","background-position":"center center","background-size":"auto","background-attachment":"scroll","background-type":"","background-media":"","overlay-type":"","overlay-color":"","overlay-opacity":"","overlay-gradient":""},"tablet":{"background-color":"var(--ast-global-color-5)","background-image":"","background-repeat":"repeat","background-position":"center center","background-size":"auto","background-attachment":"scroll","background-type":"","background-media":"","overlay-type":"","overlay-color":"","overlay-opacity":"","overlay-gradient":""},"mobile":{"background-color":"var(--ast-global-color-5)","background-image":"","background-repeat":"repeat","background-position":"center center","background-size":"auto","background-attachment":"scroll","background-type":"","background-media":"","overlay-type":"","overlay-color":"","overlay-opacity":"","overlay-gradient":""}},"footnotes":""},"class_list":["post-8138","page","type-page","status-publish","hentry"],"yoast_head":"<!-- This site is optimized with the Yoast SEO Premium plugin v24.2 (Yoast SEO v24.6) - https:\/\/yoast.com\/wordpress\/plugins\/seo\/ -->\n<title>Dominique Fran\u00e7ois Jean Arago - Uni\u00f3n Esp\u00edrita<\/title>\n<meta name=\"robots\" content=\"index, follow, max-snippet:-1, max-image-preview:large, max-video-preview:-1\" \/>\n<link rel=\"canonical\" href=\"https:\/\/nuevo-renacer.com\/de\/dominique-francois-jean-arago\/\" \/>\n<meta property=\"og:locale\" content=\"de_DE\" \/>\n<meta property=\"og:type\" content=\"article\" \/>\n<meta property=\"og:title\" content=\"Dominique Fran\u00e7ois Jean Arago\" \/>\n<meta property=\"og:description\" content=\"Dominique Fran\u00e7ois Jean Arago Su mensaje figura en el punto 8 del cap\u00edtulo XVIII de la quinta obra de la Codificaci\u00f3n, bajo el ep\u00edgrafe Signos de los tiempos. Reconoce al f\u00edsico y astr\u00f3nomo que fue Dominique Fran\u00e7ois Jean Arago, tambi\u00e9n matem\u00e1tico. De familia de profundas convicciones republicanas, naci\u00f3 el 26 de febrero de 1786 en [&hellip;]\" \/>\n<meta property=\"og:url\" content=\"https:\/\/nuevo-renacer.com\/de\/dominique-francois-jean-arago\/\" \/>\n<meta property=\"og:site_name\" content=\"Uni\u00f3n Esp\u00edrita\" \/>\n<meta property=\"article:publisher\" content=\"https:\/\/www.facebook.com\/groups\/3431398063740829\" \/>\n<meta property=\"article:modified_time\" content=\"2025-05-20T10:46:37+00:00\" \/>\n<meta property=\"og:image\" content=\"https:\/\/nuevo-renacer.com\/wp-content\/uploads\/2025\/05\/Francois_Arago_par_Ary_Scheffer.jpg\" \/>\n\t<meta property=\"og:image:width\" content=\"776\" \/>\n\t<meta property=\"og:image:height\" content=\"985\" \/>\n\t<meta property=\"og:image:type\" content=\"image\/jpeg\" \/>\n<meta name=\"twitter:card\" content=\"summary_large_image\" \/>\n<meta name=\"twitter:label1\" content=\"Gesch\u00e4tzte Lesezeit\" \/>\n\t<meta name=\"twitter:data1\" content=\"4\u00a0Minuten\" \/>\n<script type=\"application\/ld+json\" class=\"yoast-schema-graph\">{\"@context\":\"https:\/\/schema.org\",\"@graph\":[{\"@type\":\"WebPage\",\"@id\":\"https:\/\/nuevo-renacer.com\/dominique-francois-jean-arago\/\",\"url\":\"https:\/\/nuevo-renacer.com\/dominique-francois-jean-arago\/\",\"name\":\"Dominique Fran\u00e7ois Jean Arago - Uni\u00f3n Esp\u00edrita\",\"isPartOf\":{\"@id\":\"https:\/\/nuevo-renacer.com\/#website\"},\"primaryImageOfPage\":{\"@id\":\"https:\/\/nuevo-renacer.com\/dominique-francois-jean-arago\/#primaryimage\"},\"image\":{\"@id\":\"https:\/\/nuevo-renacer.com\/dominique-francois-jean-arago\/#primaryimage\"},\"thumbnailUrl\":\"https:\/\/nuevo-renacer.com\/wp-content\/uploads\/2025\/05\/Francois_Arago_par_Ary_Scheffer.jpg\",\"datePublished\":\"2025-05-20T10:46:34+00:00\",\"dateModified\":\"2025-05-20T10:46:37+00:00\",\"breadcrumb\":{\"@id\":\"https:\/\/nuevo-renacer.com\/dominique-francois-jean-arago\/#breadcrumb\"},\"inLanguage\":\"de\",\"potentialAction\":[{\"@type\":\"ReadAction\",\"target\":[\"https:\/\/nuevo-renacer.com\/dominique-francois-jean-arago\/\"]}]},{\"@type\":\"ImageObject\",\"inLanguage\":\"de\",\"@id\":\"https:\/\/nuevo-renacer.com\/dominique-francois-jean-arago\/#primaryimage\",\"url\":\"https:\/\/nuevo-renacer.com\/wp-content\/uploads\/2025\/05\/Francois_Arago_par_Ary_Scheffer.jpg\",\"contentUrl\":\"https:\/\/nuevo-renacer.com\/wp-content\/uploads\/2025\/05\/Francois_Arago_par_Ary_Scheffer.jpg\"},{\"@type\":\"BreadcrumbList\",\"@id\":\"https:\/\/nuevo-renacer.com\/dominique-francois-jean-arago\/#breadcrumb\",\"itemListElement\":[{\"@type\":\"ListItem\",\"position\":1,\"name\":\"Startseite\",\"item\":\"https:\/\/nuevo-renacer.com\/\"},{\"@type\":\"ListItem\",\"position\":2,\"name\":\"Dominique Fran\u00e7ois Jean Arago\"}]},{\"@type\":\"WebSite\",\"@id\":\"https:\/\/nuevo-renacer.com\/#website\",\"url\":\"https:\/\/nuevo-renacer.com\/\",\"name\":\"Uni\u00f3n Esp\u00edrita\",\"description\":\"Nuevo Renacer\",\"publisher\":{\"@id\":\"https:\/\/nuevo-renacer.com\/#organization\"},\"potentialAction\":[{\"@type\":\"SearchAction\",\"target\":{\"@type\":\"EntryPoint\",\"urlTemplate\":\"https:\/\/nuevo-renacer.com\/?s={search_term_string}\"},\"query-input\":{\"@type\":\"PropertyValueSpecification\",\"valueRequired\":true,\"valueName\":\"search_term_string\"}}],\"inLanguage\":\"de\"},{\"@type\":\"Organization\",\"@id\":\"https:\/\/nuevo-renacer.com\/#organization\",\"name\":\"UFEC\",\"url\":\"https:\/\/nuevo-renacer.com\/\",\"logo\":{\"@type\":\"ImageObject\",\"inLanguage\":\"de\",\"@id\":\"https:\/\/nuevo-renacer.com\/#\/schema\/logo\/image\/\",\"url\":\"https:\/\/nuevo-renacer.com\/wp-content\/uploads\/2024\/05\/cropped-LOGO-TERMINADO1-3-3.png\",\"contentUrl\":\"https:\/\/nuevo-renacer.com\/wp-content\/uploads\/2024\/05\/cropped-LOGO-TERMINADO1-3-3.png\",\"width\":512,\"height\":512,\"caption\":\"UFEC\"},\"image\":{\"@id\":\"https:\/\/nuevo-renacer.com\/#\/schema\/logo\/image\/\"},\"sameAs\":[\"https:\/\/www.facebook.com\/groups\/3431398063740829\"]}]}<\/script>\n<!-- \/ Yoast SEO Premium plugin. -->","yoast_head_json":{"title":"Dominique Fran\u00e7ois Jean Arago - Uni\u00f3n Esp\u00edrita","robots":{"index":"index","follow":"follow","max-snippet":"max-snippet:-1","max-image-preview":"max-image-preview:large","max-video-preview":"max-video-preview:-1"},"canonical":"https:\/\/nuevo-renacer.com\/de\/dominique-francois-jean-arago\/","og_locale":"de_DE","og_type":"article","og_title":"Dominique Fran\u00e7ois Jean Arago","og_description":"Dominique Fran\u00e7ois Jean Arago Su mensaje figura en el punto 8 del cap\u00edtulo XVIII de la quinta obra de la Codificaci\u00f3n, bajo el ep\u00edgrafe Signos de los tiempos. Reconoce al f\u00edsico y astr\u00f3nomo que fue Dominique Fran\u00e7ois Jean Arago, tambi\u00e9n matem\u00e1tico. De familia de profundas convicciones republicanas, naci\u00f3 el 26 de febrero de 1786 en [&hellip;]","og_url":"https:\/\/nuevo-renacer.com\/de\/dominique-francois-jean-arago\/","og_site_name":"Uni\u00f3n Esp\u00edrita","article_publisher":"https:\/\/www.facebook.com\/groups\/3431398063740829","article_modified_time":"2025-05-20T10:46:37+00:00","og_image":[{"width":776,"height":985,"url":"https:\/\/nuevo-renacer.com\/wp-content\/uploads\/2025\/05\/Francois_Arago_par_Ary_Scheffer.jpg","type":"image\/jpeg"}],"twitter_card":"summary_large_image","twitter_misc":{"Gesch\u00e4tzte Lesezeit":"4\u00a0Minuten"},"schema":{"@context":"https:\/\/schema.org","@graph":[{"@type":"WebPage","@id":"https:\/\/nuevo-renacer.com\/dominique-francois-jean-arago\/","url":"https:\/\/nuevo-renacer.com\/dominique-francois-jean-arago\/","name":"Dominique Fran\u00e7ois Jean Arago - Uni\u00f3n Esp\u00edrita","isPartOf":{"@id":"https:\/\/nuevo-renacer.com\/#website"},"primaryImageOfPage":{"@id":"https:\/\/nuevo-renacer.com\/dominique-francois-jean-arago\/#primaryimage"},"image":{"@id":"https:\/\/nuevo-renacer.com\/dominique-francois-jean-arago\/#primaryimage"},"thumbnailUrl":"https:\/\/nuevo-renacer.com\/wp-content\/uploads\/2025\/05\/Francois_Arago_par_Ary_Scheffer.jpg","datePublished":"2025-05-20T10:46:34+00:00","dateModified":"2025-05-20T10:46:37+00:00","breadcrumb":{"@id":"https:\/\/nuevo-renacer.com\/dominique-francois-jean-arago\/#breadcrumb"},"inLanguage":"de","potentialAction":[{"@type":"ReadAction","target":["https:\/\/nuevo-renacer.com\/dominique-francois-jean-arago\/"]}]},{"@type":"ImageObject","inLanguage":"de","@id":"https:\/\/nuevo-renacer.com\/dominique-francois-jean-arago\/#primaryimage","url":"https:\/\/nuevo-renacer.com\/wp-content\/uploads\/2025\/05\/Francois_Arago_par_Ary_Scheffer.jpg","contentUrl":"https:\/\/nuevo-renacer.com\/wp-content\/uploads\/2025\/05\/Francois_Arago_par_Ary_Scheffer.jpg"},{"@type":"BreadcrumbList","@id":"https:\/\/nuevo-renacer.com\/dominique-francois-jean-arago\/#breadcrumb","itemListElement":[{"@type":"ListItem","position":1,"name":"Startseite","item":"https:\/\/nuevo-renacer.com\/"},{"@type":"ListItem","position":2,"name":"Dominique Fran\u00e7ois Jean Arago"}]},{"@type":"WebSite","@id":"https:\/\/nuevo-renacer.com\/#website","url":"https:\/\/nuevo-renacer.com\/","name":"Uni\u00f3n Esp\u00edrita","description":"Nuevo Renacer","publisher":{"@id":"https:\/\/nuevo-renacer.com\/#organization"},"potentialAction":[{"@type":"SearchAction","target":{"@type":"EntryPoint","urlTemplate":"https:\/\/nuevo-renacer.com\/?s={search_term_string}"},"query-input":{"@type":"PropertyValueSpecification","valueRequired":true,"valueName":"search_term_string"}}],"inLanguage":"de"},{"@type":"Organization","@id":"https:\/\/nuevo-renacer.com\/#organization","name":"UFEC","url":"https:\/\/nuevo-renacer.com\/","logo":{"@type":"ImageObject","inLanguage":"de","@id":"https:\/\/nuevo-renacer.com\/#\/schema\/logo\/image\/","url":"https:\/\/nuevo-renacer.com\/wp-content\/uploads\/2024\/05\/cropped-LOGO-TERMINADO1-3-3.png","contentUrl":"https:\/\/nuevo-renacer.com\/wp-content\/uploads\/2024\/05\/cropped-LOGO-TERMINADO1-3-3.png","width":512,"height":512,"caption":"UFEC"},"image":{"@id":"https:\/\/nuevo-renacer.com\/#\/schema\/logo\/image\/"},"sameAs":["https:\/\/www.facebook.com\/groups\/3431398063740829"]}]}},"uagb_featured_image_src":{"full":false,"thumbnail":false,"medium":false,"medium_large":false,"large":false,"1536x1536":false,"2048x2048":false,"trp-custom-language-flag":false},"uagb_author_info":{"display_name":"adbv0","author_link":"https:\/\/nuevo-renacer.com\/de\/author\/adbv0\/"},"uagb_comment_info":0,"uagb_excerpt":"Dominique Fran\u00e7ois Jean Arago Su mensaje figura en el punto 8 del cap\u00edtulo XVIII de la quinta obra de la Codificaci\u00f3n, bajo el ep\u00edgrafe Signos de los tiempos. Reconoce al f\u00edsico y astr\u00f3nomo que fue Dominique Fran\u00e7ois Jean Arago, tambi\u00e9n matem\u00e1tico. De familia de profundas convicciones republicanas, naci\u00f3 el 26 de febrero de 1786 en&hellip;","jetpack_sharing_enabled":true,"_links":{"self":[{"href":"https:\/\/nuevo-renacer.com\/de\/wp-json\/wp\/v2\/pages\/8138","targetHints":{"allow":["GET"]}}],"collection":[{"href":"https:\/\/nuevo-renacer.com\/de\/wp-json\/wp\/v2\/pages"}],"about":[{"href":"https:\/\/nuevo-renacer.com\/de\/wp-json\/wp\/v2\/types\/page"}],"author":[{"embeddable":true,"href":"https:\/\/nuevo-renacer.com\/de\/wp-json\/wp\/v2\/users\/1"}],"replies":[{"embeddable":true,"href":"https:\/\/nuevo-renacer.com\/de\/wp-json\/wp\/v2\/comments?post=8138"}],"version-history":[{"count":1,"href":"https:\/\/nuevo-renacer.com\/de\/wp-json\/wp\/v2\/pages\/8138\/revisions"}],"predecessor-version":[{"id":8140,"href":"https:\/\/nuevo-renacer.com\/de\/wp-json\/wp\/v2\/pages\/8138\/revisions\/8140"}],"wp:attachment":[{"href":"https:\/\/nuevo-renacer.com\/de\/wp-json\/wp\/v2\/media?parent=8138"}],"curies":[{"name":"wp","href":"https:\/\/api.w.org\/{rel}","templated":true}]}}