{"id":8104,"date":"2025-05-15T06:33:57","date_gmt":"2025-05-15T06:33:57","guid":{"rendered":"https:\/\/nuevo-renacer.com\/?page_id=8104"},"modified":"2025-05-15T06:34:00","modified_gmt":"2025-05-15T06:34:00","slug":"emanuel-von-swedenborg","status":"publish","type":"page","link":"https:\/\/nuevo-renacer.com\/de\/emanuel-von-swedenborg\/","title":{"rendered":"Emanuel von Swedenborg"},"content":{"rendered":"<p><a href=\"https:\/\/www.projekt-gutenberg.org\/autoren\/namen\/swedborg.html\"><\/a><\/p>\n\n\n\n<p><a href=\"https:\/\/www.projekt-gutenberg.org\/autoren\/namen\/swedborg.html\"><\/a><\/p>\n\n\n\n<div class=\"wp-block-uagb-container uagb-block-449f88e2 alignfull uagb-is-root-container\"><div class=\"uagb-container-inner-blocks-wrap\">\n<p class=\"has-black-color has-text-color has-link-color has-medium-font-size wp-elements-19ef7e0e4bef8d4b717d71c1add68522\"><strong>Emanuel von Swedenborg<\/strong><\/p>\n<\/div><\/div>\n\n\n\n<div class=\"wp-block-uagb-container uagb-block-e8995034 alignfull uagb-is-root-container\"><div class=\"uagb-container-inner-blocks-wrap\">\n<figure class=\"wp-block-image size-large is-resized\"><img fetchpriority=\"high\" decoding=\"async\" width=\"797\" height=\"1024\" src=\"https:\/\/nuevo-renacer.com\/wp-content\/uploads\/2025\/05\/Swedenborg-797x1024.webp\" alt=\"\" class=\"wp-image-8105\" style=\"width:249px;height:auto\" srcset=\"https:\/\/nuevo-renacer.com\/wp-content\/uploads\/2025\/05\/Swedenborg-797x1024.webp 797w, https:\/\/nuevo-renacer.com\/wp-content\/uploads\/2025\/05\/Swedenborg-233x300.webp 233w, https:\/\/nuevo-renacer.com\/wp-content\/uploads\/2025\/05\/Swedenborg-768x987.webp 768w, https:\/\/nuevo-renacer.com\/wp-content\/uploads\/2025\/05\/Swedenborg-1195x1536.webp 1195w, https:\/\/nuevo-renacer.com\/wp-content\/uploads\/2025\/05\/Swedenborg-9x12.webp 9w, https:\/\/nuevo-renacer.com\/wp-content\/uploads\/2025\/05\/Swedenborg.webp 1200w\" sizes=\"(max-width: 797px) 100vw, 797px\" \/><\/figure>\n<\/div><\/div>\n\n\n\n<div class=\"wp-block-uagb-container uagb-block-7ad3f6f1 alignfull uagb-is-root-container\"><div class=\"uagb-container-inner-blocks-wrap\">\n<p class=\"has-black-color has-text-color has-link-color has-small-font-size wp-elements-66a8e1e8b6c60f848b6340c0cf06b018\">Arthur Conan Doyle bezeichnete ihn als die gr\u00f6\u00dfte und h\u00f6chste menschliche Intelligenz. In der Tat lebte Emanuel von Swedenborg, der am 29. Januar 1688 in Stockholm als Sohn eines Bischofs der schwedischen lutherischen Kirche geboren wurde, einige Jahre seines Lebens in einem streng evangelischen Umfeld. Er war ein profunder Bibelforscher.<\/p>\n\n\n\n<p class=\"has-black-color has-text-color has-link-color has-small-font-size wp-elements-c50ed4679f9c6efeb23f092f5ea02371\">Er studierte in Uppsala und besuchte Deutschland, Frankreich, Holland und England, um seine Kenntnisse in Mathematik, Mechanik, Astronomie, Geologie und Mineralogie zu vertiefen.<\/p>\n\n\n\n<p class=\"has-black-color has-text-color has-link-color has-small-font-size wp-elements-e15e2a4476ca1731a51a2d0de2516587\">Im Alter von 22 Jahren ver\u00f6ffentlichte er einen Band mit lateinischen Versen und wurde mit 28 Jahren zum Bergbauberater der schwedischen Regierung ernannt. Er war so vielseitig wie Leonardo da Vinci und entwickelte mechanische Vorrichtungen f\u00fcr den Transport von Schiffen auf dem Landweg, analysierte die \u00d6konomie der W\u00e4hrung, die Produktion und die Kosten von Alkohol, die Anwendung des Dezimalsystems, das Verh\u00e4ltnis zwischen Importen und Exporten sowie die Volkswirtschaft.<\/p>\n\n\n\n<p class=\"has-black-color has-text-color has-link-color has-small-font-size wp-elements-92ae5de49ef849440c49b44b1828e31b\">Mit Anfang 30 wandte er sich der Pal\u00e4ontologie, der Geologie und der Untersuchung von Fossilien zu und entwickelte sogar eine fortschrittliche Theorie der Nebelausdehnung, um die Entstehung des Sonnensystems zu erkl\u00e4ren. Er widmete sich auch dem Studium der Medizin und der Physiologie. Er sprach neben seiner Muttersprache flie\u00dfend Latein, Griechisch und Englisch und studierte sogar Hebr\u00e4isch, um eine Neuinterpretation des Alten und Neuen Testaments vorzunehmen.<\/p>\n\n\n\n<p class=\"has-black-color has-text-color has-link-color has-small-font-size wp-elements-0b9ad2c09b41f4a968e7fa416070bd55\">Der erste Teil seines Lebens war auf seinen Intellekt ausgerichtet. Doch obwohl er als Kind weiterhin Visionen hatte, begann im April 1744 eine neue Phase, n\u00e4mlich die der Forschung auf der Suche nach Erkenntnissen \u00fcber die menschliche Seele im Verh\u00e4ltnis zu Gott und dem Universum im Rahmen der christlichen Idee.<\/p>\n\n\n\n<p class=\"has-black-color has-text-color has-link-color has-small-font-size wp-elements-cc660cb969ae22b31e76bd179943b9ac\">In seinen Worten: ... die Welt der Geister, des Himmels und der H\u00f6lle, wurde mir auf \u00fcberzeugende Weise er\u00f6ffnet, und ich traf dort viele Bekannte und Menschen aller Art. Von da an \u00f6ffnete der Herr jeden Tag die Augen meines Geistes, um in vollkommener Wachheit zu sehen, was in der anderen Welt geschah, und um in vollem Bewusstsein mit Engeln und Geistern zu sprechen.<\/p>\n\n\n\n<p class=\"has-black-color has-text-color has-link-color has-small-font-size wp-elements-8bb83777b45b22fd73de45cb74347987\">In seinen Werken Himmel und H\u00f6lle, Das neue Jerusalem und Arcana Caelestia beschrieb er den Prozess des Todes und die jenseitige Welt und beschrieb ihre Struktur. Er sprach von H\u00e4usern, in denen Familien lebten, von Tempeln, in denen sie verehrten, von Auditorien, in denen sie sich zu sozialen Zwecken trafen. Er beschrieb verschiedene Sph\u00e4ren, die den Grad der Helligkeit und des Gl\u00fccks der Geister darstellen. Er behauptete, es g\u00e4be keine Engel oder D\u00e4monen, sondern nur Menschen, die in einem zur\u00fcckgebliebenen oder hoch entwickelten Zustand aus dem Fleisch hervorgegangen seien. Die M\u00f6glichkeit einer ewigen Bestrafung lehnte er ab.<\/p>\n\n\n\n<p class=\"has-black-color has-text-color has-link-color has-small-font-size wp-elements-4da05823e73859780fe1e09f8a620589\">Seine Berichte \u00fcber Geisterkontakte und \u00fcbersinnliche Erfahrungen, einschlie\u00dflich Doppeltsehen, brachten ihm Freunde und Feinde ein. Seine Fernvisionen, wie die am 19. Juli 1759 in der 300 Meilen von der schwedischen Hauptstadt entfernten Stadt G\u00f6teborg, wurden eingehend untersucht. An diesem Abend speiste Swedenborg mit der Familie von William Castell und etwa f\u00fcnfzehn weiteren Personen und schilderte blass und beunruhigt das Feuer, das um drei Uhr nachmittags ausgebrochen und um acht Uhr abends unter Kontrolle gebracht worden war, drei T\u00fcren von seinem eigenen Haus entfernt. Das war am Samstag, und erst am Dienstag best\u00e4tigte eine aktuelle Nachricht die Fakten, einschlie\u00dflich der Angabe, dass das Feuer um 20 Uhr gel\u00f6scht worden war.<\/p>\n\n\n\n<p class=\"has-black-color has-text-color has-link-color has-small-font-size wp-elements-5feb96a2d0f3052e1483e19e4d50dbee\">Dieser au\u00dfergew\u00f6hnliche Mann, energisch wie ein Kind und umg\u00e4nglich im Alter, war freundlich und gelassen. Er war praktisch veranlagt und flei\u00dfig, gro\u00df, schlank, blau\u00e4ugig und stets tadellos gekleidet mit seiner schulterlangen Per\u00fccke, seiner dunklen Kleidung, den kurzen Hosen, den Schnallenschuhen und seinem Gehstock.<\/p>\n\n\n\n<p class=\"has-black-color has-text-color has-link-color has-small-font-size wp-elements-772c6f9774fcfbd5fe49d8cea1feb63b\">Er starb am 29. M\u00e4rz 1772 in London, der Stadt, in der er viele Jahre lang lebte und in der er seine T\u00e4tigkeit als Medium begann. 72 Jahre sp\u00e4ter, an einem Nachmittag im M\u00e4rz 1844, stellte er sich einem jungen Mann namens Andrew Jackson Davis als einer seiner Mentoren vor, zusammen mit dem Geist Galen, und begann ihn auf seinem medialen Weg zu beraten.<\/p>\n\n\n\n<p class=\"has-black-color has-text-color has-link-color has-small-font-size wp-elements-4c4596468766296588f6094f9b8eefe5\">In der spiritistischen Kodifikation erscheint sein Name in den Prolegomena, was seine wirksame Beteiligung als Mitglied des Teams des Geistes der Wahrheit bezeugt, das zur Einf\u00fchrung der Dritten Offenbarung unter den Menschen beitrug.<\/p>\n<\/div><\/div>\n\n\n\n<div class=\"wp-block-uagb-container uagb-block-575ebb36 alignfull uagb-is-root-container\"><div class=\"uagb-container-inner-blocks-wrap\"><\/div><\/div>\n\n\n\n<div class=\"wp-block-uagb-container uagb-block-34de665f alignfull uagb-is-root-container\"><div class=\"uagb-container-inner-blocks-wrap\"><\/div><\/div>","protected":false},"excerpt":{"rendered":"<p>Emanuel von Swedenborg Arthur Conan Doyle se refiri\u00f3 a \u00e9l como la mayor y m\u00e1s elevada inteligencia humana. De hecho, Emanuel von Swedenborg, nacido en Estocolmo el 29 de enero de 1688, hijo de un obispo de la Iglesia luterana sueca, vivi\u00f3 en un austero ambiente evang\u00e9lico durante algunos a\u00f1os de su vida. Fue un [&hellip;]<\/p>","protected":false},"author":1,"featured_media":0,"parent":0,"menu_order":0,"comment_status":"closed","ping_status":"closed","template":"","meta":{"_uag_custom_page_level_css":"","site-sidebar-layout":"default","site-content-layout":"","ast-site-content-layout":"default","site-content-style":"default","site-sidebar-style":"default","ast-global-header-display":"","ast-banner-title-visibility":"","ast-main-header-display":"","ast-hfb-above-header-display":"","ast-hfb-below-header-display":"","ast-hfb-mobile-header-display":"","site-post-title":"disabled","ast-breadcrumbs-content":"","ast-featured-img":"","footer-sml-layout":"","theme-transparent-header-meta":"","adv-header-id-meta":"","stick-header-meta":"","header-above-stick-meta":"","header-main-stick-meta":"","header-below-stick-meta":"","astra-migrate-meta-layouts":"set","ast-page-background-enabled":"default","ast-page-background-meta":{"desktop":{"background-color":"var(--ast-global-color-4)","background-image":"","background-repeat":"repeat","background-position":"center center","background-size":"auto","background-attachment":"scroll","background-type":"","background-media":"","overlay-type":"","overlay-color":"","overlay-opacity":"","overlay-gradient":""},"tablet":{"background-color":"","background-image":"","background-repeat":"repeat","background-position":"center center","background-size":"auto","background-attachment":"scroll","background-type":"","background-media":"","overlay-type":"","overlay-color":"","overlay-opacity":"","overlay-gradient":""},"mobile":{"background-color":"","background-image":"","background-repeat":"repeat","background-position":"center center","background-size":"auto","background-attachment":"scroll","background-type":"","background-media":"","overlay-type":"","overlay-color":"","overlay-opacity":"","overlay-gradient":""}},"ast-content-background-meta":{"desktop":{"background-color":"var(--ast-global-color-5)","background-image":"","background-repeat":"repeat","background-position":"center center","background-size":"auto","background-attachment":"scroll","background-type":"","background-media":"","overlay-type":"","overlay-color":"","overlay-opacity":"","overlay-gradient":""},"tablet":{"background-color":"var(--ast-global-color-5)","background-image":"","background-repeat":"repeat","background-position":"center center","background-size":"auto","background-attachment":"scroll","background-type":"","background-media":"","overlay-type":"","overlay-color":"","overlay-opacity":"","overlay-gradient":""},"mobile":{"background-color":"var(--ast-global-color-5)","background-image":"","background-repeat":"repeat","background-position":"center center","background-size":"auto","background-attachment":"scroll","background-type":"","background-media":"","overlay-type":"","overlay-color":"","overlay-opacity":"","overlay-gradient":""}},"footnotes":""},"class_list":["post-8104","page","type-page","status-publish","hentry"],"yoast_head":"<!-- This site is optimized with the Yoast SEO Premium plugin v24.2 (Yoast SEO v24.6) - https:\/\/yoast.com\/wordpress\/plugins\/seo\/ -->\n<title>Emanuel von Swedenborg - Uni\u00f3n Esp\u00edrita<\/title>\n<meta name=\"robots\" content=\"index, follow, max-snippet:-1, max-image-preview:large, max-video-preview:-1\" \/>\n<link rel=\"canonical\" href=\"https:\/\/nuevo-renacer.com\/de\/emanuel-von-swedenborg\/\" \/>\n<meta property=\"og:locale\" content=\"de_DE\" \/>\n<meta property=\"og:type\" content=\"article\" \/>\n<meta property=\"og:title\" content=\"Emanuel von Swedenborg\" \/>\n<meta property=\"og:description\" content=\"Emanuel von Swedenborg Arthur Conan Doyle se refiri\u00f3 a \u00e9l como la mayor y m\u00e1s elevada inteligencia humana. De hecho, Emanuel von Swedenborg, nacido en Estocolmo el 29 de enero de 1688, hijo de un obispo de la Iglesia luterana sueca, vivi\u00f3 en un austero ambiente evang\u00e9lico durante algunos a\u00f1os de su vida. Fue un [&hellip;]\" \/>\n<meta property=\"og:url\" content=\"https:\/\/nuevo-renacer.com\/de\/emanuel-von-swedenborg\/\" \/>\n<meta property=\"og:site_name\" content=\"Uni\u00f3n Esp\u00edrita\" \/>\n<meta property=\"article:publisher\" content=\"https:\/\/www.facebook.com\/groups\/3431398063740829\" \/>\n<meta property=\"article:modified_time\" content=\"2025-05-15T06:34:00+00:00\" \/>\n<meta property=\"og:image\" content=\"https:\/\/nuevo-renacer.com\/wp-content\/uploads\/2025\/05\/Swedenborg.webp\" \/>\n\t<meta property=\"og:image:width\" content=\"1200\" \/>\n\t<meta property=\"og:image:height\" content=\"1542\" \/>\n\t<meta property=\"og:image:type\" content=\"image\/webp\" \/>\n<meta name=\"twitter:card\" content=\"summary_large_image\" \/>\n<meta name=\"twitter:label1\" content=\"Gesch\u00e4tzte Lesezeit\" \/>\n\t<meta name=\"twitter:data1\" content=\"5\u00a0Minuten\" \/>\n<script type=\"application\/ld+json\" class=\"yoast-schema-graph\">{\"@context\":\"https:\/\/schema.org\",\"@graph\":[{\"@type\":\"WebPage\",\"@id\":\"https:\/\/nuevo-renacer.com\/emanuel-von-swedenborg\/\",\"url\":\"https:\/\/nuevo-renacer.com\/emanuel-von-swedenborg\/\",\"name\":\"Emanuel von Swedenborg - Uni\u00f3n Esp\u00edrita\",\"isPartOf\":{\"@id\":\"https:\/\/nuevo-renacer.com\/#website\"},\"primaryImageOfPage\":{\"@id\":\"https:\/\/nuevo-renacer.com\/emanuel-von-swedenborg\/#primaryimage\"},\"image\":{\"@id\":\"https:\/\/nuevo-renacer.com\/emanuel-von-swedenborg\/#primaryimage\"},\"thumbnailUrl\":\"https:\/\/nuevo-renacer.com\/wp-content\/uploads\/2025\/05\/Swedenborg-797x1024.webp\",\"datePublished\":\"2025-05-15T06:33:57+00:00\",\"dateModified\":\"2025-05-15T06:34:00+00:00\",\"breadcrumb\":{\"@id\":\"https:\/\/nuevo-renacer.com\/emanuel-von-swedenborg\/#breadcrumb\"},\"inLanguage\":\"de\",\"potentialAction\":[{\"@type\":\"ReadAction\",\"target\":[\"https:\/\/nuevo-renacer.com\/emanuel-von-swedenborg\/\"]}]},{\"@type\":\"ImageObject\",\"inLanguage\":\"de\",\"@id\":\"https:\/\/nuevo-renacer.com\/emanuel-von-swedenborg\/#primaryimage\",\"url\":\"https:\/\/nuevo-renacer.com\/wp-content\/uploads\/2025\/05\/Swedenborg-797x1024.webp\",\"contentUrl\":\"https:\/\/nuevo-renacer.com\/wp-content\/uploads\/2025\/05\/Swedenborg-797x1024.webp\"},{\"@type\":\"BreadcrumbList\",\"@id\":\"https:\/\/nuevo-renacer.com\/emanuel-von-swedenborg\/#breadcrumb\",\"itemListElement\":[{\"@type\":\"ListItem\",\"position\":1,\"name\":\"Startseite\",\"item\":\"https:\/\/nuevo-renacer.com\/\"},{\"@type\":\"ListItem\",\"position\":2,\"name\":\"Emanuel von Swedenborg\"}]},{\"@type\":\"WebSite\",\"@id\":\"https:\/\/nuevo-renacer.com\/#website\",\"url\":\"https:\/\/nuevo-renacer.com\/\",\"name\":\"Uni\u00f3n Esp\u00edrita\",\"description\":\"Nuevo Renacer\",\"publisher\":{\"@id\":\"https:\/\/nuevo-renacer.com\/#organization\"},\"potentialAction\":[{\"@type\":\"SearchAction\",\"target\":{\"@type\":\"EntryPoint\",\"urlTemplate\":\"https:\/\/nuevo-renacer.com\/?s={search_term_string}\"},\"query-input\":{\"@type\":\"PropertyValueSpecification\",\"valueRequired\":true,\"valueName\":\"search_term_string\"}}],\"inLanguage\":\"de\"},{\"@type\":\"Organization\",\"@id\":\"https:\/\/nuevo-renacer.com\/#organization\",\"name\":\"UFEC\",\"url\":\"https:\/\/nuevo-renacer.com\/\",\"logo\":{\"@type\":\"ImageObject\",\"inLanguage\":\"de\",\"@id\":\"https:\/\/nuevo-renacer.com\/#\/schema\/logo\/image\/\",\"url\":\"https:\/\/nuevo-renacer.com\/wp-content\/uploads\/2024\/05\/cropped-LOGO-TERMINADO1-3-3.png\",\"contentUrl\":\"https:\/\/nuevo-renacer.com\/wp-content\/uploads\/2024\/05\/cropped-LOGO-TERMINADO1-3-3.png\",\"width\":512,\"height\":512,\"caption\":\"UFEC\"},\"image\":{\"@id\":\"https:\/\/nuevo-renacer.com\/#\/schema\/logo\/image\/\"},\"sameAs\":[\"https:\/\/www.facebook.com\/groups\/3431398063740829\"]}]}<\/script>\n<!-- \/ Yoast SEO Premium plugin. -->","yoast_head_json":{"title":"Emanuel von Swedenborg - Uni\u00f3n Esp\u00edrita","robots":{"index":"index","follow":"follow","max-snippet":"max-snippet:-1","max-image-preview":"max-image-preview:large","max-video-preview":"max-video-preview:-1"},"canonical":"https:\/\/nuevo-renacer.com\/de\/emanuel-von-swedenborg\/","og_locale":"de_DE","og_type":"article","og_title":"Emanuel von Swedenborg","og_description":"Emanuel von Swedenborg Arthur Conan Doyle se refiri\u00f3 a \u00e9l como la mayor y m\u00e1s elevada inteligencia humana. De hecho, Emanuel von Swedenborg, nacido en Estocolmo el 29 de enero de 1688, hijo de un obispo de la Iglesia luterana sueca, vivi\u00f3 en un austero ambiente evang\u00e9lico durante algunos a\u00f1os de su vida. Fue un [&hellip;]","og_url":"https:\/\/nuevo-renacer.com\/de\/emanuel-von-swedenborg\/","og_site_name":"Uni\u00f3n Esp\u00edrita","article_publisher":"https:\/\/www.facebook.com\/groups\/3431398063740829","article_modified_time":"2025-05-15T06:34:00+00:00","og_image":[{"width":1200,"height":1542,"url":"https:\/\/nuevo-renacer.com\/wp-content\/uploads\/2025\/05\/Swedenborg.webp","type":"image\/webp"}],"twitter_card":"summary_large_image","twitter_misc":{"Gesch\u00e4tzte Lesezeit":"5\u00a0Minuten"},"schema":{"@context":"https:\/\/schema.org","@graph":[{"@type":"WebPage","@id":"https:\/\/nuevo-renacer.com\/emanuel-von-swedenborg\/","url":"https:\/\/nuevo-renacer.com\/emanuel-von-swedenborg\/","name":"Emanuel von Swedenborg - Uni\u00f3n Esp\u00edrita","isPartOf":{"@id":"https:\/\/nuevo-renacer.com\/#website"},"primaryImageOfPage":{"@id":"https:\/\/nuevo-renacer.com\/emanuel-von-swedenborg\/#primaryimage"},"image":{"@id":"https:\/\/nuevo-renacer.com\/emanuel-von-swedenborg\/#primaryimage"},"thumbnailUrl":"https:\/\/nuevo-renacer.com\/wp-content\/uploads\/2025\/05\/Swedenborg-797x1024.webp","datePublished":"2025-05-15T06:33:57+00:00","dateModified":"2025-05-15T06:34:00+00:00","breadcrumb":{"@id":"https:\/\/nuevo-renacer.com\/emanuel-von-swedenborg\/#breadcrumb"},"inLanguage":"de","potentialAction":[{"@type":"ReadAction","target":["https:\/\/nuevo-renacer.com\/emanuel-von-swedenborg\/"]}]},{"@type":"ImageObject","inLanguage":"de","@id":"https:\/\/nuevo-renacer.com\/emanuel-von-swedenborg\/#primaryimage","url":"https:\/\/nuevo-renacer.com\/wp-content\/uploads\/2025\/05\/Swedenborg-797x1024.webp","contentUrl":"https:\/\/nuevo-renacer.com\/wp-content\/uploads\/2025\/05\/Swedenborg-797x1024.webp"},{"@type":"BreadcrumbList","@id":"https:\/\/nuevo-renacer.com\/emanuel-von-swedenborg\/#breadcrumb","itemListElement":[{"@type":"ListItem","position":1,"name":"Startseite","item":"https:\/\/nuevo-renacer.com\/"},{"@type":"ListItem","position":2,"name":"Emanuel von Swedenborg"}]},{"@type":"WebSite","@id":"https:\/\/nuevo-renacer.com\/#website","url":"https:\/\/nuevo-renacer.com\/","name":"Uni\u00f3n Esp\u00edrita","description":"Nuevo Renacer","publisher":{"@id":"https:\/\/nuevo-renacer.com\/#organization"},"potentialAction":[{"@type":"SearchAction","target":{"@type":"EntryPoint","urlTemplate":"https:\/\/nuevo-renacer.com\/?s={search_term_string}"},"query-input":{"@type":"PropertyValueSpecification","valueRequired":true,"valueName":"search_term_string"}}],"inLanguage":"de"},{"@type":"Organization","@id":"https:\/\/nuevo-renacer.com\/#organization","name":"UFEC","url":"https:\/\/nuevo-renacer.com\/","logo":{"@type":"ImageObject","inLanguage":"de","@id":"https:\/\/nuevo-renacer.com\/#\/schema\/logo\/image\/","url":"https:\/\/nuevo-renacer.com\/wp-content\/uploads\/2024\/05\/cropped-LOGO-TERMINADO1-3-3.png","contentUrl":"https:\/\/nuevo-renacer.com\/wp-content\/uploads\/2024\/05\/cropped-LOGO-TERMINADO1-3-3.png","width":512,"height":512,"caption":"UFEC"},"image":{"@id":"https:\/\/nuevo-renacer.com\/#\/schema\/logo\/image\/"},"sameAs":["https:\/\/www.facebook.com\/groups\/3431398063740829"]}]}},"uagb_featured_image_src":{"full":false,"thumbnail":false,"medium":false,"medium_large":false,"large":false,"1536x1536":false,"2048x2048":false,"trp-custom-language-flag":false},"uagb_author_info":{"display_name":"adbv0","author_link":"https:\/\/nuevo-renacer.com\/de\/author\/adbv0\/"},"uagb_comment_info":0,"uagb_excerpt":"Emanuel von Swedenborg Arthur Conan Doyle se refiri\u00f3 a \u00e9l como la mayor y m\u00e1s elevada inteligencia humana. De hecho, Emanuel von Swedenborg, nacido en Estocolmo el 29 de enero de 1688, hijo de un obispo de la Iglesia luterana sueca, vivi\u00f3 en un austero ambiente evang\u00e9lico durante algunos a\u00f1os de su vida. Fue un&hellip;","jetpack_sharing_enabled":true,"_links":{"self":[{"href":"https:\/\/nuevo-renacer.com\/de\/wp-json\/wp\/v2\/pages\/8104","targetHints":{"allow":["GET"]}}],"collection":[{"href":"https:\/\/nuevo-renacer.com\/de\/wp-json\/wp\/v2\/pages"}],"about":[{"href":"https:\/\/nuevo-renacer.com\/de\/wp-json\/wp\/v2\/types\/page"}],"author":[{"embeddable":true,"href":"https:\/\/nuevo-renacer.com\/de\/wp-json\/wp\/v2\/users\/1"}],"replies":[{"embeddable":true,"href":"https:\/\/nuevo-renacer.com\/de\/wp-json\/wp\/v2\/comments?post=8104"}],"version-history":[{"count":1,"href":"https:\/\/nuevo-renacer.com\/de\/wp-json\/wp\/v2\/pages\/8104\/revisions"}],"predecessor-version":[{"id":8106,"href":"https:\/\/nuevo-renacer.com\/de\/wp-json\/wp\/v2\/pages\/8104\/revisions\/8106"}],"wp:attachment":[{"href":"https:\/\/nuevo-renacer.com\/de\/wp-json\/wp\/v2\/media?parent=8104"}],"curies":[{"name":"wp","href":"https:\/\/api.w.org\/{rel}","templated":true}]}}