{"id":8091,"date":"2025-05-14T12:35:03","date_gmt":"2025-05-14T12:35:03","guid":{"rendered":"https:\/\/nuevo-renacer.com\/?page_id=8091"},"modified":"2025-05-14T12:43:02","modified_gmt":"2025-05-14T12:43:02","slug":"benedito-godoy-paiva","status":"publish","type":"page","link":"https:\/\/nuevo-renacer.com\/de\/benedito-godoy-paiva\/","title":{"rendered":"Benedito Godoy Paiva"},"content":{"rendered":"<div class=\"wp-block-uagb-container uagb-block-85daac3c alignfull uagb-is-root-container\"><div class=\"uagb-container-inner-blocks-wrap\">\n<p class=\"has-black-color has-text-color has-link-color has-medium-font-size wp-elements-5d63408dd63f479a86a98dbec4661cca\"><strong>Benedito Godoy Paiva<\/strong><\/p>\n<\/div><\/div>\n\n\n\n<div class=\"wp-block-uagb-container uagb-block-8418fad2 alignfull uagb-is-root-container\"><div class=\"uagb-container-inner-blocks-wrap\">\n<figure class=\"wp-block-image size-full is-resized\"><img fetchpriority=\"high\" decoding=\"async\" width=\"285\" height=\"456\" src=\"https:\/\/nuevo-renacer.com\/wp-content\/uploads\/2025\/05\/Benedito-Godoy-Paiva.jpg\" alt=\"\" class=\"wp-image-8092\" style=\"width:208px;height:auto\" srcset=\"https:\/\/nuevo-renacer.com\/wp-content\/uploads\/2025\/05\/Benedito-Godoy-Paiva.jpg 285w, https:\/\/nuevo-renacer.com\/wp-content\/uploads\/2025\/05\/Benedito-Godoy-Paiva-188x300.jpg 188w, https:\/\/nuevo-renacer.com\/wp-content\/uploads\/2025\/05\/Benedito-Godoy-Paiva-8x12.jpg 8w\" sizes=\"(max-width: 285px) 100vw, 285px\" \/><\/figure>\n<\/div><\/div>\n\n\n\n<div class=\"wp-block-uagb-container uagb-block-4fe1c708 alignfull uagb-is-root-container\"><div class=\"uagb-container-inner-blocks-wrap\">\n<p class=\"has-black-color has-text-color has-link-color has-small-font-size wp-elements-feec4561311c785ab2bbf73854b8e58d\">Mehr als 25 Jahre lang wurde f\u00fcr die meisten spiritistischen Veranstaltungen in S\u00e3o Paulo immer ein Redner angefordert.<\/p>\n\n\n\n<p class=\"has-black-color has-text-color has-link-color has-small-font-size wp-elements-bc2ffe310e4f2d597bc247b00b1096b8\">Seine Worte hatten das Verdienst, ein gro\u00dfes Publikum anzuziehen, denn er war nicht nur ein autorit\u00e4rer Redner, sondern hatte auch einen ganz besonderen Stil, seine Reden zu halten, indem er sie mit einer kurzen Geschichte, einer Entschuldigung oder einer einfachen Anekdote begann, die den Geist der Anwesenden vorbereitete und sie bereit machte, die Lehren des zu behandelnden Themas aufzunehmen.<\/p>\n\n\n\n<p class=\"has-black-color has-text-color has-link-color has-small-font-size wp-elements-9d23014373c1722e4ad4e3ab91089dab\">Deshalb pflegte er zu sagen: \"Auf unserer langen Pilgerreise durch die spiritistischen Trib\u00fcnen, Radiosender und die spiritistische Presse, wo wir \u00fcber das Evangelium Jesu sprachen, haben wir immer unser Bestes getan, um unsere Zuh\u00f6rer oder Leser nicht mit langen und schweren Abhandlungen \u00fcber die spiritistische Lehre zu langweilen, weil wir es f\u00fcr besser hielten, ihre Aufmerksamkeit durch ein anderes Verfahren zu halten, n\u00e4mlich durch die Suche nach Fakten oder Beispielen aus dem praktischen Leben, die die behandelten Themen erhellen, obwohl wir uns manchmal gegen die Strenge einiger Mitbr\u00fcder vers\u00fcndigen, die diese Art von Literatur nicht sehr m\u00f6gen. Um ein aufmerksames Publikum zu gewinnen, gibt es nichts Besseres, als den Vortrag mit der Schilderung interessanter und manchmal bewusster Tatsachen aus dem Leben der Gesellschaft zu durchsetzen, die das zu behandelnde Thema erhellen.<\/p>\n\n\n\n<p class=\"has-black-color has-text-color has-link-color has-small-font-size wp-elements-d9b6651e93e325b302d0091f382404ff\">F\u00fcr die Propaganda und das Verst\u00e4ndnis der spiritistischen Lehre ist nichts dagegen einzuwenden. Spiritisten sollten fr\u00f6hlich sein und dem Lachen, den gesunden Freuden und harmlosen Vergn\u00fcgungen nie abgeneigt. Sie sollten niemals jene Br\u00fcder des Schweigeordens nachahmen, die, da sie nicht sprechen durften, nur sagen konnten, wenn sie sich trafen: \"Bruder! Denk an den Tod!\"<\/p>\n\n\n\n<p class=\"has-black-color has-text-color has-link-color has-small-font-size wp-elements-79e0c5de45ffabe45ecff6dfa02e283a\">Dieser emeritierte Spiritist hie\u00df Benedito Godoy Paiva. Er war ein Mann von tadellosem Charakter, offen und loyal, ausgestattet mit einem beneidenswerten Flei\u00df. Vor 1941 war er Mitglied des Vorstandes der F\u00f6derativen Spiritistischen Union von S\u00e3o Paulo, wo er sich intensiv f\u00fcr die Verbreitung der spiritistischen Lehre durch Presse und Radio einsetzte.<\/p>\n\n\n\n<p class=\"has-black-color has-text-color has-link-color has-small-font-size wp-elements-8c2b07c4dd31b8adf1776486106f834c\">Im selben Jahr wurde er Mitglied des Vorstandes der Spiritistischen F\u00f6deration des Staates S\u00e3o Paulo, wo er gro\u00dfe Bekanntheit erlangte und zahlreiche Aktivit\u00e4ten aus\u00fcbte. Er war nicht nur offizieller Dozent, sondern auch Leiter der Kultur- und Sozialabteilung und Mitglied des Beratungsgremiums. Er half Pedro de Camargo, Vin\u00edcius, beim Aufbau der evangelischen Versammlungen und vertrat ihn jeden Sonntagmorgen in seiner Abwesenheit. Er war ma\u00dfgeblich an der Gr\u00fcndung der Schule f\u00fcr evangelische Lehrlinge und anderer Kurse dieser Einrichtung beteiligt und beriet bei der Erstellung von Brosch\u00fcren und B\u00fcchern f\u00fcr diese Kurse.<\/p>\n\n\n\n<p class=\"has-black-color has-text-color has-link-color has-small-font-size wp-elements-f6e892233164ab3869847a34139a054d\">Im Jahr 1947 war er ma\u00dfgeblich an der Gr\u00fcndung der Vereinigung der spiritistischen Gesellschaften des Bundesstaates S\u00e3o Paulo beteiligt, indem er die Kommission f\u00fcr die endg\u00fcltige Ausarbeitung der Beschl\u00fcsse des ersten Spiritistenkongresses des Bundesstaates S\u00e3o Paulo bildete und Mitglied des ersten Beratungsgremiums dieser Organisation war.<\/p>\n\n\n\n<p class=\"has-black-color has-text-color has-link-color has-small-font-size wp-elements-4ad951609d142ca63f40e96141cf1abd\">Die folgenden biographischen Informationen stammen von Prof. Zilda de Paiva Barbosa, einer der T\u00f6chter dieses gro\u00dfen Pioniers.<\/p>\n\n\n\n<p class=\"has-black-color has-text-color has-link-color has-small-font-size wp-elements-f22bc35add218c2f82f625db4542595a\">Benedito Godoy Paiva war zweimal Witwer und hinterlie\u00df sieben Kinder, Enkel und Urenkel. Im Alter von 16 Jahren, nach dem Abschluss des Gymnasiums Externato Molina, absolvierte er Kurse in Geometrie, Mathematik und Englisch und trat 1901 als Angestellter in die Sorocabana-Eisenbahn ein. In der Zwischenzeit studierte er auch Buchhaltung an der brasilianischen Handelsakademie, die er nachmittags besuchte, und machte sp\u00e4ter \u00dcberstunden als Buchhalter, um \u00fcber die Runden zu kommen.<\/p>\n\n\n\n<p class=\"has-black-color has-text-color has-link-color has-small-font-size wp-elements-2003caf2ff20212001810253360d29ed\">Nach 46 Dienstjahren bei der Bahn ging er in den Ruhestand und hinterlie\u00df eine lange Liste unsch\u00e4tzbarer Dienste, die er mit gr\u00f6\u00dfter Hingabe und Effizienz leistete. Er machte eine gl\u00e4nzende Karriere vom Bahnbeamten zum Verwaltungsberater, stieg zum Leiter des Verkehrsamtes und zum Generaldirektor des B\u00fcros der Verkehrsabteilung auf, wo er f\u00fcr seine Leistungen gelobt wurde.<\/p>\n\n\n\n<p class=\"has-black-color has-text-color has-link-color has-small-font-size wp-elements-7d4488b364cc9e2767bde59d8f837288\">Er nahm an Verwaltungsuntersuchungen und anderen Kommissionen teil, die ihm anvertraut wurden, da er \u00fcber eine gr\u00fcndliche Kenntnis aller Vorschriften und Anordnungen der fr\u00fcheren Verwaltungen verf\u00fcgte. Als Journalist schrieb er f\u00fcr die religi\u00f6se und weltliche Presse und war Redakteur einer der Kolumnen des \u201eDi\u00e1rio de S\u00e3o Paulo\u201c.<\/p>\n\n\n\n<p class=\"has-black-color has-text-color has-link-color has-small-font-size wp-elements-2d1b1b068dadc491162b55edd3fbb439\">Als Dichter und Wohlt\u00e4ter arbeitete er an \u201eNossa Estrada\u201c mit, einer Zeitschrift, deren Name von ihm vorgeschlagen und von der gesamten Belegschaft der Sorocabana per Abstimmung angenommen wurde. Er war ein Musiker. Er spielte etwa sechs Instrumente, sein Lieblingsinstrument war jedoch die Fl\u00f6te. Er komponierte mehrere Lieder und war ein St\u00e4ndchenbringer. In der Zeit des alten S\u00e3o Paulo gab er St\u00e4ndchen unter den Fenstern der H\u00e4user.<\/p>\n\n\n\n<p class=\"has-black-color has-text-color has-link-color has-small-font-size wp-elements-7dede598444151b389392c17f0b17a6c\">Er ging in die evangelische Kirche, wo er Organist und Chorleiter war. In der Gr\u00fcndungsurkunde der 3. Unabh\u00e4ngigen Presbyterianischen Kirche von S\u00e3o Paulo erscheint sein Name an erster Stelle als Gr\u00fcnder. Er besa\u00df eine tiefe Kenntnis der Heiligen Schrift und entnahm den Evangelien erhabene Lehren, die ihn sein ganzes Leben lang begleiteten und seiner Familie und der Menschheit von gro\u00dfem Nutzen waren.<\/p>\n\n\n\n<p class=\"has-black-color has-text-color has-link-color has-small-font-size wp-elements-9fb9080671cf6449a98b2d97ee99eacb\">Zum Spiritismus bekehrt, schloss er sich zun\u00e4chst der F\u00f6derativen Union und sp\u00e4ter der Spiritistischen F\u00f6deration des Staates S\u00e3o Paulo an und verlie\u00df die Presbyterianische Kirche, aus der er auszutreten gebeten hatte, indem er seinem gro\u00dfen Freund, Pfarrer Dr. Seth Ferraz, Pastor der 3. Kirche, einen Brief schrieb, in dem er die Gr\u00fcnde erkl\u00e4rte, die ihn dazu brachten, diese Gemeinschaft zu verlassen, da die Lehren der Kirche den Spiritismus verurteilten, eine Lehre, die auf der Reinkarnation und der Evolution der Geister beruhte.<\/p>\n\n\n\n<p class=\"has-black-color has-text-color has-link-color has-small-font-size wp-elements-42ca601d03df6d3e60baf33eb35bb93d\">Dies war ein neuer Abschnitt in seinem Leben. Er widmete sich ganz der spiritistischen Lehre. Er h\u00e4lt unz\u00e4hlige Vortr\u00e4ge, deren H\u00f6rs\u00e4le gef\u00fcllt sind, wenn er das Rednerpult betritt. Aus diesen Vortr\u00e4gen ver\u00f6ffentlichte er das Buch \u201eQuando o Evangelho diz N\u00e3o\u201c (\u201eWenn das Evangelium Nein sagt\u201c). Er ver\u00f6ffentlichte mehrere Brosch\u00fcren, darunter \u201eWer wird in den Himmel kommen?\u201c und \u201eDie Wahrheit wird euch frei machen\u201c.<\/p>\n\n\n\n<p class=\"has-black-color has-text-color has-link-color has-small-font-size wp-elements-952e6ae39261cea271218269a61b7008\">Er schrieb mehrere Gedichte: \u201eReinkarnation\u201c, \u201eDie Sehnsucht des Ehemanns\u201c, \u201eDie drei Kreuze\u201c, \u201eDie s\u00fcndige Frau\u201c, \u201eDas J\u00fcngste Gericht\u201c, \u201eDer barmherzige Samariter\u201c, \u201eRettung durch den Glauben\u201c, \u201eDer Traum der Prinzessin\u201c und zusammen mit Cid Franco das Gedicht \u201eAvatar\u201c. Er \u00fcberarbeitete \u201eDie gro\u00dfe Synthese\u201c, ein mediales Buch von Pietro Ubaldi, und schrieb in Zusammenarbeit mit Em\u00edlio Manso Vieira das \u201eHandbuch f\u00fcr den Leiter von spiritistischen Sitzungen\u201c.<\/p>\n\n\n\n<p class=\"has-black-color has-text-color has-link-color has-small-font-size wp-elements-092c7a290f530ec14fbf71ee7d9c819e\">Am Tag seiner Desinkarnation waren drei Vertreter religi\u00f6ser Organisationen an seinem Krankenbett anwesend: ein evangelischer Pfarrer, ein Bischof der brasilianischen katholischen Kirche und ein Mitglied der Spiritistenvereinigung des Staates S\u00e3o Paulo. Sie alle verabschiedeten sich mit der gleichen Zuneigung von ihm.<\/p>\n<\/div><\/div>\n\n\n\n<div class=\"wp-block-uagb-container uagb-block-0c9303f5 alignfull uagb-is-root-container\"><div class=\"uagb-container-inner-blocks-wrap\"><\/div><\/div>\n\n\n\n<div class=\"wp-block-uagb-container uagb-block-b10bd8cf alignfull uagb-is-root-container\"><div class=\"uagb-container-inner-blocks-wrap\"><\/div><\/div>","protected":false},"excerpt":{"rendered":"<p>Benedito Godoy Paiva Durante m\u00e1s de veinticinco a\u00f1os, un orador fue invariablemente solicitado para la mayor\u00eda de los eventos espiritistas en S\u00e3o Paulo. Sus palabras ten\u00edan el m\u00e9rito de atraer a un numeroso p\u00fablico porque, adem\u00e1s de ser un conferenciante autorizado, ten\u00eda un estilo muy peculiar de pronunciar sus discursos, inici\u00e1ndolos con una breve historia, [&hellip;]<\/p>","protected":false},"author":1,"featured_media":0,"parent":0,"menu_order":0,"comment_status":"closed","ping_status":"closed","template":"","meta":{"_uag_custom_page_level_css":"","site-sidebar-layout":"default","site-content-layout":"","ast-site-content-layout":"default","site-content-style":"default","site-sidebar-style":"default","ast-global-header-display":"","ast-banner-title-visibility":"","ast-main-header-display":"","ast-hfb-above-header-display":"","ast-hfb-below-header-display":"","ast-hfb-mobile-header-display":"","site-post-title":"disabled","ast-breadcrumbs-content":"","ast-featured-img":"","footer-sml-layout":"","theme-transparent-header-meta":"","adv-header-id-meta":"","stick-header-meta":"","header-above-stick-meta":"","header-main-stick-meta":"","header-below-stick-meta":"","astra-migrate-meta-layouts":"set","ast-page-background-enabled":"default","ast-page-background-meta":{"desktop":{"background-color":"var(--ast-global-color-4)","background-image":"","background-repeat":"repeat","background-position":"center center","background-size":"auto","background-attachment":"scroll","background-type":"","background-media":"","overlay-type":"","overlay-color":"","overlay-opacity":"","overlay-gradient":""},"tablet":{"background-color":"","background-image":"","background-repeat":"repeat","background-position":"center center","background-size":"auto","background-attachment":"scroll","background-type":"","background-media":"","overlay-type":"","overlay-color":"","overlay-opacity":"","overlay-gradient":""},"mobile":{"background-color":"","background-image":"","background-repeat":"repeat","background-position":"center center","background-size":"auto","background-attachment":"scroll","background-type":"","background-media":"","overlay-type":"","overlay-color":"","overlay-opacity":"","overlay-gradient":""}},"ast-content-background-meta":{"desktop":{"background-color":"var(--ast-global-color-5)","background-image":"","background-repeat":"repeat","background-position":"center center","background-size":"auto","background-attachment":"scroll","background-type":"","background-media":"","overlay-type":"","overlay-color":"","overlay-opacity":"","overlay-gradient":""},"tablet":{"background-color":"var(--ast-global-color-5)","background-image":"","background-repeat":"repeat","background-position":"center center","background-size":"auto","background-attachment":"scroll","background-type":"","background-media":"","overlay-type":"","overlay-color":"","overlay-opacity":"","overlay-gradient":""},"mobile":{"background-color":"var(--ast-global-color-5)","background-image":"","background-repeat":"repeat","background-position":"center center","background-size":"auto","background-attachment":"scroll","background-type":"","background-media":"","overlay-type":"","overlay-color":"","overlay-opacity":"","overlay-gradient":""}},"footnotes":""},"class_list":["post-8091","page","type-page","status-publish","hentry"],"yoast_head":"<!-- This site is optimized with the Yoast SEO Premium plugin v24.2 (Yoast SEO v24.6) - https:\/\/yoast.com\/wordpress\/plugins\/seo\/ -->\n<title>Benedito Godoy Paiva - Uni\u00f3n Esp\u00edrita<\/title>\n<meta name=\"robots\" content=\"index, follow, max-snippet:-1, max-image-preview:large, max-video-preview:-1\" \/>\n<link rel=\"canonical\" href=\"https:\/\/nuevo-renacer.com\/de\/benedito-godoy-paiva\/\" \/>\n<meta property=\"og:locale\" content=\"de_DE\" \/>\n<meta property=\"og:type\" content=\"article\" \/>\n<meta property=\"og:title\" content=\"Benedito Godoy Paiva\" \/>\n<meta property=\"og:description\" content=\"Benedito Godoy Paiva Durante m\u00e1s de veinticinco a\u00f1os, un orador fue invariablemente solicitado para la mayor\u00eda de los eventos espiritistas en S\u00e3o Paulo. Sus palabras ten\u00edan el m\u00e9rito de atraer a un numeroso p\u00fablico porque, adem\u00e1s de ser un conferenciante autorizado, ten\u00eda un estilo muy peculiar de pronunciar sus discursos, inici\u00e1ndolos con una breve historia, [&hellip;]\" \/>\n<meta property=\"og:url\" content=\"https:\/\/nuevo-renacer.com\/de\/benedito-godoy-paiva\/\" \/>\n<meta property=\"og:site_name\" content=\"Uni\u00f3n Esp\u00edrita\" \/>\n<meta property=\"article:publisher\" content=\"https:\/\/www.facebook.com\/groups\/3431398063740829\" \/>\n<meta property=\"article:modified_time\" content=\"2025-05-14T12:43:02+00:00\" \/>\n<meta property=\"og:image\" content=\"https:\/\/nuevo-renacer.com\/wp-content\/uploads\/2025\/05\/Benedito-Godoy-Paiva.jpg\" \/>\n\t<meta property=\"og:image:width\" content=\"285\" \/>\n\t<meta property=\"og:image:height\" content=\"456\" \/>\n\t<meta property=\"og:image:type\" content=\"image\/jpeg\" \/>\n<meta name=\"twitter:card\" content=\"summary_large_image\" \/>\n<meta name=\"twitter:label1\" content=\"Gesch\u00e4tzte Lesezeit\" \/>\n\t<meta name=\"twitter:data1\" content=\"7\u00a0Minuten\" \/>\n<script type=\"application\/ld+json\" class=\"yoast-schema-graph\">{\"@context\":\"https:\/\/schema.org\",\"@graph\":[{\"@type\":\"WebPage\",\"@id\":\"https:\/\/nuevo-renacer.com\/benedito-godoy-paiva\/\",\"url\":\"https:\/\/nuevo-renacer.com\/benedito-godoy-paiva\/\",\"name\":\"Benedito Godoy Paiva - Uni\u00f3n Esp\u00edrita\",\"isPartOf\":{\"@id\":\"https:\/\/nuevo-renacer.com\/#website\"},\"primaryImageOfPage\":{\"@id\":\"https:\/\/nuevo-renacer.com\/benedito-godoy-paiva\/#primaryimage\"},\"image\":{\"@id\":\"https:\/\/nuevo-renacer.com\/benedito-godoy-paiva\/#primaryimage\"},\"thumbnailUrl\":\"https:\/\/nuevo-renacer.com\/wp-content\/uploads\/2025\/05\/Benedito-Godoy-Paiva.jpg\",\"datePublished\":\"2025-05-14T12:35:03+00:00\",\"dateModified\":\"2025-05-14T12:43:02+00:00\",\"breadcrumb\":{\"@id\":\"https:\/\/nuevo-renacer.com\/benedito-godoy-paiva\/#breadcrumb\"},\"inLanguage\":\"de\",\"potentialAction\":[{\"@type\":\"ReadAction\",\"target\":[\"https:\/\/nuevo-renacer.com\/benedito-godoy-paiva\/\"]}]},{\"@type\":\"ImageObject\",\"inLanguage\":\"de\",\"@id\":\"https:\/\/nuevo-renacer.com\/benedito-godoy-paiva\/#primaryimage\",\"url\":\"https:\/\/nuevo-renacer.com\/wp-content\/uploads\/2025\/05\/Benedito-Godoy-Paiva.jpg\",\"contentUrl\":\"https:\/\/nuevo-renacer.com\/wp-content\/uploads\/2025\/05\/Benedito-Godoy-Paiva.jpg\"},{\"@type\":\"BreadcrumbList\",\"@id\":\"https:\/\/nuevo-renacer.com\/benedito-godoy-paiva\/#breadcrumb\",\"itemListElement\":[{\"@type\":\"ListItem\",\"position\":1,\"name\":\"Startseite\",\"item\":\"https:\/\/nuevo-renacer.com\/\"},{\"@type\":\"ListItem\",\"position\":2,\"name\":\"Benedito Godoy Paiva\"}]},{\"@type\":\"WebSite\",\"@id\":\"https:\/\/nuevo-renacer.com\/#website\",\"url\":\"https:\/\/nuevo-renacer.com\/\",\"name\":\"Uni\u00f3n Esp\u00edrita\",\"description\":\"Nuevo Renacer\",\"publisher\":{\"@id\":\"https:\/\/nuevo-renacer.com\/#organization\"},\"potentialAction\":[{\"@type\":\"SearchAction\",\"target\":{\"@type\":\"EntryPoint\",\"urlTemplate\":\"https:\/\/nuevo-renacer.com\/?s={search_term_string}\"},\"query-input\":{\"@type\":\"PropertyValueSpecification\",\"valueRequired\":true,\"valueName\":\"search_term_string\"}}],\"inLanguage\":\"de\"},{\"@type\":\"Organization\",\"@id\":\"https:\/\/nuevo-renacer.com\/#organization\",\"name\":\"UFEC\",\"url\":\"https:\/\/nuevo-renacer.com\/\",\"logo\":{\"@type\":\"ImageObject\",\"inLanguage\":\"de\",\"@id\":\"https:\/\/nuevo-renacer.com\/#\/schema\/logo\/image\/\",\"url\":\"https:\/\/nuevo-renacer.com\/wp-content\/uploads\/2024\/05\/cropped-LOGO-TERMINADO1-3-3.png\",\"contentUrl\":\"https:\/\/nuevo-renacer.com\/wp-content\/uploads\/2024\/05\/cropped-LOGO-TERMINADO1-3-3.png\",\"width\":512,\"height\":512,\"caption\":\"UFEC\"},\"image\":{\"@id\":\"https:\/\/nuevo-renacer.com\/#\/schema\/logo\/image\/\"},\"sameAs\":[\"https:\/\/www.facebook.com\/groups\/3431398063740829\"]}]}<\/script>\n<!-- \/ Yoast SEO Premium plugin. -->","yoast_head_json":{"title":"Benedito Godoy Paiva - Uni\u00f3n Esp\u00edrita","robots":{"index":"index","follow":"follow","max-snippet":"max-snippet:-1","max-image-preview":"max-image-preview:large","max-video-preview":"max-video-preview:-1"},"canonical":"https:\/\/nuevo-renacer.com\/de\/benedito-godoy-paiva\/","og_locale":"de_DE","og_type":"article","og_title":"Benedito Godoy Paiva","og_description":"Benedito Godoy Paiva Durante m\u00e1s de veinticinco a\u00f1os, un orador fue invariablemente solicitado para la mayor\u00eda de los eventos espiritistas en S\u00e3o Paulo. Sus palabras ten\u00edan el m\u00e9rito de atraer a un numeroso p\u00fablico porque, adem\u00e1s de ser un conferenciante autorizado, ten\u00eda un estilo muy peculiar de pronunciar sus discursos, inici\u00e1ndolos con una breve historia, [&hellip;]","og_url":"https:\/\/nuevo-renacer.com\/de\/benedito-godoy-paiva\/","og_site_name":"Uni\u00f3n Esp\u00edrita","article_publisher":"https:\/\/www.facebook.com\/groups\/3431398063740829","article_modified_time":"2025-05-14T12:43:02+00:00","og_image":[{"width":285,"height":456,"url":"https:\/\/nuevo-renacer.com\/wp-content\/uploads\/2025\/05\/Benedito-Godoy-Paiva.jpg","type":"image\/jpeg"}],"twitter_card":"summary_large_image","twitter_misc":{"Gesch\u00e4tzte Lesezeit":"7\u00a0Minuten"},"schema":{"@context":"https:\/\/schema.org","@graph":[{"@type":"WebPage","@id":"https:\/\/nuevo-renacer.com\/benedito-godoy-paiva\/","url":"https:\/\/nuevo-renacer.com\/benedito-godoy-paiva\/","name":"Benedito Godoy Paiva - Uni\u00f3n Esp\u00edrita","isPartOf":{"@id":"https:\/\/nuevo-renacer.com\/#website"},"primaryImageOfPage":{"@id":"https:\/\/nuevo-renacer.com\/benedito-godoy-paiva\/#primaryimage"},"image":{"@id":"https:\/\/nuevo-renacer.com\/benedito-godoy-paiva\/#primaryimage"},"thumbnailUrl":"https:\/\/nuevo-renacer.com\/wp-content\/uploads\/2025\/05\/Benedito-Godoy-Paiva.jpg","datePublished":"2025-05-14T12:35:03+00:00","dateModified":"2025-05-14T12:43:02+00:00","breadcrumb":{"@id":"https:\/\/nuevo-renacer.com\/benedito-godoy-paiva\/#breadcrumb"},"inLanguage":"de","potentialAction":[{"@type":"ReadAction","target":["https:\/\/nuevo-renacer.com\/benedito-godoy-paiva\/"]}]},{"@type":"ImageObject","inLanguage":"de","@id":"https:\/\/nuevo-renacer.com\/benedito-godoy-paiva\/#primaryimage","url":"https:\/\/nuevo-renacer.com\/wp-content\/uploads\/2025\/05\/Benedito-Godoy-Paiva.jpg","contentUrl":"https:\/\/nuevo-renacer.com\/wp-content\/uploads\/2025\/05\/Benedito-Godoy-Paiva.jpg"},{"@type":"BreadcrumbList","@id":"https:\/\/nuevo-renacer.com\/benedito-godoy-paiva\/#breadcrumb","itemListElement":[{"@type":"ListItem","position":1,"name":"Startseite","item":"https:\/\/nuevo-renacer.com\/"},{"@type":"ListItem","position":2,"name":"Benedito Godoy Paiva"}]},{"@type":"WebSite","@id":"https:\/\/nuevo-renacer.com\/#website","url":"https:\/\/nuevo-renacer.com\/","name":"Uni\u00f3n Esp\u00edrita","description":"Nuevo Renacer","publisher":{"@id":"https:\/\/nuevo-renacer.com\/#organization"},"potentialAction":[{"@type":"SearchAction","target":{"@type":"EntryPoint","urlTemplate":"https:\/\/nuevo-renacer.com\/?s={search_term_string}"},"query-input":{"@type":"PropertyValueSpecification","valueRequired":true,"valueName":"search_term_string"}}],"inLanguage":"de"},{"@type":"Organization","@id":"https:\/\/nuevo-renacer.com\/#organization","name":"UFEC","url":"https:\/\/nuevo-renacer.com\/","logo":{"@type":"ImageObject","inLanguage":"de","@id":"https:\/\/nuevo-renacer.com\/#\/schema\/logo\/image\/","url":"https:\/\/nuevo-renacer.com\/wp-content\/uploads\/2024\/05\/cropped-LOGO-TERMINADO1-3-3.png","contentUrl":"https:\/\/nuevo-renacer.com\/wp-content\/uploads\/2024\/05\/cropped-LOGO-TERMINADO1-3-3.png","width":512,"height":512,"caption":"UFEC"},"image":{"@id":"https:\/\/nuevo-renacer.com\/#\/schema\/logo\/image\/"},"sameAs":["https:\/\/www.facebook.com\/groups\/3431398063740829"]}]}},"uagb_featured_image_src":{"full":false,"thumbnail":false,"medium":false,"medium_large":false,"large":false,"1536x1536":false,"2048x2048":false,"trp-custom-language-flag":false},"uagb_author_info":{"display_name":"adbv0","author_link":"https:\/\/nuevo-renacer.com\/de\/author\/adbv0\/"},"uagb_comment_info":0,"uagb_excerpt":"Benedito Godoy Paiva Durante m\u00e1s de veinticinco a\u00f1os, un orador fue invariablemente solicitado para la mayor\u00eda de los eventos espiritistas en S\u00e3o Paulo. Sus palabras ten\u00edan el m\u00e9rito de atraer a un numeroso p\u00fablico porque, adem\u00e1s de ser un conferenciante autorizado, ten\u00eda un estilo muy peculiar de pronunciar sus discursos, inici\u00e1ndolos con una breve historia,&hellip;","jetpack_sharing_enabled":true,"_links":{"self":[{"href":"https:\/\/nuevo-renacer.com\/de\/wp-json\/wp\/v2\/pages\/8091","targetHints":{"allow":["GET"]}}],"collection":[{"href":"https:\/\/nuevo-renacer.com\/de\/wp-json\/wp\/v2\/pages"}],"about":[{"href":"https:\/\/nuevo-renacer.com\/de\/wp-json\/wp\/v2\/types\/page"}],"author":[{"embeddable":true,"href":"https:\/\/nuevo-renacer.com\/de\/wp-json\/wp\/v2\/users\/1"}],"replies":[{"embeddable":true,"href":"https:\/\/nuevo-renacer.com\/de\/wp-json\/wp\/v2\/comments?post=8091"}],"version-history":[{"count":3,"href":"https:\/\/nuevo-renacer.com\/de\/wp-json\/wp\/v2\/pages\/8091\/revisions"}],"predecessor-version":[{"id":8097,"href":"https:\/\/nuevo-renacer.com\/de\/wp-json\/wp\/v2\/pages\/8091\/revisions\/8097"}],"wp:attachment":[{"href":"https:\/\/nuevo-renacer.com\/de\/wp-json\/wp\/v2\/media?parent=8091"}],"curies":[{"name":"wp","href":"https:\/\/api.w.org\/{rel}","templated":true}]}}