{"id":8038,"date":"2025-05-14T07:52:43","date_gmt":"2025-05-14T07:52:43","guid":{"rendered":"https:\/\/nuevo-renacer.com\/?page_id=8038"},"modified":"2025-05-14T08:12:54","modified_gmt":"2025-05-14T08:12:54","slug":"francois-fenelon","status":"publish","type":"page","link":"https:\/\/nuevo-renacer.com\/de\/francois-fenelon\/","title":{"rendered":"Fran\u00e7ois F\u00e9nelon"},"content":{"rendered":"<div class=\"wp-block-uagb-container uagb-block-44c8db5d alignfull uagb-is-root-container\"><div class=\"uagb-container-inner-blocks-wrap\">\n<p class=\"has-black-color has-text-color has-link-color has-medium-font-size wp-elements-a4842ae9c653b386b0d962d86dd4001b\"><strong>Fran\u00e7ois F\u00e9nelon<\/strong><\/p>\n<\/div><\/div>\n\n\n\n<div class=\"wp-block-uagb-container uagb-block-ec19c419 alignfull uagb-is-root-container\"><div class=\"uagb-container-inner-blocks-wrap\">\n<figure class=\"wp-block-image size-full is-resized\"><img fetchpriority=\"high\" decoding=\"async\" width=\"321\" height=\"400\" src=\"https:\/\/nuevo-renacer.com\/wp-content\/uploads\/2025\/05\/Fenelon.jpg\" alt=\"\" class=\"wp-image-8039\" style=\"width:270px;height:auto\" srcset=\"https:\/\/nuevo-renacer.com\/wp-content\/uploads\/2025\/05\/Fenelon.jpg 321w, https:\/\/nuevo-renacer.com\/wp-content\/uploads\/2025\/05\/Fenelon-241x300.jpg 241w, https:\/\/nuevo-renacer.com\/wp-content\/uploads\/2025\/05\/Fenelon-10x12.jpg 10w\" sizes=\"(max-width: 321px) 100vw, 321px\" \/><\/figure>\n<\/div><\/div>\n\n\n\n<div class=\"wp-block-uagb-container uagb-block-c98bb3e7 alignfull uagb-is-root-container\"><div class=\"uagb-container-inner-blocks-wrap\">\n<p class=\"has-black-color has-text-color has-link-color wp-elements-2d241272a5e49aa64399d2b86de15d3f\"><strong>Einer der Exponenten der spiritistischen Kodifizierung<\/strong><\/p>\n\n\n\n<p class=\"has-black-color has-text-color has-link-color has-small-font-size wp-elements-9eefa1d78457a5e545300398e99f480f\">Fran\u00e7ois de Salignac de La Mothe, Herzog von F\u00e9nelon, wurde am 6. August 1651 auf dem Familienschloss im P\u00e9rigord geboren. Er starb am 7. Januar 1715 in Cambrai im Alter von 63 Jahren.<\/p>\n\n\n\n<p class=\"has-black-color has-text-color has-link-color has-small-font-size wp-elements-9645b96e5015589e9461deef36b06a22\">Bis zu seinem zw\u00f6lften Lebensjahr wurde das Kind zu Hause unterrichtet. Sein Lehrer - sein Name wird in den konsultierten Quellen nicht genannt - hatte eine Vorliebe f\u00fcr Latein und Griechisch und versuchte sofort, ihm diese Sprachen beizubringen, um ihn mit den Meisterwerken der klassischen Literatur vertraut zu machen.<\/p>\n\n\n\n<p class=\"has-black-color has-text-color has-link-color has-small-font-size wp-elements-0a93bbe7d531d3e27339815e68585631\">Im Alter von zw\u00f6lf Jahren trat F\u00e9nelon in die Universit\u00e4t von Cahors ein, wo er sein Philosophiestudium abschloss, das er am Coll\u00e8ge Du Plessis in Paris fortsetzte. An dieser ber\u00fchmten Schule widmete er sich der Theologie und lernte den Abbe de Noailles kennen, der ebenfalls aus einer adligen Familie stammte und sp\u00e4ter die h\u00f6chsten Positionen in der franz\u00f6sischen Kirchenhierarchie einnehmen sollte.<\/p>\n\n\n\n<p class=\"has-black-color has-text-color has-link-color has-small-font-size wp-elements-1da46a729b045b576533131eda5fd8ca\">Im Alter von f\u00fcnfzehn Jahren erhielt F\u00e9nelon den Auftrag, seine erste Predigt zu halten - mit gro\u00dfem Erfolg. Aus dieser Einf\u00fchrung geht bereits hervor, dass die oberen R\u00e4nge der Kirche und der Politik aus Personen mit hohem Stammbaum bestanden. Dies war das Umfeld, in dem F\u00e9nelon den Rest seines Lebens verbringen sollte.<\/p>\n\n\n\n<p class=\"has-black-color has-text-color has-link-color has-small-font-size wp-elements-157e6c3d5957242d86d46820d4087b1d\">Vom Kolleg von Plessis ging F\u00e9nelon ins Priesterseminar von Saint-Sulpice, das damals von Tronson geleitet wurde. Im Jahr 1675 wurde der junge Seminarist im Alter von 24 Jahren im Priesterseminar von Saint-Sulpice geweiht. In den folgenden drei Jahren nahm er seine kirchlichen Aufgaben an der Seite der anderen Priester der Gemeinde wahr. An Sonn- und Feiertagen war er daf\u00fcr zust\u00e4ndig, der \u00d6ffentlichkeit die Texte des Evangeliums zu erl\u00e4utern. Er nimmt aktiv an der Katechese teil. Die Kirche von Saint-Sulpice bewahrt seine Litaneien von L'enfant-J\u00e9sus auf, die er speziell f\u00fcr die Gemeindemitglieder geschrieben hat.<\/p>\n\n\n\n<p class=\"has-black-color has-text-color has-link-color has-small-font-size wp-elements-ffe304eef614656f2303c37421a5b1ef\">Der junge Priester beabsichtigte damals, eine apostolische Mission im Osten zu \u00fcbernehmen, um mit dem Glanz seiner Worte und der Breite seiner theologischen Kultur so viele Heiden wie m\u00f6glich zum Christentum zu bekehren. Doch dies sollte nicht sein Schicksal sein, denn \u201eNouvelles catholiques\u201c war eine Einrichtung, die junge M\u00e4nner und Frauen aufnahm, die vor kurzem vom Protestantismus zum Katholizismus \u00fcbergetreten waren, um in ihnen die gute und rechtgl\u00e4ubige Lehre der Kirche zu festigen. Ein weiteres Ziel bestand darin, diejenigen zu unterrichten, die bereit waren, die \u201eKetzerei\u201c aufzugeben.<\/p>\n\n\n\n<p class=\"has-black-color has-text-color has-link-color has-small-font-size wp-elements-9cbc10dacd6f448a55053d05bbc3a2a3\">Die katholischen Verantwortlichen - Pr\u00e4laten und Laien - waren sehr um das Heil der Seelen besorgt, die das Pech gehabt hatten, von Luthers \u201egef\u00e4hrlichen\u201c Ideen angezogen zu werden. Im Jahr 1681 wird der Bischof von Sarlat - ebenfalls ein Adliger! - F\u00e9nelons Onkel, zugunsten seines Neffen auf das Dekanat Carenas, das ihm j\u00e4hrlich zwischen drei- und viertausend franz\u00f6sische Pfund einbrachte. F\u00e9nelon verlie\u00df die Novas Catholiques eine Zeit lang, um sein neues Amt anzutreten, kehrte aber bald nach Paris zur\u00fcck und \u00fcbernahm wieder die Leitung der Einrichtung, die er zehn Jahre lang innehatte.<\/p>\n\n\n\n<p class=\"has-black-color has-text-color has-link-color has-small-font-size wp-elements-637de051cd88fd1f23fcd57c106a4092\">In dieser Zeit schrieb er De L'\u00e9ducation des filles, das erste gro\u00dfe Werk seiner Karriere als Schriftsteller und Erzieher. Das Buch, das die Herzogin von Beauviller als Leitfaden f\u00fcr die Erziehung ihrer T\u00f6chter in Auftrag gegeben hatte, war ein gro\u00dfer Erfolg und wurde zu einem Nachschlagewerk f\u00fcr die Familien der damaligen Zeit sowie zu einem Referenztext f\u00fcr P\u00e4dagogikwissenschaftler.<\/p>\n\n\n\n<p class=\"has-black-color has-text-color has-link-color has-small-font-size wp-elements-6600cc1bb1133a80cdaf841bfe30b707\">Dank seiner Einfachheit, seiner Sanftheit und seiner N\u00e4chstenliebe hatte F\u00e9nelon einen beachtlichen Erfolg in seiner Aufgabe und bekehrte schnell eine gro\u00dfe Anzahl von Menschen. F\u00e9nelon lie\u00df sich von seinen zahlreichen Erfolgen nicht t\u00e4uschen und erkannte, dass nicht alle aufrichtig waren. Dies ist jedoch eine realistische Einsch\u00e4tzung. Da die Protestanten in der Minderheit waren und ge\u00e4chtet wurden, war der Katholizismus bequemer oder zumindest sicherer geworden. Dennoch, so f\u00fcgt er hinzu, wurde das Ergebnis seiner Mission als \u201esehr zufriedenstellend\u201c betrachtet.<\/p>\n\n\n\n<p class=\"has-black-color has-text-color has-link-color has-small-font-size wp-elements-b8534756646da66288030b08fac67b3b\">Es blieb jedoch nicht ohne Kritik. Die radikaleren Fl\u00fcgel der Kirche griffen seine Bekehrungsmethoden an und hielten ihn f\u00fcr \u201ezu herablassend gegen\u00fcber Ketzern\u201c. Er zog es vor, sich nicht zu rechtfertigen.<\/p>\n\n\n\n<p class=\"has-black-color has-text-color has-link-color has-small-font-size wp-elements-56d13351b00bab7b42c8dee2d6383357\">In der Zwischenzeit wurde das Bischofsamt von Poitiers vakant. F\u00e9nelons Name wurde vorgeschlagen und der K\u00f6nig stimmte zu, aber die Ernennung kam nicht zustande, wie es hei\u00dft, wegen der Intrigen des adligen Herrn von Harlay, Erzbischof von Paris, der seine Differenzen mit Bossuet hatte und F\u00e9nelons Freundschaft mit seinem Rivalen nicht guthie\u00df. Alles im Stil der schlimmsten Hinterzimmerpolitik.<\/p>\n\n\n\n<p class=\"has-black-color has-text-color has-link-color has-small-font-size wp-elements-ba149f051b6c6156d27d59ddecb16a25\">Etwa zur gleichen Zeit erlitt F\u00e9nelon einen weiteren R\u00fcckschlag. Irgendjemand - war es immer noch der Erzbischof von Paris? - \u00fcberredete den K\u00f6nig, ihm die Ernennung zum Koadjutor des Erzbischofs von La Rochelle zu verweigern, der ihn als Kollaborateur haben wollte.<\/p>\n\n\n\n<p class=\"has-black-color has-text-color has-link-color has-small-font-size wp-elements-3c2fcdd8576e89a2dd7b303842140976\">Kurz darauf, im Jahr 1689, wehten die guten Winde des Erfolgs erneut zu Gunsten des jungen Pr\u00e4laten. Der Herzog von Beauvilliers, der zum \"Gouverneur\" des jungen Herzogs von Burgund - Enkel des K\u00f6nigs und Kronprinz - ernannt wurde, w\u00e4hlte F\u00e9nelon zum Ehrenpr\u00e4zeptor des Prinzen. Wie wir uns erinnern, hatte er auf Wunsch der Herzogin von Beauvillers ein Buch geschrieben, das sie bei der Erziehung der T\u00f6chter des Paares unterst\u00fctzen sollte.<\/p>\n\n\n\n<p class=\"has-black-color has-text-color has-link-color has-small-font-size wp-elements-39a791dddb5fb427ed79dd7cf25fc800\">F\u00e9nelon machte sich sofort an die Arbeit, um das Verhalten des Prinzen mit selbst verfassten Fabeln zu korrigieren. Dann schrieb er die kuriosen Dialogues des Morts (Dialoge der Toten), einen geistreichen und kreativen Text, in dem er historische Figuren aus der Vergangenheit in einen Dialog verwickelte, um seine eigenen Handlungen und Haltungen zu bewerten.<\/p>\n\n\n\n<p class=\"has-black-color has-text-color has-link-color has-small-font-size wp-elements-4f1a754e81205f426918157bab7bb2aa\">Die letzten Jahre F\u00e9nelons waren vom Tod seiner besten Freunde gepr\u00e4gt. Ende 1710 verlor er den Abb\u00e9 de Langeron, seinen langj\u00e4hrigen Gef\u00e4hrten; im Februar 1712 starb sein Sch\u00fcler, der Herzog von Burgund. Einige Monate sp\u00e4ter wurde der Herzog von Chevreuse gefangen genommen, im August 1714 folgte der Herzog von Beauvillers. F\u00e9nelon \u00fcberlebte nur noch wenige Monate. Mit ihm verschwand eines der ber\u00fchmtesten Mitglieder des franz\u00f6sischen Episkopats, zweifelsohne einer der attraktivsten M\u00e4nner seiner Zeit. Sein Erfolg war allein seinem gro\u00dfen Talent und seinen bewundernswerten Tugenden zu verdanken.<\/p>\n\n\n\n<p class=\"has-black-color has-text-color has-link-color has-small-font-size wp-elements-2ee5f3f4d40ffe478f0f2c11096feaeb\">F\u00e9nelon taucht in der Spiritistischen Kodifikation an mehreren Stellen auf, unter anderem im \"Buch der Geister\", wo er die Prolegomena unterschreibt, zusammen mit einer Vielzahl von geistlichen Pers\u00f6nlichkeiten. Auch die Antwort auf die Frage Nr. 917 ist f\u00fcr ihn von besonderem Interesse.<\/p>\n\n\n\n<p class=\"has-black-color has-text-color has-link-color has-small-font-size wp-elements-3fb357f2b292ac81eb83cd716e360913\">In \"Das Evangelium im Lichte des Spiritismus\" erscheint er an verschiedenen Stellen und spricht \u00fcber die dritte Offenbarung und die moralische Revolution des Menschen (Kapitel I, 10); den guten Menschen und die freiwilligen Qualen (Kapitel V, 22 - 23); das Gesetz der Liebe (Kapitel XI, 9); den Hass (Kapitel XII, 10) und den Umgang mit Reichtum (Kapitel XVI, 13).<\/p>\n\n\n\n<p class=\"has-black-color has-text-color has-link-color has-small-font-size wp-elements-989c2f0f6aade43a52d85eca3e2f0fc0\">In \u201cDas Buch der Medien\u201c erscheint er im Kapitel \u00fcber spiritistische Dissertationen (Kapitel XXXI, 2. Teil, Punkte XXI und XXII), in dem er Aspekte der spiritistischen Treffen und die Vielzahl der spiritistischen Gruppen entwickelt.<\/p>\n\n\n\n<p class=\"has-black-color has-text-color has-link-color has-small-font-size wp-elements-0827b5af429cb10853863ee6fd2df1ab\">Es ist wichtig zu bemerken, dass die H\u00f6hepunkte diejenigen sind, in denen der Geist mit seinen Namen unterschreibt, wenn man bedenkt, dass er, wie die anderen Geister, die f\u00fcr die Kodifizierung verantwortlich sind, in vielen anderen Momenten anwesend gewesen sein muss und seinen besonderen Beitrag geleistet hat. Damals wurde er vom Geist der Wahrheit eingeladen, sich seinem Team bei einem so gro\u00dfen Unterfangen anzuschlie\u00dfen.<\/p>\n<\/div><\/div>\n\n\n\n<div class=\"wp-block-uagb-container uagb-block-36ba8f65 alignfull uagb-is-root-container\"><div class=\"uagb-container-inner-blocks-wrap\"><\/div><\/div>\n\n\n\n<div class=\"wp-block-uagb-container uagb-block-48816f1e alignfull uagb-is-root-container\"><div class=\"uagb-container-inner-blocks-wrap\"><\/div><\/div>","protected":false},"excerpt":{"rendered":"<p>Fran\u00e7ois F\u00e9nelon Uno de los exponentes de la codificaci\u00f3n esp\u00edrita Fran\u00e7ois de Salignac de La Mothe, duque de F\u00e9nelon, naci\u00f3 en el castillo familiar de P\u00e9rigord el 6 de agosto de 1651. Muri\u00f3 en Cambrai el 7 de enero de 1715, a la edad de sesenta y tres a\u00f1os. Hasta los doce a\u00f1os, el ni\u00f1o [&hellip;]<\/p>","protected":false},"author":1,"featured_media":0,"parent":0,"menu_order":0,"comment_status":"closed","ping_status":"closed","template":"","meta":{"_uag_custom_page_level_css":"","site-sidebar-layout":"default","site-content-layout":"","ast-site-content-layout":"default","site-content-style":"default","site-sidebar-style":"default","ast-global-header-display":"","ast-banner-title-visibility":"","ast-main-header-display":"","ast-hfb-above-header-display":"","ast-hfb-below-header-display":"","ast-hfb-mobile-header-display":"","site-post-title":"disabled","ast-breadcrumbs-content":"","ast-featured-img":"","footer-sml-layout":"","theme-transparent-header-meta":"","adv-header-id-meta":"","stick-header-meta":"","header-above-stick-meta":"","header-main-stick-meta":"","header-below-stick-meta":"","astra-migrate-meta-layouts":"set","ast-page-background-enabled":"default","ast-page-background-meta":{"desktop":{"background-color":"var(--ast-global-color-4)","background-image":"","background-repeat":"repeat","background-position":"center center","background-size":"auto","background-attachment":"scroll","background-type":"","background-media":"","overlay-type":"","overlay-color":"","overlay-opacity":"","overlay-gradient":""},"tablet":{"background-color":"","background-image":"","background-repeat":"repeat","background-position":"center center","background-size":"auto","background-attachment":"scroll","background-type":"","background-media":"","overlay-type":"","overlay-color":"","overlay-opacity":"","overlay-gradient":""},"mobile":{"background-color":"","background-image":"","background-repeat":"repeat","background-position":"center center","background-size":"auto","background-attachment":"scroll","background-type":"","background-media":"","overlay-type":"","overlay-color":"","overlay-opacity":"","overlay-gradient":""}},"ast-content-background-meta":{"desktop":{"background-color":"var(--ast-global-color-5)","background-image":"","background-repeat":"repeat","background-position":"center center","background-size":"auto","background-attachment":"scroll","background-type":"","background-media":"","overlay-type":"","overlay-color":"","overlay-opacity":"","overlay-gradient":""},"tablet":{"background-color":"var(--ast-global-color-5)","background-image":"","background-repeat":"repeat","background-position":"center center","background-size":"auto","background-attachment":"scroll","background-type":"","background-media":"","overlay-type":"","overlay-color":"","overlay-opacity":"","overlay-gradient":""},"mobile":{"background-color":"var(--ast-global-color-5)","background-image":"","background-repeat":"repeat","background-position":"center center","background-size":"auto","background-attachment":"scroll","background-type":"","background-media":"","overlay-type":"","overlay-color":"","overlay-opacity":"","overlay-gradient":""}},"footnotes":""},"class_list":["post-8038","page","type-page","status-publish","hentry"],"yoast_head":"<!-- This site is optimized with the Yoast SEO Premium plugin v24.2 (Yoast SEO v24.6) - https:\/\/yoast.com\/wordpress\/plugins\/seo\/ -->\n<title>Fran\u00e7ois F\u00e9nelon - Uni\u00f3n Esp\u00edrita<\/title>\n<meta name=\"robots\" content=\"index, follow, max-snippet:-1, max-image-preview:large, max-video-preview:-1\" \/>\n<link rel=\"canonical\" href=\"https:\/\/nuevo-renacer.com\/de\/francois-fenelon\/\" \/>\n<meta property=\"og:locale\" content=\"de_DE\" \/>\n<meta property=\"og:type\" content=\"article\" \/>\n<meta property=\"og:title\" content=\"Fran\u00e7ois F\u00e9nelon\" \/>\n<meta property=\"og:description\" content=\"Fran\u00e7ois F\u00e9nelon Uno de los exponentes de la codificaci\u00f3n esp\u00edrita Fran\u00e7ois de Salignac de La Mothe, duque de F\u00e9nelon, naci\u00f3 en el castillo familiar de P\u00e9rigord el 6 de agosto de 1651. Muri\u00f3 en Cambrai el 7 de enero de 1715, a la edad de sesenta y tres a\u00f1os. Hasta los doce a\u00f1os, el ni\u00f1o [&hellip;]\" \/>\n<meta property=\"og:url\" content=\"https:\/\/nuevo-renacer.com\/de\/francois-fenelon\/\" \/>\n<meta property=\"og:site_name\" content=\"Uni\u00f3n Esp\u00edrita\" \/>\n<meta property=\"article:publisher\" content=\"https:\/\/www.facebook.com\/groups\/3431398063740829\" \/>\n<meta property=\"article:modified_time\" content=\"2025-05-14T08:12:54+00:00\" \/>\n<meta property=\"og:image\" content=\"https:\/\/nuevo-renacer.com\/wp-content\/uploads\/2025\/05\/Fenelon.jpg\" \/>\n\t<meta property=\"og:image:width\" content=\"321\" \/>\n\t<meta property=\"og:image:height\" content=\"400\" \/>\n\t<meta property=\"og:image:type\" content=\"image\/jpeg\" \/>\n<meta name=\"twitter:card\" content=\"summary_large_image\" \/>\n<meta name=\"twitter:label1\" content=\"Gesch\u00e4tzte Lesezeit\" \/>\n\t<meta name=\"twitter:data1\" content=\"7\u00a0Minuten\" \/>\n<script type=\"application\/ld+json\" class=\"yoast-schema-graph\">{\"@context\":\"https:\/\/schema.org\",\"@graph\":[{\"@type\":\"WebPage\",\"@id\":\"https:\/\/nuevo-renacer.com\/francois-fenelon\/\",\"url\":\"https:\/\/nuevo-renacer.com\/francois-fenelon\/\",\"name\":\"Fran\u00e7ois F\u00e9nelon - Uni\u00f3n Esp\u00edrita\",\"isPartOf\":{\"@id\":\"https:\/\/nuevo-renacer.com\/#website\"},\"primaryImageOfPage\":{\"@id\":\"https:\/\/nuevo-renacer.com\/francois-fenelon\/#primaryimage\"},\"image\":{\"@id\":\"https:\/\/nuevo-renacer.com\/francois-fenelon\/#primaryimage\"},\"thumbnailUrl\":\"https:\/\/nuevo-renacer.com\/wp-content\/uploads\/2025\/05\/Fenelon.jpg\",\"datePublished\":\"2025-05-14T07:52:43+00:00\",\"dateModified\":\"2025-05-14T08:12:54+00:00\",\"breadcrumb\":{\"@id\":\"https:\/\/nuevo-renacer.com\/francois-fenelon\/#breadcrumb\"},\"inLanguage\":\"de\",\"potentialAction\":[{\"@type\":\"ReadAction\",\"target\":[\"https:\/\/nuevo-renacer.com\/francois-fenelon\/\"]}]},{\"@type\":\"ImageObject\",\"inLanguage\":\"de\",\"@id\":\"https:\/\/nuevo-renacer.com\/francois-fenelon\/#primaryimage\",\"url\":\"https:\/\/nuevo-renacer.com\/wp-content\/uploads\/2025\/05\/Fenelon.jpg\",\"contentUrl\":\"https:\/\/nuevo-renacer.com\/wp-content\/uploads\/2025\/05\/Fenelon.jpg\"},{\"@type\":\"BreadcrumbList\",\"@id\":\"https:\/\/nuevo-renacer.com\/francois-fenelon\/#breadcrumb\",\"itemListElement\":[{\"@type\":\"ListItem\",\"position\":1,\"name\":\"Startseite\",\"item\":\"https:\/\/nuevo-renacer.com\/\"},{\"@type\":\"ListItem\",\"position\":2,\"name\":\"Fran\u00e7ois F\u00e9nelon\"}]},{\"@type\":\"WebSite\",\"@id\":\"https:\/\/nuevo-renacer.com\/#website\",\"url\":\"https:\/\/nuevo-renacer.com\/\",\"name\":\"Uni\u00f3n Esp\u00edrita\",\"description\":\"Nuevo Renacer\",\"publisher\":{\"@id\":\"https:\/\/nuevo-renacer.com\/#organization\"},\"potentialAction\":[{\"@type\":\"SearchAction\",\"target\":{\"@type\":\"EntryPoint\",\"urlTemplate\":\"https:\/\/nuevo-renacer.com\/?s={search_term_string}\"},\"query-input\":{\"@type\":\"PropertyValueSpecification\",\"valueRequired\":true,\"valueName\":\"search_term_string\"}}],\"inLanguage\":\"de\"},{\"@type\":\"Organization\",\"@id\":\"https:\/\/nuevo-renacer.com\/#organization\",\"name\":\"UFEC\",\"url\":\"https:\/\/nuevo-renacer.com\/\",\"logo\":{\"@type\":\"ImageObject\",\"inLanguage\":\"de\",\"@id\":\"https:\/\/nuevo-renacer.com\/#\/schema\/logo\/image\/\",\"url\":\"https:\/\/nuevo-renacer.com\/wp-content\/uploads\/2024\/05\/cropped-LOGO-TERMINADO1-3-3.png\",\"contentUrl\":\"https:\/\/nuevo-renacer.com\/wp-content\/uploads\/2024\/05\/cropped-LOGO-TERMINADO1-3-3.png\",\"width\":512,\"height\":512,\"caption\":\"UFEC\"},\"image\":{\"@id\":\"https:\/\/nuevo-renacer.com\/#\/schema\/logo\/image\/\"},\"sameAs\":[\"https:\/\/www.facebook.com\/groups\/3431398063740829\"]}]}<\/script>\n<!-- \/ Yoast SEO Premium plugin. -->","yoast_head_json":{"title":"Fran\u00e7ois F\u00e9nelon - Uni\u00f3n Esp\u00edrita","robots":{"index":"index","follow":"follow","max-snippet":"max-snippet:-1","max-image-preview":"max-image-preview:large","max-video-preview":"max-video-preview:-1"},"canonical":"https:\/\/nuevo-renacer.com\/de\/francois-fenelon\/","og_locale":"de_DE","og_type":"article","og_title":"Fran\u00e7ois F\u00e9nelon","og_description":"Fran\u00e7ois F\u00e9nelon Uno de los exponentes de la codificaci\u00f3n esp\u00edrita Fran\u00e7ois de Salignac de La Mothe, duque de F\u00e9nelon, naci\u00f3 en el castillo familiar de P\u00e9rigord el 6 de agosto de 1651. Muri\u00f3 en Cambrai el 7 de enero de 1715, a la edad de sesenta y tres a\u00f1os. Hasta los doce a\u00f1os, el ni\u00f1o [&hellip;]","og_url":"https:\/\/nuevo-renacer.com\/de\/francois-fenelon\/","og_site_name":"Uni\u00f3n Esp\u00edrita","article_publisher":"https:\/\/www.facebook.com\/groups\/3431398063740829","article_modified_time":"2025-05-14T08:12:54+00:00","og_image":[{"width":321,"height":400,"url":"https:\/\/nuevo-renacer.com\/wp-content\/uploads\/2025\/05\/Fenelon.jpg","type":"image\/jpeg"}],"twitter_card":"summary_large_image","twitter_misc":{"Gesch\u00e4tzte Lesezeit":"7\u00a0Minuten"},"schema":{"@context":"https:\/\/schema.org","@graph":[{"@type":"WebPage","@id":"https:\/\/nuevo-renacer.com\/francois-fenelon\/","url":"https:\/\/nuevo-renacer.com\/francois-fenelon\/","name":"Fran\u00e7ois F\u00e9nelon - Uni\u00f3n Esp\u00edrita","isPartOf":{"@id":"https:\/\/nuevo-renacer.com\/#website"},"primaryImageOfPage":{"@id":"https:\/\/nuevo-renacer.com\/francois-fenelon\/#primaryimage"},"image":{"@id":"https:\/\/nuevo-renacer.com\/francois-fenelon\/#primaryimage"},"thumbnailUrl":"https:\/\/nuevo-renacer.com\/wp-content\/uploads\/2025\/05\/Fenelon.jpg","datePublished":"2025-05-14T07:52:43+00:00","dateModified":"2025-05-14T08:12:54+00:00","breadcrumb":{"@id":"https:\/\/nuevo-renacer.com\/francois-fenelon\/#breadcrumb"},"inLanguage":"de","potentialAction":[{"@type":"ReadAction","target":["https:\/\/nuevo-renacer.com\/francois-fenelon\/"]}]},{"@type":"ImageObject","inLanguage":"de","@id":"https:\/\/nuevo-renacer.com\/francois-fenelon\/#primaryimage","url":"https:\/\/nuevo-renacer.com\/wp-content\/uploads\/2025\/05\/Fenelon.jpg","contentUrl":"https:\/\/nuevo-renacer.com\/wp-content\/uploads\/2025\/05\/Fenelon.jpg"},{"@type":"BreadcrumbList","@id":"https:\/\/nuevo-renacer.com\/francois-fenelon\/#breadcrumb","itemListElement":[{"@type":"ListItem","position":1,"name":"Startseite","item":"https:\/\/nuevo-renacer.com\/"},{"@type":"ListItem","position":2,"name":"Fran\u00e7ois F\u00e9nelon"}]},{"@type":"WebSite","@id":"https:\/\/nuevo-renacer.com\/#website","url":"https:\/\/nuevo-renacer.com\/","name":"Uni\u00f3n Esp\u00edrita","description":"Nuevo Renacer","publisher":{"@id":"https:\/\/nuevo-renacer.com\/#organization"},"potentialAction":[{"@type":"SearchAction","target":{"@type":"EntryPoint","urlTemplate":"https:\/\/nuevo-renacer.com\/?s={search_term_string}"},"query-input":{"@type":"PropertyValueSpecification","valueRequired":true,"valueName":"search_term_string"}}],"inLanguage":"de"},{"@type":"Organization","@id":"https:\/\/nuevo-renacer.com\/#organization","name":"UFEC","url":"https:\/\/nuevo-renacer.com\/","logo":{"@type":"ImageObject","inLanguage":"de","@id":"https:\/\/nuevo-renacer.com\/#\/schema\/logo\/image\/","url":"https:\/\/nuevo-renacer.com\/wp-content\/uploads\/2024\/05\/cropped-LOGO-TERMINADO1-3-3.png","contentUrl":"https:\/\/nuevo-renacer.com\/wp-content\/uploads\/2024\/05\/cropped-LOGO-TERMINADO1-3-3.png","width":512,"height":512,"caption":"UFEC"},"image":{"@id":"https:\/\/nuevo-renacer.com\/#\/schema\/logo\/image\/"},"sameAs":["https:\/\/www.facebook.com\/groups\/3431398063740829"]}]}},"uagb_featured_image_src":{"full":false,"thumbnail":false,"medium":false,"medium_large":false,"large":false,"1536x1536":false,"2048x2048":false,"trp-custom-language-flag":false},"uagb_author_info":{"display_name":"adbv0","author_link":"https:\/\/nuevo-renacer.com\/de\/author\/adbv0\/"},"uagb_comment_info":0,"uagb_excerpt":"Fran\u00e7ois F\u00e9nelon Uno de los exponentes de la codificaci\u00f3n esp\u00edrita Fran\u00e7ois de Salignac de La Mothe, duque de F\u00e9nelon, naci\u00f3 en el castillo familiar de P\u00e9rigord el 6 de agosto de 1651. Muri\u00f3 en Cambrai el 7 de enero de 1715, a la edad de sesenta y tres a\u00f1os. Hasta los doce a\u00f1os, el ni\u00f1o&hellip;","jetpack_sharing_enabled":true,"_links":{"self":[{"href":"https:\/\/nuevo-renacer.com\/de\/wp-json\/wp\/v2\/pages\/8038","targetHints":{"allow":["GET"]}}],"collection":[{"href":"https:\/\/nuevo-renacer.com\/de\/wp-json\/wp\/v2\/pages"}],"about":[{"href":"https:\/\/nuevo-renacer.com\/de\/wp-json\/wp\/v2\/types\/page"}],"author":[{"embeddable":true,"href":"https:\/\/nuevo-renacer.com\/de\/wp-json\/wp\/v2\/users\/1"}],"replies":[{"embeddable":true,"href":"https:\/\/nuevo-renacer.com\/de\/wp-json\/wp\/v2\/comments?post=8038"}],"version-history":[{"count":2,"href":"https:\/\/nuevo-renacer.com\/de\/wp-json\/wp\/v2\/pages\/8038\/revisions"}],"predecessor-version":[{"id":8043,"href":"https:\/\/nuevo-renacer.com\/de\/wp-json\/wp\/v2\/pages\/8038\/revisions\/8043"}],"wp:attachment":[{"href":"https:\/\/nuevo-renacer.com\/de\/wp-json\/wp\/v2\/media?parent=8038"}],"curies":[{"name":"wp","href":"https:\/\/api.w.org\/{rel}","templated":true}]}}