{"id":7962,"date":"2025-04-15T11:51:12","date_gmt":"2025-04-15T11:51:12","guid":{"rendered":"https:\/\/nuevo-renacer.com\/?page_id=7962"},"modified":"2025-04-15T12:16:22","modified_gmt":"2025-04-15T12:16:22","slug":"adelaide-camara","status":"publish","type":"page","link":"https:\/\/nuevo-renacer.com\/de\/adelaide-camara\/","title":{"rendered":"Adelaide C\u00e2mara"},"content":{"rendered":"<div class=\"wp-block-uagb-container uagb-block-af8042d8 alignfull uagb-is-root-container\"><div class=\"uagb-container-inner-blocks-wrap\">\n<p class=\"has-black-color has-text-color has-link-color has-medium-font-size wp-elements-ab7da6da30ffcc4e8caae9699332c9c8\"><strong>Adelaide C\u00e2mara<\/strong><\/p>\n<\/div><\/div>\n\n\n\n<div class=\"wp-block-uagb-container uagb-block-011114a1 alignfull uagb-is-root-container\"><div class=\"uagb-container-inner-blocks-wrap\">\n<figure class=\"wp-block-image size-full is-resized\"><img fetchpriority=\"high\" decoding=\"async\" width=\"201\" height=\"250\" src=\"https:\/\/nuevo-renacer.com\/wp-content\/uploads\/2025\/04\/adelaide.jpg\" alt=\"\" class=\"wp-image-7963\" style=\"width:235px;height:auto\" srcset=\"https:\/\/nuevo-renacer.com\/wp-content\/uploads\/2025\/04\/adelaide.jpg 201w, https:\/\/nuevo-renacer.com\/wp-content\/uploads\/2025\/04\/adelaide-10x12.jpg 10w\" sizes=\"(max-width: 201px) 100vw, 201px\" \/><\/figure>\n<\/div><\/div>\n\n\n\n<div class=\"wp-block-uagb-container uagb-block-5e0ec883 alignfull uagb-is-root-container\"><div class=\"uagb-container-inner-blocks-wrap\">\n<p class=\"has-black-color has-text-color has-link-color has-small-font-size wp-elements-88029af7cc9755e81e26b4976d09f0b9\">Adelaide Augusta C\u00e2mara war eine der hingebungsvollsten weiblichen Pers\u00f6nlichkeiten des Spiritismus in Brasilien, bekannt unter ihrem Pseudonym Aura Celeste. Sie inkarnierte am 11. Januar 1874 in der Stadt Natal im Bundesstaat Rio Grande do Norte und desinkarnierte am 24. Oktober 1944 in Rio de Janeiro. Aura Celeste kam im Januar 1896 in die damalige Bundeshauptstadt, dank der Hilfe einiger protestantischer Aktivisten, deren Religion sie angeh\u00f6rte, die ihr die M\u00f6glichkeit gaben, an der Ram-Williams-Schule zu unterrichten, was sie einige Zeit lang mit gro\u00dfer Bravour tat, bis sie in ihrem eigenen Haus eine Grundschule einrichtete, in der viele illustre M\u00e4nner des brasilianischen politischen und sozialen Milieus bei ihr ihre ersten Buchstaben lernten.<\/p>\n\n\n\n<p class=\"has-black-color has-text-color has-link-color has-small-font-size wp-elements-d201aa96c48ec50a88ce2f286c10028d\">In dieser Phase ihres Lebens, im Jahr 1898, begann sie die ersten Manifestationen ihrer medialen F\u00e4higkeiten zu sp\u00fcren. Zu dieser Zeit stand der gro\u00dfe Bezerra de Menezes an der Spitze der brasilianischen Spiritistenf\u00f6deration, gekleidet in jenen Heiligenschein aus Prestige und Respekt, den ihm Gl\u00e4ubige und Nichtgl\u00e4ubige gleicherma\u00dfen entgegenbrachten, und der Spiritismus war das Thema aller Gespr\u00e4che, nicht nur durch mediale Ph\u00e4nomene und Heilungen, sondern auch durch m\u00fcndliche Propaganda, B\u00fccher und die Presse.<\/p>\n\n\n\n<p class=\"has-black-color has-text-color has-link-color has-small-font-size wp-elements-8e875dce84c8f9ae096b1b195dd90698\">Unter der weisen Anleitung von Bezerra de Menezes begann sie ihre bemerkenswerte mediale Karriere als Psychographin im Spiritistischen Zentrum Ismael. Der gro\u00dfe Apostel des brasilianischen Spiritismus sagte einst durch seine bekannte Hellsichtigkeit voraus, dass Adelaide C\u00e2mara mit ihren erstaunlichen F\u00e4higkeiten eines Tages Gl\u00e4ubige und Ungl\u00e4ubige gleicherma\u00dfen verbl\u00fcffen w\u00fcrde. Und Bezerras Prophezeiung lie\u00df nicht lange auf sich warten, denn schon bald begann Adelaide C\u00e2mara als H\u00f6rendes Medium an der Verbreitung der Lehre zu arbeiten, indem sie mit einer solchen Genauigkeit und Pr\u00e4zision Vortr\u00e4ge hielt und schrieb, dass sich ihr Name im ganzen Land verbreitete.<\/p>\n\n\n\n<p class=\"has-black-color has-text-color has-link-color has-small-font-size wp-elements-5c9551b6b5c0087f98cfc3675bb03b04\">Als der unvergessliche Lehrer Dr. Bezerra de Menezes im Jahr 1900 starb, wandte sich Adelaide C\u00e2mara an den gro\u00dfen Pionier In\u00e1cio Bittencourt, und in den Sitzungen des Spiritistenkreises \u201eCaritas\u201c begann sie, ihre gro\u00dfartigen Dienste als Medium und als Propagandistin ersten Ranges zu leisten. Als sie 1906 heiratete, zwangen sie die Hausarbeit und die Erziehung ihrer Kinder dazu, sich sp\u00e4ter von der aktiven Propaganda in den Zentren zur\u00fcckzuziehen, aber sie blieb nicht unt\u00e4tig. In ihrer Freizeit konspirierte sie mit den Geistf\u00fchrern und konnte bewundernswerte Seiten empfangen und produzieren, die in dem Werk \u00abDesde el M\u00e1s All\u00e1\u00bb (Aus dem Jenseits), in 21 Faszikeln, und in dem Buch \u00abRoc\u00edo del Cielo\u00bb (Tau vom Himmel) ver\u00f6ffentlicht wurden.<\/p>\n\n\n\n<p class=\"has-black-color has-text-color has-link-color has-small-font-size wp-elements-cc983d420d2d970fa4010fd9b05bf230\">Dort nahm sie das Pseudonym AURA CELESTE an, unter dem sie in ganz Brasilien bekannt wurde. 1920 kehrte sie auf das Podium und in die mediale Arbeit zur\u00fcck, und zwar mit so viel Elan und Enthusiasmus, dass ihr gebrechlicher K\u00f6rper ein wenig litt, aber sie h\u00f6rte nicht auf, ihre Aufgaben zu erf\u00fcllen. Dr. Joaquim Murtinho war der spirituelle Arzt, der durch sie begann, Kranke und Bed\u00fcrftige zu heilen, indem er alle, die an seine T\u00fcr klopften, diagnostizierte und heilte, wobei er in dieser Zeit spontan verschiedene mediale F\u00e4higkeiten entwickelte. Neben den medialen F\u00e4higkeiten der Inkorporation, des H\u00f6rens, des Hellsehens, der Psychographie, der Heilung und der Intuition besa\u00df Adelaide C\u00e2mara auch die au\u00dfergew\u00f6hnliche F\u00e4higkeit der Bilokation. Sie f\u00fchrte viele Heilungen in verschiedenen Teilen Brasiliens durch, indem sie sich in einer \u201eflie\u00dfenden Entfaltung\u201c zu ihnen transportierte, wobei ihr perispiritueller K\u00f6rper sichtbar wurde, wie es in Juiz de Fora und Corumb\u00e1 (verifiziert) durch Patienten geschah, die unter ihrer Obhut sahen, wie sie ihnen \u201eP\u00e4sse\u201c verabreichte.<\/p>\n\n\n\n<p class=\"has-black-color has-text-color has-link-color has-small-font-size wp-elements-f20970b27d060c7bb77489582e06f88a\">Als Dichterin, Vortragsrednerin, Geschichtenerz\u00e4hlerin und Erzieherin hinterlie\u00df sie vor allem hervorragende literarisch-doktrin\u00e4re Werke in Prosa und Versen, die sie gew\u00f6hnlich mit ihrem Pseudonym unterzeichnete. So ver\u00f6ffentlichte sie \u201eVoices of the Soul\u201c, Verse; \u201aSentimental\u2018, Verse; \u201eAspects of the Soul\u201c, Kurzgeschichten; \u201eSpiritual Words\u201c, Vortr\u00e4ge; \u201eTowards Truth\u201c und \u201eLight from on High\u201c. Sie ver\u00f6ffentlichte auch viele Gedichte und lehrhafte Artikel in spiritistischen Zeitschriften und Zeitungen. Der gro\u00dfe Journalist und Schriftsteller Leal de Souza bezeichnete Adelaide C\u00e2mara als \u201edie gro\u00dfe moderne Muse, die spiritistische Muse\u201c. Im Jahr 1924 widmete sie sich der Hilfe f\u00fcr Waisenkinder und mittellose alte Menschen. Sie konzentrierte all ihre Bem\u00fchungen darauf, diesen alten Wunsch ihrer Seele zu verwirklichen. In fast drei Jahren des Kampfes konnte sie jedoch nur wenig tun. Da geschah es, dass ein Mitbruder, Jo\u00e3o Carlos de Carvalho, Spenden und Gelder f\u00fcr die Gr\u00fcndung einer solchen Einrichtung sammelte, und eines Tages \u00fcbergab er Adelaide C\u00e2mara die Spendenliste, damit sie neue M\u00f6glichkeiten f\u00fcr einen solchen humanit\u00e4ren Zweck finden konnte.<\/p>\n\n\n\n<p class=\"has-black-color has-text-color has-link-color has-small-font-size wp-elements-945f991b484bf9c445e77da84e11088c\">Einige Tage sp\u00e4ter starb Jo\u00e3o Carvalho, und sie nahm die Liste und das gesammelte Geld an sich. Einige Monate sp\u00e4ter zeigte Herr Lopes, der Besitzer von Casa Lopes, der die Lehre studiert hatte, Interesse daran, eine Einrichtung zur Unterst\u00fctzung von Waisenkindern zu gr\u00fcnden, und Adelaide erz\u00e4hlte ihm, dass sie eine Liste mit Spenden f\u00fcr diesen Zweck hatte. Die Idee wurde enthusiastisch aufgenommen und bald in die Tat umgesetzt. Sie mieteten ein Haus in Botafogo und am 13. M\u00e4rz 1927 wurde dort das Spiritisten-Asyl \u201eJo\u00e3o Evangelista\u201c mit Adelaide als erste Leiterin eingerichtet. Bei dieser feierlichen Einweihung war Dr. Guillon Ribeiro, der damalige 2. Sekret\u00e4r der brasilianischen Spiritistenf\u00f6deration und deren Vertreter bei der Zeremonie anwesend. In kurzen Worten dr\u00fcckte Adelaida C\u00e2mara die Freude ihrer Seele aus und versicherte, dass sich das Ideal ihrer ganzen Existenz erf\u00fcllt habe: \u201eMutter von Waisenkindern zu sein, eine Gnade des Himmels, die ich nicht gegen alles Gold und alle Gr\u00f6\u00dfe der Welt eintauschen w\u00fcrde\u201c.<\/p>\n\n\n\n<p class=\"has-black-color has-text-color has-link-color has-small-font-size wp-elements-3c83653bce354e83cca2878956bd5ddd\">Von da an widmete sie ihre ganze Zeit diesem gro\u00dfen Werk der N\u00e4chstenliebe, indem sie ihm ihr Wissen und ihre Freundlichkeit zur Verf\u00fcgung stellte, bis zu dem Tag, an dem sie ihre Seele in aller Ruhe Gott \u00fcbergab. Mit \u00e4u\u00dferster Hingabe arbeitete Aura Celeste in verschiedenen spiritistischen Wohlt\u00e4tigkeitsvereinen in der Stadt Rio de Janeiro und gab ihnen allen das Beste ihrer Energie und Intelligenz. Im Spiritisten-Asyl \u201eJo\u00e3o Evangelista\u201c erf\u00fcllte sie jedoch ihre gr\u00f6\u00dfte Aufgabe, nicht nur als kompetente Erzieherin, sondern auch als f\u00e4hige Betreuerin zahlloser junger Menschen, die dort, wie auch heute noch, eine intellektuelle und moralische Erziehung erhielten. Das Leben und das Werk von Adelaide C\u00e2mara waren eine Leiter des Lichts, eine Bekr\u00e4ftigung des Glaubens und der Demut und ein immerw\u00e4hrendes Zeugnis der Liebe. Sie war die gro\u00dfe Erzieherin, die lehrte, indem sie lehrte, und die erzog, indem sie lehrte, indem sie ein Beispiel gab. Als Medium ohne Eitelkeit, aufrichtig und ehrlich bis zum \u00c4u\u00dfersten, \u00fcbte sie die Medialit\u00e4t wie ein wahres Priestertum aus. Ausgestattet mit einer soliden Kultur, h\u00e4tte sie sich in der Welt der Buchstaben einen Namen machen k\u00f6nnen, wenn sie gewollt h\u00e4tte.<\/p>\n\n\n\n<p class=\"has-black-color has-text-color has-link-color has-small-font-size wp-elements-8c2346145100aecd76fdc709780d562c\">Sie war eine Dichterin mit enormen Ressourcen, eine \u00fcberzeugende und nat\u00fcrliche Rednerin, eine Frau mit kraftvollem Stil und bl\u00fchender Phantasie, die mit den Mitteln, die sie besa\u00df, alles f\u00fcr den guten Namen und die Verbreitung der spiritistischen Lehre gab und tat. Das Spiritisten-Asyl \u201eJo\u00e3o Evangelista\u201c in Rio de Janeiro ist immer noch da, mit seinem eigenen Sitz, und zeugt von der Arbeit und der Hingabe dieser edlen Frau namens Adelaide Augusta C\u00e2mara f\u00fcr die gute Sache.<\/p>\n<\/div><\/div>\n\n\n\n<div class=\"wp-block-uagb-container uagb-block-ed7b1b96 alignfull uagb-is-root-container\"><div class=\"uagb-container-inner-blocks-wrap\"><\/div><\/div>\n\n\n\n<div class=\"wp-block-uagb-container uagb-block-d66a4cda alignfull uagb-is-root-container\"><div class=\"uagb-container-inner-blocks-wrap\">\n<p class=\"has-black-color has-text-color has-link-color has-small-font-size wp-elements-99bc80741efa41f3bbcfa01a724f0933\"><strong>Website des Spiritistischen Asyls \u00abJo\u00e3o Evangelista\u00bb:<\/strong> <\/p>\n\n\n\n<p class=\"has-ast-global-color-0-color has-text-color has-link-color has-small-font-size wp-elements-dbd2fab2d9b02ab01bd3279667b29edf\"><a href=\"https:\/\/asylojoaoevangelis.wixsite.com\/aeje\">https:\/\/asylojoaoevangelis.wixsite.com\/aeje<\/a><\/p>\n<\/div><\/div>\n\n\n\n<div class=\"wp-block-uagb-container uagb-block-f95421f0 alignfull uagb-is-root-container\"><div class=\"uagb-container-inner-blocks-wrap\"><\/div><\/div>\n\n\n\n<div class=\"wp-block-uagb-container uagb-block-8c5ec6d0 alignfull uagb-is-root-container\"><div class=\"uagb-container-inner-blocks-wrap\"><\/div><\/div>","protected":false},"excerpt":{"rendered":"<p>Adelaide C\u00e2mara Adelaide Augusta C\u00e2mara fue una de las figuras femeninas m\u00e1s devotas del Espiritismo en Brasil, muy conocida por su seud\u00f3nimo Aura Celeste. Encarn\u00f3 en la ciudad de Natal, en el estado de Rio Grande do Norte, el 11 de enero de 1874, y desencarn\u00f3 en la ciudad de Rio de Janeiro el 24 [&hellip;]<\/p>","protected":false},"author":1,"featured_media":0,"parent":0,"menu_order":0,"comment_status":"closed","ping_status":"closed","template":"","meta":{"_uag_custom_page_level_css":"","site-sidebar-layout":"default","site-content-layout":"","ast-site-content-layout":"default","site-content-style":"default","site-sidebar-style":"default","ast-global-header-display":"","ast-banner-title-visibility":"","ast-main-header-display":"","ast-hfb-above-header-display":"","ast-hfb-below-header-display":"","ast-hfb-mobile-header-display":"","site-post-title":"disabled","ast-breadcrumbs-content":"","ast-featured-img":"","footer-sml-layout":"","theme-transparent-header-meta":"","adv-header-id-meta":"","stick-header-meta":"","header-above-stick-meta":"","header-main-stick-meta":"","header-below-stick-meta":"","astra-migrate-meta-layouts":"set","ast-page-background-enabled":"default","ast-page-background-meta":{"desktop":{"background-color":"var(--ast-global-color-4)","background-image":"","background-repeat":"repeat","background-position":"center center","background-size":"auto","background-attachment":"scroll","background-type":"","background-media":"","overlay-type":"","overlay-color":"","overlay-opacity":"","overlay-gradient":""},"tablet":{"background-color":"","background-image":"","background-repeat":"repeat","background-position":"center center","background-size":"auto","background-attachment":"scroll","background-type":"","background-media":"","overlay-type":"","overlay-color":"","overlay-opacity":"","overlay-gradient":""},"mobile":{"background-color":"","background-image":"","background-repeat":"repeat","background-position":"center center","background-size":"auto","background-attachment":"scroll","background-type":"","background-media":"","overlay-type":"","overlay-color":"","overlay-opacity":"","overlay-gradient":""}},"ast-content-background-meta":{"desktop":{"background-color":"var(--ast-global-color-5)","background-image":"","background-repeat":"repeat","background-position":"center center","background-size":"auto","background-attachment":"scroll","background-type":"","background-media":"","overlay-type":"","overlay-color":"","overlay-opacity":"","overlay-gradient":""},"tablet":{"background-color":"var(--ast-global-color-5)","background-image":"","background-repeat":"repeat","background-position":"center center","background-size":"auto","background-attachment":"scroll","background-type":"","background-media":"","overlay-type":"","overlay-color":"","overlay-opacity":"","overlay-gradient":""},"mobile":{"background-color":"var(--ast-global-color-5)","background-image":"","background-repeat":"repeat","background-position":"center center","background-size":"auto","background-attachment":"scroll","background-type":"","background-media":"","overlay-type":"","overlay-color":"","overlay-opacity":"","overlay-gradient":""}},"footnotes":""},"class_list":["post-7962","page","type-page","status-publish","hentry"],"yoast_head":"<!-- This site is optimized with the Yoast SEO Premium plugin v24.2 (Yoast SEO v24.6) - https:\/\/yoast.com\/wordpress\/plugins\/seo\/ -->\n<title>Adelaide C\u00e2mara - Uni\u00f3n Esp\u00edrita<\/title>\n<meta name=\"robots\" content=\"index, follow, max-snippet:-1, max-image-preview:large, max-video-preview:-1\" \/>\n<link rel=\"canonical\" href=\"https:\/\/nuevo-renacer.com\/de\/adelaide-camara\/\" \/>\n<meta property=\"og:locale\" content=\"de_DE\" \/>\n<meta property=\"og:type\" content=\"article\" \/>\n<meta property=\"og:title\" content=\"Adelaide C\u00e2mara\" \/>\n<meta property=\"og:description\" content=\"Adelaide C\u00e2mara Adelaide Augusta C\u00e2mara fue una de las figuras femeninas m\u00e1s devotas del Espiritismo en Brasil, muy conocida por su seud\u00f3nimo Aura Celeste. Encarn\u00f3 en la ciudad de Natal, en el estado de Rio Grande do Norte, el 11 de enero de 1874, y desencarn\u00f3 en la ciudad de Rio de Janeiro el 24 [&hellip;]\" \/>\n<meta property=\"og:url\" content=\"https:\/\/nuevo-renacer.com\/de\/adelaide-camara\/\" \/>\n<meta property=\"og:site_name\" content=\"Uni\u00f3n Esp\u00edrita\" \/>\n<meta property=\"article:publisher\" content=\"https:\/\/www.facebook.com\/groups\/3431398063740829\" \/>\n<meta property=\"article:modified_time\" content=\"2025-04-15T12:16:22+00:00\" \/>\n<meta property=\"og:image\" content=\"https:\/\/nuevo-renacer.com\/wp-content\/uploads\/2025\/04\/adelaide.jpg\" \/>\n\t<meta property=\"og:image:width\" content=\"201\" \/>\n\t<meta property=\"og:image:height\" content=\"250\" \/>\n\t<meta property=\"og:image:type\" content=\"image\/jpeg\" \/>\n<meta name=\"twitter:card\" content=\"summary_large_image\" \/>\n<meta name=\"twitter:label1\" content=\"Gesch\u00e4tzte Lesezeit\" \/>\n\t<meta name=\"twitter:data1\" content=\"7\u00a0Minuten\" \/>\n<script type=\"application\/ld+json\" class=\"yoast-schema-graph\">{\"@context\":\"https:\/\/schema.org\",\"@graph\":[{\"@type\":\"WebPage\",\"@id\":\"https:\/\/nuevo-renacer.com\/adelaide-camara\/\",\"url\":\"https:\/\/nuevo-renacer.com\/adelaide-camara\/\",\"name\":\"Adelaide C\u00e2mara - Uni\u00f3n Esp\u00edrita\",\"isPartOf\":{\"@id\":\"https:\/\/nuevo-renacer.com\/#website\"},\"primaryImageOfPage\":{\"@id\":\"https:\/\/nuevo-renacer.com\/adelaide-camara\/#primaryimage\"},\"image\":{\"@id\":\"https:\/\/nuevo-renacer.com\/adelaide-camara\/#primaryimage\"},\"thumbnailUrl\":\"https:\/\/nuevo-renacer.com\/wp-content\/uploads\/2025\/04\/adelaide.jpg\",\"datePublished\":\"2025-04-15T11:51:12+00:00\",\"dateModified\":\"2025-04-15T12:16:22+00:00\",\"breadcrumb\":{\"@id\":\"https:\/\/nuevo-renacer.com\/adelaide-camara\/#breadcrumb\"},\"inLanguage\":\"de\",\"potentialAction\":[{\"@type\":\"ReadAction\",\"target\":[\"https:\/\/nuevo-renacer.com\/adelaide-camara\/\"]}]},{\"@type\":\"ImageObject\",\"inLanguage\":\"de\",\"@id\":\"https:\/\/nuevo-renacer.com\/adelaide-camara\/#primaryimage\",\"url\":\"https:\/\/nuevo-renacer.com\/wp-content\/uploads\/2025\/04\/adelaide.jpg\",\"contentUrl\":\"https:\/\/nuevo-renacer.com\/wp-content\/uploads\/2025\/04\/adelaide.jpg\"},{\"@type\":\"BreadcrumbList\",\"@id\":\"https:\/\/nuevo-renacer.com\/adelaide-camara\/#breadcrumb\",\"itemListElement\":[{\"@type\":\"ListItem\",\"position\":1,\"name\":\"Startseite\",\"item\":\"https:\/\/nuevo-renacer.com\/\"},{\"@type\":\"ListItem\",\"position\":2,\"name\":\"Adelaide C\u00e2mara\"}]},{\"@type\":\"WebSite\",\"@id\":\"https:\/\/nuevo-renacer.com\/#website\",\"url\":\"https:\/\/nuevo-renacer.com\/\",\"name\":\"Uni\u00f3n Esp\u00edrita\",\"description\":\"Nuevo Renacer\",\"publisher\":{\"@id\":\"https:\/\/nuevo-renacer.com\/#organization\"},\"potentialAction\":[{\"@type\":\"SearchAction\",\"target\":{\"@type\":\"EntryPoint\",\"urlTemplate\":\"https:\/\/nuevo-renacer.com\/?s={search_term_string}\"},\"query-input\":{\"@type\":\"PropertyValueSpecification\",\"valueRequired\":true,\"valueName\":\"search_term_string\"}}],\"inLanguage\":\"de\"},{\"@type\":\"Organization\",\"@id\":\"https:\/\/nuevo-renacer.com\/#organization\",\"name\":\"UFEC\",\"url\":\"https:\/\/nuevo-renacer.com\/\",\"logo\":{\"@type\":\"ImageObject\",\"inLanguage\":\"de\",\"@id\":\"https:\/\/nuevo-renacer.com\/#\/schema\/logo\/image\/\",\"url\":\"https:\/\/nuevo-renacer.com\/wp-content\/uploads\/2024\/05\/cropped-LOGO-TERMINADO1-3-3.png\",\"contentUrl\":\"https:\/\/nuevo-renacer.com\/wp-content\/uploads\/2024\/05\/cropped-LOGO-TERMINADO1-3-3.png\",\"width\":512,\"height\":512,\"caption\":\"UFEC\"},\"image\":{\"@id\":\"https:\/\/nuevo-renacer.com\/#\/schema\/logo\/image\/\"},\"sameAs\":[\"https:\/\/www.facebook.com\/groups\/3431398063740829\"]}]}<\/script>\n<!-- \/ Yoast SEO Premium plugin. -->","yoast_head_json":{"title":"Adelaide C\u00e2mara - Uni\u00f3n Esp\u00edrita","robots":{"index":"index","follow":"follow","max-snippet":"max-snippet:-1","max-image-preview":"max-image-preview:large","max-video-preview":"max-video-preview:-1"},"canonical":"https:\/\/nuevo-renacer.com\/de\/adelaide-camara\/","og_locale":"de_DE","og_type":"article","og_title":"Adelaide C\u00e2mara","og_description":"Adelaide C\u00e2mara Adelaide Augusta C\u00e2mara fue una de las figuras femeninas m\u00e1s devotas del Espiritismo en Brasil, muy conocida por su seud\u00f3nimo Aura Celeste. Encarn\u00f3 en la ciudad de Natal, en el estado de Rio Grande do Norte, el 11 de enero de 1874, y desencarn\u00f3 en la ciudad de Rio de Janeiro el 24 [&hellip;]","og_url":"https:\/\/nuevo-renacer.com\/de\/adelaide-camara\/","og_site_name":"Uni\u00f3n Esp\u00edrita","article_publisher":"https:\/\/www.facebook.com\/groups\/3431398063740829","article_modified_time":"2025-04-15T12:16:22+00:00","og_image":[{"width":201,"height":250,"url":"https:\/\/nuevo-renacer.com\/wp-content\/uploads\/2025\/04\/adelaide.jpg","type":"image\/jpeg"}],"twitter_card":"summary_large_image","twitter_misc":{"Gesch\u00e4tzte Lesezeit":"7\u00a0Minuten"},"schema":{"@context":"https:\/\/schema.org","@graph":[{"@type":"WebPage","@id":"https:\/\/nuevo-renacer.com\/adelaide-camara\/","url":"https:\/\/nuevo-renacer.com\/adelaide-camara\/","name":"Adelaide C\u00e2mara - Uni\u00f3n Esp\u00edrita","isPartOf":{"@id":"https:\/\/nuevo-renacer.com\/#website"},"primaryImageOfPage":{"@id":"https:\/\/nuevo-renacer.com\/adelaide-camara\/#primaryimage"},"image":{"@id":"https:\/\/nuevo-renacer.com\/adelaide-camara\/#primaryimage"},"thumbnailUrl":"https:\/\/nuevo-renacer.com\/wp-content\/uploads\/2025\/04\/adelaide.jpg","datePublished":"2025-04-15T11:51:12+00:00","dateModified":"2025-04-15T12:16:22+00:00","breadcrumb":{"@id":"https:\/\/nuevo-renacer.com\/adelaide-camara\/#breadcrumb"},"inLanguage":"de","potentialAction":[{"@type":"ReadAction","target":["https:\/\/nuevo-renacer.com\/adelaide-camara\/"]}]},{"@type":"ImageObject","inLanguage":"de","@id":"https:\/\/nuevo-renacer.com\/adelaide-camara\/#primaryimage","url":"https:\/\/nuevo-renacer.com\/wp-content\/uploads\/2025\/04\/adelaide.jpg","contentUrl":"https:\/\/nuevo-renacer.com\/wp-content\/uploads\/2025\/04\/adelaide.jpg"},{"@type":"BreadcrumbList","@id":"https:\/\/nuevo-renacer.com\/adelaide-camara\/#breadcrumb","itemListElement":[{"@type":"ListItem","position":1,"name":"Startseite","item":"https:\/\/nuevo-renacer.com\/"},{"@type":"ListItem","position":2,"name":"Adelaide C\u00e2mara"}]},{"@type":"WebSite","@id":"https:\/\/nuevo-renacer.com\/#website","url":"https:\/\/nuevo-renacer.com\/","name":"Uni\u00f3n Esp\u00edrita","description":"Nuevo Renacer","publisher":{"@id":"https:\/\/nuevo-renacer.com\/#organization"},"potentialAction":[{"@type":"SearchAction","target":{"@type":"EntryPoint","urlTemplate":"https:\/\/nuevo-renacer.com\/?s={search_term_string}"},"query-input":{"@type":"PropertyValueSpecification","valueRequired":true,"valueName":"search_term_string"}}],"inLanguage":"de"},{"@type":"Organization","@id":"https:\/\/nuevo-renacer.com\/#organization","name":"UFEC","url":"https:\/\/nuevo-renacer.com\/","logo":{"@type":"ImageObject","inLanguage":"de","@id":"https:\/\/nuevo-renacer.com\/#\/schema\/logo\/image\/","url":"https:\/\/nuevo-renacer.com\/wp-content\/uploads\/2024\/05\/cropped-LOGO-TERMINADO1-3-3.png","contentUrl":"https:\/\/nuevo-renacer.com\/wp-content\/uploads\/2024\/05\/cropped-LOGO-TERMINADO1-3-3.png","width":512,"height":512,"caption":"UFEC"},"image":{"@id":"https:\/\/nuevo-renacer.com\/#\/schema\/logo\/image\/"},"sameAs":["https:\/\/www.facebook.com\/groups\/3431398063740829"]}]}},"uagb_featured_image_src":{"full":false,"thumbnail":false,"medium":false,"medium_large":false,"large":false,"1536x1536":false,"2048x2048":false,"trp-custom-language-flag":false},"uagb_author_info":{"display_name":"adbv0","author_link":"https:\/\/nuevo-renacer.com\/de\/author\/adbv0\/"},"uagb_comment_info":0,"uagb_excerpt":"Adelaide C\u00e2mara Adelaide Augusta C\u00e2mara fue una de las figuras femeninas m\u00e1s devotas del Espiritismo en Brasil, muy conocida por su seud\u00f3nimo Aura Celeste. Encarn\u00f3 en la ciudad de Natal, en el estado de Rio Grande do Norte, el 11 de enero de 1874, y desencarn\u00f3 en la ciudad de Rio de Janeiro el 24&hellip;","jetpack_sharing_enabled":true,"_links":{"self":[{"href":"https:\/\/nuevo-renacer.com\/de\/wp-json\/wp\/v2\/pages\/7962","targetHints":{"allow":["GET"]}}],"collection":[{"href":"https:\/\/nuevo-renacer.com\/de\/wp-json\/wp\/v2\/pages"}],"about":[{"href":"https:\/\/nuevo-renacer.com\/de\/wp-json\/wp\/v2\/types\/page"}],"author":[{"embeddable":true,"href":"https:\/\/nuevo-renacer.com\/de\/wp-json\/wp\/v2\/users\/1"}],"replies":[{"embeddable":true,"href":"https:\/\/nuevo-renacer.com\/de\/wp-json\/wp\/v2\/comments?post=7962"}],"version-history":[{"count":3,"href":"https:\/\/nuevo-renacer.com\/de\/wp-json\/wp\/v2\/pages\/7962\/revisions"}],"predecessor-version":[{"id":7967,"href":"https:\/\/nuevo-renacer.com\/de\/wp-json\/wp\/v2\/pages\/7962\/revisions\/7967"}],"wp:attachment":[{"href":"https:\/\/nuevo-renacer.com\/de\/wp-json\/wp\/v2\/media?parent=7962"}],"curies":[{"name":"wp","href":"https:\/\/api.w.org\/{rel}","templated":true}]}}