{"id":7920,"date":"2025-03-25T07:30:20","date_gmt":"2025-03-25T07:30:20","guid":{"rendered":"https:\/\/nuevo-renacer.com\/?page_id=7920"},"modified":"2025-03-25T07:48:17","modified_gmt":"2025-03-25T07:48:17","slug":"el-espiritismo-y-la-necesidad-de-definirlo-claramente","status":"publish","type":"page","link":"https:\/\/nuevo-renacer.com\/de\/el-espiritismo-y-la-necesidad-de-definirlo-claramente\/","title":{"rendered":"Der Spiritismus und die Notwendigkeit, ihn klar zu definieren"},"content":{"rendered":"<div class=\"wp-block-uagb-container uagb-block-92c92cc3 alignfull uagb-is-root-container\"><div class=\"uagb-container-inner-blocks-wrap\">\n<p class=\"has-black-color has-text-color has-link-color has-medium-font-size wp-elements-52333e3b012c8a2fb110db23e6b4179e\"><strong>Der Spiritismus und die Notwendigkeit, ihn klar zu definieren<\/strong><\/p>\n<\/div><\/div>\n\n\n\n<div class=\"wp-block-uagb-container uagb-block-2d097f8f alignfull uagb-is-root-container\"><div class=\"uagb-container-inner-blocks-wrap\">\n<figure class=\"wp-block-image size-large is-resized\"><img fetchpriority=\"high\" decoding=\"async\" width=\"1024\" height=\"614\" src=\"https:\/\/nuevo-renacer.com\/wp-content\/uploads\/2025\/03\/religiao_pixabay-1024x614.jpg\" alt=\"\" class=\"wp-image-7921\" style=\"width:462px;height:auto\" srcset=\"https:\/\/nuevo-renacer.com\/wp-content\/uploads\/2025\/03\/religiao_pixabay-1024x614.jpg 1024w, https:\/\/nuevo-renacer.com\/wp-content\/uploads\/2025\/03\/religiao_pixabay-300x180.jpg 300w, https:\/\/nuevo-renacer.com\/wp-content\/uploads\/2025\/03\/religiao_pixabay-768x461.jpg 768w, https:\/\/nuevo-renacer.com\/wp-content\/uploads\/2025\/03\/religiao_pixabay-18x12.jpg 18w, https:\/\/nuevo-renacer.com\/wp-content\/uploads\/2025\/03\/religiao_pixabay.jpg 1200w\" sizes=\"(max-width: 1024px) 100vw, 1024px\" \/><\/figure>\n<\/div><\/div>\n\n\n\n<div class=\"wp-block-uagb-container uagb-block-e9b56766 alignfull uagb-is-root-container\"><div class=\"uagb-container-inner-blocks-wrap\">\n<p class=\"has-black-color has-text-color has-link-color has-small-font-size wp-elements-4b7b9e33396d5f4e92cd7f53acb9fa35\">K\u00fcrzlich vernahm ich die Worte eines Herren auf YouTube, der behauptete, dass es sehr schwer sei, den Spiritismus in Deutschland zu verbreiten. Der Grund hierf\u00fcr l\u00e4ge, seiner Auffassung nach, in der Geschichte Deutschlands, die traurig und d\u00fcster gewesen sei. Dieses Leid sei zumeist von der Kirche ausgel\u00f6st worden (z.B. Hexenverbrennungen). Dabei betonte der besagte Herr, dass Religion zwar nicht gleichbedeutend mit Kirche sei, aber dennoch ihre Taten ein schlechtes Licht auch auf den Spiritismus werfen. Schl\u00fcge man n\u00e4mlich ein Lexikon auf und schaue nach dem Begriff \"Spiritismus \", so sei hierzu die Definition \"Schwarze Magie, Geisterkult usw. zu finden. Also alles Definitionen mit negativer Behaftung.<\/p>\n\n\n\n<p class=\"has-black-color has-text-color has-link-color has-small-font-size wp-elements-c0ddd874d8c46a1199c759832b7d33eb\">Daher sei es wichtig, bei der Verbreitung des Spiritismus in Deutschland, den Fokus nicht auf die Geister, sondern auf die Lehren Kardecs zu legen. Darum sollte dabei die logische Konsequenz sein, den Begriff \"Spiritismus \" abzulegen und stattdessen das Wort 'Kardecismus ' zu verwenden. Dies w\u00fcrde eine Spezifizierung auf die Lehren Kardecs bedeuten und der Verbreitung dienen. Soweit, so gut. Die Gedanken dieses Herren m\u00f6gen ehrenvoll sein und sind bis zu einem gewissen Grad nachvollziehbar und richtig, dennoch weisen sie gravierende Sch\u00f6nheitsfehler auf. Es ist wahr, dass es ein sehr schwieriges Unterfangen ist, den Spiritismus in Deutschland zu verbreiten. Und es mag auch sein, dass ein Grund daf\u00fcr in der Geschichte Deutschlands und den vergangenen Taten der Kirche zu finden ist. Und es trifft vollkommen zu, dass das Bild des Spiritismus in der \"nicht spiritistischen\" \u00d6ffentlichkeit negativ und mit falschen Behauptungen behaftet ist.<\/p>\n\n\n\n<p class=\"has-black-color has-text-color has-link-color has-small-font-size wp-elements-de92b956758a50aed226db48bcc61fb0\">Der Spiritismus hat absolut nichts mit Schwarzer Magie zu tun und ist auch kein d\u00fcsterer Kult mit Totenbeschw\u00f6rung. Und es stimmt, dass es immer wieder Betr\u00fcger gab, die den Spiritismus f\u00fcr ihre Zwecke missbrauchten. Aber dieses falsche und negative \u00f6ffentliche Bild des Spiritismus \u00e4ndern wir nicht, indem wir dem Kind einen anderen Namen geben und halbwahre Behauptungen aufstellen. Und selbst wenn das auf diese Weise gel\u00e4nge, w\u00e4re dies nicht im spiritistischen Sinne und auch nicht im Sinne Allan Kardecs.<\/p>\n\n\n\n<p class=\"has-black-color has-text-color has-link-color has-small-font-size wp-elements-953b66d587c4f15cb90d6bb4b680c17d\">Es sei betont, der Spiritismus ist nicht die Lehre Allan Kardecs, sie ist die Lehre der Geister. Dies ist eine Tatsache, die wir auf gar keinen Fall verschleiern d\u00fcrfen. Es w\u00fcrde sonst die ganze Grundlage des Spiritismus verf\u00e4lscht werden. Die Missionierung zum Spiritismus darf niemals auf dem Boden der L\u00fcge erfolgen. Denn das w\u00fcrde gegen das achte g\u00f6ttliche Gebot \"Du sollst nicht falsch Zeugnis reden wider deinen N\u00e4chsten\" eklatant versto\u00dfen. Aus faulen Wurzeln kann kein gesunder Baum entwachsen. Allan Kardec war nicht der Stifter des Spiritismus, sondern dessen Kodifizierer. Das ist ein gro\u00dfer Unterschied. Es waren die Geister, die die Weisheiten des Spiritismus durch Medien diktierten. Kardecs von Gott gegebene Aufgabe bestand nun darin, diese aus der geistigen Welt stammenden Diktate zu sammeln und mittels seines n\u00fcchternen, klaren und logischen Verstandes zu bewerten und anschlief3end zu einer homogenen Philosophie zu verdichten. Daf\u00fcr h\u00e4tte es keinen besseren f\u00fcr diese Aufgabe geben k\u00f6nnen.<\/p>\n\n\n\n<p class=\"has-black-color has-text-color has-link-color has-small-font-size wp-elements-7bacaf4a1a5ceb1387dbbe48928af1f4\">Denn Allan Kardec war keine schw\u00e4rmerischer Tr\u00e4umer, der leicht zum Opfer von Truggeistern h\u00e4tte werden k\u00f6nnen. Er war ein P\u00e4dagoge, ein Wissenschaftler, der sich nur durch eine rationale Beweisf\u00fchrung \u00fcberzeugen lie\u00df. So verstand er auch den Spiritismus nicht als Religion, sondern als Philosophie und Wissenschaft. Kardec setzte keinen blinden Glauben voraus, sondern forderte die Menschen dazu auf, sich selbst \u00fcberzeugen zu lassen. Er selbst w\u00e4re niemals auf die Idee gekommen, die Lehren der Geister zu verbiegen und zu verw\u00e4ssern, nur um die Menschen von dessen Wahrheitsgehalt zu \u00fcberzeugen. Wir sollten dem Beispiel dieses gro\u00dfen Mannes folgen und fest in der \u00dcberzeugung an die spiritistischen Offenbarungen bleiben.<\/p>\n\n\n\n<p class=\"has-black-color has-text-color has-link-color has-small-font-size wp-elements-31d5e98fcbbba8047ea4a1cec69fa75c\">Wir sollten unter allen Umst\u00e4nden authentisch bleiben und d\u00fcrfen die durch Gottes Gnaden und von den guten Geistern geoffenbarte Lehre nicht verbiegen oder nach dem Gusto der Menschen verdrehen. Der Spiritismus ist nicht nur ein Glaube oder eine \u00fcbernat\u00fcrliche Attraktion f\u00fcr neugierige Zeitgenossen, die am Ende dann doch alles in die L\u00e4cherlichkeit ziehen. Der Spiritismus ist eine ernstzunehmende Wissenschaft, wie Kardec betonte. Und genau das ist ihre St\u00e4rke. Die spiritistische Lehre weist (im Gegensatz zu den Religionen etc.) den schlichten, blinden Glauben von sich, stattdessen fordert er die Menschen auf, ihre Wahrheit selbst zu erfahren und logisch zu \u00fcberpr\u00fcfen. Wir Spiritisten brauchen uns daher nicht vor der Meinung Au\u00dfenstehender zu f\u00fcrchten. Der Siegeszug des Spiritismus ist vor Gott eine beschlossene Sache. Bleibt standhaft. Es ist nur eine Frage der Zeit bis der Spiritismus sich auf der ganzen Welt verbreitet, so auch in Deutschland.<\/p>\n<\/div><\/div>\n\n\n\n<div class=\"wp-block-uagb-container uagb-block-a0cdd2e0 alignfull uagb-is-root-container\"><div class=\"uagb-container-inner-blocks-wrap\"><\/div><\/div>\n\n\n\n<div class=\"wp-block-uagb-container uagb-block-95655d83 alignfull uagb-is-root-container\"><div class=\"uagb-container-inner-blocks-wrap\">\n<p class=\"has-black-color has-text-color has-link-color wp-elements-237fadb226495e3fa40d83d8056c72a8\"><em>Artikel verfasst von Daniela M., Medium und Spiritistin<\/em><\/p>\n\n\n\n<p><em>24.03.2025 Berlin\/Deutschland<\/em><\/p>\n<\/div><\/div>\n\n\n\n<div class=\"wp-block-uagb-container uagb-block-7410f6e5 alignfull uagb-is-root-container\"><div class=\"uagb-container-inner-blocks-wrap\"><\/div><\/div>\n\n\n\n<div class=\"wp-block-uagb-container uagb-block-bd92fc24 alignfull uagb-is-root-container\"><div class=\"uagb-container-inner-blocks-wrap\"><\/div><\/div>","protected":false},"excerpt":{"rendered":"<p>El espiritismo y la necesidad de definirlo claramente Hace poco escuch\u00e9 en YouTube las palabras de un se\u00f1or que afirmaba que era muy dif\u00edcil difundir el espiritismo en Alemania. La raz\u00f3n de ello, en su opini\u00f3n, radica en la historia de Alemania, que ha sido triste y sombr\u00eda. Este sufrimiento fue causado principalmente por la [&hellip;]<\/p>","protected":false},"author":1,"featured_media":0,"parent":0,"menu_order":0,"comment_status":"closed","ping_status":"closed","template":"","meta":{"_uag_custom_page_level_css":"","site-sidebar-layout":"default","site-content-layout":"","ast-site-content-layout":"default","site-content-style":"default","site-sidebar-style":"default","ast-global-header-display":"","ast-banner-title-visibility":"","ast-main-header-display":"","ast-hfb-above-header-display":"","ast-hfb-below-header-display":"","ast-hfb-mobile-header-display":"","site-post-title":"disabled","ast-breadcrumbs-content":"","ast-featured-img":"","footer-sml-layout":"","theme-transparent-header-meta":"","adv-header-id-meta":"","stick-header-meta":"","header-above-stick-meta":"","header-main-stick-meta":"","header-below-stick-meta":"","astra-migrate-meta-layouts":"set","ast-page-background-enabled":"default","ast-page-background-meta":{"desktop":{"background-color":"var(--ast-global-color-4)","background-image":"","background-repeat":"repeat","background-position":"center center","background-size":"auto","background-attachment":"scroll","background-type":"","background-media":"","overlay-type":"","overlay-color":"","overlay-opacity":"","overlay-gradient":""},"tablet":{"background-color":"","background-image":"","background-repeat":"repeat","background-position":"center center","background-size":"auto","background-attachment":"scroll","background-type":"","background-media":"","overlay-type":"","overlay-color":"","overlay-opacity":"","overlay-gradient":""},"mobile":{"background-color":"","background-image":"","background-repeat":"repeat","background-position":"center center","background-size":"auto","background-attachment":"scroll","background-type":"","background-media":"","overlay-type":"","overlay-color":"","overlay-opacity":"","overlay-gradient":""}},"ast-content-background-meta":{"desktop":{"background-color":"var(--ast-global-color-5)","background-image":"","background-repeat":"repeat","background-position":"center center","background-size":"auto","background-attachment":"scroll","background-type":"","background-media":"","overlay-type":"","overlay-color":"","overlay-opacity":"","overlay-gradient":""},"tablet":{"background-color":"var(--ast-global-color-5)","background-image":"","background-repeat":"repeat","background-position":"center center","background-size":"auto","background-attachment":"scroll","background-type":"","background-media":"","overlay-type":"","overlay-color":"","overlay-opacity":"","overlay-gradient":""},"mobile":{"background-color":"var(--ast-global-color-5)","background-image":"","background-repeat":"repeat","background-position":"center center","background-size":"auto","background-attachment":"scroll","background-type":"","background-media":"","overlay-type":"","overlay-color":"","overlay-opacity":"","overlay-gradient":""}},"footnotes":""},"class_list":["post-7920","page","type-page","status-publish","hentry"],"yoast_head":"<!-- This site is optimized with the Yoast SEO Premium plugin v24.2 (Yoast SEO v24.6) - https:\/\/yoast.com\/wordpress\/plugins\/seo\/ -->\n<title>El espiritismo y la necesidad de definirlo claramente - Uni\u00f3n Esp\u00edrita<\/title>\n<meta name=\"robots\" content=\"index, follow, max-snippet:-1, max-image-preview:large, max-video-preview:-1\" \/>\n<link rel=\"canonical\" href=\"https:\/\/nuevo-renacer.com\/de\/el-espiritismo-y-la-necesidad-de-definirlo-claramente\/\" \/>\n<meta property=\"og:locale\" content=\"de_DE\" \/>\n<meta property=\"og:type\" content=\"article\" \/>\n<meta property=\"og:title\" content=\"El espiritismo y la necesidad de definirlo claramente\" \/>\n<meta property=\"og:description\" content=\"El espiritismo y la necesidad de definirlo claramente Hace poco escuch\u00e9 en YouTube las palabras de un se\u00f1or que afirmaba que era muy dif\u00edcil difundir el espiritismo en Alemania. La raz\u00f3n de ello, en su opini\u00f3n, radica en la historia de Alemania, que ha sido triste y sombr\u00eda. Este sufrimiento fue causado principalmente por la [&hellip;]\" \/>\n<meta property=\"og:url\" content=\"https:\/\/nuevo-renacer.com\/de\/el-espiritismo-y-la-necesidad-de-definirlo-claramente\/\" \/>\n<meta property=\"og:site_name\" content=\"Uni\u00f3n Esp\u00edrita\" \/>\n<meta property=\"article:publisher\" content=\"https:\/\/www.facebook.com\/groups\/3431398063740829\" \/>\n<meta property=\"article:modified_time\" content=\"2025-03-25T07:48:17+00:00\" \/>\n<meta property=\"og:image\" content=\"https:\/\/nuevo-renacer.com\/wp-content\/uploads\/2025\/03\/religiao_pixabay.jpg\" \/>\n\t<meta property=\"og:image:width\" content=\"1200\" \/>\n\t<meta property=\"og:image:height\" content=\"720\" \/>\n\t<meta property=\"og:image:type\" content=\"image\/jpeg\" \/>\n<meta name=\"twitter:card\" content=\"summary_large_image\" \/>\n<meta name=\"twitter:label1\" content=\"Gesch\u00e4tzte Lesezeit\" \/>\n\t<meta name=\"twitter:data1\" content=\"5\u00a0Minuten\" \/>\n<script type=\"application\/ld+json\" class=\"yoast-schema-graph\">{\"@context\":\"https:\/\/schema.org\",\"@graph\":[{\"@type\":\"WebPage\",\"@id\":\"https:\/\/nuevo-renacer.com\/el-espiritismo-y-la-necesidad-de-definirlo-claramente\/\",\"url\":\"https:\/\/nuevo-renacer.com\/el-espiritismo-y-la-necesidad-de-definirlo-claramente\/\",\"name\":\"El espiritismo y la necesidad de definirlo claramente - Uni\u00f3n Esp\u00edrita\",\"isPartOf\":{\"@id\":\"https:\/\/nuevo-renacer.com\/#website\"},\"primaryImageOfPage\":{\"@id\":\"https:\/\/nuevo-renacer.com\/el-espiritismo-y-la-necesidad-de-definirlo-claramente\/#primaryimage\"},\"image\":{\"@id\":\"https:\/\/nuevo-renacer.com\/el-espiritismo-y-la-necesidad-de-definirlo-claramente\/#primaryimage\"},\"thumbnailUrl\":\"https:\/\/nuevo-renacer.com\/wp-content\/uploads\/2025\/03\/religiao_pixabay-1024x614.jpg\",\"datePublished\":\"2025-03-25T07:30:20+00:00\",\"dateModified\":\"2025-03-25T07:48:17+00:00\",\"breadcrumb\":{\"@id\":\"https:\/\/nuevo-renacer.com\/el-espiritismo-y-la-necesidad-de-definirlo-claramente\/#breadcrumb\"},\"inLanguage\":\"de\",\"potentialAction\":[{\"@type\":\"ReadAction\",\"target\":[\"https:\/\/nuevo-renacer.com\/el-espiritismo-y-la-necesidad-de-definirlo-claramente\/\"]}]},{\"@type\":\"ImageObject\",\"inLanguage\":\"de\",\"@id\":\"https:\/\/nuevo-renacer.com\/el-espiritismo-y-la-necesidad-de-definirlo-claramente\/#primaryimage\",\"url\":\"https:\/\/nuevo-renacer.com\/wp-content\/uploads\/2025\/03\/religiao_pixabay-1024x614.jpg\",\"contentUrl\":\"https:\/\/nuevo-renacer.com\/wp-content\/uploads\/2025\/03\/religiao_pixabay-1024x614.jpg\"},{\"@type\":\"BreadcrumbList\",\"@id\":\"https:\/\/nuevo-renacer.com\/el-espiritismo-y-la-necesidad-de-definirlo-claramente\/#breadcrumb\",\"itemListElement\":[{\"@type\":\"ListItem\",\"position\":1,\"name\":\"Startseite\",\"item\":\"https:\/\/nuevo-renacer.com\/\"},{\"@type\":\"ListItem\",\"position\":2,\"name\":\"El espiritismo y la necesidad de definirlo claramente\"}]},{\"@type\":\"WebSite\",\"@id\":\"https:\/\/nuevo-renacer.com\/#website\",\"url\":\"https:\/\/nuevo-renacer.com\/\",\"name\":\"Uni\u00f3n Esp\u00edrita\",\"description\":\"Nuevo Renacer\",\"publisher\":{\"@id\":\"https:\/\/nuevo-renacer.com\/#organization\"},\"potentialAction\":[{\"@type\":\"SearchAction\",\"target\":{\"@type\":\"EntryPoint\",\"urlTemplate\":\"https:\/\/nuevo-renacer.com\/?s={search_term_string}\"},\"query-input\":{\"@type\":\"PropertyValueSpecification\",\"valueRequired\":true,\"valueName\":\"search_term_string\"}}],\"inLanguage\":\"de\"},{\"@type\":\"Organization\",\"@id\":\"https:\/\/nuevo-renacer.com\/#organization\",\"name\":\"UFEC\",\"url\":\"https:\/\/nuevo-renacer.com\/\",\"logo\":{\"@type\":\"ImageObject\",\"inLanguage\":\"de\",\"@id\":\"https:\/\/nuevo-renacer.com\/#\/schema\/logo\/image\/\",\"url\":\"https:\/\/nuevo-renacer.com\/wp-content\/uploads\/2024\/05\/cropped-LOGO-TERMINADO1-3-3.png\",\"contentUrl\":\"https:\/\/nuevo-renacer.com\/wp-content\/uploads\/2024\/05\/cropped-LOGO-TERMINADO1-3-3.png\",\"width\":512,\"height\":512,\"caption\":\"UFEC\"},\"image\":{\"@id\":\"https:\/\/nuevo-renacer.com\/#\/schema\/logo\/image\/\"},\"sameAs\":[\"https:\/\/www.facebook.com\/groups\/3431398063740829\"]}]}<\/script>\n<!-- \/ Yoast SEO Premium plugin. -->","yoast_head_json":{"title":"El espiritismo y la necesidad de definirlo claramente - Uni\u00f3n Esp\u00edrita","robots":{"index":"index","follow":"follow","max-snippet":"max-snippet:-1","max-image-preview":"max-image-preview:large","max-video-preview":"max-video-preview:-1"},"canonical":"https:\/\/nuevo-renacer.com\/de\/el-espiritismo-y-la-necesidad-de-definirlo-claramente\/","og_locale":"de_DE","og_type":"article","og_title":"El espiritismo y la necesidad de definirlo claramente","og_description":"El espiritismo y la necesidad de definirlo claramente Hace poco escuch\u00e9 en YouTube las palabras de un se\u00f1or que afirmaba que era muy dif\u00edcil difundir el espiritismo en Alemania. La raz\u00f3n de ello, en su opini\u00f3n, radica en la historia de Alemania, que ha sido triste y sombr\u00eda. Este sufrimiento fue causado principalmente por la [&hellip;]","og_url":"https:\/\/nuevo-renacer.com\/de\/el-espiritismo-y-la-necesidad-de-definirlo-claramente\/","og_site_name":"Uni\u00f3n Esp\u00edrita","article_publisher":"https:\/\/www.facebook.com\/groups\/3431398063740829","article_modified_time":"2025-03-25T07:48:17+00:00","og_image":[{"width":1200,"height":720,"url":"https:\/\/nuevo-renacer.com\/wp-content\/uploads\/2025\/03\/religiao_pixabay.jpg","type":"image\/jpeg"}],"twitter_card":"summary_large_image","twitter_misc":{"Gesch\u00e4tzte Lesezeit":"5\u00a0Minuten"},"schema":{"@context":"https:\/\/schema.org","@graph":[{"@type":"WebPage","@id":"https:\/\/nuevo-renacer.com\/el-espiritismo-y-la-necesidad-de-definirlo-claramente\/","url":"https:\/\/nuevo-renacer.com\/el-espiritismo-y-la-necesidad-de-definirlo-claramente\/","name":"El espiritismo y la necesidad de definirlo claramente - Uni\u00f3n Esp\u00edrita","isPartOf":{"@id":"https:\/\/nuevo-renacer.com\/#website"},"primaryImageOfPage":{"@id":"https:\/\/nuevo-renacer.com\/el-espiritismo-y-la-necesidad-de-definirlo-claramente\/#primaryimage"},"image":{"@id":"https:\/\/nuevo-renacer.com\/el-espiritismo-y-la-necesidad-de-definirlo-claramente\/#primaryimage"},"thumbnailUrl":"https:\/\/nuevo-renacer.com\/wp-content\/uploads\/2025\/03\/religiao_pixabay-1024x614.jpg","datePublished":"2025-03-25T07:30:20+00:00","dateModified":"2025-03-25T07:48:17+00:00","breadcrumb":{"@id":"https:\/\/nuevo-renacer.com\/el-espiritismo-y-la-necesidad-de-definirlo-claramente\/#breadcrumb"},"inLanguage":"de","potentialAction":[{"@type":"ReadAction","target":["https:\/\/nuevo-renacer.com\/el-espiritismo-y-la-necesidad-de-definirlo-claramente\/"]}]},{"@type":"ImageObject","inLanguage":"de","@id":"https:\/\/nuevo-renacer.com\/el-espiritismo-y-la-necesidad-de-definirlo-claramente\/#primaryimage","url":"https:\/\/nuevo-renacer.com\/wp-content\/uploads\/2025\/03\/religiao_pixabay-1024x614.jpg","contentUrl":"https:\/\/nuevo-renacer.com\/wp-content\/uploads\/2025\/03\/religiao_pixabay-1024x614.jpg"},{"@type":"BreadcrumbList","@id":"https:\/\/nuevo-renacer.com\/el-espiritismo-y-la-necesidad-de-definirlo-claramente\/#breadcrumb","itemListElement":[{"@type":"ListItem","position":1,"name":"Startseite","item":"https:\/\/nuevo-renacer.com\/"},{"@type":"ListItem","position":2,"name":"El espiritismo y la necesidad de definirlo claramente"}]},{"@type":"WebSite","@id":"https:\/\/nuevo-renacer.com\/#website","url":"https:\/\/nuevo-renacer.com\/","name":"Uni\u00f3n Esp\u00edrita","description":"Nuevo Renacer","publisher":{"@id":"https:\/\/nuevo-renacer.com\/#organization"},"potentialAction":[{"@type":"SearchAction","target":{"@type":"EntryPoint","urlTemplate":"https:\/\/nuevo-renacer.com\/?s={search_term_string}"},"query-input":{"@type":"PropertyValueSpecification","valueRequired":true,"valueName":"search_term_string"}}],"inLanguage":"de"},{"@type":"Organization","@id":"https:\/\/nuevo-renacer.com\/#organization","name":"UFEC","url":"https:\/\/nuevo-renacer.com\/","logo":{"@type":"ImageObject","inLanguage":"de","@id":"https:\/\/nuevo-renacer.com\/#\/schema\/logo\/image\/","url":"https:\/\/nuevo-renacer.com\/wp-content\/uploads\/2024\/05\/cropped-LOGO-TERMINADO1-3-3.png","contentUrl":"https:\/\/nuevo-renacer.com\/wp-content\/uploads\/2024\/05\/cropped-LOGO-TERMINADO1-3-3.png","width":512,"height":512,"caption":"UFEC"},"image":{"@id":"https:\/\/nuevo-renacer.com\/#\/schema\/logo\/image\/"},"sameAs":["https:\/\/www.facebook.com\/groups\/3431398063740829"]}]}},"uagb_featured_image_src":{"full":false,"thumbnail":false,"medium":false,"medium_large":false,"large":false,"1536x1536":false,"2048x2048":false,"trp-custom-language-flag":false},"uagb_author_info":{"display_name":"adbv0","author_link":"https:\/\/nuevo-renacer.com\/de\/author\/adbv0\/"},"uagb_comment_info":0,"uagb_excerpt":"El espiritismo y la necesidad de definirlo claramente Hace poco escuch\u00e9 en YouTube las palabras de un se\u00f1or que afirmaba que era muy dif\u00edcil difundir el espiritismo en Alemania. La raz\u00f3n de ello, en su opini\u00f3n, radica en la historia de Alemania, que ha sido triste y sombr\u00eda. Este sufrimiento fue causado principalmente por la&hellip;","jetpack_sharing_enabled":true,"_links":{"self":[{"href":"https:\/\/nuevo-renacer.com\/de\/wp-json\/wp\/v2\/pages\/7920","targetHints":{"allow":["GET"]}}],"collection":[{"href":"https:\/\/nuevo-renacer.com\/de\/wp-json\/wp\/v2\/pages"}],"about":[{"href":"https:\/\/nuevo-renacer.com\/de\/wp-json\/wp\/v2\/types\/page"}],"author":[{"embeddable":true,"href":"https:\/\/nuevo-renacer.com\/de\/wp-json\/wp\/v2\/users\/1"}],"replies":[{"embeddable":true,"href":"https:\/\/nuevo-renacer.com\/de\/wp-json\/wp\/v2\/comments?post=7920"}],"version-history":[{"count":3,"href":"https:\/\/nuevo-renacer.com\/de\/wp-json\/wp\/v2\/pages\/7920\/revisions"}],"predecessor-version":[{"id":7925,"href":"https:\/\/nuevo-renacer.com\/de\/wp-json\/wp\/v2\/pages\/7920\/revisions\/7925"}],"wp:attachment":[{"href":"https:\/\/nuevo-renacer.com\/de\/wp-json\/wp\/v2\/media?parent=7920"}],"curies":[{"name":"wp","href":"https:\/\/api.w.org\/{rel}","templated":true}]}}