{"id":6947,"date":"2025-02-04T08:23:49","date_gmt":"2025-02-04T08:23:49","guid":{"rendered":"https:\/\/nuevo-renacer.com\/?page_id=6947"},"modified":"2025-02-04T08:23:52","modified_gmt":"2025-02-04T08:23:52","slug":"quien-nos-esperara-al-otro-lado-de-la-vida","status":"publish","type":"page","link":"https:\/\/nuevo-renacer.com\/de\/quien-nos-esperara-al-otro-lado-de-la-vida\/","title":{"rendered":"Wer wird auf der anderen Seite des Lebens auf uns warten?"},"content":{"rendered":"<div class=\"wp-block-uagb-container uagb-block-9ada055d alignfull uagb-is-root-container\"><div class=\"uagb-container-inner-blocks-wrap\">\n<p class=\"has-black-color has-text-color has-link-color has-medium-font-size wp-elements-becb6a92b7b812c44b60ad58d30c24a7\"><strong>Wer wird auf der anderen Seite des Lebens auf uns warten?<\/strong><\/p>\n<\/div><\/div>\n\n\n\n<div class=\"wp-block-uagb-container uagb-block-1f92a383 alignfull uagb-is-root-container\"><div class=\"uagb-container-inner-blocks-wrap\">\n<figure class=\"wp-block-image size-large is-resized\"><img fetchpriority=\"high\" decoding=\"async\" width=\"1024\" height=\"607\" src=\"https:\/\/nuevo-renacer.com\/wp-content\/uploads\/2025\/02\/Nahtod-1024x607.jpeg\" alt=\"\" class=\"wp-image-6948\" style=\"width:484px;height:auto\" srcset=\"https:\/\/nuevo-renacer.com\/wp-content\/uploads\/2025\/02\/Nahtod-1024x607.jpeg 1024w, https:\/\/nuevo-renacer.com\/wp-content\/uploads\/2025\/02\/Nahtod-300x178.jpeg 300w, https:\/\/nuevo-renacer.com\/wp-content\/uploads\/2025\/02\/Nahtod-768x455.jpeg 768w, https:\/\/nuevo-renacer.com\/wp-content\/uploads\/2025\/02\/Nahtod-1536x911.jpeg 1536w, https:\/\/nuevo-renacer.com\/wp-content\/uploads\/2025\/02\/Nahtod-18x12.jpeg 18w, https:\/\/nuevo-renacer.com\/wp-content\/uploads\/2025\/02\/Nahtod.jpeg 1786w\" sizes=\"(max-width: 1024px) 100vw, 1024px\" \/><\/figure>\n<\/div><\/div>\n\n\n\n<div class=\"wp-block-uagb-container uagb-block-8b1ba782 alignfull uagb-is-root-container\"><div class=\"uagb-container-inner-blocks-wrap\">\n<p class=\"has-black-color has-text-color has-link-color has-small-font-size wp-elements-14080ffb892e38bf60303479417a712e\">Das ist eine Frage, die wir uns bei vielen Gelegenheiten stellen k\u00f6nnen und die f\u00fcr viele Menschen eine gro\u00dfe Unbekannte ist, vor allem, wenn sie das Wissen nicht kennen, das man durch das Studium der geistigen Lehre erwerben kann.<\/p>\n\n\n\n<p class=\"has-black-color has-text-color has-link-color has-small-font-size wp-elements-6e73250c75d65f9309a3a5bac453a4e8\">Zun\u00e4chst muss man sagen, dass sich der Geist nach dem Tod allm\u00e4hlich von seiner materiellen H\u00fclle l\u00f6st; er entkommt nicht wie ein Vogel, der in die Freiheit zur\u00fcckkehrt. Die beiden Ebenen, die physische und die fluidische, ber\u00fchren sich und verschmelzen. Auf diese Weise l\u00f6st der Geist allm\u00e4hlich seine Fesseln, denn sie rei\u00dfen nicht.<\/p>\n\n\n\n<p class=\"has-black-color has-text-color has-link-color has-small-font-size wp-elements-d962ce013c1b1cfcb28836d8ac1bc035\">Desinkarnation bedeutet, die Ebene zu wechseln, wie jemand, der in eine andere Stadt geht, ohne diejenigen zu st\u00f6ren, die aufgrund ihres aufrechten Bewusstseins auf der Erde gelebt und das Gute in seinen verschiedenen Formen und in den unterschiedlichsten Glaubensrichtungen praktiziert haben. Der Tod verleiht unserem Bewusstsein jedoch keine wundersamen Zust\u00e4nde; wir behalten immer noch die Empfindungen, Gef\u00fchle, Lieben, Unvollkommenheiten, S\u00fcchte, Groll, Hass, usw., sowie die Tugenden, die wir in dieser Erfahrung \u00fcberwinden konnten.<\/p>\n\n\n\n<p class=\"has-black-color has-text-color has-link-color has-small-font-size wp-elements-c5f09ed474829dd8a330346cbc026ada\">Deshalb wird der \u00dcbergang von der irdischen zur geistigen Sph\u00e4re immer reibungslos und harmonisch verlaufen, wenn das irdisches Dasein von Arbeit und Liebe gepr\u00e4gt war.<\/p>\n\n\n\n<p class=\"has-black-color has-text-color has-link-color has-small-font-size wp-elements-330c7061472a959e170c033540259d2d\">Unter diesen Bedingungen kann er sofort wieder mit den Geistern zusammentreffen, die in der Welt das Objekt seiner Zuneigung waren, vorausgesetzt, sie befinden sich auf der gleichen evolution\u00e4ren Ebene wie er selbst. Auf diese Weise kann er die Gesellschaft der Wesen, die er liebt und die ihm im Jenseits vorausgegangen sind, sofort wieder sp\u00fcren und treffen. Oft kommen sie ihm bei seiner R\u00fcckkehr in die Geistige Heimat entgegen und helfen ihm, die H\u00fcllen der Materie abzulegen.<\/p>\n\n\n\n<p class=\"has-black-color has-text-color has-link-color has-small-font-size wp-elements-f10d0be1e0b3a2069f0fe6c8b7f1dc6a\">Auf diese Weise ergreift nach der Bitterkeit der Trennung und der langen Abwesenheit eine angenehme Freude und ein anhaltendes Gl\u00fcck jene freundlichen und liebevollen Herzen, die er auf der Erde kannte und die vor ihm gestorben sind. Er trifft auch viele wieder, die er w\u00e4hrend seiner letzten Erfahrung aus den Augen verloren hatte.<\/p>\n\n\n\n<p class=\"has-black-color has-text-color has-link-color has-small-font-size wp-elements-89eded1fc6bf2690e7d631aa50e246a4\">Eine der bemerkenswertesten Begegnungen, die wir haben werden, wird die mit unserem Geistigen F\u00fchrer sein, der, wie wir wissen, von einer h\u00f6heren Ordnung ist, der von unserer Geburt bis zu unserem Tod bei uns ist und der uns danach oft im geistigen Leben und sogar durch viele leibliche Existenzen hindurch folgt, denn solche Existenzen sind nur sehr kurze Phasen im Verh\u00e4ltnis zum Leben des Geistes. Er hat es in der Gro\u00dfen Welt auf sich genommen, wie unsere V\u00e4ter, uns zu besch\u00fctzen und zu beh\u00fcten, uns auf den Weg des Guten zu f\u00fchren, durch die Intuition und Inspiration, die er in uns, in unserem Innersten, im Laufe unserer Erfahrung gewirkt hat. Wenn wir uns weiterentwickelt haben, wenn wir spirituell vorangeschritten sind, wird er sich gl\u00fccklich sch\u00e4tzen, dass wir uns ebenfalls weiterentwickelt haben.<\/p>\n\n\n\n<p class=\"has-black-color has-text-color has-link-color has-small-font-size wp-elements-2000ad85fdf1e499deb0fc04c733658e\">Auf der anderen Seite aber finden die anderen, die die Erde verlassen, ges\u00e4ttigt von der Besessenheit f\u00fcr die verg\u00e4nglichen G\u00fcter der Welt und \u00fcberschattet von unverst\u00e4ndlichen Rebellionen, nicht so schnell die geliebten Wesen, die sie vorher desinkarniert sind. Ihre Wahrnehmungen, die auf die dunkle Atmosph\u00e4re ihrer Gedanken und ihre negativen Werte beschr\u00e4nkt sind, machen es ihnen unm\u00f6glich, das s\u00fc\u00dfe Gl\u00fcck der Wiedervereinigung zu genie\u00dfen.<\/p>\n\n\n\n<p class=\"has-black-color has-text-color has-link-color has-small-font-size wp-elements-f453a58de774f4c7beae0ebdda8c3c78\">In den Sph\u00e4ren, die dem Planeten n\u00e4her sind, behalten die desinkarnierten Geister die Eigenschaften bei, die ihnen in den Aktivit\u00e4ten der materiellen Existenz am meisten zusagten, wobei zu ber\u00fccksichtigen ist, dass einige, die in einem organischen Gewand durch die Welt wandern, das ihnen durch die Umst\u00e4nde der Aufgabe, die sie mit den Inkarnierten zu erf\u00fcllen haben, auferlegt wurde, ihren Zustand vor der Inkarnation wieder aufnehmen, wenn auch bereichert, wenn sie in der Lage waren, ihre Aufgaben auf der Ebene des materiellen Schmerzes und der H\u00e4rte gut zu erf\u00fcllen.<\/p>\n\n\n\n<p class=\"has-black-color has-text-color has-link-color has-small-font-size wp-elements-41d6081347699da55731bdd909b88639\">Deshalb beobachten wir oft leidende und geplagte Geister, die den Eindruck erwecken, verlassene und vergessene Gesch\u00f6pfe zu sein, die aber in Wirklichkeit die Urheber ihrer Hilflosigkeit sind, weil sie im B\u00f6sen, in krimineller Absicht oder im Ungehorsam gegen\u00fcber den g\u00f6ttlichen Gesetzen verharren.<\/p>\n\n\n\n<p class=\"has-black-color has-text-color has-link-color has-small-font-size wp-elements-6595e37ad64054a5616e2ac0999505c2\">In den fr\u00fchen Stadien ihres spirituellen Lebens sucht sich die entk\u00f6rperte Seele ganz nat\u00fcrlich die T\u00e4tigkeiten aus, die sie in den Kreisen des materiellen Lebens bevorzugt hat, im Gehorsam gegen\u00fcber den Banden der Verwandtschaft, wie es in den irdischen Vereinigungen geschieht. Die Geister versammeln sich in Gruppen, je nach ihrer Einstimmung und ihrem evolution\u00e4ren Status, und bereiten sich auf eine neue Etappe, eine kommende irdische Erfahrung, vor, indem sie sich von den h\u00f6heren Br\u00fcdern, die f\u00fcr diese Art von Aufgabe bestimmt sind, in geeigneter Weise f\u00fchren lassen, wo jene Handlungen und Pr\u00fcfungen geplant werden, die f\u00fcr unsere Verbesserung notwendig sind. Die Planung der Reinkarnationen steht in direktem Zusammenhang mit den Aktivit\u00e4ten der Erleuchtung.<\/p>\n\n\n\n<p class=\"has-black-color has-text-color has-link-color has-small-font-size wp-elements-1cc3c20574541d5ff9ba630d383cd0ea\">Nat\u00fcrlich wird die Gruppe der geistigen Familie ber\u00fccksichtigt, da wir uns wiedersehen werden, auch wenn wir logischerweise unsere Rollen innerhalb der Programmierung \u00e4ndern, da die Gesetzgeber ihre Zukunft beeinflussen werden, indem sie sich an den Aufgaben beteiligen, die die intellektuelle und moralische Entwicklung f\u00f6rdern werden, da sie durchaus in der Lage sind, den ihnen unterlegenen Geistern zu helfen und sie zu beraten, indem sie die Handlungsbedingungen der gegenw\u00e4rtigen und zuk\u00fcnftigen Generationen beeinflussen.<\/p>\n<\/div><\/div>\n\n\n\n<div class=\"wp-block-uagb-container uagb-block-6452fb0e alignfull uagb-is-root-container\"><div class=\"uagb-container-inner-blocks-wrap\"><\/div><\/div>\n\n\n\n<div class=\"wp-block-uagb-container uagb-block-472113c9 alignfull uagb-is-root-container\"><div class=\"uagb-container-inner-blocks-wrap\">\n<p class=\"has-black-color has-text-color has-link-color has-small-font-size wp-elements-f1d45f20666c8dd475d1d41f4e494f48\"><em>Artikel verfasst von Juan Miguel Fern\u00e1ndez Mu\u00f1oz<\/em><\/p>\n<\/div><\/div>\n\n\n\n<div class=\"wp-block-uagb-container uagb-block-a4ad6ccc alignfull uagb-is-root-container\"><div class=\"uagb-container-inner-blocks-wrap\"><\/div><\/div>\n\n\n\n<div class=\"wp-block-uagb-container uagb-block-237df41c alignfull uagb-is-root-container\"><div class=\"uagb-container-inner-blocks-wrap\"><\/div><\/div>","protected":false},"excerpt":{"rendered":"<p>\u00bfQui\u00e9n nos esperar\u00e1 al otro lado de la vida? Esta es una pregunta que en muchas ocasiones nos podemos plantear y que para una gran multitud de personas es una gran inc\u00f3gnita, sobre todo cuando se desconocen aquellos conocimientos que a trav\u00e9s del estudio de la Doctrina de los Esp\u00edritus se pueden adquirir. Debemos comenzar [&hellip;]<\/p>","protected":false},"author":1,"featured_media":0,"parent":0,"menu_order":0,"comment_status":"closed","ping_status":"closed","template":"","meta":{"_uag_custom_page_level_css":"","site-sidebar-layout":"default","site-content-layout":"","ast-site-content-layout":"default","site-content-style":"default","site-sidebar-style":"default","ast-global-header-display":"","ast-banner-title-visibility":"","ast-main-header-display":"","ast-hfb-above-header-display":"","ast-hfb-below-header-display":"","ast-hfb-mobile-header-display":"","site-post-title":"disabled","ast-breadcrumbs-content":"","ast-featured-img":"","footer-sml-layout":"","theme-transparent-header-meta":"","adv-header-id-meta":"","stick-header-meta":"","header-above-stick-meta":"","header-main-stick-meta":"","header-below-stick-meta":"","astra-migrate-meta-layouts":"set","ast-page-background-enabled":"default","ast-page-background-meta":{"desktop":{"background-color":"var(--ast-global-color-4)","background-image":"","background-repeat":"repeat","background-position":"center center","background-size":"auto","background-attachment":"scroll","background-type":"","background-media":"","overlay-type":"","overlay-color":"","overlay-opacity":"","overlay-gradient":""},"tablet":{"background-color":"","background-image":"","background-repeat":"repeat","background-position":"center center","background-size":"auto","background-attachment":"scroll","background-type":"","background-media":"","overlay-type":"","overlay-color":"","overlay-opacity":"","overlay-gradient":""},"mobile":{"background-color":"","background-image":"","background-repeat":"repeat","background-position":"center center","background-size":"auto","background-attachment":"scroll","background-type":"","background-media":"","overlay-type":"","overlay-color":"","overlay-opacity":"","overlay-gradient":""}},"ast-content-background-meta":{"desktop":{"background-color":"var(--ast-global-color-5)","background-image":"","background-repeat":"repeat","background-position":"center center","background-size":"auto","background-attachment":"scroll","background-type":"","background-media":"","overlay-type":"","overlay-color":"","overlay-opacity":"","overlay-gradient":""},"tablet":{"background-color":"var(--ast-global-color-5)","background-image":"","background-repeat":"repeat","background-position":"center center","background-size":"auto","background-attachment":"scroll","background-type":"","background-media":"","overlay-type":"","overlay-color":"","overlay-opacity":"","overlay-gradient":""},"mobile":{"background-color":"var(--ast-global-color-5)","background-image":"","background-repeat":"repeat","background-position":"center center","background-size":"auto","background-attachment":"scroll","background-type":"","background-media":"","overlay-type":"","overlay-color":"","overlay-opacity":"","overlay-gradient":""}},"footnotes":""},"class_list":["post-6947","page","type-page","status-publish","hentry"],"yoast_head":"<!-- This site is optimized with the Yoast SEO Premium plugin v24.2 (Yoast SEO v24.6) - https:\/\/yoast.com\/wordpress\/plugins\/seo\/ -->\n<title>\u00bfQui\u00e9n nos esperar\u00e1 al otro lado de la vida? - Uni\u00f3n Esp\u00edrita<\/title>\n<meta name=\"robots\" content=\"index, follow, max-snippet:-1, max-image-preview:large, max-video-preview:-1\" \/>\n<link rel=\"canonical\" href=\"https:\/\/nuevo-renacer.com\/de\/quien-nos-esperara-al-otro-lado-de-la-vida\/\" \/>\n<meta property=\"og:locale\" content=\"de_DE\" \/>\n<meta property=\"og:type\" content=\"article\" \/>\n<meta property=\"og:title\" content=\"\u00bfQui\u00e9n nos esperar\u00e1 al otro lado de la vida?\" \/>\n<meta property=\"og:description\" content=\"\u00bfQui\u00e9n nos esperar\u00e1 al otro lado de la vida? Esta es una pregunta que en muchas ocasiones nos podemos plantear y que para una gran multitud de personas es una gran inc\u00f3gnita, sobre todo cuando se desconocen aquellos conocimientos que a trav\u00e9s del estudio de la Doctrina de los Esp\u00edritus se pueden adquirir. Debemos comenzar [&hellip;]\" \/>\n<meta property=\"og:url\" content=\"https:\/\/nuevo-renacer.com\/de\/quien-nos-esperara-al-otro-lado-de-la-vida\/\" \/>\n<meta property=\"og:site_name\" content=\"Uni\u00f3n Esp\u00edrita\" \/>\n<meta property=\"article:publisher\" content=\"https:\/\/www.facebook.com\/groups\/3431398063740829\" \/>\n<meta property=\"article:modified_time\" content=\"2025-02-04T08:23:52+00:00\" \/>\n<meta property=\"og:image\" content=\"https:\/\/nuevo-renacer.com\/wp-content\/uploads\/2025\/02\/Nahtod.jpeg\" \/>\n\t<meta property=\"og:image:width\" content=\"1786\" \/>\n\t<meta property=\"og:image:height\" content=\"1059\" \/>\n\t<meta property=\"og:image:type\" content=\"image\/jpeg\" \/>\n<meta name=\"twitter:card\" content=\"summary_large_image\" \/>\n<meta name=\"twitter:label1\" content=\"Gesch\u00e4tzte Lesezeit\" \/>\n\t<meta name=\"twitter:data1\" content=\"6\u00a0Minuten\" \/>\n<script type=\"application\/ld+json\" class=\"yoast-schema-graph\">{\"@context\":\"https:\/\/schema.org\",\"@graph\":[{\"@type\":\"WebPage\",\"@id\":\"https:\/\/nuevo-renacer.com\/quien-nos-esperara-al-otro-lado-de-la-vida\/\",\"url\":\"https:\/\/nuevo-renacer.com\/quien-nos-esperara-al-otro-lado-de-la-vida\/\",\"name\":\"\u00bfQui\u00e9n nos esperar\u00e1 al otro lado de la vida? - Uni\u00f3n Esp\u00edrita\",\"isPartOf\":{\"@id\":\"https:\/\/nuevo-renacer.com\/#website\"},\"primaryImageOfPage\":{\"@id\":\"https:\/\/nuevo-renacer.com\/quien-nos-esperara-al-otro-lado-de-la-vida\/#primaryimage\"},\"image\":{\"@id\":\"https:\/\/nuevo-renacer.com\/quien-nos-esperara-al-otro-lado-de-la-vida\/#primaryimage\"},\"thumbnailUrl\":\"https:\/\/nuevo-renacer.com\/wp-content\/uploads\/2025\/02\/Nahtod-1024x607.jpeg\",\"datePublished\":\"2025-02-04T08:23:49+00:00\",\"dateModified\":\"2025-02-04T08:23:52+00:00\",\"breadcrumb\":{\"@id\":\"https:\/\/nuevo-renacer.com\/quien-nos-esperara-al-otro-lado-de-la-vida\/#breadcrumb\"},\"inLanguage\":\"de\",\"potentialAction\":[{\"@type\":\"ReadAction\",\"target\":[\"https:\/\/nuevo-renacer.com\/quien-nos-esperara-al-otro-lado-de-la-vida\/\"]}]},{\"@type\":\"ImageObject\",\"inLanguage\":\"de\",\"@id\":\"https:\/\/nuevo-renacer.com\/quien-nos-esperara-al-otro-lado-de-la-vida\/#primaryimage\",\"url\":\"https:\/\/nuevo-renacer.com\/wp-content\/uploads\/2025\/02\/Nahtod-1024x607.jpeg\",\"contentUrl\":\"https:\/\/nuevo-renacer.com\/wp-content\/uploads\/2025\/02\/Nahtod-1024x607.jpeg\"},{\"@type\":\"BreadcrumbList\",\"@id\":\"https:\/\/nuevo-renacer.com\/quien-nos-esperara-al-otro-lado-de-la-vida\/#breadcrumb\",\"itemListElement\":[{\"@type\":\"ListItem\",\"position\":1,\"name\":\"Startseite\",\"item\":\"https:\/\/nuevo-renacer.com\/\"},{\"@type\":\"ListItem\",\"position\":2,\"name\":\"\u00bfQui\u00e9n nos esperar\u00e1 al otro lado de la vida?\"}]},{\"@type\":\"WebSite\",\"@id\":\"https:\/\/nuevo-renacer.com\/#website\",\"url\":\"https:\/\/nuevo-renacer.com\/\",\"name\":\"Uni\u00f3n Esp\u00edrita\",\"description\":\"Nuevo Renacer\",\"publisher\":{\"@id\":\"https:\/\/nuevo-renacer.com\/#organization\"},\"potentialAction\":[{\"@type\":\"SearchAction\",\"target\":{\"@type\":\"EntryPoint\",\"urlTemplate\":\"https:\/\/nuevo-renacer.com\/?s={search_term_string}\"},\"query-input\":{\"@type\":\"PropertyValueSpecification\",\"valueRequired\":true,\"valueName\":\"search_term_string\"}}],\"inLanguage\":\"de\"},{\"@type\":\"Organization\",\"@id\":\"https:\/\/nuevo-renacer.com\/#organization\",\"name\":\"UFEC\",\"url\":\"https:\/\/nuevo-renacer.com\/\",\"logo\":{\"@type\":\"ImageObject\",\"inLanguage\":\"de\",\"@id\":\"https:\/\/nuevo-renacer.com\/#\/schema\/logo\/image\/\",\"url\":\"https:\/\/nuevo-renacer.com\/wp-content\/uploads\/2024\/05\/cropped-LOGO-TERMINADO1-3-3.png\",\"contentUrl\":\"https:\/\/nuevo-renacer.com\/wp-content\/uploads\/2024\/05\/cropped-LOGO-TERMINADO1-3-3.png\",\"width\":512,\"height\":512,\"caption\":\"UFEC\"},\"image\":{\"@id\":\"https:\/\/nuevo-renacer.com\/#\/schema\/logo\/image\/\"},\"sameAs\":[\"https:\/\/www.facebook.com\/groups\/3431398063740829\"]}]}<\/script>\n<!-- \/ Yoast SEO Premium plugin. -->","yoast_head_json":{"title":"\u00bfQui\u00e9n nos esperar\u00e1 al otro lado de la vida? - Uni\u00f3n Esp\u00edrita","robots":{"index":"index","follow":"follow","max-snippet":"max-snippet:-1","max-image-preview":"max-image-preview:large","max-video-preview":"max-video-preview:-1"},"canonical":"https:\/\/nuevo-renacer.com\/de\/quien-nos-esperara-al-otro-lado-de-la-vida\/","og_locale":"de_DE","og_type":"article","og_title":"\u00bfQui\u00e9n nos esperar\u00e1 al otro lado de la vida?","og_description":"\u00bfQui\u00e9n nos esperar\u00e1 al otro lado de la vida? Esta es una pregunta que en muchas ocasiones nos podemos plantear y que para una gran multitud de personas es una gran inc\u00f3gnita, sobre todo cuando se desconocen aquellos conocimientos que a trav\u00e9s del estudio de la Doctrina de los Esp\u00edritus se pueden adquirir. Debemos comenzar [&hellip;]","og_url":"https:\/\/nuevo-renacer.com\/de\/quien-nos-esperara-al-otro-lado-de-la-vida\/","og_site_name":"Uni\u00f3n Esp\u00edrita","article_publisher":"https:\/\/www.facebook.com\/groups\/3431398063740829","article_modified_time":"2025-02-04T08:23:52+00:00","og_image":[{"width":1786,"height":1059,"url":"https:\/\/nuevo-renacer.com\/wp-content\/uploads\/2025\/02\/Nahtod.jpeg","type":"image\/jpeg"}],"twitter_card":"summary_large_image","twitter_misc":{"Gesch\u00e4tzte Lesezeit":"6\u00a0Minuten"},"schema":{"@context":"https:\/\/schema.org","@graph":[{"@type":"WebPage","@id":"https:\/\/nuevo-renacer.com\/quien-nos-esperara-al-otro-lado-de-la-vida\/","url":"https:\/\/nuevo-renacer.com\/quien-nos-esperara-al-otro-lado-de-la-vida\/","name":"\u00bfQui\u00e9n nos esperar\u00e1 al otro lado de la vida? - Uni\u00f3n Esp\u00edrita","isPartOf":{"@id":"https:\/\/nuevo-renacer.com\/#website"},"primaryImageOfPage":{"@id":"https:\/\/nuevo-renacer.com\/quien-nos-esperara-al-otro-lado-de-la-vida\/#primaryimage"},"image":{"@id":"https:\/\/nuevo-renacer.com\/quien-nos-esperara-al-otro-lado-de-la-vida\/#primaryimage"},"thumbnailUrl":"https:\/\/nuevo-renacer.com\/wp-content\/uploads\/2025\/02\/Nahtod-1024x607.jpeg","datePublished":"2025-02-04T08:23:49+00:00","dateModified":"2025-02-04T08:23:52+00:00","breadcrumb":{"@id":"https:\/\/nuevo-renacer.com\/quien-nos-esperara-al-otro-lado-de-la-vida\/#breadcrumb"},"inLanguage":"de","potentialAction":[{"@type":"ReadAction","target":["https:\/\/nuevo-renacer.com\/quien-nos-esperara-al-otro-lado-de-la-vida\/"]}]},{"@type":"ImageObject","inLanguage":"de","@id":"https:\/\/nuevo-renacer.com\/quien-nos-esperara-al-otro-lado-de-la-vida\/#primaryimage","url":"https:\/\/nuevo-renacer.com\/wp-content\/uploads\/2025\/02\/Nahtod-1024x607.jpeg","contentUrl":"https:\/\/nuevo-renacer.com\/wp-content\/uploads\/2025\/02\/Nahtod-1024x607.jpeg"},{"@type":"BreadcrumbList","@id":"https:\/\/nuevo-renacer.com\/quien-nos-esperara-al-otro-lado-de-la-vida\/#breadcrumb","itemListElement":[{"@type":"ListItem","position":1,"name":"Startseite","item":"https:\/\/nuevo-renacer.com\/"},{"@type":"ListItem","position":2,"name":"\u00bfQui\u00e9n nos esperar\u00e1 al otro lado de la vida?"}]},{"@type":"WebSite","@id":"https:\/\/nuevo-renacer.com\/#website","url":"https:\/\/nuevo-renacer.com\/","name":"Uni\u00f3n Esp\u00edrita","description":"Nuevo Renacer","publisher":{"@id":"https:\/\/nuevo-renacer.com\/#organization"},"potentialAction":[{"@type":"SearchAction","target":{"@type":"EntryPoint","urlTemplate":"https:\/\/nuevo-renacer.com\/?s={search_term_string}"},"query-input":{"@type":"PropertyValueSpecification","valueRequired":true,"valueName":"search_term_string"}}],"inLanguage":"de"},{"@type":"Organization","@id":"https:\/\/nuevo-renacer.com\/#organization","name":"UFEC","url":"https:\/\/nuevo-renacer.com\/","logo":{"@type":"ImageObject","inLanguage":"de","@id":"https:\/\/nuevo-renacer.com\/#\/schema\/logo\/image\/","url":"https:\/\/nuevo-renacer.com\/wp-content\/uploads\/2024\/05\/cropped-LOGO-TERMINADO1-3-3.png","contentUrl":"https:\/\/nuevo-renacer.com\/wp-content\/uploads\/2024\/05\/cropped-LOGO-TERMINADO1-3-3.png","width":512,"height":512,"caption":"UFEC"},"image":{"@id":"https:\/\/nuevo-renacer.com\/#\/schema\/logo\/image\/"},"sameAs":["https:\/\/www.facebook.com\/groups\/3431398063740829"]}]}},"uagb_featured_image_src":{"full":false,"thumbnail":false,"medium":false,"medium_large":false,"large":false,"1536x1536":false,"2048x2048":false,"trp-custom-language-flag":false},"uagb_author_info":{"display_name":"adbv0","author_link":"https:\/\/nuevo-renacer.com\/de\/author\/adbv0\/"},"uagb_comment_info":0,"uagb_excerpt":"\u00bfQui\u00e9n nos esperar\u00e1 al otro lado de la vida? Esta es una pregunta que en muchas ocasiones nos podemos plantear y que para una gran multitud de personas es una gran inc\u00f3gnita, sobre todo cuando se desconocen aquellos conocimientos que a trav\u00e9s del estudio de la Doctrina de los Esp\u00edritus se pueden adquirir. Debemos comenzar&hellip;","jetpack_sharing_enabled":true,"_links":{"self":[{"href":"https:\/\/nuevo-renacer.com\/de\/wp-json\/wp\/v2\/pages\/6947","targetHints":{"allow":["GET"]}}],"collection":[{"href":"https:\/\/nuevo-renacer.com\/de\/wp-json\/wp\/v2\/pages"}],"about":[{"href":"https:\/\/nuevo-renacer.com\/de\/wp-json\/wp\/v2\/types\/page"}],"author":[{"embeddable":true,"href":"https:\/\/nuevo-renacer.com\/de\/wp-json\/wp\/v2\/users\/1"}],"replies":[{"embeddable":true,"href":"https:\/\/nuevo-renacer.com\/de\/wp-json\/wp\/v2\/comments?post=6947"}],"version-history":[{"count":1,"href":"https:\/\/nuevo-renacer.com\/de\/wp-json\/wp\/v2\/pages\/6947\/revisions"}],"predecessor-version":[{"id":6949,"href":"https:\/\/nuevo-renacer.com\/de\/wp-json\/wp\/v2\/pages\/6947\/revisions\/6949"}],"wp:attachment":[{"href":"https:\/\/nuevo-renacer.com\/de\/wp-json\/wp\/v2\/media?parent=6947"}],"curies":[{"name":"wp","href":"https:\/\/api.w.org\/{rel}","templated":true}]}}