{"id":6848,"date":"2025-01-22T09:29:16","date_gmt":"2025-01-22T09:29:16","guid":{"rendered":"https:\/\/nuevo-renacer.com\/?page_id=6848"},"modified":"2025-01-22T10:26:09","modified_gmt":"2025-01-22T10:26:09","slug":"maria-oneill","status":"publish","type":"page","link":"https:\/\/nuevo-renacer.com\/de\/maria-oneill\/","title":{"rendered":"Maria O\u00b4Neill"},"content":{"rendered":"<div class=\"wp-block-uagb-container uagb-block-c3233075 alignfull uagb-is-root-container\"><div class=\"uagb-container-inner-blocks-wrap\">\n<p class=\"has-black-color has-text-color has-link-color has-medium-font-size wp-elements-1fd816dfa191dec6edef56988638b806\"><strong>Maria O\u00b4Neill<\/strong><\/p>\n<\/div><\/div>\n\n\n\n<div class=\"wp-block-uagb-container uagb-block-9b39e03b alignfull uagb-is-root-container\"><div class=\"uagb-container-inner-blocks-wrap\">\n<figure class=\"wp-block-image size-full is-resized\"><img decoding=\"async\" width=\"190\" height=\"217\" src=\"https:\/\/nuevo-renacer.com\/wp-content\/uploads\/2025\/01\/images-1.jpg\" alt=\"\" class=\"wp-image-6855\" style=\"width:233px;height:auto\" srcset=\"https:\/\/nuevo-renacer.com\/wp-content\/uploads\/2025\/01\/images-1.jpg 190w, https:\/\/nuevo-renacer.com\/wp-content\/uploads\/2025\/01\/images-1-11x12.jpg 11w\" sizes=\"(max-width: 190px) 100vw, 190px\" \/><\/figure>\n<\/div><\/div>\n\n\n\n<div class=\"wp-block-uagb-container uagb-block-13a92970 alignfull uagb-is-root-container\"><div class=\"uagb-container-inner-blocks-wrap\">\n<p class=\"has-black-color has-text-color has-link-color has-small-font-size wp-elements-00f8b78d71baa2efc438e560623660bb\">Maria O'Neill, eine Schriftstellerin, begann ihre Laufbahn in der Theosophie und interessierte sich sp\u00e4ter f\u00fcr den Spiritismus, dem sie bis zum Ende ihrer Tage einen gro\u00dfen Teil ihres Lebens widmete. SIe nahm am I. Portugiesischen Spiritistischen Kongress teil und gab der FEP die engagierteste Mitarbeit. Sie war Teil des Redaktionskomitees der Zeitschrift Espiritismo, an der sie immer mitgearbeitet hat.<\/p>\n\n\n\n<p class=\"has-black-color has-text-color has-link-color has-small-font-size wp-elements-158e6468cf41ef56dd6236b8076514c0\">Person \u00aboffen f\u00fcr alle \u00c4ngste und Sorgen des Denkens, ihr Leben war ein Apostolat der gro\u00dfz\u00fcgigen und sch\u00f6nen Ideen\u00bb. Ihr literarisches Werk, ziemlich umfangreich, umfasste eine Sammlung von Kindergeschichten, die zu dieser Zeit als die besten in portugiesischer Sprache angesehen wurden und in verschiedene Sprachen \u00fcbersetzt wurden. Es begann literarisch mit einem Buch der Poesie, \u00abNimbos\u00bb, von Bulh\u00e3o Pato vorangestellt, zu dem folgten andere Arbeiten, einige von bemerkenswertem Wert, unter anderem \u00abDer Kampf der Gef\u00fchle\u00bb, \u00abUngerechnete Illusion\u00bb, \u00abEin Drama der Eifersucht\u00bb, \u00abLiebe ist leiden\u00bb, \u00abEine gl\u00fcckliche Verlobung\u00bb, \u00abPsalmen der Liebe\u00bb, \u00abDas wahre Leben\u00bb, \u00abWeibliche Seelen\u00bb, \u00abDie Viper\u00bb, \u00abLose Bl\u00e4tter\u00bb, \u00abDie Kette von Vera\u00bb, \u00abDie Liebe erreicht alles\u00bb.<\/p>\n\n\n\n<p class=\"has-black-color has-text-color has-link-color has-small-font-size wp-elements-5c2f9648088b10c021560ddc9b3eda78\">Ihre philanthropische T\u00e4tigkeit war nicht weniger fruchtbar, weil sie durch ihre moralische Gr\u00f6\u00dfe dazu gebracht wurde, diskret zu sein, das Gute ohne Anteilnahme zu tun, die Ersparnisse und die Leistung ihrer literarischen Werke mit m\u00fctterlicher Einfachheit an die Bed\u00fcrftigen zu verteilen.<\/p>\n\n\n\n<p class=\"has-black-color has-text-color has-link-color has-small-font-size wp-elements-30eb9bac137f6b1ae9f82625dec460b0\">Begleiterin und Lehrerin, die wie wenige der portugiesischen Spiritistischen F\u00f6deration gewidmet war, hatte das Ideal, das sie durch die Entmystifizierung und Reinheit, wie sie es zu dienen wusste, sichtbar machte... Frau von gro\u00dfer Kultur, Mitglied der Akademie der Literatur, war immer ein brillanter Geist und \u00fcberlegener Charakter gewesen... Innerhalb der FEP war sie ein koordinierendes und harmonisierendes Element zwischen denen, die manchmal in Uneinigkeit waren, was sie dazu brachte, ihre Haltungen zu \u00fcberdenken, die manchmal als unl\u00f6sbar angesehen wurden.<\/p>\n\n\n\n<p class=\"has-black-color has-text-color has-link-color has-small-font-size wp-elements-2e31a25b4d4cae7d36fd0b2c32d4d119\">Maria O'Neill \u00fcberraschte alle, die sie h\u00f6rten mit ihrem leichten Wort, ihrer Klarheit und klaren Argumentation. Eine echte Frau der Waffen entfaltet sich in Konferenzen, wobei sie den Spiritisten aus der Algarve und Alentejanos besondere Unterst\u00fctzung gegeben hat, die sie oft zu Vortr\u00e4gen einluden. Es konnten mehrere lobende Referenzen auf Maria O'Neill in \"Com\u00e9rcio do Porto\" (17-11-1929), \"Gazeta de Coimbra\" (28-11-1929), \"O Primeiro de Janeiro\" (28-11-1929) gefunden werden, unter vielen anderen ber\u00fchmten Zeitungen der Zeit.<\/p>\n\n\n\n<p class=\"has-black-color has-text-color has-link-color has-small-font-size wp-elements-45cf388f6f704720cfcea050e8d8aec0\">Im Jahr 1930 ging sie nach Brasilien, wo sie eine Reihe von Vortr\u00e4gen \u00fcber literarische und spiritistische Themen hielt. Der Erfolg ist gro\u00df in den L\u00e4ndern von Santa Cruz. Sie kehrt nach Lissabon zur\u00fcck und ging wieder nach Brasilien, diesmal im Februar 1932, wo sie viele Konferenzen \u00fcber den Spiritismus erwarteten. Ihr Gesundheitszustand war ziemlich ernst, als sie in Bahia landete und sich entschied, dringend nach Lissabon zur\u00fcckzukehren.<\/p>\n\n\n\n<p class=\"has-black-color has-text-color has-link-color has-small-font-size wp-elements-e95907222a0354e45cca5f7a49fcaf75\">Sie starb auf offener See, zwei Tage nachdem sie die R\u00fcckreise angetreten hatte, am 23. M\u00e4rz 1932. Ihr K\u00f6rper wurde ins Meer geworfen, wie es die Hindu-Mystiker vorzogen, mit denen Maria O'Neill eine tiefe Verbundenheit hatte, als Sch\u00fclerin von Annie Besant und Blawatsky, w\u00e4hrend ihr unsterblicher Geist auf der Suche nach neuen Horizonten weitere Stationen der Spiritualit\u00e4t verlangte.<\/p>\n<\/div><\/div>\n\n\n\n<div class=\"wp-block-uagb-container uagb-block-2ca14fd4 alignfull uagb-is-root-container\"><div class=\"uagb-container-inner-blocks-wrap\"><\/div><\/div>\n\n\n\n<div class=\"wp-block-uagb-container uagb-block-bead905b alignfull uagb-is-root-container\"><div class=\"uagb-container-inner-blocks-wrap\"><\/div><\/div>","protected":false},"excerpt":{"rendered":"<p>Maria O\u00b4Neill Mar\u00eda O&#8217;Neill, escritora, se inici\u00f3 en la teosof\u00eda, interes\u00e1ndose posteriormente por el espiritismo, al que dedic\u00f3 hasta el final de sus d\u00edas una gran parte de su existencia. Particip\u00f3 en el I Congreso Esp\u00edrita Portugu\u00e9s y dio a la FEP la m\u00e1s dedicada colaboraci\u00f3n. Fue parte del cuerpo redactor de la revista Espiritismo, [&hellip;]<\/p>","protected":false},"author":1,"featured_media":0,"parent":0,"menu_order":0,"comment_status":"closed","ping_status":"closed","template":"","meta":{"_uag_custom_page_level_css":"","site-sidebar-layout":"default","site-content-layout":"","ast-site-content-layout":"default","site-content-style":"default","site-sidebar-style":"default","ast-global-header-display":"","ast-banner-title-visibility":"","ast-main-header-display":"","ast-hfb-above-header-display":"","ast-hfb-below-header-display":"","ast-hfb-mobile-header-display":"","site-post-title":"disabled","ast-breadcrumbs-content":"","ast-featured-img":"","footer-sml-layout":"","theme-transparent-header-meta":"","adv-header-id-meta":"","stick-header-meta":"","header-above-stick-meta":"","header-main-stick-meta":"","header-below-stick-meta":"","astra-migrate-meta-layouts":"set","ast-page-background-enabled":"default","ast-page-background-meta":{"desktop":{"background-color":"var(--ast-global-color-4)","background-image":"","background-repeat":"repeat","background-position":"center center","background-size":"auto","background-attachment":"scroll","background-type":"","background-media":"","overlay-type":"","overlay-color":"","overlay-opacity":"","overlay-gradient":""},"tablet":{"background-color":"","background-image":"","background-repeat":"repeat","background-position":"center center","background-size":"auto","background-attachment":"scroll","background-type":"","background-media":"","overlay-type":"","overlay-color":"","overlay-opacity":"","overlay-gradient":""},"mobile":{"background-color":"","background-image":"","background-repeat":"repeat","background-position":"center center","background-size":"auto","background-attachment":"scroll","background-type":"","background-media":"","overlay-type":"","overlay-color":"","overlay-opacity":"","overlay-gradient":""}},"ast-content-background-meta":{"desktop":{"background-color":"var(--ast-global-color-5)","background-image":"","background-repeat":"repeat","background-position":"center center","background-size":"auto","background-attachment":"scroll","background-type":"","background-media":"","overlay-type":"","overlay-color":"","overlay-opacity":"","overlay-gradient":""},"tablet":{"background-color":"var(--ast-global-color-5)","background-image":"","background-repeat":"repeat","background-position":"center center","background-size":"auto","background-attachment":"scroll","background-type":"","background-media":"","overlay-type":"","overlay-color":"","overlay-opacity":"","overlay-gradient":""},"mobile":{"background-color":"var(--ast-global-color-5)","background-image":"","background-repeat":"repeat","background-position":"center center","background-size":"auto","background-attachment":"scroll","background-type":"","background-media":"","overlay-type":"","overlay-color":"","overlay-opacity":"","overlay-gradient":""}},"footnotes":""},"class_list":["post-6848","page","type-page","status-publish","hentry"],"yoast_head":"<!-- This site is optimized with the Yoast SEO Premium plugin v24.2 (Yoast SEO v24.6) - https:\/\/yoast.com\/wordpress\/plugins\/seo\/ -->\n<title>Maria O\u00b4Neill - Uni\u00f3n Esp\u00edrita<\/title>\n<meta name=\"robots\" content=\"index, follow, max-snippet:-1, max-image-preview:large, max-video-preview:-1\" \/>\n<link rel=\"canonical\" href=\"https:\/\/nuevo-renacer.com\/de\/maria-oneill\/\" \/>\n<meta property=\"og:locale\" content=\"de_DE\" \/>\n<meta property=\"og:type\" content=\"article\" \/>\n<meta property=\"og:title\" content=\"Maria O\u00b4Neill\" \/>\n<meta property=\"og:description\" content=\"Maria O\u00b4Neill Mar\u00eda O&#8217;Neill, escritora, se inici\u00f3 en la teosof\u00eda, interes\u00e1ndose posteriormente por el espiritismo, al que dedic\u00f3 hasta el final de sus d\u00edas una gran parte de su existencia. Particip\u00f3 en el I Congreso Esp\u00edrita Portugu\u00e9s y dio a la FEP la m\u00e1s dedicada colaboraci\u00f3n. Fue parte del cuerpo redactor de la revista Espiritismo, [&hellip;]\" \/>\n<meta property=\"og:url\" content=\"https:\/\/nuevo-renacer.com\/de\/maria-oneill\/\" \/>\n<meta property=\"og:site_name\" content=\"Uni\u00f3n Esp\u00edrita\" \/>\n<meta property=\"article:publisher\" content=\"https:\/\/www.facebook.com\/groups\/3431398063740829\" \/>\n<meta property=\"article:modified_time\" content=\"2025-01-22T10:26:09+00:00\" \/>\n<meta property=\"og:image\" content=\"https:\/\/nuevo-renacer.com\/wp-content\/uploads\/2025\/01\/images-1.jpg\" \/>\n\t<meta property=\"og:image:width\" content=\"190\" \/>\n\t<meta property=\"og:image:height\" content=\"217\" \/>\n\t<meta property=\"og:image:type\" content=\"image\/jpeg\" \/>\n<meta name=\"twitter:card\" content=\"summary_large_image\" \/>\n<meta name=\"twitter:label1\" content=\"Gesch\u00e4tzte Lesezeit\" \/>\n\t<meta name=\"twitter:data1\" content=\"3\u00a0Minuten\" \/>\n<script type=\"application\/ld+json\" class=\"yoast-schema-graph\">{\"@context\":\"https:\/\/schema.org\",\"@graph\":[{\"@type\":\"WebPage\",\"@id\":\"https:\/\/nuevo-renacer.com\/maria-oneill\/\",\"url\":\"https:\/\/nuevo-renacer.com\/maria-oneill\/\",\"name\":\"Maria O\u00b4Neill - Uni\u00f3n Esp\u00edrita\",\"isPartOf\":{\"@id\":\"https:\/\/nuevo-renacer.com\/#website\"},\"primaryImageOfPage\":{\"@id\":\"https:\/\/nuevo-renacer.com\/maria-oneill\/#primaryimage\"},\"image\":{\"@id\":\"https:\/\/nuevo-renacer.com\/maria-oneill\/#primaryimage\"},\"thumbnailUrl\":\"https:\/\/nuevo-renacer.com\/wp-content\/uploads\/2025\/01\/images-1.jpg\",\"datePublished\":\"2025-01-22T09:29:16+00:00\",\"dateModified\":\"2025-01-22T10:26:09+00:00\",\"breadcrumb\":{\"@id\":\"https:\/\/nuevo-renacer.com\/maria-oneill\/#breadcrumb\"},\"inLanguage\":\"de\",\"potentialAction\":[{\"@type\":\"ReadAction\",\"target\":[\"https:\/\/nuevo-renacer.com\/maria-oneill\/\"]}]},{\"@type\":\"ImageObject\",\"inLanguage\":\"de\",\"@id\":\"https:\/\/nuevo-renacer.com\/maria-oneill\/#primaryimage\",\"url\":\"https:\/\/nuevo-renacer.com\/wp-content\/uploads\/2025\/01\/images-1.jpg\",\"contentUrl\":\"https:\/\/nuevo-renacer.com\/wp-content\/uploads\/2025\/01\/images-1.jpg\"},{\"@type\":\"BreadcrumbList\",\"@id\":\"https:\/\/nuevo-renacer.com\/maria-oneill\/#breadcrumb\",\"itemListElement\":[{\"@type\":\"ListItem\",\"position\":1,\"name\":\"Startseite\",\"item\":\"https:\/\/nuevo-renacer.com\/\"},{\"@type\":\"ListItem\",\"position\":2,\"name\":\"Maria O\u00b4Neill\"}]},{\"@type\":\"WebSite\",\"@id\":\"https:\/\/nuevo-renacer.com\/#website\",\"url\":\"https:\/\/nuevo-renacer.com\/\",\"name\":\"Uni\u00f3n Esp\u00edrita\",\"description\":\"Nuevo Renacer\",\"publisher\":{\"@id\":\"https:\/\/nuevo-renacer.com\/#organization\"},\"potentialAction\":[{\"@type\":\"SearchAction\",\"target\":{\"@type\":\"EntryPoint\",\"urlTemplate\":\"https:\/\/nuevo-renacer.com\/?s={search_term_string}\"},\"query-input\":{\"@type\":\"PropertyValueSpecification\",\"valueRequired\":true,\"valueName\":\"search_term_string\"}}],\"inLanguage\":\"de\"},{\"@type\":\"Organization\",\"@id\":\"https:\/\/nuevo-renacer.com\/#organization\",\"name\":\"UFEC\",\"url\":\"https:\/\/nuevo-renacer.com\/\",\"logo\":{\"@type\":\"ImageObject\",\"inLanguage\":\"de\",\"@id\":\"https:\/\/nuevo-renacer.com\/#\/schema\/logo\/image\/\",\"url\":\"https:\/\/nuevo-renacer.com\/wp-content\/uploads\/2024\/05\/cropped-LOGO-TERMINADO1-3-3.png\",\"contentUrl\":\"https:\/\/nuevo-renacer.com\/wp-content\/uploads\/2024\/05\/cropped-LOGO-TERMINADO1-3-3.png\",\"width\":512,\"height\":512,\"caption\":\"UFEC\"},\"image\":{\"@id\":\"https:\/\/nuevo-renacer.com\/#\/schema\/logo\/image\/\"},\"sameAs\":[\"https:\/\/www.facebook.com\/groups\/3431398063740829\"]}]}<\/script>\n<!-- \/ Yoast SEO Premium plugin. -->","yoast_head_json":{"title":"Maria O\u00b4Neill - Uni\u00f3n Esp\u00edrita","robots":{"index":"index","follow":"follow","max-snippet":"max-snippet:-1","max-image-preview":"max-image-preview:large","max-video-preview":"max-video-preview:-1"},"canonical":"https:\/\/nuevo-renacer.com\/de\/maria-oneill\/","og_locale":"de_DE","og_type":"article","og_title":"Maria O\u00b4Neill","og_description":"Maria O\u00b4Neill Mar\u00eda O&#8217;Neill, escritora, se inici\u00f3 en la teosof\u00eda, interes\u00e1ndose posteriormente por el espiritismo, al que dedic\u00f3 hasta el final de sus d\u00edas una gran parte de su existencia. Particip\u00f3 en el I Congreso Esp\u00edrita Portugu\u00e9s y dio a la FEP la m\u00e1s dedicada colaboraci\u00f3n. Fue parte del cuerpo redactor de la revista Espiritismo, [&hellip;]","og_url":"https:\/\/nuevo-renacer.com\/de\/maria-oneill\/","og_site_name":"Uni\u00f3n Esp\u00edrita","article_publisher":"https:\/\/www.facebook.com\/groups\/3431398063740829","article_modified_time":"2025-01-22T10:26:09+00:00","og_image":[{"width":190,"height":217,"url":"https:\/\/nuevo-renacer.com\/wp-content\/uploads\/2025\/01\/images-1.jpg","type":"image\/jpeg"}],"twitter_card":"summary_large_image","twitter_misc":{"Gesch\u00e4tzte Lesezeit":"3\u00a0Minuten"},"schema":{"@context":"https:\/\/schema.org","@graph":[{"@type":"WebPage","@id":"https:\/\/nuevo-renacer.com\/maria-oneill\/","url":"https:\/\/nuevo-renacer.com\/maria-oneill\/","name":"Maria O\u00b4Neill - Uni\u00f3n Esp\u00edrita","isPartOf":{"@id":"https:\/\/nuevo-renacer.com\/#website"},"primaryImageOfPage":{"@id":"https:\/\/nuevo-renacer.com\/maria-oneill\/#primaryimage"},"image":{"@id":"https:\/\/nuevo-renacer.com\/maria-oneill\/#primaryimage"},"thumbnailUrl":"https:\/\/nuevo-renacer.com\/wp-content\/uploads\/2025\/01\/images-1.jpg","datePublished":"2025-01-22T09:29:16+00:00","dateModified":"2025-01-22T10:26:09+00:00","breadcrumb":{"@id":"https:\/\/nuevo-renacer.com\/maria-oneill\/#breadcrumb"},"inLanguage":"de","potentialAction":[{"@type":"ReadAction","target":["https:\/\/nuevo-renacer.com\/maria-oneill\/"]}]},{"@type":"ImageObject","inLanguage":"de","@id":"https:\/\/nuevo-renacer.com\/maria-oneill\/#primaryimage","url":"https:\/\/nuevo-renacer.com\/wp-content\/uploads\/2025\/01\/images-1.jpg","contentUrl":"https:\/\/nuevo-renacer.com\/wp-content\/uploads\/2025\/01\/images-1.jpg"},{"@type":"BreadcrumbList","@id":"https:\/\/nuevo-renacer.com\/maria-oneill\/#breadcrumb","itemListElement":[{"@type":"ListItem","position":1,"name":"Startseite","item":"https:\/\/nuevo-renacer.com\/"},{"@type":"ListItem","position":2,"name":"Maria O\u00b4Neill"}]},{"@type":"WebSite","@id":"https:\/\/nuevo-renacer.com\/#website","url":"https:\/\/nuevo-renacer.com\/","name":"Uni\u00f3n Esp\u00edrita","description":"Nuevo Renacer","publisher":{"@id":"https:\/\/nuevo-renacer.com\/#organization"},"potentialAction":[{"@type":"SearchAction","target":{"@type":"EntryPoint","urlTemplate":"https:\/\/nuevo-renacer.com\/?s={search_term_string}"},"query-input":{"@type":"PropertyValueSpecification","valueRequired":true,"valueName":"search_term_string"}}],"inLanguage":"de"},{"@type":"Organization","@id":"https:\/\/nuevo-renacer.com\/#organization","name":"UFEC","url":"https:\/\/nuevo-renacer.com\/","logo":{"@type":"ImageObject","inLanguage":"de","@id":"https:\/\/nuevo-renacer.com\/#\/schema\/logo\/image\/","url":"https:\/\/nuevo-renacer.com\/wp-content\/uploads\/2024\/05\/cropped-LOGO-TERMINADO1-3-3.png","contentUrl":"https:\/\/nuevo-renacer.com\/wp-content\/uploads\/2024\/05\/cropped-LOGO-TERMINADO1-3-3.png","width":512,"height":512,"caption":"UFEC"},"image":{"@id":"https:\/\/nuevo-renacer.com\/#\/schema\/logo\/image\/"},"sameAs":["https:\/\/www.facebook.com\/groups\/3431398063740829"]}]}},"uagb_featured_image_src":{"full":false,"thumbnail":false,"medium":false,"medium_large":false,"large":false,"1536x1536":false,"2048x2048":false,"trp-custom-language-flag":false},"uagb_author_info":{"display_name":"adbv0","author_link":"https:\/\/nuevo-renacer.com\/de\/author\/adbv0\/"},"uagb_comment_info":0,"uagb_excerpt":"Maria O\u00b4Neill Mar\u00eda O&#8217;Neill, escritora, se inici\u00f3 en la teosof\u00eda, interes\u00e1ndose posteriormente por el espiritismo, al que dedic\u00f3 hasta el final de sus d\u00edas una gran parte de su existencia. Particip\u00f3 en el I Congreso Esp\u00edrita Portugu\u00e9s y dio a la FEP la m\u00e1s dedicada colaboraci\u00f3n. Fue parte del cuerpo redactor de la revista Espiritismo,&hellip;","jetpack_sharing_enabled":true,"_links":{"self":[{"href":"https:\/\/nuevo-renacer.com\/de\/wp-json\/wp\/v2\/pages\/6848","targetHints":{"allow":["GET"]}}],"collection":[{"href":"https:\/\/nuevo-renacer.com\/de\/wp-json\/wp\/v2\/pages"}],"about":[{"href":"https:\/\/nuevo-renacer.com\/de\/wp-json\/wp\/v2\/types\/page"}],"author":[{"embeddable":true,"href":"https:\/\/nuevo-renacer.com\/de\/wp-json\/wp\/v2\/users\/1"}],"replies":[{"embeddable":true,"href":"https:\/\/nuevo-renacer.com\/de\/wp-json\/wp\/v2\/comments?post=6848"}],"version-history":[{"count":4,"href":"https:\/\/nuevo-renacer.com\/de\/wp-json\/wp\/v2\/pages\/6848\/revisions"}],"predecessor-version":[{"id":6856,"href":"https:\/\/nuevo-renacer.com\/de\/wp-json\/wp\/v2\/pages\/6848\/revisions\/6856"}],"wp:attachment":[{"href":"https:\/\/nuevo-renacer.com\/de\/wp-json\/wp\/v2\/media?parent=6848"}],"curies":[{"name":"wp","href":"https:\/\/api.w.org\/{rel}","templated":true}]}}