{"id":6739,"date":"2025-01-09T19:38:21","date_gmt":"2025-01-09T19:38:21","guid":{"rendered":"https:\/\/nuevo-renacer.com\/?page_id=6739"},"modified":"2025-01-09T20:06:13","modified_gmt":"2025-01-09T20:06:13","slug":"los-peligros-del-esoterismo-moderno","status":"publish","type":"page","link":"https:\/\/nuevo-renacer.com\/de\/los-peligros-del-esoterismo-moderno\/","title":{"rendered":"Los peligros del esoterismo moderno"},"content":{"rendered":"<div class=\"wp-block-uagb-container uagb-block-e2717492 alignfull uagb-is-root-container\"><div class=\"uagb-container-inner-blocks-wrap\">\n<p class=\"has-black-color has-text-color has-link-color has-medium-font-size wp-elements-c690243a72a5b5af796e48080904676c\"><strong>Die Gef\u00e4hrlichkeit der modernen Esoterik \u2013 Teil I<\/strong><\/p>\n<\/div><\/div>\n\n\n\n<div class=\"wp-block-uagb-container uagb-block-ccd3a797 alignfull uagb-is-root-container\"><div class=\"uagb-container-inner-blocks-wrap\">\n<figure class=\"wp-block-image size-full is-resized\"><img fetchpriority=\"high\" decoding=\"async\" width=\"626\" height=\"417\" src=\"https:\/\/nuevo-renacer.com\/wp-content\/uploads\/2025\/01\/flache-illustration-des-esoterik-emblems_250484-3172.avif\" alt=\"\" class=\"wp-image-6740\" style=\"width:416px;height:auto\"\/><\/figure>\n<\/div><\/div>\n\n\n\n<div class=\"wp-block-uagb-container uagb-block-ec79e5e5 alignfull uagb-is-root-container\"><div class=\"uagb-container-inner-blocks-wrap\">\n<p class=\"has-black-color has-text-color has-link-color has-small-font-size wp-elements-8feb280c80b08fa4143869abd891fd04\">Liebe Br\u00fcder und Schwestern,<\/p>\n\n\n\n<p class=\"has-black-color has-text-color has-link-color has-small-font-size wp-elements-86cd4e43939ab34d4d875fb09c1c3abf\">wir m\u00f6chten zu euch \u00fcber die moderne Esoterik sprechen, deren Wurzeln immer weitere Triebe schlagen und deren Entwicklung und rasante Ausbreitung wir mit Sorge betrachten. Diese mag zwar harmlos f\u00fcr euch erscheinen, aber in Wahrheit ist die moderne Esoterik ein l\u00fcgenhafter Wolf im Schafspelz, ein sich auswucherndes Krebsgeschw\u00fcr f\u00fcr die menschliche Psyche. Es ist das heimt\u00fcckische Werkzeug des B\u00f6sen, das im vorget\u00e4uschtem Gewande der Unschuld und Liebe und mit s\u00fc\u00dfen L\u00fcgen und falschen Versprechen danach trachtet, die Seelen der unwissend Unschuldigen, in den schillernden Schleier der Verblendung einzuh\u00fcllen. Denn damit wird diesen armen Seelen der Blick auf die wirklichen g\u00f6ttlichen Wahrheiten versperrt und somit der Weg zur Erl\u00f6sung erheblich erschwert. Doch nicht nur diese armen Seelen selbst sind von diesen schadhaften Ausw\u00fcchsen betroffen.<\/p>\n\n\n\n<p class=\"has-black-color has-text-color has-link-color has-small-font-size wp-elements-fda6bae3bfb302d55dd97fcfdd6dcf9d\">Die Botschaften der verschiedenen Str\u00f6mungen der modernen Esoterik sind so perfide in ihrer steten Betonung von Licht und Liebe und der strikten Verleugnung der Existenz des Negativen, dass die armen Seelen, in ihrer gesteigerten Sehnsucht nach einer heilen Welt im Reich des Chaos, glauben, die auserw\u00e4hlten \"Krieger des Lichtes \" zu sein. In Wirklichkeit jedoch werden sie unwissentlich zu den verl\u00e4ngerten irdischen Armen der niederen Truggeister, die sie geschickt zu lenken wissen. Berauscht und s\u00fcchtig nach dem giftig-s\u00fc\u00dfen Trank aus dem Becher der Illusionen, klammern sie sich an ihrer Droge aus dem Reich des Zwielichts. Doch wehe wehe, die Erkenntnis wird bitter und der Entzug voller Schmerzen. Und niemand wird sich dem auf Dauer entziehen k\u00f6nnen.<\/p>\n\n\n\n<p class=\"has-black-color has-text-color has-link-color has-small-font-size wp-elements-48d8b59491166cc1c9cd919fa7fdbb6e\">So h\u00f6rt, Br\u00fcder und Schwestern, die ihr euch auf der wahren Pilgerschaft befindet, handelt weise. Glaubt nicht ungefiltert jedem sch\u00f6nen Wort, das euch nach dem Munde und nach eurer Sehnsucht redet. Eine solche Botschaft kann niemals von einem tugendhaften h\u00f6heren Geistwesen stammen. Nur die niederen Geistwesen um zu schmeicheln ihre Opfer. Wisset, die Natur der Wahrheit ist n\u00fcchtern, aber klar und durchdrungen von Logik. F\u00fcr die Unwissenden und sich gegen sie Verwehrenden ist sie wie bittere Medizin, die zun\u00e4chst im Magen grimmt, aber sich nach einer Weile in den sch\u00f6nsten wohl tuenden Balsam verwandelt, die allein Heilung bringt.<\/p>\n\n\n\n<p class=\"has-black-color has-text-color has-link-color has-small-font-size wp-elements-7b598d8e4144a3210db49ec9661ac335\">Darum unser dringender Appell an euch. Gott gab seinen Kindern eine m\u00e4chtige Waffe f\u00fcr den Kampf und zum Schutz gegen Lug und Betrug zur Hand: den Verstand. Lasst diesen nicht vor lauter (Schein-) Heiligkeit verkommen. Setzt ihn ein wie ein scharfes Schwert. Glaubt nicht, dass der Himmel von euch blinden Glauben verlangt. Im Gegenteil, ihr sollt pr\u00fcfen, selbst erfahren und verstehen. Nur auf diese Weise werdet ihr erkennen und zur Erl\u00f6sung gelangen.<\/p>\n\n\n\n<p class=\"has-black-color has-text-color has-link-color has-small-font-size wp-elements-2b497fd1bd501c9728e6689ffd7a783d\">Daran, liebe Br\u00fcder und Schwestern, erkennt ihr die Wahrhaftigkeit des Spiritismus, der sich in seiner Einzigartigkeit von allen Religionen und Glaubenssystemen abhebt. Der Spiritismus betont die Verquickung von Glaube und Wissenschaft. Und in der Tat will der Spiritismus Wissen schaffen. Seit ihr also bestrebt, wahre Spiritisten und Gralssucher zu seien, die die g\u00f6ttliche Wahrheit mehr lieben als den schmeichelnden Schein, sei euch geraten, nehmt ein Beispiel an gro\u00dfen Gesandten des Spiritismus Allan Kardec h\u00f6chst selbst. In tiefer Liebe und Vetrauen zu unserem himmlischen Vater n ahm er in Demut die ihm gegebene heilige Mammutaufgabe an, in aller gebotenen Wissenschaftlichkeit, die Spreu vom Weizen und die Botschaften der reinsten Geister von der Morast der Lug- und Truggeister zu trennen.<\/p>\n\n\n\n<p class=\"has-black-color has-text-color has-link-color has-small-font-size wp-elements-2e5f93eb91e87a217909a0c440b09caf\">Folget diesem Beispiel und eurem Weg nach Hause, unserer aller geistigen Heimat bei Gott unserem Vater, wird nichts mehr im Wege stehen.<\/p>\n<\/div><\/div>\n\n\n\n<div class=\"wp-block-uagb-container uagb-block-dfce93cb alignfull uagb-is-root-container\"><div class=\"uagb-container-inner-blocks-wrap\"><\/div><\/div>\n\n\n\n<div class=\"wp-block-uagb-container uagb-block-a4dc0e7a alignfull uagb-is-root-container\"><div class=\"uagb-container-inner-blocks-wrap\">\n<p class=\"has-black-color has-text-color has-link-color wp-elements-5fde71f742af771f8f7fe0d7d6b1aef6\"><em>Psychographiert durch das Medium Daniela M.<\/em><\/p>\n<\/div><\/div>\n\n\n\n<div class=\"wp-block-uagb-container uagb-block-8d710895 alignfull uagb-is-root-container\"><div class=\"uagb-container-inner-blocks-wrap\"><\/div><\/div>\n\n\n\n<div class=\"wp-block-uagb-container uagb-block-1dafb94d alignfull uagb-is-root-container\"><div class=\"uagb-container-inner-blocks-wrap\"><\/div><\/div>","protected":false},"excerpt":{"rendered":"<p>Los peligros del esoterismo moderno &#8211; Parte I Queridos hermanos y hermanas, nos gustar\u00eda hablaros del esoterismo moderno, cuyas ra\u00edces se est\u00e1n extendiendo cada vez m\u00e1s y cuyo desarrollo y r\u00e1pida propagaci\u00f3n vemos con preocupaci\u00f3n. Puede parecerles inofensivo, pero la verdad es que el esoterismo moderno es un lobo mentiroso con piel de cordero, un [&hellip;]<\/p>","protected":false},"author":1,"featured_media":0,"parent":0,"menu_order":0,"comment_status":"closed","ping_status":"closed","template":"","meta":{"_uag_custom_page_level_css":"","site-sidebar-layout":"default","site-content-layout":"","ast-site-content-layout":"default","site-content-style":"default","site-sidebar-style":"default","ast-global-header-display":"","ast-banner-title-visibility":"","ast-main-header-display":"","ast-hfb-above-header-display":"","ast-hfb-below-header-display":"","ast-hfb-mobile-header-display":"","site-post-title":"disabled","ast-breadcrumbs-content":"","ast-featured-img":"","footer-sml-layout":"","theme-transparent-header-meta":"","adv-header-id-meta":"","stick-header-meta":"","header-above-stick-meta":"","header-main-stick-meta":"","header-below-stick-meta":"","astra-migrate-meta-layouts":"set","ast-page-background-enabled":"default","ast-page-background-meta":{"desktop":{"background-color":"var(--ast-global-color-4)","background-image":"","background-repeat":"repeat","background-position":"center center","background-size":"auto","background-attachment":"scroll","background-type":"","background-media":"","overlay-type":"","overlay-color":"","overlay-opacity":"","overlay-gradient":""},"tablet":{"background-color":"","background-image":"","background-repeat":"repeat","background-position":"center center","background-size":"auto","background-attachment":"scroll","background-type":"","background-media":"","overlay-type":"","overlay-color":"","overlay-opacity":"","overlay-gradient":""},"mobile":{"background-color":"","background-image":"","background-repeat":"repeat","background-position":"center center","background-size":"auto","background-attachment":"scroll","background-type":"","background-media":"","overlay-type":"","overlay-color":"","overlay-opacity":"","overlay-gradient":""}},"ast-content-background-meta":{"desktop":{"background-color":"var(--ast-global-color-5)","background-image":"","background-repeat":"repeat","background-position":"center center","background-size":"auto","background-attachment":"scroll","background-type":"","background-media":"","overlay-type":"","overlay-color":"","overlay-opacity":"","overlay-gradient":""},"tablet":{"background-color":"var(--ast-global-color-5)","background-image":"","background-repeat":"repeat","background-position":"center center","background-size":"auto","background-attachment":"scroll","background-type":"","background-media":"","overlay-type":"","overlay-color":"","overlay-opacity":"","overlay-gradient":""},"mobile":{"background-color":"var(--ast-global-color-5)","background-image":"","background-repeat":"repeat","background-position":"center center","background-size":"auto","background-attachment":"scroll","background-type":"","background-media":"","overlay-type":"","overlay-color":"","overlay-opacity":"","overlay-gradient":""}},"footnotes":""},"class_list":["post-6739","page","type-page","status-publish","hentry"],"yoast_head":"<!-- This site is optimized with the Yoast SEO Premium plugin v24.2 (Yoast SEO v24.6) - https:\/\/yoast.com\/wordpress\/plugins\/seo\/ -->\n<title>Los peligros del esoterismo moderno - Uni\u00f3n Esp\u00edrita<\/title>\n<meta name=\"robots\" content=\"index, follow, max-snippet:-1, max-image-preview:large, max-video-preview:-1\" \/>\n<link rel=\"canonical\" href=\"https:\/\/nuevo-renacer.com\/de\/los-peligros-del-esoterismo-moderno\/\" \/>\n<meta property=\"og:locale\" content=\"de_DE\" \/>\n<meta property=\"og:type\" content=\"article\" \/>\n<meta property=\"og:title\" content=\"Los peligros del esoterismo moderno\" \/>\n<meta property=\"og:description\" content=\"Los peligros del esoterismo moderno &#8211; Parte I Queridos hermanos y hermanas, nos gustar\u00eda hablaros del esoterismo moderno, cuyas ra\u00edces se est\u00e1n extendiendo cada vez m\u00e1s y cuyo desarrollo y r\u00e1pida propagaci\u00f3n vemos con preocupaci\u00f3n. Puede parecerles inofensivo, pero la verdad es que el esoterismo moderno es un lobo mentiroso con piel de cordero, un [&hellip;]\" \/>\n<meta property=\"og:url\" content=\"https:\/\/nuevo-renacer.com\/de\/los-peligros-del-esoterismo-moderno\/\" \/>\n<meta property=\"og:site_name\" content=\"Uni\u00f3n Esp\u00edrita\" \/>\n<meta property=\"article:publisher\" content=\"https:\/\/www.facebook.com\/groups\/3431398063740829\" \/>\n<meta property=\"article:modified_time\" content=\"2025-01-09T20:06:13+00:00\" \/>\n<meta name=\"twitter:card\" content=\"summary_large_image\" \/>\n<meta name=\"twitter:label1\" content=\"Gesch\u00e4tzte Lesezeit\" \/>\n\t<meta name=\"twitter:data1\" content=\"3\u00a0Minuten\" \/>\n<script type=\"application\/ld+json\" class=\"yoast-schema-graph\">{\"@context\":\"https:\/\/schema.org\",\"@graph\":[{\"@type\":\"WebPage\",\"@id\":\"https:\/\/nuevo-renacer.com\/los-peligros-del-esoterismo-moderno\/\",\"url\":\"https:\/\/nuevo-renacer.com\/los-peligros-del-esoterismo-moderno\/\",\"name\":\"Los peligros del esoterismo moderno - Uni\u00f3n Esp\u00edrita\",\"isPartOf\":{\"@id\":\"https:\/\/nuevo-renacer.com\/#website\"},\"primaryImageOfPage\":{\"@id\":\"https:\/\/nuevo-renacer.com\/los-peligros-del-esoterismo-moderno\/#primaryimage\"},\"image\":{\"@id\":\"https:\/\/nuevo-renacer.com\/los-peligros-del-esoterismo-moderno\/#primaryimage\"},\"thumbnailUrl\":\"https:\/\/nuevo-renacer.com\/wp-content\/uploads\/2025\/01\/flache-illustration-des-esoterik-emblems_250484-3172.avif\",\"datePublished\":\"2025-01-09T19:38:21+00:00\",\"dateModified\":\"2025-01-09T20:06:13+00:00\",\"breadcrumb\":{\"@id\":\"https:\/\/nuevo-renacer.com\/los-peligros-del-esoterismo-moderno\/#breadcrumb\"},\"inLanguage\":\"de\",\"potentialAction\":[{\"@type\":\"ReadAction\",\"target\":[\"https:\/\/nuevo-renacer.com\/los-peligros-del-esoterismo-moderno\/\"]}]},{\"@type\":\"ImageObject\",\"inLanguage\":\"de\",\"@id\":\"https:\/\/nuevo-renacer.com\/los-peligros-del-esoterismo-moderno\/#primaryimage\",\"url\":\"https:\/\/nuevo-renacer.com\/wp-content\/uploads\/2025\/01\/flache-illustration-des-esoterik-emblems_250484-3172.avif\",\"contentUrl\":\"https:\/\/nuevo-renacer.com\/wp-content\/uploads\/2025\/01\/flache-illustration-des-esoterik-emblems_250484-3172.avif\"},{\"@type\":\"BreadcrumbList\",\"@id\":\"https:\/\/nuevo-renacer.com\/los-peligros-del-esoterismo-moderno\/#breadcrumb\",\"itemListElement\":[{\"@type\":\"ListItem\",\"position\":1,\"name\":\"Startseite\",\"item\":\"https:\/\/nuevo-renacer.com\/\"},{\"@type\":\"ListItem\",\"position\":2,\"name\":\"Los peligros del esoterismo moderno\"}]},{\"@type\":\"WebSite\",\"@id\":\"https:\/\/nuevo-renacer.com\/#website\",\"url\":\"https:\/\/nuevo-renacer.com\/\",\"name\":\"Uni\u00f3n Esp\u00edrita\",\"description\":\"Nuevo Renacer\",\"publisher\":{\"@id\":\"https:\/\/nuevo-renacer.com\/#organization\"},\"potentialAction\":[{\"@type\":\"SearchAction\",\"target\":{\"@type\":\"EntryPoint\",\"urlTemplate\":\"https:\/\/nuevo-renacer.com\/?s={search_term_string}\"},\"query-input\":{\"@type\":\"PropertyValueSpecification\",\"valueRequired\":true,\"valueName\":\"search_term_string\"}}],\"inLanguage\":\"de\"},{\"@type\":\"Organization\",\"@id\":\"https:\/\/nuevo-renacer.com\/#organization\",\"name\":\"UFEC\",\"url\":\"https:\/\/nuevo-renacer.com\/\",\"logo\":{\"@type\":\"ImageObject\",\"inLanguage\":\"de\",\"@id\":\"https:\/\/nuevo-renacer.com\/#\/schema\/logo\/image\/\",\"url\":\"https:\/\/nuevo-renacer.com\/wp-content\/uploads\/2024\/05\/cropped-LOGO-TERMINADO1-3-3.png\",\"contentUrl\":\"https:\/\/nuevo-renacer.com\/wp-content\/uploads\/2024\/05\/cropped-LOGO-TERMINADO1-3-3.png\",\"width\":512,\"height\":512,\"caption\":\"UFEC\"},\"image\":{\"@id\":\"https:\/\/nuevo-renacer.com\/#\/schema\/logo\/image\/\"},\"sameAs\":[\"https:\/\/www.facebook.com\/groups\/3431398063740829\"]}]}<\/script>\n<!-- \/ Yoast SEO Premium plugin. -->","yoast_head_json":{"title":"Los peligros del esoterismo moderno - Uni\u00f3n Esp\u00edrita","robots":{"index":"index","follow":"follow","max-snippet":"max-snippet:-1","max-image-preview":"max-image-preview:large","max-video-preview":"max-video-preview:-1"},"canonical":"https:\/\/nuevo-renacer.com\/de\/los-peligros-del-esoterismo-moderno\/","og_locale":"de_DE","og_type":"article","og_title":"Los peligros del esoterismo moderno","og_description":"Los peligros del esoterismo moderno &#8211; Parte I Queridos hermanos y hermanas, nos gustar\u00eda hablaros del esoterismo moderno, cuyas ra\u00edces se est\u00e1n extendiendo cada vez m\u00e1s y cuyo desarrollo y r\u00e1pida propagaci\u00f3n vemos con preocupaci\u00f3n. Puede parecerles inofensivo, pero la verdad es que el esoterismo moderno es un lobo mentiroso con piel de cordero, un [&hellip;]","og_url":"https:\/\/nuevo-renacer.com\/de\/los-peligros-del-esoterismo-moderno\/","og_site_name":"Uni\u00f3n Esp\u00edrita","article_publisher":"https:\/\/www.facebook.com\/groups\/3431398063740829","article_modified_time":"2025-01-09T20:06:13+00:00","twitter_card":"summary_large_image","twitter_misc":{"Gesch\u00e4tzte Lesezeit":"3\u00a0Minuten"},"schema":{"@context":"https:\/\/schema.org","@graph":[{"@type":"WebPage","@id":"https:\/\/nuevo-renacer.com\/los-peligros-del-esoterismo-moderno\/","url":"https:\/\/nuevo-renacer.com\/los-peligros-del-esoterismo-moderno\/","name":"Los peligros del esoterismo moderno - Uni\u00f3n Esp\u00edrita","isPartOf":{"@id":"https:\/\/nuevo-renacer.com\/#website"},"primaryImageOfPage":{"@id":"https:\/\/nuevo-renacer.com\/los-peligros-del-esoterismo-moderno\/#primaryimage"},"image":{"@id":"https:\/\/nuevo-renacer.com\/los-peligros-del-esoterismo-moderno\/#primaryimage"},"thumbnailUrl":"https:\/\/nuevo-renacer.com\/wp-content\/uploads\/2025\/01\/flache-illustration-des-esoterik-emblems_250484-3172.avif","datePublished":"2025-01-09T19:38:21+00:00","dateModified":"2025-01-09T20:06:13+00:00","breadcrumb":{"@id":"https:\/\/nuevo-renacer.com\/los-peligros-del-esoterismo-moderno\/#breadcrumb"},"inLanguage":"de","potentialAction":[{"@type":"ReadAction","target":["https:\/\/nuevo-renacer.com\/los-peligros-del-esoterismo-moderno\/"]}]},{"@type":"ImageObject","inLanguage":"de","@id":"https:\/\/nuevo-renacer.com\/los-peligros-del-esoterismo-moderno\/#primaryimage","url":"https:\/\/nuevo-renacer.com\/wp-content\/uploads\/2025\/01\/flache-illustration-des-esoterik-emblems_250484-3172.avif","contentUrl":"https:\/\/nuevo-renacer.com\/wp-content\/uploads\/2025\/01\/flache-illustration-des-esoterik-emblems_250484-3172.avif"},{"@type":"BreadcrumbList","@id":"https:\/\/nuevo-renacer.com\/los-peligros-del-esoterismo-moderno\/#breadcrumb","itemListElement":[{"@type":"ListItem","position":1,"name":"Startseite","item":"https:\/\/nuevo-renacer.com\/"},{"@type":"ListItem","position":2,"name":"Los peligros del esoterismo moderno"}]},{"@type":"WebSite","@id":"https:\/\/nuevo-renacer.com\/#website","url":"https:\/\/nuevo-renacer.com\/","name":"Uni\u00f3n Esp\u00edrita","description":"Nuevo Renacer","publisher":{"@id":"https:\/\/nuevo-renacer.com\/#organization"},"potentialAction":[{"@type":"SearchAction","target":{"@type":"EntryPoint","urlTemplate":"https:\/\/nuevo-renacer.com\/?s={search_term_string}"},"query-input":{"@type":"PropertyValueSpecification","valueRequired":true,"valueName":"search_term_string"}}],"inLanguage":"de"},{"@type":"Organization","@id":"https:\/\/nuevo-renacer.com\/#organization","name":"UFEC","url":"https:\/\/nuevo-renacer.com\/","logo":{"@type":"ImageObject","inLanguage":"de","@id":"https:\/\/nuevo-renacer.com\/#\/schema\/logo\/image\/","url":"https:\/\/nuevo-renacer.com\/wp-content\/uploads\/2024\/05\/cropped-LOGO-TERMINADO1-3-3.png","contentUrl":"https:\/\/nuevo-renacer.com\/wp-content\/uploads\/2024\/05\/cropped-LOGO-TERMINADO1-3-3.png","width":512,"height":512,"caption":"UFEC"},"image":{"@id":"https:\/\/nuevo-renacer.com\/#\/schema\/logo\/image\/"},"sameAs":["https:\/\/www.facebook.com\/groups\/3431398063740829"]}]}},"uagb_featured_image_src":{"full":false,"thumbnail":false,"medium":false,"medium_large":false,"large":false,"1536x1536":false,"2048x2048":false,"trp-custom-language-flag":false},"uagb_author_info":{"display_name":"adbv0","author_link":"https:\/\/nuevo-renacer.com\/de\/author\/adbv0\/"},"uagb_comment_info":0,"uagb_excerpt":"Los peligros del esoterismo moderno &#8211; Parte I Queridos hermanos y hermanas, nos gustar\u00eda hablaros del esoterismo moderno, cuyas ra\u00edces se est\u00e1n extendiendo cada vez m\u00e1s y cuyo desarrollo y r\u00e1pida propagaci\u00f3n vemos con preocupaci\u00f3n. Puede parecerles inofensivo, pero la verdad es que el esoterismo moderno es un lobo mentiroso con piel de cordero, un&hellip;","jetpack_sharing_enabled":true,"_links":{"self":[{"href":"https:\/\/nuevo-renacer.com\/de\/wp-json\/wp\/v2\/pages\/6739","targetHints":{"allow":["GET"]}}],"collection":[{"href":"https:\/\/nuevo-renacer.com\/de\/wp-json\/wp\/v2\/pages"}],"about":[{"href":"https:\/\/nuevo-renacer.com\/de\/wp-json\/wp\/v2\/types\/page"}],"author":[{"embeddable":true,"href":"https:\/\/nuevo-renacer.com\/de\/wp-json\/wp\/v2\/users\/1"}],"replies":[{"embeddable":true,"href":"https:\/\/nuevo-renacer.com\/de\/wp-json\/wp\/v2\/comments?post=6739"}],"version-history":[{"count":4,"href":"https:\/\/nuevo-renacer.com\/de\/wp-json\/wp\/v2\/pages\/6739\/revisions"}],"predecessor-version":[{"id":6746,"href":"https:\/\/nuevo-renacer.com\/de\/wp-json\/wp\/v2\/pages\/6739\/revisions\/6746"}],"wp:attachment":[{"href":"https:\/\/nuevo-renacer.com\/de\/wp-json\/wp\/v2\/media?parent=6739"}],"curies":[{"name":"wp","href":"https:\/\/api.w.org\/{rel}","templated":true}]}}